{"id":1005659,"date":"2025-10-10T22:41:05","date_gmt":"2025-10-10T14:41:05","guid":{"rendered":"https:\/\/vavin.tw\/?post_type=product&#038;p=1005659"},"modified":"2025-11-14T00:42:48","modified_gmt":"2025-11-13T16:42:48","slug":"chateau-de-la-chaize-brouilly-combiliaty-2020","status":"publish","type":"product","link":"https:\/\/vavin.tw\/es\/product\/chateau-de-la-chaize-brouilly-combiliaty-2020\/","title":{"rendered":"Ch\u00e2teau de la Chaize \u2013 Brouilly Combiliaty 2020"},"content":{"rendered":"<div class=\"vgblk-rw-wrapper limit-wrapper\">\n<div class=\"wine-info\"><strong>Color:<\/strong> Tinto<br \/>\n<strong>Alcohol:<\/strong> 14% vol.<br \/>\n<strong>Variedad de uva:<\/strong> 100% Gamay<br \/>\n<strong>Tama\u00f1o de la botella:<\/strong> 75 cl<\/div>\n<hr \/>\n<div class=\"wine-section\">\n<h3>Historia de la bodega<\/h3>\n<p>Fundado en 1676, el Ch\u00e2teau de la Chaize es una finca hist\u00f3rica e ic\u00f3nica situada en Odenas, en el coraz\u00f3n de Beaujolais. Clasificado como Monumento Hist\u00f3rico de Francia, el castillo est\u00e1 rodeado de vi\u00f1edos excepcionales y jardines dise\u00f1ados por Andr\u00e9 Le N\u00f4tre. En la actualidad, la bodega est\u00e1 plenamente comprometida con la viticultura org\u00e1nica y sostenible, elaborando vinos elegantes y con identidad de terru\u00f1o que reflejan la diversidad y belleza de los crus de Beaujolais.<\/p>\n<hr \/>\n<\/div>\n<div class=\"wine-section\">\n<h3>Terru\u00f1o<\/h3>\n<p>Los vi\u00f1edos de Brouilly para la cuv\u00e9e Combiliaty se encuentran al pie del Mont Brouilly, donde los suelos est\u00e1n compuestos principalmente por granito rosa y rocas metam\u00f3rficas. Este terru\u00f1o ofrece un drenaje ideal y una mineralidad perfecta para que la uva Gamay alcance concentraci\u00f3n, pureza frutal y una estructura suave y redondeada caracter\u00edstica. Brouilly es conocido por ser uno de los crus m\u00e1s amables y accesibles del Beaujolais.<\/p>\n<hr \/>\n<\/div>\n<div class=\"wine-section\">\n<h3>Notas de cata<\/h3>\n<p>El Brouilly Combiliaty 2020 muestra un brillante color rub\u00ed con reflejos viol\u00e1ceos. En nariz, es intensamente atractivo, con aromas generosos de frambuesas maduras, cerezas, peon\u00edas y un sutil matiz mineral de piedra triturada. En boca, el vino es redondo, encantador y muy accesible, con taninos suaves y sedosos, sabores intensos de frutas rojas y un final liso y elegante. Un Brouilly encantador y delicado que resalta la generosidad frutal y la textura sedosa t\u00edpica de la denominaci\u00f3n \u2014 una expresi\u00f3n elegante y placentera del Gamay.<\/p>\n<hr \/>\n<\/div>\n<div class=\"wine-section\">\n<h3>Maridaje<\/h3>\n<p>Ideal para disfrutar con cocina francesa informal de bistr\u00f3, embutidos y pat\u00e9s, cerdo a la parrilla, carnes blancas, ensaladas ligeras de verano o quesos suaves como Camembert y Tomme de Savoie.<\/p>\n<\/div>\n<hr \/>\n<p>&nbsp;<\/p>\n<p><iframe title=\"Reproductor de video de YouTube\" src=\"https:\/\/www.youtube.com\/embed\/qnQflihfCLQ?si=f5qz4HC6aJoCxYhS\" width=\"560\" height=\"315\" frameborder=\"0\" allowfullscreen=\"allowfullscreen\"><\/iframe><\/div>\n<p><!-- .vgblk-rw-wrapper --><\/p>","protected":false},"excerpt":{"rendered":"<p data-start=\"0\" data-end=\"553\">Ch\u00e2teau de la Chaize\u2019s Brouilly Combiliaty 2020 is a graceful and approachable expression of Gamay, crafted from vineyards nestled at the foot of Mont Brouilly. Drawing from pink granite and metamorphic soils, this cuv\u00e9e captures the essence of its terroir\u2014supple, fruit-forward, and mineral-driven. With a winemaking tradition dating back to 1676, the historic estate continues to honor its roots through organic, sustainable practices and a deep respect for the land, producing wines that reflect the nuanced character of Beaujolais\u2019 diverse crus.<\/p>\n<p data-start=\"555\" data-end=\"1014\">In the glass, the 2020 vintage reveals a brilliant ruby hue with violet undertones. The nose is aromatic and expressive, offering ripe red berries, cherry blossom, and hints of peony, layered over a subtle minerality reminiscent of crushed stone. On the palate, it is round and silky, with soft tannins and juicy fruit that glide effortlessly into a smooth, elegant finish. The elevated alcohol adds depth without overpowering its natural freshness and charm. Ideal with casual French bistro cuisine, charcuterie and p\u00e2t\u00e9s, grilled pork, white meats, light summer salads or soft cheeses like Camembert and Tomme de Savoie.<\/p>","protected":false},"featured_media":1005661,"comment_status":"open","ping_status":"closed","template":"","meta":[],"product_brand":[],"product_cat":[169,63],"product_tag":[300,154],"class_list":{"0":"post-1005659","1":"product","2":"type-product","3":"status-publish","4":"has-post-thumbnail","6":"product_cat-beaujolais","7":"product_cat-red","8":"product_tag-cote-de-brouilly","9":"product_tag-gamay","11":"first","12":"instock","13":"shipping-taxable","14":"product-type-simple"},"yoast_head":"<!-- This site is optimized with the Yoast SEO Premium plugin v27.2 (Yoast SEO v27.3) - https:\/\/yoast.com\/product\/yoast-seo-premium-wordpress\/ -->\n<title>Ch\u00e2teau de la Chaize \u2013 Brouilly Combiliaty 2020 - Vavin \u9152\u76d2\u5b50<\/title>\n<meta name=\"description\" content=\"Elegant C\u00f4te de Brouilly 2021 from Ch\u00e2teau de la Chaize, 100% Gamay. Vibrant red fruits, floral notes, and mineral freshness\" \/>\n<meta name=\"robots\" content=\"index, follow, max-snippet:-1, max-image-preview:large, max-video-preview:-1\" \/>\n<link rel=\"canonical\" href=\"https:\/\/vavin.tw\/es\/producto\/chateau-de-la-chaize-brouilly-combiliaty-2020\/\" \/>\n<meta property=\"og:locale\" content=\"es_ES\" \/>\n<meta property=\"og:type\" content=\"article\" \/>\n<meta property=\"og:title\" content=\"Ch\u00e2teau de la Chaize \u2013 Brouilly Combiliaty 2020\" \/>\n<meta property=\"og:description\" content=\"Elegant C\u00f4te de Brouilly 2021 from Ch\u00e2teau de la Chaize, 100% Gamay. Vibrant red fruits, floral notes, and mineral freshness\" \/>\n<meta property=\"og:url\" content=\"https:\/\/vavin.tw\/es\/producto\/chateau-de-la-chaize-brouilly-combiliaty-2020\/\" \/>\n<meta property=\"og:site_name\" content=\"Vavin \u9152\u76d2\u5b50\" \/>\n<meta property=\"article:publisher\" content=\"https:\/\/www.facebook.com\/vavintw\" \/>\n<meta property=\"article:modified_time\" content=\"2025-11-13T16:42:48+00:00\" \/>\n<meta property=\"og:image\" content=\"https:\/\/vavin.tw\/wp-content\/uploads\/2025\/10\/Chateau-de-la-Chaize-\u2013-Brouilly-Combiliaty-2020.png\" \/>\n\t<meta property=\"og:image:width\" content=\"400\" \/>\n\t<meta property=\"og:image:height\" content=\"600\" \/>\n\t<meta property=\"og:image:type\" content=\"image\/png\" \/>\n<meta name=\"twitter:card\" content=\"summary_large_image\" \/>\n<meta name=\"twitter:label1\" content=\"Tiempo de lectura\" \/>\n\t<meta name=\"twitter:data1\" content=\"2 minutos\" \/>\n<script type=\"application\/ld+json\" class=\"yoast-schema-graph\">{\"@context\":\"https:\\\/\\\/schema.org\",\"@graph\":[{\"@type\":\"WebPage\",\"@id\":\"https:\\\/\\\/vavin.tw\\\/product\\\/chateau-de-la-chaize-brouilly-combiliaty-2020\\\/\",\"url\":\"https:\\\/\\\/vavin.tw\\\/product\\\/chateau-de-la-chaize-brouilly-combiliaty-2020\\\/\",\"name\":\"Ch\u00e2teau de la Chaize \u2013 Brouilly Combiliaty 2020 - Vavin \u9152\u76d2\u5b50\",\"isPartOf\":{\"@id\":\"https:\\\/\\\/vavin.tw\\\/#website\"},\"primaryImageOfPage\":{\"@id\":\"https:\\\/\\\/vavin.tw\\\/product\\\/chateau-de-la-chaize-brouilly-combiliaty-2020\\\/#primaryimage\"},\"image\":{\"@id\":\"https:\\\/\\\/vavin.tw\\\/product\\\/chateau-de-la-chaize-brouilly-combiliaty-2020\\\/#primaryimage\"},\"thumbnailUrl\":\"https:\\\/\\\/vavin.tw\\\/wp-content\\\/uploads\\\/2025\\\/10\\\/Chateau-de-la-Chaize-\u2013-Brouilly-Combiliaty-2020.png\",\"datePublished\":\"2025-10-10T14:41:05+00:00\",\"dateModified\":\"2025-11-13T16:42:48+00:00\",\"description\":\"Elegant C\u00f4te de Brouilly 2021 from Ch\u00e2teau de la Chaize, 100% Gamay. Vibrant red fruits, floral notes, and mineral freshness\",\"breadcrumb\":{\"@id\":\"https:\\\/\\\/vavin.tw\\\/product\\\/chateau-de-la-chaize-brouilly-combiliaty-2020\\\/#breadcrumb\"},\"inLanguage\":\"es\",\"potentialAction\":[{\"@type\":\"ReadAction\",\"target\":[\"https:\\\/\\\/vavin.tw\\\/product\\\/chateau-de-la-chaize-brouilly-combiliaty-2020\\\/\"]}]},{\"@type\":\"ImageObject\",\"inLanguage\":\"es\",\"@id\":\"https:\\\/\\\/vavin.tw\\\/product\\\/chateau-de-la-chaize-brouilly-combiliaty-2020\\\/#primaryimage\",\"url\":\"https:\\\/\\\/vavin.tw\\\/wp-content\\\/uploads\\\/2025\\\/10\\\/Chateau-de-la-Chaize-\u2013-Brouilly-Combiliaty-2020.png\",\"contentUrl\":\"https:\\\/\\\/vavin.tw\\\/wp-content\\\/uploads\\\/2025\\\/10\\\/Chateau-de-la-Chaize-\u2013-Brouilly-Combiliaty-2020.png\",\"width\":400,\"height\":600},{\"@type\":\"BreadcrumbList\",\"@id\":\"https:\\\/\\\/vavin.tw\\\/product\\\/chateau-de-la-chaize-brouilly-combiliaty-2020\\\/#breadcrumb\",\"itemListElement\":[{\"@type\":\"ListItem\",\"position\":1,\"name\":\"Home\",\"item\":\"https:\\\/\\\/vavin.tw\\\/\"},{\"@type\":\"ListItem\",\"position\":2,\"name\":\"Products\",\"item\":\"https:\\\/\\\/vavin.tw\\\/shop\\\/\"},{\"@type\":\"ListItem\",\"position\":3,\"name\":\"Ch\u00e2teau de la Chaize \u2013 Brouilly Combiliaty 2020\"}]},{\"@type\":\"WebSite\",\"@id\":\"https:\\\/\\\/vavin.tw\\\/#website\",\"url\":\"https:\\\/\\\/vavin.tw\\\/\",\"name\":\"Vavin \u9152\u76d2\u5b50\",\"description\":\"Savor the Art of Wine\",\"publisher\":{\"@id\":\"https:\\\/\\\/vavin.tw\\\/#organization\"},\"potentialAction\":[{\"@type\":\"SearchAction\",\"target\":{\"@type\":\"EntryPoint\",\"urlTemplate\":\"https:\\\/\\\/vavin.tw\\\/?s={search_term_string}\"},\"query-input\":{\"@type\":\"PropertyValueSpecification\",\"valueRequired\":true,\"valueName\":\"search_term_string\"}}],\"inLanguage\":\"es\"},{\"@type\":\"Organization\",\"@id\":\"https:\\\/\\\/vavin.tw\\\/#organization\",\"name\":\"Vavin \u9152\u76d2\u5b50\",\"url\":\"https:\\\/\\\/vavin.tw\\\/\",\"logo\":{\"@type\":\"ImageObject\",\"inLanguage\":\"es\",\"@id\":\"https:\\\/\\\/vavin.tw\\\/#\\\/schema\\\/logo\\\/image\\\/\",\"url\":\"https:\\\/\\\/vavin.tw\\\/wp-content\\\/uploads\\\/2023\\\/03\\\/cropped-favicon-violet-v1.png\",\"contentUrl\":\"https:\\\/\\\/vavin.tw\\\/wp-content\\\/uploads\\\/2023\\\/03\\\/cropped-favicon-violet-v1.png\",\"width\":512,\"height\":512,\"caption\":\"Vavin \u9152\u76d2\u5b50\"},\"image\":{\"@id\":\"https:\\\/\\\/vavin.tw\\\/#\\\/schema\\\/logo\\\/image\\\/\"},\"sameAs\":[\"https:\\\/\\\/www.facebook.com\\\/vavintw\",\"https:\\\/\\\/www.instagram.com\\\/vavin_tw\"]}]}<\/script>\n<!-- \/ Yoast SEO Premium plugin. -->","yoast_head_json":{"title":"Ch\u00e2teau de la Chaize \u2013 Brouilly Combiliaty 2020 - Vavin \u9152\u76d2\u5b50","description":"Elegante C\u00f4te de Brouilly 2021 de Ch\u00e2teau de la Chaize, 100% Gamay. Frutas rojas vibrantes, notas florales y frescura mineral.","robots":{"index":"index","follow":"follow","max-snippet":"max-snippet:-1","max-image-preview":"max-image-preview:large","max-video-preview":"max-video-preview:-1"},"canonical":"https:\/\/vavin.tw\/es\/producto\/chateau-de-la-chaize-brouilly-combiliaty-2020\/","og_locale":"es_ES","og_type":"article","og_title":"Ch\u00e2teau de la Chaize \u2013 Brouilly Combiliaty 2020","og_description":"Elegant C\u00f4te de Brouilly 2021 from Ch\u00e2teau de la Chaize, 100% Gamay. Vibrant red fruits, floral notes, and mineral freshness","og_url":"https:\/\/vavin.tw\/es\/producto\/chateau-de-la-chaize-brouilly-combiliaty-2020\/","og_site_name":"Vavin \u9152\u76d2\u5b50","article_publisher":"https:\/\/www.facebook.com\/vavintw","article_modified_time":"2025-11-13T16:42:48+00:00","og_image":[{"width":400,"height":600,"url":"https:\/\/vavin.tw\/wp-content\/uploads\/2025\/10\/Chateau-de-la-Chaize-\u2013-Brouilly-Combiliaty-2020.png","type":"image\/png"}],"twitter_card":"summary_large_image","twitter_misc":{"Tiempo de lectura":"2 minutos"},"schema":{"@context":"https:\/\/schema.org","@graph":[{"@type":"WebPage","@id":"https:\/\/vavin.tw\/product\/chateau-de-la-chaize-brouilly-combiliaty-2020\/","url":"https:\/\/vavin.tw\/product\/chateau-de-la-chaize-brouilly-combiliaty-2020\/","name":"Ch\u00e2teau de la Chaize \u2013 Brouilly Combiliaty 2020 - Vavin \u9152\u76d2\u5b50","isPartOf":{"@id":"https:\/\/vavin.tw\/#website"},"primaryImageOfPage":{"@id":"https:\/\/vavin.tw\/product\/chateau-de-la-chaize-brouilly-combiliaty-2020\/#primaryimage"},"image":{"@id":"https:\/\/vavin.tw\/product\/chateau-de-la-chaize-brouilly-combiliaty-2020\/#primaryimage"},"thumbnailUrl":"https:\/\/vavin.tw\/wp-content\/uploads\/2025\/10\/Chateau-de-la-Chaize-\u2013-Brouilly-Combiliaty-2020.png","datePublished":"2025-10-10T14:41:05+00:00","dateModified":"2025-11-13T16:42:48+00:00","description":"Elegante C\u00f4te de Brouilly 2021 de Ch\u00e2teau de la Chaize, 100% Gamay. Frutas rojas vibrantes, notas florales y frescura mineral.","breadcrumb":{"@id":"https:\/\/vavin.tw\/product\/chateau-de-la-chaize-brouilly-combiliaty-2020\/#breadcrumb"},"inLanguage":"es","potentialAction":[{"@type":"ReadAction","target":["https:\/\/vavin.tw\/product\/chateau-de-la-chaize-brouilly-combiliaty-2020\/"]}]},{"@type":"ImageObject","inLanguage":"es","@id":"https:\/\/vavin.tw\/product\/chateau-de-la-chaize-brouilly-combiliaty-2020\/#primaryimage","url":"https:\/\/vavin.tw\/wp-content\/uploads\/2025\/10\/Chateau-de-la-Chaize-\u2013-Brouilly-Combiliaty-2020.png","contentUrl":"https:\/\/vavin.tw\/wp-content\/uploads\/2025\/10\/Chateau-de-la-Chaize-\u2013-Brouilly-Combiliaty-2020.png","width":400,"height":600},{"@type":"BreadcrumbList","@id":"https:\/\/vavin.tw\/product\/chateau-de-la-chaize-brouilly-combiliaty-2020\/#breadcrumb","itemListElement":[{"@type":"ListItem","position":1,"name":"Home","item":"https:\/\/vavin.tw\/"},{"@type":"ListItem","position":2,"name":"Products","item":"https:\/\/vavin.tw\/shop\/"},{"@type":"ListItem","position":3,"name":"Ch\u00e2teau de la Chaize \u2013 Brouilly Combiliaty 2020"}]},{"@type":"WebSite","@id":"https:\/\/vavin.tw\/#website","url":"https:\/\/vavin.tw\/","name":"Vavin","description":"Saborea el arte del vino","publisher":{"@id":"https:\/\/vavin.tw\/#organization"},"potentialAction":[{"@type":"SearchAction","target":{"@type":"EntryPoint","urlTemplate":"https:\/\/vavin.tw\/?s={search_term_string}"},"query-input":{"@type":"PropertyValueSpecification","valueRequired":true,"valueName":"search_term_string"}}],"inLanguage":"es"},{"@type":"Organization","@id":"https:\/\/vavin.tw\/#organization","name":"Vavin","url":"https:\/\/vavin.tw\/","logo":{"@type":"ImageObject","inLanguage":"es","@id":"https:\/\/vavin.tw\/#\/schema\/logo\/image\/","url":"https:\/\/vavin.tw\/wp-content\/uploads\/2023\/03\/cropped-favicon-violet-v1.png","contentUrl":"https:\/\/vavin.tw\/wp-content\/uploads\/2023\/03\/cropped-favicon-violet-v1.png","width":512,"height":512,"caption":"Vavin \u9152\u76d2\u5b50"},"image":{"@id":"https:\/\/vavin.tw\/#\/schema\/logo\/image\/"},"sameAs":["https:\/\/www.facebook.com\/vavintw","https:\/\/www.instagram.com\/vavin_tw"]}]}},"_links":{"self":[{"href":"https:\/\/vavin.tw\/es\/wp-json\/wp\/v2\/product\/1005659","targetHints":{"allow":["GET"]}}],"collection":[{"href":"https:\/\/vavin.tw\/es\/wp-json\/wp\/v2\/product"}],"about":[{"href":"https:\/\/vavin.tw\/es\/wp-json\/wp\/v2\/types\/product"}],"replies":[{"embeddable":true,"href":"https:\/\/vavin.tw\/es\/wp-json\/wp\/v2\/comments?post=1005659"}],"version-history":[{"count":3,"href":"https:\/\/vavin.tw\/es\/wp-json\/wp\/v2\/product\/1005659\/revisions"}],"predecessor-version":[{"id":1006004,"href":"https:\/\/vavin.tw\/es\/wp-json\/wp\/v2\/product\/1005659\/revisions\/1006004"}],"wp:featuredmedia":[{"embeddable":true,"href":"https:\/\/vavin.tw\/es\/wp-json\/wp\/v2\/media\/1005661"}],"wp:attachment":[{"href":"https:\/\/vavin.tw\/es\/wp-json\/wp\/v2\/media?parent=1005659"}],"wp:term":[{"taxonomy":"product_brand","embeddable":true,"href":"https:\/\/vavin.tw\/es\/wp-json\/wp\/v2\/product_brand?post=1005659"},{"taxonomy":"product_cat","embeddable":true,"href":"https:\/\/vavin.tw\/es\/wp-json\/wp\/v2\/product_cat?post=1005659"},{"taxonomy":"product_tag","embeddable":true,"href":"https:\/\/vavin.tw\/es\/wp-json\/wp\/v2\/product_tag?post=1005659"}],"curies":[{"name":"wp","href":"https:\/\/api.w.org\/{rel}","templated":true}]}}