{"id":990516,"date":"2023-04-11T17:58:46","date_gmt":"2023-04-11T09:58:46","guid":{"rendered":"https:\/\/v2.vavin.tw\/product\/coteaux-bourguignons-vieux-bourg-2020\/"},"modified":"2025-07-16T12:39:43","modified_gmt":"2025-07-16T04:39:43","slug":"viejo-pueblo-coteaux-bourguignons-2020","status":"publish","type":"product","link":"https:\/\/vavin.tw\/es\/product\/vieux-bourg-coteaux-bourguignons-2020\/","title":{"rendered":"Vieux Bourg Coteaux Bourguignons 2020"},"content":{"rendered":"<div class=\"vgblk-rw-wrapper limit-wrapper\">\n<div class=\"wine-info\"><strong>Color:<\/strong> Tinto<br \/>\n<strong>Alcohol:<\/strong> 12.5% vol.<br \/>\n<strong>Variedad de uva:<\/strong> 100% Gamay<br \/>\n<strong>Tama\u00f1o de la botella:<\/strong> 75 cl<\/div>\n<hr \/>\n<div class=\"wine-section\">\n<h3>Historia de la bodega<\/h3>\n<p>\"Una nueva historia en Beaujolais\" \u2014 Tras la venta de \u201cVins Piron\u201d en 2020, Dominique Piron, decimocuarta generaci\u00f3n de una hist\u00f3rica familia de viticultores, fund\u00f3 Vieux Bourg \u2013 Famille Piron. Ubicada en Clos du Vieux Bourg, en Corcelles-en-Beaujolais, sobre los vi\u00f1edos ancestrales de la familia, la finca contin\u00faa cultivando los prestigiosos terru\u00f1os de Morgon, C\u00f4te du Py, Ch\u00e9nas, R\u00e9gni\u00e9 y Beaujolais Blanc. El dominio se asienta en un lugar lleno de historia \u2014 una antigua iglesia del pueblo y una casa parroquial cuyos or\u00edgenes se remontan al a\u00f1o 900 \u2014 perpetuando as\u00ed un legado de pasi\u00f3n y excelencia.<\/p>\n<hr \/>\n<\/div>\n<div class=\"wine-section\">\n<h3>Terru\u00f1o<\/h3>\n<p>Elaborado a partir de cepas de Gamay plantadas en suelos arcillo-calc\u00e1reos de la denominaci\u00f3n Coteaux Bourguignons. La ubicaci\u00f3n y exposici\u00f3n del vi\u00f1edo aportan frescura, pureza e intensidad arom\u00e1tica a este vino afrutado y elegante.<\/p>\n<hr \/>\n<\/div>\n<div class=\"wine-section\">\n<h3>Notas de cata<\/h3>\n<p>Color rub\u00ed brillante con reflejos viol\u00e1ceos. En nariz, es vibrante, con aromas de cerezas rojas, frambuesas y un toque floral de peon\u00eda. En boca, es jugoso y ligero, con taninos sedosos, acidez viva y un final refrescante dominado por la fruta.<\/p>\n<p class=\"wine-highlight\">Un tinto vivo y f\u00e1cil de beber, que muestra la pureza frutal y el encanto de la uva Gamay \u2014 una hermosa expresi\u00f3n de los Coteaux Bourguignons.<\/p>\n<hr \/>\n<\/div>\n<div class=\"wine-section\">\n<h3>Maridaje<\/h3>\n<p>Ideal con tablas de embutidos, salchichas a la parrilla, pollo asado o quiches de verduras.<\/p>\n<\/div>\n<\/div>\n<p><!-- .vgblk-rw-wrapper --><\/p>","protected":false},"excerpt":{"rendered":"<p>Vieux Bourg Coteaux Bourguignons 2020 \u2014 un Gamay vibrante del Beaujolais con frutos rojos brillantes, notas florales y taninos sedosos. Fresco, ligero y f\u00e1cil de beber, perfecto con embutidos, aves o platos a la parrilla.<\/p>","protected":false},"featured_media":988340,"comment_status":"open","ping_status":"closed","template":"","meta":[],"product_brand":[],"product_cat":[169,63],"product_tag":[154],"class_list":{"0":"post-990516","1":"product","2":"type-product","3":"status-publish","4":"has-post-thumbnail","6":"product_cat-beaujolais","7":"product_cat-red","8":"product_tag-gamay","10":"first","11":"instock","12":"shipping-taxable","13":"product-type-simple"},"yoast_head":"<!-- This site is optimized with the Yoast SEO Premium plugin v27.2 (Yoast SEO v27.3) - https:\/\/yoast.com\/product\/yoast-seo-premium-wordpress\/ -->\n<title>Vieux Bourg Coteaux Bourguignons 2020 - Vavin \u9152\u76d2\u5b50<\/title>\n<meta name=\"description\" content=\"Vieux Bourg Coteaux Bourguignons 2020 \u2014 a vibrant Gamay from Beaujolais with bright red berries, floral notes, and silky tannins. Fresh, light, and easy-drinking, perfect with charcuterie, poultry, or grilled dishes.\" \/>\n<meta name=\"robots\" content=\"index, follow, max-snippet:-1, max-image-preview:large, max-video-preview:-1\" \/>\n<link rel=\"canonical\" href=\"https:\/\/vavin.tw\/es\/producto\/viejo-pueblo-coteaux-bourguignons-2020\/\" \/>\n<meta property=\"og:locale\" content=\"es_ES\" \/>\n<meta property=\"og:type\" content=\"article\" \/>\n<meta property=\"og:title\" content=\"Vieux Bourg Coteaux Bourguignons 2020\" \/>\n<meta property=\"og:description\" content=\"Vieux Bourg Coteaux Bourguignons 2020 \u2014 a vibrant Gamay from Beaujolais with bright red berries, floral notes, and silky tannins. Fresh, light, and easy-drinking, perfect with charcuterie, poultry, or grilled dishes.\" \/>\n<meta property=\"og:url\" content=\"https:\/\/vavin.tw\/es\/producto\/viejo-pueblo-coteaux-bourguignons-2020\/\" \/>\n<meta property=\"og:site_name\" content=\"Vavin \u9152\u76d2\u5b50\" \/>\n<meta property=\"article:publisher\" content=\"https:\/\/www.facebook.com\/vavintw\" \/>\n<meta property=\"article:modified_time\" content=\"2025-07-16T04:39:43+00:00\" \/>\n<meta property=\"og:image\" content=\"https:\/\/vavin.tw\/wp-content\/uploads\/2023\/03\/coteaux-bourguignons.png\" \/>\n\t<meta property=\"og:image:width\" content=\"400\" \/>\n\t<meta property=\"og:image:height\" content=\"600\" \/>\n\t<meta property=\"og:image:type\" content=\"image\/png\" \/>\n<meta name=\"twitter:card\" content=\"summary_large_image\" \/>\n<meta name=\"twitter:label1\" content=\"Tiempo de lectura\" \/>\n\t<meta name=\"twitter:data1\" content=\"2 minutos\" \/>\n<script type=\"application\/ld+json\" class=\"yoast-schema-graph\">{\"@context\":\"https:\\\/\\\/schema.org\",\"@graph\":[{\"@type\":\"WebPage\",\"@id\":\"https:\\\/\\\/vavin.tw\\\/product\\\/vieux-bourg-coteaux-bourguignons-2020\\\/\",\"url\":\"https:\\\/\\\/vavin.tw\\\/product\\\/vieux-bourg-coteaux-bourguignons-2020\\\/\",\"name\":\"Vieux Bourg Coteaux Bourguignons 2020 - Vavin \u9152\u76d2\u5b50\",\"isPartOf\":{\"@id\":\"https:\\\/\\\/vavin.tw\\\/#website\"},\"primaryImageOfPage\":{\"@id\":\"https:\\\/\\\/vavin.tw\\\/product\\\/vieux-bourg-coteaux-bourguignons-2020\\\/#primaryimage\"},\"image\":{\"@id\":\"https:\\\/\\\/vavin.tw\\\/product\\\/vieux-bourg-coteaux-bourguignons-2020\\\/#primaryimage\"},\"thumbnailUrl\":\"https:\\\/\\\/vavin.tw\\\/wp-content\\\/uploads\\\/2023\\\/03\\\/coteaux-bourguignons.png\",\"datePublished\":\"2023-04-11T09:58:46+00:00\",\"dateModified\":\"2025-07-16T04:39:43+00:00\",\"description\":\"Vieux Bourg Coteaux Bourguignons 2020 \u2014 a vibrant Gamay from Beaujolais with bright red berries, floral notes, and silky tannins. Fresh, light, and easy-drinking, perfect with charcuterie, poultry, or grilled dishes.\",\"breadcrumb\":{\"@id\":\"https:\\\/\\\/vavin.tw\\\/product\\\/vieux-bourg-coteaux-bourguignons-2020\\\/#breadcrumb\"},\"inLanguage\":\"es\",\"potentialAction\":[{\"@type\":\"ReadAction\",\"target\":[\"https:\\\/\\\/vavin.tw\\\/product\\\/vieux-bourg-coteaux-bourguignons-2020\\\/\"]}]},{\"@type\":\"ImageObject\",\"inLanguage\":\"es\",\"@id\":\"https:\\\/\\\/vavin.tw\\\/product\\\/vieux-bourg-coteaux-bourguignons-2020\\\/#primaryimage\",\"url\":\"https:\\\/\\\/vavin.tw\\\/wp-content\\\/uploads\\\/2023\\\/03\\\/coteaux-bourguignons.png\",\"contentUrl\":\"https:\\\/\\\/vavin.tw\\\/wp-content\\\/uploads\\\/2023\\\/03\\\/coteaux-bourguignons.png\",\"width\":400,\"height\":600},{\"@type\":\"BreadcrumbList\",\"@id\":\"https:\\\/\\\/vavin.tw\\\/product\\\/vieux-bourg-coteaux-bourguignons-2020\\\/#breadcrumb\",\"itemListElement\":[{\"@type\":\"ListItem\",\"position\":1,\"name\":\"Home\",\"item\":\"https:\\\/\\\/vavin.tw\\\/\"},{\"@type\":\"ListItem\",\"position\":2,\"name\":\"Products\",\"item\":\"https:\\\/\\\/vavin.tw\\\/shop\\\/\"},{\"@type\":\"ListItem\",\"position\":3,\"name\":\"Vieux Bourg Coteaux Bourguignons 2020\"}]},{\"@type\":\"WebSite\",\"@id\":\"https:\\\/\\\/vavin.tw\\\/#website\",\"url\":\"https:\\\/\\\/vavin.tw\\\/\",\"name\":\"Vavin \u9152\u76d2\u5b50\",\"description\":\"Savor the Art of Wine\",\"publisher\":{\"@id\":\"https:\\\/\\\/vavin.tw\\\/#organization\"},\"potentialAction\":[{\"@type\":\"SearchAction\",\"target\":{\"@type\":\"EntryPoint\",\"urlTemplate\":\"https:\\\/\\\/vavin.tw\\\/?s={search_term_string}\"},\"query-input\":{\"@type\":\"PropertyValueSpecification\",\"valueRequired\":true,\"valueName\":\"search_term_string\"}}],\"inLanguage\":\"es\"},{\"@type\":\"Organization\",\"@id\":\"https:\\\/\\\/vavin.tw\\\/#organization\",\"name\":\"Vavin \u9152\u76d2\u5b50\",\"url\":\"https:\\\/\\\/vavin.tw\\\/\",\"logo\":{\"@type\":\"ImageObject\",\"inLanguage\":\"es\",\"@id\":\"https:\\\/\\\/vavin.tw\\\/#\\\/schema\\\/logo\\\/image\\\/\",\"url\":\"https:\\\/\\\/vavin.tw\\\/wp-content\\\/uploads\\\/2023\\\/03\\\/cropped-favicon-violet-v1.png\",\"contentUrl\":\"https:\\\/\\\/vavin.tw\\\/wp-content\\\/uploads\\\/2023\\\/03\\\/cropped-favicon-violet-v1.png\",\"width\":512,\"height\":512,\"caption\":\"Vavin \u9152\u76d2\u5b50\"},\"image\":{\"@id\":\"https:\\\/\\\/vavin.tw\\\/#\\\/schema\\\/logo\\\/image\\\/\"},\"sameAs\":[\"https:\\\/\\\/www.facebook.com\\\/vavintw\",\"https:\\\/\\\/www.instagram.com\\\/vavin_tw\"]}]}<\/script>\n<!-- \/ Yoast SEO Premium plugin. -->","yoast_head_json":{"title":"Caja de vino Vieux Bourg Coteaux Bourguignons 2020 - Vavin","description":"Vieux Bourg Coteaux Bourguignons 2020 \u2014 un Gamay vibrante del Beaujolais con frutos rojos brillantes, notas florales y taninos sedosos. Fresco, ligero y f\u00e1cil de beber, perfecto con embutidos, aves o platos a la parrilla.","robots":{"index":"index","follow":"follow","max-snippet":"max-snippet:-1","max-image-preview":"max-image-preview:large","max-video-preview":"max-video-preview:-1"},"canonical":"https:\/\/vavin.tw\/es\/producto\/viejo-pueblo-coteaux-bourguignons-2020\/","og_locale":"es_ES","og_type":"article","og_title":"Vieux Bourg Coteaux Bourguignons 2020","og_description":"Vieux Bourg Coteaux Bourguignons 2020 \u2014 a vibrant Gamay from Beaujolais with bright red berries, floral notes, and silky tannins. Fresh, light, and easy-drinking, perfect with charcuterie, poultry, or grilled dishes.","og_url":"https:\/\/vavin.tw\/es\/producto\/viejo-pueblo-coteaux-bourguignons-2020\/","og_site_name":"Vavin \u9152\u76d2\u5b50","article_publisher":"https:\/\/www.facebook.com\/vavintw","article_modified_time":"2025-07-16T04:39:43+00:00","og_image":[{"width":400,"height":600,"url":"https:\/\/vavin.tw\/wp-content\/uploads\/2023\/03\/coteaux-bourguignons.png","type":"image\/png"}],"twitter_card":"summary_large_image","twitter_misc":{"Tiempo de lectura":"2 minutos"},"schema":{"@context":"https:\/\/schema.org","@graph":[{"@type":"WebPage","@id":"https:\/\/vavin.tw\/product\/vieux-bourg-coteaux-bourguignons-2020\/","url":"https:\/\/vavin.tw\/product\/vieux-bourg-coteaux-bourguignons-2020\/","name":"Caja de vino Vieux Bourg Coteaux Bourguignons 2020 - Vavin","isPartOf":{"@id":"https:\/\/vavin.tw\/#website"},"primaryImageOfPage":{"@id":"https:\/\/vavin.tw\/product\/vieux-bourg-coteaux-bourguignons-2020\/#primaryimage"},"image":{"@id":"https:\/\/vavin.tw\/product\/vieux-bourg-coteaux-bourguignons-2020\/#primaryimage"},"thumbnailUrl":"https:\/\/vavin.tw\/wp-content\/uploads\/2023\/03\/coteaux-bourguignons.png","datePublished":"2023-04-11T09:58:46+00:00","dateModified":"2025-07-16T04:39:43+00:00","description":"Vieux Bourg Coteaux Bourguignons 2020 \u2014 un Gamay vibrante del Beaujolais con frutos rojos brillantes, notas florales y taninos sedosos. Fresco, ligero y f\u00e1cil de beber, perfecto con embutidos, aves o platos a la parrilla.","breadcrumb":{"@id":"https:\/\/vavin.tw\/product\/vieux-bourg-coteaux-bourguignons-2020\/#breadcrumb"},"inLanguage":"es","potentialAction":[{"@type":"ReadAction","target":["https:\/\/vavin.tw\/product\/vieux-bourg-coteaux-bourguignons-2020\/"]}]},{"@type":"ImageObject","inLanguage":"es","@id":"https:\/\/vavin.tw\/product\/vieux-bourg-coteaux-bourguignons-2020\/#primaryimage","url":"https:\/\/vavin.tw\/wp-content\/uploads\/2023\/03\/coteaux-bourguignons.png","contentUrl":"https:\/\/vavin.tw\/wp-content\/uploads\/2023\/03\/coteaux-bourguignons.png","width":400,"height":600},{"@type":"BreadcrumbList","@id":"https:\/\/vavin.tw\/product\/vieux-bourg-coteaux-bourguignons-2020\/#breadcrumb","itemListElement":[{"@type":"ListItem","position":1,"name":"Home","item":"https:\/\/vavin.tw\/"},{"@type":"ListItem","position":2,"name":"Products","item":"https:\/\/vavin.tw\/shop\/"},{"@type":"ListItem","position":3,"name":"Vieux Bourg Coteaux Bourguignons 2020"}]},{"@type":"WebSite","@id":"https:\/\/vavin.tw\/#website","url":"https:\/\/vavin.tw\/","name":"Vavin","description":"Saborea el arte del vino","publisher":{"@id":"https:\/\/vavin.tw\/#organization"},"potentialAction":[{"@type":"SearchAction","target":{"@type":"EntryPoint","urlTemplate":"https:\/\/vavin.tw\/?s={search_term_string}"},"query-input":{"@type":"PropertyValueSpecification","valueRequired":true,"valueName":"search_term_string"}}],"inLanguage":"es"},{"@type":"Organization","@id":"https:\/\/vavin.tw\/#organization","name":"Vavin","url":"https:\/\/vavin.tw\/","logo":{"@type":"ImageObject","inLanguage":"es","@id":"https:\/\/vavin.tw\/#\/schema\/logo\/image\/","url":"https:\/\/vavin.tw\/wp-content\/uploads\/2023\/03\/cropped-favicon-violet-v1.png","contentUrl":"https:\/\/vavin.tw\/wp-content\/uploads\/2023\/03\/cropped-favicon-violet-v1.png","width":512,"height":512,"caption":"Vavin \u9152\u76d2\u5b50"},"image":{"@id":"https:\/\/vavin.tw\/#\/schema\/logo\/image\/"},"sameAs":["https:\/\/www.facebook.com\/vavintw","https:\/\/www.instagram.com\/vavin_tw"]}]}},"_links":{"self":[{"href":"https:\/\/vavin.tw\/es\/wp-json\/wp\/v2\/product\/990516","targetHints":{"allow":["GET"]}}],"collection":[{"href":"https:\/\/vavin.tw\/es\/wp-json\/wp\/v2\/product"}],"about":[{"href":"https:\/\/vavin.tw\/es\/wp-json\/wp\/v2\/types\/product"}],"replies":[{"embeddable":true,"href":"https:\/\/vavin.tw\/es\/wp-json\/wp\/v2\/comments?post=990516"}],"version-history":[{"count":0,"href":"https:\/\/vavin.tw\/es\/wp-json\/wp\/v2\/product\/990516\/revisions"}],"wp:featuredmedia":[{"embeddable":true,"href":"https:\/\/vavin.tw\/es\/wp-json\/wp\/v2\/media\/988340"}],"wp:attachment":[{"href":"https:\/\/vavin.tw\/es\/wp-json\/wp\/v2\/media?parent=990516"}],"wp:term":[{"taxonomy":"product_brand","embeddable":true,"href":"https:\/\/vavin.tw\/es\/wp-json\/wp\/v2\/product_brand?post=990516"},{"taxonomy":"product_cat","embeddable":true,"href":"https:\/\/vavin.tw\/es\/wp-json\/wp\/v2\/product_cat?post=990516"},{"taxonomy":"product_tag","embeddable":true,"href":"https:\/\/vavin.tw\/es\/wp-json\/wp\/v2\/product_tag?post=990516"}],"curies":[{"name":"wp","href":"https:\/\/api.w.org\/{rel}","templated":true}]}}