{"id":990715,"date":"2023-04-11T18:00:18","date_gmt":"2023-04-11T10:00:18","guid":{"rendered":"https:\/\/v2.vavin.tw\/product\/la-goutte-du-seigneur-blanc-domaine-duseigneur-2019\/"},"modified":"2025-11-07T12:33:47","modified_gmt":"2025-11-07T04:33:47","slug":"domaine-duseigneur-cote-du-rhone-la-goutte-du-seigneur-blanc-2019","status":"publish","type":"product","link":"https:\/\/vavin.tw\/es\/product\/domaine-duseigneur-cote-du-rhone-la-goutte-du-seigneur-blanc-2019\/","title":{"rendered":"Duseigneur C\u00f4te-du-Rh\u00f4ne La Goutte du Seigneur 2019"},"content":{"rendered":"<div class=\"vgblk-rw-wrapper limit-wrapper\">\n<div class=\"wine-info\"><strong>Color:<\/strong> Blanco<br \/>\n<strong>Alcohol:<\/strong> 13.5% vol.<br \/>\n<strong>Variedad de uva:<\/strong> Grenache Blanc, Clairette, Roussanne<br \/>\n<strong>Tama\u00f1o de la botella:<\/strong> 75 cl<\/div>\n<hr \/>\n<div class=\"wine-section\">\n<h3>Historia del Fundo<\/h3>\n<p>**Domaine Duseigneur**, located on the right bank of the Rh\u00f4ne Valley, stands out for its commitment to biodynamic farming and its respect for the environment. The **C\u00f4te-du-Rh\u00f4ne &#8220;La Goutte du Seigneur&#8221; White** is a vibrant expression of Rh\u00f4ne white varieties, crafted to highlight freshness, aromatic intensity, and balance.<\/p>\n<hr \/>\n<\/div>\n<div class=\"wine-section\">\n<h3>Terru\u00f1o<\/h3>\n<p>Grown on clay-limestone soils typical of the southern Rh\u00f4ne, the vineyards benefit from excellent sun exposure and the influence of the mistral wind, which helps maintain healthy grapes. The biodynamic approach enhances the purity of the fruit and the natural freshness of the wine.<\/p>\n<hr \/>\n<\/div>\n<div class=\"wine-section\">\n<h3>Notas de cata<\/h3>\n<p>Pale golden yellow color with green reflections. The nose is fresh and aromatic, offering notes of white peach, pear, citrus zest, and acacia flowers, with subtle hints of fennel and Mediterranean herbs. On the palate, the wine is lively and smooth, with balanced acidity, round texture, and a bright, mineral finish.<\/p>\n<p class=\"wine-highlight\">A fresh and elegant Rh\u00f4ne white \u2014 combining aromatic richness, roundness, and crisp acidity for perfect everyday enjoyment.<\/p>\n<hr \/>\n<\/div>\n<div class=\"wine-section\">\n<h3>Maridaje<\/h3>\n<p>Ideal with grilled fish, seafood, goat cheese, or Mediterranean salads.<\/p>\n<\/div>\n<\/div>\n<p><!-- .vgblk-rw-wrapper --><\/p>","protected":false},"excerpt":{"rendered":"<p>Color: White Alcohol: 13.5% vol. Grape Variety: Grenache Blanc, Clairette, Roussanne Bottle Size: 75 cl Estate History **Domaine Duseigneur**, located on the right bank of the Rh\u00f4ne Valley, stands out for its commitment to biodynamic farming and its respect for the environment. The **C\u00f4te-du-Rh\u00f4ne &#8220;La Goutte du Seigneur&#8221; White** is a vibrant expression of Rh\u00f4ne&#8230;<\/p>","protected":false},"featured_media":993721,"comment_status":"open","ping_status":"closed","template":"","meta":[],"product_brand":[],"product_cat":[137,90],"product_tag":[216,195,265,192],"class_list":{"0":"post-990715","1":"product","2":"type-product","3":"status-publish","4":"has-post-thumbnail","6":"product_cat-rhone-valley","7":"product_cat-white","8":"product_tag-clairette","9":"product_tag-grenache-blanc","10":"product_tag-nature-wine","11":"product_tag-roussanne","13":"first","14":"instock","15":"shipping-taxable","16":"product-type-simple"},"yoast_head":"<!-- This site is optimized with the Yoast SEO Premium plugin v27.2 (Yoast SEO v27.3) - https:\/\/yoast.com\/product\/yoast-seo-premium-wordpress\/ -->\n<title>Duseigneur C\u00f4te-du-Rh\u00f4ne La Goutte du Seigneur 2019 - Vavin \u9152\u76d2\u5b50<\/title>\n<meta name=\"description\" content=\"Duseigneur C\u00f4te-du-Rh\u00f4ne &quot;La Goutte du Seigneur&quot; White 2019 \u2014 a fresh Rh\u00f4ne white blend with pear, peach, citrus, and floral notes. Smooth, vibrant, and well-balanced. Perfect with seafood, fish, or goat cheese.\" \/>\n<meta name=\"robots\" content=\"index, follow, max-snippet:-1, max-image-preview:large, max-video-preview:-1\" \/>\n<link rel=\"canonical\" href=\"https:\/\/vavin.tw\/es\/producto\/domaine-duseigneur-cote-du-rhone-la-goutte-du-seigneur-blanc-2019\/\" \/>\n<meta property=\"og:locale\" content=\"es_ES\" \/>\n<meta property=\"og:type\" content=\"article\" \/>\n<meta property=\"og:title\" content=\"Duseigneur C\u00f4te-du-Rh\u00f4ne La Goutte du Seigneur 2019\" \/>\n<meta property=\"og:description\" content=\"Duseigneur C\u00f4te-du-Rh\u00f4ne &quot;La Goutte du Seigneur&quot; White 2019 \u2014 a fresh Rh\u00f4ne white blend with pear, peach, citrus, and floral notes. Smooth, vibrant, and well-balanced. Perfect with seafood, fish, or goat cheese.\" \/>\n<meta property=\"og:url\" content=\"https:\/\/vavin.tw\/es\/producto\/domaine-duseigneur-cote-du-rhone-la-goutte-du-seigneur-blanc-2019\/\" \/>\n<meta property=\"og:site_name\" content=\"Vavin \u9152\u76d2\u5b50\" \/>\n<meta property=\"article:publisher\" content=\"https:\/\/www.facebook.com\/vavintw\" \/>\n<meta property=\"article:modified_time\" content=\"2025-11-07T04:33:47+00:00\" \/>\n<meta property=\"og:image\" content=\"https:\/\/vavin.tw\/wp-content\/uploads\/2023\/04\/\u9ec3\u8272.png\" \/>\n\t<meta property=\"og:image:width\" content=\"400\" \/>\n\t<meta property=\"og:image:height\" content=\"600\" \/>\n\t<meta property=\"og:image:type\" content=\"image\/png\" \/>\n<meta name=\"twitter:card\" content=\"summary_large_image\" \/>\n<meta name=\"twitter:label1\" content=\"Tiempo de lectura\" \/>\n\t<meta name=\"twitter:data1\" content=\"2 minutos\" \/>\n<script type=\"application\/ld+json\" class=\"yoast-schema-graph\">{\"@context\":\"https:\\\/\\\/schema.org\",\"@graph\":[{\"@type\":\"WebPage\",\"@id\":\"https:\\\/\\\/vavin.tw\\\/product\\\/domaine-duseigneur-cote-du-rhone-la-goutte-du-seigneur-blanc-2019\\\/\",\"url\":\"https:\\\/\\\/vavin.tw\\\/product\\\/domaine-duseigneur-cote-du-rhone-la-goutte-du-seigneur-blanc-2019\\\/\",\"name\":\"Duseigneur C\u00f4te-du-Rh\u00f4ne La Goutte du Seigneur 2019 - Vavin \u9152\u76d2\u5b50\",\"isPartOf\":{\"@id\":\"https:\\\/\\\/vavin.tw\\\/#website\"},\"primaryImageOfPage\":{\"@id\":\"https:\\\/\\\/vavin.tw\\\/product\\\/domaine-duseigneur-cote-du-rhone-la-goutte-du-seigneur-blanc-2019\\\/#primaryimage\"},\"image\":{\"@id\":\"https:\\\/\\\/vavin.tw\\\/product\\\/domaine-duseigneur-cote-du-rhone-la-goutte-du-seigneur-blanc-2019\\\/#primaryimage\"},\"thumbnailUrl\":\"https:\\\/\\\/vavin.tw\\\/wp-content\\\/uploads\\\/2023\\\/04\\\/\u9ec3\u8272.png\",\"datePublished\":\"2023-04-11T10:00:18+00:00\",\"dateModified\":\"2025-11-07T04:33:47+00:00\",\"description\":\"Duseigneur C\u00f4te-du-Rh\u00f4ne \\\"La Goutte du Seigneur\\\" White 2019 \u2014 a fresh Rh\u00f4ne white blend with pear, peach, citrus, and floral notes. Smooth, vibrant, and well-balanced. Perfect with seafood, fish, or goat cheese.\",\"breadcrumb\":{\"@id\":\"https:\\\/\\\/vavin.tw\\\/product\\\/domaine-duseigneur-cote-du-rhone-la-goutte-du-seigneur-blanc-2019\\\/#breadcrumb\"},\"inLanguage\":\"es\",\"potentialAction\":[{\"@type\":\"ReadAction\",\"target\":[\"https:\\\/\\\/vavin.tw\\\/product\\\/domaine-duseigneur-cote-du-rhone-la-goutte-du-seigneur-blanc-2019\\\/\"]}]},{\"@type\":\"ImageObject\",\"inLanguage\":\"es\",\"@id\":\"https:\\\/\\\/vavin.tw\\\/product\\\/domaine-duseigneur-cote-du-rhone-la-goutte-du-seigneur-blanc-2019\\\/#primaryimage\",\"url\":\"https:\\\/\\\/vavin.tw\\\/wp-content\\\/uploads\\\/2023\\\/04\\\/\u9ec3\u8272.png\",\"contentUrl\":\"https:\\\/\\\/vavin.tw\\\/wp-content\\\/uploads\\\/2023\\\/04\\\/\u9ec3\u8272.png\",\"width\":400,\"height\":600},{\"@type\":\"BreadcrumbList\",\"@id\":\"https:\\\/\\\/vavin.tw\\\/product\\\/domaine-duseigneur-cote-du-rhone-la-goutte-du-seigneur-blanc-2019\\\/#breadcrumb\",\"itemListElement\":[{\"@type\":\"ListItem\",\"position\":1,\"name\":\"Home\",\"item\":\"https:\\\/\\\/vavin.tw\\\/\"},{\"@type\":\"ListItem\",\"position\":2,\"name\":\"Products\",\"item\":\"https:\\\/\\\/vavin.tw\\\/shop\\\/\"},{\"@type\":\"ListItem\",\"position\":3,\"name\":\"Duseigneur C\u00f4te-du-Rh\u00f4ne La Goutte du Seigneur 2019\"}]},{\"@type\":\"WebSite\",\"@id\":\"https:\\\/\\\/vavin.tw\\\/#website\",\"url\":\"https:\\\/\\\/vavin.tw\\\/\",\"name\":\"Vavin \u9152\u76d2\u5b50\",\"description\":\"Savor the Art of Wine\",\"publisher\":{\"@id\":\"https:\\\/\\\/vavin.tw\\\/#organization\"},\"potentialAction\":[{\"@type\":\"SearchAction\",\"target\":{\"@type\":\"EntryPoint\",\"urlTemplate\":\"https:\\\/\\\/vavin.tw\\\/?s={search_term_string}\"},\"query-input\":{\"@type\":\"PropertyValueSpecification\",\"valueRequired\":true,\"valueName\":\"search_term_string\"}}],\"inLanguage\":\"es\"},{\"@type\":\"Organization\",\"@id\":\"https:\\\/\\\/vavin.tw\\\/#organization\",\"name\":\"Vavin \u9152\u76d2\u5b50\",\"url\":\"https:\\\/\\\/vavin.tw\\\/\",\"logo\":{\"@type\":\"ImageObject\",\"inLanguage\":\"es\",\"@id\":\"https:\\\/\\\/vavin.tw\\\/#\\\/schema\\\/logo\\\/image\\\/\",\"url\":\"https:\\\/\\\/vavin.tw\\\/wp-content\\\/uploads\\\/2023\\\/03\\\/cropped-favicon-violet-v1.png\",\"contentUrl\":\"https:\\\/\\\/vavin.tw\\\/wp-content\\\/uploads\\\/2023\\\/03\\\/cropped-favicon-violet-v1.png\",\"width\":512,\"height\":512,\"caption\":\"Vavin \u9152\u76d2\u5b50\"},\"image\":{\"@id\":\"https:\\\/\\\/vavin.tw\\\/#\\\/schema\\\/logo\\\/image\\\/\"},\"sameAs\":[\"https:\\\/\\\/www.facebook.com\\\/vavintw\",\"https:\\\/\\\/www.instagram.com\\\/vavin_tw\"]}]}<\/script>\n<!-- \/ Yoast SEO Premium plugin. -->","yoast_head_json":{"title":"Duseigneur C\u00f4te-du-Rh\u00f4ne La Goutte du Seigneur 2019 - Vavin \u9152\u76d2\u5b50","description":"Duseigneur C\u00f4te-du-Rh\u00f4ne \"La Goutte du Seigneur\" White 2019 \u2014 a fresh Rh\u00f4ne white blend with pear, peach, citrus, and floral notes. Smooth, vibrant, and well-balanced. Perfect with seafood, fish, or goat cheese.","robots":{"index":"index","follow":"follow","max-snippet":"max-snippet:-1","max-image-preview":"max-image-preview:large","max-video-preview":"max-video-preview:-1"},"canonical":"https:\/\/vavin.tw\/es\/producto\/domaine-duseigneur-cote-du-rhone-la-goutte-du-seigneur-blanc-2019\/","og_locale":"es_ES","og_type":"article","og_title":"Duseigneur C\u00f4te-du-Rh\u00f4ne La Goutte du Seigneur 2019","og_description":"Duseigneur C\u00f4te-du-Rh\u00f4ne \"La Goutte du Seigneur\" White 2019 \u2014 a fresh Rh\u00f4ne white blend with pear, peach, citrus, and floral notes. Smooth, vibrant, and well-balanced. Perfect with seafood, fish, or goat cheese.","og_url":"https:\/\/vavin.tw\/es\/producto\/domaine-duseigneur-cote-du-rhone-la-goutte-du-seigneur-blanc-2019\/","og_site_name":"Vavin \u9152\u76d2\u5b50","article_publisher":"https:\/\/www.facebook.com\/vavintw","article_modified_time":"2025-11-07T04:33:47+00:00","og_image":[{"width":400,"height":600,"url":"https:\/\/vavin.tw\/wp-content\/uploads\/2023\/04\/\u9ec3\u8272.png","type":"image\/png"}],"twitter_card":"summary_large_image","twitter_misc":{"Tiempo de lectura":"2 minutos"},"schema":{"@context":"https:\/\/schema.org","@graph":[{"@type":"WebPage","@id":"https:\/\/vavin.tw\/product\/domaine-duseigneur-cote-du-rhone-la-goutte-du-seigneur-blanc-2019\/","url":"https:\/\/vavin.tw\/product\/domaine-duseigneur-cote-du-rhone-la-goutte-du-seigneur-blanc-2019\/","name":"Duseigneur C\u00f4te-du-Rh\u00f4ne La Goutte du Seigneur 2019 - Vavin \u9152\u76d2\u5b50","isPartOf":{"@id":"https:\/\/vavin.tw\/#website"},"primaryImageOfPage":{"@id":"https:\/\/vavin.tw\/product\/domaine-duseigneur-cote-du-rhone-la-goutte-du-seigneur-blanc-2019\/#primaryimage"},"image":{"@id":"https:\/\/vavin.tw\/product\/domaine-duseigneur-cote-du-rhone-la-goutte-du-seigneur-blanc-2019\/#primaryimage"},"thumbnailUrl":"https:\/\/vavin.tw\/wp-content\/uploads\/2023\/04\/\u9ec3\u8272.png","datePublished":"2023-04-11T10:00:18+00:00","dateModified":"2025-11-07T04:33:47+00:00","description":"Duseigneur C\u00f4te-du-Rh\u00f4ne \"La Goutte du Seigneur\" White 2019 \u2014 a fresh Rh\u00f4ne white blend with pear, peach, citrus, and floral notes. Smooth, vibrant, and well-balanced. Perfect with seafood, fish, or goat cheese.","breadcrumb":{"@id":"https:\/\/vavin.tw\/product\/domaine-duseigneur-cote-du-rhone-la-goutte-du-seigneur-blanc-2019\/#breadcrumb"},"inLanguage":"es","potentialAction":[{"@type":"ReadAction","target":["https:\/\/vavin.tw\/product\/domaine-duseigneur-cote-du-rhone-la-goutte-du-seigneur-blanc-2019\/"]}]},{"@type":"ImageObject","inLanguage":"es","@id":"https:\/\/vavin.tw\/product\/domaine-duseigneur-cote-du-rhone-la-goutte-du-seigneur-blanc-2019\/#primaryimage","url":"https:\/\/vavin.tw\/wp-content\/uploads\/2023\/04\/\u9ec3\u8272.png","contentUrl":"https:\/\/vavin.tw\/wp-content\/uploads\/2023\/04\/\u9ec3\u8272.png","width":400,"height":600},{"@type":"BreadcrumbList","@id":"https:\/\/vavin.tw\/product\/domaine-duseigneur-cote-du-rhone-la-goutte-du-seigneur-blanc-2019\/#breadcrumb","itemListElement":[{"@type":"ListItem","position":1,"name":"Home","item":"https:\/\/vavin.tw\/"},{"@type":"ListItem","position":2,"name":"Products","item":"https:\/\/vavin.tw\/shop\/"},{"@type":"ListItem","position":3,"name":"Duseigneur C\u00f4te-du-Rh\u00f4ne La Goutte du Seigneur 2019"}]},{"@type":"WebSite","@id":"https:\/\/vavin.tw\/#website","url":"https:\/\/vavin.tw\/","name":"Vavin","description":"Saborea el arte del vino","publisher":{"@id":"https:\/\/vavin.tw\/#organization"},"potentialAction":[{"@type":"SearchAction","target":{"@type":"EntryPoint","urlTemplate":"https:\/\/vavin.tw\/?s={search_term_string}"},"query-input":{"@type":"PropertyValueSpecification","valueRequired":true,"valueName":"search_term_string"}}],"inLanguage":"es"},{"@type":"Organization","@id":"https:\/\/vavin.tw\/#organization","name":"Vavin","url":"https:\/\/vavin.tw\/","logo":{"@type":"ImageObject","inLanguage":"es","@id":"https:\/\/vavin.tw\/#\/schema\/logo\/image\/","url":"https:\/\/vavin.tw\/wp-content\/uploads\/2023\/03\/cropped-favicon-violet-v1.png","contentUrl":"https:\/\/vavin.tw\/wp-content\/uploads\/2023\/03\/cropped-favicon-violet-v1.png","width":512,"height":512,"caption":"Vavin \u9152\u76d2\u5b50"},"image":{"@id":"https:\/\/vavin.tw\/#\/schema\/logo\/image\/"},"sameAs":["https:\/\/www.facebook.com\/vavintw","https:\/\/www.instagram.com\/vavin_tw"]}]}},"_links":{"self":[{"href":"https:\/\/vavin.tw\/es\/wp-json\/wp\/v2\/product\/990715","targetHints":{"allow":["GET"]}}],"collection":[{"href":"https:\/\/vavin.tw\/es\/wp-json\/wp\/v2\/product"}],"about":[{"href":"https:\/\/vavin.tw\/es\/wp-json\/wp\/v2\/types\/product"}],"replies":[{"embeddable":true,"href":"https:\/\/vavin.tw\/es\/wp-json\/wp\/v2\/comments?post=990715"}],"version-history":[{"count":2,"href":"https:\/\/vavin.tw\/es\/wp-json\/wp\/v2\/product\/990715\/revisions"}],"predecessor-version":[{"id":1006014,"href":"https:\/\/vavin.tw\/es\/wp-json\/wp\/v2\/product\/990715\/revisions\/1006014"}],"wp:featuredmedia":[{"embeddable":true,"href":"https:\/\/vavin.tw\/es\/wp-json\/wp\/v2\/media\/993721"}],"wp:attachment":[{"href":"https:\/\/vavin.tw\/es\/wp-json\/wp\/v2\/media?parent=990715"}],"wp:term":[{"taxonomy":"product_brand","embeddable":true,"href":"https:\/\/vavin.tw\/es\/wp-json\/wp\/v2\/product_brand?post=990715"},{"taxonomy":"product_cat","embeddable":true,"href":"https:\/\/vavin.tw\/es\/wp-json\/wp\/v2\/product_cat?post=990715"},{"taxonomy":"product_tag","embeddable":true,"href":"https:\/\/vavin.tw\/es\/wp-json\/wp\/v2\/product_tag?post=990715"}],"curies":[{"name":"wp","href":"https:\/\/api.w.org\/{rel}","templated":true}]}}