{"id":990863,"date":"2023-04-11T18:01:32","date_gmt":"2023-04-11T10:01:32","guid":{"rendered":"https:\/\/v2.vavin.tw\/product\/clos-vougeot-grand-cru-lupe-cholet-2016\/"},"modified":"2025-04-26T21:52:03","modified_gmt":"2025-04-26T13:52:03","slug":"lupe-cholet-clos-vougeot-grand-cru-2016","status":"publish","type":"product","link":"https:\/\/vavin.tw\/es\/product\/lupe-cholet-clos-vougeot-grand-cru-2016\/","title":{"rendered":"Lup\u00e9 Cholet Clos Vougeot Grand Cru 2016"},"content":{"rendered":"<div class=\"vgblk-rw-wrapper limit-wrapper\">\n<div class=\"wine-info\"><strong>Color:<\/strong> Tinto<br \/>\n<strong>Alcohol:<\/strong> 13.5% vol.<br \/>\n<strong>Variedad de uva:<\/strong> 100% Pinot Noir<br \/>\n<strong>Tama\u00f1o de la botella:<\/strong> 75 cl<\/div>\n<hr \/>\n<div class=\"wine-section\">\n<h3>Historia del Fundo<\/h3>\n<p>Fundada en 1903, Lup\u00e9 Cholet es una bodega hist\u00f3rica de Borgo\u00f1a conocida por su dedicaci\u00f3n a la producci\u00f3n de vinos elegantes y expresivos del terru\u00f1o. Con vi\u00f1edos en algunas de las mejores denominaciones de la regi\u00f3n, la bodega aplica una viticultura precisa y una vinificaci\u00f3n tradicional para elaborar vinos de profundidad y refinamiento, incluidos prestigiosos Grands Crus como Clos Vougeot.<\/p>\n<hr \/>\n<\/div>\n<div class=\"wine-section\">\n<h3>Terru\u00f1o<\/h3>\n<p>Clos Vougeot Grand Cru es uno de los vi\u00f1edos m\u00e1s emblem\u00e1ticos de Borgo\u00f1a, cercado por sus famosas murallas de piedra. Los suelos arcilloso-calc\u00e1reos del vi\u00f1edo proporcionan un excelente drenaje y promueven vides de ra\u00edces profundas, otorgando al Pinot Noir tanto estructura como finura, adem\u00e1s de un gran potencial de envejecimiento.<\/p>\n<hr \/>\n<\/div>\n<div class=\"wine-section\">\n<h3>Notas de cata<\/h3>\n<p>Brillante color rojo granate. La nariz es compleja y elegante, con aromas de frutos rojos maduros, cereza negra, violeta, sotobosque y especias delicadas. En boca, el vino es corpulento y sedoso, con taninos refinados, fruta jugosa y un final largo y armonioso marcado por la mineralidad y un sutil roble.<\/p>\n<p class=\"wine-highlight\">Un distinguido Clos Vougeot Grand Cru, que combina potencia, elegancia y potencial de envejecimiento: un verdadero reflejo de este legendario terru\u00f1o de Borgo\u00f1a.<\/p>\n<hr \/>\n<\/div>\n<div class=\"wine-section\">\n<h3>Maridaje<\/h3>\n<p>Perfecto con pechuga de pato, codorniz asada, solomillo Wellington o quesos curados como \u00c9poisses o Comt\u00e9.<\/p>\n<\/div>\n<\/div>\n<p><!-- .vgblk-rw-wrapper --><\/p>","protected":false},"excerpt":{"rendered":"<p>This luminous white wine with a floral and mineral nose and notes of white fruits will tickle your taste buds. Freshness in a bottle for hot sunny days.<\/p>","protected":false},"featured_media":1001171,"comment_status":"open","ping_status":"closed","template":"","meta":[],"product_brand":[],"product_cat":[135,63],"product_tag":[336,146],"class_list":{"0":"post-990863","1":"product","2":"type-product","3":"status-publish","4":"has-post-thumbnail","6":"product_cat-burgundy","7":"product_cat-red","8":"product_tag-clos-vougeot","9":"product_tag-pinot-noir","11":"first","12":"instock","13":"shipping-taxable","14":"product-type-simple"},"yoast_head":"<!-- This site is optimized with the Yoast SEO Premium plugin v27.2 (Yoast SEO v27.3) - https:\/\/yoast.com\/product\/yoast-seo-premium-wordpress\/ -->\n<title>Lup\u00e9 Cholet Clos Vougeot Grand Cru 2016 - Vavin \u9152\u76d2\u5b50<\/title>\n<meta name=\"description\" content=\"Lup\u00e9 Cholet Clos Vougeot Grand Cru 2016 \u2014 an elegant Burgundy Pinot Noir with red berry, floral, and spice notes. Silky and structured, with great aging potential. Ideal with duck, beef, or fine cheeses.\" \/>\n<meta name=\"robots\" content=\"index, follow, max-snippet:-1, max-image-preview:large, max-video-preview:-1\" \/>\n<link rel=\"canonical\" href=\"https:\/\/vavin.tw\/es\/producto\/lupe-cholet-clos-vougeot-grand-cru-2016\/\" \/>\n<meta property=\"og:locale\" content=\"es_ES\" \/>\n<meta property=\"og:type\" content=\"article\" \/>\n<meta property=\"og:title\" content=\"Lup\u00e9 Cholet Clos Vougeot Grand Cru 2016\" \/>\n<meta property=\"og:description\" content=\"Lup\u00e9 Cholet Clos Vougeot Grand Cru 2016 \u2014 an elegant Burgundy Pinot Noir with red berry, floral, and spice notes. Silky and structured, with great aging potential. Ideal with duck, beef, or fine cheeses.\" \/>\n<meta property=\"og:url\" content=\"https:\/\/vavin.tw\/es\/producto\/lupe-cholet-clos-vougeot-grand-cru-2016\/\" \/>\n<meta property=\"og:site_name\" content=\"Vavin \u9152\u76d2\u5b50\" \/>\n<meta property=\"article:publisher\" content=\"https:\/\/www.facebook.com\/vavintw\" \/>\n<meta property=\"article:modified_time\" content=\"2025-04-26T13:52:03+00:00\" \/>\n<meta property=\"og:image\" content=\"https:\/\/vavin.tw\/wp-content\/uploads\/2023\/04\/lupe-cholet-clos-de-vougeot-grand-cru.png\" \/>\n\t<meta property=\"og:image:width\" content=\"400\" \/>\n\t<meta property=\"og:image:height\" content=\"600\" \/>\n\t<meta property=\"og:image:type\" content=\"image\/png\" \/>\n<meta name=\"twitter:card\" content=\"summary_large_image\" \/>\n<meta name=\"twitter:label1\" content=\"Tiempo de lectura\" \/>\n\t<meta name=\"twitter:data1\" content=\"2 minutos\" \/>\n<script type=\"application\/ld+json\" class=\"yoast-schema-graph\">{\"@context\":\"https:\\\/\\\/schema.org\",\"@graph\":[{\"@type\":\"WebPage\",\"@id\":\"https:\\\/\\\/vavin.tw\\\/product\\\/lupe-cholet-clos-vougeot-grand-cru-2016\\\/\",\"url\":\"https:\\\/\\\/vavin.tw\\\/product\\\/lupe-cholet-clos-vougeot-grand-cru-2016\\\/\",\"name\":\"Lup\u00e9 Cholet Clos Vougeot Grand Cru 2016 - Vavin \u9152\u76d2\u5b50\",\"isPartOf\":{\"@id\":\"https:\\\/\\\/vavin.tw\\\/#website\"},\"primaryImageOfPage\":{\"@id\":\"https:\\\/\\\/vavin.tw\\\/product\\\/lupe-cholet-clos-vougeot-grand-cru-2016\\\/#primaryimage\"},\"image\":{\"@id\":\"https:\\\/\\\/vavin.tw\\\/product\\\/lupe-cholet-clos-vougeot-grand-cru-2016\\\/#primaryimage\"},\"thumbnailUrl\":\"https:\\\/\\\/vavin.tw\\\/wp-content\\\/uploads\\\/2023\\\/04\\\/lupe-cholet-clos-de-vougeot-grand-cru.png\",\"datePublished\":\"2023-04-11T10:01:32+00:00\",\"dateModified\":\"2025-04-26T13:52:03+00:00\",\"description\":\"Lup\u00e9 Cholet Clos Vougeot Grand Cru 2016 \u2014 an elegant Burgundy Pinot Noir with red berry, floral, and spice notes. Silky and structured, with great aging potential. Ideal with duck, beef, or fine cheeses.\",\"breadcrumb\":{\"@id\":\"https:\\\/\\\/vavin.tw\\\/product\\\/lupe-cholet-clos-vougeot-grand-cru-2016\\\/#breadcrumb\"},\"inLanguage\":\"es\",\"potentialAction\":[{\"@type\":\"ReadAction\",\"target\":[\"https:\\\/\\\/vavin.tw\\\/product\\\/lupe-cholet-clos-vougeot-grand-cru-2016\\\/\"]}]},{\"@type\":\"ImageObject\",\"inLanguage\":\"es\",\"@id\":\"https:\\\/\\\/vavin.tw\\\/product\\\/lupe-cholet-clos-vougeot-grand-cru-2016\\\/#primaryimage\",\"url\":\"https:\\\/\\\/vavin.tw\\\/wp-content\\\/uploads\\\/2023\\\/04\\\/lupe-cholet-clos-de-vougeot-grand-cru.png\",\"contentUrl\":\"https:\\\/\\\/vavin.tw\\\/wp-content\\\/uploads\\\/2023\\\/04\\\/lupe-cholet-clos-de-vougeot-grand-cru.png\",\"width\":400,\"height\":600},{\"@type\":\"BreadcrumbList\",\"@id\":\"https:\\\/\\\/vavin.tw\\\/product\\\/lupe-cholet-clos-vougeot-grand-cru-2016\\\/#breadcrumb\",\"itemListElement\":[{\"@type\":\"ListItem\",\"position\":1,\"name\":\"Home\",\"item\":\"https:\\\/\\\/vavin.tw\\\/\"},{\"@type\":\"ListItem\",\"position\":2,\"name\":\"Products\",\"item\":\"https:\\\/\\\/vavin.tw\\\/shop\\\/\"},{\"@type\":\"ListItem\",\"position\":3,\"name\":\"Lup\u00e9 Cholet Clos Vougeot Grand Cru 2016\"}]},{\"@type\":\"WebSite\",\"@id\":\"https:\\\/\\\/vavin.tw\\\/#website\",\"url\":\"https:\\\/\\\/vavin.tw\\\/\",\"name\":\"Vavin \u9152\u76d2\u5b50\",\"description\":\"Savor the Art of Wine\",\"publisher\":{\"@id\":\"https:\\\/\\\/vavin.tw\\\/#organization\"},\"potentialAction\":[{\"@type\":\"SearchAction\",\"target\":{\"@type\":\"EntryPoint\",\"urlTemplate\":\"https:\\\/\\\/vavin.tw\\\/?s={search_term_string}\"},\"query-input\":{\"@type\":\"PropertyValueSpecification\",\"valueRequired\":true,\"valueName\":\"search_term_string\"}}],\"inLanguage\":\"es\"},{\"@type\":\"Organization\",\"@id\":\"https:\\\/\\\/vavin.tw\\\/#organization\",\"name\":\"Vavin \u9152\u76d2\u5b50\",\"url\":\"https:\\\/\\\/vavin.tw\\\/\",\"logo\":{\"@type\":\"ImageObject\",\"inLanguage\":\"es\",\"@id\":\"https:\\\/\\\/vavin.tw\\\/#\\\/schema\\\/logo\\\/image\\\/\",\"url\":\"https:\\\/\\\/vavin.tw\\\/wp-content\\\/uploads\\\/2023\\\/03\\\/cropped-favicon-violet-v1.png\",\"contentUrl\":\"https:\\\/\\\/vavin.tw\\\/wp-content\\\/uploads\\\/2023\\\/03\\\/cropped-favicon-violet-v1.png\",\"width\":512,\"height\":512,\"caption\":\"Vavin \u9152\u76d2\u5b50\"},\"image\":{\"@id\":\"https:\\\/\\\/vavin.tw\\\/#\\\/schema\\\/logo\\\/image\\\/\"},\"sameAs\":[\"https:\\\/\\\/www.facebook.com\\\/vavintw\",\"https:\\\/\\\/www.instagram.com\\\/vavin_tw\"]}]}<\/script>\n<!-- \/ Yoast SEO Premium plugin. -->","yoast_head_json":{"title":"Caja de vino Lup\u00e9 Cholet Clos Vougeot Grand Cru 2016 - Vavin","description":"Lup\u00e9 Cholet Clos Vougeot Grand Cru 2016 \u2014 un elegante Pinot Noir de Borgo\u00f1a con notas de frutos rojos, florales y especiadas. Sedoso y estructurado, con gran potencial de envejecimiento. Ideal con pato, ternera o quesos finos.","robots":{"index":"index","follow":"follow","max-snippet":"max-snippet:-1","max-image-preview":"max-image-preview:large","max-video-preview":"max-video-preview:-1"},"canonical":"https:\/\/vavin.tw\/es\/producto\/lupe-cholet-clos-vougeot-grand-cru-2016\/","og_locale":"es_ES","og_type":"article","og_title":"Lup\u00e9 Cholet Clos Vougeot Grand Cru 2016","og_description":"Lup\u00e9 Cholet Clos Vougeot Grand Cru 2016 \u2014 an elegant Burgundy Pinot Noir with red berry, floral, and spice notes. Silky and structured, with great aging potential. Ideal with duck, beef, or fine cheeses.","og_url":"https:\/\/vavin.tw\/es\/producto\/lupe-cholet-clos-vougeot-grand-cru-2016\/","og_site_name":"Vavin \u9152\u76d2\u5b50","article_publisher":"https:\/\/www.facebook.com\/vavintw","article_modified_time":"2025-04-26T13:52:03+00:00","og_image":[{"width":400,"height":600,"url":"https:\/\/vavin.tw\/wp-content\/uploads\/2023\/04\/lupe-cholet-clos-de-vougeot-grand-cru.png","type":"image\/png"}],"twitter_card":"summary_large_image","twitter_misc":{"Tiempo de lectura":"2 minutos"},"schema":{"@context":"https:\/\/schema.org","@graph":[{"@type":"WebPage","@id":"https:\/\/vavin.tw\/product\/lupe-cholet-clos-vougeot-grand-cru-2016\/","url":"https:\/\/vavin.tw\/product\/lupe-cholet-clos-vougeot-grand-cru-2016\/","name":"Caja de vino Lup\u00e9 Cholet Clos Vougeot Grand Cru 2016 - Vavin","isPartOf":{"@id":"https:\/\/vavin.tw\/#website"},"primaryImageOfPage":{"@id":"https:\/\/vavin.tw\/product\/lupe-cholet-clos-vougeot-grand-cru-2016\/#primaryimage"},"image":{"@id":"https:\/\/vavin.tw\/product\/lupe-cholet-clos-vougeot-grand-cru-2016\/#primaryimage"},"thumbnailUrl":"https:\/\/vavin.tw\/wp-content\/uploads\/2023\/04\/lupe-cholet-clos-de-vougeot-grand-cru.png","datePublished":"2023-04-11T10:01:32+00:00","dateModified":"2025-04-26T13:52:03+00:00","description":"Lup\u00e9 Cholet Clos Vougeot Grand Cru 2016 \u2014 un elegante Pinot Noir de Borgo\u00f1a con notas de frutos rojos, florales y especiadas. Sedoso y estructurado, con gran potencial de envejecimiento. Ideal con pato, ternera o quesos finos.","breadcrumb":{"@id":"https:\/\/vavin.tw\/product\/lupe-cholet-clos-vougeot-grand-cru-2016\/#breadcrumb"},"inLanguage":"es","potentialAction":[{"@type":"ReadAction","target":["https:\/\/vavin.tw\/product\/lupe-cholet-clos-vougeot-grand-cru-2016\/"]}]},{"@type":"ImageObject","inLanguage":"es","@id":"https:\/\/vavin.tw\/product\/lupe-cholet-clos-vougeot-grand-cru-2016\/#primaryimage","url":"https:\/\/vavin.tw\/wp-content\/uploads\/2023\/04\/lupe-cholet-clos-de-vougeot-grand-cru.png","contentUrl":"https:\/\/vavin.tw\/wp-content\/uploads\/2023\/04\/lupe-cholet-clos-de-vougeot-grand-cru.png","width":400,"height":600},{"@type":"BreadcrumbList","@id":"https:\/\/vavin.tw\/product\/lupe-cholet-clos-vougeot-grand-cru-2016\/#breadcrumb","itemListElement":[{"@type":"ListItem","position":1,"name":"Home","item":"https:\/\/vavin.tw\/"},{"@type":"ListItem","position":2,"name":"Products","item":"https:\/\/vavin.tw\/shop\/"},{"@type":"ListItem","position":3,"name":"Lup\u00e9 Cholet Clos Vougeot Grand Cru 2016"}]},{"@type":"WebSite","@id":"https:\/\/vavin.tw\/#website","url":"https:\/\/vavin.tw\/","name":"Vavin","description":"Saborea el arte del vino","publisher":{"@id":"https:\/\/vavin.tw\/#organization"},"potentialAction":[{"@type":"SearchAction","target":{"@type":"EntryPoint","urlTemplate":"https:\/\/vavin.tw\/?s={search_term_string}"},"query-input":{"@type":"PropertyValueSpecification","valueRequired":true,"valueName":"search_term_string"}}],"inLanguage":"es"},{"@type":"Organization","@id":"https:\/\/vavin.tw\/#organization","name":"Vavin","url":"https:\/\/vavin.tw\/","logo":{"@type":"ImageObject","inLanguage":"es","@id":"https:\/\/vavin.tw\/#\/schema\/logo\/image\/","url":"https:\/\/vavin.tw\/wp-content\/uploads\/2023\/03\/cropped-favicon-violet-v1.png","contentUrl":"https:\/\/vavin.tw\/wp-content\/uploads\/2023\/03\/cropped-favicon-violet-v1.png","width":512,"height":512,"caption":"Vavin \u9152\u76d2\u5b50"},"image":{"@id":"https:\/\/vavin.tw\/#\/schema\/logo\/image\/"},"sameAs":["https:\/\/www.facebook.com\/vavintw","https:\/\/www.instagram.com\/vavin_tw"]}]}},"_links":{"self":[{"href":"https:\/\/vavin.tw\/es\/wp-json\/wp\/v2\/product\/990863","targetHints":{"allow":["GET"]}}],"collection":[{"href":"https:\/\/vavin.tw\/es\/wp-json\/wp\/v2\/product"}],"about":[{"href":"https:\/\/vavin.tw\/es\/wp-json\/wp\/v2\/types\/product"}],"replies":[{"embeddable":true,"href":"https:\/\/vavin.tw\/es\/wp-json\/wp\/v2\/comments?post=990863"}],"version-history":[{"count":0,"href":"https:\/\/vavin.tw\/es\/wp-json\/wp\/v2\/product\/990863\/revisions"}],"wp:featuredmedia":[{"embeddable":true,"href":"https:\/\/vavin.tw\/es\/wp-json\/wp\/v2\/media\/1001171"}],"wp:attachment":[{"href":"https:\/\/vavin.tw\/es\/wp-json\/wp\/v2\/media?parent=990863"}],"wp:term":[{"taxonomy":"product_brand","embeddable":true,"href":"https:\/\/vavin.tw\/es\/wp-json\/wp\/v2\/product_brand?post=990863"},{"taxonomy":"product_cat","embeddable":true,"href":"https:\/\/vavin.tw\/es\/wp-json\/wp\/v2\/product_cat?post=990863"},{"taxonomy":"product_tag","embeddable":true,"href":"https:\/\/vavin.tw\/es\/wp-json\/wp\/v2\/product_tag?post=990863"}],"curies":[{"name":"wp","href":"https:\/\/api.w.org\/{rel}","templated":true}]}}