{"id":999193,"date":"2025-03-08T18:37:18","date_gmt":"2025-03-08T10:37:18","guid":{"rendered":"https:\/\/vavin.tw\/?post_type=product&#038;p=999193"},"modified":"2025-07-25T12:07:47","modified_gmt":"2025-07-25T04:07:47","slug":"domaine-puech-redon-le-sourire-disaure-2021","status":"publish","type":"product","link":"https:\/\/vavin.tw\/es\/product\/domaine-puech-redon-le-sourire-disaure-2021\/","title":{"rendered":"Domaine Puech Redon Le Sourire d'Isaure 2021"},"content":{"rendered":"<div class=\"vgblk-rw-wrapper limit-wrapper\">\n<div class=\"wine-info\"><strong>Color:<\/strong> Tinto<br \/>\n<strong>Alcohol:<\/strong> 12% vol.<br \/>\n<strong>Variedad de uva:<\/strong> Cinsault, Garnacha<br \/>\n<strong>Tama\u00f1o de la botella:<\/strong> 75 cl<\/div>\n<hr \/>\n<div class=\"wine-section\">\n<h3>Historia de la bodega<\/h3>\n<p>Ubicado al pie de las monta\u00f1as de las Cevenas, **Puech Redon** es una finca familiar dirigida por Cyril Cuche. Desde 2008, las 52 hect\u00e1reas de vi\u00f1edos cuentan con certificaci\u00f3n org\u00e1nica, con un fuerte compromiso con la biodiversidad y la salud del suelo. Enclavada entre garrigas, bosques y colinas calc\u00e1reas, la finca produce vinos naturales que reflejan la pureza y viveza del terru\u00f1o local.<\/p>\n<hr \/>\n<\/div>\n<div class=\"wine-section\">\n<h3>Terru\u00f1o<\/h3>\n<p>Las cepas de Cinsault y Garnacha se plantan en suelos arcillo-calc\u00e1reos, bajo un clima mediterr\u00e1neo influenciado por la altitud y las frescas brisas de las Cevenas. Este terru\u00f1o \u00fanico aporta frescura, equilibrio y pureza arom\u00e1tica a los vinos.<\/p>\n<hr \/>\n<\/div>\n<div class=\"wine-section\">\n<h3>Notas de cata<\/h3>\n<p>Color rub\u00ed brillante con reflejos viol\u00e1ceos. La nariz es expresiva, ofreciendo aromas de frutos rojos frescos como cereza y frambuesa, junto con notas florales y un toque especiado. En boca, el vino es ligero, jugoso y vibrante, con taninos suaves, acidez viva y un final refrescante y afrutado.<\/p>\n<p class=\"wine-highlight\">Un tinto natural y f\u00e1cil de beber que combina a la perfecci\u00f3n frutosidad, finura y frescura, una verdadera expresi\u00f3n del terru\u00f1o del Duch\u00e9 d'Uz\u00e8s.<\/p>\n<hr \/>\n<\/div>\n<div class=\"wine-section\">\n<h3>Maridaje<\/h3>\n<p>Perfecto con platos mediterr\u00e1neos, carnes a la parrilla, ensaladas de verano o quesos suaves.<\/p>\n<\/div>\n<\/div>\n<p><!-- .vgblk-rw-wrapper --><\/p>","protected":false},"excerpt":{"rendered":"<p>Puech Redon elabora vinos naturales cultivados de manera org\u00e1nica, sin filtraci\u00f3n y con un m\u00ednimo de SO\u2082, envejecidos en cubas de concreto. Este vibrante tinto presenta aromas de frutos silvestres, cereza \u00e1cida, notas terrosas y un sutil funk, con una acidez vivaz y taninos finos y equilibrados.<\/p>","protected":false},"featured_media":999373,"comment_status":"open","ping_status":"closed","template":"","meta":[],"product_brand":[],"product_cat":[138,63],"product_tag":[156,265,149],"class_list":{"0":"post-999193","1":"product","2":"type-product","3":"status-publish","4":"has-post-thumbnail","6":"product_cat-languedoc","7":"product_cat-red","8":"product_tag-grenache","9":"product_tag-nature-wine","10":"product_tag-syrah","12":"first","13":"instock","14":"shipping-taxable","15":"product-type-simple"},"yoast_head":"<!-- This site is optimized with the Yoast SEO Premium plugin v27.2 (Yoast SEO v27.3) - https:\/\/yoast.com\/product\/yoast-seo-premium-wordpress\/ -->\n<title>Domaine Puech Redon Le Sourire d&#039;Isaure 2021 - Vavin \u9152\u76d2\u5b50<\/title>\n<meta name=\"description\" content=\"Puech Redon Le Sourire d&#039;Isaure 2021 \u2014 a fresh and fruity natural red from Duch\u00e9 d&#039;Uz\u00e8s. Cinsault and Grenache blend with bright red berries and a light, vibrant palate \u2014 perfect with Mediterranean cuisine and soft cheeses.\" \/>\n<meta name=\"robots\" content=\"index, follow, max-snippet:-1, max-image-preview:large, max-video-preview:-1\" \/>\n<link rel=\"canonical\" href=\"https:\/\/vavin.tw\/es\/producto\/domaine-puech-redon-le-sourire-disaure-2021\/\" \/>\n<meta property=\"og:locale\" content=\"es_ES\" \/>\n<meta property=\"og:type\" content=\"article\" \/>\n<meta property=\"og:title\" content=\"Domaine Puech Redon Le Sourire d&#039;Isaure 2021\" \/>\n<meta property=\"og:description\" content=\"Puech Redon Le Sourire d&#039;Isaure 2021 \u2014 a fresh and fruity natural red from Duch\u00e9 d&#039;Uz\u00e8s. Cinsault and Grenache blend with bright red berries and a light, vibrant palate \u2014 perfect with Mediterranean cuisine and soft cheeses.\" \/>\n<meta property=\"og:url\" content=\"https:\/\/vavin.tw\/es\/producto\/domaine-puech-redon-le-sourire-disaure-2021\/\" \/>\n<meta property=\"og:site_name\" content=\"Vavin \u9152\u76d2\u5b50\" \/>\n<meta property=\"article:publisher\" content=\"https:\/\/www.facebook.com\/vavintw\" \/>\n<meta property=\"article:modified_time\" content=\"2025-07-25T04:07:47+00:00\" \/>\n<meta property=\"og:image\" content=\"https:\/\/vavin.tw\/wp-content\/uploads\/2025\/03\/Chateau-Puech-Redon-Le-Sourire-dIsaure-Red-2021.png\" \/>\n\t<meta property=\"og:image:width\" content=\"400\" \/>\n\t<meta property=\"og:image:height\" content=\"600\" \/>\n\t<meta property=\"og:image:type\" content=\"image\/png\" \/>\n<meta name=\"twitter:card\" content=\"summary_large_image\" \/>\n<meta name=\"twitter:label1\" content=\"Tiempo de lectura\" \/>\n\t<meta name=\"twitter:data1\" content=\"2 minutos\" \/>\n<script type=\"application\/ld+json\" class=\"yoast-schema-graph\">{\"@context\":\"https:\\\/\\\/schema.org\",\"@graph\":[{\"@type\":\"WebPage\",\"@id\":\"https:\\\/\\\/vavin.tw\\\/product\\\/domaine-puech-redon-le-sourire-disaure-2021\\\/\",\"url\":\"https:\\\/\\\/vavin.tw\\\/product\\\/domaine-puech-redon-le-sourire-disaure-2021\\\/\",\"name\":\"Domaine Puech Redon Le Sourire d'Isaure 2021 - Vavin \u9152\u76d2\u5b50\",\"isPartOf\":{\"@id\":\"https:\\\/\\\/vavin.tw\\\/#website\"},\"primaryImageOfPage\":{\"@id\":\"https:\\\/\\\/vavin.tw\\\/product\\\/domaine-puech-redon-le-sourire-disaure-2021\\\/#primaryimage\"},\"image\":{\"@id\":\"https:\\\/\\\/vavin.tw\\\/product\\\/domaine-puech-redon-le-sourire-disaure-2021\\\/#primaryimage\"},\"thumbnailUrl\":\"https:\\\/\\\/vavin.tw\\\/wp-content\\\/uploads\\\/2025\\\/03\\\/Chateau-Puech-Redon-Le-Sourire-dIsaure-Red-2021.png\",\"datePublished\":\"2025-03-08T10:37:18+00:00\",\"dateModified\":\"2025-07-25T04:07:47+00:00\",\"description\":\"Puech Redon Le Sourire d'Isaure 2021 \u2014 a fresh and fruity natural red from Duch\u00e9 d'Uz\u00e8s. Cinsault and Grenache blend with bright red berries and a light, vibrant palate \u2014 perfect with Mediterranean cuisine and soft cheeses.\",\"breadcrumb\":{\"@id\":\"https:\\\/\\\/vavin.tw\\\/product\\\/domaine-puech-redon-le-sourire-disaure-2021\\\/#breadcrumb\"},\"inLanguage\":\"es\",\"potentialAction\":[{\"@type\":\"ReadAction\",\"target\":[\"https:\\\/\\\/vavin.tw\\\/product\\\/domaine-puech-redon-le-sourire-disaure-2021\\\/\"]}]},{\"@type\":\"ImageObject\",\"inLanguage\":\"es\",\"@id\":\"https:\\\/\\\/vavin.tw\\\/product\\\/domaine-puech-redon-le-sourire-disaure-2021\\\/#primaryimage\",\"url\":\"https:\\\/\\\/vavin.tw\\\/wp-content\\\/uploads\\\/2025\\\/03\\\/Chateau-Puech-Redon-Le-Sourire-dIsaure-Red-2021.png\",\"contentUrl\":\"https:\\\/\\\/vavin.tw\\\/wp-content\\\/uploads\\\/2025\\\/03\\\/Chateau-Puech-Redon-Le-Sourire-dIsaure-Red-2021.png\",\"width\":400,\"height\":600},{\"@type\":\"BreadcrumbList\",\"@id\":\"https:\\\/\\\/vavin.tw\\\/product\\\/domaine-puech-redon-le-sourire-disaure-2021\\\/#breadcrumb\",\"itemListElement\":[{\"@type\":\"ListItem\",\"position\":1,\"name\":\"Home\",\"item\":\"https:\\\/\\\/vavin.tw\\\/\"},{\"@type\":\"ListItem\",\"position\":2,\"name\":\"Products\",\"item\":\"https:\\\/\\\/vavin.tw\\\/shop\\\/\"},{\"@type\":\"ListItem\",\"position\":3,\"name\":\"Domaine Puech Redon Le Sourire d&rsquo;Isaure 2021\"}]},{\"@type\":\"WebSite\",\"@id\":\"https:\\\/\\\/vavin.tw\\\/#website\",\"url\":\"https:\\\/\\\/vavin.tw\\\/\",\"name\":\"Vavin \u9152\u76d2\u5b50\",\"description\":\"Savor the Art of Wine\",\"publisher\":{\"@id\":\"https:\\\/\\\/vavin.tw\\\/#organization\"},\"potentialAction\":[{\"@type\":\"SearchAction\",\"target\":{\"@type\":\"EntryPoint\",\"urlTemplate\":\"https:\\\/\\\/vavin.tw\\\/?s={search_term_string}\"},\"query-input\":{\"@type\":\"PropertyValueSpecification\",\"valueRequired\":true,\"valueName\":\"search_term_string\"}}],\"inLanguage\":\"es\"},{\"@type\":\"Organization\",\"@id\":\"https:\\\/\\\/vavin.tw\\\/#organization\",\"name\":\"Vavin \u9152\u76d2\u5b50\",\"url\":\"https:\\\/\\\/vavin.tw\\\/\",\"logo\":{\"@type\":\"ImageObject\",\"inLanguage\":\"es\",\"@id\":\"https:\\\/\\\/vavin.tw\\\/#\\\/schema\\\/logo\\\/image\\\/\",\"url\":\"https:\\\/\\\/vavin.tw\\\/wp-content\\\/uploads\\\/2023\\\/03\\\/cropped-favicon-violet-v1.png\",\"contentUrl\":\"https:\\\/\\\/vavin.tw\\\/wp-content\\\/uploads\\\/2023\\\/03\\\/cropped-favicon-violet-v1.png\",\"width\":512,\"height\":512,\"caption\":\"Vavin \u9152\u76d2\u5b50\"},\"image\":{\"@id\":\"https:\\\/\\\/vavin.tw\\\/#\\\/schema\\\/logo\\\/image\\\/\"},\"sameAs\":[\"https:\\\/\\\/www.facebook.com\\\/vavintw\",\"https:\\\/\\\/www.instagram.com\\\/vavin_tw\"]}]}<\/script>\n<!-- \/ Yoast SEO Premium plugin. -->","yoast_head_json":{"title":"Domaine Puech Redon Le Sourire d'Isaure 2021 - Caja de vinos Vavin","description":"Puech Redon Le Sourire d'Isaure 2021 \u2014 un vino tinto natural fresco y afrutado de Duch\u00e9 d'Uz\u00e8s. Una mezcla de Cinsault y Garnacha con brillantes frutos rojos y un paladar ligero y vibrante \u2014 perfecto con cocina mediterr\u00e1nea y quesos blandos.","robots":{"index":"index","follow":"follow","max-snippet":"max-snippet:-1","max-image-preview":"max-image-preview:large","max-video-preview":"max-video-preview:-1"},"canonical":"https:\/\/vavin.tw\/es\/producto\/domaine-puech-redon-le-sourire-disaure-2021\/","og_locale":"es_ES","og_type":"article","og_title":"Domaine Puech Redon Le Sourire d'Isaure 2021","og_description":"Puech Redon Le Sourire d'Isaure 2021 \u2014 a fresh and fruity natural red from Duch\u00e9 d'Uz\u00e8s. Cinsault and Grenache blend with bright red berries and a light, vibrant palate \u2014 perfect with Mediterranean cuisine and soft cheeses.","og_url":"https:\/\/vavin.tw\/es\/producto\/domaine-puech-redon-le-sourire-disaure-2021\/","og_site_name":"Vavin \u9152\u76d2\u5b50","article_publisher":"https:\/\/www.facebook.com\/vavintw","article_modified_time":"2025-07-25T04:07:47+00:00","og_image":[{"width":400,"height":600,"url":"https:\/\/vavin.tw\/wp-content\/uploads\/2025\/03\/Chateau-Puech-Redon-Le-Sourire-dIsaure-Red-2021.png","type":"image\/png"}],"twitter_card":"summary_large_image","twitter_misc":{"Tiempo de lectura":"2 minutos"},"schema":{"@context":"https:\/\/schema.org","@graph":[{"@type":"WebPage","@id":"https:\/\/vavin.tw\/product\/domaine-puech-redon-le-sourire-disaure-2021\/","url":"https:\/\/vavin.tw\/product\/domaine-puech-redon-le-sourire-disaure-2021\/","name":"Domaine Puech Redon Le Sourire d'Isaure 2021 - Caja de vinos Vavin","isPartOf":{"@id":"https:\/\/vavin.tw\/#website"},"primaryImageOfPage":{"@id":"https:\/\/vavin.tw\/product\/domaine-puech-redon-le-sourire-disaure-2021\/#primaryimage"},"image":{"@id":"https:\/\/vavin.tw\/product\/domaine-puech-redon-le-sourire-disaure-2021\/#primaryimage"},"thumbnailUrl":"https:\/\/vavin.tw\/wp-content\/uploads\/2025\/03\/Chateau-Puech-Redon-Le-Sourire-dIsaure-Red-2021.png","datePublished":"2025-03-08T10:37:18+00:00","dateModified":"2025-07-25T04:07:47+00:00","description":"Puech Redon Le Sourire d'Isaure 2021 \u2014 un vino tinto natural fresco y afrutado de Duch\u00e9 d'Uz\u00e8s. Una mezcla de Cinsault y Garnacha con brillantes frutos rojos y un paladar ligero y vibrante \u2014 perfecto con cocina mediterr\u00e1nea y quesos blandos.","breadcrumb":{"@id":"https:\/\/vavin.tw\/product\/domaine-puech-redon-le-sourire-disaure-2021\/#breadcrumb"},"inLanguage":"es","potentialAction":[{"@type":"ReadAction","target":["https:\/\/vavin.tw\/product\/domaine-puech-redon-le-sourire-disaure-2021\/"]}]},{"@type":"ImageObject","inLanguage":"es","@id":"https:\/\/vavin.tw\/product\/domaine-puech-redon-le-sourire-disaure-2021\/#primaryimage","url":"https:\/\/vavin.tw\/wp-content\/uploads\/2025\/03\/Chateau-Puech-Redon-Le-Sourire-dIsaure-Red-2021.png","contentUrl":"https:\/\/vavin.tw\/wp-content\/uploads\/2025\/03\/Chateau-Puech-Redon-Le-Sourire-dIsaure-Red-2021.png","width":400,"height":600},{"@type":"BreadcrumbList","@id":"https:\/\/vavin.tw\/product\/domaine-puech-redon-le-sourire-disaure-2021\/#breadcrumb","itemListElement":[{"@type":"ListItem","position":1,"name":"Home","item":"https:\/\/vavin.tw\/"},{"@type":"ListItem","position":2,"name":"Products","item":"https:\/\/vavin.tw\/shop\/"},{"@type":"ListItem","position":3,"name":"Domaine Puech Redon Le Sourire d&rsquo;Isaure 2021"}]},{"@type":"WebSite","@id":"https:\/\/vavin.tw\/#website","url":"https:\/\/vavin.tw\/","name":"Vavin","description":"Saborea el arte del vino","publisher":{"@id":"https:\/\/vavin.tw\/#organization"},"potentialAction":[{"@type":"SearchAction","target":{"@type":"EntryPoint","urlTemplate":"https:\/\/vavin.tw\/?s={search_term_string}"},"query-input":{"@type":"PropertyValueSpecification","valueRequired":true,"valueName":"search_term_string"}}],"inLanguage":"es"},{"@type":"Organization","@id":"https:\/\/vavin.tw\/#organization","name":"Vavin","url":"https:\/\/vavin.tw\/","logo":{"@type":"ImageObject","inLanguage":"es","@id":"https:\/\/vavin.tw\/#\/schema\/logo\/image\/","url":"https:\/\/vavin.tw\/wp-content\/uploads\/2023\/03\/cropped-favicon-violet-v1.png","contentUrl":"https:\/\/vavin.tw\/wp-content\/uploads\/2023\/03\/cropped-favicon-violet-v1.png","width":512,"height":512,"caption":"Vavin \u9152\u76d2\u5b50"},"image":{"@id":"https:\/\/vavin.tw\/#\/schema\/logo\/image\/"},"sameAs":["https:\/\/www.facebook.com\/vavintw","https:\/\/www.instagram.com\/vavin_tw"]}]}},"_links":{"self":[{"href":"https:\/\/vavin.tw\/es\/wp-json\/wp\/v2\/product\/999193","targetHints":{"allow":["GET"]}}],"collection":[{"href":"https:\/\/vavin.tw\/es\/wp-json\/wp\/v2\/product"}],"about":[{"href":"https:\/\/vavin.tw\/es\/wp-json\/wp\/v2\/types\/product"}],"replies":[{"embeddable":true,"href":"https:\/\/vavin.tw\/es\/wp-json\/wp\/v2\/comments?post=999193"}],"version-history":[{"count":0,"href":"https:\/\/vavin.tw\/es\/wp-json\/wp\/v2\/product\/999193\/revisions"}],"wp:featuredmedia":[{"embeddable":true,"href":"https:\/\/vavin.tw\/es\/wp-json\/wp\/v2\/media\/999373"}],"wp:attachment":[{"href":"https:\/\/vavin.tw\/es\/wp-json\/wp\/v2\/media?parent=999193"}],"wp:term":[{"taxonomy":"product_brand","embeddable":true,"href":"https:\/\/vavin.tw\/es\/wp-json\/wp\/v2\/product_brand?post=999193"},{"taxonomy":"product_cat","embeddable":true,"href":"https:\/\/vavin.tw\/es\/wp-json\/wp\/v2\/product_cat?post=999193"},{"taxonomy":"product_tag","embeddable":true,"href":"https:\/\/vavin.tw\/es\/wp-json\/wp\/v2\/product_tag?post=999193"}],"curies":[{"name":"wp","href":"https:\/\/api.w.org\/{rel}","templated":true}]}}