{"id":1000250,"date":"2025-04-12T17:10:16","date_gmt":"2025-04-12T09:10:16","guid":{"rendered":"https:\/\/vavin.tw\/?post_type=product&#038;p=1000250"},"modified":"2025-04-19T05:14:20","modified_gmt":"2025-04-18T21:14:20","slug":"chez-bix-breakfast-sausage","status":"publish","type":"product","link":"https:\/\/vavin.tw\/fr\/product\/chez-bix-breakfast-sausage\/","title":{"rendered":"Chez Bix Saucisses pour le petit-d\u00e9jeuner"},"content":{"rendered":"<div class=\"vgblk-rw-wrapper limit-wrapper\"><strong>Poids :<\/strong> 360g (6 x 60g)<br \/>\n<strong>Viande :<\/strong> 100% porc frais (certifi\u00e9 CAS)<br \/>\n<strong>Origine :<\/strong> Fabriqu\u00e9 \u00e0 Ta\u00efwan<br \/>\n<strong>Exp\u00e9dition<\/strong> Livraison r\u00e9frig\u00e9r\u00e9e (Black Cat)<\/p>\n<hr \/>\n<h3>Description<\/h3>\n<p><strong>Light, juicy, and family-friendly<\/strong> \u2014 Chez Bix Breakfast Sausage is the perfect start to your day. These sausages are delicately seasoned to complement your morning eggs or toast. Ready in just 10 minutes, they bring a delightful aroma and taste to your breakfast table.<\/p>\n<hr \/>\n<h3>Ingr\u00e9dients<\/h3>\n<ul>\n<li>Porc frais (certifi\u00e9 CAS)<\/li>\n<li>Herbes et \u00e9pices naturelles<\/li>\n<li>Envelopp\u00e9 dans un boyau naturel (certifi\u00e9 ISO)<\/li>\n<\/ul>\n<hr \/>\n<h3>Ce qu'il n'y a pas \u00e0 l'int\u00e9rieur<\/h3>\n<ul>\n<li>Sans sucre<\/li>\n<li>Sans additifs<\/li>\n<li>Sans conservateurs<\/li>\n<li>Sans nitrates ni phosphates<\/li>\n<li>Pas de miettes de pain<\/li>\n<li>Aucun ar\u00f4me artificiel<\/li>\n<\/ul>\n<hr \/>\n<h3>Comment profiter<\/h3>\n<ul>\n<li>Pan-fry and serve with sunny-side-up eggs<\/li>\n<li>Slice into breakfast wraps or sandwiches<\/li>\n<li>Pair with roasted vegetables for a hearty brunch<\/li>\n<\/ul>\n<hr \/>\n<hr \/>\n<p>&nbsp;<\/p>\n<p><iframe title=\"Lecteur vid\u00e9o YouTube\" src=\"https:\/\/www.youtube.com\/embed\/HTpKE6Mt9zk\" width=\"560\" height=\"315\" frameborder=\"0\" allowfullscreen=\"allowfullscreen\"><\/iframe><\/div>\n<p><!-- .vgblk-rw-wrapper --><\/p>","protected":false},"excerpt":{"rendered":"<p>Weight: 360g (6 x 60g) Meat: 100% fresh pork (CAS-certified) Origin: Made in Taiwan Shipping: Frozen delivery (Black Cat) Description Light, juicy, and family-friendly \u2014 Chez Bix Breakfast Sausage is the perfect start to your day. These sausages are delicately seasoned to complement your morning eggs or toast. Ready in just 10 minutes, they bring&#8230;<\/p>","protected":false},"featured_media":1000251,"comment_status":"open","ping_status":"closed","template":"","meta":[],"product_brand":[],"product_cat":[246],"product_tag":[247,249],"class_list":{"0":"post-1000250","1":"product","2":"type-product","3":"status-publish","4":"has-post-thumbnail","6":"product_cat-gourmet","7":"product_tag-charcuterie","8":"product_tag-sausage","10":"first","11":"instock","12":"shipping-taxable","13":"product-type-simple"},"yoast_head":"<!-- This site is optimized with the Yoast SEO Premium plugin v27.2 (Yoast SEO v27.3) - https:\/\/yoast.com\/product\/yoast-seo-premium-wordpress\/ -->\n<title>Chez Bix Breakfast Sausage - Vavin \u9152\u76d2\u5b50<\/title>\n<meta name=\"description\" content=\"Start your day with Chez Bix Breakfast Sausages \u2014 delicately seasoned, ready in 10 min, and perfect with eggs or toast. Flavorful mornings await.\" \/>\n<meta name=\"robots\" content=\"index, follow, max-snippet:-1, max-image-preview:large, max-video-preview:-1\" \/>\n<link rel=\"canonical\" href=\"https:\/\/vavin.tw\/fr\/produit\/chez-bix-breakfast-sausage\/\" \/>\n<meta property=\"og:locale\" content=\"fr_FR\" \/>\n<meta property=\"og:type\" content=\"article\" \/>\n<meta property=\"og:title\" content=\"Chez Bix Breakfast Sausage\" \/>\n<meta property=\"og:description\" content=\"Start your day with Chez Bix Breakfast Sausages \u2014 delicately seasoned, ready in 10 min, and perfect with eggs or toast. Flavorful mornings await.\" \/>\n<meta property=\"og:url\" content=\"https:\/\/vavin.tw\/fr\/produit\/chez-bix-breakfast-sausage\/\" \/>\n<meta property=\"og:site_name\" content=\"Vavin \u9152\u76d2\u5b50\" \/>\n<meta property=\"article:publisher\" content=\"https:\/\/www.facebook.com\/vavintw\" \/>\n<meta property=\"article:modified_time\" content=\"2025-04-18T21:14:20+00:00\" \/>\n<meta property=\"og:image\" content=\"https:\/\/vavin.tw\/wp-content\/uploads\/2025\/04\/Breakfast-\u65e9\u9910\u8178.png\" \/>\n\t<meta property=\"og:image:width\" content=\"400\" \/>\n\t<meta property=\"og:image:height\" content=\"600\" \/>\n\t<meta property=\"og:image:type\" content=\"image\/png\" \/>\n<meta name=\"twitter:card\" content=\"summary_large_image\" \/>\n<meta name=\"twitter:label1\" content=\"Dur\u00e9e de lecture estim\u00e9e\" \/>\n\t<meta name=\"twitter:data1\" content=\"1 minute\" \/>\n<script type=\"application\/ld+json\" class=\"yoast-schema-graph\">{\"@context\":\"https:\\\/\\\/schema.org\",\"@graph\":[{\"@type\":\"WebPage\",\"@id\":\"https:\\\/\\\/vavin.tw\\\/product\\\/chez-bix-breakfast-sausage\\\/\",\"url\":\"https:\\\/\\\/vavin.tw\\\/product\\\/chez-bix-breakfast-sausage\\\/\",\"name\":\"Chez Bix Breakfast Sausage - Vavin \u9152\u76d2\u5b50\",\"isPartOf\":{\"@id\":\"https:\\\/\\\/vavin.tw\\\/#website\"},\"primaryImageOfPage\":{\"@id\":\"https:\\\/\\\/vavin.tw\\\/product\\\/chez-bix-breakfast-sausage\\\/#primaryimage\"},\"image\":{\"@id\":\"https:\\\/\\\/vavin.tw\\\/product\\\/chez-bix-breakfast-sausage\\\/#primaryimage\"},\"thumbnailUrl\":\"https:\\\/\\\/vavin.tw\\\/wp-content\\\/uploads\\\/2025\\\/04\\\/Breakfast-\u65e9\u9910\u8178.png\",\"datePublished\":\"2025-04-12T09:10:16+00:00\",\"dateModified\":\"2025-04-18T21:14:20+00:00\",\"description\":\"Start your day with Chez Bix Breakfast Sausages \u2014 delicately seasoned, ready in 10 min, and perfect with eggs or toast. Flavorful mornings await.\",\"breadcrumb\":{\"@id\":\"https:\\\/\\\/vavin.tw\\\/product\\\/chez-bix-breakfast-sausage\\\/#breadcrumb\"},\"inLanguage\":\"fr-FR\",\"potentialAction\":[{\"@type\":\"ReadAction\",\"target\":[\"https:\\\/\\\/vavin.tw\\\/product\\\/chez-bix-breakfast-sausage\\\/\"]}]},{\"@type\":\"ImageObject\",\"inLanguage\":\"fr-FR\",\"@id\":\"https:\\\/\\\/vavin.tw\\\/product\\\/chez-bix-breakfast-sausage\\\/#primaryimage\",\"url\":\"https:\\\/\\\/vavin.tw\\\/wp-content\\\/uploads\\\/2025\\\/04\\\/Breakfast-\u65e9\u9910\u8178.png\",\"contentUrl\":\"https:\\\/\\\/vavin.tw\\\/wp-content\\\/uploads\\\/2025\\\/04\\\/Breakfast-\u65e9\u9910\u8178.png\",\"width\":400,\"height\":600},{\"@type\":\"BreadcrumbList\",\"@id\":\"https:\\\/\\\/vavin.tw\\\/product\\\/chez-bix-breakfast-sausage\\\/#breadcrumb\",\"itemListElement\":[{\"@type\":\"ListItem\",\"position\":1,\"name\":\"Home\",\"item\":\"https:\\\/\\\/vavin.tw\\\/\"},{\"@type\":\"ListItem\",\"position\":2,\"name\":\"Products\",\"item\":\"https:\\\/\\\/vavin.tw\\\/shop\\\/\"},{\"@type\":\"ListItem\",\"position\":3,\"name\":\"Chez Bix Breakfast Sausage\"}]},{\"@type\":\"WebSite\",\"@id\":\"https:\\\/\\\/vavin.tw\\\/#website\",\"url\":\"https:\\\/\\\/vavin.tw\\\/\",\"name\":\"Vavin \u9152\u76d2\u5b50\",\"description\":\"Savor the Art of Wine\",\"publisher\":{\"@id\":\"https:\\\/\\\/vavin.tw\\\/#organization\"},\"potentialAction\":[{\"@type\":\"SearchAction\",\"target\":{\"@type\":\"EntryPoint\",\"urlTemplate\":\"https:\\\/\\\/vavin.tw\\\/?s={search_term_string}\"},\"query-input\":{\"@type\":\"PropertyValueSpecification\",\"valueRequired\":true,\"valueName\":\"search_term_string\"}}],\"inLanguage\":\"fr-FR\"},{\"@type\":\"Organization\",\"@id\":\"https:\\\/\\\/vavin.tw\\\/#organization\",\"name\":\"Vavin \u9152\u76d2\u5b50\",\"url\":\"https:\\\/\\\/vavin.tw\\\/\",\"logo\":{\"@type\":\"ImageObject\",\"inLanguage\":\"fr-FR\",\"@id\":\"https:\\\/\\\/vavin.tw\\\/#\\\/schema\\\/logo\\\/image\\\/\",\"url\":\"https:\\\/\\\/vavin.tw\\\/wp-content\\\/uploads\\\/2023\\\/03\\\/cropped-favicon-violet-v1.png\",\"contentUrl\":\"https:\\\/\\\/vavin.tw\\\/wp-content\\\/uploads\\\/2023\\\/03\\\/cropped-favicon-violet-v1.png\",\"width\":512,\"height\":512,\"caption\":\"Vavin \u9152\u76d2\u5b50\"},\"image\":{\"@id\":\"https:\\\/\\\/vavin.tw\\\/#\\\/schema\\\/logo\\\/image\\\/\"},\"sameAs\":[\"https:\\\/\\\/www.facebook.com\\\/vavintw\",\"https:\\\/\\\/www.instagram.com\\\/vavin_tw\"]}]}<\/script>\n<!-- \/ Yoast SEO Premium plugin. -->","yoast_head_json":{"title":"Chez Bix Breakfast Sausage - Vavin \u9152\u76d2\u5b50","description":"Start your day with Chez Bix Breakfast Sausages \u2014 delicately seasoned, ready in 10 min, and perfect with eggs or toast. Flavorful mornings await.","robots":{"index":"index","follow":"follow","max-snippet":"max-snippet:-1","max-image-preview":"max-image-preview:large","max-video-preview":"max-video-preview:-1"},"canonical":"https:\/\/vavin.tw\/fr\/produit\/chez-bix-breakfast-sausage\/","og_locale":"fr_FR","og_type":"article","og_title":"Chez Bix Breakfast Sausage","og_description":"Start your day with Chez Bix Breakfast Sausages \u2014 delicately seasoned, ready in 10 min, and perfect with eggs or toast. Flavorful mornings await.","og_url":"https:\/\/vavin.tw\/fr\/produit\/chez-bix-breakfast-sausage\/","og_site_name":"Vavin \u9152\u76d2\u5b50","article_publisher":"https:\/\/www.facebook.com\/vavintw","article_modified_time":"2025-04-18T21:14:20+00:00","og_image":[{"width":400,"height":600,"url":"https:\/\/vavin.tw\/wp-content\/uploads\/2025\/04\/Breakfast-\u65e9\u9910\u8178.png","type":"image\/png"}],"twitter_card":"summary_large_image","twitter_misc":{"Dur\u00e9e de lecture estim\u00e9e":"1 minute"},"schema":{"@context":"https:\/\/schema.org","@graph":[{"@type":"WebPage","@id":"https:\/\/vavin.tw\/product\/chez-bix-breakfast-sausage\/","url":"https:\/\/vavin.tw\/product\/chez-bix-breakfast-sausage\/","name":"Chez Bix Breakfast Sausage - Vavin \u9152\u76d2\u5b50","isPartOf":{"@id":"https:\/\/vavin.tw\/#website"},"primaryImageOfPage":{"@id":"https:\/\/vavin.tw\/product\/chez-bix-breakfast-sausage\/#primaryimage"},"image":{"@id":"https:\/\/vavin.tw\/product\/chez-bix-breakfast-sausage\/#primaryimage"},"thumbnailUrl":"https:\/\/vavin.tw\/wp-content\/uploads\/2025\/04\/Breakfast-\u65e9\u9910\u8178.png","datePublished":"2025-04-12T09:10:16+00:00","dateModified":"2025-04-18T21:14:20+00:00","description":"Start your day with Chez Bix Breakfast Sausages \u2014 delicately seasoned, ready in 10 min, and perfect with eggs or toast. Flavorful mornings await.","breadcrumb":{"@id":"https:\/\/vavin.tw\/product\/chez-bix-breakfast-sausage\/#breadcrumb"},"inLanguage":"fr-FR","potentialAction":[{"@type":"ReadAction","target":["https:\/\/vavin.tw\/product\/chez-bix-breakfast-sausage\/"]}]},{"@type":"ImageObject","inLanguage":"fr-FR","@id":"https:\/\/vavin.tw\/product\/chez-bix-breakfast-sausage\/#primaryimage","url":"https:\/\/vavin.tw\/wp-content\/uploads\/2025\/04\/Breakfast-\u65e9\u9910\u8178.png","contentUrl":"https:\/\/vavin.tw\/wp-content\/uploads\/2025\/04\/Breakfast-\u65e9\u9910\u8178.png","width":400,"height":600},{"@type":"BreadcrumbList","@id":"https:\/\/vavin.tw\/product\/chez-bix-breakfast-sausage\/#breadcrumb","itemListElement":[{"@type":"ListItem","position":1,"name":"Home","item":"https:\/\/vavin.tw\/"},{"@type":"ListItem","position":2,"name":"Products","item":"https:\/\/vavin.tw\/shop\/"},{"@type":"ListItem","position":3,"name":"Chez Bix Breakfast Sausage"}]},{"@type":"WebSite","@id":"https:\/\/vavin.tw\/#website","url":"https:\/\/vavin.tw\/","name":"Vavin","description":"Savoure l\u2019art du vin","publisher":{"@id":"https:\/\/vavin.tw\/#organization"},"potentialAction":[{"@type":"SearchAction","target":{"@type":"EntryPoint","urlTemplate":"https:\/\/vavin.tw\/?s={search_term_string}"},"query-input":{"@type":"PropertyValueSpecification","valueRequired":true,"valueName":"search_term_string"}}],"inLanguage":"fr-FR"},{"@type":"Organization","@id":"https:\/\/vavin.tw\/#organization","name":"Vavin","url":"https:\/\/vavin.tw\/","logo":{"@type":"ImageObject","inLanguage":"fr-FR","@id":"https:\/\/vavin.tw\/#\/schema\/logo\/image\/","url":"https:\/\/vavin.tw\/wp-content\/uploads\/2023\/03\/cropped-favicon-violet-v1.png","contentUrl":"https:\/\/vavin.tw\/wp-content\/uploads\/2023\/03\/cropped-favicon-violet-v1.png","width":512,"height":512,"caption":"Vavin \u9152\u76d2\u5b50"},"image":{"@id":"https:\/\/vavin.tw\/#\/schema\/logo\/image\/"},"sameAs":["https:\/\/www.facebook.com\/vavintw","https:\/\/www.instagram.com\/vavin_tw"]}]}},"_links":{"self":[{"href":"https:\/\/vavin.tw\/fr\/wp-json\/wp\/v2\/product\/1000250","targetHints":{"allow":["GET"]}}],"collection":[{"href":"https:\/\/vavin.tw\/fr\/wp-json\/wp\/v2\/product"}],"about":[{"href":"https:\/\/vavin.tw\/fr\/wp-json\/wp\/v2\/types\/product"}],"replies":[{"embeddable":true,"href":"https:\/\/vavin.tw\/fr\/wp-json\/wp\/v2\/comments?post=1000250"}],"version-history":[{"count":0,"href":"https:\/\/vavin.tw\/fr\/wp-json\/wp\/v2\/product\/1000250\/revisions"}],"wp:featuredmedia":[{"embeddable":true,"href":"https:\/\/vavin.tw\/fr\/wp-json\/wp\/v2\/media\/1000251"}],"wp:attachment":[{"href":"https:\/\/vavin.tw\/fr\/wp-json\/wp\/v2\/media?parent=1000250"}],"wp:term":[{"taxonomy":"product_brand","embeddable":true,"href":"https:\/\/vavin.tw\/fr\/wp-json\/wp\/v2\/product_brand?post=1000250"},{"taxonomy":"product_cat","embeddable":true,"href":"https:\/\/vavin.tw\/fr\/wp-json\/wp\/v2\/product_cat?post=1000250"},{"taxonomy":"product_tag","embeddable":true,"href":"https:\/\/vavin.tw\/fr\/wp-json\/wp\/v2\/product_tag?post=1000250"}],"curies":[{"name":"wp","href":"https:\/\/api.w.org\/{rel}","templated":true}]}}