{"id":1000630,"date":"2025-04-19T19:18:16","date_gmt":"2025-04-19T11:18:16","guid":{"rendered":"https:\/\/vavin.tw\/?post_type=product&#038;p=1000630"},"modified":"2025-04-19T19:21:25","modified_gmt":"2025-04-19T11:21:25","slug":"romains-forest-honey","status":"publish","type":"product","link":"https:\/\/vavin.tw\/fr\/product\/romains-forest-honey\/","title":{"rendered":"Miel de For\u00eat de Romain"},"content":{"rendered":"<div class=\"vgblk-rw-wrapper limit-wrapper\">\n<h3>Emballage<\/h3>\n<p>500 g<\/p>\n<h3 class=\"text-lg font-semibold mb-2\">Description<\/h3>\n<p class=\"mb-4 text-base\">\nA premium forest honey that perfectly blends the richness of French wildflowers and fruit-bearing trees. <br \/>\nCombining nectar and honeydew, this complex and aromatic honey features wild woody notes alongside floral and fruity accents. <br \/>\nIt is crafted from fir, linden, chestnut honeydew and mixed with acacia and grape flower nectar \u2014 a concentrated expression of forest blossoms and tree sap. <br \/>\nBoth the aroma and taste are multi-layered and unforgettable.\n<\/p>\n<hr class=\"my-4\" \/>\n<h3 class=\"text-lg font-semibold mb-2\">Points forts<\/h3>\n<ul class=\"list-disc list-inside mb-4 text-base\">\n<li>Moderate sweetness with a smooth, velvety texture<\/li>\n<li>Amber hue with a translucent golden clarity<\/li>\n<li>Balanced aromas of wood, delicate flowers, and fresh fruit<\/li>\n<li>Rich in essential minerals and vitamins; known for anti-inflammatory and antioxidant properties<\/li>\n<li>Soutient la sant\u00e9 respiratoire et digestive, et aide \u00e0 renforcer le syst\u00e8me immunitaire<\/li>\n<\/ul>\n<hr class=\"my-4\" \/>\n<h3 class=\"text-lg font-semibold mb-2\">Utilisations recommand\u00e9es<\/h3>\n<ul class=\"list-disc list-inside mb-4 text-base\">\n<li>D\u00e9gustez directement \u00e0 la cuill\u00e8re<\/li>\n<li>M\u00e9langer avec de l'eau ti\u00e8de (en dessous de 45\u00b0C)<\/li>\n<li>Tartin\u00e9 sur du pain ou des fruits<\/li>\n<li>Ajouter au yaourt, au granola ou \u00e0 la cr\u00e8me glac\u00e9e<\/li>\n<li>Use in baking, cooking, or blend into tea<\/li>\n<\/ul>\n<hr class=\"my-4\" \/>\n<p class=\"italic text-base text-red-600\">Ne convient pas aux nourrissons de moins d'un an<\/p>\n<\/div>\n<p><!-- .vgblk-rw-wrapper --><\/p>","protected":false},"excerpt":{"rendered":"<p>Packaging 500g Description A premium forest honey that perfectly blends the richness of French wildflowers and fruit-bearing trees. Combining nectar and honeydew, this complex and aromatic honey features wild woody notes alongside floral and fruity accents. It is crafted from fir, linden, chestnut honeydew and mixed with acacia and grape flower nectar \u2014 a concentrated&#8230;<\/p>","protected":false},"featured_media":1000631,"comment_status":"open","ping_status":"closed","template":"","meta":[],"product_brand":[],"product_cat":[246],"product_tag":[254],"class_list":{"0":"post-1000630","1":"product","2":"type-product","3":"status-publish","4":"has-post-thumbnail","6":"product_cat-gourmet","7":"product_tag-honey","9":"first","10":"onbackorder","11":"shipping-taxable","12":"product-type-simple"},"yoast_head":"<!-- This site is optimized with the Yoast SEO Premium plugin v27.2 (Yoast SEO v27.3) - https:\/\/yoast.com\/product\/yoast-seo-premium-wordpress\/ -->\n<title>Romain&#039;s Forest Honey - Vavin \u9152\u76d2\u5b50<\/title>\n<meta name=\"description\" content=\"French forest honey \u2014 rich and complex, blending tree sap and wildflower nectar. Notes of fir, chestnut, acacia, and grape flowers in every spoonful.\" \/>\n<meta name=\"robots\" content=\"index, follow, max-snippet:-1, max-image-preview:large, max-video-preview:-1\" \/>\n<link rel=\"canonical\" href=\"https:\/\/vavin.tw\/fr\/produit\/romains-forest-honey\/\" \/>\n<meta property=\"og:locale\" content=\"fr_FR\" \/>\n<meta property=\"og:type\" content=\"article\" \/>\n<meta property=\"og:title\" content=\"Romain&#039;s Forest Honey\" \/>\n<meta property=\"og:description\" content=\"French forest honey \u2014 rich and complex, blending tree sap and wildflower nectar. Notes of fir, chestnut, acacia, and grape flowers in every spoonful.\" \/>\n<meta property=\"og:url\" content=\"https:\/\/vavin.tw\/fr\/produit\/romains-forest-honey\/\" \/>\n<meta property=\"og:site_name\" content=\"Vavin \u9152\u76d2\u5b50\" \/>\n<meta property=\"article:publisher\" content=\"https:\/\/www.facebook.com\/vavintw\" \/>\n<meta property=\"article:modified_time\" content=\"2025-04-19T11:21:25+00:00\" \/>\n<meta property=\"og:image\" content=\"https:\/\/vavin.tw\/wp-content\/uploads\/2025\/04\/miel-de-foret-001.png\" \/>\n\t<meta property=\"og:image:width\" content=\"400\" \/>\n\t<meta property=\"og:image:height\" content=\"600\" \/>\n\t<meta property=\"og:image:type\" content=\"image\/png\" \/>\n<meta name=\"twitter:card\" content=\"summary_large_image\" \/>\n<meta name=\"twitter:label1\" content=\"Dur\u00e9e de lecture estim\u00e9e\" \/>\n\t<meta name=\"twitter:data1\" content=\"1 minute\" \/>\n<script type=\"application\/ld+json\" class=\"yoast-schema-graph\">{\"@context\":\"https:\\\/\\\/schema.org\",\"@graph\":[{\"@type\":\"WebPage\",\"@id\":\"https:\\\/\\\/vavin.tw\\\/product\\\/romains-forest-honey\\\/\",\"url\":\"https:\\\/\\\/vavin.tw\\\/product\\\/romains-forest-honey\\\/\",\"name\":\"Romain's Forest Honey - Vavin \u9152\u76d2\u5b50\",\"isPartOf\":{\"@id\":\"https:\\\/\\\/vavin.tw\\\/#website\"},\"primaryImageOfPage\":{\"@id\":\"https:\\\/\\\/vavin.tw\\\/product\\\/romains-forest-honey\\\/#primaryimage\"},\"image\":{\"@id\":\"https:\\\/\\\/vavin.tw\\\/product\\\/romains-forest-honey\\\/#primaryimage\"},\"thumbnailUrl\":\"https:\\\/\\\/vavin.tw\\\/wp-content\\\/uploads\\\/2025\\\/04\\\/miel-de-foret-001.png\",\"datePublished\":\"2025-04-19T11:18:16+00:00\",\"dateModified\":\"2025-04-19T11:21:25+00:00\",\"description\":\"French forest honey \u2014 rich and complex, blending tree sap and wildflower nectar. Notes of fir, chestnut, acacia, and grape flowers in every spoonful.\",\"breadcrumb\":{\"@id\":\"https:\\\/\\\/vavin.tw\\\/product\\\/romains-forest-honey\\\/#breadcrumb\"},\"inLanguage\":\"fr-FR\",\"potentialAction\":[{\"@type\":\"ReadAction\",\"target\":[\"https:\\\/\\\/vavin.tw\\\/product\\\/romains-forest-honey\\\/\"]}]},{\"@type\":\"ImageObject\",\"inLanguage\":\"fr-FR\",\"@id\":\"https:\\\/\\\/vavin.tw\\\/product\\\/romains-forest-honey\\\/#primaryimage\",\"url\":\"https:\\\/\\\/vavin.tw\\\/wp-content\\\/uploads\\\/2025\\\/04\\\/miel-de-foret-001.png\",\"contentUrl\":\"https:\\\/\\\/vavin.tw\\\/wp-content\\\/uploads\\\/2025\\\/04\\\/miel-de-foret-001.png\",\"width\":400,\"height\":600},{\"@type\":\"BreadcrumbList\",\"@id\":\"https:\\\/\\\/vavin.tw\\\/product\\\/romains-forest-honey\\\/#breadcrumb\",\"itemListElement\":[{\"@type\":\"ListItem\",\"position\":1,\"name\":\"Home\",\"item\":\"https:\\\/\\\/vavin.tw\\\/\"},{\"@type\":\"ListItem\",\"position\":2,\"name\":\"Products\",\"item\":\"https:\\\/\\\/vavin.tw\\\/shop\\\/\"},{\"@type\":\"ListItem\",\"position\":3,\"name\":\"Romain&#8217;s Forest Honey\"}]},{\"@type\":\"WebSite\",\"@id\":\"https:\\\/\\\/vavin.tw\\\/#website\",\"url\":\"https:\\\/\\\/vavin.tw\\\/\",\"name\":\"Vavin \u9152\u76d2\u5b50\",\"description\":\"Savor the Art of Wine\",\"publisher\":{\"@id\":\"https:\\\/\\\/vavin.tw\\\/#organization\"},\"potentialAction\":[{\"@type\":\"SearchAction\",\"target\":{\"@type\":\"EntryPoint\",\"urlTemplate\":\"https:\\\/\\\/vavin.tw\\\/?s={search_term_string}\"},\"query-input\":{\"@type\":\"PropertyValueSpecification\",\"valueRequired\":true,\"valueName\":\"search_term_string\"}}],\"inLanguage\":\"fr-FR\"},{\"@type\":\"Organization\",\"@id\":\"https:\\\/\\\/vavin.tw\\\/#organization\",\"name\":\"Vavin \u9152\u76d2\u5b50\",\"url\":\"https:\\\/\\\/vavin.tw\\\/\",\"logo\":{\"@type\":\"ImageObject\",\"inLanguage\":\"fr-FR\",\"@id\":\"https:\\\/\\\/vavin.tw\\\/#\\\/schema\\\/logo\\\/image\\\/\",\"url\":\"https:\\\/\\\/vavin.tw\\\/wp-content\\\/uploads\\\/2023\\\/03\\\/cropped-favicon-violet-v1.png\",\"contentUrl\":\"https:\\\/\\\/vavin.tw\\\/wp-content\\\/uploads\\\/2023\\\/03\\\/cropped-favicon-violet-v1.png\",\"width\":512,\"height\":512,\"caption\":\"Vavin \u9152\u76d2\u5b50\"},\"image\":{\"@id\":\"https:\\\/\\\/vavin.tw\\\/#\\\/schema\\\/logo\\\/image\\\/\"},\"sameAs\":[\"https:\\\/\\\/www.facebook.com\\\/vavintw\",\"https:\\\/\\\/www.instagram.com\\\/vavin_tw\"]}]}<\/script>\n<!-- \/ Yoast SEO Premium plugin. -->","yoast_head_json":{"title":"Romain's Forest Honey - Vavin \u9152\u76d2\u5b50","description":"Miel de for\u00eat fran\u00e7ais - riche et complexe, m\u00e9lange de s\u00e8ve d'arbre et de nectar de fleurs sauvages. Des notes de sapin, de ch\u00e2taignier, d'acacia et de fleurs de vigne dans chaque cuiller\u00e9e.","robots":{"index":"index","follow":"follow","max-snippet":"max-snippet:-1","max-image-preview":"max-image-preview:large","max-video-preview":"max-video-preview:-1"},"canonical":"https:\/\/vavin.tw\/fr\/produit\/romains-forest-honey\/","og_locale":"fr_FR","og_type":"article","og_title":"Romain's Forest Honey","og_description":"French forest honey \u2014 rich and complex, blending tree sap and wildflower nectar. Notes of fir, chestnut, acacia, and grape flowers in every spoonful.","og_url":"https:\/\/vavin.tw\/fr\/produit\/romains-forest-honey\/","og_site_name":"Vavin \u9152\u76d2\u5b50","article_publisher":"https:\/\/www.facebook.com\/vavintw","article_modified_time":"2025-04-19T11:21:25+00:00","og_image":[{"width":400,"height":600,"url":"https:\/\/vavin.tw\/wp-content\/uploads\/2025\/04\/miel-de-foret-001.png","type":"image\/png"}],"twitter_card":"summary_large_image","twitter_misc":{"Dur\u00e9e de lecture estim\u00e9e":"1 minute"},"schema":{"@context":"https:\/\/schema.org","@graph":[{"@type":"WebPage","@id":"https:\/\/vavin.tw\/product\/romains-forest-honey\/","url":"https:\/\/vavin.tw\/product\/romains-forest-honey\/","name":"Romain's Forest Honey - Vavin \u9152\u76d2\u5b50","isPartOf":{"@id":"https:\/\/vavin.tw\/#website"},"primaryImageOfPage":{"@id":"https:\/\/vavin.tw\/product\/romains-forest-honey\/#primaryimage"},"image":{"@id":"https:\/\/vavin.tw\/product\/romains-forest-honey\/#primaryimage"},"thumbnailUrl":"https:\/\/vavin.tw\/wp-content\/uploads\/2025\/04\/miel-de-foret-001.png","datePublished":"2025-04-19T11:18:16+00:00","dateModified":"2025-04-19T11:21:25+00:00","description":"Miel de for\u00eat fran\u00e7ais - riche et complexe, m\u00e9lange de s\u00e8ve d'arbre et de nectar de fleurs sauvages. Des notes de sapin, de ch\u00e2taignier, d'acacia et de fleurs de vigne dans chaque cuiller\u00e9e.","breadcrumb":{"@id":"https:\/\/vavin.tw\/product\/romains-forest-honey\/#breadcrumb"},"inLanguage":"fr-FR","potentialAction":[{"@type":"ReadAction","target":["https:\/\/vavin.tw\/product\/romains-forest-honey\/"]}]},{"@type":"ImageObject","inLanguage":"fr-FR","@id":"https:\/\/vavin.tw\/product\/romains-forest-honey\/#primaryimage","url":"https:\/\/vavin.tw\/wp-content\/uploads\/2025\/04\/miel-de-foret-001.png","contentUrl":"https:\/\/vavin.tw\/wp-content\/uploads\/2025\/04\/miel-de-foret-001.png","width":400,"height":600},{"@type":"BreadcrumbList","@id":"https:\/\/vavin.tw\/product\/romains-forest-honey\/#breadcrumb","itemListElement":[{"@type":"ListItem","position":1,"name":"Home","item":"https:\/\/vavin.tw\/"},{"@type":"ListItem","position":2,"name":"Products","item":"https:\/\/vavin.tw\/shop\/"},{"@type":"ListItem","position":3,"name":"Romain&#8217;s Forest Honey"}]},{"@type":"WebSite","@id":"https:\/\/vavin.tw\/#website","url":"https:\/\/vavin.tw\/","name":"Vavin","description":"Savoure l\u2019art du vin","publisher":{"@id":"https:\/\/vavin.tw\/#organization"},"potentialAction":[{"@type":"SearchAction","target":{"@type":"EntryPoint","urlTemplate":"https:\/\/vavin.tw\/?s={search_term_string}"},"query-input":{"@type":"PropertyValueSpecification","valueRequired":true,"valueName":"search_term_string"}}],"inLanguage":"fr-FR"},{"@type":"Organization","@id":"https:\/\/vavin.tw\/#organization","name":"Vavin","url":"https:\/\/vavin.tw\/","logo":{"@type":"ImageObject","inLanguage":"fr-FR","@id":"https:\/\/vavin.tw\/#\/schema\/logo\/image\/","url":"https:\/\/vavin.tw\/wp-content\/uploads\/2023\/03\/cropped-favicon-violet-v1.png","contentUrl":"https:\/\/vavin.tw\/wp-content\/uploads\/2023\/03\/cropped-favicon-violet-v1.png","width":512,"height":512,"caption":"Vavin \u9152\u76d2\u5b50"},"image":{"@id":"https:\/\/vavin.tw\/#\/schema\/logo\/image\/"},"sameAs":["https:\/\/www.facebook.com\/vavintw","https:\/\/www.instagram.com\/vavin_tw"]}]}},"_links":{"self":[{"href":"https:\/\/vavin.tw\/fr\/wp-json\/wp\/v2\/product\/1000630","targetHints":{"allow":["GET"]}}],"collection":[{"href":"https:\/\/vavin.tw\/fr\/wp-json\/wp\/v2\/product"}],"about":[{"href":"https:\/\/vavin.tw\/fr\/wp-json\/wp\/v2\/types\/product"}],"replies":[{"embeddable":true,"href":"https:\/\/vavin.tw\/fr\/wp-json\/wp\/v2\/comments?post=1000630"}],"version-history":[{"count":0,"href":"https:\/\/vavin.tw\/fr\/wp-json\/wp\/v2\/product\/1000630\/revisions"}],"wp:featuredmedia":[{"embeddable":true,"href":"https:\/\/vavin.tw\/fr\/wp-json\/wp\/v2\/media\/1000631"}],"wp:attachment":[{"href":"https:\/\/vavin.tw\/fr\/wp-json\/wp\/v2\/media?parent=1000630"}],"wp:term":[{"taxonomy":"product_brand","embeddable":true,"href":"https:\/\/vavin.tw\/fr\/wp-json\/wp\/v2\/product_brand?post=1000630"},{"taxonomy":"product_cat","embeddable":true,"href":"https:\/\/vavin.tw\/fr\/wp-json\/wp\/v2\/product_cat?post=1000630"},{"taxonomy":"product_tag","embeddable":true,"href":"https:\/\/vavin.tw\/fr\/wp-json\/wp\/v2\/product_tag?post=1000630"}],"curies":[{"name":"wp","href":"https:\/\/api.w.org\/{rel}","templated":true}]}}