{"id":1000636,"date":"2025-04-19T19:22:37","date_gmt":"2025-04-19T11:22:37","guid":{"rendered":"https:\/\/vavin.tw\/?post_type=product&#038;p=1000636"},"modified":"2025-04-25T14:18:50","modified_gmt":"2025-04-25T06:18:50","slug":"miel-de-sapin-des-vosges","status":"publish","type":"product","link":"https:\/\/vavin.tw\/fr\/product\/romains-fir-tree-honey\/","title":{"rendered":"Miel de sapin de Romain"},"content":{"rendered":"<div class=\"vgblk-rw-wrapper limit-wrapper\">\n<h3>Emballage<\/h3>\n<p>500 g<\/p>\n<h3 class=\"text-lg font-semibold mb-2\">Description<\/h3>\n<p class=\"mb-4 text-base\">\nL'un des miels les plus rares et les plus pr\u00e9cieux de France, ce miel de miellat alsacien classique est diff\u00e9rent de tout miel floral ordinaire. <br \/>\nOriginaire des sapins, o\u00f9 les pucerons extraient la s\u00e8ve de l'arbre et s\u00e9cr\u00e8tent un liquide sucr\u00e9 appel\u00e9 miellat. <br \/>\nLes abeilles r\u00e9coltent ensuite ce miellat et le transforment dans la ruche en un miel riche, de couleur ambr\u00e9e, au caract\u00e8re audacieux et mature. <br \/>\nLe r\u00e9sultat est un miel cors\u00e9, multicouche, avec un go\u00fbt qui se d\u00e9marque.\n<\/p>\n<hr class=\"my-4\" \/>\n<h3 class=\"text-lg font-semibold mb-2\">Points forts<\/h3>\n<ul class=\"list-disc list-inside mb-4 text-base\">\n<li>Faible teneur en sucre et consistance \u00e9paisse et dense<\/li>\n<li>Couleur ambre fonc\u00e9 aux ar\u00f4mes distinctifs de bois de sapin et de ch\u00e2taignier<\/li>\n<li>Go\u00fbt riche, rappelant le caramel, avec de subtiles notes fum\u00e9es et \u00e9pic\u00e9es<\/li>\n<li>Riche en min\u00e9raux et vitamines, connu pour ses propri\u00e9t\u00e9s anti-inflammatoires et antioxydantes<\/li>\n<li>Soutient la sant\u00e9 respiratoire et digestive, et aide \u00e0 renforcer le syst\u00e8me immunitaire<\/li>\n<\/ul>\n<hr class=\"my-4\" \/>\n<h3 class=\"text-lg font-semibold mb-2\">Utilisations recommand\u00e9es<\/h3>\n<ul class=\"list-disc list-inside mb-4 text-base\">\n<li>D\u00e9gustez directement \u00e0 la cuill\u00e8re<\/li>\n<li>M\u00e9langer avec de l'eau ti\u00e8de (en dessous de 45\u00b0C)<\/li>\n<li>Tartin\u00e9 sur du pain ou des fruits<\/li>\n<li>Ajouter au yaourt, au granola ou \u00e0 la cr\u00e8me glac\u00e9e<\/li>\n<li>\u00c0 utiliser en cuisine, en p\u00e2tisserie, ou comme \u00e9dulcorant naturel dans le th\u00e9 ou le caf\u00e9<\/li>\n<\/ul>\n<hr class=\"my-4\" \/>\n<p class=\"italic text-base text-red-600\">Ne convient pas aux nourrissons de moins d'un an<\/p>\n<\/div>\n<p><!-- .vgblk-rw-wrapper --><\/p>","protected":false},"excerpt":{"rendered":"<p>Packaging 500g Description One of the rarest and most precious honeys from France, this classic Alsatian honeydew honey is unlike any regular floral honey. It originates from fir trees, where aphids extract tree sap and secrete a sweet liquid called honeydew. Bees then collect this honeydew and transform it in the hive into a rich,&#8230;<\/p>","protected":false},"featured_media":1000637,"comment_status":"open","ping_status":"closed","template":"","meta":[],"product_brand":[],"product_cat":[246],"product_tag":[254],"class_list":{"0":"post-1000636","1":"product","2":"type-product","3":"status-publish","4":"has-post-thumbnail","6":"product_cat-gourmet","7":"product_tag-honey","9":"first","10":"onbackorder","11":"shipping-taxable","12":"product-type-simple"},"yoast_head":"<!-- This site is optimized with the Yoast SEO Premium plugin v27.2 (Yoast SEO v27.3) - https:\/\/yoast.com\/product\/yoast-seo-premium-wordpress\/ -->\n<title>Romain&#039;s Fir Tree Honey - Vavin \u9152\u76d2\u5b50<\/title>\n<meta name=\"description\" content=\"French forest honey \u2014 rich and complex, blending tree sap and wildflower nectar. Notes of fir, chestnut, acacia, and grape flowers in every spoonful.\" \/>\n<meta name=\"robots\" content=\"index, follow, max-snippet:-1, max-image-preview:large, max-video-preview:-1\" \/>\n<link rel=\"canonical\" href=\"https:\/\/vavin.tw\/fr\/produit\/miel-de-sapin-des-vosges\/\" \/>\n<meta property=\"og:locale\" content=\"fr_FR\" \/>\n<meta property=\"og:type\" content=\"article\" \/>\n<meta property=\"og:title\" content=\"Romain&#039;s Fir Tree Honey\" \/>\n<meta property=\"og:description\" content=\"French forest honey \u2014 rich and complex, blending tree sap and wildflower nectar. Notes of fir, chestnut, acacia, and grape flowers in every spoonful.\" \/>\n<meta property=\"og:url\" content=\"https:\/\/vavin.tw\/fr\/produit\/miel-de-sapin-des-vosges\/\" \/>\n<meta property=\"og:site_name\" content=\"Vavin \u9152\u76d2\u5b50\" \/>\n<meta property=\"article:publisher\" content=\"https:\/\/www.facebook.com\/vavintw\" \/>\n<meta property=\"article:modified_time\" content=\"2025-04-25T06:18:50+00:00\" \/>\n<meta property=\"og:image\" content=\"https:\/\/vavin.tw\/wp-content\/uploads\/2025\/04\/miel-de-sapin-001.png\" \/>\n\t<meta property=\"og:image:width\" content=\"400\" \/>\n\t<meta property=\"og:image:height\" content=\"600\" \/>\n\t<meta property=\"og:image:type\" content=\"image\/png\" \/>\n<meta name=\"twitter:card\" content=\"summary_large_image\" \/>\n<meta name=\"twitter:label1\" content=\"Dur\u00e9e de lecture estim\u00e9e\" \/>\n\t<meta name=\"twitter:data1\" content=\"1 minute\" \/>\n<script type=\"application\/ld+json\" class=\"yoast-schema-graph\">{\"@context\":\"https:\\\/\\\/schema.org\",\"@graph\":[{\"@type\":\"WebPage\",\"@id\":\"https:\\\/\\\/vavin.tw\\\/product\\\/romains-fir-tree-honey\\\/\",\"url\":\"https:\\\/\\\/vavin.tw\\\/product\\\/romains-fir-tree-honey\\\/\",\"name\":\"Romain's Fir Tree Honey - Vavin \u9152\u76d2\u5b50\",\"isPartOf\":{\"@id\":\"https:\\\/\\\/vavin.tw\\\/#website\"},\"primaryImageOfPage\":{\"@id\":\"https:\\\/\\\/vavin.tw\\\/product\\\/romains-fir-tree-honey\\\/#primaryimage\"},\"image\":{\"@id\":\"https:\\\/\\\/vavin.tw\\\/product\\\/romains-fir-tree-honey\\\/#primaryimage\"},\"thumbnailUrl\":\"https:\\\/\\\/vavin.tw\\\/wp-content\\\/uploads\\\/2025\\\/04\\\/miel-de-sapin-001.png\",\"datePublished\":\"2025-04-19T11:22:37+00:00\",\"dateModified\":\"2025-04-25T06:18:50+00:00\",\"description\":\"French forest honey \u2014 rich and complex, blending tree sap and wildflower nectar. Notes of fir, chestnut, acacia, and grape flowers in every spoonful.\",\"breadcrumb\":{\"@id\":\"https:\\\/\\\/vavin.tw\\\/product\\\/romains-fir-tree-honey\\\/#breadcrumb\"},\"inLanguage\":\"fr-FR\",\"potentialAction\":[{\"@type\":\"ReadAction\",\"target\":[\"https:\\\/\\\/vavin.tw\\\/product\\\/romains-fir-tree-honey\\\/\"]}]},{\"@type\":\"ImageObject\",\"inLanguage\":\"fr-FR\",\"@id\":\"https:\\\/\\\/vavin.tw\\\/product\\\/romains-fir-tree-honey\\\/#primaryimage\",\"url\":\"https:\\\/\\\/vavin.tw\\\/wp-content\\\/uploads\\\/2025\\\/04\\\/miel-de-sapin-001.png\",\"contentUrl\":\"https:\\\/\\\/vavin.tw\\\/wp-content\\\/uploads\\\/2025\\\/04\\\/miel-de-sapin-001.png\",\"width\":400,\"height\":600},{\"@type\":\"BreadcrumbList\",\"@id\":\"https:\\\/\\\/vavin.tw\\\/product\\\/romains-fir-tree-honey\\\/#breadcrumb\",\"itemListElement\":[{\"@type\":\"ListItem\",\"position\":1,\"name\":\"Home\",\"item\":\"https:\\\/\\\/vavin.tw\\\/\"},{\"@type\":\"ListItem\",\"position\":2,\"name\":\"Products\",\"item\":\"https:\\\/\\\/vavin.tw\\\/shop\\\/\"},{\"@type\":\"ListItem\",\"position\":3,\"name\":\"Romain&#8217;s Fir Tree Honey\"}]},{\"@type\":\"WebSite\",\"@id\":\"https:\\\/\\\/vavin.tw\\\/#website\",\"url\":\"https:\\\/\\\/vavin.tw\\\/\",\"name\":\"Vavin \u9152\u76d2\u5b50\",\"description\":\"Savor the Art of Wine\",\"publisher\":{\"@id\":\"https:\\\/\\\/vavin.tw\\\/#organization\"},\"potentialAction\":[{\"@type\":\"SearchAction\",\"target\":{\"@type\":\"EntryPoint\",\"urlTemplate\":\"https:\\\/\\\/vavin.tw\\\/?s={search_term_string}\"},\"query-input\":{\"@type\":\"PropertyValueSpecification\",\"valueRequired\":true,\"valueName\":\"search_term_string\"}}],\"inLanguage\":\"fr-FR\"},{\"@type\":\"Organization\",\"@id\":\"https:\\\/\\\/vavin.tw\\\/#organization\",\"name\":\"Vavin \u9152\u76d2\u5b50\",\"url\":\"https:\\\/\\\/vavin.tw\\\/\",\"logo\":{\"@type\":\"ImageObject\",\"inLanguage\":\"fr-FR\",\"@id\":\"https:\\\/\\\/vavin.tw\\\/#\\\/schema\\\/logo\\\/image\\\/\",\"url\":\"https:\\\/\\\/vavin.tw\\\/wp-content\\\/uploads\\\/2023\\\/03\\\/cropped-favicon-violet-v1.png\",\"contentUrl\":\"https:\\\/\\\/vavin.tw\\\/wp-content\\\/uploads\\\/2023\\\/03\\\/cropped-favicon-violet-v1.png\",\"width\":512,\"height\":512,\"caption\":\"Vavin \u9152\u76d2\u5b50\"},\"image\":{\"@id\":\"https:\\\/\\\/vavin.tw\\\/#\\\/schema\\\/logo\\\/image\\\/\"},\"sameAs\":[\"https:\\\/\\\/www.facebook.com\\\/vavintw\",\"https:\\\/\\\/www.instagram.com\\\/vavin_tw\"]}]}<\/script>\n<!-- \/ Yoast SEO Premium plugin. -->","yoast_head_json":{"title":"Miel de Sapin Romain - Bo\u00eete \u00e0 vin Vavin","description":"Miel de for\u00eat fran\u00e7ais - riche et complexe, m\u00e9lange de s\u00e8ve d'arbre et de nectar de fleurs sauvages. Des notes de sapin, de ch\u00e2taignier, d'acacia et de fleurs de vigne dans chaque cuiller\u00e9e.","robots":{"index":"index","follow":"follow","max-snippet":"max-snippet:-1","max-image-preview":"max-image-preview:large","max-video-preview":"max-video-preview:-1"},"canonical":"https:\/\/vavin.tw\/fr\/produit\/miel-de-sapin-des-vosges\/","og_locale":"fr_FR","og_type":"article","og_title":"Romain's Fir Tree Honey","og_description":"French forest honey \u2014 rich and complex, blending tree sap and wildflower nectar. Notes of fir, chestnut, acacia, and grape flowers in every spoonful.","og_url":"https:\/\/vavin.tw\/fr\/produit\/miel-de-sapin-des-vosges\/","og_site_name":"Vavin \u9152\u76d2\u5b50","article_publisher":"https:\/\/www.facebook.com\/vavintw","article_modified_time":"2025-04-25T06:18:50+00:00","og_image":[{"width":400,"height":600,"url":"https:\/\/vavin.tw\/wp-content\/uploads\/2025\/04\/miel-de-sapin-001.png","type":"image\/png"}],"twitter_card":"summary_large_image","twitter_misc":{"Dur\u00e9e de lecture estim\u00e9e":"1 minute"},"schema":{"@context":"https:\/\/schema.org","@graph":[{"@type":"WebPage","@id":"https:\/\/vavin.tw\/product\/romains-fir-tree-honey\/","url":"https:\/\/vavin.tw\/product\/romains-fir-tree-honey\/","name":"Miel de Sapin Romain - Bo\u00eete \u00e0 vin Vavin","isPartOf":{"@id":"https:\/\/vavin.tw\/#website"},"primaryImageOfPage":{"@id":"https:\/\/vavin.tw\/product\/romains-fir-tree-honey\/#primaryimage"},"image":{"@id":"https:\/\/vavin.tw\/product\/romains-fir-tree-honey\/#primaryimage"},"thumbnailUrl":"https:\/\/vavin.tw\/wp-content\/uploads\/2025\/04\/miel-de-sapin-001.png","datePublished":"2025-04-19T11:22:37+00:00","dateModified":"2025-04-25T06:18:50+00:00","description":"Miel de for\u00eat fran\u00e7ais - riche et complexe, m\u00e9lange de s\u00e8ve d'arbre et de nectar de fleurs sauvages. Des notes de sapin, de ch\u00e2taignier, d'acacia et de fleurs de vigne dans chaque cuiller\u00e9e.","breadcrumb":{"@id":"https:\/\/vavin.tw\/product\/romains-fir-tree-honey\/#breadcrumb"},"inLanguage":"fr-FR","potentialAction":[{"@type":"ReadAction","target":["https:\/\/vavin.tw\/product\/romains-fir-tree-honey\/"]}]},{"@type":"ImageObject","inLanguage":"fr-FR","@id":"https:\/\/vavin.tw\/product\/romains-fir-tree-honey\/#primaryimage","url":"https:\/\/vavin.tw\/wp-content\/uploads\/2025\/04\/miel-de-sapin-001.png","contentUrl":"https:\/\/vavin.tw\/wp-content\/uploads\/2025\/04\/miel-de-sapin-001.png","width":400,"height":600},{"@type":"BreadcrumbList","@id":"https:\/\/vavin.tw\/product\/romains-fir-tree-honey\/#breadcrumb","itemListElement":[{"@type":"ListItem","position":1,"name":"Home","item":"https:\/\/vavin.tw\/"},{"@type":"ListItem","position":2,"name":"Products","item":"https:\/\/vavin.tw\/shop\/"},{"@type":"ListItem","position":3,"name":"Romain&#8217;s Fir Tree Honey"}]},{"@type":"WebSite","@id":"https:\/\/vavin.tw\/#website","url":"https:\/\/vavin.tw\/","name":"Vavin","description":"Savoure l\u2019art du vin","publisher":{"@id":"https:\/\/vavin.tw\/#organization"},"potentialAction":[{"@type":"SearchAction","target":{"@type":"EntryPoint","urlTemplate":"https:\/\/vavin.tw\/?s={search_term_string}"},"query-input":{"@type":"PropertyValueSpecification","valueRequired":true,"valueName":"search_term_string"}}],"inLanguage":"fr-FR"},{"@type":"Organization","@id":"https:\/\/vavin.tw\/#organization","name":"Vavin","url":"https:\/\/vavin.tw\/","logo":{"@type":"ImageObject","inLanguage":"fr-FR","@id":"https:\/\/vavin.tw\/#\/schema\/logo\/image\/","url":"https:\/\/vavin.tw\/wp-content\/uploads\/2023\/03\/cropped-favicon-violet-v1.png","contentUrl":"https:\/\/vavin.tw\/wp-content\/uploads\/2023\/03\/cropped-favicon-violet-v1.png","width":512,"height":512,"caption":"Vavin \u9152\u76d2\u5b50"},"image":{"@id":"https:\/\/vavin.tw\/#\/schema\/logo\/image\/"},"sameAs":["https:\/\/www.facebook.com\/vavintw","https:\/\/www.instagram.com\/vavin_tw"]}]}},"_links":{"self":[{"href":"https:\/\/vavin.tw\/fr\/wp-json\/wp\/v2\/product\/1000636","targetHints":{"allow":["GET"]}}],"collection":[{"href":"https:\/\/vavin.tw\/fr\/wp-json\/wp\/v2\/product"}],"about":[{"href":"https:\/\/vavin.tw\/fr\/wp-json\/wp\/v2\/types\/product"}],"replies":[{"embeddable":true,"href":"https:\/\/vavin.tw\/fr\/wp-json\/wp\/v2\/comments?post=1000636"}],"version-history":[{"count":0,"href":"https:\/\/vavin.tw\/fr\/wp-json\/wp\/v2\/product\/1000636\/revisions"}],"wp:featuredmedia":[{"embeddable":true,"href":"https:\/\/vavin.tw\/fr\/wp-json\/wp\/v2\/media\/1000637"}],"wp:attachment":[{"href":"https:\/\/vavin.tw\/fr\/wp-json\/wp\/v2\/media?parent=1000636"}],"wp:term":[{"taxonomy":"product_brand","embeddable":true,"href":"https:\/\/vavin.tw\/fr\/wp-json\/wp\/v2\/product_brand?post=1000636"},{"taxonomy":"product_cat","embeddable":true,"href":"https:\/\/vavin.tw\/fr\/wp-json\/wp\/v2\/product_cat?post=1000636"},{"taxonomy":"product_tag","embeddable":true,"href":"https:\/\/vavin.tw\/fr\/wp-json\/wp\/v2\/product_tag?post=1000636"}],"curies":[{"name":"wp","href":"https:\/\/api.w.org\/{rel}","templated":true}]}}