{"id":1005016,"date":"2025-09-13T20:57:45","date_gmt":"2025-09-13T12:57:45","guid":{"rendered":"https:\/\/vavin.tw\/?post_type=product&#038;p=1005016"},"modified":"2025-09-13T21:11:23","modified_gmt":"2025-09-13T13:11:23","slug":"chez-bix-chorizo-sausage","status":"publish","type":"product","link":"https:\/\/vavin.tw\/fr\/product\/chez-bix-chorizo-sausage\/","title":{"rendered":"Chez Bix Saucisse Chorizo"},"content":{"rendered":"<div class=\"vgblk-rw-wrapper limit-wrapper\"><strong>Poids :<\/strong> 400g (5 x 80g)<br \/>\n<strong>Viande :<\/strong> 100% porc frais (certifi\u00e9 CAS)<br \/>\n<strong>Origine :<\/strong> Fabriqu\u00e9 \u00e0 Ta\u00efwan<br \/>\n<strong>Exp\u00e9dition<\/strong> Livraison r\u00e9frig\u00e9r\u00e9e (Black Cat)<\/p>\n<hr \/>\n<h3>Description<\/h3>\n<p><span lang=\"EN-US\"><strong>Smoked paprika give it a strong taste<\/strong>. You can enjoy it alone or cook it with some seafood. The flavor of the sauce is fantastic. Definitely can\u2019t help to eat it with some bread!<\/span><\/p>\n<p><span lang=\"EN-US\">Using fresh pork from CAS meat factory. Trim to take off the silver skin from meat before we mince it. Stuffing with natural casing from ISO supplier. No additives, sugar free and no bread crumbs added. Without preservatives, nitrates, phosphate and other flavoring agents.<\/span><\/p>\n<hr \/>\n<h3>Ingr\u00e9dients<\/h3>\n<ul>\n<li>Porc frais (certifi\u00e9 CAS)<\/li>\n<li>Chili flakes<\/li>\n<li>Herbes et \u00e9pices naturelles<\/li>\n<li>Envelopp\u00e9 dans un boyau naturel (certifi\u00e9 ISO)<\/li>\n<\/ul>\n<hr \/>\n<h3>Ce qu'il n'y a pas \u00e0 l'int\u00e9rieur<\/h3>\n<ul>\n<li>Sans conservateurs<\/li>\n<li>Sans nitrates ni phosphates<\/li>\n<li>Sans sucre<\/li>\n<li>Pas de miettes de pain<\/li>\n<li>Aucun ar\u00f4me artificiel<\/li>\n<\/ul>\n<hr \/>\n<h3>Comment profiter<\/h3>\n<ul>\n<li>Grill it to perfection<\/li>\n<li>Tranchez dans vos p\u00e2tes pr\u00e9f\u00e9r\u00e9es<\/li>\n<li>Top your pizza for an Italian twist<\/li>\n<li>Servir comme en-cas ap\u00e9ritif gastronomique<\/li>\n<\/ul>\n<hr \/>\n<h3>Parfaitement Accords<\/h3>\n<p>Saint Joseph Yves Cuilleron<\/p>\n<hr \/>\n<p>&nbsp;<\/p>\n<p><iframe title=\"Lecteur vid\u00e9o YouTube\" src=\"https:\/\/www.youtube.com\/embed\/HTpKE6Mt9zk\" width=\"560\" height=\"315\" frameborder=\"0\" allowfullscreen=\"allowfullscreen\"><\/iframe><\/div>\n<p><!-- .vgblk-rw-wrapper --><\/p>","protected":false},"excerpt":{"rendered":"<p><span lang=\"EN-US\"><strong>Smoked paprika give it a strong taste<\/strong>. You can enjoy it alone or cook it with some seafood. The flavor of the sauce is fantastic. Definitely can\u2019t help to eat it with some bread!<\/span><\/p>\n<p><span lang=\"EN-US\">Using fresh pork from CAS meat factory. Trim to take off the silver skin from meat before we mince it. Stuffing with natural casing from ISO supplier. No additives, sugar free and no bread crumbs added. Without preservatives, nitrates, phosphate and other flavoring agents.<\/span><\/p>","protected":false},"featured_media":1005023,"comment_status":"open","ping_status":"closed","template":"","meta":[],"product_brand":[],"product_cat":[246],"product_tag":[247,249],"class_list":{"0":"post-1005016","1":"product","2":"type-product","3":"status-publish","4":"has-post-thumbnail","6":"product_cat-gourmet","7":"product_tag-charcuterie","8":"product_tag-sausage","10":"first","11":"instock","12":"shipping-taxable","13":"product-type-simple"},"yoast_head":"<!-- This site is optimized with the Yoast SEO Premium plugin v27.2 (Yoast SEO v27.3) - https:\/\/yoast.com\/product\/yoast-seo-premium-wordpress\/ -->\n<title>Chez Bix Chorizo Sausage - Vavin \u9152\u76d2\u5b50<\/title>\n<meta name=\"description\" content=\"Savor Chez Bix\u2019s Italian sausages \u2014 juicy, herb-infused, and made with premium pork. No additives, just bold flavor. Perfect for pasta or ap\u00e9ro.\" \/>\n<meta name=\"robots\" content=\"index, follow, max-snippet:-1, max-image-preview:large, max-video-preview:-1\" \/>\n<link rel=\"canonical\" href=\"https:\/\/vavin.tw\/fr\/produit\/chez-bix-chorizo-sausage\/\" \/>\n<meta property=\"og:locale\" content=\"fr_FR\" \/>\n<meta property=\"og:type\" content=\"article\" \/>\n<meta property=\"og:title\" content=\"Chez Bix Chorizo Sausage\" \/>\n<meta property=\"og:description\" content=\"Savor Chez Bix\u2019s Italian sausages \u2014 juicy, herb-infused, and made with premium pork. No additives, just bold flavor. Perfect for pasta or ap\u00e9ro.\" \/>\n<meta property=\"og:url\" content=\"https:\/\/vavin.tw\/fr\/produit\/chez-bix-chorizo-sausage\/\" \/>\n<meta property=\"og:site_name\" content=\"Vavin \u9152\u76d2\u5b50\" \/>\n<meta property=\"article:publisher\" content=\"https:\/\/www.facebook.com\/vavintw\" \/>\n<meta property=\"article:modified_time\" content=\"2025-09-13T13:11:23+00:00\" \/>\n<meta property=\"og:image\" content=\"https:\/\/vavin.tw\/wp-content\/uploads\/2025\/09\/Bix-Chorizo.png\" \/>\n\t<meta property=\"og:image:width\" content=\"400\" \/>\n\t<meta property=\"og:image:height\" content=\"600\" \/>\n\t<meta property=\"og:image:type\" content=\"image\/png\" \/>\n<meta name=\"twitter:card\" content=\"summary_large_image\" \/>\n<meta name=\"twitter:label1\" content=\"Dur\u00e9e de lecture estim\u00e9e\" \/>\n\t<meta name=\"twitter:data1\" content=\"1 minute\" \/>\n<script type=\"application\/ld+json\" class=\"yoast-schema-graph\">{\"@context\":\"https:\\\/\\\/schema.org\",\"@graph\":[{\"@type\":\"WebPage\",\"@id\":\"https:\\\/\\\/vavin.tw\\\/product\\\/chez-bix-chorizo-sausage\\\/\",\"url\":\"https:\\\/\\\/vavin.tw\\\/product\\\/chez-bix-chorizo-sausage\\\/\",\"name\":\"Chez Bix Chorizo Sausage - Vavin \u9152\u76d2\u5b50\",\"isPartOf\":{\"@id\":\"https:\\\/\\\/vavin.tw\\\/#website\"},\"primaryImageOfPage\":{\"@id\":\"https:\\\/\\\/vavin.tw\\\/product\\\/chez-bix-chorizo-sausage\\\/#primaryimage\"},\"image\":{\"@id\":\"https:\\\/\\\/vavin.tw\\\/product\\\/chez-bix-chorizo-sausage\\\/#primaryimage\"},\"thumbnailUrl\":\"https:\\\/\\\/vavin.tw\\\/wp-content\\\/uploads\\\/2025\\\/09\\\/Bix-Chorizo.png\",\"datePublished\":\"2025-09-13T12:57:45+00:00\",\"dateModified\":\"2025-09-13T13:11:23+00:00\",\"description\":\"Savor Chez Bix\u2019s Italian sausages \u2014 juicy, herb-infused, and made with premium pork. No additives, just bold flavor. Perfect for pasta or ap\u00e9ro.\",\"breadcrumb\":{\"@id\":\"https:\\\/\\\/vavin.tw\\\/product\\\/chez-bix-chorizo-sausage\\\/#breadcrumb\"},\"inLanguage\":\"fr-FR\",\"potentialAction\":[{\"@type\":\"ReadAction\",\"target\":[\"https:\\\/\\\/vavin.tw\\\/product\\\/chez-bix-chorizo-sausage\\\/\"]}]},{\"@type\":\"ImageObject\",\"inLanguage\":\"fr-FR\",\"@id\":\"https:\\\/\\\/vavin.tw\\\/product\\\/chez-bix-chorizo-sausage\\\/#primaryimage\",\"url\":\"https:\\\/\\\/vavin.tw\\\/wp-content\\\/uploads\\\/2025\\\/09\\\/Bix-Chorizo.png\",\"contentUrl\":\"https:\\\/\\\/vavin.tw\\\/wp-content\\\/uploads\\\/2025\\\/09\\\/Bix-Chorizo.png\",\"width\":400,\"height\":600},{\"@type\":\"BreadcrumbList\",\"@id\":\"https:\\\/\\\/vavin.tw\\\/product\\\/chez-bix-chorizo-sausage\\\/#breadcrumb\",\"itemListElement\":[{\"@type\":\"ListItem\",\"position\":1,\"name\":\"Home\",\"item\":\"https:\\\/\\\/vavin.tw\\\/\"},{\"@type\":\"ListItem\",\"position\":2,\"name\":\"Products\",\"item\":\"https:\\\/\\\/vavin.tw\\\/shop\\\/\"},{\"@type\":\"ListItem\",\"position\":3,\"name\":\"Chez Bix Chorizo Sausage\"}]},{\"@type\":\"WebSite\",\"@id\":\"https:\\\/\\\/vavin.tw\\\/#website\",\"url\":\"https:\\\/\\\/vavin.tw\\\/\",\"name\":\"Vavin \u9152\u76d2\u5b50\",\"description\":\"Savor the Art of Wine\",\"publisher\":{\"@id\":\"https:\\\/\\\/vavin.tw\\\/#organization\"},\"potentialAction\":[{\"@type\":\"SearchAction\",\"target\":{\"@type\":\"EntryPoint\",\"urlTemplate\":\"https:\\\/\\\/vavin.tw\\\/?s={search_term_string}\"},\"query-input\":{\"@type\":\"PropertyValueSpecification\",\"valueRequired\":true,\"valueName\":\"search_term_string\"}}],\"inLanguage\":\"fr-FR\"},{\"@type\":\"Organization\",\"@id\":\"https:\\\/\\\/vavin.tw\\\/#organization\",\"name\":\"Vavin \u9152\u76d2\u5b50\",\"url\":\"https:\\\/\\\/vavin.tw\\\/\",\"logo\":{\"@type\":\"ImageObject\",\"inLanguage\":\"fr-FR\",\"@id\":\"https:\\\/\\\/vavin.tw\\\/#\\\/schema\\\/logo\\\/image\\\/\",\"url\":\"https:\\\/\\\/vavin.tw\\\/wp-content\\\/uploads\\\/2023\\\/03\\\/cropped-favicon-violet-v1.png\",\"contentUrl\":\"https:\\\/\\\/vavin.tw\\\/wp-content\\\/uploads\\\/2023\\\/03\\\/cropped-favicon-violet-v1.png\",\"width\":512,\"height\":512,\"caption\":\"Vavin \u9152\u76d2\u5b50\"},\"image\":{\"@id\":\"https:\\\/\\\/vavin.tw\\\/#\\\/schema\\\/logo\\\/image\\\/\"},\"sameAs\":[\"https:\\\/\\\/www.facebook.com\\\/vavintw\",\"https:\\\/\\\/www.instagram.com\\\/vavin_tw\"]}]}<\/script>\n<!-- \/ Yoast SEO Premium plugin. -->","yoast_head_json":{"title":"Chez Bix Chorizo Sausage - Vavin \u9152\u76d2\u5b50","description":"Savor Chez Bix\u2019s Italian sausages \u2014 juicy, herb-infused, and made with premium pork. No additives, just bold flavor. Perfect for pasta or ap\u00e9ro.","robots":{"index":"index","follow":"follow","max-snippet":"max-snippet:-1","max-image-preview":"max-image-preview:large","max-video-preview":"max-video-preview:-1"},"canonical":"https:\/\/vavin.tw\/fr\/produit\/chez-bix-chorizo-sausage\/","og_locale":"fr_FR","og_type":"article","og_title":"Chez Bix Chorizo Sausage","og_description":"Savor Chez Bix\u2019s Italian sausages \u2014 juicy, herb-infused, and made with premium pork. No additives, just bold flavor. Perfect for pasta or ap\u00e9ro.","og_url":"https:\/\/vavin.tw\/fr\/produit\/chez-bix-chorizo-sausage\/","og_site_name":"Vavin \u9152\u76d2\u5b50","article_publisher":"https:\/\/www.facebook.com\/vavintw","article_modified_time":"2025-09-13T13:11:23+00:00","og_image":[{"width":400,"height":600,"url":"https:\/\/vavin.tw\/wp-content\/uploads\/2025\/09\/Bix-Chorizo.png","type":"image\/png"}],"twitter_card":"summary_large_image","twitter_misc":{"Dur\u00e9e de lecture estim\u00e9e":"1 minute"},"schema":{"@context":"https:\/\/schema.org","@graph":[{"@type":"WebPage","@id":"https:\/\/vavin.tw\/product\/chez-bix-chorizo-sausage\/","url":"https:\/\/vavin.tw\/product\/chez-bix-chorizo-sausage\/","name":"Chez Bix Chorizo Sausage - Vavin \u9152\u76d2\u5b50","isPartOf":{"@id":"https:\/\/vavin.tw\/#website"},"primaryImageOfPage":{"@id":"https:\/\/vavin.tw\/product\/chez-bix-chorizo-sausage\/#primaryimage"},"image":{"@id":"https:\/\/vavin.tw\/product\/chez-bix-chorizo-sausage\/#primaryimage"},"thumbnailUrl":"https:\/\/vavin.tw\/wp-content\/uploads\/2025\/09\/Bix-Chorizo.png","datePublished":"2025-09-13T12:57:45+00:00","dateModified":"2025-09-13T13:11:23+00:00","description":"Savor Chez Bix\u2019s Italian sausages \u2014 juicy, herb-infused, and made with premium pork. No additives, just bold flavor. Perfect for pasta or ap\u00e9ro.","breadcrumb":{"@id":"https:\/\/vavin.tw\/product\/chez-bix-chorizo-sausage\/#breadcrumb"},"inLanguage":"fr-FR","potentialAction":[{"@type":"ReadAction","target":["https:\/\/vavin.tw\/product\/chez-bix-chorizo-sausage\/"]}]},{"@type":"ImageObject","inLanguage":"fr-FR","@id":"https:\/\/vavin.tw\/product\/chez-bix-chorizo-sausage\/#primaryimage","url":"https:\/\/vavin.tw\/wp-content\/uploads\/2025\/09\/Bix-Chorizo.png","contentUrl":"https:\/\/vavin.tw\/wp-content\/uploads\/2025\/09\/Bix-Chorizo.png","width":400,"height":600},{"@type":"BreadcrumbList","@id":"https:\/\/vavin.tw\/product\/chez-bix-chorizo-sausage\/#breadcrumb","itemListElement":[{"@type":"ListItem","position":1,"name":"Home","item":"https:\/\/vavin.tw\/"},{"@type":"ListItem","position":2,"name":"Products","item":"https:\/\/vavin.tw\/shop\/"},{"@type":"ListItem","position":3,"name":"Chez Bix Chorizo Sausage"}]},{"@type":"WebSite","@id":"https:\/\/vavin.tw\/#website","url":"https:\/\/vavin.tw\/","name":"Vavin","description":"Savoure l\u2019art du vin","publisher":{"@id":"https:\/\/vavin.tw\/#organization"},"potentialAction":[{"@type":"SearchAction","target":{"@type":"EntryPoint","urlTemplate":"https:\/\/vavin.tw\/?s={search_term_string}"},"query-input":{"@type":"PropertyValueSpecification","valueRequired":true,"valueName":"search_term_string"}}],"inLanguage":"fr-FR"},{"@type":"Organization","@id":"https:\/\/vavin.tw\/#organization","name":"Vavin","url":"https:\/\/vavin.tw\/","logo":{"@type":"ImageObject","inLanguage":"fr-FR","@id":"https:\/\/vavin.tw\/#\/schema\/logo\/image\/","url":"https:\/\/vavin.tw\/wp-content\/uploads\/2023\/03\/cropped-favicon-violet-v1.png","contentUrl":"https:\/\/vavin.tw\/wp-content\/uploads\/2023\/03\/cropped-favicon-violet-v1.png","width":512,"height":512,"caption":"Vavin \u9152\u76d2\u5b50"},"image":{"@id":"https:\/\/vavin.tw\/#\/schema\/logo\/image\/"},"sameAs":["https:\/\/www.facebook.com\/vavintw","https:\/\/www.instagram.com\/vavin_tw"]}]}},"_links":{"self":[{"href":"https:\/\/vavin.tw\/fr\/wp-json\/wp\/v2\/product\/1005016","targetHints":{"allow":["GET"]}}],"collection":[{"href":"https:\/\/vavin.tw\/fr\/wp-json\/wp\/v2\/product"}],"about":[{"href":"https:\/\/vavin.tw\/fr\/wp-json\/wp\/v2\/types\/product"}],"replies":[{"embeddable":true,"href":"https:\/\/vavin.tw\/fr\/wp-json\/wp\/v2\/comments?post=1005016"}],"version-history":[{"count":0,"href":"https:\/\/vavin.tw\/fr\/wp-json\/wp\/v2\/product\/1005016\/revisions"}],"wp:featuredmedia":[{"embeddable":true,"href":"https:\/\/vavin.tw\/fr\/wp-json\/wp\/v2\/media\/1005023"}],"wp:attachment":[{"href":"https:\/\/vavin.tw\/fr\/wp-json\/wp\/v2\/media?parent=1005016"}],"wp:term":[{"taxonomy":"product_brand","embeddable":true,"href":"https:\/\/vavin.tw\/fr\/wp-json\/wp\/v2\/product_brand?post=1005016"},{"taxonomy":"product_cat","embeddable":true,"href":"https:\/\/vavin.tw\/fr\/wp-json\/wp\/v2\/product_cat?post=1005016"},{"taxonomy":"product_tag","embeddable":true,"href":"https:\/\/vavin.tw\/fr\/wp-json\/wp\/v2\/product_tag?post=1005016"}],"curies":[{"name":"wp","href":"https:\/\/api.w.org\/{rel}","templated":true}]}}