{"id":1005024,"date":"2025-09-13T21:15:04","date_gmt":"2025-09-13T13:15:04","guid":{"rendered":"https:\/\/vavin.tw\/?post_type=product&#038;p=1005024"},"modified":"2025-09-15T17:54:36","modified_gmt":"2025-09-15T09:54:36","slug":"leon-chaillot-mini-citronnelle-piment","status":"publish","type":"product","link":"https:\/\/vavin.tw\/fr\/product\/leon-chaillot-mini-lemongrass-chili\/","title":{"rendered":"L\u00e9on Chaillot Citronnelle et piment miniatures"},"content":{"rendered":"<div class=\"vgblk-rw-wrapper limit-wrapper\"><strong>Poids :<\/strong> 90 g (3 x 30 g)<br \/>\n<strong>Viande :<\/strong> Porc<br \/>\n<strong>Exp\u00e9dition <\/strong>R<span class=\"HwtZe\" lang=\"en\"><span class=\"jCAhz ChMk0b\"><span class=\"ryNqvb\">r\u00e9frig\u00e9r\u00e9 <\/span><\/span><\/span>livraison (Chat Noir)<\/p>\n<hr \/>\n<h3>Description<\/h3>\n<p>Une fusion de saveurs asiatiques avec la tradition culinaire fran\u00e7aise. Parfait en collation avec une boisson fra\u00eeche, ce mini Barou est \u00e9labor\u00e9 avec de la citronnelle fra\u00eeche hach\u00e9e et une touche de piment rouge \u00e9pic\u00e9.<\/p>\n<hr \/>\n<h3>Ingr\u00e9dients<\/h3>\n<ul>\n<li>Porc, Sel, Citronnelle, Lactose, Piment, Paprika, Dextrose, Ail blanc, Sucre, Poivre noir, Cognac, Noix de muscade<\/li>\n<\/ul>\n<hr \/>\n<h3>Comment profiter<\/h3>\n<ul>\n<li>Servir comme en-cas ap\u00e9ritif gastronomique<\/li>\n<li>Tranchez dans vos p\u00e2tes pr\u00e9f\u00e9r\u00e9es<\/li>\n<li>Servir comme en-cas ap\u00e9ritif gastronomique<\/li>\n<li>\u00c0 ajouter aux nouilles ou au riz pour une touche asiatique<\/li>\n<\/ul>\n<hr \/>\n<h3>Parfaitement Accords<\/h3>\n<p>Saint Joseph Yves Cuilleron<\/p>\n<hr \/>\n<p>&nbsp;<\/p>\n<div class=\"vamtam-video-frame\"><iframe title=\"LC SALAISONS EN ARDECHE sous-titres FR\" width=\"1260\" height=\"709\" src=\"https:\/\/www.youtube.com\/embed\/ER55Hep6pAQ?feature=oembed\" frameborder=\"0\" allow=\"accelerometer; autoplay; clipboard-write; encrypted-media; gyroscope; picture-in-picture; web-share\" referrerpolicy=\"strict-origin-when-cross-origin\" allowfullscreen><\/iframe><\/div>\n<p>&nbsp;<\/p><\/div>\n<p><!-- .vgblk-rw-wrapper --><\/p>","protected":false},"excerpt":{"rendered":"<p>Une fusion de saveurs asiatiques avec la tradition culinaire fran\u00e7aise. Parfait en collation avec une boisson fra\u00eeche, ce mini Barou est \u00e9labor\u00e9 avec de la citronnelle fra\u00eeche hach\u00e9e et une touche de piment rouge \u00e9pic\u00e9.<\/p>","protected":false},"featured_media":1005025,"comment_status":"open","ping_status":"closed","template":"","meta":[],"product_brand":[],"product_cat":[246],"product_tag":[247,249],"class_list":{"0":"post-1005024","1":"product","2":"type-product","3":"status-publish","4":"has-post-thumbnail","6":"product_cat-gourmet","7":"product_tag-charcuterie","8":"product_tag-sausage","10":"first","11":"instock","12":"shipping-taxable","13":"product-type-simple"},"yoast_head":"<!-- This site is optimized with the Yoast SEO Premium plugin v27.2 (Yoast SEO v27.3) - https:\/\/yoast.com\/product\/yoast-seo-premium-wordpress\/ -->\n<title>L\u00e9on Chaillot Mini Lemongrass Chili - Vavin \u9152\u76d2\u5b50<\/title>\n<meta name=\"description\" content=\"A fusion of Asian flavors with French culinary tradition. Perfect as a snack with a fresh drink, this mini Barou is made with fresh chopped lemongrass and a hint of spicy red chili.\" \/>\n<meta name=\"robots\" content=\"index, follow, max-snippet:-1, max-image-preview:large, max-video-preview:-1\" \/>\n<link rel=\"canonical\" href=\"https:\/\/vavin.tw\/fr\/produit\/leon-chaillot-mini-citronnelle-piment\/\" \/>\n<meta property=\"og:locale\" content=\"fr_FR\" \/>\n<meta property=\"og:type\" content=\"article\" \/>\n<meta property=\"og:title\" content=\"L\u00e9on Chaillot Mini Lemongrass Chili\" \/>\n<meta property=\"og:description\" content=\"A fusion of Asian flavors with French culinary tradition. Perfect as a snack with a fresh drink, this mini Barou is made with fresh chopped lemongrass and a hint of spicy red chili.\" \/>\n<meta property=\"og:url\" content=\"https:\/\/vavin.tw\/fr\/produit\/leon-chaillot-mini-citronnelle-piment\/\" \/>\n<meta property=\"og:site_name\" content=\"Vavin \u9152\u76d2\u5b50\" \/>\n<meta property=\"article:publisher\" content=\"https:\/\/www.facebook.com\/vavintw\" \/>\n<meta property=\"article:modified_time\" content=\"2025-09-15T09:54:36+00:00\" \/>\n<meta property=\"og:image\" content=\"https:\/\/vavin.tw\/wp-content\/uploads\/2025\/09\/Packshot-2-Mini-Lemongrass-Chili.png\" \/>\n\t<meta property=\"og:image:width\" content=\"400\" \/>\n\t<meta property=\"og:image:height\" content=\"600\" \/>\n\t<meta property=\"og:image:type\" content=\"image\/png\" \/>\n<meta name=\"twitter:card\" content=\"summary_large_image\" \/>\n<meta name=\"twitter:label1\" content=\"Dur\u00e9e de lecture estim\u00e9e\" \/>\n\t<meta name=\"twitter:data1\" content=\"1 minute\" \/>\n<script type=\"application\/ld+json\" class=\"yoast-schema-graph\">{\"@context\":\"https:\\\/\\\/schema.org\",\"@graph\":[{\"@type\":\"WebPage\",\"@id\":\"https:\\\/\\\/vavin.tw\\\/product\\\/leon-chaillot-mini-lemongrass-chili\\\/\",\"url\":\"https:\\\/\\\/vavin.tw\\\/product\\\/leon-chaillot-mini-lemongrass-chili\\\/\",\"name\":\"L\u00e9on Chaillot Mini Lemongrass Chili - Vavin \u9152\u76d2\u5b50\",\"isPartOf\":{\"@id\":\"https:\\\/\\\/vavin.tw\\\/#website\"},\"primaryImageOfPage\":{\"@id\":\"https:\\\/\\\/vavin.tw\\\/product\\\/leon-chaillot-mini-lemongrass-chili\\\/#primaryimage\"},\"image\":{\"@id\":\"https:\\\/\\\/vavin.tw\\\/product\\\/leon-chaillot-mini-lemongrass-chili\\\/#primaryimage\"},\"thumbnailUrl\":\"https:\\\/\\\/vavin.tw\\\/wp-content\\\/uploads\\\/2025\\\/09\\\/Packshot-2-Mini-Lemongrass-Chili.png\",\"datePublished\":\"2025-09-13T13:15:04+00:00\",\"dateModified\":\"2025-09-15T09:54:36+00:00\",\"description\":\"A fusion of Asian flavors with French culinary tradition. Perfect as a snack with a fresh drink, this mini Barou is made with fresh chopped lemongrass and a hint of spicy red chili.\",\"breadcrumb\":{\"@id\":\"https:\\\/\\\/vavin.tw\\\/product\\\/leon-chaillot-mini-lemongrass-chili\\\/#breadcrumb\"},\"inLanguage\":\"fr-FR\",\"potentialAction\":[{\"@type\":\"ReadAction\",\"target\":[\"https:\\\/\\\/vavin.tw\\\/product\\\/leon-chaillot-mini-lemongrass-chili\\\/\"]}]},{\"@type\":\"ImageObject\",\"inLanguage\":\"fr-FR\",\"@id\":\"https:\\\/\\\/vavin.tw\\\/product\\\/leon-chaillot-mini-lemongrass-chili\\\/#primaryimage\",\"url\":\"https:\\\/\\\/vavin.tw\\\/wp-content\\\/uploads\\\/2025\\\/09\\\/Packshot-2-Mini-Lemongrass-Chili.png\",\"contentUrl\":\"https:\\\/\\\/vavin.tw\\\/wp-content\\\/uploads\\\/2025\\\/09\\\/Packshot-2-Mini-Lemongrass-Chili.png\",\"width\":400,\"height\":600},{\"@type\":\"BreadcrumbList\",\"@id\":\"https:\\\/\\\/vavin.tw\\\/product\\\/leon-chaillot-mini-lemongrass-chili\\\/#breadcrumb\",\"itemListElement\":[{\"@type\":\"ListItem\",\"position\":1,\"name\":\"Home\",\"item\":\"https:\\\/\\\/vavin.tw\\\/\"},{\"@type\":\"ListItem\",\"position\":2,\"name\":\"Products\",\"item\":\"https:\\\/\\\/vavin.tw\\\/shop\\\/\"},{\"@type\":\"ListItem\",\"position\":3,\"name\":\"L\u00e9on Chaillot Mini Lemongrass Chili\"}]},{\"@type\":\"WebSite\",\"@id\":\"https:\\\/\\\/vavin.tw\\\/#website\",\"url\":\"https:\\\/\\\/vavin.tw\\\/\",\"name\":\"Vavin \u9152\u76d2\u5b50\",\"description\":\"Savor the Art of Wine\",\"publisher\":{\"@id\":\"https:\\\/\\\/vavin.tw\\\/#organization\"},\"potentialAction\":[{\"@type\":\"SearchAction\",\"target\":{\"@type\":\"EntryPoint\",\"urlTemplate\":\"https:\\\/\\\/vavin.tw\\\/?s={search_term_string}\"},\"query-input\":{\"@type\":\"PropertyValueSpecification\",\"valueRequired\":true,\"valueName\":\"search_term_string\"}}],\"inLanguage\":\"fr-FR\"},{\"@type\":\"Organization\",\"@id\":\"https:\\\/\\\/vavin.tw\\\/#organization\",\"name\":\"Vavin \u9152\u76d2\u5b50\",\"url\":\"https:\\\/\\\/vavin.tw\\\/\",\"logo\":{\"@type\":\"ImageObject\",\"inLanguage\":\"fr-FR\",\"@id\":\"https:\\\/\\\/vavin.tw\\\/#\\\/schema\\\/logo\\\/image\\\/\",\"url\":\"https:\\\/\\\/vavin.tw\\\/wp-content\\\/uploads\\\/2023\\\/03\\\/cropped-favicon-violet-v1.png\",\"contentUrl\":\"https:\\\/\\\/vavin.tw\\\/wp-content\\\/uploads\\\/2023\\\/03\\\/cropped-favicon-violet-v1.png\",\"width\":512,\"height\":512,\"caption\":\"Vavin \u9152\u76d2\u5b50\"},\"image\":{\"@id\":\"https:\\\/\\\/vavin.tw\\\/#\\\/schema\\\/logo\\\/image\\\/\"},\"sameAs\":[\"https:\\\/\\\/www.facebook.com\\\/vavintw\",\"https:\\\/\\\/www.instagram.com\\\/vavin_tw\"]}]}<\/script>\n<!-- \/ Yoast SEO Premium plugin. -->","yoast_head_json":{"title":"L\u00e9on Chaillot Mini Citronnelle Piment\u00e9e - Bo\u00eete \u00e0 vin Vavin","description":"Une fusion de saveurs asiatiques avec la tradition culinaire fran\u00e7aise. Parfait en collation avec une boisson fra\u00eeche, ce mini Barou est \u00e9labor\u00e9 avec de la citronnelle fra\u00eeche hach\u00e9e et une touche de piment rouge \u00e9pic\u00e9.","robots":{"index":"index","follow":"follow","max-snippet":"max-snippet:-1","max-image-preview":"max-image-preview:large","max-video-preview":"max-video-preview:-1"},"canonical":"https:\/\/vavin.tw\/fr\/produit\/leon-chaillot-mini-citronnelle-piment\/","og_locale":"fr_FR","og_type":"article","og_title":"L\u00e9on Chaillot Mini Lemongrass Chili","og_description":"A fusion of Asian flavors with French culinary tradition. Perfect as a snack with a fresh drink, this mini Barou is made with fresh chopped lemongrass and a hint of spicy red chili.","og_url":"https:\/\/vavin.tw\/fr\/produit\/leon-chaillot-mini-citronnelle-piment\/","og_site_name":"Vavin \u9152\u76d2\u5b50","article_publisher":"https:\/\/www.facebook.com\/vavintw","article_modified_time":"2025-09-15T09:54:36+00:00","og_image":[{"width":400,"height":600,"url":"https:\/\/vavin.tw\/wp-content\/uploads\/2025\/09\/Packshot-2-Mini-Lemongrass-Chili.png","type":"image\/png"}],"twitter_card":"summary_large_image","twitter_misc":{"Dur\u00e9e de lecture estim\u00e9e":"1 minute"},"schema":{"@context":"https:\/\/schema.org","@graph":[{"@type":"WebPage","@id":"https:\/\/vavin.tw\/product\/leon-chaillot-mini-lemongrass-chili\/","url":"https:\/\/vavin.tw\/product\/leon-chaillot-mini-lemongrass-chili\/","name":"L\u00e9on Chaillot Mini Citronnelle Piment\u00e9e - Bo\u00eete \u00e0 vin Vavin","isPartOf":{"@id":"https:\/\/vavin.tw\/#website"},"primaryImageOfPage":{"@id":"https:\/\/vavin.tw\/product\/leon-chaillot-mini-lemongrass-chili\/#primaryimage"},"image":{"@id":"https:\/\/vavin.tw\/product\/leon-chaillot-mini-lemongrass-chili\/#primaryimage"},"thumbnailUrl":"https:\/\/vavin.tw\/wp-content\/uploads\/2025\/09\/Packshot-2-Mini-Lemongrass-Chili.png","datePublished":"2025-09-13T13:15:04+00:00","dateModified":"2025-09-15T09:54:36+00:00","description":"Une fusion de saveurs asiatiques avec la tradition culinaire fran\u00e7aise. Parfait en collation avec une boisson fra\u00eeche, ce mini Barou est \u00e9labor\u00e9 avec de la citronnelle fra\u00eeche hach\u00e9e et une touche de piment rouge \u00e9pic\u00e9.","breadcrumb":{"@id":"https:\/\/vavin.tw\/product\/leon-chaillot-mini-lemongrass-chili\/#breadcrumb"},"inLanguage":"fr-FR","potentialAction":[{"@type":"ReadAction","target":["https:\/\/vavin.tw\/product\/leon-chaillot-mini-lemongrass-chili\/"]}]},{"@type":"ImageObject","inLanguage":"fr-FR","@id":"https:\/\/vavin.tw\/product\/leon-chaillot-mini-lemongrass-chili\/#primaryimage","url":"https:\/\/vavin.tw\/wp-content\/uploads\/2025\/09\/Packshot-2-Mini-Lemongrass-Chili.png","contentUrl":"https:\/\/vavin.tw\/wp-content\/uploads\/2025\/09\/Packshot-2-Mini-Lemongrass-Chili.png","width":400,"height":600},{"@type":"BreadcrumbList","@id":"https:\/\/vavin.tw\/product\/leon-chaillot-mini-lemongrass-chili\/#breadcrumb","itemListElement":[{"@type":"ListItem","position":1,"name":"Home","item":"https:\/\/vavin.tw\/"},{"@type":"ListItem","position":2,"name":"Products","item":"https:\/\/vavin.tw\/shop\/"},{"@type":"ListItem","position":3,"name":"L\u00e9on Chaillot Mini Lemongrass Chili"}]},{"@type":"WebSite","@id":"https:\/\/vavin.tw\/#website","url":"https:\/\/vavin.tw\/","name":"Vavin","description":"Savoure l\u2019art du vin","publisher":{"@id":"https:\/\/vavin.tw\/#organization"},"potentialAction":[{"@type":"SearchAction","target":{"@type":"EntryPoint","urlTemplate":"https:\/\/vavin.tw\/?s={search_term_string}"},"query-input":{"@type":"PropertyValueSpecification","valueRequired":true,"valueName":"search_term_string"}}],"inLanguage":"fr-FR"},{"@type":"Organization","@id":"https:\/\/vavin.tw\/#organization","name":"Vavin","url":"https:\/\/vavin.tw\/","logo":{"@type":"ImageObject","inLanguage":"fr-FR","@id":"https:\/\/vavin.tw\/#\/schema\/logo\/image\/","url":"https:\/\/vavin.tw\/wp-content\/uploads\/2023\/03\/cropped-favicon-violet-v1.png","contentUrl":"https:\/\/vavin.tw\/wp-content\/uploads\/2023\/03\/cropped-favicon-violet-v1.png","width":512,"height":512,"caption":"Vavin \u9152\u76d2\u5b50"},"image":{"@id":"https:\/\/vavin.tw\/#\/schema\/logo\/image\/"},"sameAs":["https:\/\/www.facebook.com\/vavintw","https:\/\/www.instagram.com\/vavin_tw"]}]}},"_links":{"self":[{"href":"https:\/\/vavin.tw\/fr\/wp-json\/wp\/v2\/product\/1005024","targetHints":{"allow":["GET"]}}],"collection":[{"href":"https:\/\/vavin.tw\/fr\/wp-json\/wp\/v2\/product"}],"about":[{"href":"https:\/\/vavin.tw\/fr\/wp-json\/wp\/v2\/types\/product"}],"replies":[{"embeddable":true,"href":"https:\/\/vavin.tw\/fr\/wp-json\/wp\/v2\/comments?post=1005024"}],"version-history":[{"count":0,"href":"https:\/\/vavin.tw\/fr\/wp-json\/wp\/v2\/product\/1005024\/revisions"}],"wp:featuredmedia":[{"embeddable":true,"href":"https:\/\/vavin.tw\/fr\/wp-json\/wp\/v2\/media\/1005025"}],"wp:attachment":[{"href":"https:\/\/vavin.tw\/fr\/wp-json\/wp\/v2\/media?parent=1005024"}],"wp:term":[{"taxonomy":"product_brand","embeddable":true,"href":"https:\/\/vavin.tw\/fr\/wp-json\/wp\/v2\/product_brand?post=1005024"},{"taxonomy":"product_cat","embeddable":true,"href":"https:\/\/vavin.tw\/fr\/wp-json\/wp\/v2\/product_cat?post=1005024"},{"taxonomy":"product_tag","embeddable":true,"href":"https:\/\/vavin.tw\/fr\/wp-json\/wp\/v2\/product_tag?post=1005024"}],"curies":[{"name":"wp","href":"https:\/\/api.w.org\/{rel}","templated":true}]}}