{"id":1005659,"date":"2025-10-10T22:41:05","date_gmt":"2025-10-10T14:41:05","guid":{"rendered":"https:\/\/vavin.tw\/?post_type=product&#038;p=1005659"},"modified":"2025-11-14T00:42:48","modified_gmt":"2025-11-13T16:42:48","slug":"chateau-de-la-chaize-brouilly-combiliaty-2020","status":"publish","type":"product","link":"https:\/\/vavin.tw\/fr\/product\/chateau-de-la-chaize-brouilly-combiliaty-2020\/","title":{"rendered":"Ch\u00e2teau de la Chaize \u2013 Brouilly Combiliaty 2020"},"content":{"rendered":"<div class=\"vgblk-rw-wrapper limit-wrapper\">\n<div class=\"wine-info\"><strong>Couleur\u202f:<\/strong> Rouge<br \/>\n<strong>Alcool\u202f:<\/strong> 14% vol.<br \/>\n<strong>C\u00e9page\u202f:<\/strong> 100% Gamay<br \/>\n<strong>Contenance\u202f:<\/strong> 75 cl<\/div>\n<hr \/>\n<div class=\"wine-section\">\n<h3>Histoire du domaine\u202f<\/h3>\n<p>Fond\u00e9 en 1676, le Ch\u00e2teau de la Chaize est un domaine historique et embl\u00e9matique situ\u00e9 \u00e0 Odenas, au c\u0153ur du Beaujolais. Class\u00e9 Monument Historique, le ch\u00e2teau est entour\u00e9 de vignobles d\u2019exception et de jardins dessin\u00e9s par Andr\u00e9 Le N\u00f4tre. Aujourd\u2019hui, le domaine s\u2019engage pleinement dans une viticulture biologique et durable, produisant des vins \u00e9l\u00e9gants et ancr\u00e9s dans leur terroir, \u00e0 l\u2019image de la diversit\u00e9 et de la beaut\u00e9 des crus du Beaujolais.<\/p>\n<hr \/>\n<\/div>\n<div class=\"wine-section\">\n<h3>Terroir\u202f<\/h3>\n<p>Les vignobles de Brouilly pour la cuv\u00e9e Combiliaty sont situ\u00e9s au pied du Mont Brouilly, o\u00f9 les sols sont principalement compos\u00e9s de granite rose et de roches m\u00e9tamorphiques. Ce terroir offre un drainage id\u00e9al et une min\u00e9ralit\u00e9 propice au Gamay, permettant au c\u00e9page d\u2019exprimer concentration, puret\u00e9 du fruit et une structure douce et ronde caract\u00e9ristique. Le Brouilly est r\u00e9put\u00e9 comme l\u2019un des crus les plus souples et accessibles du Beaujolais.<\/p>\n<hr \/>\n<\/div>\n<div class=\"wine-section\">\n<h3>Notes de d\u00e9gustation<\/h3>\n<p>Le Brouilly Combiliaty 2020 pr\u00e9sente une robe rubis brillante aux reflets violac\u00e9s. Le nez est imm\u00e9diatement s\u00e9duisant et intense, d\u00e9voilant des ar\u00f4mes g\u00e9n\u00e9reux de framboises m\u00fbres, de cerise, de pivoine et une subtile min\u00e9ralit\u00e9 de pierre concass\u00e9e. En bouche, le vin est rond, charmeur et tr\u00e8s accessible, port\u00e9 par des tanins souples, des saveurs riches de fruits rouges et une finale lisse et \u00e9l\u00e9gante. Un Brouilly s\u00e9duisant et souple, illustrant la g\u00e9n\u00e9rosit\u00e9 du fruit et la texture soyeuse typiques de l\u2019appellation \u2014 une expression \u00e9l\u00e9gante et imm\u00e9diatement plaisante du Gamay.<\/p>\n<hr \/>\n<\/div>\n<div class=\"wine-section\">\n<h3>Accords mets-vins<\/h3>\n<p>Id\u00e9al avec une cuisine de bistrot fran\u00e7ais d\u00e9contract\u00e9e, des charcuteries et des p\u00e2t\u00e9s, du porc grill\u00e9, des viandes blanches, des salades estivales l\u00e9g\u00e8res ou des fromages doux comme le Camembert et la Tomme de Savoie.<\/p>\n<\/div>\n<hr \/>\n<p>&nbsp;<\/p>\n<p><iframe title=\"Lecteur vid\u00e9o YouTube\" src=\"https:\/\/www.youtube.com\/embed\/qnQflihfCLQ?si=f5qz4HC6aJoCxYhS\" width=\"560\" height=\"315\" frameborder=\"0\" allowfullscreen=\"allowfullscreen\"><\/iframe><\/div>\n<p><!-- .vgblk-rw-wrapper --><\/p>","protected":false},"excerpt":{"rendered":"<p data-start=\"0\" data-end=\"553\">Ch\u00e2teau de la Chaize\u2019s Brouilly Combiliaty 2020 is a graceful and approachable expression of Gamay, crafted from vineyards nestled at the foot of Mont Brouilly. Drawing from pink granite and metamorphic soils, this cuv\u00e9e captures the essence of its terroir\u2014supple, fruit-forward, and mineral-driven. With a winemaking tradition dating back to 1676, the historic estate continues to honor its roots through organic, sustainable practices and a deep respect for the land, producing wines that reflect the nuanced character of Beaujolais\u2019 diverse crus.<\/p>\n<p data-start=\"555\" data-end=\"1014\">In the glass, the 2020 vintage reveals a brilliant ruby hue with violet undertones. The nose is aromatic and expressive, offering ripe red berries, cherry blossom, and hints of peony, layered over a subtle minerality reminiscent of crushed stone. On the palate, it is round and silky, with soft tannins and juicy fruit that glide effortlessly into a smooth, elegant finish. The elevated alcohol adds depth without overpowering its natural freshness and charm. Ideal with casual French bistro cuisine, charcuterie and p\u00e2t\u00e9s, grilled pork, white meats, light summer salads or soft cheeses like Camembert and Tomme de Savoie.<\/p>","protected":false},"featured_media":1005661,"comment_status":"open","ping_status":"closed","template":"","meta":[],"product_brand":[],"product_cat":[169,63],"product_tag":[300,154],"class_list":{"0":"post-1005659","1":"product","2":"type-product","3":"status-publish","4":"has-post-thumbnail","6":"product_cat-beaujolais","7":"product_cat-red","8":"product_tag-cote-de-brouilly","9":"product_tag-gamay","11":"first","12":"instock","13":"shipping-taxable","14":"product-type-simple"},"yoast_head":"<!-- This site is optimized with the Yoast SEO Premium plugin v27.2 (Yoast SEO v27.3) - https:\/\/yoast.com\/product\/yoast-seo-premium-wordpress\/ -->\n<title>Ch\u00e2teau de la Chaize \u2013 Brouilly Combiliaty 2020 - Vavin \u9152\u76d2\u5b50<\/title>\n<meta name=\"description\" content=\"Elegant C\u00f4te de Brouilly 2021 from Ch\u00e2teau de la Chaize, 100% Gamay. Vibrant red fruits, floral notes, and mineral freshness\" \/>\n<meta name=\"robots\" content=\"index, follow, max-snippet:-1, max-image-preview:large, max-video-preview:-1\" \/>\n<link rel=\"canonical\" href=\"https:\/\/vavin.tw\/fr\/produit\/chateau-de-la-chaize-brouilly-combiliaty-2020\/\" \/>\n<meta property=\"og:locale\" content=\"fr_FR\" \/>\n<meta property=\"og:type\" content=\"article\" \/>\n<meta property=\"og:title\" content=\"Ch\u00e2teau de la Chaize \u2013 Brouilly Combiliaty 2020\" \/>\n<meta property=\"og:description\" content=\"Elegant C\u00f4te de Brouilly 2021 from Ch\u00e2teau de la Chaize, 100% Gamay. Vibrant red fruits, floral notes, and mineral freshness\" \/>\n<meta property=\"og:url\" content=\"https:\/\/vavin.tw\/fr\/produit\/chateau-de-la-chaize-brouilly-combiliaty-2020\/\" \/>\n<meta property=\"og:site_name\" content=\"Vavin \u9152\u76d2\u5b50\" \/>\n<meta property=\"article:publisher\" content=\"https:\/\/www.facebook.com\/vavintw\" \/>\n<meta property=\"article:modified_time\" content=\"2025-11-13T16:42:48+00:00\" \/>\n<meta property=\"og:image\" content=\"https:\/\/vavin.tw\/wp-content\/uploads\/2025\/10\/Chateau-de-la-Chaize-\u2013-Brouilly-Combiliaty-2020.png\" \/>\n\t<meta property=\"og:image:width\" content=\"400\" \/>\n\t<meta property=\"og:image:height\" content=\"600\" \/>\n\t<meta property=\"og:image:type\" content=\"image\/png\" \/>\n<meta name=\"twitter:card\" content=\"summary_large_image\" \/>\n<meta name=\"twitter:label1\" content=\"Dur\u00e9e de lecture estim\u00e9e\" \/>\n\t<meta name=\"twitter:data1\" content=\"2 minutes\" \/>\n<script type=\"application\/ld+json\" class=\"yoast-schema-graph\">{\"@context\":\"https:\\\/\\\/schema.org\",\"@graph\":[{\"@type\":\"WebPage\",\"@id\":\"https:\\\/\\\/vavin.tw\\\/product\\\/chateau-de-la-chaize-brouilly-combiliaty-2020\\\/\",\"url\":\"https:\\\/\\\/vavin.tw\\\/product\\\/chateau-de-la-chaize-brouilly-combiliaty-2020\\\/\",\"name\":\"Ch\u00e2teau de la Chaize \u2013 Brouilly Combiliaty 2020 - Vavin \u9152\u76d2\u5b50\",\"isPartOf\":{\"@id\":\"https:\\\/\\\/vavin.tw\\\/#website\"},\"primaryImageOfPage\":{\"@id\":\"https:\\\/\\\/vavin.tw\\\/product\\\/chateau-de-la-chaize-brouilly-combiliaty-2020\\\/#primaryimage\"},\"image\":{\"@id\":\"https:\\\/\\\/vavin.tw\\\/product\\\/chateau-de-la-chaize-brouilly-combiliaty-2020\\\/#primaryimage\"},\"thumbnailUrl\":\"https:\\\/\\\/vavin.tw\\\/wp-content\\\/uploads\\\/2025\\\/10\\\/Chateau-de-la-Chaize-\u2013-Brouilly-Combiliaty-2020.png\",\"datePublished\":\"2025-10-10T14:41:05+00:00\",\"dateModified\":\"2025-11-13T16:42:48+00:00\",\"description\":\"Elegant C\u00f4te de Brouilly 2021 from Ch\u00e2teau de la Chaize, 100% Gamay. Vibrant red fruits, floral notes, and mineral freshness\",\"breadcrumb\":{\"@id\":\"https:\\\/\\\/vavin.tw\\\/product\\\/chateau-de-la-chaize-brouilly-combiliaty-2020\\\/#breadcrumb\"},\"inLanguage\":\"fr-FR\",\"potentialAction\":[{\"@type\":\"ReadAction\",\"target\":[\"https:\\\/\\\/vavin.tw\\\/product\\\/chateau-de-la-chaize-brouilly-combiliaty-2020\\\/\"]}]},{\"@type\":\"ImageObject\",\"inLanguage\":\"fr-FR\",\"@id\":\"https:\\\/\\\/vavin.tw\\\/product\\\/chateau-de-la-chaize-brouilly-combiliaty-2020\\\/#primaryimage\",\"url\":\"https:\\\/\\\/vavin.tw\\\/wp-content\\\/uploads\\\/2025\\\/10\\\/Chateau-de-la-Chaize-\u2013-Brouilly-Combiliaty-2020.png\",\"contentUrl\":\"https:\\\/\\\/vavin.tw\\\/wp-content\\\/uploads\\\/2025\\\/10\\\/Chateau-de-la-Chaize-\u2013-Brouilly-Combiliaty-2020.png\",\"width\":400,\"height\":600},{\"@type\":\"BreadcrumbList\",\"@id\":\"https:\\\/\\\/vavin.tw\\\/product\\\/chateau-de-la-chaize-brouilly-combiliaty-2020\\\/#breadcrumb\",\"itemListElement\":[{\"@type\":\"ListItem\",\"position\":1,\"name\":\"Home\",\"item\":\"https:\\\/\\\/vavin.tw\\\/\"},{\"@type\":\"ListItem\",\"position\":2,\"name\":\"Products\",\"item\":\"https:\\\/\\\/vavin.tw\\\/shop\\\/\"},{\"@type\":\"ListItem\",\"position\":3,\"name\":\"Ch\u00e2teau de la Chaize \u2013 Brouilly Combiliaty 2020\"}]},{\"@type\":\"WebSite\",\"@id\":\"https:\\\/\\\/vavin.tw\\\/#website\",\"url\":\"https:\\\/\\\/vavin.tw\\\/\",\"name\":\"Vavin \u9152\u76d2\u5b50\",\"description\":\"Savor the Art of Wine\",\"publisher\":{\"@id\":\"https:\\\/\\\/vavin.tw\\\/#organization\"},\"potentialAction\":[{\"@type\":\"SearchAction\",\"target\":{\"@type\":\"EntryPoint\",\"urlTemplate\":\"https:\\\/\\\/vavin.tw\\\/?s={search_term_string}\"},\"query-input\":{\"@type\":\"PropertyValueSpecification\",\"valueRequired\":true,\"valueName\":\"search_term_string\"}}],\"inLanguage\":\"fr-FR\"},{\"@type\":\"Organization\",\"@id\":\"https:\\\/\\\/vavin.tw\\\/#organization\",\"name\":\"Vavin \u9152\u76d2\u5b50\",\"url\":\"https:\\\/\\\/vavin.tw\\\/\",\"logo\":{\"@type\":\"ImageObject\",\"inLanguage\":\"fr-FR\",\"@id\":\"https:\\\/\\\/vavin.tw\\\/#\\\/schema\\\/logo\\\/image\\\/\",\"url\":\"https:\\\/\\\/vavin.tw\\\/wp-content\\\/uploads\\\/2023\\\/03\\\/cropped-favicon-violet-v1.png\",\"contentUrl\":\"https:\\\/\\\/vavin.tw\\\/wp-content\\\/uploads\\\/2023\\\/03\\\/cropped-favicon-violet-v1.png\",\"width\":512,\"height\":512,\"caption\":\"Vavin \u9152\u76d2\u5b50\"},\"image\":{\"@id\":\"https:\\\/\\\/vavin.tw\\\/#\\\/schema\\\/logo\\\/image\\\/\"},\"sameAs\":[\"https:\\\/\\\/www.facebook.com\\\/vavintw\",\"https:\\\/\\\/www.instagram.com\\\/vavin_tw\"]}]}<\/script>\n<!-- \/ Yoast SEO Premium plugin. -->","yoast_head_json":{"title":"Ch\u00e2teau de la Chaize \u2013 Brouilly Combiliaty 2020 - Vavin \u9152\u76d2\u5b50","description":"\u00c9l\u00e9gant C\u00f4te de Brouilly 2021 du Ch\u00e2teau de la Chaize, 100\u202f% Gamay. Fruits rouges \u00e9clatants, notes florales et fra\u00eecheur min\u00e9rale.","robots":{"index":"index","follow":"follow","max-snippet":"max-snippet:-1","max-image-preview":"max-image-preview:large","max-video-preview":"max-video-preview:-1"},"canonical":"https:\/\/vavin.tw\/fr\/produit\/chateau-de-la-chaize-brouilly-combiliaty-2020\/","og_locale":"fr_FR","og_type":"article","og_title":"Ch\u00e2teau de la Chaize \u2013 Brouilly Combiliaty 2020","og_description":"Elegant C\u00f4te de Brouilly 2021 from Ch\u00e2teau de la Chaize, 100% Gamay. Vibrant red fruits, floral notes, and mineral freshness","og_url":"https:\/\/vavin.tw\/fr\/produit\/chateau-de-la-chaize-brouilly-combiliaty-2020\/","og_site_name":"Vavin \u9152\u76d2\u5b50","article_publisher":"https:\/\/www.facebook.com\/vavintw","article_modified_time":"2025-11-13T16:42:48+00:00","og_image":[{"width":400,"height":600,"url":"https:\/\/vavin.tw\/wp-content\/uploads\/2025\/10\/Chateau-de-la-Chaize-\u2013-Brouilly-Combiliaty-2020.png","type":"image\/png"}],"twitter_card":"summary_large_image","twitter_misc":{"Dur\u00e9e de lecture estim\u00e9e":"2 minutes"},"schema":{"@context":"https:\/\/schema.org","@graph":[{"@type":"WebPage","@id":"https:\/\/vavin.tw\/product\/chateau-de-la-chaize-brouilly-combiliaty-2020\/","url":"https:\/\/vavin.tw\/product\/chateau-de-la-chaize-brouilly-combiliaty-2020\/","name":"Ch\u00e2teau de la Chaize \u2013 Brouilly Combiliaty 2020 - Vavin \u9152\u76d2\u5b50","isPartOf":{"@id":"https:\/\/vavin.tw\/#website"},"primaryImageOfPage":{"@id":"https:\/\/vavin.tw\/product\/chateau-de-la-chaize-brouilly-combiliaty-2020\/#primaryimage"},"image":{"@id":"https:\/\/vavin.tw\/product\/chateau-de-la-chaize-brouilly-combiliaty-2020\/#primaryimage"},"thumbnailUrl":"https:\/\/vavin.tw\/wp-content\/uploads\/2025\/10\/Chateau-de-la-Chaize-\u2013-Brouilly-Combiliaty-2020.png","datePublished":"2025-10-10T14:41:05+00:00","dateModified":"2025-11-13T16:42:48+00:00","description":"\u00c9l\u00e9gant C\u00f4te de Brouilly 2021 du Ch\u00e2teau de la Chaize, 100\u202f% Gamay. Fruits rouges \u00e9clatants, notes florales et fra\u00eecheur min\u00e9rale.","breadcrumb":{"@id":"https:\/\/vavin.tw\/product\/chateau-de-la-chaize-brouilly-combiliaty-2020\/#breadcrumb"},"inLanguage":"fr-FR","potentialAction":[{"@type":"ReadAction","target":["https:\/\/vavin.tw\/product\/chateau-de-la-chaize-brouilly-combiliaty-2020\/"]}]},{"@type":"ImageObject","inLanguage":"fr-FR","@id":"https:\/\/vavin.tw\/product\/chateau-de-la-chaize-brouilly-combiliaty-2020\/#primaryimage","url":"https:\/\/vavin.tw\/wp-content\/uploads\/2025\/10\/Chateau-de-la-Chaize-\u2013-Brouilly-Combiliaty-2020.png","contentUrl":"https:\/\/vavin.tw\/wp-content\/uploads\/2025\/10\/Chateau-de-la-Chaize-\u2013-Brouilly-Combiliaty-2020.png","width":400,"height":600},{"@type":"BreadcrumbList","@id":"https:\/\/vavin.tw\/product\/chateau-de-la-chaize-brouilly-combiliaty-2020\/#breadcrumb","itemListElement":[{"@type":"ListItem","position":1,"name":"Home","item":"https:\/\/vavin.tw\/"},{"@type":"ListItem","position":2,"name":"Products","item":"https:\/\/vavin.tw\/shop\/"},{"@type":"ListItem","position":3,"name":"Ch\u00e2teau de la Chaize \u2013 Brouilly Combiliaty 2020"}]},{"@type":"WebSite","@id":"https:\/\/vavin.tw\/#website","url":"https:\/\/vavin.tw\/","name":"Vavin","description":"Savoure l\u2019art du vin","publisher":{"@id":"https:\/\/vavin.tw\/#organization"},"potentialAction":[{"@type":"SearchAction","target":{"@type":"EntryPoint","urlTemplate":"https:\/\/vavin.tw\/?s={search_term_string}"},"query-input":{"@type":"PropertyValueSpecification","valueRequired":true,"valueName":"search_term_string"}}],"inLanguage":"fr-FR"},{"@type":"Organization","@id":"https:\/\/vavin.tw\/#organization","name":"Vavin","url":"https:\/\/vavin.tw\/","logo":{"@type":"ImageObject","inLanguage":"fr-FR","@id":"https:\/\/vavin.tw\/#\/schema\/logo\/image\/","url":"https:\/\/vavin.tw\/wp-content\/uploads\/2023\/03\/cropped-favicon-violet-v1.png","contentUrl":"https:\/\/vavin.tw\/wp-content\/uploads\/2023\/03\/cropped-favicon-violet-v1.png","width":512,"height":512,"caption":"Vavin \u9152\u76d2\u5b50"},"image":{"@id":"https:\/\/vavin.tw\/#\/schema\/logo\/image\/"},"sameAs":["https:\/\/www.facebook.com\/vavintw","https:\/\/www.instagram.com\/vavin_tw"]}]}},"_links":{"self":[{"href":"https:\/\/vavin.tw\/fr\/wp-json\/wp\/v2\/product\/1005659","targetHints":{"allow":["GET"]}}],"collection":[{"href":"https:\/\/vavin.tw\/fr\/wp-json\/wp\/v2\/product"}],"about":[{"href":"https:\/\/vavin.tw\/fr\/wp-json\/wp\/v2\/types\/product"}],"replies":[{"embeddable":true,"href":"https:\/\/vavin.tw\/fr\/wp-json\/wp\/v2\/comments?post=1005659"}],"version-history":[{"count":3,"href":"https:\/\/vavin.tw\/fr\/wp-json\/wp\/v2\/product\/1005659\/revisions"}],"predecessor-version":[{"id":1006004,"href":"https:\/\/vavin.tw\/fr\/wp-json\/wp\/v2\/product\/1005659\/revisions\/1006004"}],"wp:featuredmedia":[{"embeddable":true,"href":"https:\/\/vavin.tw\/fr\/wp-json\/wp\/v2\/media\/1005661"}],"wp:attachment":[{"href":"https:\/\/vavin.tw\/fr\/wp-json\/wp\/v2\/media?parent=1005659"}],"wp:term":[{"taxonomy":"product_brand","embeddable":true,"href":"https:\/\/vavin.tw\/fr\/wp-json\/wp\/v2\/product_brand?post=1005659"},{"taxonomy":"product_cat","embeddable":true,"href":"https:\/\/vavin.tw\/fr\/wp-json\/wp\/v2\/product_cat?post=1005659"},{"taxonomy":"product_tag","embeddable":true,"href":"https:\/\/vavin.tw\/fr\/wp-json\/wp\/v2\/product_tag?post=1005659"}],"curies":[{"name":"wp","href":"https:\/\/api.w.org\/{rel}","templated":true}]}}