{"id":1006410,"date":"2026-01-22T01:49:02","date_gmt":"2026-01-21T17:49:02","guid":{"rendered":"https:\/\/vavin.tw\/?post_type=product&#038;p=1006410"},"modified":"2026-01-27T01:38:35","modified_gmt":"2026-01-26T17:38:35","slug":"lionel-osmin-cie-fronton-miramar-rose-2023","status":"publish","type":"product","link":"https:\/\/vavin.tw\/fr\/product\/lionel-osmin-cie-fronton-miramar-rose-2023\/","title":{"rendered":"Lionel Osmin &amp; Cie Fronton Miramar Ros\u00e9 2023"},"content":{"rendered":"<div class=\"vgblk-rw-wrapper limit-wrapper\">\n<div class=\"wine-info\"><strong>Color:<\/strong> Ros\u00e9<br \/>\n<strong>Alcohol:<\/strong> 12.5% vol.<br \/>\n<strong>Grape Variety:<\/strong> N\u00e9grette<br \/>\n<strong>Bottle Size:<\/strong> 75 cl<\/div>\n<hr \/>\n<div class=\"wine-section\">\n<h3>Domaine History<\/h3>\n<p>Maison Lionel Osmin &amp; Cie is a forward-thinking wine house based in Southwest France, dedicated to revealing the authentic character of local terroirs through indigenous grape varieties. By working closely with selected growers, the domaine highlights the diversity and personality of the region\u2019s lesser-known appellations.<\/p>\n<hr \/>\n<\/div>\n<div class=\"wine-section\">\n<h3>Terroir<\/h3>\n<p data-start=\"565\" data-end=\"917\">The vineyards are located in the Fronton appellation, northeast of Toulouse, planted on gravelly clay and boulb\u00e8ne soils under a temperate climate influenced by both Atlantic and Mediterranean conditions. These soils and climatic influences are particularly well-suited to N\u00e9grette, enhancing aromatic intensity while preserving freshness and elegance.<\/p>\n<hr \/>\n<\/div>\n<div class=\"wine-section\">\n<h3>Tasting Notes<\/h3>\n<p data-start=\"938\" data-end=\"1346\">The wine displays a delicate pale pink colour with bright salmon hues. The nose is expressive and fragrant, revealing aromas of fresh red berries, wild strawberries, raspberry, and hints of floral notes. On the palate, it is fresh and supple, with a lively acidity and flavours of red currant, cherry, and a subtle spicy touch characteristic of N\u00e9grette. The finish is clean, refreshing, and gently aromatic.<\/p>\n<p data-start=\"1348\" data-end=\"1468\">A charming and vibrant ros\u00e9 that captures the distinctive personality of Fronton, ideal for relaxed, everyday enjoyment.<\/p>\n<hr \/>\n<\/div>\n<div class=\"wine-section\">\n<h3>Pairing<\/h3>\n<div class=\"flex flex-col text-sm pb-25\">\n<article class=\"text-token-text-primary w-full focus:outline-none [--shadow-height:45px] has-data-writing-block:pointer-events-none has-data-writing-block:-mt-(--shadow-height) has-data-writing-block:pt-(--shadow-height) [&amp;:has([data-writing-block])&gt;*]:pointer-events-auto [content-visibility:auto] supports-[content-visibility:auto]:[contain-intrinsic-size:auto_100lvh] scroll-mt-[calc(var(--header-height)+min(200px,max(70px,20svh)))]\" dir=\"auto\" tabindex=\"-1\" data-turn-id=\"request-WEB:2085087f-c120-49f8-9047-29cfb218c078-0\" data-testid=\"conversation-turn-2\" data-scroll-anchor=\"true\" data-turn=\"assistant\">\n<div class=\"text-base my-auto mx-auto pb-10 [--thread-content-margin:--spacing(4)] @w-sm\/main:[--thread-content-margin:--spacing(6)] @w-lg\/main:[--thread-content-margin:--spacing(16)] px-(--thread-content-margin)\">\n<div class=\"[--thread-content-max-width:40rem] @w-lg\/main:[--thread-content-max-width:48rem] mx-auto max-w-(--thread-content-max-width) flex-1 group\/turn-messages focus-visible:outline-hidden relative flex w-full min-w-0 flex-col agent-turn\" tabindex=\"-1\">\n<div class=\"flex max-w-full flex-col grow\">\n<div class=\"min-h-8 text-message relative flex w-full flex-col items-end gap-2 text-start break-words whitespace-normal [.text-message+&amp;]:mt-1\" dir=\"auto\" data-message-author-role=\"assistant\" data-message-id=\"02856af0-0a3b-48f8-96aa-62bba99919fa\" data-message-model-slug=\"gpt-5-2\">\n<div class=\"flex w-full flex-col gap-1 empty:hidden first:pt-[1px]\">\n<div class=\"markdown prose dark:prose-invert w-full break-words dark markdown-new-styling\">\n<p data-start=\"1483\" data-end=\"1605\" data-is-last-node=\"\" data-is-only-node=\"\">Perfect with grilled fish, charcuterie, salads, Mediterranean dishes, light poultry, summer vegetables, or as an aperitif.<\/p>\n<\/div>\n<\/div>\n<\/div>\n<\/div>\n<\/div>\n<\/div>\n<\/article>\n<\/div>\n<\/div>\n<\/div>\n<p><!-- .vgblk-rw-wrapper --><\/p>\n","protected":false},"excerpt":{"rendered":"<p data-start=\"0\" data-end=\"433\">Ce ros\u00e9, \u00e9labor\u00e9 \u00e0 100 % avec du N\u00e9grette, exprime le terroir distinctif de l\u2019appellation Fronton, dans le sud-ouest de la France. Les vignobles, situ\u00e9s au nord-est de Toulouse, sont plant\u00e9s sur des sols argilo-graveleux et de boulb\u00e8ne, o\u00f9 un excellent drainage et un bon \u00e9quilibre min\u00e9ral renforcent la puret\u00e9 aromatique. Le climat temp\u00e9r\u00e9, influenc\u00e9 \u00e0 la fois par l\u2019Atlantique et la M\u00e9diterran\u00e9e, permet aux raisins de m\u00fbrir uniform\u00e9ment tout en pr\u00e9servant fra\u00eecheur et \u00e9l\u00e9gance.<\/p>\n<p data-start=\"435\" data-end=\"957\" data-is-last-node=\"\" data-is-only-node=\"\">Dans le verre, ce vin pr\u00e9sente une d\u00e9licate robe rose p\u00e2le aux reflets saumon lumineux. Le nez est expressif et parfum\u00e9, r\u00e9v\u00e9lant des ar\u00f4mes de fraises sauvages, de framboises et de fruits rouges frais, avec de subtiles notes florales. En bouche, il est souple et rafra\u00eechissant, avec une acidit\u00e9 vive et des saveurs de cassis et de cerise, ponctu\u00e9es d\u2019une l\u00e9g\u00e8re touche \u00e9pic\u00e9e caract\u00e9ristique du N\u00e9grette. Net, vibrant et accessible, ce ros\u00e9 capture le charme de l\u2019appellation Fronton et se pr\u00eate parfaitement \u00e0 une d\u00e9gustation quotidienne et d\u00e9contract\u00e9e.<\/p>","protected":false},"featured_media":1006416,"comment_status":"open","ping_status":"closed","template":"","meta":[],"product_brand":[],"product_cat":[143,90],"product_tag":[287,393,227],"class_list":{"0":"post-1006410","1":"product","2":"type-product","3":"status-publish","4":"has-post-thumbnail","6":"product_cat-france-south-west","7":"product_cat-white","8":"product_tag-comte-tolosan","9":"product_tag-south-west","10":"product_tag-white","12":"first","13":"instock","14":"shipping-taxable","15":"product-type-simple"},"yoast_head":"<!-- This site is optimized with the Yoast SEO Premium plugin v27.2 (Yoast SEO v27.3) - https:\/\/yoast.com\/product\/yoast-seo-premium-wordpress\/ -->\n<title>Lionel Osmin &amp; Cie Fronton Miramar Ros\u00e9 2023 - Vavin \u9152\u76d2\u5b50<\/title>\n<meta name=\"description\" content=\"Lionel Osmin Cantera White 2023 from Comt\u00e9 Tolosan blends Mauzac, Loin de l\u2019\u0152il, Petit Courbu, Colombard, and Gros Manseng. A fresh, floral and harmonious white wine, ideal with seafood, goat cheese and light dishes.\" \/>\n<meta name=\"robots\" content=\"index, follow, max-snippet:-1, max-image-preview:large, max-video-preview:-1\" \/>\n<link rel=\"canonical\" href=\"https:\/\/vavin.tw\/fr\/produit\/lionel-osmin-cie-fronton-miramar-rose-2023\/\" \/>\n<meta property=\"og:locale\" content=\"fr_FR\" \/>\n<meta property=\"og:type\" content=\"article\" \/>\n<meta property=\"og:title\" content=\"Lionel Osmin &amp; Cie Fronton Miramar Ros\u00e9 2023\" \/>\n<meta property=\"og:description\" content=\"Lionel Osmin Cantera White 2023 from Comt\u00e9 Tolosan blends Mauzac, Loin de l\u2019\u0152il, Petit Courbu, Colombard, and Gros Manseng. A fresh, floral and harmonious white wine, ideal with seafood, goat cheese and light dishes.\" \/>\n<meta property=\"og:url\" content=\"https:\/\/vavin.tw\/fr\/produit\/lionel-osmin-cie-fronton-miramar-rose-2023\/\" \/>\n<meta property=\"og:site_name\" content=\"Vavin \u9152\u76d2\u5b50\" \/>\n<meta property=\"article:publisher\" content=\"https:\/\/www.facebook.com\/vavintw\" \/>\n<meta property=\"article:modified_time\" content=\"2026-01-26T17:38:35+00:00\" \/>\n<meta property=\"og:image\" content=\"https:\/\/vavin.tw\/wp-content\/uploads\/2026\/01\/Lionel-Osmin-Cie-Fronton-Miramar-Rose-2023-.png\" \/>\n\t<meta property=\"og:image:width\" content=\"400\" \/>\n\t<meta property=\"og:image:height\" content=\"600\" \/>\n\t<meta property=\"og:image:type\" content=\"image\/png\" \/>\n<meta name=\"twitter:card\" content=\"summary_large_image\" \/>\n<meta name=\"twitter:label1\" content=\"Dur\u00e9e de lecture estim\u00e9e\" \/>\n\t<meta name=\"twitter:data1\" content=\"2 minutes\" \/>\n<script type=\"application\/ld+json\" class=\"yoast-schema-graph\">{\"@context\":\"https:\\\/\\\/schema.org\",\"@graph\":[{\"@type\":\"WebPage\",\"@id\":\"https:\\\/\\\/vavin.tw\\\/product\\\/lionel-osmin-cie-fronton-miramar-rose-2023\\\/\",\"url\":\"https:\\\/\\\/vavin.tw\\\/product\\\/lionel-osmin-cie-fronton-miramar-rose-2023\\\/\",\"name\":\"Lionel Osmin & Cie Fronton Miramar Ros\u00e9 2023 - Vavin \u9152\u76d2\u5b50\",\"isPartOf\":{\"@id\":\"https:\\\/\\\/vavin.tw\\\/#website\"},\"primaryImageOfPage\":{\"@id\":\"https:\\\/\\\/vavin.tw\\\/product\\\/lionel-osmin-cie-fronton-miramar-rose-2023\\\/#primaryimage\"},\"image\":{\"@id\":\"https:\\\/\\\/vavin.tw\\\/product\\\/lionel-osmin-cie-fronton-miramar-rose-2023\\\/#primaryimage\"},\"thumbnailUrl\":\"https:\\\/\\\/vavin.tw\\\/wp-content\\\/uploads\\\/2026\\\/01\\\/Lionel-Osmin-Cie-Fronton-Miramar-Rose-2023-.png\",\"datePublished\":\"2026-01-21T17:49:02+00:00\",\"dateModified\":\"2026-01-26T17:38:35+00:00\",\"description\":\"Lionel Osmin Cantera White 2023 from Comt\u00e9 Tolosan blends Mauzac, Loin de l\u2019\u0152il, Petit Courbu, Colombard, and Gros Manseng. A fresh, floral and harmonious white wine, ideal with seafood, goat cheese and light dishes.\",\"breadcrumb\":{\"@id\":\"https:\\\/\\\/vavin.tw\\\/product\\\/lionel-osmin-cie-fronton-miramar-rose-2023\\\/#breadcrumb\"},\"inLanguage\":\"fr-FR\",\"potentialAction\":[{\"@type\":\"ReadAction\",\"target\":[\"https:\\\/\\\/vavin.tw\\\/product\\\/lionel-osmin-cie-fronton-miramar-rose-2023\\\/\"]}]},{\"@type\":\"ImageObject\",\"inLanguage\":\"fr-FR\",\"@id\":\"https:\\\/\\\/vavin.tw\\\/product\\\/lionel-osmin-cie-fronton-miramar-rose-2023\\\/#primaryimage\",\"url\":\"https:\\\/\\\/vavin.tw\\\/wp-content\\\/uploads\\\/2026\\\/01\\\/Lionel-Osmin-Cie-Fronton-Miramar-Rose-2023-.png\",\"contentUrl\":\"https:\\\/\\\/vavin.tw\\\/wp-content\\\/uploads\\\/2026\\\/01\\\/Lionel-Osmin-Cie-Fronton-Miramar-Rose-2023-.png\",\"width\":400,\"height\":600},{\"@type\":\"BreadcrumbList\",\"@id\":\"https:\\\/\\\/vavin.tw\\\/product\\\/lionel-osmin-cie-fronton-miramar-rose-2023\\\/#breadcrumb\",\"itemListElement\":[{\"@type\":\"ListItem\",\"position\":1,\"name\":\"Home\",\"item\":\"https:\\\/\\\/vavin.tw\\\/\"},{\"@type\":\"ListItem\",\"position\":2,\"name\":\"Products\",\"item\":\"https:\\\/\\\/vavin.tw\\\/shop\\\/\"},{\"@type\":\"ListItem\",\"position\":3,\"name\":\"Lionel Osmin &#038; Cie Fronton Miramar Ros\u00e9 2023\"}]},{\"@type\":\"WebSite\",\"@id\":\"https:\\\/\\\/vavin.tw\\\/#website\",\"url\":\"https:\\\/\\\/vavin.tw\\\/\",\"name\":\"Vavin \u9152\u76d2\u5b50\",\"description\":\"Savor the Art of Wine\",\"publisher\":{\"@id\":\"https:\\\/\\\/vavin.tw\\\/#organization\"},\"potentialAction\":[{\"@type\":\"SearchAction\",\"target\":{\"@type\":\"EntryPoint\",\"urlTemplate\":\"https:\\\/\\\/vavin.tw\\\/?s={search_term_string}\"},\"query-input\":{\"@type\":\"PropertyValueSpecification\",\"valueRequired\":true,\"valueName\":\"search_term_string\"}}],\"inLanguage\":\"fr-FR\"},{\"@type\":\"Organization\",\"@id\":\"https:\\\/\\\/vavin.tw\\\/#organization\",\"name\":\"Vavin \u9152\u76d2\u5b50\",\"url\":\"https:\\\/\\\/vavin.tw\\\/\",\"logo\":{\"@type\":\"ImageObject\",\"inLanguage\":\"fr-FR\",\"@id\":\"https:\\\/\\\/vavin.tw\\\/#\\\/schema\\\/logo\\\/image\\\/\",\"url\":\"https:\\\/\\\/vavin.tw\\\/wp-content\\\/uploads\\\/2023\\\/03\\\/cropped-favicon-violet-v1.png\",\"contentUrl\":\"https:\\\/\\\/vavin.tw\\\/wp-content\\\/uploads\\\/2023\\\/03\\\/cropped-favicon-violet-v1.png\",\"width\":512,\"height\":512,\"caption\":\"Vavin \u9152\u76d2\u5b50\"},\"image\":{\"@id\":\"https:\\\/\\\/vavin.tw\\\/#\\\/schema\\\/logo\\\/image\\\/\"},\"sameAs\":[\"https:\\\/\\\/www.facebook.com\\\/vavintw\",\"https:\\\/\\\/www.instagram.com\\\/vavin_tw\"]}]}<\/script>\n<!-- \/ Yoast SEO Premium plugin. -->","yoast_head_json":{"title":"Lionel Osmin & Cie Fronton Miramar Ros\u00e9 2023 - Vavin \u9152\u76d2\u5b50","description":"Lionel Osmin Cantera White 2023 from Comt\u00e9 Tolosan blends Mauzac, Loin de l\u2019\u0152il, Petit Courbu, Colombard, and Gros Manseng. A fresh, floral and harmonious white wine, ideal with seafood, goat cheese and light dishes.","robots":{"index":"index","follow":"follow","max-snippet":"max-snippet:-1","max-image-preview":"max-image-preview:large","max-video-preview":"max-video-preview:-1"},"canonical":"https:\/\/vavin.tw\/fr\/produit\/lionel-osmin-cie-fronton-miramar-rose-2023\/","og_locale":"fr_FR","og_type":"article","og_title":"Lionel Osmin & Cie Fronton Miramar Ros\u00e9 2023","og_description":"Lionel Osmin Cantera White 2023 from Comt\u00e9 Tolosan blends Mauzac, Loin de l\u2019\u0152il, Petit Courbu, Colombard, and Gros Manseng. A fresh, floral and harmonious white wine, ideal with seafood, goat cheese and light dishes.","og_url":"https:\/\/vavin.tw\/fr\/produit\/lionel-osmin-cie-fronton-miramar-rose-2023\/","og_site_name":"Vavin \u9152\u76d2\u5b50","article_publisher":"https:\/\/www.facebook.com\/vavintw","article_modified_time":"2026-01-26T17:38:35+00:00","og_image":[{"width":400,"height":600,"url":"https:\/\/vavin.tw\/wp-content\/uploads\/2026\/01\/Lionel-Osmin-Cie-Fronton-Miramar-Rose-2023-.png","type":"image\/png"}],"twitter_card":"summary_large_image","twitter_misc":{"Dur\u00e9e de lecture estim\u00e9e":"2 minutes"},"schema":{"@context":"https:\/\/schema.org","@graph":[{"@type":"WebPage","@id":"https:\/\/vavin.tw\/product\/lionel-osmin-cie-fronton-miramar-rose-2023\/","url":"https:\/\/vavin.tw\/product\/lionel-osmin-cie-fronton-miramar-rose-2023\/","name":"Lionel Osmin & Cie Fronton Miramar Ros\u00e9 2023 - Vavin \u9152\u76d2\u5b50","isPartOf":{"@id":"https:\/\/vavin.tw\/#website"},"primaryImageOfPage":{"@id":"https:\/\/vavin.tw\/product\/lionel-osmin-cie-fronton-miramar-rose-2023\/#primaryimage"},"image":{"@id":"https:\/\/vavin.tw\/product\/lionel-osmin-cie-fronton-miramar-rose-2023\/#primaryimage"},"thumbnailUrl":"https:\/\/vavin.tw\/wp-content\/uploads\/2026\/01\/Lionel-Osmin-Cie-Fronton-Miramar-Rose-2023-.png","datePublished":"2026-01-21T17:49:02+00:00","dateModified":"2026-01-26T17:38:35+00:00","description":"Lionel Osmin Cantera White 2023 from Comt\u00e9 Tolosan blends Mauzac, Loin de l\u2019\u0152il, Petit Courbu, Colombard, and Gros Manseng. A fresh, floral and harmonious white wine, ideal with seafood, goat cheese and light dishes.","breadcrumb":{"@id":"https:\/\/vavin.tw\/product\/lionel-osmin-cie-fronton-miramar-rose-2023\/#breadcrumb"},"inLanguage":"fr-FR","potentialAction":[{"@type":"ReadAction","target":["https:\/\/vavin.tw\/product\/lionel-osmin-cie-fronton-miramar-rose-2023\/"]}]},{"@type":"ImageObject","inLanguage":"fr-FR","@id":"https:\/\/vavin.tw\/product\/lionel-osmin-cie-fronton-miramar-rose-2023\/#primaryimage","url":"https:\/\/vavin.tw\/wp-content\/uploads\/2026\/01\/Lionel-Osmin-Cie-Fronton-Miramar-Rose-2023-.png","contentUrl":"https:\/\/vavin.tw\/wp-content\/uploads\/2026\/01\/Lionel-Osmin-Cie-Fronton-Miramar-Rose-2023-.png","width":400,"height":600},{"@type":"BreadcrumbList","@id":"https:\/\/vavin.tw\/product\/lionel-osmin-cie-fronton-miramar-rose-2023\/#breadcrumb","itemListElement":[{"@type":"ListItem","position":1,"name":"Home","item":"https:\/\/vavin.tw\/"},{"@type":"ListItem","position":2,"name":"Products","item":"https:\/\/vavin.tw\/shop\/"},{"@type":"ListItem","position":3,"name":"Lionel Osmin &#038; Cie Fronton Miramar Ros\u00e9 2023"}]},{"@type":"WebSite","@id":"https:\/\/vavin.tw\/#website","url":"https:\/\/vavin.tw\/","name":"Vavin","description":"Savoure l\u2019art du vin","publisher":{"@id":"https:\/\/vavin.tw\/#organization"},"potentialAction":[{"@type":"SearchAction","target":{"@type":"EntryPoint","urlTemplate":"https:\/\/vavin.tw\/?s={search_term_string}"},"query-input":{"@type":"PropertyValueSpecification","valueRequired":true,"valueName":"search_term_string"}}],"inLanguage":"fr-FR"},{"@type":"Organization","@id":"https:\/\/vavin.tw\/#organization","name":"Vavin","url":"https:\/\/vavin.tw\/","logo":{"@type":"ImageObject","inLanguage":"fr-FR","@id":"https:\/\/vavin.tw\/#\/schema\/logo\/image\/","url":"https:\/\/vavin.tw\/wp-content\/uploads\/2023\/03\/cropped-favicon-violet-v1.png","contentUrl":"https:\/\/vavin.tw\/wp-content\/uploads\/2023\/03\/cropped-favicon-violet-v1.png","width":512,"height":512,"caption":"Vavin \u9152\u76d2\u5b50"},"image":{"@id":"https:\/\/vavin.tw\/#\/schema\/logo\/image\/"},"sameAs":["https:\/\/www.facebook.com\/vavintw","https:\/\/www.instagram.com\/vavin_tw"]}]}},"_links":{"self":[{"href":"https:\/\/vavin.tw\/fr\/wp-json\/wp\/v2\/product\/1006410","targetHints":{"allow":["GET"]}}],"collection":[{"href":"https:\/\/vavin.tw\/fr\/wp-json\/wp\/v2\/product"}],"about":[{"href":"https:\/\/vavin.tw\/fr\/wp-json\/wp\/v2\/types\/product"}],"replies":[{"embeddable":true,"href":"https:\/\/vavin.tw\/fr\/wp-json\/wp\/v2\/comments?post=1006410"}],"version-history":[{"count":2,"href":"https:\/\/vavin.tw\/fr\/wp-json\/wp\/v2\/product\/1006410\/revisions"}],"predecessor-version":[{"id":1006449,"href":"https:\/\/vavin.tw\/fr\/wp-json\/wp\/v2\/product\/1006410\/revisions\/1006449"}],"wp:featuredmedia":[{"embeddable":true,"href":"https:\/\/vavin.tw\/fr\/wp-json\/wp\/v2\/media\/1006416"}],"wp:attachment":[{"href":"https:\/\/vavin.tw\/fr\/wp-json\/wp\/v2\/media?parent=1006410"}],"wp:term":[{"taxonomy":"product_brand","embeddable":true,"href":"https:\/\/vavin.tw\/fr\/wp-json\/wp\/v2\/product_brand?post=1006410"},{"taxonomy":"product_cat","embeddable":true,"href":"https:\/\/vavin.tw\/fr\/wp-json\/wp\/v2\/product_cat?post=1006410"},{"taxonomy":"product_tag","embeddable":true,"href":"https:\/\/vavin.tw\/fr\/wp-json\/wp\/v2\/product_tag?post=1006410"}],"curies":[{"name":"wp","href":"https:\/\/api.w.org\/{rel}","templated":true}]}}