{"id":990468,"date":"2023-04-11T17:58:23","date_gmt":"2023-04-11T09:58:23","guid":{"rendered":"https:\/\/v2.vavin.tw\/product\/pouilly-fuisse-vieilles-vignes-jean-pierre-seve-2018\/"},"modified":"2025-04-27T22:34:27","modified_gmt":"2025-04-27T14:34:27","slug":"domaine-jean-pierre-seve-pouilly-fuisse-selection-vieilles-vignes-2018","status":"publish","type":"product","link":"https:\/\/vavin.tw\/fr\/product\/domaine-jean-pierre-seve-pouilly-fuisse-selection-vieilles-vignes-2018\/","title":{"rendered":"Domaine Jean-Pierre S\u00e8ve Pouilly Fuiss\u00e9 S\u00e9lection Vieilles Vignes 2018"},"content":{"rendered":"<div class=\"vgblk-rw-wrapper limit-wrapper\"><span style=\"font-weight: 400\">This special cuvee \u201cS\u00e9lection Vieilles Vignes\u201d is from average 50 years old vines.<\/span><\/p>\n<p><span style=\"font-weight: 400\">Older vines produce less quantity of fruits than the new vines, but the older the vines are the higher the quality. This wine shows a medium gold color with a silver hue. On the nose, we can sample a bouquet of peach, apricot, lemon, and honeysuckle flower, followed by toasted bread and vanilla. The wine is round and pleasant in the mouth: full-body, rich structure, well balanced, and mineral finish.<\/span><\/div>\n<p><!-- .vgblk-rw-wrapper --><\/p>","protected":false},"excerpt":{"rendered":"<p>This special cuvee \u201cS\u00e9lection Vieilles Vignes\u201d is from average 50 years old vines. Older vines produce less quantity of fruits than the new vines, but the older the vines are the higher the quality. This wine shows a medium gold color with a silver hue. On the nose, we can sample a bouquet of peach,&#8230;<\/p>","protected":false},"featured_media":993792,"comment_status":"open","ping_status":"closed","template":"","meta":[],"product_brand":[],"product_cat":[135,90],"product_tag":[147],"class_list":{"0":"post-990468","1":"product","2":"type-product","3":"status-publish","4":"has-post-thumbnail","6":"product_cat-burgundy","7":"product_cat-white","8":"product_tag-chardonnay","10":"first","11":"outofstock","12":"shipping-taxable","13":"product-type-simple"},"yoast_head":"<!-- This site is optimized with the Yoast SEO Premium plugin v27.2 (Yoast SEO v27.3) - https:\/\/yoast.com\/product\/yoast-seo-premium-wordpress\/ -->\n<title>Domaine Jean-Pierre S\u00e8ve Pouilly Fuiss\u00e9 S\u00e9lection Vieilles Vignes 2018 - Vavin \u9152\u76d2\u5b50<\/title>\n<meta name=\"robots\" content=\"index, follow, max-snippet:-1, max-image-preview:large, max-video-preview:-1\" \/>\n<link rel=\"canonical\" href=\"https:\/\/vavin.tw\/fr\/produit\/domaine-jean-pierre-seve-pouilly-fuisse-selection-vieilles-vignes-2018\/\" \/>\n<meta property=\"og:locale\" content=\"fr_FR\" \/>\n<meta property=\"og:type\" content=\"article\" \/>\n<meta property=\"og:title\" content=\"Domaine Jean-Pierre S\u00e8ve Pouilly Fuiss\u00e9 S\u00e9lection Vieilles Vignes 2018\" \/>\n<meta property=\"og:description\" content=\"This special cuvee \u201cS\u00e9lection Vieilles Vignes\u201d is from average 50 years old vines. Older vines produce less quantity of fruits than the new vines, but the older the vines are the higher the quality. This wine shows a medium gold color with a silver hue. On the nose, we can sample a bouquet of peach,...\" \/>\n<meta property=\"og:url\" content=\"https:\/\/vavin.tw\/fr\/produit\/domaine-jean-pierre-seve-pouilly-fuisse-selection-vieilles-vignes-2018\/\" \/>\n<meta property=\"og:site_name\" content=\"Vavin \u9152\u76d2\u5b50\" \/>\n<meta property=\"article:publisher\" content=\"https:\/\/www.facebook.com\/vavintw\" \/>\n<meta property=\"article:modified_time\" content=\"2025-04-27T14:34:27+00:00\" \/>\n<meta property=\"og:image\" content=\"https:\/\/vavin.tw\/wp-content\/uploads\/2023\/04\/Domaine-Jean-Pierre-Seve-Pouilly-Fuisse-Selection-Vieilles-Vignes-2018.png\" \/>\n\t<meta property=\"og:image:width\" content=\"400\" \/>\n\t<meta property=\"og:image:height\" content=\"600\" \/>\n\t<meta property=\"og:image:type\" content=\"image\/png\" \/>\n<meta name=\"twitter:card\" content=\"summary_large_image\" \/>\n<meta name=\"twitter:label1\" content=\"Dur\u00e9e de lecture estim\u00e9e\" \/>\n\t<meta name=\"twitter:data1\" content=\"1 minute\" \/>\n<script type=\"application\/ld+json\" class=\"yoast-schema-graph\">{\"@context\":\"https:\\\/\\\/schema.org\",\"@graph\":[{\"@type\":\"WebPage\",\"@id\":\"https:\\\/\\\/vavin.tw\\\/product\\\/domaine-jean-pierre-seve-pouilly-fuisse-selection-vieilles-vignes-2018\\\/\",\"url\":\"https:\\\/\\\/vavin.tw\\\/product\\\/domaine-jean-pierre-seve-pouilly-fuisse-selection-vieilles-vignes-2018\\\/\",\"name\":\"Domaine Jean-Pierre S\u00e8ve Pouilly Fuiss\u00e9 S\u00e9lection Vieilles Vignes 2018 - Vavin \u9152\u76d2\u5b50\",\"isPartOf\":{\"@id\":\"https:\\\/\\\/vavin.tw\\\/#website\"},\"primaryImageOfPage\":{\"@id\":\"https:\\\/\\\/vavin.tw\\\/product\\\/domaine-jean-pierre-seve-pouilly-fuisse-selection-vieilles-vignes-2018\\\/#primaryimage\"},\"image\":{\"@id\":\"https:\\\/\\\/vavin.tw\\\/product\\\/domaine-jean-pierre-seve-pouilly-fuisse-selection-vieilles-vignes-2018\\\/#primaryimage\"},\"thumbnailUrl\":\"https:\\\/\\\/vavin.tw\\\/wp-content\\\/uploads\\\/2023\\\/04\\\/Domaine-Jean-Pierre-Seve-Pouilly-Fuisse-Selection-Vieilles-Vignes-2018.png\",\"datePublished\":\"2023-04-11T09:58:23+00:00\",\"dateModified\":\"2025-04-27T14:34:27+00:00\",\"breadcrumb\":{\"@id\":\"https:\\\/\\\/vavin.tw\\\/product\\\/domaine-jean-pierre-seve-pouilly-fuisse-selection-vieilles-vignes-2018\\\/#breadcrumb\"},\"inLanguage\":\"fr-FR\",\"potentialAction\":[{\"@type\":\"ReadAction\",\"target\":[\"https:\\\/\\\/vavin.tw\\\/product\\\/domaine-jean-pierre-seve-pouilly-fuisse-selection-vieilles-vignes-2018\\\/\"]}]},{\"@type\":\"ImageObject\",\"inLanguage\":\"fr-FR\",\"@id\":\"https:\\\/\\\/vavin.tw\\\/product\\\/domaine-jean-pierre-seve-pouilly-fuisse-selection-vieilles-vignes-2018\\\/#primaryimage\",\"url\":\"https:\\\/\\\/vavin.tw\\\/wp-content\\\/uploads\\\/2023\\\/04\\\/Domaine-Jean-Pierre-Seve-Pouilly-Fuisse-Selection-Vieilles-Vignes-2018.png\",\"contentUrl\":\"https:\\\/\\\/vavin.tw\\\/wp-content\\\/uploads\\\/2023\\\/04\\\/Domaine-Jean-Pierre-Seve-Pouilly-Fuisse-Selection-Vieilles-Vignes-2018.png\",\"width\":400,\"height\":600},{\"@type\":\"BreadcrumbList\",\"@id\":\"https:\\\/\\\/vavin.tw\\\/product\\\/domaine-jean-pierre-seve-pouilly-fuisse-selection-vieilles-vignes-2018\\\/#breadcrumb\",\"itemListElement\":[{\"@type\":\"ListItem\",\"position\":1,\"name\":\"Home\",\"item\":\"https:\\\/\\\/vavin.tw\\\/\"},{\"@type\":\"ListItem\",\"position\":2,\"name\":\"Products\",\"item\":\"https:\\\/\\\/vavin.tw\\\/shop\\\/\"},{\"@type\":\"ListItem\",\"position\":3,\"name\":\"Domaine Jean-Pierre S\u00e8ve Pouilly Fuiss\u00e9 S\u00e9lection Vieilles Vignes 2018\"}]},{\"@type\":\"WebSite\",\"@id\":\"https:\\\/\\\/vavin.tw\\\/#website\",\"url\":\"https:\\\/\\\/vavin.tw\\\/\",\"name\":\"Vavin \u9152\u76d2\u5b50\",\"description\":\"Savor the Art of Wine\",\"publisher\":{\"@id\":\"https:\\\/\\\/vavin.tw\\\/#organization\"},\"potentialAction\":[{\"@type\":\"SearchAction\",\"target\":{\"@type\":\"EntryPoint\",\"urlTemplate\":\"https:\\\/\\\/vavin.tw\\\/?s={search_term_string}\"},\"query-input\":{\"@type\":\"PropertyValueSpecification\",\"valueRequired\":true,\"valueName\":\"search_term_string\"}}],\"inLanguage\":\"fr-FR\"},{\"@type\":\"Organization\",\"@id\":\"https:\\\/\\\/vavin.tw\\\/#organization\",\"name\":\"Vavin \u9152\u76d2\u5b50\",\"url\":\"https:\\\/\\\/vavin.tw\\\/\",\"logo\":{\"@type\":\"ImageObject\",\"inLanguage\":\"fr-FR\",\"@id\":\"https:\\\/\\\/vavin.tw\\\/#\\\/schema\\\/logo\\\/image\\\/\",\"url\":\"https:\\\/\\\/vavin.tw\\\/wp-content\\\/uploads\\\/2023\\\/03\\\/cropped-favicon-violet-v1.png\",\"contentUrl\":\"https:\\\/\\\/vavin.tw\\\/wp-content\\\/uploads\\\/2023\\\/03\\\/cropped-favicon-violet-v1.png\",\"width\":512,\"height\":512,\"caption\":\"Vavin \u9152\u76d2\u5b50\"},\"image\":{\"@id\":\"https:\\\/\\\/vavin.tw\\\/#\\\/schema\\\/logo\\\/image\\\/\"},\"sameAs\":[\"https:\\\/\\\/www.facebook.com\\\/vavintw\",\"https:\\\/\\\/www.instagram.com\\\/vavin_tw\"]}]}<\/script>\n<!-- \/ Yoast SEO Premium plugin. -->","yoast_head_json":{"title":"Domaine Jean-Pierre S\u00e8ve Pouilly Fuiss\u00e9 S\u00e9lection Vieilles Vignes 2018 - Vavin \u9152\u76d2\u5b50","robots":{"index":"index","follow":"follow","max-snippet":"max-snippet:-1","max-image-preview":"max-image-preview:large","max-video-preview":"max-video-preview:-1"},"canonical":"https:\/\/vavin.tw\/fr\/produit\/domaine-jean-pierre-seve-pouilly-fuisse-selection-vieilles-vignes-2018\/","og_locale":"fr_FR","og_type":"article","og_title":"Domaine Jean-Pierre S\u00e8ve Pouilly Fuiss\u00e9 S\u00e9lection Vieilles Vignes 2018","og_description":"This special cuvee \u201cS\u00e9lection Vieilles Vignes\u201d is from average 50 years old vines. Older vines produce less quantity of fruits than the new vines, but the older the vines are the higher the quality. This wine shows a medium gold color with a silver hue. On the nose, we can sample a bouquet of peach,...","og_url":"https:\/\/vavin.tw\/fr\/produit\/domaine-jean-pierre-seve-pouilly-fuisse-selection-vieilles-vignes-2018\/","og_site_name":"Vavin \u9152\u76d2\u5b50","article_publisher":"https:\/\/www.facebook.com\/vavintw","article_modified_time":"2025-04-27T14:34:27+00:00","og_image":[{"width":400,"height":600,"url":"https:\/\/vavin.tw\/wp-content\/uploads\/2023\/04\/Domaine-Jean-Pierre-Seve-Pouilly-Fuisse-Selection-Vieilles-Vignes-2018.png","type":"image\/png"}],"twitter_card":"summary_large_image","twitter_misc":{"Dur\u00e9e de lecture estim\u00e9e":"1 minute"},"schema":{"@context":"https:\/\/schema.org","@graph":[{"@type":"WebPage","@id":"https:\/\/vavin.tw\/product\/domaine-jean-pierre-seve-pouilly-fuisse-selection-vieilles-vignes-2018\/","url":"https:\/\/vavin.tw\/product\/domaine-jean-pierre-seve-pouilly-fuisse-selection-vieilles-vignes-2018\/","name":"Domaine Jean-Pierre S\u00e8ve Pouilly Fuiss\u00e9 S\u00e9lection Vieilles Vignes 2018 - Vavin \u9152\u76d2\u5b50","isPartOf":{"@id":"https:\/\/vavin.tw\/#website"},"primaryImageOfPage":{"@id":"https:\/\/vavin.tw\/product\/domaine-jean-pierre-seve-pouilly-fuisse-selection-vieilles-vignes-2018\/#primaryimage"},"image":{"@id":"https:\/\/vavin.tw\/product\/domaine-jean-pierre-seve-pouilly-fuisse-selection-vieilles-vignes-2018\/#primaryimage"},"thumbnailUrl":"https:\/\/vavin.tw\/wp-content\/uploads\/2023\/04\/Domaine-Jean-Pierre-Seve-Pouilly-Fuisse-Selection-Vieilles-Vignes-2018.png","datePublished":"2023-04-11T09:58:23+00:00","dateModified":"2025-04-27T14:34:27+00:00","breadcrumb":{"@id":"https:\/\/vavin.tw\/product\/domaine-jean-pierre-seve-pouilly-fuisse-selection-vieilles-vignes-2018\/#breadcrumb"},"inLanguage":"fr-FR","potentialAction":[{"@type":"ReadAction","target":["https:\/\/vavin.tw\/product\/domaine-jean-pierre-seve-pouilly-fuisse-selection-vieilles-vignes-2018\/"]}]},{"@type":"ImageObject","inLanguage":"fr-FR","@id":"https:\/\/vavin.tw\/product\/domaine-jean-pierre-seve-pouilly-fuisse-selection-vieilles-vignes-2018\/#primaryimage","url":"https:\/\/vavin.tw\/wp-content\/uploads\/2023\/04\/Domaine-Jean-Pierre-Seve-Pouilly-Fuisse-Selection-Vieilles-Vignes-2018.png","contentUrl":"https:\/\/vavin.tw\/wp-content\/uploads\/2023\/04\/Domaine-Jean-Pierre-Seve-Pouilly-Fuisse-Selection-Vieilles-Vignes-2018.png","width":400,"height":600},{"@type":"BreadcrumbList","@id":"https:\/\/vavin.tw\/product\/domaine-jean-pierre-seve-pouilly-fuisse-selection-vieilles-vignes-2018\/#breadcrumb","itemListElement":[{"@type":"ListItem","position":1,"name":"Home","item":"https:\/\/vavin.tw\/"},{"@type":"ListItem","position":2,"name":"Products","item":"https:\/\/vavin.tw\/shop\/"},{"@type":"ListItem","position":3,"name":"Domaine Jean-Pierre S\u00e8ve Pouilly Fuiss\u00e9 S\u00e9lection Vieilles Vignes 2018"}]},{"@type":"WebSite","@id":"https:\/\/vavin.tw\/#website","url":"https:\/\/vavin.tw\/","name":"Vavin","description":"Savoure l\u2019art du vin","publisher":{"@id":"https:\/\/vavin.tw\/#organization"},"potentialAction":[{"@type":"SearchAction","target":{"@type":"EntryPoint","urlTemplate":"https:\/\/vavin.tw\/?s={search_term_string}"},"query-input":{"@type":"PropertyValueSpecification","valueRequired":true,"valueName":"search_term_string"}}],"inLanguage":"fr-FR"},{"@type":"Organization","@id":"https:\/\/vavin.tw\/#organization","name":"Vavin","url":"https:\/\/vavin.tw\/","logo":{"@type":"ImageObject","inLanguage":"fr-FR","@id":"https:\/\/vavin.tw\/#\/schema\/logo\/image\/","url":"https:\/\/vavin.tw\/wp-content\/uploads\/2023\/03\/cropped-favicon-violet-v1.png","contentUrl":"https:\/\/vavin.tw\/wp-content\/uploads\/2023\/03\/cropped-favicon-violet-v1.png","width":512,"height":512,"caption":"Vavin \u9152\u76d2\u5b50"},"image":{"@id":"https:\/\/vavin.tw\/#\/schema\/logo\/image\/"},"sameAs":["https:\/\/www.facebook.com\/vavintw","https:\/\/www.instagram.com\/vavin_tw"]}]}},"_links":{"self":[{"href":"https:\/\/vavin.tw\/fr\/wp-json\/wp\/v2\/product\/990468","targetHints":{"allow":["GET"]}}],"collection":[{"href":"https:\/\/vavin.tw\/fr\/wp-json\/wp\/v2\/product"}],"about":[{"href":"https:\/\/vavin.tw\/fr\/wp-json\/wp\/v2\/types\/product"}],"replies":[{"embeddable":true,"href":"https:\/\/vavin.tw\/fr\/wp-json\/wp\/v2\/comments?post=990468"}],"version-history":[{"count":0,"href":"https:\/\/vavin.tw\/fr\/wp-json\/wp\/v2\/product\/990468\/revisions"}],"wp:featuredmedia":[{"embeddable":true,"href":"https:\/\/vavin.tw\/fr\/wp-json\/wp\/v2\/media\/993792"}],"wp:attachment":[{"href":"https:\/\/vavin.tw\/fr\/wp-json\/wp\/v2\/media?parent=990468"}],"wp:term":[{"taxonomy":"product_brand","embeddable":true,"href":"https:\/\/vavin.tw\/fr\/wp-json\/wp\/v2\/product_brand?post=990468"},{"taxonomy":"product_cat","embeddable":true,"href":"https:\/\/vavin.tw\/fr\/wp-json\/wp\/v2\/product_cat?post=990468"},{"taxonomy":"product_tag","embeddable":true,"href":"https:\/\/vavin.tw\/fr\/wp-json\/wp\/v2\/product_tag?post=990468"}],"curies":[{"name":"wp","href":"https:\/\/api.w.org\/{rel}","templated":true}]}}