{"id":990636,"date":"2023-04-11T17:59:42","date_gmt":"2023-04-11T09:59:42","guid":{"rendered":"https:\/\/v2.vavin.tw\/product\/loup-dans-la-bergerie-domaine-de-lhortus-2021\/"},"modified":"2025-04-27T16:28:20","modified_gmt":"2025-04-27T08:28:20","slug":"domaine-de-lhortus-loup-dans-la-bergerie-2021","status":"publish","type":"product","link":"https:\/\/vavin.tw\/fr\/product\/domaine-de-lhortus-loup-dans-la-bergerie-2021\/","title":{"rendered":"Domaine de l\u2019Hortus Loup dans la Bergerie 2021"},"content":{"rendered":"<div class=\"vgblk-rw-wrapper limit-wrapper\">\n<div class=\"wine-info\"><strong>Couleur\u202f:<\/strong> Rouge<br \/>\n<strong>Alcool\u202f:<\/strong> 13.5% vol.<br \/>\n<strong>C\u00e9page\u202f:<\/strong> Syrah, Grenache<br \/>\n<strong>Contenance\u202f:<\/strong> 75 cl<\/div>\n<hr \/>\n<div class=\"wine-section\">\n<h3>Histoire du domaine\u202f<\/h3>\n<p>Le Domaine de l\u2019Hortus, dirig\u00e9 par la famille Orliac au c\u0153ur de la r\u00e9gion du Pic-Saint-Loup, est reconnu pour ses vins pr\u00e9cis et expressifs. \u201c Loup dans la Bergerie \u201d refl\u00e8te leur esprit ludique, offrant un rouge facile \u00e0 boire avec le m\u00eame soin et le m\u00eame respect de l\u2019environnement que leurs cuv\u00e9es prestigieuses.<\/p>\n<hr \/>\n<\/div>\n<div class=\"wine-section\">\n<h3>Terroir\u202f<\/h3>\n<p>Issus de vignobles situ\u00e9s au pied des falaises de l'Hortus et du Pic Saint-Loup, sur des sols calcaires aux influences m\u00e9diterran\u00e9ennes. Ce terroir apporte fra\u00eecheur, fruit \u00e9clatant et intensit\u00e9 aromatique au vin.<\/p>\n<hr \/>\n<\/div>\n<div class=\"wine-section\">\n<h3>Notes de d\u00e9gustation<\/h3>\n<p>Couleur rubis brillante. Le nez s'ouvre sur des notes de baies rouges juteuses, d'\u00e9pices douces et de senteurs florales. En bouche, le vin est souple, fruit\u00e9 et vif, avec des tanins d\u00e9licats et une finale fra\u00eeche et croquante.<\/p>\n<p class=\"wine-highlight\">Un rouge joyeux, aux ar\u00f4mes fruit\u00e9s, parfait pour les moments de d\u00e9tente et le plaisir quotidien.<\/p>\n<hr \/>\n<\/div>\n<div class=\"wine-section\">\n<h3>Accords mets-vins<\/h3>\n<p>Excellent avec des saucisses grill\u00e9es, des tapas, une pizza ou des plateaux de charcuterie.<\/p>\n<\/div>\n<\/div>\n<p><!-- .vgblk-rw-wrapper --><\/p>","protected":false},"excerpt":{"rendered":"<p>Color: Red Alcohol: 13.5% vol. Grape Variety: Syrah, Grenache Bottle Size: 75 cl Domaine History Domaine de l\u2019Hortus, led by the Orliac family in the heart of the Pic-Saint-Loup region, is recognized for its precise and expressive wines. &#8220;Loup dans la Bergerie&#8221; reflects their playful spirit, offering an easy-drinking red with the same care and&#8230;<\/p>","protected":false},"featured_media":995133,"comment_status":"open","ping_status":"closed","template":"","meta":[],"product_brand":[],"product_cat":[138,63],"product_tag":[156,316,149],"class_list":{"0":"post-990636","1":"product","2":"type-product","3":"status-publish","4":"has-post-thumbnail","6":"product_cat-languedoc","7":"product_cat-red","8":"product_tag-grenache","9":"product_tag-pic-saint-loup","10":"product_tag-syrah","12":"first","13":"instock","14":"shipping-taxable","15":"product-type-simple"},"yoast_head":"<!-- This site is optimized with the Yoast SEO Premium plugin v27.2 (Yoast SEO v27.3) - https:\/\/yoast.com\/product\/yoast-seo-premium-wordpress\/ -->\n<title>Domaine de l&#039;Hortus Loup dans la Bergerie 2021 - Vavin \u9152\u76d2\u5b50<\/title>\n<meta name=\"description\" content=\"Discover Domaine de l\u2019Hortus Loup dans la Bergerie 2021\u2014a fresh and juicy Syrah-Grenache blend with red berry aromas and soft tannins. Easy-drinking and perfect for everyday enjoyment.\" \/>\n<meta name=\"robots\" content=\"index, follow, max-snippet:-1, max-image-preview:large, max-video-preview:-1\" \/>\n<link rel=\"canonical\" href=\"https:\/\/vavin.tw\/fr\/produit\/domaine-de-lhortus-loup-dans-la-bergerie-2021\/\" \/>\n<meta property=\"og:locale\" content=\"fr_FR\" \/>\n<meta property=\"og:type\" content=\"article\" \/>\n<meta property=\"og:title\" content=\"Domaine de l&#039;Hortus Loup dans la Bergerie 2021\" \/>\n<meta property=\"og:description\" content=\"Discover Domaine de l\u2019Hortus Loup dans la Bergerie 2021\u2014a fresh and juicy Syrah-Grenache blend with red berry aromas and soft tannins. Easy-drinking and perfect for everyday enjoyment.\" \/>\n<meta property=\"og:url\" content=\"https:\/\/vavin.tw\/fr\/produit\/domaine-de-lhortus-loup-dans-la-bergerie-2021\/\" \/>\n<meta property=\"og:site_name\" content=\"Vavin \u9152\u76d2\u5b50\" \/>\n<meta property=\"article:publisher\" content=\"https:\/\/www.facebook.com\/vavintw\" \/>\n<meta property=\"article:modified_time\" content=\"2025-04-27T08:28:20+00:00\" \/>\n<meta property=\"og:image\" content=\"https:\/\/vavin.tw\/wp-content\/uploads\/2023\/04\/Domaine-de-lHortus-Le-Loup-dans-la-Bergerie-2021-1.png\" \/>\n\t<meta property=\"og:image:width\" content=\"400\" \/>\n\t<meta property=\"og:image:height\" content=\"600\" \/>\n\t<meta property=\"og:image:type\" content=\"image\/png\" \/>\n<meta name=\"twitter:card\" content=\"summary_large_image\" \/>\n<meta name=\"twitter:label1\" content=\"Dur\u00e9e de lecture estim\u00e9e\" \/>\n\t<meta name=\"twitter:data1\" content=\"1 minute\" \/>\n<script type=\"application\/ld+json\" class=\"yoast-schema-graph\">{\"@context\":\"https:\\\/\\\/schema.org\",\"@graph\":[{\"@type\":\"WebPage\",\"@id\":\"https:\\\/\\\/vavin.tw\\\/product\\\/domaine-de-lhortus-loup-dans-la-bergerie-2021\\\/\",\"url\":\"https:\\\/\\\/vavin.tw\\\/product\\\/domaine-de-lhortus-loup-dans-la-bergerie-2021\\\/\",\"name\":\"Domaine de l'Hortus Loup dans la Bergerie 2021 - Vavin \u9152\u76d2\u5b50\",\"isPartOf\":{\"@id\":\"https:\\\/\\\/vavin.tw\\\/#website\"},\"primaryImageOfPage\":{\"@id\":\"https:\\\/\\\/vavin.tw\\\/product\\\/domaine-de-lhortus-loup-dans-la-bergerie-2021\\\/#primaryimage\"},\"image\":{\"@id\":\"https:\\\/\\\/vavin.tw\\\/product\\\/domaine-de-lhortus-loup-dans-la-bergerie-2021\\\/#primaryimage\"},\"thumbnailUrl\":\"https:\\\/\\\/vavin.tw\\\/wp-content\\\/uploads\\\/2023\\\/04\\\/Domaine-de-lHortus-Le-Loup-dans-la-Bergerie-2021-1.png\",\"datePublished\":\"2023-04-11T09:59:42+00:00\",\"dateModified\":\"2025-04-27T08:28:20+00:00\",\"description\":\"Discover Domaine de l\u2019Hortus Loup dans la Bergerie 2021\u2014a fresh and juicy Syrah-Grenache blend with red berry aromas and soft tannins. Easy-drinking and perfect for everyday enjoyment.\",\"breadcrumb\":{\"@id\":\"https:\\\/\\\/vavin.tw\\\/product\\\/domaine-de-lhortus-loup-dans-la-bergerie-2021\\\/#breadcrumb\"},\"inLanguage\":\"fr-FR\",\"potentialAction\":[{\"@type\":\"ReadAction\",\"target\":[\"https:\\\/\\\/vavin.tw\\\/product\\\/domaine-de-lhortus-loup-dans-la-bergerie-2021\\\/\"]}]},{\"@type\":\"ImageObject\",\"inLanguage\":\"fr-FR\",\"@id\":\"https:\\\/\\\/vavin.tw\\\/product\\\/domaine-de-lhortus-loup-dans-la-bergerie-2021\\\/#primaryimage\",\"url\":\"https:\\\/\\\/vavin.tw\\\/wp-content\\\/uploads\\\/2023\\\/04\\\/Domaine-de-lHortus-Le-Loup-dans-la-Bergerie-2021-1.png\",\"contentUrl\":\"https:\\\/\\\/vavin.tw\\\/wp-content\\\/uploads\\\/2023\\\/04\\\/Domaine-de-lHortus-Le-Loup-dans-la-Bergerie-2021-1.png\",\"width\":400,\"height\":600},{\"@type\":\"BreadcrumbList\",\"@id\":\"https:\\\/\\\/vavin.tw\\\/product\\\/domaine-de-lhortus-loup-dans-la-bergerie-2021\\\/#breadcrumb\",\"itemListElement\":[{\"@type\":\"ListItem\",\"position\":1,\"name\":\"Home\",\"item\":\"https:\\\/\\\/vavin.tw\\\/\"},{\"@type\":\"ListItem\",\"position\":2,\"name\":\"Products\",\"item\":\"https:\\\/\\\/vavin.tw\\\/shop\\\/\"},{\"@type\":\"ListItem\",\"position\":3,\"name\":\"Domaine de l&rsquo;Hortus Loup dans la Bergerie 2021\"}]},{\"@type\":\"WebSite\",\"@id\":\"https:\\\/\\\/vavin.tw\\\/#website\",\"url\":\"https:\\\/\\\/vavin.tw\\\/\",\"name\":\"Vavin \u9152\u76d2\u5b50\",\"description\":\"Savor the Art of Wine\",\"publisher\":{\"@id\":\"https:\\\/\\\/vavin.tw\\\/#organization\"},\"potentialAction\":[{\"@type\":\"SearchAction\",\"target\":{\"@type\":\"EntryPoint\",\"urlTemplate\":\"https:\\\/\\\/vavin.tw\\\/?s={search_term_string}\"},\"query-input\":{\"@type\":\"PropertyValueSpecification\",\"valueRequired\":true,\"valueName\":\"search_term_string\"}}],\"inLanguage\":\"fr-FR\"},{\"@type\":\"Organization\",\"@id\":\"https:\\\/\\\/vavin.tw\\\/#organization\",\"name\":\"Vavin \u9152\u76d2\u5b50\",\"url\":\"https:\\\/\\\/vavin.tw\\\/\",\"logo\":{\"@type\":\"ImageObject\",\"inLanguage\":\"fr-FR\",\"@id\":\"https:\\\/\\\/vavin.tw\\\/#\\\/schema\\\/logo\\\/image\\\/\",\"url\":\"https:\\\/\\\/vavin.tw\\\/wp-content\\\/uploads\\\/2023\\\/03\\\/cropped-favicon-violet-v1.png\",\"contentUrl\":\"https:\\\/\\\/vavin.tw\\\/wp-content\\\/uploads\\\/2023\\\/03\\\/cropped-favicon-violet-v1.png\",\"width\":512,\"height\":512,\"caption\":\"Vavin \u9152\u76d2\u5b50\"},\"image\":{\"@id\":\"https:\\\/\\\/vavin.tw\\\/#\\\/schema\\\/logo\\\/image\\\/\"},\"sameAs\":[\"https:\\\/\\\/www.facebook.com\\\/vavintw\",\"https:\\\/\\\/www.instagram.com\\\/vavin_tw\"]}]}<\/script>\n<!-- \/ Yoast SEO Premium plugin. -->","yoast_head_json":{"title":"Domaine de l'Hortus Loup dans la Bergerie 2021 - Bo\u00eete de vin Vavin","description":"D\u00e9couvrez le Domaine de l\u2019Hortus Loup dans la Bergerie 2021\u2014un assemblage frais et juteux de Syrah-Grenache, aux ar\u00f4mes de fruits rouges et aux tanins souples. Facile \u00e0 boire et parfait pour un plaisir quotidien.","robots":{"index":"index","follow":"follow","max-snippet":"max-snippet:-1","max-image-preview":"max-image-preview:large","max-video-preview":"max-video-preview:-1"},"canonical":"https:\/\/vavin.tw\/fr\/produit\/domaine-de-lhortus-loup-dans-la-bergerie-2021\/","og_locale":"fr_FR","og_type":"article","og_title":"Domaine de l'Hortus Loup dans la Bergerie 2021","og_description":"Discover Domaine de l\u2019Hortus Loup dans la Bergerie 2021\u2014a fresh and juicy Syrah-Grenache blend with red berry aromas and soft tannins. Easy-drinking and perfect for everyday enjoyment.","og_url":"https:\/\/vavin.tw\/fr\/produit\/domaine-de-lhortus-loup-dans-la-bergerie-2021\/","og_site_name":"Vavin \u9152\u76d2\u5b50","article_publisher":"https:\/\/www.facebook.com\/vavintw","article_modified_time":"2025-04-27T08:28:20+00:00","og_image":[{"width":400,"height":600,"url":"https:\/\/vavin.tw\/wp-content\/uploads\/2023\/04\/Domaine-de-lHortus-Le-Loup-dans-la-Bergerie-2021-1.png","type":"image\/png"}],"twitter_card":"summary_large_image","twitter_misc":{"Dur\u00e9e de lecture estim\u00e9e":"1 minute"},"schema":{"@context":"https:\/\/schema.org","@graph":[{"@type":"WebPage","@id":"https:\/\/vavin.tw\/product\/domaine-de-lhortus-loup-dans-la-bergerie-2021\/","url":"https:\/\/vavin.tw\/product\/domaine-de-lhortus-loup-dans-la-bergerie-2021\/","name":"Domaine de l'Hortus Loup dans la Bergerie 2021 - Bo\u00eete de vin Vavin","isPartOf":{"@id":"https:\/\/vavin.tw\/#website"},"primaryImageOfPage":{"@id":"https:\/\/vavin.tw\/product\/domaine-de-lhortus-loup-dans-la-bergerie-2021\/#primaryimage"},"image":{"@id":"https:\/\/vavin.tw\/product\/domaine-de-lhortus-loup-dans-la-bergerie-2021\/#primaryimage"},"thumbnailUrl":"https:\/\/vavin.tw\/wp-content\/uploads\/2023\/04\/Domaine-de-lHortus-Le-Loup-dans-la-Bergerie-2021-1.png","datePublished":"2023-04-11T09:59:42+00:00","dateModified":"2025-04-27T08:28:20+00:00","description":"D\u00e9couvrez le Domaine de l\u2019Hortus Loup dans la Bergerie 2021\u2014un assemblage frais et juteux de Syrah-Grenache, aux ar\u00f4mes de fruits rouges et aux tanins souples. Facile \u00e0 boire et parfait pour un plaisir quotidien.","breadcrumb":{"@id":"https:\/\/vavin.tw\/product\/domaine-de-lhortus-loup-dans-la-bergerie-2021\/#breadcrumb"},"inLanguage":"fr-FR","potentialAction":[{"@type":"ReadAction","target":["https:\/\/vavin.tw\/product\/domaine-de-lhortus-loup-dans-la-bergerie-2021\/"]}]},{"@type":"ImageObject","inLanguage":"fr-FR","@id":"https:\/\/vavin.tw\/product\/domaine-de-lhortus-loup-dans-la-bergerie-2021\/#primaryimage","url":"https:\/\/vavin.tw\/wp-content\/uploads\/2023\/04\/Domaine-de-lHortus-Le-Loup-dans-la-Bergerie-2021-1.png","contentUrl":"https:\/\/vavin.tw\/wp-content\/uploads\/2023\/04\/Domaine-de-lHortus-Le-Loup-dans-la-Bergerie-2021-1.png","width":400,"height":600},{"@type":"BreadcrumbList","@id":"https:\/\/vavin.tw\/product\/domaine-de-lhortus-loup-dans-la-bergerie-2021\/#breadcrumb","itemListElement":[{"@type":"ListItem","position":1,"name":"Home","item":"https:\/\/vavin.tw\/"},{"@type":"ListItem","position":2,"name":"Products","item":"https:\/\/vavin.tw\/shop\/"},{"@type":"ListItem","position":3,"name":"Domaine de l&rsquo;Hortus Loup dans la Bergerie 2021"}]},{"@type":"WebSite","@id":"https:\/\/vavin.tw\/#website","url":"https:\/\/vavin.tw\/","name":"Vavin","description":"Savoure l\u2019art du vin","publisher":{"@id":"https:\/\/vavin.tw\/#organization"},"potentialAction":[{"@type":"SearchAction","target":{"@type":"EntryPoint","urlTemplate":"https:\/\/vavin.tw\/?s={search_term_string}"},"query-input":{"@type":"PropertyValueSpecification","valueRequired":true,"valueName":"search_term_string"}}],"inLanguage":"fr-FR"},{"@type":"Organization","@id":"https:\/\/vavin.tw\/#organization","name":"Vavin","url":"https:\/\/vavin.tw\/","logo":{"@type":"ImageObject","inLanguage":"fr-FR","@id":"https:\/\/vavin.tw\/#\/schema\/logo\/image\/","url":"https:\/\/vavin.tw\/wp-content\/uploads\/2023\/03\/cropped-favicon-violet-v1.png","contentUrl":"https:\/\/vavin.tw\/wp-content\/uploads\/2023\/03\/cropped-favicon-violet-v1.png","width":512,"height":512,"caption":"Vavin \u9152\u76d2\u5b50"},"image":{"@id":"https:\/\/vavin.tw\/#\/schema\/logo\/image\/"},"sameAs":["https:\/\/www.facebook.com\/vavintw","https:\/\/www.instagram.com\/vavin_tw"]}]}},"_links":{"self":[{"href":"https:\/\/vavin.tw\/fr\/wp-json\/wp\/v2\/product\/990636","targetHints":{"allow":["GET"]}}],"collection":[{"href":"https:\/\/vavin.tw\/fr\/wp-json\/wp\/v2\/product"}],"about":[{"href":"https:\/\/vavin.tw\/fr\/wp-json\/wp\/v2\/types\/product"}],"replies":[{"embeddable":true,"href":"https:\/\/vavin.tw\/fr\/wp-json\/wp\/v2\/comments?post=990636"}],"version-history":[{"count":0,"href":"https:\/\/vavin.tw\/fr\/wp-json\/wp\/v2\/product\/990636\/revisions"}],"wp:featuredmedia":[{"embeddable":true,"href":"https:\/\/vavin.tw\/fr\/wp-json\/wp\/v2\/media\/995133"}],"wp:attachment":[{"href":"https:\/\/vavin.tw\/fr\/wp-json\/wp\/v2\/media?parent=990636"}],"wp:term":[{"taxonomy":"product_brand","embeddable":true,"href":"https:\/\/vavin.tw\/fr\/wp-json\/wp\/v2\/product_brand?post=990636"},{"taxonomy":"product_cat","embeddable":true,"href":"https:\/\/vavin.tw\/fr\/wp-json\/wp\/v2\/product_cat?post=990636"},{"taxonomy":"product_tag","embeddable":true,"href":"https:\/\/vavin.tw\/fr\/wp-json\/wp\/v2\/product_tag?post=990636"}],"curies":[{"name":"wp","href":"https:\/\/api.w.org\/{rel}","templated":true}]}}