{"id":990719,"date":"2023-04-11T18:00:19","date_gmt":"2023-04-11T10:00:19","guid":{"rendered":"https:\/\/v2.vavin.tw\/product\/vallee-des-aigles-cazot-blanc-domaine-de-lagly-2019\/"},"modified":"2025-08-15T16:29:22","modified_gmt":"2025-08-15T08:29:22","slug":"vallee-des-aigles-cazot-blanc-2019","status":"publish","type":"product","link":"https:\/\/vavin.tw\/fr\/product\/vallee-des-aigles-cazot-blanc-2019\/","title":{"rendered":"Vall\u00e9e des Aigles Cazot Blanc 2019"},"content":{"rendered":"<div class=\"vgblk-rw-wrapper limit-wrapper\">\n<div class=\"wine-info\"><strong>Couleur\u202f:<\/strong> Blanc<br \/>\n<strong>Alcool\u202f:<\/strong> 14% vol.<br \/>\n<strong>C\u00e9page\u202f:<\/strong> 70 %% Grenache Blanc, 20 %% Macabeu, 10 %% Vermentino<br \/>\n<strong>Contenance\u202f:<\/strong> 75 cl<\/div>\n<hr \/>\n<div class=\"wine-section\">\n<h3>Histoire du Domaine<\/h3>\n<p>\u00c9labor\u00e9 par le Domaine de l\u2019Agly, situ\u00e9 dans la r\u00e9gion du Roussillon, le Vall\u00e9e des Aigles \u201cCazot\u201d Blanc refl\u00e8te l\u2019engagement du domaine pour la qualit\u00e9 et l\u2019expression unique du terroir m\u00e9diterran\u00e9en. R\u00e9compens\u00e9e de 90 points par le Wine Advocate de Parker, cette cuv\u00e9e met en valeur la richesse, la tension et la puret\u00e9 aromatique des c\u00e9pages blancs cultiv\u00e9s sous les cieux lumineux et les vents frais de la vall\u00e9e de l\u2019Agly.<\/p>\n<hr \/>\n<\/div>\n<div class=\"wine-section\">\n<h3>Terroir\u202f<\/h3>\n<p>Cultiv\u00e9es sur les coteaux argilo-calcaires de la vall\u00e9e de l\u2019Agly, avec une forte influence maritime et un sous-sol de schiste, les vignes b\u00e9n\u00e9ficient d\u2019un excellent drainage et d\u2019une fra\u00eecheur naturelle. Une gestion rigoureuse du vignoble et de faibles rendements renforcent l\u2019intensit\u00e9 aromatique et l\u2019\u00e9quilibre du vin.<\/p>\n<hr \/>\n<\/div>\n<div class=\"wine-section\">\n<h3>Notes de d\u00e9gustation<\/h3>\n<p>Robe jaune paille brillant avec des reflets verts. Le nez s'ouvre sur des ar\u00f4mes expressifs de poire m\u00fbre, de p\u00eache blanche, de zeste d'agrumes, de fenouil et de fleurs blanches, avec de d\u00e9licates notes d'anis et d'herbes m\u00e9diterran\u00e9ennes. En bouche, le vin est cors\u00e9 et frais, combinant rondeur avec une acidit\u00e9 vive et une finale propre et min\u00e9rale.<\/p>\n<p class=\"wine-highlight\">Un blanc complexe et bien \u00e9quilibr\u00e9 \u2014 g\u00e9n\u00e9reux et structur\u00e9, tout en conservant \u00e9l\u00e9gance et fra\u00eecheur.<\/p>\n<hr \/>\n<\/div>\n<div class=\"wine-section\">\n<h3>Accords mets-vins<\/h3>\n<p>Parfait avec du bar grill\u00e9, une pa\u00eblla de fruits de mer, des l\u00e9gumes m\u00e9diterran\u00e9ens ou du fromage de ch\u00e8vre frais.<\/p>\n<\/div>\n<\/div>\n<p><!-- .vgblk-rw-wrapper --><\/p>","protected":false},"excerpt":{"rendered":"<p>Crafted by Domaine de l&#8217;Agly in Roussillon, the Vall\u00e9e des Aigles &#8220;Cazot&#8221; Blanc is a testament to the region&#8217;s unique Mediterranean terroir. This white wine, praised by Parker Wine Advocate, is made from grapes grown on clay-limestone slopes in the Agly Valley, which provide both richness and mineral freshness. The wine&#8217;s expressive nose offers aromas of ripe pear, citrus, and herbs, while the palate is full-bodied and well-balanced with lively acidity. It&#8217;s an elegant, complex, and structured white that pairs perfectly with seafood and grilled fish.<\/p>","protected":false},"featured_media":995072,"comment_status":"open","ping_status":"closed","template":"","meta":[],"product_brand":[],"product_cat":[138,90],"product_tag":[195,281,197],"class_list":{"0":"post-990719","1":"product","2":"type-product","3":"status-publish","4":"has-post-thumbnail","6":"product_cat-languedoc","7":"product_cat-white","8":"product_tag-grenache-blanc","9":"product_tag-macabeu","10":"product_tag-vermentino","12":"first","13":"instock","14":"shipping-taxable","15":"product-type-simple"},"yoast_head":"<!-- This site is optimized with the Yoast SEO Premium plugin v27.2 (Yoast SEO v27.3) - https:\/\/yoast.com\/product\/yoast-seo-premium-wordpress\/ -->\n<title>Vall\u00e9e des Aigles Cazot Blanc 2019 - Vavin \u9152\u76d2\u5b50<\/title>\n<meta name=\"description\" content=\"Vall\u00e9e des Aigles &quot;Cazot&quot; Blanc 2019 \u2014 90 pts Parker. A Mediterranean white wine with pear, peach, citrus, and herbal notes. Fresh and round with mineral tension. Perfect with seafood, grilled fish, or goat cheese\" \/>\n<meta name=\"robots\" content=\"index, follow, max-snippet:-1, max-image-preview:large, max-video-preview:-1\" \/>\n<link rel=\"canonical\" href=\"https:\/\/vavin.tw\/fr\/produit\/vallee-des-aigles-cazot-blanc-2019\/\" \/>\n<meta property=\"og:locale\" content=\"fr_FR\" \/>\n<meta property=\"og:type\" content=\"article\" \/>\n<meta property=\"og:title\" content=\"Vall\u00e9e des Aigles Cazot Blanc 2019\" \/>\n<meta property=\"og:description\" content=\"Vall\u00e9e des Aigles &quot;Cazot&quot; Blanc 2019 \u2014 90 pts Parker. A Mediterranean white wine with pear, peach, citrus, and herbal notes. Fresh and round with mineral tension. Perfect with seafood, grilled fish, or goat cheese\" \/>\n<meta property=\"og:url\" content=\"https:\/\/vavin.tw\/fr\/produit\/vallee-des-aigles-cazot-blanc-2019\/\" \/>\n<meta property=\"og:site_name\" content=\"Vavin \u9152\u76d2\u5b50\" \/>\n<meta property=\"article:publisher\" content=\"https:\/\/www.facebook.com\/vavintw\" \/>\n<meta property=\"article:modified_time\" content=\"2025-08-15T08:29:22+00:00\" \/>\n<meta property=\"og:image\" content=\"https:\/\/vavin.tw\/wp-content\/uploads\/2023\/04\/Vallee-Des-aigles-Cazot-Blanc-Domaine-de-lAgly_.png\" \/>\n\t<meta property=\"og:image:width\" content=\"400\" \/>\n\t<meta property=\"og:image:height\" content=\"600\" \/>\n\t<meta property=\"og:image:type\" content=\"image\/png\" \/>\n<meta name=\"twitter:card\" content=\"summary_large_image\" \/>\n<meta name=\"twitter:label1\" content=\"Dur\u00e9e de lecture estim\u00e9e\" \/>\n\t<meta name=\"twitter:data1\" content=\"2 minutes\" \/>\n<script type=\"application\/ld+json\" class=\"yoast-schema-graph\">{\"@context\":\"https:\\\/\\\/schema.org\",\"@graph\":[{\"@type\":\"WebPage\",\"@id\":\"https:\\\/\\\/vavin.tw\\\/product\\\/vallee-des-aigles-cazot-blanc-2019\\\/\",\"url\":\"https:\\\/\\\/vavin.tw\\\/product\\\/vallee-des-aigles-cazot-blanc-2019\\\/\",\"name\":\"Vall\u00e9e des Aigles Cazot Blanc 2019 - Vavin \u9152\u76d2\u5b50\",\"isPartOf\":{\"@id\":\"https:\\\/\\\/vavin.tw\\\/#website\"},\"primaryImageOfPage\":{\"@id\":\"https:\\\/\\\/vavin.tw\\\/product\\\/vallee-des-aigles-cazot-blanc-2019\\\/#primaryimage\"},\"image\":{\"@id\":\"https:\\\/\\\/vavin.tw\\\/product\\\/vallee-des-aigles-cazot-blanc-2019\\\/#primaryimage\"},\"thumbnailUrl\":\"https:\\\/\\\/vavin.tw\\\/wp-content\\\/uploads\\\/2023\\\/04\\\/Vallee-Des-aigles-Cazot-Blanc-Domaine-de-lAgly_.png\",\"datePublished\":\"2023-04-11T10:00:19+00:00\",\"dateModified\":\"2025-08-15T08:29:22+00:00\",\"description\":\"Vall\u00e9e des Aigles \\\"Cazot\\\" Blanc 2019 \u2014 90 pts Parker. A Mediterranean white wine with pear, peach, citrus, and herbal notes. Fresh and round with mineral tension. Perfect with seafood, grilled fish, or goat cheese\",\"breadcrumb\":{\"@id\":\"https:\\\/\\\/vavin.tw\\\/product\\\/vallee-des-aigles-cazot-blanc-2019\\\/#breadcrumb\"},\"inLanguage\":\"fr-FR\",\"potentialAction\":[{\"@type\":\"ReadAction\",\"target\":[\"https:\\\/\\\/vavin.tw\\\/product\\\/vallee-des-aigles-cazot-blanc-2019\\\/\"]}]},{\"@type\":\"ImageObject\",\"inLanguage\":\"fr-FR\",\"@id\":\"https:\\\/\\\/vavin.tw\\\/product\\\/vallee-des-aigles-cazot-blanc-2019\\\/#primaryimage\",\"url\":\"https:\\\/\\\/vavin.tw\\\/wp-content\\\/uploads\\\/2023\\\/04\\\/Vallee-Des-aigles-Cazot-Blanc-Domaine-de-lAgly_.png\",\"contentUrl\":\"https:\\\/\\\/vavin.tw\\\/wp-content\\\/uploads\\\/2023\\\/04\\\/Vallee-Des-aigles-Cazot-Blanc-Domaine-de-lAgly_.png\",\"width\":400,\"height\":600},{\"@type\":\"BreadcrumbList\",\"@id\":\"https:\\\/\\\/vavin.tw\\\/product\\\/vallee-des-aigles-cazot-blanc-2019\\\/#breadcrumb\",\"itemListElement\":[{\"@type\":\"ListItem\",\"position\":1,\"name\":\"Home\",\"item\":\"https:\\\/\\\/vavin.tw\\\/\"},{\"@type\":\"ListItem\",\"position\":2,\"name\":\"Products\",\"item\":\"https:\\\/\\\/vavin.tw\\\/shop\\\/\"},{\"@type\":\"ListItem\",\"position\":3,\"name\":\"Vall\u00e9e des Aigles Cazot Blanc 2019\"}]},{\"@type\":\"WebSite\",\"@id\":\"https:\\\/\\\/vavin.tw\\\/#website\",\"url\":\"https:\\\/\\\/vavin.tw\\\/\",\"name\":\"Vavin \u9152\u76d2\u5b50\",\"description\":\"Savor the Art of Wine\",\"publisher\":{\"@id\":\"https:\\\/\\\/vavin.tw\\\/#organization\"},\"potentialAction\":[{\"@type\":\"SearchAction\",\"target\":{\"@type\":\"EntryPoint\",\"urlTemplate\":\"https:\\\/\\\/vavin.tw\\\/?s={search_term_string}\"},\"query-input\":{\"@type\":\"PropertyValueSpecification\",\"valueRequired\":true,\"valueName\":\"search_term_string\"}}],\"inLanguage\":\"fr-FR\"},{\"@type\":\"Organization\",\"@id\":\"https:\\\/\\\/vavin.tw\\\/#organization\",\"name\":\"Vavin \u9152\u76d2\u5b50\",\"url\":\"https:\\\/\\\/vavin.tw\\\/\",\"logo\":{\"@type\":\"ImageObject\",\"inLanguage\":\"fr-FR\",\"@id\":\"https:\\\/\\\/vavin.tw\\\/#\\\/schema\\\/logo\\\/image\\\/\",\"url\":\"https:\\\/\\\/vavin.tw\\\/wp-content\\\/uploads\\\/2023\\\/03\\\/cropped-favicon-violet-v1.png\",\"contentUrl\":\"https:\\\/\\\/vavin.tw\\\/wp-content\\\/uploads\\\/2023\\\/03\\\/cropped-favicon-violet-v1.png\",\"width\":512,\"height\":512,\"caption\":\"Vavin \u9152\u76d2\u5b50\"},\"image\":{\"@id\":\"https:\\\/\\\/vavin.tw\\\/#\\\/schema\\\/logo\\\/image\\\/\"},\"sameAs\":[\"https:\\\/\\\/www.facebook.com\\\/vavintw\",\"https:\\\/\\\/www.instagram.com\\\/vavin_tw\"]}]}<\/script>\n<!-- \/ Yoast SEO Premium plugin. -->","yoast_head_json":{"title":"Vall\u00e9e des Aigles Cazot Blanc 2019 - Bo\u00eete \u00e0 vin Vavin","description":"Vall\u00e9e des Aigles \"Cazot\" Blanc 2019 \u2014 90 pts Parker. Un vin blanc m\u00e9diterran\u00e9en aux notes de poire, p\u00eache, agrumes et herbes. Frais et rond avec une tension min\u00e9rale. Parfait avec les fruits de mer, le poisson grill\u00e9 ou le fromage de ch\u00e8vre.","robots":{"index":"index","follow":"follow","max-snippet":"max-snippet:-1","max-image-preview":"max-image-preview:large","max-video-preview":"max-video-preview:-1"},"canonical":"https:\/\/vavin.tw\/fr\/produit\/vallee-des-aigles-cazot-blanc-2019\/","og_locale":"fr_FR","og_type":"article","og_title":"Vall\u00e9e des Aigles Cazot Blanc 2019","og_description":"Vall\u00e9e des Aigles \"Cazot\" Blanc 2019 \u2014 90 pts Parker. A Mediterranean white wine with pear, peach, citrus, and herbal notes. Fresh and round with mineral tension. Perfect with seafood, grilled fish, or goat cheese","og_url":"https:\/\/vavin.tw\/fr\/produit\/vallee-des-aigles-cazot-blanc-2019\/","og_site_name":"Vavin \u9152\u76d2\u5b50","article_publisher":"https:\/\/www.facebook.com\/vavintw","article_modified_time":"2025-08-15T08:29:22+00:00","og_image":[{"width":400,"height":600,"url":"https:\/\/vavin.tw\/wp-content\/uploads\/2023\/04\/Vallee-Des-aigles-Cazot-Blanc-Domaine-de-lAgly_.png","type":"image\/png"}],"twitter_card":"summary_large_image","twitter_misc":{"Dur\u00e9e de lecture estim\u00e9e":"2 minutes"},"schema":{"@context":"https:\/\/schema.org","@graph":[{"@type":"WebPage","@id":"https:\/\/vavin.tw\/product\/vallee-des-aigles-cazot-blanc-2019\/","url":"https:\/\/vavin.tw\/product\/vallee-des-aigles-cazot-blanc-2019\/","name":"Vall\u00e9e des Aigles Cazot Blanc 2019 - Bo\u00eete \u00e0 vin Vavin","isPartOf":{"@id":"https:\/\/vavin.tw\/#website"},"primaryImageOfPage":{"@id":"https:\/\/vavin.tw\/product\/vallee-des-aigles-cazot-blanc-2019\/#primaryimage"},"image":{"@id":"https:\/\/vavin.tw\/product\/vallee-des-aigles-cazot-blanc-2019\/#primaryimage"},"thumbnailUrl":"https:\/\/vavin.tw\/wp-content\/uploads\/2023\/04\/Vallee-Des-aigles-Cazot-Blanc-Domaine-de-lAgly_.png","datePublished":"2023-04-11T10:00:19+00:00","dateModified":"2025-08-15T08:29:22+00:00","description":"Vall\u00e9e des Aigles \"Cazot\" Blanc 2019 \u2014 90 pts Parker. Un vin blanc m\u00e9diterran\u00e9en aux notes de poire, p\u00eache, agrumes et herbes. Frais et rond avec une tension min\u00e9rale. Parfait avec les fruits de mer, le poisson grill\u00e9 ou le fromage de ch\u00e8vre.","breadcrumb":{"@id":"https:\/\/vavin.tw\/product\/vallee-des-aigles-cazot-blanc-2019\/#breadcrumb"},"inLanguage":"fr-FR","potentialAction":[{"@type":"ReadAction","target":["https:\/\/vavin.tw\/product\/vallee-des-aigles-cazot-blanc-2019\/"]}]},{"@type":"ImageObject","inLanguage":"fr-FR","@id":"https:\/\/vavin.tw\/product\/vallee-des-aigles-cazot-blanc-2019\/#primaryimage","url":"https:\/\/vavin.tw\/wp-content\/uploads\/2023\/04\/Vallee-Des-aigles-Cazot-Blanc-Domaine-de-lAgly_.png","contentUrl":"https:\/\/vavin.tw\/wp-content\/uploads\/2023\/04\/Vallee-Des-aigles-Cazot-Blanc-Domaine-de-lAgly_.png","width":400,"height":600},{"@type":"BreadcrumbList","@id":"https:\/\/vavin.tw\/product\/vallee-des-aigles-cazot-blanc-2019\/#breadcrumb","itemListElement":[{"@type":"ListItem","position":1,"name":"Home","item":"https:\/\/vavin.tw\/"},{"@type":"ListItem","position":2,"name":"Products","item":"https:\/\/vavin.tw\/shop\/"},{"@type":"ListItem","position":3,"name":"Vall\u00e9e des Aigles Cazot Blanc 2019"}]},{"@type":"WebSite","@id":"https:\/\/vavin.tw\/#website","url":"https:\/\/vavin.tw\/","name":"Vavin","description":"Savoure l\u2019art du vin","publisher":{"@id":"https:\/\/vavin.tw\/#organization"},"potentialAction":[{"@type":"SearchAction","target":{"@type":"EntryPoint","urlTemplate":"https:\/\/vavin.tw\/?s={search_term_string}"},"query-input":{"@type":"PropertyValueSpecification","valueRequired":true,"valueName":"search_term_string"}}],"inLanguage":"fr-FR"},{"@type":"Organization","@id":"https:\/\/vavin.tw\/#organization","name":"Vavin","url":"https:\/\/vavin.tw\/","logo":{"@type":"ImageObject","inLanguage":"fr-FR","@id":"https:\/\/vavin.tw\/#\/schema\/logo\/image\/","url":"https:\/\/vavin.tw\/wp-content\/uploads\/2023\/03\/cropped-favicon-violet-v1.png","contentUrl":"https:\/\/vavin.tw\/wp-content\/uploads\/2023\/03\/cropped-favicon-violet-v1.png","width":512,"height":512,"caption":"Vavin \u9152\u76d2\u5b50"},"image":{"@id":"https:\/\/vavin.tw\/#\/schema\/logo\/image\/"},"sameAs":["https:\/\/www.facebook.com\/vavintw","https:\/\/www.instagram.com\/vavin_tw"]}]}},"_links":{"self":[{"href":"https:\/\/vavin.tw\/fr\/wp-json\/wp\/v2\/product\/990719","targetHints":{"allow":["GET"]}}],"collection":[{"href":"https:\/\/vavin.tw\/fr\/wp-json\/wp\/v2\/product"}],"about":[{"href":"https:\/\/vavin.tw\/fr\/wp-json\/wp\/v2\/types\/product"}],"replies":[{"embeddable":true,"href":"https:\/\/vavin.tw\/fr\/wp-json\/wp\/v2\/comments?post=990719"}],"version-history":[{"count":0,"href":"https:\/\/vavin.tw\/fr\/wp-json\/wp\/v2\/product\/990719\/revisions"}],"wp:featuredmedia":[{"embeddable":true,"href":"https:\/\/vavin.tw\/fr\/wp-json\/wp\/v2\/media\/995072"}],"wp:attachment":[{"href":"https:\/\/vavin.tw\/fr\/wp-json\/wp\/v2\/media?parent=990719"}],"wp:term":[{"taxonomy":"product_brand","embeddable":true,"href":"https:\/\/vavin.tw\/fr\/wp-json\/wp\/v2\/product_brand?post=990719"},{"taxonomy":"product_cat","embeddable":true,"href":"https:\/\/vavin.tw\/fr\/wp-json\/wp\/v2\/product_cat?post=990719"},{"taxonomy":"product_tag","embeddable":true,"href":"https:\/\/vavin.tw\/fr\/wp-json\/wp\/v2\/product_tag?post=990719"}],"curies":[{"name":"wp","href":"https:\/\/api.w.org\/{rel}","templated":true}]}}