{"id":990724,"date":"2023-04-11T18:00:21","date_gmt":"2023-04-11T10:00:21","guid":{"rendered":"https:\/\/v2.vavin.tw\/product\/douhairet-porcheret-meursault-1er-cru-les-santenots-2019\/"},"modified":"2025-04-27T13:27:30","modified_gmt":"2025-04-27T05:27:30","slug":"douhairet-porcheret-meursault-1er-cru-les-santenots-2019","status":"publish","type":"product","link":"https:\/\/vavin.tw\/fr\/product\/douhairet-porcheret-meursault-1er-cru-les-santenots-2019\/","title":{"rendered":"Douhairet Porcheret Meursault 1er Cru Les Santenots 2019"},"content":{"rendered":"<div class=\"vgblk-rw-wrapper limit-wrapper\">\n<div class=\"wine-info\"><strong>Couleur\u202f:<\/strong> Blanc<br \/>\n<strong>Alcool\u202f:<\/strong> 13.5% vol.<br \/>\n<strong>C\u00e9page\u202f:<\/strong> 100% Chardonnay<br \/>\n<strong>Contenance\u202f:<\/strong> 75 cl<\/div>\n<hr \/>\n<div class=\"wine-section\">\n<h3>Histoire du Domaine<\/h3>\n<p>Situ\u00e9 \u00e0 Monthelie, au c\u0153ur de la Bourgogne, le **Domaine Douhairet Porcheret** perp\u00e9tue la tradition d'\u00e9laborer des vins \u00e9l\u00e9gants et ancr\u00e9s dans leur terroir, avec soin et pr\u00e9cision. Le **Meursault 1er Cru \u201cLes Santenots\u201d** est un blanc embl\u00e9matique du domaine, qui exprime la puret\u00e9, la profondeur et la min\u00e9ralit\u00e9 de ce climat exceptionnel de Premier Cru.<\/p>\n<hr \/>\n<\/div>\n<div class=\"wine-section\">\n<h3>Terroir\u202f<\/h3>\n<p>Situ\u00e9 sur les pentes sud de Meursault, \u00e0 la limite de Volnay, le climat **\u201d Les Santenots \u201d** pr\u00e9sente des sols argilo-calcaires bien drain\u00e9s. Ce terroir conf\u00e8re richesse, tension et complexit\u00e9 aux raisins Chardonnay, tandis que le mill\u00e9sime 2019, marqu\u00e9 par des conditions ensoleill\u00e9es, a apport\u00e9 concentration, fra\u00eecheur et intensit\u00e9 aromatique.<\/p>\n<hr \/>\n<\/div>\n<div class=\"wine-section\">\n<h3>Notes de d\u00e9gustation<\/h3>\n<p>Couleur jaune dor\u00e9 brillant aux reflets verts. Le nez est \u00e9l\u00e9gant et complexe, offrant des ar\u00f4mes de fleurs blanches, d'agrumes, de poire m\u00fbre, de noisettes grill\u00e9es, et de subtiles notes de vanille et de brioche. En bouche, le vin est riche et rond, \u00e9quilibr\u00e9 par une acidit\u00e9 vibrante et une longue finale min\u00e9rale.<\/p>\n<p class=\"wine-highlight\">Un Meursault Premier Cru raffin\u00e9 et expressif \u2014 alliant opulence, fra\u00eecheur et pr\u00e9cision aromatique avec un excellent potentiel de garde.<\/p>\n<hr \/>\n<\/div>\n<div class=\"wine-section\">\n<h3>Accords mets-vins<\/h3>\n<p>Parfait avec le homard grill\u00e9, les Saint-Jacques, les volailles cr\u00e9meuses ou les fromages affin\u00e9s comme le Comt\u00e9 et le Beaufort.<\/p>\n<\/div>\n<\/div>\n<p><!-- .vgblk-rw-wrapper --><\/p>","protected":false},"excerpt":{"rendered":"<p>Color: White Alcohol: 13.5% vol. Grape Variety: 100% Chardonnay Bottle Size: 75 cl Estate History Situated in Monthelie, at the heart of Burgundy, **Domaine Douhairet Porcheret** continues the tradition of crafting elegant, terroir-driven wines with care and precision. The **Meursault 1er Cru &#8220;Les Santenots&#8221;** is a flagship white from the estate, showcasing the purity, depth,&#8230;<\/p>","protected":false},"featured_media":992941,"comment_status":"open","ping_status":"closed","template":"","meta":[],"product_brand":[],"product_cat":[135,90],"product_tag":[147,267],"class_list":{"0":"post-990724","1":"product","2":"type-product","3":"status-publish","4":"has-post-thumbnail","6":"product_cat-burgundy","7":"product_cat-white","8":"product_tag-chardonnay","9":"product_tag-meursault","11":"first","12":"instock","13":"shipping-taxable","14":"product-type-simple"},"yoast_head":"<!-- This site is optimized with the Yoast SEO Premium plugin v27.2 (Yoast SEO v27.3) - https:\/\/yoast.com\/product\/yoast-seo-premium-wordpress\/ -->\n<title>Douhairet Porcheret Meursault 1er Cru Les Santenots 2019 - Vavin \u9152\u76d2\u5b50<\/title>\n<meta name=\"description\" content=\"Douhairet Porcheret Meursault 1er Cru &quot;Les Santenots&quot; 2019 \u2014 an elegant Burgundy Chardonnay with citrus, pear, hazelnut, and mineral notes. Rich and fresh with creamy texture and long finish. Ideal with seafood, poultry, or aged cheeses.\" \/>\n<meta name=\"robots\" content=\"index, follow, max-snippet:-1, max-image-preview:large, max-video-preview:-1\" \/>\n<link rel=\"canonical\" href=\"https:\/\/vavin.tw\/fr\/produit\/douhairet-porcheret-meursault-1er-cru-les-santenots-2019\/\" \/>\n<meta property=\"og:locale\" content=\"fr_FR\" \/>\n<meta property=\"og:type\" content=\"article\" \/>\n<meta property=\"og:title\" content=\"Douhairet Porcheret Meursault 1er Cru Les Santenots 2019\" \/>\n<meta property=\"og:description\" content=\"Douhairet Porcheret Meursault 1er Cru &quot;Les Santenots&quot; 2019 \u2014 an elegant Burgundy Chardonnay with citrus, pear, hazelnut, and mineral notes. Rich and fresh with creamy texture and long finish. Ideal with seafood, poultry, or aged cheeses.\" \/>\n<meta property=\"og:url\" content=\"https:\/\/vavin.tw\/fr\/produit\/douhairet-porcheret-meursault-1er-cru-les-santenots-2019\/\" \/>\n<meta property=\"og:site_name\" content=\"Vavin \u9152\u76d2\u5b50\" \/>\n<meta property=\"article:publisher\" content=\"https:\/\/www.facebook.com\/vavintw\" \/>\n<meta property=\"article:modified_time\" content=\"2025-04-27T05:27:30+00:00\" \/>\n<meta property=\"og:image\" content=\"https:\/\/vavin.tw\/wp-content\/uploads\/2023\/04\/douhairet-porcheret-meursault-1er-cru-les-santenots-2019.png\" \/>\n\t<meta property=\"og:image:width\" content=\"400\" \/>\n\t<meta property=\"og:image:height\" content=\"600\" \/>\n\t<meta property=\"og:image:type\" content=\"image\/png\" \/>\n<meta name=\"twitter:card\" content=\"summary_large_image\" \/>\n<meta name=\"twitter:label1\" content=\"Dur\u00e9e de lecture estim\u00e9e\" \/>\n\t<meta name=\"twitter:data1\" content=\"2 minutes\" \/>\n<script type=\"application\/ld+json\" class=\"yoast-schema-graph\">{\"@context\":\"https:\\\/\\\/schema.org\",\"@graph\":[{\"@type\":\"WebPage\",\"@id\":\"https:\\\/\\\/vavin.tw\\\/product\\\/douhairet-porcheret-meursault-1er-cru-les-santenots-2019\\\/\",\"url\":\"https:\\\/\\\/vavin.tw\\\/product\\\/douhairet-porcheret-meursault-1er-cru-les-santenots-2019\\\/\",\"name\":\"Douhairet Porcheret Meursault 1er Cru Les Santenots 2019 - Vavin \u9152\u76d2\u5b50\",\"isPartOf\":{\"@id\":\"https:\\\/\\\/vavin.tw\\\/#website\"},\"primaryImageOfPage\":{\"@id\":\"https:\\\/\\\/vavin.tw\\\/product\\\/douhairet-porcheret-meursault-1er-cru-les-santenots-2019\\\/#primaryimage\"},\"image\":{\"@id\":\"https:\\\/\\\/vavin.tw\\\/product\\\/douhairet-porcheret-meursault-1er-cru-les-santenots-2019\\\/#primaryimage\"},\"thumbnailUrl\":\"https:\\\/\\\/vavin.tw\\\/wp-content\\\/uploads\\\/2023\\\/04\\\/douhairet-porcheret-meursault-1er-cru-les-santenots-2019.png\",\"datePublished\":\"2023-04-11T10:00:21+00:00\",\"dateModified\":\"2025-04-27T05:27:30+00:00\",\"description\":\"Douhairet Porcheret Meursault 1er Cru \\\"Les Santenots\\\" 2019 \u2014 an elegant Burgundy Chardonnay with citrus, pear, hazelnut, and mineral notes. Rich and fresh with creamy texture and long finish. Ideal with seafood, poultry, or aged cheeses.\",\"breadcrumb\":{\"@id\":\"https:\\\/\\\/vavin.tw\\\/product\\\/douhairet-porcheret-meursault-1er-cru-les-santenots-2019\\\/#breadcrumb\"},\"inLanguage\":\"fr-FR\",\"potentialAction\":[{\"@type\":\"ReadAction\",\"target\":[\"https:\\\/\\\/vavin.tw\\\/product\\\/douhairet-porcheret-meursault-1er-cru-les-santenots-2019\\\/\"]}]},{\"@type\":\"ImageObject\",\"inLanguage\":\"fr-FR\",\"@id\":\"https:\\\/\\\/vavin.tw\\\/product\\\/douhairet-porcheret-meursault-1er-cru-les-santenots-2019\\\/#primaryimage\",\"url\":\"https:\\\/\\\/vavin.tw\\\/wp-content\\\/uploads\\\/2023\\\/04\\\/douhairet-porcheret-meursault-1er-cru-les-santenots-2019.png\",\"contentUrl\":\"https:\\\/\\\/vavin.tw\\\/wp-content\\\/uploads\\\/2023\\\/04\\\/douhairet-porcheret-meursault-1er-cru-les-santenots-2019.png\",\"width\":400,\"height\":600},{\"@type\":\"BreadcrumbList\",\"@id\":\"https:\\\/\\\/vavin.tw\\\/product\\\/douhairet-porcheret-meursault-1er-cru-les-santenots-2019\\\/#breadcrumb\",\"itemListElement\":[{\"@type\":\"ListItem\",\"position\":1,\"name\":\"Home\",\"item\":\"https:\\\/\\\/vavin.tw\\\/\"},{\"@type\":\"ListItem\",\"position\":2,\"name\":\"Products\",\"item\":\"https:\\\/\\\/vavin.tw\\\/shop\\\/\"},{\"@type\":\"ListItem\",\"position\":3,\"name\":\"Douhairet Porcheret Meursault 1er Cru Les Santenots 2019\"}]},{\"@type\":\"WebSite\",\"@id\":\"https:\\\/\\\/vavin.tw\\\/#website\",\"url\":\"https:\\\/\\\/vavin.tw\\\/\",\"name\":\"Vavin \u9152\u76d2\u5b50\",\"description\":\"Savor the Art of Wine\",\"publisher\":{\"@id\":\"https:\\\/\\\/vavin.tw\\\/#organization\"},\"potentialAction\":[{\"@type\":\"SearchAction\",\"target\":{\"@type\":\"EntryPoint\",\"urlTemplate\":\"https:\\\/\\\/vavin.tw\\\/?s={search_term_string}\"},\"query-input\":{\"@type\":\"PropertyValueSpecification\",\"valueRequired\":true,\"valueName\":\"search_term_string\"}}],\"inLanguage\":\"fr-FR\"},{\"@type\":\"Organization\",\"@id\":\"https:\\\/\\\/vavin.tw\\\/#organization\",\"name\":\"Vavin \u9152\u76d2\u5b50\",\"url\":\"https:\\\/\\\/vavin.tw\\\/\",\"logo\":{\"@type\":\"ImageObject\",\"inLanguage\":\"fr-FR\",\"@id\":\"https:\\\/\\\/vavin.tw\\\/#\\\/schema\\\/logo\\\/image\\\/\",\"url\":\"https:\\\/\\\/vavin.tw\\\/wp-content\\\/uploads\\\/2023\\\/03\\\/cropped-favicon-violet-v1.png\",\"contentUrl\":\"https:\\\/\\\/vavin.tw\\\/wp-content\\\/uploads\\\/2023\\\/03\\\/cropped-favicon-violet-v1.png\",\"width\":512,\"height\":512,\"caption\":\"Vavin \u9152\u76d2\u5b50\"},\"image\":{\"@id\":\"https:\\\/\\\/vavin.tw\\\/#\\\/schema\\\/logo\\\/image\\\/\"},\"sameAs\":[\"https:\\\/\\\/www.facebook.com\\\/vavintw\",\"https:\\\/\\\/www.instagram.com\\\/vavin_tw\"]}]}<\/script>\n<!-- \/ Yoast SEO Premium plugin. -->","yoast_head_json":{"title":"Douhairet Porcheret Meursault 1er Cru Les Santenots 2019 - Bo\u00eete \u00e0 vin Vavin","description":"Douhairet Porcheret Meursault 1er Cru \"Les Santenots\" 2019 \u2014 un \u00e9l\u00e9gant Chardonnay de Bourgogne aux notes d'agrumes, de poire, de noisette et min\u00e9rales. Riche et frais avec une texture cr\u00e9meuse et une longue finale. Id\u00e9al avec des fruits de mer, de la volaille ou des fromages affin\u00e9s.","robots":{"index":"index","follow":"follow","max-snippet":"max-snippet:-1","max-image-preview":"max-image-preview:large","max-video-preview":"max-video-preview:-1"},"canonical":"https:\/\/vavin.tw\/fr\/produit\/douhairet-porcheret-meursault-1er-cru-les-santenots-2019\/","og_locale":"fr_FR","og_type":"article","og_title":"Douhairet Porcheret Meursault 1er Cru Les Santenots 2019","og_description":"Douhairet Porcheret Meursault 1er Cru \"Les Santenots\" 2019 \u2014 an elegant Burgundy Chardonnay with citrus, pear, hazelnut, and mineral notes. Rich and fresh with creamy texture and long finish. Ideal with seafood, poultry, or aged cheeses.","og_url":"https:\/\/vavin.tw\/fr\/produit\/douhairet-porcheret-meursault-1er-cru-les-santenots-2019\/","og_site_name":"Vavin \u9152\u76d2\u5b50","article_publisher":"https:\/\/www.facebook.com\/vavintw","article_modified_time":"2025-04-27T05:27:30+00:00","og_image":[{"width":400,"height":600,"url":"https:\/\/vavin.tw\/wp-content\/uploads\/2023\/04\/douhairet-porcheret-meursault-1er-cru-les-santenots-2019.png","type":"image\/png"}],"twitter_card":"summary_large_image","twitter_misc":{"Dur\u00e9e de lecture estim\u00e9e":"2 minutes"},"schema":{"@context":"https:\/\/schema.org","@graph":[{"@type":"WebPage","@id":"https:\/\/vavin.tw\/product\/douhairet-porcheret-meursault-1er-cru-les-santenots-2019\/","url":"https:\/\/vavin.tw\/product\/douhairet-porcheret-meursault-1er-cru-les-santenots-2019\/","name":"Douhairet Porcheret Meursault 1er Cru Les Santenots 2019 - Bo\u00eete \u00e0 vin Vavin","isPartOf":{"@id":"https:\/\/vavin.tw\/#website"},"primaryImageOfPage":{"@id":"https:\/\/vavin.tw\/product\/douhairet-porcheret-meursault-1er-cru-les-santenots-2019\/#primaryimage"},"image":{"@id":"https:\/\/vavin.tw\/product\/douhairet-porcheret-meursault-1er-cru-les-santenots-2019\/#primaryimage"},"thumbnailUrl":"https:\/\/vavin.tw\/wp-content\/uploads\/2023\/04\/douhairet-porcheret-meursault-1er-cru-les-santenots-2019.png","datePublished":"2023-04-11T10:00:21+00:00","dateModified":"2025-04-27T05:27:30+00:00","description":"Douhairet Porcheret Meursault 1er Cru \"Les Santenots\" 2019 \u2014 un \u00e9l\u00e9gant Chardonnay de Bourgogne aux notes d'agrumes, de poire, de noisette et min\u00e9rales. Riche et frais avec une texture cr\u00e9meuse et une longue finale. Id\u00e9al avec des fruits de mer, de la volaille ou des fromages affin\u00e9s.","breadcrumb":{"@id":"https:\/\/vavin.tw\/product\/douhairet-porcheret-meursault-1er-cru-les-santenots-2019\/#breadcrumb"},"inLanguage":"fr-FR","potentialAction":[{"@type":"ReadAction","target":["https:\/\/vavin.tw\/product\/douhairet-porcheret-meursault-1er-cru-les-santenots-2019\/"]}]},{"@type":"ImageObject","inLanguage":"fr-FR","@id":"https:\/\/vavin.tw\/product\/douhairet-porcheret-meursault-1er-cru-les-santenots-2019\/#primaryimage","url":"https:\/\/vavin.tw\/wp-content\/uploads\/2023\/04\/douhairet-porcheret-meursault-1er-cru-les-santenots-2019.png","contentUrl":"https:\/\/vavin.tw\/wp-content\/uploads\/2023\/04\/douhairet-porcheret-meursault-1er-cru-les-santenots-2019.png","width":400,"height":600},{"@type":"BreadcrumbList","@id":"https:\/\/vavin.tw\/product\/douhairet-porcheret-meursault-1er-cru-les-santenots-2019\/#breadcrumb","itemListElement":[{"@type":"ListItem","position":1,"name":"Home","item":"https:\/\/vavin.tw\/"},{"@type":"ListItem","position":2,"name":"Products","item":"https:\/\/vavin.tw\/shop\/"},{"@type":"ListItem","position":3,"name":"Douhairet Porcheret Meursault 1er Cru Les Santenots 2019"}]},{"@type":"WebSite","@id":"https:\/\/vavin.tw\/#website","url":"https:\/\/vavin.tw\/","name":"Vavin","description":"Savoure l\u2019art du vin","publisher":{"@id":"https:\/\/vavin.tw\/#organization"},"potentialAction":[{"@type":"SearchAction","target":{"@type":"EntryPoint","urlTemplate":"https:\/\/vavin.tw\/?s={search_term_string}"},"query-input":{"@type":"PropertyValueSpecification","valueRequired":true,"valueName":"search_term_string"}}],"inLanguage":"fr-FR"},{"@type":"Organization","@id":"https:\/\/vavin.tw\/#organization","name":"Vavin","url":"https:\/\/vavin.tw\/","logo":{"@type":"ImageObject","inLanguage":"fr-FR","@id":"https:\/\/vavin.tw\/#\/schema\/logo\/image\/","url":"https:\/\/vavin.tw\/wp-content\/uploads\/2023\/03\/cropped-favicon-violet-v1.png","contentUrl":"https:\/\/vavin.tw\/wp-content\/uploads\/2023\/03\/cropped-favicon-violet-v1.png","width":512,"height":512,"caption":"Vavin \u9152\u76d2\u5b50"},"image":{"@id":"https:\/\/vavin.tw\/#\/schema\/logo\/image\/"},"sameAs":["https:\/\/www.facebook.com\/vavintw","https:\/\/www.instagram.com\/vavin_tw"]}]}},"_links":{"self":[{"href":"https:\/\/vavin.tw\/fr\/wp-json\/wp\/v2\/product\/990724","targetHints":{"allow":["GET"]}}],"collection":[{"href":"https:\/\/vavin.tw\/fr\/wp-json\/wp\/v2\/product"}],"about":[{"href":"https:\/\/vavin.tw\/fr\/wp-json\/wp\/v2\/types\/product"}],"replies":[{"embeddable":true,"href":"https:\/\/vavin.tw\/fr\/wp-json\/wp\/v2\/comments?post=990724"}],"version-history":[{"count":0,"href":"https:\/\/vavin.tw\/fr\/wp-json\/wp\/v2\/product\/990724\/revisions"}],"wp:featuredmedia":[{"embeddable":true,"href":"https:\/\/vavin.tw\/fr\/wp-json\/wp\/v2\/media\/992941"}],"wp:attachment":[{"href":"https:\/\/vavin.tw\/fr\/wp-json\/wp\/v2\/media?parent=990724"}],"wp:term":[{"taxonomy":"product_brand","embeddable":true,"href":"https:\/\/vavin.tw\/fr\/wp-json\/wp\/v2\/product_brand?post=990724"},{"taxonomy":"product_cat","embeddable":true,"href":"https:\/\/vavin.tw\/fr\/wp-json\/wp\/v2\/product_cat?post=990724"},{"taxonomy":"product_tag","embeddable":true,"href":"https:\/\/vavin.tw\/fr\/wp-json\/wp\/v2\/product_tag?post=990724"}],"curies":[{"name":"wp","href":"https:\/\/api.w.org\/{rel}","templated":true}]}}