{"id":990755,"date":"2023-04-11T18:00:38","date_gmt":"2023-04-11T10:00:38","guid":{"rendered":"https:\/\/v2.vavin.tw\/product\/meursault-meix-sous-le-cht-aegerter-2016\/"},"modified":"2025-04-27T02:17:58","modified_gmt":"2025-04-26T18:17:58","slug":"aegerter-meursault-meix-sous-le-chateau-2016","status":"publish","type":"product","link":"https:\/\/vavin.tw\/fr\/product\/aegerter-meursault-meix-sous-le-chateau-2016\/","title":{"rendered":"Aegerter Meursault Meix sous le Chateau 2016"},"content":{"rendered":"<div class=\"vgblk-rw-wrapper limit-wrapper\">\n<div class=\"wine-info\"><strong>Couleur\u202f:<\/strong> Blanc<br \/>\n<strong>Alcool\u202f:<\/strong> 13% vol.<br \/>\n<strong>C\u00e9page\u202f:<\/strong> 100% Chardonnay<br \/>\n<strong>Contenance\u202f:<\/strong> 75 cl<\/div>\n<hr \/>\n<div class=\"wine-section\">\n<h3>Histoire du Domaine<\/h3>\n<p>La Maison Aegerter, fond\u00e9e en 1988 par Jean-Luc Aegerter et maintenant g\u00e9r\u00e9e par son fils Paul, est reconnue pour produire des vins ax\u00e9s sur le terroir, issus des appellations les plus embl\u00e9matiques de Bourgogne. Le Meursault \u00ab Meix sous le Ch\u00e2teau \u00bb provient d'un climat sp\u00e9cifique pr\u00e8s du village, connu pour produire des Chardonnays \u00e0 la fois riches et frais, fid\u00e8les au style de Meursault.<\/p>\n<hr \/>\n<\/div>\n<div class=\"wine-section\">\n<h3>Terroir\u202f<\/h3>\n<p>Le vignoble \u201cMeix sous le Ch\u00e2teau\u201d, situ\u00e9 sous le ch\u00e2teau historique de Meursault, repose sur des sols argilo-calcaires offrant un environnement id\u00e9al pour que le Chardonnay exprime \u00e9quilibre, profondeur et min\u00e9ralit\u00e9. Le mill\u00e9sime 2016 a apport\u00e9 de la concentration et une acidit\u00e9 vive, offrant une belle harmonie et un excellent potentiel de garde.<\/p>\n<hr \/>\n<\/div>\n<div class=\"wine-section\">\n<h3>Notes de d\u00e9gustation<\/h3>\n<p>Robe or brillante aux reflets verts. Le nez est \u00e9l\u00e9gant et expressif, r\u00e9v\u00e9lant des ar\u00f4mes de fleurs blanches, de zeste d\u2019agrumes, de poire, de noisette et une touche de vanille. En bouche, le vin est rond et onctueux, avec une acidit\u00e9 vive, une influence bois\u00e9e subtile et une finale longue, marqu\u00e9e par une belle min\u00e9ralit\u00e9.<\/p>\n<p class=\"wine-highlight\">Un Meursault raffin\u00e9 et expressif \u2014 alliant richesse, fra\u00eecheur et min\u00e9ralit\u00e9, avec une belle complexit\u00e9 aromatique et un \u00e9quilibre remarquable.<\/p>\n<hr \/>\n<\/div>\n<div class=\"wine-section\">\n<h3>Accords mets-vins<\/h3>\n<p>Il s'accorde parfaitement avec le homard grill\u00e9, les Saint-Jacques, les plats de poisson en sauce cr\u00e9meuse, les volailles r\u00f4ties, ou les fromages \u00e0 p\u00e2te molle comme le Brie de Meaux et le Chaource.<\/p>\n<\/div>\n<\/div>\n<p><!-- .vgblk-rw-wrapper --><\/p>","protected":false},"excerpt":{"rendered":"<p>Color: White Alcohol: 13% vol. Grape Variety: 100% Chardonnay Bottle Size: 75 cl Estate History Maison Aegerter, founded in 1988 by Jean-Luc Aegerter and now managed by his son Paul, is known for producing terroir-driven wines from Burgundy\u2019s most iconic appellations. The **Meursault &#8220;Meix sous le Ch\u00e2teau&#8221;** comes from a specific climat near the village,&#8230;<\/p>","protected":false},"featured_media":995055,"comment_status":"open","ping_status":"closed","template":"","meta":[],"product_brand":[],"product_cat":[135,90],"product_tag":[147,267],"class_list":{"0":"post-990755","1":"product","2":"type-product","3":"status-publish","4":"has-post-thumbnail","6":"product_cat-burgundy","7":"product_cat-white","8":"product_tag-chardonnay","9":"product_tag-meursault","11":"first","12":"instock","13":"shipping-taxable","14":"product-type-simple"},"yoast_head":"<!-- This site is optimized with the Yoast SEO Premium plugin v27.2 (Yoast SEO v27.3) - https:\/\/yoast.com\/product\/yoast-seo-premium-wordpress\/ -->\n<title>Aegerter Meursault Meix sous le Chateau 2016 - Vavin \u9152\u76d2\u5b50<\/title>\n<meta name=\"description\" content=\"Aegerter Meursault &quot;Meix sous le Ch\u00e2teau&quot; 2016 \u2014 an elegant Burgundy Chardonnay with citrus, pear, hazelnut, and mineral notes. Rich and fresh with creamy texture and long finish. Perfect with seafood, poultry, or soft cheeses.\" \/>\n<meta name=\"robots\" content=\"index, follow, max-snippet:-1, max-image-preview:large, max-video-preview:-1\" \/>\n<link rel=\"canonical\" href=\"https:\/\/vavin.tw\/fr\/produit\/aegerter-meursault-meix-sous-le-chateau-2016\/\" \/>\n<meta property=\"og:locale\" content=\"fr_FR\" \/>\n<meta property=\"og:type\" content=\"article\" \/>\n<meta property=\"og:title\" content=\"Aegerter Meursault Meix sous le Chateau 2016\" \/>\n<meta property=\"og:description\" content=\"Aegerter Meursault &quot;Meix sous le Ch\u00e2teau&quot; 2016 \u2014 an elegant Burgundy Chardonnay with citrus, pear, hazelnut, and mineral notes. Rich and fresh with creamy texture and long finish. Perfect with seafood, poultry, or soft cheeses.\" \/>\n<meta property=\"og:url\" content=\"https:\/\/vavin.tw\/fr\/produit\/aegerter-meursault-meix-sous-le-chateau-2016\/\" \/>\n<meta property=\"og:site_name\" content=\"Vavin \u9152\u76d2\u5b50\" \/>\n<meta property=\"article:publisher\" content=\"https:\/\/www.facebook.com\/vavintw\" \/>\n<meta property=\"article:modified_time\" content=\"2025-04-26T18:17:58+00:00\" \/>\n<meta property=\"og:image\" content=\"https:\/\/vavin.tw\/wp-content\/uploads\/2023\/04\/Meursault-Meix-sous-le-Cht.png\" \/>\n\t<meta property=\"og:image:width\" content=\"400\" \/>\n\t<meta property=\"og:image:height\" content=\"600\" \/>\n\t<meta property=\"og:image:type\" content=\"image\/png\" \/>\n<meta name=\"twitter:card\" content=\"summary_large_image\" \/>\n<meta name=\"twitter:label1\" content=\"Dur\u00e9e de lecture estim\u00e9e\" \/>\n\t<meta name=\"twitter:data1\" content=\"2 minutes\" \/>\n<script type=\"application\/ld+json\" class=\"yoast-schema-graph\">{\"@context\":\"https:\\\/\\\/schema.org\",\"@graph\":[{\"@type\":\"WebPage\",\"@id\":\"https:\\\/\\\/vavin.tw\\\/product\\\/aegerter-meursault-meix-sous-le-chateau-2016\\\/\",\"url\":\"https:\\\/\\\/vavin.tw\\\/product\\\/aegerter-meursault-meix-sous-le-chateau-2016\\\/\",\"name\":\"Aegerter Meursault Meix sous le Chateau 2016 - Vavin \u9152\u76d2\u5b50\",\"isPartOf\":{\"@id\":\"https:\\\/\\\/vavin.tw\\\/#website\"},\"primaryImageOfPage\":{\"@id\":\"https:\\\/\\\/vavin.tw\\\/product\\\/aegerter-meursault-meix-sous-le-chateau-2016\\\/#primaryimage\"},\"image\":{\"@id\":\"https:\\\/\\\/vavin.tw\\\/product\\\/aegerter-meursault-meix-sous-le-chateau-2016\\\/#primaryimage\"},\"thumbnailUrl\":\"https:\\\/\\\/vavin.tw\\\/wp-content\\\/uploads\\\/2023\\\/04\\\/Meursault-Meix-sous-le-Cht.png\",\"datePublished\":\"2023-04-11T10:00:38+00:00\",\"dateModified\":\"2025-04-26T18:17:58+00:00\",\"description\":\"Aegerter Meursault \\\"Meix sous le Ch\u00e2teau\\\" 2016 \u2014 an elegant Burgundy Chardonnay with citrus, pear, hazelnut, and mineral notes. Rich and fresh with creamy texture and long finish. Perfect with seafood, poultry, or soft cheeses.\",\"breadcrumb\":{\"@id\":\"https:\\\/\\\/vavin.tw\\\/product\\\/aegerter-meursault-meix-sous-le-chateau-2016\\\/#breadcrumb\"},\"inLanguage\":\"fr-FR\",\"potentialAction\":[{\"@type\":\"ReadAction\",\"target\":[\"https:\\\/\\\/vavin.tw\\\/product\\\/aegerter-meursault-meix-sous-le-chateau-2016\\\/\"]}]},{\"@type\":\"ImageObject\",\"inLanguage\":\"fr-FR\",\"@id\":\"https:\\\/\\\/vavin.tw\\\/product\\\/aegerter-meursault-meix-sous-le-chateau-2016\\\/#primaryimage\",\"url\":\"https:\\\/\\\/vavin.tw\\\/wp-content\\\/uploads\\\/2023\\\/04\\\/Meursault-Meix-sous-le-Cht.png\",\"contentUrl\":\"https:\\\/\\\/vavin.tw\\\/wp-content\\\/uploads\\\/2023\\\/04\\\/Meursault-Meix-sous-le-Cht.png\",\"width\":400,\"height\":600},{\"@type\":\"BreadcrumbList\",\"@id\":\"https:\\\/\\\/vavin.tw\\\/product\\\/aegerter-meursault-meix-sous-le-chateau-2016\\\/#breadcrumb\",\"itemListElement\":[{\"@type\":\"ListItem\",\"position\":1,\"name\":\"Home\",\"item\":\"https:\\\/\\\/vavin.tw\\\/\"},{\"@type\":\"ListItem\",\"position\":2,\"name\":\"Products\",\"item\":\"https:\\\/\\\/vavin.tw\\\/shop\\\/\"},{\"@type\":\"ListItem\",\"position\":3,\"name\":\"Aegerter Meursault Meix sous le Chateau 2016\"}]},{\"@type\":\"WebSite\",\"@id\":\"https:\\\/\\\/vavin.tw\\\/#website\",\"url\":\"https:\\\/\\\/vavin.tw\\\/\",\"name\":\"Vavin \u9152\u76d2\u5b50\",\"description\":\"Savor the Art of Wine\",\"publisher\":{\"@id\":\"https:\\\/\\\/vavin.tw\\\/#organization\"},\"potentialAction\":[{\"@type\":\"SearchAction\",\"target\":{\"@type\":\"EntryPoint\",\"urlTemplate\":\"https:\\\/\\\/vavin.tw\\\/?s={search_term_string}\"},\"query-input\":{\"@type\":\"PropertyValueSpecification\",\"valueRequired\":true,\"valueName\":\"search_term_string\"}}],\"inLanguage\":\"fr-FR\"},{\"@type\":\"Organization\",\"@id\":\"https:\\\/\\\/vavin.tw\\\/#organization\",\"name\":\"Vavin \u9152\u76d2\u5b50\",\"url\":\"https:\\\/\\\/vavin.tw\\\/\",\"logo\":{\"@type\":\"ImageObject\",\"inLanguage\":\"fr-FR\",\"@id\":\"https:\\\/\\\/vavin.tw\\\/#\\\/schema\\\/logo\\\/image\\\/\",\"url\":\"https:\\\/\\\/vavin.tw\\\/wp-content\\\/uploads\\\/2023\\\/03\\\/cropped-favicon-violet-v1.png\",\"contentUrl\":\"https:\\\/\\\/vavin.tw\\\/wp-content\\\/uploads\\\/2023\\\/03\\\/cropped-favicon-violet-v1.png\",\"width\":512,\"height\":512,\"caption\":\"Vavin \u9152\u76d2\u5b50\"},\"image\":{\"@id\":\"https:\\\/\\\/vavin.tw\\\/#\\\/schema\\\/logo\\\/image\\\/\"},\"sameAs\":[\"https:\\\/\\\/www.facebook.com\\\/vavintw\",\"https:\\\/\\\/www.instagram.com\\\/vavin_tw\"]}]}<\/script>\n<!-- \/ Yoast SEO Premium plugin. -->","yoast_head_json":{"title":"Aegerter Meursault Meix sous le Chateau 2016 - Vavin \u9152\u76d2\u5b50","description":"Aegerter Meursault \"Meix sous le Ch\u00e2teau\" 2016 \u2014 an elegant Burgundy Chardonnay with citrus, pear, hazelnut, and mineral notes. Rich and fresh with creamy texture and long finish. Perfect with seafood, poultry, or soft cheeses.","robots":{"index":"index","follow":"follow","max-snippet":"max-snippet:-1","max-image-preview":"max-image-preview:large","max-video-preview":"max-video-preview:-1"},"canonical":"https:\/\/vavin.tw\/fr\/produit\/aegerter-meursault-meix-sous-le-chateau-2016\/","og_locale":"fr_FR","og_type":"article","og_title":"Aegerter Meursault Meix sous le Chateau 2016","og_description":"Aegerter Meursault \"Meix sous le Ch\u00e2teau\" 2016 \u2014 an elegant Burgundy Chardonnay with citrus, pear, hazelnut, and mineral notes. Rich and fresh with creamy texture and long finish. Perfect with seafood, poultry, or soft cheeses.","og_url":"https:\/\/vavin.tw\/fr\/produit\/aegerter-meursault-meix-sous-le-chateau-2016\/","og_site_name":"Vavin \u9152\u76d2\u5b50","article_publisher":"https:\/\/www.facebook.com\/vavintw","article_modified_time":"2025-04-26T18:17:58+00:00","og_image":[{"width":400,"height":600,"url":"https:\/\/vavin.tw\/wp-content\/uploads\/2023\/04\/Meursault-Meix-sous-le-Cht.png","type":"image\/png"}],"twitter_card":"summary_large_image","twitter_misc":{"Dur\u00e9e de lecture estim\u00e9e":"2 minutes"},"schema":{"@context":"https:\/\/schema.org","@graph":[{"@type":"WebPage","@id":"https:\/\/vavin.tw\/product\/aegerter-meursault-meix-sous-le-chateau-2016\/","url":"https:\/\/vavin.tw\/product\/aegerter-meursault-meix-sous-le-chateau-2016\/","name":"Aegerter Meursault Meix sous le Chateau 2016 - Vavin \u9152\u76d2\u5b50","isPartOf":{"@id":"https:\/\/vavin.tw\/#website"},"primaryImageOfPage":{"@id":"https:\/\/vavin.tw\/product\/aegerter-meursault-meix-sous-le-chateau-2016\/#primaryimage"},"image":{"@id":"https:\/\/vavin.tw\/product\/aegerter-meursault-meix-sous-le-chateau-2016\/#primaryimage"},"thumbnailUrl":"https:\/\/vavin.tw\/wp-content\/uploads\/2023\/04\/Meursault-Meix-sous-le-Cht.png","datePublished":"2023-04-11T10:00:38+00:00","dateModified":"2025-04-26T18:17:58+00:00","description":"Aegerter Meursault \"Meix sous le Ch\u00e2teau\" 2016 \u2014 an elegant Burgundy Chardonnay with citrus, pear, hazelnut, and mineral notes. Rich and fresh with creamy texture and long finish. Perfect with seafood, poultry, or soft cheeses.","breadcrumb":{"@id":"https:\/\/vavin.tw\/product\/aegerter-meursault-meix-sous-le-chateau-2016\/#breadcrumb"},"inLanguage":"fr-FR","potentialAction":[{"@type":"ReadAction","target":["https:\/\/vavin.tw\/product\/aegerter-meursault-meix-sous-le-chateau-2016\/"]}]},{"@type":"ImageObject","inLanguage":"fr-FR","@id":"https:\/\/vavin.tw\/product\/aegerter-meursault-meix-sous-le-chateau-2016\/#primaryimage","url":"https:\/\/vavin.tw\/wp-content\/uploads\/2023\/04\/Meursault-Meix-sous-le-Cht.png","contentUrl":"https:\/\/vavin.tw\/wp-content\/uploads\/2023\/04\/Meursault-Meix-sous-le-Cht.png","width":400,"height":600},{"@type":"BreadcrumbList","@id":"https:\/\/vavin.tw\/product\/aegerter-meursault-meix-sous-le-chateau-2016\/#breadcrumb","itemListElement":[{"@type":"ListItem","position":1,"name":"Home","item":"https:\/\/vavin.tw\/"},{"@type":"ListItem","position":2,"name":"Products","item":"https:\/\/vavin.tw\/shop\/"},{"@type":"ListItem","position":3,"name":"Aegerter Meursault Meix sous le Chateau 2016"}]},{"@type":"WebSite","@id":"https:\/\/vavin.tw\/#website","url":"https:\/\/vavin.tw\/","name":"Vavin","description":"Savoure l\u2019art du vin","publisher":{"@id":"https:\/\/vavin.tw\/#organization"},"potentialAction":[{"@type":"SearchAction","target":{"@type":"EntryPoint","urlTemplate":"https:\/\/vavin.tw\/?s={search_term_string}"},"query-input":{"@type":"PropertyValueSpecification","valueRequired":true,"valueName":"search_term_string"}}],"inLanguage":"fr-FR"},{"@type":"Organization","@id":"https:\/\/vavin.tw\/#organization","name":"Vavin","url":"https:\/\/vavin.tw\/","logo":{"@type":"ImageObject","inLanguage":"fr-FR","@id":"https:\/\/vavin.tw\/#\/schema\/logo\/image\/","url":"https:\/\/vavin.tw\/wp-content\/uploads\/2023\/03\/cropped-favicon-violet-v1.png","contentUrl":"https:\/\/vavin.tw\/wp-content\/uploads\/2023\/03\/cropped-favicon-violet-v1.png","width":512,"height":512,"caption":"Vavin \u9152\u76d2\u5b50"},"image":{"@id":"https:\/\/vavin.tw\/#\/schema\/logo\/image\/"},"sameAs":["https:\/\/www.facebook.com\/vavintw","https:\/\/www.instagram.com\/vavin_tw"]}]}},"_links":{"self":[{"href":"https:\/\/vavin.tw\/fr\/wp-json\/wp\/v2\/product\/990755","targetHints":{"allow":["GET"]}}],"collection":[{"href":"https:\/\/vavin.tw\/fr\/wp-json\/wp\/v2\/product"}],"about":[{"href":"https:\/\/vavin.tw\/fr\/wp-json\/wp\/v2\/types\/product"}],"replies":[{"embeddable":true,"href":"https:\/\/vavin.tw\/fr\/wp-json\/wp\/v2\/comments?post=990755"}],"version-history":[{"count":0,"href":"https:\/\/vavin.tw\/fr\/wp-json\/wp\/v2\/product\/990755\/revisions"}],"wp:featuredmedia":[{"embeddable":true,"href":"https:\/\/vavin.tw\/fr\/wp-json\/wp\/v2\/media\/995055"}],"wp:attachment":[{"href":"https:\/\/vavin.tw\/fr\/wp-json\/wp\/v2\/media?parent=990755"}],"wp:term":[{"taxonomy":"product_brand","embeddable":true,"href":"https:\/\/vavin.tw\/fr\/wp-json\/wp\/v2\/product_brand?post=990755"},{"taxonomy":"product_cat","embeddable":true,"href":"https:\/\/vavin.tw\/fr\/wp-json\/wp\/v2\/product_cat?post=990755"},{"taxonomy":"product_tag","embeddable":true,"href":"https:\/\/vavin.tw\/fr\/wp-json\/wp\/v2\/product_tag?post=990755"}],"curies":[{"name":"wp","href":"https:\/\/api.w.org\/{rel}","templated":true}]}}