{"id":996106,"date":"2024-03-04T18:27:30","date_gmt":"2024-03-04T10:27:30","guid":{"rendered":"https:\/\/vavin.tw\/?post_type=product&#038;p=996106"},"modified":"2025-04-27T11:40:46","modified_gmt":"2025-04-27T03:40:46","slug":"domaine-mongeart-mugneret-bourgogne-hautes-cotes-de-nuits-le-prieure-white-2020","status":"publish","type":"product","link":"https:\/\/vavin.tw\/fr\/product\/domaine-mongeart-mugneret-bourgogne-hautes-cotes-de-nuits-le-prieure-white-2020\/","title":{"rendered":"Mongeart Mugneret Hautes Cotes de Nuits Le Prieur\u00e9 2020"},"content":{"rendered":"<div class=\"vgblk-rw-wrapper limit-wrapper\">\n<div class=\"wine-info\"><strong>Couleur\u202f:<\/strong> Blanc<br \/>\n<strong>Alcool\u202f:<\/strong> 13% vol.<br \/>\n<strong>C\u00e9page\u202f:<\/strong> 100% Chardonnay<br \/>\n<strong>Contenance\u202f:<\/strong> 75 cl<\/div>\n<hr \/>\n<div class=\"wine-section\">\n<h3>Histoire du domaine\u202f<\/h3>\n<p>With a winemaking heritage dating back to the 17th century, the Mongeard family has built a strong reputation in Vosne-Roman\u00e9e. The domaine focuses on expressing the character of each terroir, crafting precise and elegant wines across both C\u00f4te de Nuits and C\u00f4te de Beaune.<\/p>\n<hr \/>\n<\/div>\n<div class=\"wine-section\">\n<h3>Terroir\u202f<\/h3>\n<p>Situated on the hills of the Hautes-C\u00f4tes de Nuits, the Le Prieur\u00e9 vineyard enjoys excellent sun exposure and clay-limestone soils. These conditions bring freshness and minerality to the Chardonnay while preserving beautiful aromatic intensity.<\/p>\n<hr \/>\n<\/div>\n<div class=\"wine-section\">\n<h3>Notes de d\u00e9gustation<\/h3>\n<p>Pale gold with silver reflections. The nose offers notes of citrus, white flowers, and a touch of hazelnut. On the palate, the wine is fresh and well-balanced, with a fine mineral texture and a crisp, clean finish.<\/p>\n<p class=\"wine-highlight\">A bright and expressive Chardonnay, showcasing purity, freshness, and a delicate minerality.<\/p>\n<hr \/>\n<\/div>\n<div class=\"wine-section\">\n<h3>Accords mets-vins<\/h3>\n<p>Ideal with seafood, grilled fish, goat cheese, or light poultry dishes with cream sauces.<\/p>\n<\/div>\n<\/div>\n<p><!-- .vgblk-rw-wrapper --><\/p>","protected":false},"excerpt":{"rendered":"<p>Color: White Alcohol: 13% vol. Grape Variety: 100% Chardonnay Bottle Size: 75 cl Domaine History With a winemaking heritage dating back to the 17th century, the Mongeard family has built a strong reputation in Vosne-Roman\u00e9e. The domaine focuses on expressing the character of each terroir, crafting precise and elegant wines across both C\u00f4te de Nuits&#8230;<\/p>","protected":false},"featured_media":1001374,"comment_status":"open","ping_status":"closed","template":"","meta":[],"product_brand":[],"product_cat":[135,90],"product_tag":[307,147],"class_list":{"0":"post-996106","1":"product","2":"type-product","3":"status-publish","4":"has-post-thumbnail","6":"product_cat-burgundy","7":"product_cat-white","8":"product_tag-cotes-de-nuits","9":"product_tag-chardonnay","11":"first","12":"instock","13":"shipping-taxable","14":"product-type-simple"},"yoast_head":"<!-- This site is optimized with the Yoast SEO Premium plugin v27.2 (Yoast SEO v27.3) - https:\/\/yoast.com\/product\/yoast-seo-premium-wordpress\/ -->\n<title>Mongeart Mugneret Hautes Cotes de Nuits Le Prieure\u0301 2020 - Vavin \u9152\u76d2\u5b50<\/title>\n<meta name=\"description\" content=\"Mongeard Mugneret Hautes-C\u00f4tes de Nuits Le Prieur\u00e9 White 2020 \u2014 a vibrant Chardonnay with citrus notes, floral aromas, and mineral finesse.\" \/>\n<meta name=\"robots\" content=\"index, follow, max-snippet:-1, max-image-preview:large, max-video-preview:-1\" \/>\n<link rel=\"canonical\" href=\"https:\/\/vavin.tw\/fr\/produit\/domaine-mongeart-mugneret-bourgogne-hautes-cotes-de-nuits-le-prieure-white-2020\/\" \/>\n<meta property=\"og:locale\" content=\"fr_FR\" \/>\n<meta property=\"og:type\" content=\"article\" \/>\n<meta property=\"og:title\" content=\"Mongeart Mugneret Hautes Cotes de Nuits Le Prieure\u0301 2020\" \/>\n<meta property=\"og:description\" content=\"Mongeard Mugneret Hautes-C\u00f4tes de Nuits Le Prieur\u00e9 White 2020 \u2014 a vibrant Chardonnay with citrus notes, floral aromas, and mineral finesse.\" \/>\n<meta property=\"og:url\" content=\"https:\/\/vavin.tw\/fr\/produit\/domaine-mongeart-mugneret-bourgogne-hautes-cotes-de-nuits-le-prieure-white-2020\/\" \/>\n<meta property=\"og:site_name\" content=\"Vavin \u9152\u76d2\u5b50\" \/>\n<meta property=\"article:publisher\" content=\"https:\/\/www.facebook.com\/vavintw\" \/>\n<meta property=\"article:modified_time\" content=\"2025-04-27T03:40:46+00:00\" \/>\n<meta property=\"og:image\" content=\"https:\/\/vavin.tw\/wp-content\/uploads\/2024\/03\/Mongeart-Mugneret-Hautes-Cotes-de-Nuits-Le-Prieure.png\" \/>\n\t<meta property=\"og:image:width\" content=\"400\" \/>\n\t<meta property=\"og:image:height\" content=\"600\" \/>\n\t<meta property=\"og:image:type\" content=\"image\/png\" \/>\n<meta name=\"twitter:card\" content=\"summary_large_image\" \/>\n<meta name=\"twitter:label1\" content=\"Dur\u00e9e de lecture estim\u00e9e\" \/>\n\t<meta name=\"twitter:data1\" content=\"1 minute\" \/>\n<script type=\"application\/ld+json\" class=\"yoast-schema-graph\">{\"@context\":\"https:\\\/\\\/schema.org\",\"@graph\":[{\"@type\":\"WebPage\",\"@id\":\"https:\\\/\\\/vavin.tw\\\/product\\\/domaine-mongeart-mugneret-bourgogne-hautes-cotes-de-nuits-le-prieure-white-2020\\\/\",\"url\":\"https:\\\/\\\/vavin.tw\\\/product\\\/domaine-mongeart-mugneret-bourgogne-hautes-cotes-de-nuits-le-prieure-white-2020\\\/\",\"name\":\"Mongeart Mugneret Hautes Cotes de Nuits Le Prieure\u0301 2020 - Vavin \u9152\u76d2\u5b50\",\"isPartOf\":{\"@id\":\"https:\\\/\\\/vavin.tw\\\/#website\"},\"primaryImageOfPage\":{\"@id\":\"https:\\\/\\\/vavin.tw\\\/product\\\/domaine-mongeart-mugneret-bourgogne-hautes-cotes-de-nuits-le-prieure-white-2020\\\/#primaryimage\"},\"image\":{\"@id\":\"https:\\\/\\\/vavin.tw\\\/product\\\/domaine-mongeart-mugneret-bourgogne-hautes-cotes-de-nuits-le-prieure-white-2020\\\/#primaryimage\"},\"thumbnailUrl\":\"https:\\\/\\\/vavin.tw\\\/wp-content\\\/uploads\\\/2024\\\/03\\\/Mongeart-Mugneret-Hautes-Cotes-de-Nuits-Le-Prieure.png\",\"datePublished\":\"2024-03-04T10:27:30+00:00\",\"dateModified\":\"2025-04-27T03:40:46+00:00\",\"description\":\"Mongeard Mugneret Hautes-C\u00f4tes de Nuits Le Prieur\u00e9 White 2020 \u2014 a vibrant Chardonnay with citrus notes, floral aromas, and mineral finesse.\",\"breadcrumb\":{\"@id\":\"https:\\\/\\\/vavin.tw\\\/product\\\/domaine-mongeart-mugneret-bourgogne-hautes-cotes-de-nuits-le-prieure-white-2020\\\/#breadcrumb\"},\"inLanguage\":\"fr-FR\",\"potentialAction\":[{\"@type\":\"ReadAction\",\"target\":[\"https:\\\/\\\/vavin.tw\\\/product\\\/domaine-mongeart-mugneret-bourgogne-hautes-cotes-de-nuits-le-prieure-white-2020\\\/\"]}]},{\"@type\":\"ImageObject\",\"inLanguage\":\"fr-FR\",\"@id\":\"https:\\\/\\\/vavin.tw\\\/product\\\/domaine-mongeart-mugneret-bourgogne-hautes-cotes-de-nuits-le-prieure-white-2020\\\/#primaryimage\",\"url\":\"https:\\\/\\\/vavin.tw\\\/wp-content\\\/uploads\\\/2024\\\/03\\\/Mongeart-Mugneret-Hautes-Cotes-de-Nuits-Le-Prieure.png\",\"contentUrl\":\"https:\\\/\\\/vavin.tw\\\/wp-content\\\/uploads\\\/2024\\\/03\\\/Mongeart-Mugneret-Hautes-Cotes-de-Nuits-Le-Prieure.png\",\"width\":400,\"height\":600},{\"@type\":\"BreadcrumbList\",\"@id\":\"https:\\\/\\\/vavin.tw\\\/product\\\/domaine-mongeart-mugneret-bourgogne-hautes-cotes-de-nuits-le-prieure-white-2020\\\/#breadcrumb\",\"itemListElement\":[{\"@type\":\"ListItem\",\"position\":1,\"name\":\"Home\",\"item\":\"https:\\\/\\\/vavin.tw\\\/\"},{\"@type\":\"ListItem\",\"position\":2,\"name\":\"Products\",\"item\":\"https:\\\/\\\/vavin.tw\\\/shop\\\/\"},{\"@type\":\"ListItem\",\"position\":3,\"name\":\"Mongeart Mugneret Hautes Cotes de Nuits Le Prieure\u0301 2020\"}]},{\"@type\":\"WebSite\",\"@id\":\"https:\\\/\\\/vavin.tw\\\/#website\",\"url\":\"https:\\\/\\\/vavin.tw\\\/\",\"name\":\"Vavin \u9152\u76d2\u5b50\",\"description\":\"Savor the Art of Wine\",\"publisher\":{\"@id\":\"https:\\\/\\\/vavin.tw\\\/#organization\"},\"potentialAction\":[{\"@type\":\"SearchAction\",\"target\":{\"@type\":\"EntryPoint\",\"urlTemplate\":\"https:\\\/\\\/vavin.tw\\\/?s={search_term_string}\"},\"query-input\":{\"@type\":\"PropertyValueSpecification\",\"valueRequired\":true,\"valueName\":\"search_term_string\"}}],\"inLanguage\":\"fr-FR\"},{\"@type\":\"Organization\",\"@id\":\"https:\\\/\\\/vavin.tw\\\/#organization\",\"name\":\"Vavin \u9152\u76d2\u5b50\",\"url\":\"https:\\\/\\\/vavin.tw\\\/\",\"logo\":{\"@type\":\"ImageObject\",\"inLanguage\":\"fr-FR\",\"@id\":\"https:\\\/\\\/vavin.tw\\\/#\\\/schema\\\/logo\\\/image\\\/\",\"url\":\"https:\\\/\\\/vavin.tw\\\/wp-content\\\/uploads\\\/2023\\\/03\\\/cropped-favicon-violet-v1.png\",\"contentUrl\":\"https:\\\/\\\/vavin.tw\\\/wp-content\\\/uploads\\\/2023\\\/03\\\/cropped-favicon-violet-v1.png\",\"width\":512,\"height\":512,\"caption\":\"Vavin \u9152\u76d2\u5b50\"},\"image\":{\"@id\":\"https:\\\/\\\/vavin.tw\\\/#\\\/schema\\\/logo\\\/image\\\/\"},\"sameAs\":[\"https:\\\/\\\/www.facebook.com\\\/vavintw\",\"https:\\\/\\\/www.instagram.com\\\/vavin_tw\"]}]}<\/script>\n<!-- \/ Yoast SEO Premium plugin. -->","yoast_head_json":{"title":"Mongeart Mugneret Hautes Cotes de Nuits Le Prieure\u0301 2020 - Vavin \u9152\u76d2\u5b50","description":"Mongeard Mugneret Hautes-C\u00f4tes de Nuits Le Prieur\u00e9 White 2020 \u2014 a vibrant Chardonnay with citrus notes, floral aromas, and mineral finesse.","robots":{"index":"index","follow":"follow","max-snippet":"max-snippet:-1","max-image-preview":"max-image-preview:large","max-video-preview":"max-video-preview:-1"},"canonical":"https:\/\/vavin.tw\/fr\/produit\/domaine-mongeart-mugneret-bourgogne-hautes-cotes-de-nuits-le-prieure-white-2020\/","og_locale":"fr_FR","og_type":"article","og_title":"Mongeart Mugneret Hautes Cotes de Nuits Le Prieure\u0301 2020","og_description":"Mongeard Mugneret Hautes-C\u00f4tes de Nuits Le Prieur\u00e9 White 2020 \u2014 a vibrant Chardonnay with citrus notes, floral aromas, and mineral finesse.","og_url":"https:\/\/vavin.tw\/fr\/produit\/domaine-mongeart-mugneret-bourgogne-hautes-cotes-de-nuits-le-prieure-white-2020\/","og_site_name":"Vavin \u9152\u76d2\u5b50","article_publisher":"https:\/\/www.facebook.com\/vavintw","article_modified_time":"2025-04-27T03:40:46+00:00","og_image":[{"width":400,"height":600,"url":"https:\/\/vavin.tw\/wp-content\/uploads\/2024\/03\/Mongeart-Mugneret-Hautes-Cotes-de-Nuits-Le-Prieure.png","type":"image\/png"}],"twitter_card":"summary_large_image","twitter_misc":{"Dur\u00e9e de lecture estim\u00e9e":"1 minute"},"schema":{"@context":"https:\/\/schema.org","@graph":[{"@type":"WebPage","@id":"https:\/\/vavin.tw\/product\/domaine-mongeart-mugneret-bourgogne-hautes-cotes-de-nuits-le-prieure-white-2020\/","url":"https:\/\/vavin.tw\/product\/domaine-mongeart-mugneret-bourgogne-hautes-cotes-de-nuits-le-prieure-white-2020\/","name":"Mongeart Mugneret Hautes Cotes de Nuits Le Prieure\u0301 2020 - Vavin \u9152\u76d2\u5b50","isPartOf":{"@id":"https:\/\/vavin.tw\/#website"},"primaryImageOfPage":{"@id":"https:\/\/vavin.tw\/product\/domaine-mongeart-mugneret-bourgogne-hautes-cotes-de-nuits-le-prieure-white-2020\/#primaryimage"},"image":{"@id":"https:\/\/vavin.tw\/product\/domaine-mongeart-mugneret-bourgogne-hautes-cotes-de-nuits-le-prieure-white-2020\/#primaryimage"},"thumbnailUrl":"https:\/\/vavin.tw\/wp-content\/uploads\/2024\/03\/Mongeart-Mugneret-Hautes-Cotes-de-Nuits-Le-Prieure.png","datePublished":"2024-03-04T10:27:30+00:00","dateModified":"2025-04-27T03:40:46+00:00","description":"Mongeard Mugneret Hautes-C\u00f4tes de Nuits Le Prieur\u00e9 White 2020 \u2014 a vibrant Chardonnay with citrus notes, floral aromas, and mineral finesse.","breadcrumb":{"@id":"https:\/\/vavin.tw\/product\/domaine-mongeart-mugneret-bourgogne-hautes-cotes-de-nuits-le-prieure-white-2020\/#breadcrumb"},"inLanguage":"fr-FR","potentialAction":[{"@type":"ReadAction","target":["https:\/\/vavin.tw\/product\/domaine-mongeart-mugneret-bourgogne-hautes-cotes-de-nuits-le-prieure-white-2020\/"]}]},{"@type":"ImageObject","inLanguage":"fr-FR","@id":"https:\/\/vavin.tw\/product\/domaine-mongeart-mugneret-bourgogne-hautes-cotes-de-nuits-le-prieure-white-2020\/#primaryimage","url":"https:\/\/vavin.tw\/wp-content\/uploads\/2024\/03\/Mongeart-Mugneret-Hautes-Cotes-de-Nuits-Le-Prieure.png","contentUrl":"https:\/\/vavin.tw\/wp-content\/uploads\/2024\/03\/Mongeart-Mugneret-Hautes-Cotes-de-Nuits-Le-Prieure.png","width":400,"height":600},{"@type":"BreadcrumbList","@id":"https:\/\/vavin.tw\/product\/domaine-mongeart-mugneret-bourgogne-hautes-cotes-de-nuits-le-prieure-white-2020\/#breadcrumb","itemListElement":[{"@type":"ListItem","position":1,"name":"Home","item":"https:\/\/vavin.tw\/"},{"@type":"ListItem","position":2,"name":"Products","item":"https:\/\/vavin.tw\/shop\/"},{"@type":"ListItem","position":3,"name":"Mongeart Mugneret Hautes Cotes de Nuits Le Prieure\u0301 2020"}]},{"@type":"WebSite","@id":"https:\/\/vavin.tw\/#website","url":"https:\/\/vavin.tw\/","name":"Vavin","description":"Savoure l\u2019art du vin","publisher":{"@id":"https:\/\/vavin.tw\/#organization"},"potentialAction":[{"@type":"SearchAction","target":{"@type":"EntryPoint","urlTemplate":"https:\/\/vavin.tw\/?s={search_term_string}"},"query-input":{"@type":"PropertyValueSpecification","valueRequired":true,"valueName":"search_term_string"}}],"inLanguage":"fr-FR"},{"@type":"Organization","@id":"https:\/\/vavin.tw\/#organization","name":"Vavin","url":"https:\/\/vavin.tw\/","logo":{"@type":"ImageObject","inLanguage":"fr-FR","@id":"https:\/\/vavin.tw\/#\/schema\/logo\/image\/","url":"https:\/\/vavin.tw\/wp-content\/uploads\/2023\/03\/cropped-favicon-violet-v1.png","contentUrl":"https:\/\/vavin.tw\/wp-content\/uploads\/2023\/03\/cropped-favicon-violet-v1.png","width":512,"height":512,"caption":"Vavin \u9152\u76d2\u5b50"},"image":{"@id":"https:\/\/vavin.tw\/#\/schema\/logo\/image\/"},"sameAs":["https:\/\/www.facebook.com\/vavintw","https:\/\/www.instagram.com\/vavin_tw"]}]}},"_links":{"self":[{"href":"https:\/\/vavin.tw\/fr\/wp-json\/wp\/v2\/product\/996106","targetHints":{"allow":["GET"]}}],"collection":[{"href":"https:\/\/vavin.tw\/fr\/wp-json\/wp\/v2\/product"}],"about":[{"href":"https:\/\/vavin.tw\/fr\/wp-json\/wp\/v2\/types\/product"}],"replies":[{"embeddable":true,"href":"https:\/\/vavin.tw\/fr\/wp-json\/wp\/v2\/comments?post=996106"}],"version-history":[{"count":0,"href":"https:\/\/vavin.tw\/fr\/wp-json\/wp\/v2\/product\/996106\/revisions"}],"wp:featuredmedia":[{"embeddable":true,"href":"https:\/\/vavin.tw\/fr\/wp-json\/wp\/v2\/media\/1001374"}],"wp:attachment":[{"href":"https:\/\/vavin.tw\/fr\/wp-json\/wp\/v2\/media?parent=996106"}],"wp:term":[{"taxonomy":"product_brand","embeddable":true,"href":"https:\/\/vavin.tw\/fr\/wp-json\/wp\/v2\/product_brand?post=996106"},{"taxonomy":"product_cat","embeddable":true,"href":"https:\/\/vavin.tw\/fr\/wp-json\/wp\/v2\/product_cat?post=996106"},{"taxonomy":"product_tag","embeddable":true,"href":"https:\/\/vavin.tw\/fr\/wp-json\/wp\/v2\/product_tag?post=996106"}],"curies":[{"name":"wp","href":"https:\/\/api.w.org\/{rel}","templated":true}]}}