{"id":998967,"date":"2025-02-11T20:27:42","date_gmt":"2025-02-11T12:27:42","guid":{"rendered":"https:\/\/vavin.tw\/?post_type=product&#038;p=998967"},"modified":"2025-07-16T12:28:48","modified_gmt":"2025-07-16T04:28:48","slug":"lupe-cholet-savigny-les-beaune-1er-cru-les-guettes-rouge-2018","status":"publish","type":"product","link":"https:\/\/vavin.tw\/fr\/product\/lupe-cholet-savigny-les-beaune-1er-cru-les-peuillets-red-2018\/","title":{"rendered":"Lup\u00e9 Cholet Savigny les Beaune 1er Cru Les Peuillets 2018"},"content":{"rendered":"<div class=\"vgblk-rw-wrapper limit-wrapper\">\n<div class=\"wine-info\"><strong>Couleur\u202f:<\/strong> Rouge<br \/>\n<strong>Alcool\u202f:<\/strong> 13% vol.<br \/>\n<strong>C\u00e9page\u202f:<\/strong> 100% Pinot Noir<br \/>\n<strong>Contenance\u202f:<\/strong> 75 cl<\/div>\n<hr \/>\n<div class=\"wine-section\">\n<h3>Histoire du domaine\u202f<\/h3>\n<p>Fond\u00e9e en 1903 \u00e0 Nuits-Saint-Georges, la Maison Lup\u00e9 Cholet perp\u00e9tue une longue tradition de grands vins de Bourgogne. Port\u00e9e par une qu\u00eate de pr\u00e9cision et d\u2019expression du terroir, elle s\u00e9lectionne les meilleures parcelles \u00e0 travers la Bourgogne pour r\u00e9v\u00e9ler l\u2019\u00e9l\u00e9gance et l\u2019authenticit\u00e9 de chaque appellation.<\/p>\n<hr \/>\n<\/div>\n<div class=\"wine-section\">\n<h3>Terroir\u202f<\/h3>\n<p>Situ\u00e9 au sud de Savigny-l\u00e8s-Beaune, le Premier Cru \u00ab\u202fLes Peuillets\u202f\u00bb repose sur des sols argilo-calcaires bien drain\u00e9s. La pente douce et l\u2019exposition \u00e0 l\u2019est assurent une maturation optimale, conf\u00e9rant finesse et puret\u00e9 aromatique aux raisins de Pinot Noir.<\/p>\n<hr \/>\n<\/div>\n<div class=\"wine-section\">\n<h3>Notes de d\u00e9gustation<\/h3>\n<p>Robe rouge rubis brillante. Le nez r\u00e9v\u00e8le de d\u00e9licats ar\u00f4mes de cerises rouges, de framboises et de notes florales, relev\u00e9s par une touche d\u2019\u00e9pices. En bouche, le vin est soyeux et bien \u00e9quilibr\u00e9, avec des tanins fins, une belle fra\u00eecheur et une finale longue et \u00e9l\u00e9gante.<\/p>\n<p class=\"wine-highlight\">Un Pinot Noir Premier Cru raffin\u00e9 et expressif, r\u00e9v\u00e9lant toute la finesse de Savigny-l\u00e8s-Beaune.<\/p>\n<hr \/>\n<\/div>\n<div class=\"wine-section\">\n<h3>Accords mets-vins<\/h3>\n<p>Parfait avec du poulet r\u00f4ti, du canard, du veau, des plats aux champignons ou des fromages \u00e0 p\u00e2te molle comme le Brie ou le Camembert.<\/p>\n<\/div>\n<p>&nbsp;<\/p>\n<hr \/>\n<p>&nbsp;<\/p>\n<p><iframe title=\"Lecteur vid\u00e9o YouTube\" src=\"https:\/\/www.youtube.com\/embed\/NaQysyfI6Tk?si=llMZ-s3ZFqI4PTek\" width=\"560\" height=\"315\" frameborder=\"0\" allowfullscreen=\"allowfullscreen\"><\/iframe><\/div>\n<p><!-- .vgblk-rw-wrapper --><\/p>","protected":false},"excerpt":{"rendered":"<p>\u00c9l\u00e9gant Savigny-l\u00e8s-Beaune 1er Cru de Lup\u00e9 Cholet, 100\u202f% Pinot Noir. Ar\u00f4mes \u00e9clatants de fruits rouges, notes florales, texture soyeuse et finale longue et fra\u00eeche.<\/p>","protected":false},"featured_media":998968,"comment_status":"open","ping_status":"closed","template":"","meta":[],"product_brand":[],"product_cat":[135,63],"product_tag":[146,273],"class_list":{"0":"post-998967","1":"product","2":"type-product","3":"status-publish","4":"has-post-thumbnail","6":"product_cat-burgundy","7":"product_cat-red","8":"product_tag-pinot-noir","9":"product_tag-savigny-les-beaune","11":"first","12":"instock","13":"shipping-taxable","14":"product-type-simple"},"yoast_head":"<!-- This site is optimized with the Yoast SEO Premium plugin v27.2 (Yoast SEO v27.3) - https:\/\/yoast.com\/product\/yoast-seo-premium-wordpress\/ -->\n<title>Lup\u00e9 Cholet Savigny les Beaune 1er Cru Les Peuillets 2018 - Vavin \u9152\u76d2\u5b50<\/title>\n<meta name=\"description\" content=\"Elegant Savigny-l\u00e8s-Beaune 1er Cru from Lup\u00e9 Cholet, 100% Pinot Noir. Bright red fruits, floral notes, and silky texture with a long, fresh finish\" \/>\n<meta name=\"robots\" content=\"index, follow, max-snippet:-1, max-image-preview:large, max-video-preview:-1\" \/>\n<link rel=\"canonical\" href=\"https:\/\/vavin.tw\/fr\/produit\/lupe-cholet-savigny-les-beaune-1er-cru-les-guettes-rouge-2018\/\" \/>\n<meta property=\"og:locale\" content=\"fr_FR\" \/>\n<meta property=\"og:type\" content=\"article\" \/>\n<meta property=\"og:title\" content=\"Lup\u00e9 Cholet Savigny les Beaune 1er Cru Les Peuillets 2018\" \/>\n<meta property=\"og:description\" content=\"Elegant Savigny-l\u00e8s-Beaune 1er Cru from Lup\u00e9 Cholet, 100% Pinot Noir. Bright red fruits, floral notes, and silky texture with a long, fresh finish\" \/>\n<meta property=\"og:url\" content=\"https:\/\/vavin.tw\/fr\/produit\/lupe-cholet-savigny-les-beaune-1er-cru-les-guettes-rouge-2018\/\" \/>\n<meta property=\"og:site_name\" content=\"Vavin \u9152\u76d2\u5b50\" \/>\n<meta property=\"article:publisher\" content=\"https:\/\/www.facebook.com\/vavintw\" \/>\n<meta property=\"article:modified_time\" content=\"2025-07-16T04:28:48+00:00\" \/>\n<meta property=\"og:image\" content=\"https:\/\/vavin.tw\/wp-content\/uploads\/2025\/02\/savigny-.png\" \/>\n\t<meta property=\"og:image:width\" content=\"400\" \/>\n\t<meta property=\"og:image:height\" content=\"600\" \/>\n\t<meta property=\"og:image:type\" content=\"image\/png\" \/>\n<meta name=\"twitter:card\" content=\"summary_large_image\" \/>\n<meta name=\"twitter:label1\" content=\"Dur\u00e9e de lecture estim\u00e9e\" \/>\n\t<meta name=\"twitter:data1\" content=\"1 minute\" \/>\n<script type=\"application\/ld+json\" class=\"yoast-schema-graph\">{\"@context\":\"https:\\\/\\\/schema.org\",\"@graph\":[{\"@type\":\"WebPage\",\"@id\":\"https:\\\/\\\/vavin.tw\\\/product\\\/lupe-cholet-savigny-les-beaune-1er-cru-les-peuillets-red-2018\\\/\",\"url\":\"https:\\\/\\\/vavin.tw\\\/product\\\/lupe-cholet-savigny-les-beaune-1er-cru-les-peuillets-red-2018\\\/\",\"name\":\"Lup\u00e9 Cholet Savigny les Beaune 1er Cru Les Peuillets 2018 - Vavin \u9152\u76d2\u5b50\",\"isPartOf\":{\"@id\":\"https:\\\/\\\/vavin.tw\\\/#website\"},\"primaryImageOfPage\":{\"@id\":\"https:\\\/\\\/vavin.tw\\\/product\\\/lupe-cholet-savigny-les-beaune-1er-cru-les-peuillets-red-2018\\\/#primaryimage\"},\"image\":{\"@id\":\"https:\\\/\\\/vavin.tw\\\/product\\\/lupe-cholet-savigny-les-beaune-1er-cru-les-peuillets-red-2018\\\/#primaryimage\"},\"thumbnailUrl\":\"https:\\\/\\\/vavin.tw\\\/wp-content\\\/uploads\\\/2025\\\/02\\\/savigny-.png\",\"datePublished\":\"2025-02-11T12:27:42+00:00\",\"dateModified\":\"2025-07-16T04:28:48+00:00\",\"description\":\"Elegant Savigny-l\u00e8s-Beaune 1er Cru from Lup\u00e9 Cholet, 100% Pinot Noir. Bright red fruits, floral notes, and silky texture with a long, fresh finish\",\"breadcrumb\":{\"@id\":\"https:\\\/\\\/vavin.tw\\\/product\\\/lupe-cholet-savigny-les-beaune-1er-cru-les-peuillets-red-2018\\\/#breadcrumb\"},\"inLanguage\":\"fr-FR\",\"potentialAction\":[{\"@type\":\"ReadAction\",\"target\":[\"https:\\\/\\\/vavin.tw\\\/product\\\/lupe-cholet-savigny-les-beaune-1er-cru-les-peuillets-red-2018\\\/\"]}]},{\"@type\":\"ImageObject\",\"inLanguage\":\"fr-FR\",\"@id\":\"https:\\\/\\\/vavin.tw\\\/product\\\/lupe-cholet-savigny-les-beaune-1er-cru-les-peuillets-red-2018\\\/#primaryimage\",\"url\":\"https:\\\/\\\/vavin.tw\\\/wp-content\\\/uploads\\\/2025\\\/02\\\/savigny-.png\",\"contentUrl\":\"https:\\\/\\\/vavin.tw\\\/wp-content\\\/uploads\\\/2025\\\/02\\\/savigny-.png\",\"width\":400,\"height\":600},{\"@type\":\"BreadcrumbList\",\"@id\":\"https:\\\/\\\/vavin.tw\\\/product\\\/lupe-cholet-savigny-les-beaune-1er-cru-les-peuillets-red-2018\\\/#breadcrumb\",\"itemListElement\":[{\"@type\":\"ListItem\",\"position\":1,\"name\":\"Home\",\"item\":\"https:\\\/\\\/vavin.tw\\\/\"},{\"@type\":\"ListItem\",\"position\":2,\"name\":\"Products\",\"item\":\"https:\\\/\\\/vavin.tw\\\/shop\\\/\"},{\"@type\":\"ListItem\",\"position\":3,\"name\":\"Lup\u00e9 Cholet Savigny les Beaune 1er Cru Les Peuillets 2018\"}]},{\"@type\":\"WebSite\",\"@id\":\"https:\\\/\\\/vavin.tw\\\/#website\",\"url\":\"https:\\\/\\\/vavin.tw\\\/\",\"name\":\"Vavin \u9152\u76d2\u5b50\",\"description\":\"Savor the Art of Wine\",\"publisher\":{\"@id\":\"https:\\\/\\\/vavin.tw\\\/#organization\"},\"potentialAction\":[{\"@type\":\"SearchAction\",\"target\":{\"@type\":\"EntryPoint\",\"urlTemplate\":\"https:\\\/\\\/vavin.tw\\\/?s={search_term_string}\"},\"query-input\":{\"@type\":\"PropertyValueSpecification\",\"valueRequired\":true,\"valueName\":\"search_term_string\"}}],\"inLanguage\":\"fr-FR\"},{\"@type\":\"Organization\",\"@id\":\"https:\\\/\\\/vavin.tw\\\/#organization\",\"name\":\"Vavin \u9152\u76d2\u5b50\",\"url\":\"https:\\\/\\\/vavin.tw\\\/\",\"logo\":{\"@type\":\"ImageObject\",\"inLanguage\":\"fr-FR\",\"@id\":\"https:\\\/\\\/vavin.tw\\\/#\\\/schema\\\/logo\\\/image\\\/\",\"url\":\"https:\\\/\\\/vavin.tw\\\/wp-content\\\/uploads\\\/2023\\\/03\\\/cropped-favicon-violet-v1.png\",\"contentUrl\":\"https:\\\/\\\/vavin.tw\\\/wp-content\\\/uploads\\\/2023\\\/03\\\/cropped-favicon-violet-v1.png\",\"width\":512,\"height\":512,\"caption\":\"Vavin \u9152\u76d2\u5b50\"},\"image\":{\"@id\":\"https:\\\/\\\/vavin.tw\\\/#\\\/schema\\\/logo\\\/image\\\/\"},\"sameAs\":[\"https:\\\/\\\/www.facebook.com\\\/vavintw\",\"https:\\\/\\\/www.instagram.com\\\/vavin_tw\"]}]}<\/script>\n<!-- \/ Yoast SEO Premium plugin. -->","yoast_head_json":{"title":"Lup\u00e9 Cholet Savigny les Beaune 1er Cru Les Peuillets 2018 - Coffret \u00e0 vin","description":"\u00c9l\u00e9gant Savigny-l\u00e8s-Beaune 1er Cru de Lup\u00e9 Cholet, 100\u202f% Pinot Noir. Ar\u00f4mes \u00e9clatants de fruits rouges, notes florales, texture soyeuse et finale longue et fra\u00eeche.","robots":{"index":"index","follow":"follow","max-snippet":"max-snippet:-1","max-image-preview":"max-image-preview:large","max-video-preview":"max-video-preview:-1"},"canonical":"https:\/\/vavin.tw\/fr\/produit\/lupe-cholet-savigny-les-beaune-1er-cru-les-guettes-rouge-2018\/","og_locale":"fr_FR","og_type":"article","og_title":"Lup\u00e9 Cholet Savigny les Beaune 1er Cru Les Peuillets 2018","og_description":"Elegant Savigny-l\u00e8s-Beaune 1er Cru from Lup\u00e9 Cholet, 100% Pinot Noir. Bright red fruits, floral notes, and silky texture with a long, fresh finish","og_url":"https:\/\/vavin.tw\/fr\/produit\/lupe-cholet-savigny-les-beaune-1er-cru-les-guettes-rouge-2018\/","og_site_name":"Vavin \u9152\u76d2\u5b50","article_publisher":"https:\/\/www.facebook.com\/vavintw","article_modified_time":"2025-07-16T04:28:48+00:00","og_image":[{"width":400,"height":600,"url":"https:\/\/vavin.tw\/wp-content\/uploads\/2025\/02\/savigny-.png","type":"image\/png"}],"twitter_card":"summary_large_image","twitter_misc":{"Dur\u00e9e de lecture estim\u00e9e":"1 minute"},"schema":{"@context":"https:\/\/schema.org","@graph":[{"@type":"WebPage","@id":"https:\/\/vavin.tw\/product\/lupe-cholet-savigny-les-beaune-1er-cru-les-peuillets-red-2018\/","url":"https:\/\/vavin.tw\/product\/lupe-cholet-savigny-les-beaune-1er-cru-les-peuillets-red-2018\/","name":"Lup\u00e9 Cholet Savigny les Beaune 1er Cru Les Peuillets 2018 - Coffret \u00e0 vin","isPartOf":{"@id":"https:\/\/vavin.tw\/#website"},"primaryImageOfPage":{"@id":"https:\/\/vavin.tw\/product\/lupe-cholet-savigny-les-beaune-1er-cru-les-peuillets-red-2018\/#primaryimage"},"image":{"@id":"https:\/\/vavin.tw\/product\/lupe-cholet-savigny-les-beaune-1er-cru-les-peuillets-red-2018\/#primaryimage"},"thumbnailUrl":"https:\/\/vavin.tw\/wp-content\/uploads\/2025\/02\/savigny-.png","datePublished":"2025-02-11T12:27:42+00:00","dateModified":"2025-07-16T04:28:48+00:00","description":"\u00c9l\u00e9gant Savigny-l\u00e8s-Beaune 1er Cru de Lup\u00e9 Cholet, 100\u202f% Pinot Noir. Ar\u00f4mes \u00e9clatants de fruits rouges, notes florales, texture soyeuse et finale longue et fra\u00eeche.","breadcrumb":{"@id":"https:\/\/vavin.tw\/product\/lupe-cholet-savigny-les-beaune-1er-cru-les-peuillets-red-2018\/#breadcrumb"},"inLanguage":"fr-FR","potentialAction":[{"@type":"ReadAction","target":["https:\/\/vavin.tw\/product\/lupe-cholet-savigny-les-beaune-1er-cru-les-peuillets-red-2018\/"]}]},{"@type":"ImageObject","inLanguage":"fr-FR","@id":"https:\/\/vavin.tw\/product\/lupe-cholet-savigny-les-beaune-1er-cru-les-peuillets-red-2018\/#primaryimage","url":"https:\/\/vavin.tw\/wp-content\/uploads\/2025\/02\/savigny-.png","contentUrl":"https:\/\/vavin.tw\/wp-content\/uploads\/2025\/02\/savigny-.png","width":400,"height":600},{"@type":"BreadcrumbList","@id":"https:\/\/vavin.tw\/product\/lupe-cholet-savigny-les-beaune-1er-cru-les-peuillets-red-2018\/#breadcrumb","itemListElement":[{"@type":"ListItem","position":1,"name":"Home","item":"https:\/\/vavin.tw\/"},{"@type":"ListItem","position":2,"name":"Products","item":"https:\/\/vavin.tw\/shop\/"},{"@type":"ListItem","position":3,"name":"Lup\u00e9 Cholet Savigny les Beaune 1er Cru Les Peuillets 2018"}]},{"@type":"WebSite","@id":"https:\/\/vavin.tw\/#website","url":"https:\/\/vavin.tw\/","name":"Vavin","description":"Savoure l\u2019art du vin","publisher":{"@id":"https:\/\/vavin.tw\/#organization"},"potentialAction":[{"@type":"SearchAction","target":{"@type":"EntryPoint","urlTemplate":"https:\/\/vavin.tw\/?s={search_term_string}"},"query-input":{"@type":"PropertyValueSpecification","valueRequired":true,"valueName":"search_term_string"}}],"inLanguage":"fr-FR"},{"@type":"Organization","@id":"https:\/\/vavin.tw\/#organization","name":"Vavin","url":"https:\/\/vavin.tw\/","logo":{"@type":"ImageObject","inLanguage":"fr-FR","@id":"https:\/\/vavin.tw\/#\/schema\/logo\/image\/","url":"https:\/\/vavin.tw\/wp-content\/uploads\/2023\/03\/cropped-favicon-violet-v1.png","contentUrl":"https:\/\/vavin.tw\/wp-content\/uploads\/2023\/03\/cropped-favicon-violet-v1.png","width":512,"height":512,"caption":"Vavin \u9152\u76d2\u5b50"},"image":{"@id":"https:\/\/vavin.tw\/#\/schema\/logo\/image\/"},"sameAs":["https:\/\/www.facebook.com\/vavintw","https:\/\/www.instagram.com\/vavin_tw"]}]}},"_links":{"self":[{"href":"https:\/\/vavin.tw\/fr\/wp-json\/wp\/v2\/product\/998967","targetHints":{"allow":["GET"]}}],"collection":[{"href":"https:\/\/vavin.tw\/fr\/wp-json\/wp\/v2\/product"}],"about":[{"href":"https:\/\/vavin.tw\/fr\/wp-json\/wp\/v2\/types\/product"}],"replies":[{"embeddable":true,"href":"https:\/\/vavin.tw\/fr\/wp-json\/wp\/v2\/comments?post=998967"}],"version-history":[{"count":0,"href":"https:\/\/vavin.tw\/fr\/wp-json\/wp\/v2\/product\/998967\/revisions"}],"wp:featuredmedia":[{"embeddable":true,"href":"https:\/\/vavin.tw\/fr\/wp-json\/wp\/v2\/media\/998968"}],"wp:attachment":[{"href":"https:\/\/vavin.tw\/fr\/wp-json\/wp\/v2\/media?parent=998967"}],"wp:term":[{"taxonomy":"product_brand","embeddable":true,"href":"https:\/\/vavin.tw\/fr\/wp-json\/wp\/v2\/product_brand?post=998967"},{"taxonomy":"product_cat","embeddable":true,"href":"https:\/\/vavin.tw\/fr\/wp-json\/wp\/v2\/product_cat?post=998967"},{"taxonomy":"product_tag","embeddable":true,"href":"https:\/\/vavin.tw\/fr\/wp-json\/wp\/v2\/product_tag?post=998967"}],"curies":[{"name":"wp","href":"https:\/\/api.w.org\/{rel}","templated":true}]}}