{"id":999232,"date":"2025-03-15T21:49:29","date_gmt":"2025-03-15T13:49:29","guid":{"rendered":"https:\/\/vavin.tw\/?post_type=product&#038;p=999232"},"modified":"2025-04-27T11:34:32","modified_gmt":"2025-04-27T03:34:32","slug":"chateau-mont-redon-chateauneuf-du-pape-red-2019","status":"publish","type":"product","link":"https:\/\/vavin.tw\/fr\/product\/chateau-mont-redon-chateauneuf-du-pape-red-2019\/","title":{"rendered":"Ch\u00e2teau Mont-Redon Ch\u00e2teauneuf-du-Pape 2019"},"content":{"rendered":"<div class=\"vgblk-rw-wrapper limit-wrapper\">\n<div class=\"wine-info\"><strong>Couleur\u202f:<\/strong> Rouge<br \/>\n<strong>Alcool\u202f:<\/strong> 14.5% vol.<br \/>\n<strong>C\u00e9page\u202f:<\/strong> Grenache, Syrah, Mourv\u00e8dre<br \/>\n<strong>Contenance\u202f:<\/strong> 75 cl<\/div>\n<hr \/>\n<div class=\"wine-section\">\n<h3>Histoire du domaine\u202f<\/h3>\n<p>Founded in 1344, Ch\u00e2teau Mont-Redon is one of the historic estates of Ch\u00e2teauneuf-du-Pape. The estate covers over 100 hectares of vines and is known for its commitment to quality, sustainable viticulture, and precise winemaking, producing elegant and powerful wines that respect the traditions of the Rh\u00f4ne Valley.<\/p>\n<hr \/>\n<\/div>\n<div class=\"wine-section\">\n<h3>Terroir\u202f<\/h3>\n<p>The vineyards are planted on the famous rolled pebbles (galets roul\u00e9s) over clay and limestone soils, a terroir that retains heat and ensures optimal ripening of the grapes. The Mediterranean climate, combined with the Mistral wind, contributes to the health of the vines and the concentration of the fruit.<\/p>\n<hr \/>\n<\/div>\n<div class=\"wine-section\">\n<h3>Notes de d\u00e9gustation<\/h3>\n<p>Deep ruby color with purple reflections. The nose reveals aromas of ripe black fruits, spices, garrigue, and a subtle touch of leather. On the palate, the wine is full-bodied and structured, with silky tannins, rich fruit flavors, and a long, balanced finish.<\/p>\n<p class=\"wine-highlight\">Powerful and elegant, this Ch\u00e2teauneuf-du-Pape offers depth, complexity, and excellent aging potential.<\/p>\n<hr \/>\n<\/div>\n<div class=\"wine-section\">\n<h3>Accords mets-vins<\/h3>\n<p>Perfect with grilled lamb, duck breast, beef stew, or aged cheeses like Manchego or Roquefort.<\/p>\n<p>&nbsp;<\/p>\n<\/div>\n<hr \/>\n<p>&nbsp;<\/p>\n<p><iframe title=\"Lecteur vid\u00e9o YouTube\" src=\"https:\/\/www.youtube.com\/embed\/M5PEV3bkJPI?si=mHH-lWEixhiKNZKu\" width=\"560\" height=\"315\" frameborder=\"0\" allowfullscreen=\"allowfullscreen\"><\/iframe><\/div>\n<p><!-- .vgblk-rw-wrapper --><\/p>","protected":false},"excerpt":{"rendered":"<p>Color: Red Alcohol: 14.5% vol. Grape Variety: Grenache, Syrah, Mourv\u00e8dre Bottle Size: 75 cl Domaine History Founded in 1344, Ch\u00e2teau Mont-Redon is one of the historic estates of Ch\u00e2teauneuf-du-Pape. The estate covers over 100 hectares of vines and is known for its commitment to quality, sustainable viticulture, and precise winemaking, producing elegant and powerful wines&#8230;<\/p>","protected":false},"featured_media":999377,"comment_status":"open","ping_status":"closed","template":"","meta":[],"product_brand":[],"product_cat":[63,137],"product_tag":[260,156,174,149],"class_list":{"0":"post-999232","1":"product","2":"type-product","3":"status-publish","4":"has-post-thumbnail","6":"product_cat-red","7":"product_cat-rhone-valley","8":"product_tag-chateauneuf-du-pape","9":"product_tag-grenache","10":"product_tag-mourvedre","11":"product_tag-syrah","13":"first","14":"instock","15":"shipping-taxable","16":"product-type-simple"},"yoast_head":"<!-- This site is optimized with the Yoast SEO Premium plugin v27.2 (Yoast SEO v27.3) - https:\/\/yoast.com\/product\/yoast-seo-premium-wordpress\/ -->\n<title>Ch\u00e2teau Mont-Redon Ch\u00e2teauneuf-du-Pape 2019 - Vavin \u9152\u76d2\u5b50<\/title>\n<meta name=\"description\" content=\"Ch\u00e2teau Mont-Redon Ch\u00e2teauneuf-du-Pape Red 2019, a powerful Rh\u00f4ne wine with black fruits, spice, and garrigue aromas. Rich and elegant.\" \/>\n<meta name=\"robots\" content=\"index, follow, max-snippet:-1, max-image-preview:large, max-video-preview:-1\" \/>\n<link rel=\"canonical\" href=\"https:\/\/vavin.tw\/fr\/produit\/chateau-mont-redon-chateauneuf-du-pape-red-2019\/\" \/>\n<meta property=\"og:locale\" content=\"fr_FR\" \/>\n<meta property=\"og:type\" content=\"article\" \/>\n<meta property=\"og:title\" content=\"Ch\u00e2teau Mont-Redon Ch\u00e2teauneuf-du-Pape 2019\" \/>\n<meta property=\"og:description\" content=\"Ch\u00e2teau Mont-Redon Ch\u00e2teauneuf-du-Pape Red 2019, a powerful Rh\u00f4ne wine with black fruits, spice, and garrigue aromas. Rich and elegant.\" \/>\n<meta property=\"og:url\" content=\"https:\/\/vavin.tw\/fr\/produit\/chateau-mont-redon-chateauneuf-du-pape-red-2019\/\" \/>\n<meta property=\"og:site_name\" content=\"Vavin \u9152\u76d2\u5b50\" \/>\n<meta property=\"article:publisher\" content=\"https:\/\/www.facebook.com\/vavintw\" \/>\n<meta property=\"article:modified_time\" content=\"2025-04-27T03:34:32+00:00\" \/>\n<meta property=\"og:image\" content=\"https:\/\/vavin.tw\/wp-content\/uploads\/2025\/03\/Chateau-Mont-Redon-Chateauneuf-du-Pape-Red-2019.png\" \/>\n\t<meta property=\"og:image:width\" content=\"400\" \/>\n\t<meta property=\"og:image:height\" content=\"600\" \/>\n\t<meta property=\"og:image:type\" content=\"image\/png\" \/>\n<meta name=\"twitter:card\" content=\"summary_large_image\" \/>\n<meta name=\"twitter:label1\" content=\"Dur\u00e9e de lecture estim\u00e9e\" \/>\n\t<meta name=\"twitter:data1\" content=\"2 minutes\" \/>\n<script type=\"application\/ld+json\" class=\"yoast-schema-graph\">{\"@context\":\"https:\\\/\\\/schema.org\",\"@graph\":[{\"@type\":\"WebPage\",\"@id\":\"https:\\\/\\\/vavin.tw\\\/product\\\/chateau-mont-redon-chateauneuf-du-pape-red-2019\\\/\",\"url\":\"https:\\\/\\\/vavin.tw\\\/product\\\/chateau-mont-redon-chateauneuf-du-pape-red-2019\\\/\",\"name\":\"Ch\u00e2teau Mont-Redon Ch\u00e2teauneuf-du-Pape 2019 - Vavin \u9152\u76d2\u5b50\",\"isPartOf\":{\"@id\":\"https:\\\/\\\/vavin.tw\\\/#website\"},\"primaryImageOfPage\":{\"@id\":\"https:\\\/\\\/vavin.tw\\\/product\\\/chateau-mont-redon-chateauneuf-du-pape-red-2019\\\/#primaryimage\"},\"image\":{\"@id\":\"https:\\\/\\\/vavin.tw\\\/product\\\/chateau-mont-redon-chateauneuf-du-pape-red-2019\\\/#primaryimage\"},\"thumbnailUrl\":\"https:\\\/\\\/vavin.tw\\\/wp-content\\\/uploads\\\/2025\\\/03\\\/Chateau-Mont-Redon-Chateauneuf-du-Pape-Red-2019.png\",\"datePublished\":\"2025-03-15T13:49:29+00:00\",\"dateModified\":\"2025-04-27T03:34:32+00:00\",\"description\":\"Ch\u00e2teau Mont-Redon Ch\u00e2teauneuf-du-Pape Red 2019, a powerful Rh\u00f4ne wine with black fruits, spice, and garrigue aromas. Rich and elegant.\",\"breadcrumb\":{\"@id\":\"https:\\\/\\\/vavin.tw\\\/product\\\/chateau-mont-redon-chateauneuf-du-pape-red-2019\\\/#breadcrumb\"},\"inLanguage\":\"fr-FR\",\"potentialAction\":[{\"@type\":\"ReadAction\",\"target\":[\"https:\\\/\\\/vavin.tw\\\/product\\\/chateau-mont-redon-chateauneuf-du-pape-red-2019\\\/\"]}]},{\"@type\":\"ImageObject\",\"inLanguage\":\"fr-FR\",\"@id\":\"https:\\\/\\\/vavin.tw\\\/product\\\/chateau-mont-redon-chateauneuf-du-pape-red-2019\\\/#primaryimage\",\"url\":\"https:\\\/\\\/vavin.tw\\\/wp-content\\\/uploads\\\/2025\\\/03\\\/Chateau-Mont-Redon-Chateauneuf-du-Pape-Red-2019.png\",\"contentUrl\":\"https:\\\/\\\/vavin.tw\\\/wp-content\\\/uploads\\\/2025\\\/03\\\/Chateau-Mont-Redon-Chateauneuf-du-Pape-Red-2019.png\",\"width\":400,\"height\":600},{\"@type\":\"BreadcrumbList\",\"@id\":\"https:\\\/\\\/vavin.tw\\\/product\\\/chateau-mont-redon-chateauneuf-du-pape-red-2019\\\/#breadcrumb\",\"itemListElement\":[{\"@type\":\"ListItem\",\"position\":1,\"name\":\"Home\",\"item\":\"https:\\\/\\\/vavin.tw\\\/\"},{\"@type\":\"ListItem\",\"position\":2,\"name\":\"Products\",\"item\":\"https:\\\/\\\/vavin.tw\\\/shop\\\/\"},{\"@type\":\"ListItem\",\"position\":3,\"name\":\"Ch\u00e2teau Mont-Redon Ch\u00e2teauneuf-du-Pape 2019\"}]},{\"@type\":\"WebSite\",\"@id\":\"https:\\\/\\\/vavin.tw\\\/#website\",\"url\":\"https:\\\/\\\/vavin.tw\\\/\",\"name\":\"Vavin \u9152\u76d2\u5b50\",\"description\":\"Savor the Art of Wine\",\"publisher\":{\"@id\":\"https:\\\/\\\/vavin.tw\\\/#organization\"},\"potentialAction\":[{\"@type\":\"SearchAction\",\"target\":{\"@type\":\"EntryPoint\",\"urlTemplate\":\"https:\\\/\\\/vavin.tw\\\/?s={search_term_string}\"},\"query-input\":{\"@type\":\"PropertyValueSpecification\",\"valueRequired\":true,\"valueName\":\"search_term_string\"}}],\"inLanguage\":\"fr-FR\"},{\"@type\":\"Organization\",\"@id\":\"https:\\\/\\\/vavin.tw\\\/#organization\",\"name\":\"Vavin \u9152\u76d2\u5b50\",\"url\":\"https:\\\/\\\/vavin.tw\\\/\",\"logo\":{\"@type\":\"ImageObject\",\"inLanguage\":\"fr-FR\",\"@id\":\"https:\\\/\\\/vavin.tw\\\/#\\\/schema\\\/logo\\\/image\\\/\",\"url\":\"https:\\\/\\\/vavin.tw\\\/wp-content\\\/uploads\\\/2023\\\/03\\\/cropped-favicon-violet-v1.png\",\"contentUrl\":\"https:\\\/\\\/vavin.tw\\\/wp-content\\\/uploads\\\/2023\\\/03\\\/cropped-favicon-violet-v1.png\",\"width\":512,\"height\":512,\"caption\":\"Vavin \u9152\u76d2\u5b50\"},\"image\":{\"@id\":\"https:\\\/\\\/vavin.tw\\\/#\\\/schema\\\/logo\\\/image\\\/\"},\"sameAs\":[\"https:\\\/\\\/www.facebook.com\\\/vavintw\",\"https:\\\/\\\/www.instagram.com\\\/vavin_tw\"]}]}<\/script>\n<!-- \/ Yoast SEO Premium plugin. -->","yoast_head_json":{"title":"Ch\u00e2teau Mont-Redon Ch\u00e2teauneuf-du-Pape 2019 - Vavin \u9152\u76d2\u5b50","description":"Ch\u00e2teau Mont-Redon Ch\u00e2teauneuf-du-Pape Red 2019, a powerful Rh\u00f4ne wine with black fruits, spice, and garrigue aromas. Rich and elegant.","robots":{"index":"index","follow":"follow","max-snippet":"max-snippet:-1","max-image-preview":"max-image-preview:large","max-video-preview":"max-video-preview:-1"},"canonical":"https:\/\/vavin.tw\/fr\/produit\/chateau-mont-redon-chateauneuf-du-pape-red-2019\/","og_locale":"fr_FR","og_type":"article","og_title":"Ch\u00e2teau Mont-Redon Ch\u00e2teauneuf-du-Pape 2019","og_description":"Ch\u00e2teau Mont-Redon Ch\u00e2teauneuf-du-Pape Red 2019, a powerful Rh\u00f4ne wine with black fruits, spice, and garrigue aromas. Rich and elegant.","og_url":"https:\/\/vavin.tw\/fr\/produit\/chateau-mont-redon-chateauneuf-du-pape-red-2019\/","og_site_name":"Vavin \u9152\u76d2\u5b50","article_publisher":"https:\/\/www.facebook.com\/vavintw","article_modified_time":"2025-04-27T03:34:32+00:00","og_image":[{"width":400,"height":600,"url":"https:\/\/vavin.tw\/wp-content\/uploads\/2025\/03\/Chateau-Mont-Redon-Chateauneuf-du-Pape-Red-2019.png","type":"image\/png"}],"twitter_card":"summary_large_image","twitter_misc":{"Dur\u00e9e de lecture estim\u00e9e":"2 minutes"},"schema":{"@context":"https:\/\/schema.org","@graph":[{"@type":"WebPage","@id":"https:\/\/vavin.tw\/product\/chateau-mont-redon-chateauneuf-du-pape-red-2019\/","url":"https:\/\/vavin.tw\/product\/chateau-mont-redon-chateauneuf-du-pape-red-2019\/","name":"Ch\u00e2teau Mont-Redon Ch\u00e2teauneuf-du-Pape 2019 - Vavin \u9152\u76d2\u5b50","isPartOf":{"@id":"https:\/\/vavin.tw\/#website"},"primaryImageOfPage":{"@id":"https:\/\/vavin.tw\/product\/chateau-mont-redon-chateauneuf-du-pape-red-2019\/#primaryimage"},"image":{"@id":"https:\/\/vavin.tw\/product\/chateau-mont-redon-chateauneuf-du-pape-red-2019\/#primaryimage"},"thumbnailUrl":"https:\/\/vavin.tw\/wp-content\/uploads\/2025\/03\/Chateau-Mont-Redon-Chateauneuf-du-Pape-Red-2019.png","datePublished":"2025-03-15T13:49:29+00:00","dateModified":"2025-04-27T03:34:32+00:00","description":"Ch\u00e2teau Mont-Redon Ch\u00e2teauneuf-du-Pape Red 2019, a powerful Rh\u00f4ne wine with black fruits, spice, and garrigue aromas. Rich and elegant.","breadcrumb":{"@id":"https:\/\/vavin.tw\/product\/chateau-mont-redon-chateauneuf-du-pape-red-2019\/#breadcrumb"},"inLanguage":"fr-FR","potentialAction":[{"@type":"ReadAction","target":["https:\/\/vavin.tw\/product\/chateau-mont-redon-chateauneuf-du-pape-red-2019\/"]}]},{"@type":"ImageObject","inLanguage":"fr-FR","@id":"https:\/\/vavin.tw\/product\/chateau-mont-redon-chateauneuf-du-pape-red-2019\/#primaryimage","url":"https:\/\/vavin.tw\/wp-content\/uploads\/2025\/03\/Chateau-Mont-Redon-Chateauneuf-du-Pape-Red-2019.png","contentUrl":"https:\/\/vavin.tw\/wp-content\/uploads\/2025\/03\/Chateau-Mont-Redon-Chateauneuf-du-Pape-Red-2019.png","width":400,"height":600},{"@type":"BreadcrumbList","@id":"https:\/\/vavin.tw\/product\/chateau-mont-redon-chateauneuf-du-pape-red-2019\/#breadcrumb","itemListElement":[{"@type":"ListItem","position":1,"name":"Home","item":"https:\/\/vavin.tw\/"},{"@type":"ListItem","position":2,"name":"Products","item":"https:\/\/vavin.tw\/shop\/"},{"@type":"ListItem","position":3,"name":"Ch\u00e2teau Mont-Redon Ch\u00e2teauneuf-du-Pape 2019"}]},{"@type":"WebSite","@id":"https:\/\/vavin.tw\/#website","url":"https:\/\/vavin.tw\/","name":"Vavin","description":"Savoure l\u2019art du vin","publisher":{"@id":"https:\/\/vavin.tw\/#organization"},"potentialAction":[{"@type":"SearchAction","target":{"@type":"EntryPoint","urlTemplate":"https:\/\/vavin.tw\/?s={search_term_string}"},"query-input":{"@type":"PropertyValueSpecification","valueRequired":true,"valueName":"search_term_string"}}],"inLanguage":"fr-FR"},{"@type":"Organization","@id":"https:\/\/vavin.tw\/#organization","name":"Vavin","url":"https:\/\/vavin.tw\/","logo":{"@type":"ImageObject","inLanguage":"fr-FR","@id":"https:\/\/vavin.tw\/#\/schema\/logo\/image\/","url":"https:\/\/vavin.tw\/wp-content\/uploads\/2023\/03\/cropped-favicon-violet-v1.png","contentUrl":"https:\/\/vavin.tw\/wp-content\/uploads\/2023\/03\/cropped-favicon-violet-v1.png","width":512,"height":512,"caption":"Vavin \u9152\u76d2\u5b50"},"image":{"@id":"https:\/\/vavin.tw\/#\/schema\/logo\/image\/"},"sameAs":["https:\/\/www.facebook.com\/vavintw","https:\/\/www.instagram.com\/vavin_tw"]}]}},"_links":{"self":[{"href":"https:\/\/vavin.tw\/fr\/wp-json\/wp\/v2\/product\/999232","targetHints":{"allow":["GET"]}}],"collection":[{"href":"https:\/\/vavin.tw\/fr\/wp-json\/wp\/v2\/product"}],"about":[{"href":"https:\/\/vavin.tw\/fr\/wp-json\/wp\/v2\/types\/product"}],"replies":[{"embeddable":true,"href":"https:\/\/vavin.tw\/fr\/wp-json\/wp\/v2\/comments?post=999232"}],"version-history":[{"count":0,"href":"https:\/\/vavin.tw\/fr\/wp-json\/wp\/v2\/product\/999232\/revisions"}],"wp:featuredmedia":[{"embeddable":true,"href":"https:\/\/vavin.tw\/fr\/wp-json\/wp\/v2\/media\/999377"}],"wp:attachment":[{"href":"https:\/\/vavin.tw\/fr\/wp-json\/wp\/v2\/media?parent=999232"}],"wp:term":[{"taxonomy":"product_brand","embeddable":true,"href":"https:\/\/vavin.tw\/fr\/wp-json\/wp\/v2\/product_brand?post=999232"},{"taxonomy":"product_cat","embeddable":true,"href":"https:\/\/vavin.tw\/fr\/wp-json\/wp\/v2\/product_cat?post=999232"},{"taxonomy":"product_tag","embeddable":true,"href":"https:\/\/vavin.tw\/fr\/wp-json\/wp\/v2\/product_tag?post=999232"}],"curies":[{"name":"wp","href":"https:\/\/api.w.org\/{rel}","templated":true}]}}