{"id":990479,"date":"2023-04-11T17:58:29","date_gmt":"2023-04-11T09:58:29","guid":{"rendered":"https:\/\/v2.vavin.tw\/product\/speri-valpolicella-ripasso-classico-superiore-2018\/"},"modified":"2025-04-28T14:19:29","modified_gmt":"2025-04-28T06:19:29","slug":"speri-valpolicella-ripasso-classico-superiore-2018","status":"publish","type":"product","link":"https:\/\/vavin.tw\/it\/product\/speri-valpolicella-ripasso-classico-superiore-2018\/","title":{"rendered":"Speri Valpolicella Ripasso Classico Superiore 2018"},"content":{"rendered":"<div class=\"vgblk-rw-wrapper limit-wrapper\">\n<div class=\"wine-info\"><strong>Colore:<\/strong> Rosso<br \/>\n<strong>Gradazione alcolica:<\/strong> 13,5% vol.<br \/>\n<strong>Vitigno:<\/strong> Corvina, Corvinone, Rondinella<br \/>\n<strong>Formato bottiglia:<\/strong> 75 cl<\/div>\n<hr \/>\n<div class=\"wine-section\">\n<h3>Panoramica della Tenuta<\/h3>\n<p>**Speri Viticoltori**, una storica tenuta familiare nel cuore della **Valpolicella Classica**, produce vini dal 1874. Dedicata ai metodi tradizionali e alla viticoltura biologica, la famiglia Speri si concentra esclusivamente su frutta coltivata in azienda, creando vini autentici che esprimono la ricchezza e l'identit\u00e0 del terroir della Valpolicella. Il **Ripasso Classico Superiore 2018** rappresenta l'esperienza della tenuta in questa tecnica tradizionale, offrendo profondit\u00e0, eleganza e equilibrio.<\/p>\n<hr \/>\n<\/div>\n<div class=\"wine-section\">\n<h3>Terroir<\/h3>\n<p>I vigneti sono situati sulle colline della **Valpolicella Classica**, impiantati su **terreni calcarei e argillosi** con un ottimo drenaggio. Il microclima unico della regione, unito a un'attenta gestione del vigneto, favorisce una sana maturazione e concentrazione, esaltando la complessit\u00e0 aromatica e la struttura delle uve.<\/p>\n<hr \/>\n<\/div>\n<div class=\"wine-section\">\n<h3>Vinificazione<\/h3>\n<p>Il metodo **Ripasso** prevede la rifermentazione del vino Valpolicella sulle fecce dell'Amarone, arricchendo il vino con ulteriori aromi, texture e complessit\u00e0. Alla fermentazione segue un affinamento in grandi botti di rovere di Slavonia per **12 mesi**, seguito da un affinamento in bottiglia. Questo processo tradizionale crea un armonioso equilibrio tra frutta, struttura ed eleganza.<\/p>\n<hr \/>\n<\/div>\n<div class=\"wine-section\">\n<h3>Note di degustazione<\/h3>\n<p>Colore rosso rubino intenso. Il naso \u00e8 intenso e complesso, con sentori di ciliegie mature, prugne e spezie, seguiti da lievi note di erbe essiccate e cacao. Al palato, il vino \u00e8 vellutato e ben strutturato, con tannini equilibrati, acidit\u00e0 brillante e un finale lungo e persistente. L'annata 2018 offre ricchezza e finezza, caratteristiche dello stile tradizionale del Ripasso.<\/p>\n<p class=\"wine-highlight\">Un Ripasso ricco ed elegante, complesso, morbido e ben equilibrato, che mette in mostra la tradizione e la maestria della famiglia Speri in Valpolicella Classica.<\/p>\n<hr \/>\n<\/div>\n<div class=\"wine-section\">\n<h3>Abbinamento<\/h3>\n<p>Perfetto con carni arrosto, verdure grigliate, formaggi stagionati o pasta con sughi ricchi.<\/p>\n<\/div>\n<\/div>\n<p><!-- .vgblk-rw-wrapper --><\/p>","protected":false},"excerpt":{"rendered":"<p>Deep red color with hints of red fruits, spices and cocoa.<\/p>\n<p>In the mouth it is warm and soft, well balanced by round tannins.<\/p>","protected":false},"featured_media":988062,"comment_status":"open","ping_status":"closed","template":"","meta":[],"product_brand":[],"product_cat":[144,63],"product_tag":[206,223,207],"class_list":{"0":"post-990479","1":"product","2":"type-product","3":"status-publish","4":"has-post-thumbnail","6":"product_cat-italian","7":"product_cat-red","8":"product_tag-corvina-veronese","9":"product_tag-molinara","10":"product_tag-rondinella","12":"first","13":"instock","14":"shipping-taxable","15":"product-type-simple"},"yoast_head":"<!-- This site is optimized with the Yoast SEO Premium plugin v27.2 (Yoast SEO v27.3) - https:\/\/yoast.com\/product\/yoast-seo-premium-wordpress\/ -->\n<title>Speri Valpolicella Ripasso Classico Superiore 2018 - Vavin \u9152\u76d2\u5b50<\/title>\n<meta name=\"description\" content=\"Speri Valpolicella Ripasso Classico Superiore 2018\u2014a rich and elegant red with cherry, plum, and spice notes. Crafted using the traditional Ripasso method for depth, complexity, and balance, reflecting the heritage of Valpolicella Classica.\" \/>\n<meta name=\"robots\" content=\"index, follow, max-snippet:-1, max-image-preview:large, max-video-preview:-1\" \/>\n<link rel=\"canonical\" href=\"https:\/\/vavin.tw\/it\/product\/speri-valpolicella-ripasso-classico-superiore-2018\/\" \/>\n<meta property=\"og:locale\" content=\"it_IT\" \/>\n<meta property=\"og:type\" content=\"article\" \/>\n<meta property=\"og:title\" content=\"Speri Valpolicella Ripasso Classico Superiore 2018\" \/>\n<meta property=\"og:description\" content=\"Speri Valpolicella Ripasso Classico Superiore 2018\u2014a rich and elegant red with cherry, plum, and spice notes. Crafted using the traditional Ripasso method for depth, complexity, and balance, reflecting the heritage of Valpolicella Classica.\" \/>\n<meta property=\"og:url\" content=\"https:\/\/vavin.tw\/it\/product\/speri-valpolicella-ripasso-classico-superiore-2018\/\" \/>\n<meta property=\"og:site_name\" content=\"Vavin \u9152\u76d2\u5b50\" \/>\n<meta property=\"article:publisher\" content=\"https:\/\/www.facebook.com\/vavintw\" \/>\n<meta property=\"article:modified_time\" content=\"2025-04-28T06:19:29+00:00\" \/>\n<meta property=\"og:image\" content=\"https:\/\/vavin.tw\/wp-content\/uploads\/2023\/03\/Valpolicella-ripasso-1.png\" \/>\n\t<meta property=\"og:image:width\" content=\"400\" \/>\n\t<meta property=\"og:image:height\" content=\"600\" \/>\n\t<meta property=\"og:image:type\" content=\"image\/png\" \/>\n<meta name=\"twitter:card\" content=\"summary_large_image\" \/>\n<meta name=\"twitter:label1\" content=\"Tempo di lettura stimato\" \/>\n\t<meta name=\"twitter:data1\" content=\"2 minuti\" \/>\n<script type=\"application\/ld+json\" class=\"yoast-schema-graph\">{\"@context\":\"https:\\\/\\\/schema.org\",\"@graph\":[{\"@type\":\"WebPage\",\"@id\":\"https:\\\/\\\/vavin.tw\\\/product\\\/speri-valpolicella-ripasso-classico-superiore-2018\\\/\",\"url\":\"https:\\\/\\\/vavin.tw\\\/product\\\/speri-valpolicella-ripasso-classico-superiore-2018\\\/\",\"name\":\"Speri Valpolicella Ripasso Classico Superiore 2018 - Vavin \u9152\u76d2\u5b50\",\"isPartOf\":{\"@id\":\"https:\\\/\\\/vavin.tw\\\/#website\"},\"primaryImageOfPage\":{\"@id\":\"https:\\\/\\\/vavin.tw\\\/product\\\/speri-valpolicella-ripasso-classico-superiore-2018\\\/#primaryimage\"},\"image\":{\"@id\":\"https:\\\/\\\/vavin.tw\\\/product\\\/speri-valpolicella-ripasso-classico-superiore-2018\\\/#primaryimage\"},\"thumbnailUrl\":\"https:\\\/\\\/vavin.tw\\\/wp-content\\\/uploads\\\/2023\\\/03\\\/Valpolicella-ripasso-1.png\",\"datePublished\":\"2023-04-11T09:58:29+00:00\",\"dateModified\":\"2025-04-28T06:19:29+00:00\",\"description\":\"Speri Valpolicella Ripasso Classico Superiore 2018\u2014a rich and elegant red with cherry, plum, and spice notes. Crafted using the traditional Ripasso method for depth, complexity, and balance, reflecting the heritage of Valpolicella Classica.\",\"breadcrumb\":{\"@id\":\"https:\\\/\\\/vavin.tw\\\/product\\\/speri-valpolicella-ripasso-classico-superiore-2018\\\/#breadcrumb\"},\"inLanguage\":\"it-IT\",\"potentialAction\":[{\"@type\":\"ReadAction\",\"target\":[\"https:\\\/\\\/vavin.tw\\\/product\\\/speri-valpolicella-ripasso-classico-superiore-2018\\\/\"]}]},{\"@type\":\"ImageObject\",\"inLanguage\":\"it-IT\",\"@id\":\"https:\\\/\\\/vavin.tw\\\/product\\\/speri-valpolicella-ripasso-classico-superiore-2018\\\/#primaryimage\",\"url\":\"https:\\\/\\\/vavin.tw\\\/wp-content\\\/uploads\\\/2023\\\/03\\\/Valpolicella-ripasso-1.png\",\"contentUrl\":\"https:\\\/\\\/vavin.tw\\\/wp-content\\\/uploads\\\/2023\\\/03\\\/Valpolicella-ripasso-1.png\",\"width\":400,\"height\":600},{\"@type\":\"BreadcrumbList\",\"@id\":\"https:\\\/\\\/vavin.tw\\\/product\\\/speri-valpolicella-ripasso-classico-superiore-2018\\\/#breadcrumb\",\"itemListElement\":[{\"@type\":\"ListItem\",\"position\":1,\"name\":\"Home\",\"item\":\"https:\\\/\\\/vavin.tw\\\/\"},{\"@type\":\"ListItem\",\"position\":2,\"name\":\"Products\",\"item\":\"https:\\\/\\\/vavin.tw\\\/shop\\\/\"},{\"@type\":\"ListItem\",\"position\":3,\"name\":\"Speri Valpolicella Ripasso Classico Superiore 2018\"}]},{\"@type\":\"WebSite\",\"@id\":\"https:\\\/\\\/vavin.tw\\\/#website\",\"url\":\"https:\\\/\\\/vavin.tw\\\/\",\"name\":\"Vavin \u9152\u76d2\u5b50\",\"description\":\"Savor the Art of Wine\",\"publisher\":{\"@id\":\"https:\\\/\\\/vavin.tw\\\/#organization\"},\"potentialAction\":[{\"@type\":\"SearchAction\",\"target\":{\"@type\":\"EntryPoint\",\"urlTemplate\":\"https:\\\/\\\/vavin.tw\\\/?s={search_term_string}\"},\"query-input\":{\"@type\":\"PropertyValueSpecification\",\"valueRequired\":true,\"valueName\":\"search_term_string\"}}],\"inLanguage\":\"it-IT\"},{\"@type\":\"Organization\",\"@id\":\"https:\\\/\\\/vavin.tw\\\/#organization\",\"name\":\"Vavin \u9152\u76d2\u5b50\",\"url\":\"https:\\\/\\\/vavin.tw\\\/\",\"logo\":{\"@type\":\"ImageObject\",\"inLanguage\":\"it-IT\",\"@id\":\"https:\\\/\\\/vavin.tw\\\/#\\\/schema\\\/logo\\\/image\\\/\",\"url\":\"https:\\\/\\\/vavin.tw\\\/wp-content\\\/uploads\\\/2023\\\/03\\\/cropped-favicon-violet-v1.png\",\"contentUrl\":\"https:\\\/\\\/vavin.tw\\\/wp-content\\\/uploads\\\/2023\\\/03\\\/cropped-favicon-violet-v1.png\",\"width\":512,\"height\":512,\"caption\":\"Vavin \u9152\u76d2\u5b50\"},\"image\":{\"@id\":\"https:\\\/\\\/vavin.tw\\\/#\\\/schema\\\/logo\\\/image\\\/\"},\"sameAs\":[\"https:\\\/\\\/www.facebook.com\\\/vavintw\",\"https:\\\/\\\/www.instagram.com\\\/vavin_tw\"]}]}<\/script>\n<!-- \/ Yoast SEO Premium plugin. -->","yoast_head_json":{"title":"Speri Valpolicella Ripasso Classico Superiore 2018 - Cantina Vavin","description":"Speri Valpolicella Ripasso Classico Superiore 2018\u2014un rosso ricco ed elegante con note di ciliegia, prugna e spezie. Realizzato con il tradizionale metodo Ripasso per profondit\u00e0, complessit\u00e0 ed equilibrio, che riflette l'eredit\u00e0 della Valpolicella Classica.","robots":{"index":"index","follow":"follow","max-snippet":"max-snippet:-1","max-image-preview":"max-image-preview:large","max-video-preview":"max-video-preview:-1"},"canonical":"https:\/\/vavin.tw\/it\/product\/speri-valpolicella-ripasso-classico-superiore-2018\/","og_locale":"it_IT","og_type":"article","og_title":"Speri Valpolicella Ripasso Classico Superiore 2018","og_description":"Speri Valpolicella Ripasso Classico Superiore 2018\u2014a rich and elegant red with cherry, plum, and spice notes. Crafted using the traditional Ripasso method for depth, complexity, and balance, reflecting the heritage of Valpolicella Classica.","og_url":"https:\/\/vavin.tw\/it\/product\/speri-valpolicella-ripasso-classico-superiore-2018\/","og_site_name":"Vavin \u9152\u76d2\u5b50","article_publisher":"https:\/\/www.facebook.com\/vavintw","article_modified_time":"2025-04-28T06:19:29+00:00","og_image":[{"width":400,"height":600,"url":"https:\/\/vavin.tw\/wp-content\/uploads\/2023\/03\/Valpolicella-ripasso-1.png","type":"image\/png"}],"twitter_card":"summary_large_image","twitter_misc":{"Tempo di lettura stimato":"2 minuti"},"schema":{"@context":"https:\/\/schema.org","@graph":[{"@type":"WebPage","@id":"https:\/\/vavin.tw\/product\/speri-valpolicella-ripasso-classico-superiore-2018\/","url":"https:\/\/vavin.tw\/product\/speri-valpolicella-ripasso-classico-superiore-2018\/","name":"Speri Valpolicella Ripasso Classico Superiore 2018 - Cantina Vavin","isPartOf":{"@id":"https:\/\/vavin.tw\/#website"},"primaryImageOfPage":{"@id":"https:\/\/vavin.tw\/product\/speri-valpolicella-ripasso-classico-superiore-2018\/#primaryimage"},"image":{"@id":"https:\/\/vavin.tw\/product\/speri-valpolicella-ripasso-classico-superiore-2018\/#primaryimage"},"thumbnailUrl":"https:\/\/vavin.tw\/wp-content\/uploads\/2023\/03\/Valpolicella-ripasso-1.png","datePublished":"2023-04-11T09:58:29+00:00","dateModified":"2025-04-28T06:19:29+00:00","description":"Speri Valpolicella Ripasso Classico Superiore 2018\u2014un rosso ricco ed elegante con note di ciliegia, prugna e spezie. Realizzato con il tradizionale metodo Ripasso per profondit\u00e0, complessit\u00e0 ed equilibrio, che riflette l'eredit\u00e0 della Valpolicella Classica.","breadcrumb":{"@id":"https:\/\/vavin.tw\/product\/speri-valpolicella-ripasso-classico-superiore-2018\/#breadcrumb"},"inLanguage":"it-IT","potentialAction":[{"@type":"ReadAction","target":["https:\/\/vavin.tw\/product\/speri-valpolicella-ripasso-classico-superiore-2018\/"]}]},{"@type":"ImageObject","inLanguage":"it-IT","@id":"https:\/\/vavin.tw\/product\/speri-valpolicella-ripasso-classico-superiore-2018\/#primaryimage","url":"https:\/\/vavin.tw\/wp-content\/uploads\/2023\/03\/Valpolicella-ripasso-1.png","contentUrl":"https:\/\/vavin.tw\/wp-content\/uploads\/2023\/03\/Valpolicella-ripasso-1.png","width":400,"height":600},{"@type":"BreadcrumbList","@id":"https:\/\/vavin.tw\/product\/speri-valpolicella-ripasso-classico-superiore-2018\/#breadcrumb","itemListElement":[{"@type":"ListItem","position":1,"name":"Home","item":"https:\/\/vavin.tw\/"},{"@type":"ListItem","position":2,"name":"Products","item":"https:\/\/vavin.tw\/shop\/"},{"@type":"ListItem","position":3,"name":"Speri Valpolicella Ripasso Classico Superiore 2018"}]},{"@type":"WebSite","@id":"https:\/\/vavin.tw\/#website","url":"https:\/\/vavin.tw\/","name":"Vavin","description":"Assapora l\u2019arte del vino","publisher":{"@id":"https:\/\/vavin.tw\/#organization"},"potentialAction":[{"@type":"SearchAction","target":{"@type":"EntryPoint","urlTemplate":"https:\/\/vavin.tw\/?s={search_term_string}"},"query-input":{"@type":"PropertyValueSpecification","valueRequired":true,"valueName":"search_term_string"}}],"inLanguage":"it-IT"},{"@type":"Organization","@id":"https:\/\/vavin.tw\/#organization","name":"Vavin","url":"https:\/\/vavin.tw\/","logo":{"@type":"ImageObject","inLanguage":"it-IT","@id":"https:\/\/vavin.tw\/#\/schema\/logo\/image\/","url":"https:\/\/vavin.tw\/wp-content\/uploads\/2023\/03\/cropped-favicon-violet-v1.png","contentUrl":"https:\/\/vavin.tw\/wp-content\/uploads\/2023\/03\/cropped-favicon-violet-v1.png","width":512,"height":512,"caption":"Vavin \u9152\u76d2\u5b50"},"image":{"@id":"https:\/\/vavin.tw\/#\/schema\/logo\/image\/"},"sameAs":["https:\/\/www.facebook.com\/vavintw","https:\/\/www.instagram.com\/vavin_tw"]}]}},"_links":{"self":[{"href":"https:\/\/vavin.tw\/it\/wp-json\/wp\/v2\/product\/990479","targetHints":{"allow":["GET"]}}],"collection":[{"href":"https:\/\/vavin.tw\/it\/wp-json\/wp\/v2\/product"}],"about":[{"href":"https:\/\/vavin.tw\/it\/wp-json\/wp\/v2\/types\/product"}],"replies":[{"embeddable":true,"href":"https:\/\/vavin.tw\/it\/wp-json\/wp\/v2\/comments?post=990479"}],"version-history":[{"count":0,"href":"https:\/\/vavin.tw\/it\/wp-json\/wp\/v2\/product\/990479\/revisions"}],"wp:featuredmedia":[{"embeddable":true,"href":"https:\/\/vavin.tw\/it\/wp-json\/wp\/v2\/media\/988062"}],"wp:attachment":[{"href":"https:\/\/vavin.tw\/it\/wp-json\/wp\/v2\/media?parent=990479"}],"wp:term":[{"taxonomy":"product_brand","embeddable":true,"href":"https:\/\/vavin.tw\/it\/wp-json\/wp\/v2\/product_brand?post=990479"},{"taxonomy":"product_cat","embeddable":true,"href":"https:\/\/vavin.tw\/it\/wp-json\/wp\/v2\/product_cat?post=990479"},{"taxonomy":"product_tag","embeddable":true,"href":"https:\/\/vavin.tw\/it\/wp-json\/wp\/v2\/product_tag?post=990479"}],"curies":[{"name":"wp","href":"https:\/\/api.w.org\/{rel}","templated":true}]}}