{"id":990719,"date":"2023-04-11T18:00:19","date_gmt":"2023-04-11T10:00:19","guid":{"rendered":"https:\/\/v2.vavin.tw\/product\/vallee-des-aigles-cazot-blanc-domaine-de-lagly-2019\/"},"modified":"2025-08-15T16:29:22","modified_gmt":"2025-08-15T08:29:22","slug":"vallee-des-aigles-cazot-blanc-2019","status":"publish","type":"product","link":"https:\/\/vavin.tw\/it\/product\/vallee-des-aigles-cazot-blanc-2019\/","title":{"rendered":"Vall\u00e9e des Aigles Cazot Blanc 2019"},"content":{"rendered":"<div class=\"vgblk-rw-wrapper limit-wrapper\">\n<div class=\"wine-info\"><strong>Colore:<\/strong> Bianco<br \/>\n<strong>Gradazione alcolica:<\/strong> 14% vol.<br \/>\n<strong>Vitigno:<\/strong> 70% Grenache Blanc, 20% Macabeu, 10% Vermentino<br \/>\n<strong>Formato bottiglia:<\/strong> 75 cl<\/div>\n<hr \/>\n<div class=\"wine-section\">\n<h3>Storia della Tenuta<\/h3>\n<p>Prodotto dal Domaine de l\u2019Agly, situato nella regione del Roussillon, il Vall\u00e9e des Aigles \u201cCazot\u201d Blanc riflette l\u2019impegno della tenuta per la qualit\u00e0 e l\u2019espressione unica del terroir mediterraneo. Riconosciuta con 90 punti da Parker Wine Advocate, questa cuv\u00e9e mette in luce la ricchezza, la tensione e la purezza aromatica dei vitigni bianchi coltivati sotto i cieli luminosi e i venti rinfrescanti della valle dell\u2019Agly.<\/p>\n<hr \/>\n<\/div>\n<div class=\"wine-section\">\n<h3>Terroir<\/h3>\n<p>Coltivate sui pendii argillo-calcarei della valle dell\u2019Agly, con una forte influenza marittima e un sottosuolo di scisti, le vigne beneficiano di un eccellente drenaggio e di una freschezza naturale. La gestione attenta del vigneto e le basse rese esaltano l\u2019intensit\u00e0 aromatica e l\u2019equilibrio del vino.<\/p>\n<hr \/>\n<\/div>\n<div class=\"wine-section\">\n<h3>Note di degustazione<\/h3>\n<p>Colore giallo paglierino brillante con sfumature verdi. Il naso si apre con aromi espressivi di pera matura, pesca bianca, scorza di agrumi, finocchio e fiori bianchi, con delicate note di anice ed erbe mediterranee. Al palato, il vino \u00e8 corposo e fresco, unendo rotondit\u00e0 a un'acidit\u00e0 vivace e un finale pulito e minerale.<\/p>\n<p class=\"wine-highlight\">Un bianco complesso e ben equilibrato \u2014 generoso e strutturato, ma al tempo stesso elegante e fresco.<\/p>\n<hr \/>\n<\/div>\n<div class=\"wine-section\">\n<h3>Abbinamento<\/h3>\n<p>Ideale con branzino alla griglia, paella di mare, verdure mediterranee o formaggio di capra fresco.<\/p>\n<\/div>\n<\/div>\n<p><!-- .vgblk-rw-wrapper --><\/p>","protected":false},"excerpt":{"rendered":"<p>Crafted by Domaine de l&#8217;Agly in Roussillon, the Vall\u00e9e des Aigles &#8220;Cazot&#8221; Blanc is a testament to the region&#8217;s unique Mediterranean terroir. This white wine, praised by Parker Wine Advocate, is made from grapes grown on clay-limestone slopes in the Agly Valley, which provide both richness and mineral freshness. The wine&#8217;s expressive nose offers aromas of ripe pear, citrus, and herbs, while the palate is full-bodied and well-balanced with lively acidity. It&#8217;s an elegant, complex, and structured white that pairs perfectly with seafood and grilled fish.<\/p>","protected":false},"featured_media":995072,"comment_status":"open","ping_status":"closed","template":"","meta":[],"product_brand":[],"product_cat":[138,90],"product_tag":[195,281,197],"class_list":{"0":"post-990719","1":"product","2":"type-product","3":"status-publish","4":"has-post-thumbnail","6":"product_cat-languedoc","7":"product_cat-white","8":"product_tag-grenache-blanc","9":"product_tag-macabeu","10":"product_tag-vermentino","12":"first","13":"instock","14":"shipping-taxable","15":"product-type-simple"},"yoast_head":"<!-- This site is optimized with the Yoast SEO Premium plugin v27.2 (Yoast SEO v27.3) - https:\/\/yoast.com\/product\/yoast-seo-premium-wordpress\/ -->\n<title>Vall\u00e9e des Aigles Cazot Blanc 2019 - Vavin \u9152\u76d2\u5b50<\/title>\n<meta name=\"description\" content=\"Vall\u00e9e des Aigles &quot;Cazot&quot; Blanc 2019 \u2014 90 pts Parker. A Mediterranean white wine with pear, peach, citrus, and herbal notes. Fresh and round with mineral tension. Perfect with seafood, grilled fish, or goat cheese\" \/>\n<meta name=\"robots\" content=\"index, follow, max-snippet:-1, max-image-preview:large, max-video-preview:-1\" \/>\n<link rel=\"canonical\" href=\"https:\/\/vavin.tw\/it\/product\/vallee-des-aigles-cazot-blanc-2019\/\" \/>\n<meta property=\"og:locale\" content=\"it_IT\" \/>\n<meta property=\"og:type\" content=\"article\" \/>\n<meta property=\"og:title\" content=\"Vall\u00e9e des Aigles Cazot Blanc 2019\" \/>\n<meta property=\"og:description\" content=\"Vall\u00e9e des Aigles &quot;Cazot&quot; Blanc 2019 \u2014 90 pts Parker. A Mediterranean white wine with pear, peach, citrus, and herbal notes. Fresh and round with mineral tension. Perfect with seafood, grilled fish, or goat cheese\" \/>\n<meta property=\"og:url\" content=\"https:\/\/vavin.tw\/it\/product\/vallee-des-aigles-cazot-blanc-2019\/\" \/>\n<meta property=\"og:site_name\" content=\"Vavin \u9152\u76d2\u5b50\" \/>\n<meta property=\"article:publisher\" content=\"https:\/\/www.facebook.com\/vavintw\" \/>\n<meta property=\"article:modified_time\" content=\"2025-08-15T08:29:22+00:00\" \/>\n<meta property=\"og:image\" content=\"https:\/\/vavin.tw\/wp-content\/uploads\/2023\/04\/Vallee-Des-aigles-Cazot-Blanc-Domaine-de-lAgly_.png\" \/>\n\t<meta property=\"og:image:width\" content=\"400\" \/>\n\t<meta property=\"og:image:height\" content=\"600\" \/>\n\t<meta property=\"og:image:type\" content=\"image\/png\" \/>\n<meta name=\"twitter:card\" content=\"summary_large_image\" \/>\n<meta name=\"twitter:label1\" content=\"Tempo di lettura stimato\" \/>\n\t<meta name=\"twitter:data1\" content=\"2 minuti\" \/>\n<script type=\"application\/ld+json\" class=\"yoast-schema-graph\">{\"@context\":\"https:\\\/\\\/schema.org\",\"@graph\":[{\"@type\":\"WebPage\",\"@id\":\"https:\\\/\\\/vavin.tw\\\/product\\\/vallee-des-aigles-cazot-blanc-2019\\\/\",\"url\":\"https:\\\/\\\/vavin.tw\\\/product\\\/vallee-des-aigles-cazot-blanc-2019\\\/\",\"name\":\"Vall\u00e9e des Aigles Cazot Blanc 2019 - Vavin \u9152\u76d2\u5b50\",\"isPartOf\":{\"@id\":\"https:\\\/\\\/vavin.tw\\\/#website\"},\"primaryImageOfPage\":{\"@id\":\"https:\\\/\\\/vavin.tw\\\/product\\\/vallee-des-aigles-cazot-blanc-2019\\\/#primaryimage\"},\"image\":{\"@id\":\"https:\\\/\\\/vavin.tw\\\/product\\\/vallee-des-aigles-cazot-blanc-2019\\\/#primaryimage\"},\"thumbnailUrl\":\"https:\\\/\\\/vavin.tw\\\/wp-content\\\/uploads\\\/2023\\\/04\\\/Vallee-Des-aigles-Cazot-Blanc-Domaine-de-lAgly_.png\",\"datePublished\":\"2023-04-11T10:00:19+00:00\",\"dateModified\":\"2025-08-15T08:29:22+00:00\",\"description\":\"Vall\u00e9e des Aigles \\\"Cazot\\\" Blanc 2019 \u2014 90 pts Parker. A Mediterranean white wine with pear, peach, citrus, and herbal notes. Fresh and round with mineral tension. Perfect with seafood, grilled fish, or goat cheese\",\"breadcrumb\":{\"@id\":\"https:\\\/\\\/vavin.tw\\\/product\\\/vallee-des-aigles-cazot-blanc-2019\\\/#breadcrumb\"},\"inLanguage\":\"it-IT\",\"potentialAction\":[{\"@type\":\"ReadAction\",\"target\":[\"https:\\\/\\\/vavin.tw\\\/product\\\/vallee-des-aigles-cazot-blanc-2019\\\/\"]}]},{\"@type\":\"ImageObject\",\"inLanguage\":\"it-IT\",\"@id\":\"https:\\\/\\\/vavin.tw\\\/product\\\/vallee-des-aigles-cazot-blanc-2019\\\/#primaryimage\",\"url\":\"https:\\\/\\\/vavin.tw\\\/wp-content\\\/uploads\\\/2023\\\/04\\\/Vallee-Des-aigles-Cazot-Blanc-Domaine-de-lAgly_.png\",\"contentUrl\":\"https:\\\/\\\/vavin.tw\\\/wp-content\\\/uploads\\\/2023\\\/04\\\/Vallee-Des-aigles-Cazot-Blanc-Domaine-de-lAgly_.png\",\"width\":400,\"height\":600},{\"@type\":\"BreadcrumbList\",\"@id\":\"https:\\\/\\\/vavin.tw\\\/product\\\/vallee-des-aigles-cazot-blanc-2019\\\/#breadcrumb\",\"itemListElement\":[{\"@type\":\"ListItem\",\"position\":1,\"name\":\"Home\",\"item\":\"https:\\\/\\\/vavin.tw\\\/\"},{\"@type\":\"ListItem\",\"position\":2,\"name\":\"Products\",\"item\":\"https:\\\/\\\/vavin.tw\\\/shop\\\/\"},{\"@type\":\"ListItem\",\"position\":3,\"name\":\"Vall\u00e9e des Aigles Cazot Blanc 2019\"}]},{\"@type\":\"WebSite\",\"@id\":\"https:\\\/\\\/vavin.tw\\\/#website\",\"url\":\"https:\\\/\\\/vavin.tw\\\/\",\"name\":\"Vavin \u9152\u76d2\u5b50\",\"description\":\"Savor the Art of Wine\",\"publisher\":{\"@id\":\"https:\\\/\\\/vavin.tw\\\/#organization\"},\"potentialAction\":[{\"@type\":\"SearchAction\",\"target\":{\"@type\":\"EntryPoint\",\"urlTemplate\":\"https:\\\/\\\/vavin.tw\\\/?s={search_term_string}\"},\"query-input\":{\"@type\":\"PropertyValueSpecification\",\"valueRequired\":true,\"valueName\":\"search_term_string\"}}],\"inLanguage\":\"it-IT\"},{\"@type\":\"Organization\",\"@id\":\"https:\\\/\\\/vavin.tw\\\/#organization\",\"name\":\"Vavin \u9152\u76d2\u5b50\",\"url\":\"https:\\\/\\\/vavin.tw\\\/\",\"logo\":{\"@type\":\"ImageObject\",\"inLanguage\":\"it-IT\",\"@id\":\"https:\\\/\\\/vavin.tw\\\/#\\\/schema\\\/logo\\\/image\\\/\",\"url\":\"https:\\\/\\\/vavin.tw\\\/wp-content\\\/uploads\\\/2023\\\/03\\\/cropped-favicon-violet-v1.png\",\"contentUrl\":\"https:\\\/\\\/vavin.tw\\\/wp-content\\\/uploads\\\/2023\\\/03\\\/cropped-favicon-violet-v1.png\",\"width\":512,\"height\":512,\"caption\":\"Vavin \u9152\u76d2\u5b50\"},\"image\":{\"@id\":\"https:\\\/\\\/vavin.tw\\\/#\\\/schema\\\/logo\\\/image\\\/\"},\"sameAs\":[\"https:\\\/\\\/www.facebook.com\\\/vavintw\",\"https:\\\/\\\/www.instagram.com\\\/vavin_tw\"]}]}<\/script>\n<!-- \/ Yoast SEO Premium plugin. -->","yoast_head_json":{"title":"Vall\u00e9e des Aigles Cazot Blanc 2019 - Vavin \u9152\u76d2\u5b50","description":"Vall\u00e9e des Aigles \"Cazot\" Blanc 2019 \u2014 90 pts Parker. A Mediterranean white wine with pear, peach, citrus, and herbal notes. Fresh and round with mineral tension. Perfect with seafood, grilled fish, or goat cheese","robots":{"index":"index","follow":"follow","max-snippet":"max-snippet:-1","max-image-preview":"max-image-preview:large","max-video-preview":"max-video-preview:-1"},"canonical":"https:\/\/vavin.tw\/it\/product\/vallee-des-aigles-cazot-blanc-2019\/","og_locale":"it_IT","og_type":"article","og_title":"Vall\u00e9e des Aigles Cazot Blanc 2019","og_description":"Vall\u00e9e des Aigles \"Cazot\" Blanc 2019 \u2014 90 pts Parker. A Mediterranean white wine with pear, peach, citrus, and herbal notes. Fresh and round with mineral tension. Perfect with seafood, grilled fish, or goat cheese","og_url":"https:\/\/vavin.tw\/it\/product\/vallee-des-aigles-cazot-blanc-2019\/","og_site_name":"Vavin \u9152\u76d2\u5b50","article_publisher":"https:\/\/www.facebook.com\/vavintw","article_modified_time":"2025-08-15T08:29:22+00:00","og_image":[{"width":400,"height":600,"url":"https:\/\/vavin.tw\/wp-content\/uploads\/2023\/04\/Vallee-Des-aigles-Cazot-Blanc-Domaine-de-lAgly_.png","type":"image\/png"}],"twitter_card":"summary_large_image","twitter_misc":{"Tempo di lettura stimato":"2 minuti"},"schema":{"@context":"https:\/\/schema.org","@graph":[{"@type":"WebPage","@id":"https:\/\/vavin.tw\/product\/vallee-des-aigles-cazot-blanc-2019\/","url":"https:\/\/vavin.tw\/product\/vallee-des-aigles-cazot-blanc-2019\/","name":"Vall\u00e9e des Aigles Cazot Blanc 2019 - Vavin \u9152\u76d2\u5b50","isPartOf":{"@id":"https:\/\/vavin.tw\/#website"},"primaryImageOfPage":{"@id":"https:\/\/vavin.tw\/product\/vallee-des-aigles-cazot-blanc-2019\/#primaryimage"},"image":{"@id":"https:\/\/vavin.tw\/product\/vallee-des-aigles-cazot-blanc-2019\/#primaryimage"},"thumbnailUrl":"https:\/\/vavin.tw\/wp-content\/uploads\/2023\/04\/Vallee-Des-aigles-Cazot-Blanc-Domaine-de-lAgly_.png","datePublished":"2023-04-11T10:00:19+00:00","dateModified":"2025-08-15T08:29:22+00:00","description":"Vall\u00e9e des Aigles \"Cazot\" Blanc 2019 \u2014 90 pts Parker. A Mediterranean white wine with pear, peach, citrus, and herbal notes. Fresh and round with mineral tension. Perfect with seafood, grilled fish, or goat cheese","breadcrumb":{"@id":"https:\/\/vavin.tw\/product\/vallee-des-aigles-cazot-blanc-2019\/#breadcrumb"},"inLanguage":"it-IT","potentialAction":[{"@type":"ReadAction","target":["https:\/\/vavin.tw\/product\/vallee-des-aigles-cazot-blanc-2019\/"]}]},{"@type":"ImageObject","inLanguage":"it-IT","@id":"https:\/\/vavin.tw\/product\/vallee-des-aigles-cazot-blanc-2019\/#primaryimage","url":"https:\/\/vavin.tw\/wp-content\/uploads\/2023\/04\/Vallee-Des-aigles-Cazot-Blanc-Domaine-de-lAgly_.png","contentUrl":"https:\/\/vavin.tw\/wp-content\/uploads\/2023\/04\/Vallee-Des-aigles-Cazot-Blanc-Domaine-de-lAgly_.png","width":400,"height":600},{"@type":"BreadcrumbList","@id":"https:\/\/vavin.tw\/product\/vallee-des-aigles-cazot-blanc-2019\/#breadcrumb","itemListElement":[{"@type":"ListItem","position":1,"name":"Home","item":"https:\/\/vavin.tw\/"},{"@type":"ListItem","position":2,"name":"Products","item":"https:\/\/vavin.tw\/shop\/"},{"@type":"ListItem","position":3,"name":"Vall\u00e9e des Aigles Cazot Blanc 2019"}]},{"@type":"WebSite","@id":"https:\/\/vavin.tw\/#website","url":"https:\/\/vavin.tw\/","name":"Vavin","description":"Assapora l\u2019arte del vino","publisher":{"@id":"https:\/\/vavin.tw\/#organization"},"potentialAction":[{"@type":"SearchAction","target":{"@type":"EntryPoint","urlTemplate":"https:\/\/vavin.tw\/?s={search_term_string}"},"query-input":{"@type":"PropertyValueSpecification","valueRequired":true,"valueName":"search_term_string"}}],"inLanguage":"it-IT"},{"@type":"Organization","@id":"https:\/\/vavin.tw\/#organization","name":"Vavin","url":"https:\/\/vavin.tw\/","logo":{"@type":"ImageObject","inLanguage":"it-IT","@id":"https:\/\/vavin.tw\/#\/schema\/logo\/image\/","url":"https:\/\/vavin.tw\/wp-content\/uploads\/2023\/03\/cropped-favicon-violet-v1.png","contentUrl":"https:\/\/vavin.tw\/wp-content\/uploads\/2023\/03\/cropped-favicon-violet-v1.png","width":512,"height":512,"caption":"Vavin \u9152\u76d2\u5b50"},"image":{"@id":"https:\/\/vavin.tw\/#\/schema\/logo\/image\/"},"sameAs":["https:\/\/www.facebook.com\/vavintw","https:\/\/www.instagram.com\/vavin_tw"]}]}},"_links":{"self":[{"href":"https:\/\/vavin.tw\/it\/wp-json\/wp\/v2\/product\/990719","targetHints":{"allow":["GET"]}}],"collection":[{"href":"https:\/\/vavin.tw\/it\/wp-json\/wp\/v2\/product"}],"about":[{"href":"https:\/\/vavin.tw\/it\/wp-json\/wp\/v2\/types\/product"}],"replies":[{"embeddable":true,"href":"https:\/\/vavin.tw\/it\/wp-json\/wp\/v2\/comments?post=990719"}],"version-history":[{"count":0,"href":"https:\/\/vavin.tw\/it\/wp-json\/wp\/v2\/product\/990719\/revisions"}],"wp:featuredmedia":[{"embeddable":true,"href":"https:\/\/vavin.tw\/it\/wp-json\/wp\/v2\/media\/995072"}],"wp:attachment":[{"href":"https:\/\/vavin.tw\/it\/wp-json\/wp\/v2\/media?parent=990719"}],"wp:term":[{"taxonomy":"product_brand","embeddable":true,"href":"https:\/\/vavin.tw\/it\/wp-json\/wp\/v2\/product_brand?post=990719"},{"taxonomy":"product_cat","embeddable":true,"href":"https:\/\/vavin.tw\/it\/wp-json\/wp\/v2\/product_cat?post=990719"},{"taxonomy":"product_tag","embeddable":true,"href":"https:\/\/vavin.tw\/it\/wp-json\/wp\/v2\/product_tag?post=990719"}],"curies":[{"name":"wp","href":"https:\/\/api.w.org\/{rel}","templated":true}]}}