{"id":993986,"date":"2023-10-12T20:17:12","date_gmt":"2023-10-12T12:17:12","guid":{"rendered":"https:\/\/vavin.tw\/?post_type=product&#038;p=993986"},"modified":"2025-08-20T21:41:50","modified_gmt":"2025-08-20T13:41:50","slug":"duseigneur-chateauneuf-du-pape-le-songe-de-catherine-2016","status":"publish","type":"product","link":"https:\/\/vavin.tw\/it\/product\/duseigneur-chateauneuf-du-pape-le-songe-de-catherine-2016\/","title":{"rendered":"Duseigneur Ch\u00e2teauneuf-du-Pape Le Songe de Catherine 2016"},"content":{"rendered":"<div class=\"vgblk-rw-wrapper limit-wrapper\">\n<div class=\"wine-info\"><strong>Colore:<\/strong> Rosso<br \/>\n<strong>Gradazione alcolica:<\/strong> 14,5% voll.<br \/>\n<strong>Vitigno:<\/strong> 100% Grenache<br \/>\n<strong>Formato bottiglia:<\/strong> 75 cl<\/div>\n<hr \/>\n<div class=\"wine-section\">\n<h3>Storia della tenuta<\/h3>\n<p>Domaine Duseigneur, con sede a Ch\u00e2teauneuf-du-Pape, \u00e8 nota per la sua filosofia biodinamica e l\u2019approccio artigianale. La tenuta si concentra sull\u2019espressione della ricchezza dei terroir del Rodano attraverso vini che coniugano potenza ed eleganza, realizzati con un intervento minimo per preservarne la purezza e l\u2019autenticit\u00e0.<\/p>\n<hr \/>\n<\/div>\n<div class=\"wine-section\">\n<h3>Terroir<\/h3>\n<p>I vigneti sorgono sui celebri galets roul\u00e9s (ciottoli rotondi) e su terreni sabbioso-argillosi di Ch\u00e2teauneuf-du-Pape. Questo terroir, unito al clima mediterraneo, favorisce la maturazione, la complessit\u00e0 e l\u2019equilibrio, creando le condizioni ideali per produrre vini di Grenache adatti a un lungo invecchiamento.<\/p>\n<hr \/>\n<\/div>\n<div class=\"wine-section\">\n<h3>Note di degustazione<\/h3>\n<p>Colore granato profondo. Al naso \u00e8 intenso e stratificato, con aromi di ribes rosso, mora, spezie tostate, grafite e cera. Al palato \u00e8 rotondo e opulento, con tannini dolci, una splendida purezza del frutto e una notevole concentrazione, il tutto avvolto da freschezza e finezza.<\/p>\n<p class=\"wine-highlight\">Uno Ch\u00e2teauneuf-du-Pape seducente ed elegante, dal notevole equilibrio e grande potenziale d\u2019invecchiamento \u2014 tra le annate pi\u00f9 straordinarie dal 1998.<\/p>\n<hr \/>\n<\/div>\n<div class=\"wine-section\">\n<h3>Abbinamento<\/h3>\n<p>Ideale con pernice arrosto e finferli, cosciotto d\u2019agnello con funghi del Ventoux o altri raffinati piatti di selvaggina.<\/p>\n<\/div>\n<\/div>\n<p><!-- .vgblk-rw-wrapper --><\/p>","protected":false},"excerpt":{"rendered":"<p data-start=\"93\" data-end=\"470\">Rosso granato intenso con aromi intensi di ribes rosso, more, spezie tostate, grafite e cera di candela. Al palato \u00e8 ricco e opulento, con tannini dolci, pura concentrazione di frutta e freschezza equilibrata. Realizzato con il 100% di Grenache coltivato su suoli di galets roul\u00e9s e argilla sabbiosa, questo elegante Ch\u00e2teauneuf-du-Pape offre una finezza straordinaria e un eccellente potenziale di invecchiamento.<\/p>","protected":false},"featured_media":993987,"comment_status":"open","ping_status":"closed","template":"","meta":[],"product_brand":[],"product_cat":[63,137],"product_tag":[260,156,265],"class_list":{"0":"post-993986","1":"product","2":"type-product","3":"status-publish","4":"has-post-thumbnail","6":"product_cat-red","7":"product_cat-rhone-valley","8":"product_tag-chateauneuf-du-pape","9":"product_tag-grenache","10":"product_tag-nature-wine","12":"first","13":"instock","14":"shipping-taxable","15":"product-type-simple"},"yoast_head":"<!-- This site is optimized with the Yoast SEO Premium plugin v27.2 (Yoast SEO v27.3) - https:\/\/yoast.com\/product\/yoast-seo-premium-wordpress\/ -->\n<title>Duseigneur Ch\u00e2teauneuf-du-Pape Le Songe de Catherine 2016 - Vavin \u9152\u76d2\u5b50<\/title>\n<meta name=\"description\" content=\"Domaine Duseigneur Ch\u00e2teauneuf-du-Pape Le Songe de Catherine 2016 \u2014 a pure Grenache with layered red fruit, spice, and silky tannins. Opulent yet balanced, with great aging potential. Perfect with lamb or game dishes.\" \/>\n<meta name=\"robots\" content=\"index, follow, max-snippet:-1, max-image-preview:large, max-video-preview:-1\" \/>\n<link rel=\"canonical\" href=\"https:\/\/vavin.tw\/it\/product\/duseigneur-chateauneuf-du-pape-le-songe-de-catherine-2016\/\" \/>\n<meta property=\"og:locale\" content=\"it_IT\" \/>\n<meta property=\"og:type\" content=\"article\" \/>\n<meta property=\"og:title\" content=\"Duseigneur Ch\u00e2teauneuf-du-Pape Le Songe de Catherine 2016\" \/>\n<meta property=\"og:description\" content=\"Domaine Duseigneur Ch\u00e2teauneuf-du-Pape Le Songe de Catherine 2016 \u2014 a pure Grenache with layered red fruit, spice, and silky tannins. Opulent yet balanced, with great aging potential. Perfect with lamb or game dishes.\" \/>\n<meta property=\"og:url\" content=\"https:\/\/vavin.tw\/it\/product\/duseigneur-chateauneuf-du-pape-le-songe-de-catherine-2016\/\" \/>\n<meta property=\"og:site_name\" content=\"Vavin \u9152\u76d2\u5b50\" \/>\n<meta property=\"article:publisher\" content=\"https:\/\/www.facebook.com\/vavintw\" \/>\n<meta property=\"article:modified_time\" content=\"2025-08-20T13:41:50+00:00\" \/>\n<meta property=\"og:image\" content=\"https:\/\/vavin.tw\/wp-content\/uploads\/2023\/10\/Domaine-Duseigneur-Le-Songe-de-Catherine-Chateauneuf-du-Pape-2016.png\" \/>\n\t<meta property=\"og:image:width\" content=\"400\" \/>\n\t<meta property=\"og:image:height\" content=\"600\" \/>\n\t<meta property=\"og:image:type\" content=\"image\/png\" \/>\n<meta name=\"twitter:card\" content=\"summary_large_image\" \/>\n<meta name=\"twitter:label1\" content=\"Tempo di lettura stimato\" \/>\n\t<meta name=\"twitter:data1\" content=\"1 minuto\" \/>\n<script type=\"application\/ld+json\" class=\"yoast-schema-graph\">{\"@context\":\"https:\\\/\\\/schema.org\",\"@graph\":[{\"@type\":\"WebPage\",\"@id\":\"https:\\\/\\\/vavin.tw\\\/product\\\/duseigneur-chateauneuf-du-pape-le-songe-de-catherine-2016\\\/\",\"url\":\"https:\\\/\\\/vavin.tw\\\/product\\\/duseigneur-chateauneuf-du-pape-le-songe-de-catherine-2016\\\/\",\"name\":\"Duseigneur Ch\u00e2teauneuf-du-Pape Le Songe de Catherine 2016 - Vavin \u9152\u76d2\u5b50\",\"isPartOf\":{\"@id\":\"https:\\\/\\\/vavin.tw\\\/#website\"},\"primaryImageOfPage\":{\"@id\":\"https:\\\/\\\/vavin.tw\\\/product\\\/duseigneur-chateauneuf-du-pape-le-songe-de-catherine-2016\\\/#primaryimage\"},\"image\":{\"@id\":\"https:\\\/\\\/vavin.tw\\\/product\\\/duseigneur-chateauneuf-du-pape-le-songe-de-catherine-2016\\\/#primaryimage\"},\"thumbnailUrl\":\"https:\\\/\\\/vavin.tw\\\/wp-content\\\/uploads\\\/2023\\\/10\\\/Domaine-Duseigneur-Le-Songe-de-Catherine-Chateauneuf-du-Pape-2016.png\",\"datePublished\":\"2023-10-12T12:17:12+00:00\",\"dateModified\":\"2025-08-20T13:41:50+00:00\",\"description\":\"Domaine Duseigneur Ch\u00e2teauneuf-du-Pape Le Songe de Catherine 2016 \u2014 a pure Grenache with layered red fruit, spice, and silky tannins. Opulent yet balanced, with great aging potential. Perfect with lamb or game dishes.\",\"breadcrumb\":{\"@id\":\"https:\\\/\\\/vavin.tw\\\/product\\\/duseigneur-chateauneuf-du-pape-le-songe-de-catherine-2016\\\/#breadcrumb\"},\"inLanguage\":\"it-IT\",\"potentialAction\":[{\"@type\":\"ReadAction\",\"target\":[\"https:\\\/\\\/vavin.tw\\\/product\\\/duseigneur-chateauneuf-du-pape-le-songe-de-catherine-2016\\\/\"]}]},{\"@type\":\"ImageObject\",\"inLanguage\":\"it-IT\",\"@id\":\"https:\\\/\\\/vavin.tw\\\/product\\\/duseigneur-chateauneuf-du-pape-le-songe-de-catherine-2016\\\/#primaryimage\",\"url\":\"https:\\\/\\\/vavin.tw\\\/wp-content\\\/uploads\\\/2023\\\/10\\\/Domaine-Duseigneur-Le-Songe-de-Catherine-Chateauneuf-du-Pape-2016.png\",\"contentUrl\":\"https:\\\/\\\/vavin.tw\\\/wp-content\\\/uploads\\\/2023\\\/10\\\/Domaine-Duseigneur-Le-Songe-de-Catherine-Chateauneuf-du-Pape-2016.png\",\"width\":400,\"height\":600},{\"@type\":\"BreadcrumbList\",\"@id\":\"https:\\\/\\\/vavin.tw\\\/product\\\/duseigneur-chateauneuf-du-pape-le-songe-de-catherine-2016\\\/#breadcrumb\",\"itemListElement\":[{\"@type\":\"ListItem\",\"position\":1,\"name\":\"Home\",\"item\":\"https:\\\/\\\/vavin.tw\\\/\"},{\"@type\":\"ListItem\",\"position\":2,\"name\":\"Products\",\"item\":\"https:\\\/\\\/vavin.tw\\\/shop\\\/\"},{\"@type\":\"ListItem\",\"position\":3,\"name\":\"Duseigneur Ch\u00e2teauneuf-du-Pape Le Songe de Catherine 2016\"}]},{\"@type\":\"WebSite\",\"@id\":\"https:\\\/\\\/vavin.tw\\\/#website\",\"url\":\"https:\\\/\\\/vavin.tw\\\/\",\"name\":\"Vavin \u9152\u76d2\u5b50\",\"description\":\"Savor the Art of Wine\",\"publisher\":{\"@id\":\"https:\\\/\\\/vavin.tw\\\/#organization\"},\"potentialAction\":[{\"@type\":\"SearchAction\",\"target\":{\"@type\":\"EntryPoint\",\"urlTemplate\":\"https:\\\/\\\/vavin.tw\\\/?s={search_term_string}\"},\"query-input\":{\"@type\":\"PropertyValueSpecification\",\"valueRequired\":true,\"valueName\":\"search_term_string\"}}],\"inLanguage\":\"it-IT\"},{\"@type\":\"Organization\",\"@id\":\"https:\\\/\\\/vavin.tw\\\/#organization\",\"name\":\"Vavin \u9152\u76d2\u5b50\",\"url\":\"https:\\\/\\\/vavin.tw\\\/\",\"logo\":{\"@type\":\"ImageObject\",\"inLanguage\":\"it-IT\",\"@id\":\"https:\\\/\\\/vavin.tw\\\/#\\\/schema\\\/logo\\\/image\\\/\",\"url\":\"https:\\\/\\\/vavin.tw\\\/wp-content\\\/uploads\\\/2023\\\/03\\\/cropped-favicon-violet-v1.png\",\"contentUrl\":\"https:\\\/\\\/vavin.tw\\\/wp-content\\\/uploads\\\/2023\\\/03\\\/cropped-favicon-violet-v1.png\",\"width\":512,\"height\":512,\"caption\":\"Vavin \u9152\u76d2\u5b50\"},\"image\":{\"@id\":\"https:\\\/\\\/vavin.tw\\\/#\\\/schema\\\/logo\\\/image\\\/\"},\"sameAs\":[\"https:\\\/\\\/www.facebook.com\\\/vavintw\",\"https:\\\/\\\/www.instagram.com\\\/vavin_tw\"]}]}<\/script>\n<!-- \/ Yoast SEO Premium plugin. -->","yoast_head_json":{"title":"Duseigneur Ch\u00e2teauneuf-du-Pape Le Songe de Catherine 2016 - Vavin \u9152\u76d2\u5b50","description":"Domaine Duseigneur Ch\u00e2teauneuf-du-Pape Le Songe de Catherine 2016 \u2014 a pure Grenache with layered red fruit, spice, and silky tannins. Opulent yet balanced, with great aging potential. Perfect with lamb or game dishes.","robots":{"index":"index","follow":"follow","max-snippet":"max-snippet:-1","max-image-preview":"max-image-preview:large","max-video-preview":"max-video-preview:-1"},"canonical":"https:\/\/vavin.tw\/it\/product\/duseigneur-chateauneuf-du-pape-le-songe-de-catherine-2016\/","og_locale":"it_IT","og_type":"article","og_title":"Duseigneur Ch\u00e2teauneuf-du-Pape Le Songe de Catherine 2016","og_description":"Domaine Duseigneur Ch\u00e2teauneuf-du-Pape Le Songe de Catherine 2016 \u2014 a pure Grenache with layered red fruit, spice, and silky tannins. Opulent yet balanced, with great aging potential. Perfect with lamb or game dishes.","og_url":"https:\/\/vavin.tw\/it\/product\/duseigneur-chateauneuf-du-pape-le-songe-de-catherine-2016\/","og_site_name":"Vavin \u9152\u76d2\u5b50","article_publisher":"https:\/\/www.facebook.com\/vavintw","article_modified_time":"2025-08-20T13:41:50+00:00","og_image":[{"width":400,"height":600,"url":"https:\/\/vavin.tw\/wp-content\/uploads\/2023\/10\/Domaine-Duseigneur-Le-Songe-de-Catherine-Chateauneuf-du-Pape-2016.png","type":"image\/png"}],"twitter_card":"summary_large_image","twitter_misc":{"Tempo di lettura stimato":"1 minuto"},"schema":{"@context":"https:\/\/schema.org","@graph":[{"@type":"WebPage","@id":"https:\/\/vavin.tw\/product\/duseigneur-chateauneuf-du-pape-le-songe-de-catherine-2016\/","url":"https:\/\/vavin.tw\/product\/duseigneur-chateauneuf-du-pape-le-songe-de-catherine-2016\/","name":"Duseigneur Ch\u00e2teauneuf-du-Pape Le Songe de Catherine 2016 - Vavin \u9152\u76d2\u5b50","isPartOf":{"@id":"https:\/\/vavin.tw\/#website"},"primaryImageOfPage":{"@id":"https:\/\/vavin.tw\/product\/duseigneur-chateauneuf-du-pape-le-songe-de-catherine-2016\/#primaryimage"},"image":{"@id":"https:\/\/vavin.tw\/product\/duseigneur-chateauneuf-du-pape-le-songe-de-catherine-2016\/#primaryimage"},"thumbnailUrl":"https:\/\/vavin.tw\/wp-content\/uploads\/2023\/10\/Domaine-Duseigneur-Le-Songe-de-Catherine-Chateauneuf-du-Pape-2016.png","datePublished":"2023-10-12T12:17:12+00:00","dateModified":"2025-08-20T13:41:50+00:00","description":"Domaine Duseigneur Ch\u00e2teauneuf-du-Pape Le Songe de Catherine 2016 \u2014 a pure Grenache with layered red fruit, spice, and silky tannins. Opulent yet balanced, with great aging potential. Perfect with lamb or game dishes.","breadcrumb":{"@id":"https:\/\/vavin.tw\/product\/duseigneur-chateauneuf-du-pape-le-songe-de-catherine-2016\/#breadcrumb"},"inLanguage":"it-IT","potentialAction":[{"@type":"ReadAction","target":["https:\/\/vavin.tw\/product\/duseigneur-chateauneuf-du-pape-le-songe-de-catherine-2016\/"]}]},{"@type":"ImageObject","inLanguage":"it-IT","@id":"https:\/\/vavin.tw\/product\/duseigneur-chateauneuf-du-pape-le-songe-de-catherine-2016\/#primaryimage","url":"https:\/\/vavin.tw\/wp-content\/uploads\/2023\/10\/Domaine-Duseigneur-Le-Songe-de-Catherine-Chateauneuf-du-Pape-2016.png","contentUrl":"https:\/\/vavin.tw\/wp-content\/uploads\/2023\/10\/Domaine-Duseigneur-Le-Songe-de-Catherine-Chateauneuf-du-Pape-2016.png","width":400,"height":600},{"@type":"BreadcrumbList","@id":"https:\/\/vavin.tw\/product\/duseigneur-chateauneuf-du-pape-le-songe-de-catherine-2016\/#breadcrumb","itemListElement":[{"@type":"ListItem","position":1,"name":"Home","item":"https:\/\/vavin.tw\/"},{"@type":"ListItem","position":2,"name":"Products","item":"https:\/\/vavin.tw\/shop\/"},{"@type":"ListItem","position":3,"name":"Duseigneur Ch\u00e2teauneuf-du-Pape Le Songe de Catherine 2016"}]},{"@type":"WebSite","@id":"https:\/\/vavin.tw\/#website","url":"https:\/\/vavin.tw\/","name":"Vavin","description":"Assapora l\u2019arte del vino","publisher":{"@id":"https:\/\/vavin.tw\/#organization"},"potentialAction":[{"@type":"SearchAction","target":{"@type":"EntryPoint","urlTemplate":"https:\/\/vavin.tw\/?s={search_term_string}"},"query-input":{"@type":"PropertyValueSpecification","valueRequired":true,"valueName":"search_term_string"}}],"inLanguage":"it-IT"},{"@type":"Organization","@id":"https:\/\/vavin.tw\/#organization","name":"Vavin","url":"https:\/\/vavin.tw\/","logo":{"@type":"ImageObject","inLanguage":"it-IT","@id":"https:\/\/vavin.tw\/#\/schema\/logo\/image\/","url":"https:\/\/vavin.tw\/wp-content\/uploads\/2023\/03\/cropped-favicon-violet-v1.png","contentUrl":"https:\/\/vavin.tw\/wp-content\/uploads\/2023\/03\/cropped-favicon-violet-v1.png","width":512,"height":512,"caption":"Vavin \u9152\u76d2\u5b50"},"image":{"@id":"https:\/\/vavin.tw\/#\/schema\/logo\/image\/"},"sameAs":["https:\/\/www.facebook.com\/vavintw","https:\/\/www.instagram.com\/vavin_tw"]}]}},"_links":{"self":[{"href":"https:\/\/vavin.tw\/it\/wp-json\/wp\/v2\/product\/993986","targetHints":{"allow":["GET"]}}],"collection":[{"href":"https:\/\/vavin.tw\/it\/wp-json\/wp\/v2\/product"}],"about":[{"href":"https:\/\/vavin.tw\/it\/wp-json\/wp\/v2\/types\/product"}],"replies":[{"embeddable":true,"href":"https:\/\/vavin.tw\/it\/wp-json\/wp\/v2\/comments?post=993986"}],"version-history":[{"count":0,"href":"https:\/\/vavin.tw\/it\/wp-json\/wp\/v2\/product\/993986\/revisions"}],"wp:featuredmedia":[{"embeddable":true,"href":"https:\/\/vavin.tw\/it\/wp-json\/wp\/v2\/media\/993987"}],"wp:attachment":[{"href":"https:\/\/vavin.tw\/it\/wp-json\/wp\/v2\/media?parent=993986"}],"wp:term":[{"taxonomy":"product_brand","embeddable":true,"href":"https:\/\/vavin.tw\/it\/wp-json\/wp\/v2\/product_brand?post=993986"},{"taxonomy":"product_cat","embeddable":true,"href":"https:\/\/vavin.tw\/it\/wp-json\/wp\/v2\/product_cat?post=993986"},{"taxonomy":"product_tag","embeddable":true,"href":"https:\/\/vavin.tw\/it\/wp-json\/wp\/v2\/product_tag?post=993986"}],"curies":[{"name":"wp","href":"https:\/\/api.w.org\/{rel}","templated":true}]}}