{"id":997907,"date":"2024-12-09T13:33:59","date_gmt":"2024-12-09T05:33:59","guid":{"rendered":"https:\/\/vavin.tw\/?post_type=product&#038;p=997907"},"modified":"2026-01-13T12:37:31","modified_gmt":"2026-01-13T04:37:31","slug":"chateau-grand-baril-montagne-st-emilion-gaia-2015","status":"publish","type":"product","link":"https:\/\/vavin.tw\/it\/product\/chateau-grand-baril-montagne-st-emilion-gaia-2015\/","title":{"rendered":"Ch\u00e2teau Grand Baril Montagne St-Emilion Ga\u00efa 2015"},"content":{"rendered":"<div class=\"vgblk-rw-wrapper limit-wrapper\">\n<div class=\"wine-info\"><strong>Colore:<\/strong> Rosso<br \/>\n<strong>Gradazione alcolica:<\/strong> 13,5% vol.<br \/>\n<strong>Vitigno:<\/strong> 100% Merlot<br \/>\n<strong>Formato bottiglia:<\/strong> 75 cl<\/div>\n<hr \/>\n<div class=\"wine-section\">\n<h3>Storia della tenuta<\/h3>\n<p>Situato a Montagne Saint-\u00c9milion, Ch\u00e2teau Grand Baril \u00e8 impegnato nella viticoltura biologica, nel rispetto della biodiversit\u00e0 e dell\u2019ambiente. La cuv\u00e9e Ga\u00efa, certificata Agriculture Biologique (AB), incarna la filosofia della tenuta basata sulla sostenibilit\u00e0 e sull\u2019espressione del terroir.<\/p>\n<hr \/>\n<\/div>\n<div class=\"wine-section\">\n<h3>Terroir<\/h3>\n<p>Le viti di Merlot prosperano su suoli argillo-calcarei e sabbiosi tipici di Montagne Saint-\u00c9milion. Questo terroir equilibrato dona al vino ricchezza e freschezza, contribuendo alla sua complessit\u00e0 aromatica e alla struttura elegante.<\/p>\n<hr \/>\n<\/div>\n<div class=\"wine-section\">\n<h3>Note di degustazione<\/h3>\n<p>Colore rosso rubino intenso. Al naso si aprono note affumicate e tostate, ciliegia e accenni di caff\u00e8 tostato. Al palato l\u2019attacco \u00e8 piacevole e ben equilibrato, con generoso volume e una persistenza aromatica raffinata.<\/p>\n<p class=\"wine-highlight\">Un Bordeaux biologico elegante, con equilibrio, profondit\u00e0 aromatica e una consistenza setosa \u2014 perfetto sia per l\u2019invecchiamento che per il consumo immediato.<\/p>\n<hr \/>\n<\/div>\n<div class=\"wine-section\">\n<h3>Abbinamento<\/h3>\n<p>Eccellente con carni alla griglia, agnello, petto d\u2019anatra o formaggi stagionati a pasta dura come il Comt\u00e9 o il Gouda.<\/p>\n<\/div>\n<\/div>\n<p><!-- .vgblk-rw-wrapper --><\/p>","protected":false},"excerpt":{"rendered":"<p>Ch\u00e2teau Grand Baril, situato a Montagne Saint-\u00c9milion, \u00e8 dedicato alla coltivazione biologica, e la sua cuv\u00e9e Ga\u00efa \u00e8 una chiara espressione di questa filosofia. Questo Bordeaux biologico \u00e8 prodotto con uve Merlot coltivate su suoli tipici della regione \u2014 argilloso-calcarei e sabbiosi \u2014 che offrono un terroir equilibrato, contribuendo alla complessit\u00e0 aromatica e alla struttura elegante del vino.<\/p>\n<p>Con un colore rosso rubino profondo, il naso del vino si apre con note affumicate e tostate di ciliegia e caff\u00e8 tostato. Al palato, il vino \u00e8 piacevole e ben equilibrato, offrendo un volume generoso e una persistenza aromatica raffinata con una consistenza setosa. Questo vino elegante \u00e8 perfetto sia per l'invecchiamento che per il consumo immediato. Si abbina splendidamente con carni alla griglia, agnello, petto d'anatra o formaggi a pasta dura come il Comt\u00e9.<\/p>","protected":false},"featured_media":999379,"comment_status":"open","ping_status":"closed","template":"","meta":[],"product_brand":[],"product_cat":[139,63],"product_tag":[286,157,285],"class_list":{"0":"post-997907","1":"product","2":"type-product","3":"status-publish","4":"has-post-thumbnail","6":"product_cat-bordeaux","7":"product_cat-red","8":"product_tag-ciment","9":"product_tag-merlot","10":"product_tag-montagne-saint-emilion","12":"first","13":"instock","14":"shipping-taxable","15":"product-type-simple"},"yoast_head":"<!-- This site is optimized with the Yoast SEO Premium plugin v27.2 (Yoast SEO v27.3) - https:\/\/yoast.com\/product\/yoast-seo-premium-wordpress\/ -->\n<title>Ch\u00e2teau Grand Baril Montagne St-Emilion Ga\u00efa 2015 - Vavin \u9152\u76d2\u5b50<\/title>\n<meta name=\"description\" content=\"Organic Montagne Saint-\u00c9milion Ga\u00efa 2015 from Ch\u00e2teau Grand Baril, 100% Merlot. Smoky, cherry, and roasted coffee notes with balance, depth, and silky texture\" \/>\n<meta name=\"robots\" content=\"index, follow, max-snippet:-1, max-image-preview:large, max-video-preview:-1\" \/>\n<link rel=\"canonical\" href=\"https:\/\/vavin.tw\/it\/product\/chateau-grand-baril-montagne-st-emilion-gaia-2015\/\" \/>\n<meta property=\"og:locale\" content=\"it_IT\" \/>\n<meta property=\"og:type\" content=\"article\" \/>\n<meta property=\"og:title\" content=\"Ch\u00e2teau Grand Baril Montagne St-Emilion Ga\u00efa 2015\" \/>\n<meta property=\"og:description\" content=\"Organic Montagne Saint-\u00c9milion Ga\u00efa 2015 from Ch\u00e2teau Grand Baril, 100% Merlot. Smoky, cherry, and roasted coffee notes with balance, depth, and silky texture\" \/>\n<meta property=\"og:url\" content=\"https:\/\/vavin.tw\/it\/product\/chateau-grand-baril-montagne-st-emilion-gaia-2015\/\" \/>\n<meta property=\"og:site_name\" content=\"Vavin \u9152\u76d2\u5b50\" \/>\n<meta property=\"article:publisher\" content=\"https:\/\/www.facebook.com\/vavintw\" \/>\n<meta property=\"article:modified_time\" content=\"2026-01-13T04:37:31+00:00\" \/>\n<meta property=\"og:image\" content=\"https:\/\/vavin.tw\/wp-content\/uploads\/2024\/12\/Chateau-Grand-Baril-Montagne-St-Emilion-Gaia-2014.png\" \/>\n\t<meta property=\"og:image:width\" content=\"400\" \/>\n\t<meta property=\"og:image:height\" content=\"600\" \/>\n\t<meta property=\"og:image:type\" content=\"image\/png\" \/>\n<meta name=\"twitter:card\" content=\"summary_large_image\" \/>\n<meta name=\"twitter:label1\" content=\"Tempo di lettura stimato\" \/>\n\t<meta name=\"twitter:data1\" content=\"1 minuto\" \/>\n<script type=\"application\/ld+json\" class=\"yoast-schema-graph\">{\"@context\":\"https:\\\/\\\/schema.org\",\"@graph\":[{\"@type\":\"WebPage\",\"@id\":\"https:\\\/\\\/vavin.tw\\\/product\\\/chateau-grand-baril-montagne-st-emilion-gaia-2015\\\/\",\"url\":\"https:\\\/\\\/vavin.tw\\\/product\\\/chateau-grand-baril-montagne-st-emilion-gaia-2015\\\/\",\"name\":\"Ch\u00e2teau Grand Baril Montagne St-Emilion Ga\u00efa 2015 - Vavin \u9152\u76d2\u5b50\",\"isPartOf\":{\"@id\":\"https:\\\/\\\/vavin.tw\\\/#website\"},\"primaryImageOfPage\":{\"@id\":\"https:\\\/\\\/vavin.tw\\\/product\\\/chateau-grand-baril-montagne-st-emilion-gaia-2015\\\/#primaryimage\"},\"image\":{\"@id\":\"https:\\\/\\\/vavin.tw\\\/product\\\/chateau-grand-baril-montagne-st-emilion-gaia-2015\\\/#primaryimage\"},\"thumbnailUrl\":\"https:\\\/\\\/vavin.tw\\\/wp-content\\\/uploads\\\/2024\\\/12\\\/Chateau-Grand-Baril-Montagne-St-Emilion-Gaia-2014.png\",\"datePublished\":\"2024-12-09T05:33:59+00:00\",\"dateModified\":\"2026-01-13T04:37:31+00:00\",\"description\":\"Organic Montagne Saint-\u00c9milion Ga\u00efa 2015 from Ch\u00e2teau Grand Baril, 100% Merlot. Smoky, cherry, and roasted coffee notes with balance, depth, and silky texture\",\"breadcrumb\":{\"@id\":\"https:\\\/\\\/vavin.tw\\\/product\\\/chateau-grand-baril-montagne-st-emilion-gaia-2015\\\/#breadcrumb\"},\"inLanguage\":\"it-IT\",\"potentialAction\":[{\"@type\":\"ReadAction\",\"target\":[\"https:\\\/\\\/vavin.tw\\\/product\\\/chateau-grand-baril-montagne-st-emilion-gaia-2015\\\/\"]}]},{\"@type\":\"ImageObject\",\"inLanguage\":\"it-IT\",\"@id\":\"https:\\\/\\\/vavin.tw\\\/product\\\/chateau-grand-baril-montagne-st-emilion-gaia-2015\\\/#primaryimage\",\"url\":\"https:\\\/\\\/vavin.tw\\\/wp-content\\\/uploads\\\/2024\\\/12\\\/Chateau-Grand-Baril-Montagne-St-Emilion-Gaia-2014.png\",\"contentUrl\":\"https:\\\/\\\/vavin.tw\\\/wp-content\\\/uploads\\\/2024\\\/12\\\/Chateau-Grand-Baril-Montagne-St-Emilion-Gaia-2014.png\",\"width\":400,\"height\":600},{\"@type\":\"BreadcrumbList\",\"@id\":\"https:\\\/\\\/vavin.tw\\\/product\\\/chateau-grand-baril-montagne-st-emilion-gaia-2015\\\/#breadcrumb\",\"itemListElement\":[{\"@type\":\"ListItem\",\"position\":1,\"name\":\"Home\",\"item\":\"https:\\\/\\\/vavin.tw\\\/\"},{\"@type\":\"ListItem\",\"position\":2,\"name\":\"Products\",\"item\":\"https:\\\/\\\/vavin.tw\\\/shop\\\/\"},{\"@type\":\"ListItem\",\"position\":3,\"name\":\"Ch\u00e2teau Grand Baril Montagne St-Emilion Ga\u00efa 2015\"}]},{\"@type\":\"WebSite\",\"@id\":\"https:\\\/\\\/vavin.tw\\\/#website\",\"url\":\"https:\\\/\\\/vavin.tw\\\/\",\"name\":\"Vavin \u9152\u76d2\u5b50\",\"description\":\"Savor the Art of Wine\",\"publisher\":{\"@id\":\"https:\\\/\\\/vavin.tw\\\/#organization\"},\"potentialAction\":[{\"@type\":\"SearchAction\",\"target\":{\"@type\":\"EntryPoint\",\"urlTemplate\":\"https:\\\/\\\/vavin.tw\\\/?s={search_term_string}\"},\"query-input\":{\"@type\":\"PropertyValueSpecification\",\"valueRequired\":true,\"valueName\":\"search_term_string\"}}],\"inLanguage\":\"it-IT\"},{\"@type\":\"Organization\",\"@id\":\"https:\\\/\\\/vavin.tw\\\/#organization\",\"name\":\"Vavin \u9152\u76d2\u5b50\",\"url\":\"https:\\\/\\\/vavin.tw\\\/\",\"logo\":{\"@type\":\"ImageObject\",\"inLanguage\":\"it-IT\",\"@id\":\"https:\\\/\\\/vavin.tw\\\/#\\\/schema\\\/logo\\\/image\\\/\",\"url\":\"https:\\\/\\\/vavin.tw\\\/wp-content\\\/uploads\\\/2023\\\/03\\\/cropped-favicon-violet-v1.png\",\"contentUrl\":\"https:\\\/\\\/vavin.tw\\\/wp-content\\\/uploads\\\/2023\\\/03\\\/cropped-favicon-violet-v1.png\",\"width\":512,\"height\":512,\"caption\":\"Vavin \u9152\u76d2\u5b50\"},\"image\":{\"@id\":\"https:\\\/\\\/vavin.tw\\\/#\\\/schema\\\/logo\\\/image\\\/\"},\"sameAs\":[\"https:\\\/\\\/www.facebook.com\\\/vavintw\",\"https:\\\/\\\/www.instagram.com\\\/vavin_tw\"]}]}<\/script>\n<!-- \/ Yoast SEO Premium plugin. -->","yoast_head_json":{"title":"Ch\u00e2teau Grand Baril Montagne St-Emilion Ga\u00efa 2015 - Vavin \u9152\u76d2\u5b50","description":"Montagne Saint-\u00c9milion Ga\u00efa 2015 biologico di Ch\u00e2teau Grand Baril, 100% Merlot. Note affumicate, ciliegia e caff\u00e8 tostato, con equilibrio, profondit\u00e0 e una consistenza setosa.","robots":{"index":"index","follow":"follow","max-snippet":"max-snippet:-1","max-image-preview":"max-image-preview:large","max-video-preview":"max-video-preview:-1"},"canonical":"https:\/\/vavin.tw\/it\/product\/chateau-grand-baril-montagne-st-emilion-gaia-2015\/","og_locale":"it_IT","og_type":"article","og_title":"Ch\u00e2teau Grand Baril Montagne St-Emilion Ga\u00efa 2015","og_description":"Organic Montagne Saint-\u00c9milion Ga\u00efa 2015 from Ch\u00e2teau Grand Baril, 100% Merlot. Smoky, cherry, and roasted coffee notes with balance, depth, and silky texture","og_url":"https:\/\/vavin.tw\/it\/product\/chateau-grand-baril-montagne-st-emilion-gaia-2015\/","og_site_name":"Vavin \u9152\u76d2\u5b50","article_publisher":"https:\/\/www.facebook.com\/vavintw","article_modified_time":"2026-01-13T04:37:31+00:00","og_image":[{"width":400,"height":600,"url":"https:\/\/vavin.tw\/wp-content\/uploads\/2024\/12\/Chateau-Grand-Baril-Montagne-St-Emilion-Gaia-2014.png","type":"image\/png"}],"twitter_card":"summary_large_image","twitter_misc":{"Tempo di lettura stimato":"1 minuto"},"schema":{"@context":"https:\/\/schema.org","@graph":[{"@type":"WebPage","@id":"https:\/\/vavin.tw\/product\/chateau-grand-baril-montagne-st-emilion-gaia-2015\/","url":"https:\/\/vavin.tw\/product\/chateau-grand-baril-montagne-st-emilion-gaia-2015\/","name":"Ch\u00e2teau Grand Baril Montagne St-Emilion Ga\u00efa 2015 - Vavin \u9152\u76d2\u5b50","isPartOf":{"@id":"https:\/\/vavin.tw\/#website"},"primaryImageOfPage":{"@id":"https:\/\/vavin.tw\/product\/chateau-grand-baril-montagne-st-emilion-gaia-2015\/#primaryimage"},"image":{"@id":"https:\/\/vavin.tw\/product\/chateau-grand-baril-montagne-st-emilion-gaia-2015\/#primaryimage"},"thumbnailUrl":"https:\/\/vavin.tw\/wp-content\/uploads\/2024\/12\/Chateau-Grand-Baril-Montagne-St-Emilion-Gaia-2014.png","datePublished":"2024-12-09T05:33:59+00:00","dateModified":"2026-01-13T04:37:31+00:00","description":"Montagne Saint-\u00c9milion Ga\u00efa 2015 biologico di Ch\u00e2teau Grand Baril, 100% Merlot. Note affumicate, ciliegia e caff\u00e8 tostato, con equilibrio, profondit\u00e0 e una consistenza setosa.","breadcrumb":{"@id":"https:\/\/vavin.tw\/product\/chateau-grand-baril-montagne-st-emilion-gaia-2015\/#breadcrumb"},"inLanguage":"it-IT","potentialAction":[{"@type":"ReadAction","target":["https:\/\/vavin.tw\/product\/chateau-grand-baril-montagne-st-emilion-gaia-2015\/"]}]},{"@type":"ImageObject","inLanguage":"it-IT","@id":"https:\/\/vavin.tw\/product\/chateau-grand-baril-montagne-st-emilion-gaia-2015\/#primaryimage","url":"https:\/\/vavin.tw\/wp-content\/uploads\/2024\/12\/Chateau-Grand-Baril-Montagne-St-Emilion-Gaia-2014.png","contentUrl":"https:\/\/vavin.tw\/wp-content\/uploads\/2024\/12\/Chateau-Grand-Baril-Montagne-St-Emilion-Gaia-2014.png","width":400,"height":600},{"@type":"BreadcrumbList","@id":"https:\/\/vavin.tw\/product\/chateau-grand-baril-montagne-st-emilion-gaia-2015\/#breadcrumb","itemListElement":[{"@type":"ListItem","position":1,"name":"Home","item":"https:\/\/vavin.tw\/"},{"@type":"ListItem","position":2,"name":"Products","item":"https:\/\/vavin.tw\/shop\/"},{"@type":"ListItem","position":3,"name":"Ch\u00e2teau Grand Baril Montagne St-Emilion Ga\u00efa 2015"}]},{"@type":"WebSite","@id":"https:\/\/vavin.tw\/#website","url":"https:\/\/vavin.tw\/","name":"Vavin","description":"Assapora l\u2019arte del vino","publisher":{"@id":"https:\/\/vavin.tw\/#organization"},"potentialAction":[{"@type":"SearchAction","target":{"@type":"EntryPoint","urlTemplate":"https:\/\/vavin.tw\/?s={search_term_string}"},"query-input":{"@type":"PropertyValueSpecification","valueRequired":true,"valueName":"search_term_string"}}],"inLanguage":"it-IT"},{"@type":"Organization","@id":"https:\/\/vavin.tw\/#organization","name":"Vavin","url":"https:\/\/vavin.tw\/","logo":{"@type":"ImageObject","inLanguage":"it-IT","@id":"https:\/\/vavin.tw\/#\/schema\/logo\/image\/","url":"https:\/\/vavin.tw\/wp-content\/uploads\/2023\/03\/cropped-favicon-violet-v1.png","contentUrl":"https:\/\/vavin.tw\/wp-content\/uploads\/2023\/03\/cropped-favicon-violet-v1.png","width":512,"height":512,"caption":"Vavin \u9152\u76d2\u5b50"},"image":{"@id":"https:\/\/vavin.tw\/#\/schema\/logo\/image\/"},"sameAs":["https:\/\/www.facebook.com\/vavintw","https:\/\/www.instagram.com\/vavin_tw"]}]}},"_links":{"self":[{"href":"https:\/\/vavin.tw\/it\/wp-json\/wp\/v2\/product\/997907","targetHints":{"allow":["GET"]}}],"collection":[{"href":"https:\/\/vavin.tw\/it\/wp-json\/wp\/v2\/product"}],"about":[{"href":"https:\/\/vavin.tw\/it\/wp-json\/wp\/v2\/types\/product"}],"replies":[{"embeddable":true,"href":"https:\/\/vavin.tw\/it\/wp-json\/wp\/v2\/comments?post=997907"}],"version-history":[{"count":2,"href":"https:\/\/vavin.tw\/it\/wp-json\/wp\/v2\/product\/997907\/revisions"}],"predecessor-version":[{"id":1006219,"href":"https:\/\/vavin.tw\/it\/wp-json\/wp\/v2\/product\/997907\/revisions\/1006219"}],"wp:featuredmedia":[{"embeddable":true,"href":"https:\/\/vavin.tw\/it\/wp-json\/wp\/v2\/media\/999379"}],"wp:attachment":[{"href":"https:\/\/vavin.tw\/it\/wp-json\/wp\/v2\/media?parent=997907"}],"wp:term":[{"taxonomy":"product_brand","embeddable":true,"href":"https:\/\/vavin.tw\/it\/wp-json\/wp\/v2\/product_brand?post=997907"},{"taxonomy":"product_cat","embeddable":true,"href":"https:\/\/vavin.tw\/it\/wp-json\/wp\/v2\/product_cat?post=997907"},{"taxonomy":"product_tag","embeddable":true,"href":"https:\/\/vavin.tw\/it\/wp-json\/wp\/v2\/product_tag?post=997907"}],"curies":[{"name":"wp","href":"https:\/\/api.w.org\/{rel}","templated":true}]}}