{"id":1002875,"date":"2025-06-02T19:40:53","date_gmt":"2025-06-02T11:40:53","guid":{"rendered":"https:\/\/vavin.tw\/?post_type=product&#038;p=1002875"},"modified":"2025-12-26T01:15:24","modified_gmt":"2025-12-25T17:15:24","slug":"dom-garille-igp-cite-de-carcassonne-gris-de-garille-rose-2024","status":"publish","type":"product","link":"https:\/\/vavin.tw\/ja\/product\/dom-garille-igp-cite-de-carcassonne-gris-de-garille-rose-2024\/","title":{"rendered":"Dom Garille IGP Cit\u00e9 de Carcassonne Gris de Garille Ros\u00e9 2024"},"content":{"rendered":"<div class=\"vgblk-rw-wrapper limit-wrapper\">\n<div class=\"wine-info\"><strong>\u8272\uff1a<\/strong> \u30ed\u30bc<br \/>\n<strong>\u30a2\u30eb\u30b3\u30fc\u30eb\u5ea6\u6570\uff1a<\/strong> 12.5% \u5dfb.<br \/>\n<strong>\u30d6\u30c9\u30a6\u54c1\u7a2e\uff1a<\/strong> 55% Cinsault, 30% Grenache, 15% Merlot<br \/>\n<strong>\u30dc\u30c8\u30eb\u30b5\u30a4\u30ba\uff1a<\/strong> 75 cl<\/div>\n<hr \/>\n<div class=\"wine-section\">\n<h3>\u30c9\u30e1\u30fc\u30cc\u306e\u6b74\u53f2<\/h3>\n<p>\u30c9\u30e1\u30fc\u30cc\u30fb\u30c9\u30fb\u30ac\u30ea\u30fc\u30e6 (Domaine de Garille) \u306f\u30011620\u5e74\u4ee5\u6765\u30e9\u30f3\u30b0\u30c9\u30c3\u30af\u306b\u6839\u4ed8\u304f\u6b74\u53f2\u3042\u308b\u30ed\u30eb\u30b8\u30a7\u30ea\u30eb\u5bb6\u6240\u6709\u306e\u30c9\u30e1\u30fc\u30cc\u306e\u4e00\u90e8\u3067\u3059\u3002\u30ab\u30eb\u30ab\u30c3\u30bd\u30f3\u30cc\u8fd1\u90ca\u306b\u4f4d\u7f6e\u3057\u3001\u5730\u4e2d\u6d77\u7684\u306a\u500b\u6027\u306b\u30d5\u30ec\u30c3\u30b7\u30e5\u3055\u3068\u7cbe\u5bc6\u3055\u3092\u7d44\u307f\u5408\u308f\u305b\u305f\u30ef\u30a4\u30f3\u3092\u751f\u7523\u3057\u3066\u304a\u308a\u3001\u5353\u8d8a\u3057\u305f\u4f1d\u7d71\u3092\u53cd\u6620\u3057\u3066\u3044\u307e\u3059\u3002<\/p>\n<hr \/>\n<\/div>\n<div class=\"wine-section\">\n<h3>\u30c6\u30ed\u30ef\u30fc\u30eb<\/h3>\n<p>\u30d6\u30c9\u30a6\u7551\u306f\u30ce\u30ef\u30fc\u30eb\u5c71\u584a (Montagne Noire) \u3068\u30d4\u30ec\u30cd\u30fc\u5c71\u8108 (Pyrenees) \u306e\u9593\u306b\u3042\u308a\u3001\u77f3\u7070\u5ca9\u3068\u7c98\u571f\u306e\u571f\u58cc\u3001\u305d\u3057\u3066\u5730\u4e2d\u6d77\u3068\u5927\u897f\u6d0b\u306e\u4e21\u65b9\u306e\u305d\u3088\u98a8\u306e\u5f71\u97ff\u3092\u53d7\u3051\u308b\u6c17\u5019\u306e\u6069\u6075\u3092\u53d7\u3051\u3066\u3044\u307e\u3059\u3002\u3053\u306e\u72ec\u81ea\u306e\u7acb\u5730\u304c\u3001\u30d6\u30c9\u30a6\u306e\u3086\u3063\u304f\u308a\u3068\u3057\u305f\u719f\u6210\u3001\u30d0\u30e9\u30f3\u30b9\u3001\u305d\u3057\u3066\u30a2\u30ed\u30de\u306e\u7e4a\u7d30\u3055\u3092\u4fdd\u8a3c\u3057\u307e\u3059\u3002<\/p>\n<hr \/>\n<\/div>\n<div class=\"wine-section\">\n<h3>\u30c6\u30a4\u30b9\u30c6\u30a3\u30f3\u30b0\u30ce\u30fc\u30c8<\/h3>\n<p>\u8272\u306f\u6de1\u3044\u30b5\u30fc\u30e2\u30f3\u30d4\u30f3\u30af\u306b\u30b7\u30eb\u30d0\u30fc\u306e\u30cf\u30a4\u30e9\u30a4\u30c8\u3092\u4f34\u3044\u307e\u3059\u3002\u9999\u308a\u306f\u30c7\u30ea\u30b1\u30fc\u30c8\u3067\u3001\u8d64\u3044\u30d9\u30ea\u30fc\u3001\u767d\u6843\u3001\u305d\u3057\u3066\u67d1\u6a58\u985e\u306e\u76ae\u306e\u30ce\u30fc\u30c8\u304c\u73fe\u308c\u307e\u3059\u3002\u53e3\u306b\u542b\u3080\u3068\u3001\u30ef\u30a4\u30f3\u306f\u30af\u30ea\u30b9\u30d7\u3067\u30ea\u30d5\u30ec\u30c3\u30b7\u30f3\u30b0\u3001\u30b7\u30eb\u30af\u306e\u3088\u3046\u306a\u30c6\u30af\u30b9\u30c1\u30e3\u30fc\u3068\u9577\u304f\u7d9a\u304f\u3001\u6d3b\u304d\u6d3b\u304d\u3068\u3057\u305f\u30d5\u30a3\u30cb\u30c3\u30b7\u30e5\u3092\u63d0\u4f9b\u3057\u307e\u3059\u3002<\/p>\n<hr \/>\n<\/div>\n<div class=\"wine-section\">\n<h3>\u30da\u30a2\u30ea\u30f3\u30b0<\/h3>\n<p>\u30b7\u30fc\u30d5\u30fc\u30c9\u3001\u30b5\u30de\u30fc\u30b5\u30e9\u30c0\u3001\u5bff\u53f8\u3068\u975e\u5e38\u306b\u3088\u304f\u5408\u3044\u307e\u3059\u3002\u307e\u305f\u306f\u3001\u30b7\u30f3\u30d7\u30eb\u306b**\u30a2\u30da\u30ed\uff08\u98df\u524d\u9152\uff09**\u3068\u3057\u3066\u697d\u3057\u3080\u3053\u3068\u3082\u3067\u304d\u307e\u3059\u3002<\/p>\n<\/div>\n<hr \/>\n<p>&nbsp;<\/p>\n<div style=\"padding: 56.25% 0 0 0; position: relative;\"><iframe style=\"position: absolute; top: 0; left: 0; width: 100%; height: 100%;\" title=\"\u30e1\u30be\u30f3\u30fb\u30ed\u30eb\u30b8\u30a7\u30ea\u30eb - \u4f01\u696d\u7d39\u4ecb\u30e0\u30fc\u30d3\u30fc 2025\" src=\"https:\/\/player.vimeo.com\/video\/1045742242?badge=0&amp;autopause=0&amp;player_id=0&amp;app_id=58479\" frameborder=\"0\"><\/iframe><\/div>\n<p><script src=\"https:\/\/player.vimeo.com\/api\/player.js\"><\/script><\/div>\n<p><!-- .vgblk-rw-wrapper --><\/p>","protected":false},"excerpt":{"rendered":"<p>Domaine de Garille \u306e\u3053\u306e\u30ed\u30bc\u30ef\u30a4\u30f3\u306f\u3001\u8f1d\u304d\u3068\u6d17\u7df4\u3092\u517c\u306d\u5099\u3048\u3001\u6717\u683c\u30c9\u30c3\u30af\u306e\u65e5\u5dee\u3057\u306e\u9b45\u529b\u3092\u512a\u96c5\u306b\u8868\u73fe\u3057\u3066\u3044\u307e\u3059\u3002\u30b7\u30f3\u30bd\u30fc\u3068\u30b0\u30eb\u30ca\u30c3\u30b7\u30e5\u304b\u3089\u9020\u3089\u308c\u3001\u6de1\u3044\u30b5\u30fc\u30e2\u30f3\u30d4\u30f3\u30af\u306b\u8f1d\u304d\u3001\u305d\u306e\u7e4a\u7d30\u306a\u8272\u5408\u3044\u304c\u4e2d\u8eab\u306e\u30a8\u30ec\u30ac\u30f3\u30b9\u3092\u4e88\u611f\u3055\u305b\u307e\u3059\u3002\u9999\u308a\u306f\u7a4f\u3084\u304b\u3067\u3001\u8d64\u3044\u30d9\u30ea\u30fc\u3001\u767d\u6843\u3001\u67d1\u6a58\u306e\u76ae\u306e\u5fae\u5999\u306a\u30a2\u30ed\u30de\u304c\u5e83\u304c\u308a\u307e\u3059\u3002\u53e3\u5f53\u305f\u308a\u306f\u30b7\u30e3\u30fc\u30d7\u3067\u3042\u308a\u306a\u304c\u3089\u6ed1\u3089\u304b\u3067\u3001\u3055\u308f\u3084\u304b\u306a\u6d3b\u529b\u304c\u30d0\u30e9\u30f3\u30b9\u306e\u53d6\u308c\u305f\u4f59\u97fb\u307e\u3067\u7d9a\u304d\u307e\u3059\u3002\u77f3\u7070\u5ca9\u30fb\u7c98\u571f\u8cea\u571f\u58cc\u3067\u80b2\u3061\u3001\u5c71\u3084\u6d77\u306e\u98a8\u306b\u8abf\u548c\u3057\u305f\u3053\u306e\u30ed\u30bc\u306f\u3001\u7523\u5730\u306e\u7279\u6027\u3092\u7d14\u7c8b\u306b\u8868\u73fe\u3057\u3066\u304a\u308a\u3001\u6d77\u9bae\u3001\u590f\u306e\u30b5\u30e9\u30c0\u3001\u5bff\u53f8\u3068\u5408\u308f\u305b\u3066\u3082\u3001\u307e\u305f\u30a2\u30da\u30ea\u30c6\u30a3\u30d5\u3068\u3057\u3066\u5358\u72ec\u3067\u3082\u697d\u3057\u3081\u308b\u591a\u7528\u9014\u3067\u512a\u96c5\u306a\u30ef\u30a4\u30f3\u3067\u3059\u3002<\/p>","protected":false},"featured_media":1002884,"comment_status":"open","ping_status":"closed","template":"","meta":[],"product_brand":[],"product_cat":[138,109],"product_tag":[156,149],"class_list":{"0":"post-1002875","1":"product","2":"type-product","3":"status-publish","4":"has-post-thumbnail","6":"product_cat-languedoc","7":"product_cat-rose","8":"product_tag-grenache","9":"product_tag-syrah","11":"first","12":"instock","13":"shipping-taxable","14":"product-type-simple"},"yoast_head":"<!-- This site is optimized with the Yoast SEO Premium plugin v27.2 (Yoast SEO v27.6) - https:\/\/yoast.com\/product\/yoast-seo-premium-wordpress\/ -->\n<title>Dom Garille IGP Cit\u00e9 de Carcassonne Gris de Garille Ros\u00e9 2024 - Vavin \u9152\u76d2\u5b50<\/title>\n<meta name=\"description\" content=\"Discover Domaine de Garille IGP Cit\u00e9 de Carcassonne Gris de Garille Ros\u00e9 2024, a fresh and elegant ros\u00e9 crafted in Languedoc. With delicate fruit aromas and a refined balance, this wine embodies the charm and authenticity of southern France.\" \/>\n<meta name=\"robots\" content=\"index, follow, max-snippet:-1, max-image-preview:large, max-video-preview:-1\" \/>\n<link rel=\"canonical\" href=\"https:\/\/vavin.tw\/ja\/product\/dom-garille-igp-cite-de-carcassonne-gris-de-garille-rose-2024\/\" \/>\n<meta property=\"og:locale\" content=\"ja_JP\" \/>\n<meta property=\"og:type\" content=\"article\" \/>\n<meta property=\"og:title\" content=\"Dom Garille IGP Cit\u00e9 de Carcassonne Gris de Garille Ros\u00e9 2024\" \/>\n<meta property=\"og:description\" content=\"Discover Domaine de Garille IGP Cit\u00e9 de Carcassonne Gris de Garille Ros\u00e9 2024, a fresh and elegant ros\u00e9 crafted in Languedoc. With delicate fruit aromas and a refined balance, this wine embodies the charm and authenticity of southern France.\" \/>\n<meta property=\"og:url\" content=\"https:\/\/vavin.tw\/ja\/product\/dom-garille-igp-cite-de-carcassonne-gris-de-garille-rose-2024\/\" \/>\n<meta property=\"og:site_name\" content=\"Vavin \u9152\u76d2\u5b50\" \/>\n<meta property=\"article:publisher\" content=\"https:\/\/www.facebook.com\/vavintw\" \/>\n<meta property=\"article:modified_time\" content=\"2025-12-25T17:15:24+00:00\" \/>\n<meta property=\"og:image\" content=\"https:\/\/vavin.tw\/wp-content\/uploads\/2025\/06\/Lorgeril-Cite-de-Carcassonne-Gris-de-Garille-Rose-2024.png\" \/>\n\t<meta property=\"og:image:width\" content=\"400\" \/>\n\t<meta property=\"og:image:height\" content=\"600\" \/>\n\t<meta property=\"og:image:type\" content=\"image\/png\" \/>\n<meta name=\"twitter:card\" content=\"summary_large_image\" \/>\n<meta name=\"twitter:label1\" content=\"\u63a8\u5b9a\u8aad\u307f\u53d6\u308a\u6642\u9593\" \/>\n\t<meta name=\"twitter:data1\" content=\"1\u5206\" \/>\n<script type=\"application\/ld+json\" class=\"yoast-schema-graph\">{\"@context\":\"https:\\\/\\\/schema.org\",\"@graph\":[{\"@type\":\"WebPage\",\"@id\":\"https:\\\/\\\/vavin.tw\\\/product\\\/dom-garille-igp-cite-de-carcassonne-gris-de-garille-rose-2024\\\/\",\"url\":\"https:\\\/\\\/vavin.tw\\\/product\\\/dom-garille-igp-cite-de-carcassonne-gris-de-garille-rose-2024\\\/\",\"name\":\"Dom Garille IGP Cit\u00e9 de Carcassonne Gris de Garille Ros\u00e9 2024 - Vavin \u9152\u76d2\u5b50\",\"isPartOf\":{\"@id\":\"https:\\\/\\\/vavin.tw\\\/#website\"},\"primaryImageOfPage\":{\"@id\":\"https:\\\/\\\/vavin.tw\\\/product\\\/dom-garille-igp-cite-de-carcassonne-gris-de-garille-rose-2024\\\/#primaryimage\"},\"image\":{\"@id\":\"https:\\\/\\\/vavin.tw\\\/product\\\/dom-garille-igp-cite-de-carcassonne-gris-de-garille-rose-2024\\\/#primaryimage\"},\"thumbnailUrl\":\"https:\\\/\\\/vavin.tw\\\/wp-content\\\/uploads\\\/2025\\\/06\\\/Lorgeril-Cite-de-Carcassonne-Gris-de-Garille-Rose-2024.png\",\"datePublished\":\"2025-06-02T11:40:53+00:00\",\"dateModified\":\"2025-12-25T17:15:24+00:00\",\"description\":\"Discover Domaine de Garille IGP Cit\u00e9 de Carcassonne Gris de Garille Ros\u00e9 2024, a fresh and elegant ros\u00e9 crafted in Languedoc. With delicate fruit aromas and a refined balance, this wine embodies the charm and authenticity of southern France.\",\"breadcrumb\":{\"@id\":\"https:\\\/\\\/vavin.tw\\\/product\\\/dom-garille-igp-cite-de-carcassonne-gris-de-garille-rose-2024\\\/#breadcrumb\"},\"inLanguage\":\"ja\",\"potentialAction\":[{\"@type\":\"ReadAction\",\"target\":[\"https:\\\/\\\/vavin.tw\\\/product\\\/dom-garille-igp-cite-de-carcassonne-gris-de-garille-rose-2024\\\/\"]}]},{\"@type\":\"ImageObject\",\"inLanguage\":\"ja\",\"@id\":\"https:\\\/\\\/vavin.tw\\\/product\\\/dom-garille-igp-cite-de-carcassonne-gris-de-garille-rose-2024\\\/#primaryimage\",\"url\":\"https:\\\/\\\/vavin.tw\\\/wp-content\\\/uploads\\\/2025\\\/06\\\/Lorgeril-Cite-de-Carcassonne-Gris-de-Garille-Rose-2024.png\",\"contentUrl\":\"https:\\\/\\\/vavin.tw\\\/wp-content\\\/uploads\\\/2025\\\/06\\\/Lorgeril-Cite-de-Carcassonne-Gris-de-Garille-Rose-2024.png\",\"width\":400,\"height\":600},{\"@type\":\"BreadcrumbList\",\"@id\":\"https:\\\/\\\/vavin.tw\\\/product\\\/dom-garille-igp-cite-de-carcassonne-gris-de-garille-rose-2024\\\/#breadcrumb\",\"itemListElement\":[{\"@type\":\"ListItem\",\"position\":1,\"name\":\"Home\",\"item\":\"https:\\\/\\\/vavin.tw\\\/\"},{\"@type\":\"ListItem\",\"position\":2,\"name\":\"Products\",\"item\":\"https:\\\/\\\/vavin.tw\\\/shop\\\/\"},{\"@type\":\"ListItem\",\"position\":3,\"name\":\"Dom Garille IGP Cit\u00e9 de Carcassonne Gris de Garille Ros\u00e9 2024\"}]},{\"@type\":\"WebSite\",\"@id\":\"https:\\\/\\\/vavin.tw\\\/#website\",\"url\":\"https:\\\/\\\/vavin.tw\\\/\",\"name\":\"Vavin \u9152\u76d2\u5b50\",\"description\":\"Savor the Art of Wine\",\"publisher\":{\"@id\":\"https:\\\/\\\/vavin.tw\\\/#organization\"},\"potentialAction\":[{\"@type\":\"SearchAction\",\"target\":{\"@type\":\"EntryPoint\",\"urlTemplate\":\"https:\\\/\\\/vavin.tw\\\/?s={search_term_string}\"},\"query-input\":{\"@type\":\"PropertyValueSpecification\",\"valueRequired\":true,\"valueName\":\"search_term_string\"}}],\"inLanguage\":\"ja\"},{\"@type\":\"Organization\",\"@id\":\"https:\\\/\\\/vavin.tw\\\/#organization\",\"name\":\"Vavin \u9152\u76d2\u5b50\",\"url\":\"https:\\\/\\\/vavin.tw\\\/\",\"logo\":{\"@type\":\"ImageObject\",\"inLanguage\":\"ja\",\"@id\":\"https:\\\/\\\/vavin.tw\\\/#\\\/schema\\\/logo\\\/image\\\/\",\"url\":\"https:\\\/\\\/vavin.tw\\\/wp-content\\\/uploads\\\/2023\\\/03\\\/cropped-favicon-violet-v1.png\",\"contentUrl\":\"https:\\\/\\\/vavin.tw\\\/wp-content\\\/uploads\\\/2023\\\/03\\\/cropped-favicon-violet-v1.png\",\"width\":512,\"height\":512,\"caption\":\"Vavin \u9152\u76d2\u5b50\"},\"image\":{\"@id\":\"https:\\\/\\\/vavin.tw\\\/#\\\/schema\\\/logo\\\/image\\\/\"},\"sameAs\":[\"https:\\\/\\\/www.facebook.com\\\/vavintw\",\"https:\\\/\\\/www.instagram.com\\\/vavin_tw\"]}]}<\/script>\n<!-- \/ Yoast SEO Premium plugin. -->","yoast_head_json":{"title":"Dom Garille IGP Cit\u00e9 de Carcassonne Gris de Garille Ros\u00e9 2024 - Vavin \u9152\u76d2\u5b50","description":"Discover Domaine de Garille IGP Cit\u00e9 de Carcassonne Gris de Garille Ros\u00e9 2024, a fresh and elegant ros\u00e9 crafted in Languedoc. With delicate fruit aromas and a refined balance, this wine embodies the charm and authenticity of southern France.","robots":{"index":"index","follow":"follow","max-snippet":"max-snippet:-1","max-image-preview":"max-image-preview:large","max-video-preview":"max-video-preview:-1"},"canonical":"https:\/\/vavin.tw\/ja\/product\/dom-garille-igp-cite-de-carcassonne-gris-de-garille-rose-2024\/","og_locale":"ja_JP","og_type":"article","og_title":"Dom Garille IGP Cit\u00e9 de Carcassonne Gris de Garille Ros\u00e9 2024","og_description":"Discover Domaine de Garille IGP Cit\u00e9 de Carcassonne Gris de Garille Ros\u00e9 2024, a fresh and elegant ros\u00e9 crafted in Languedoc. With delicate fruit aromas and a refined balance, this wine embodies the charm and authenticity of southern France.","og_url":"https:\/\/vavin.tw\/ja\/product\/dom-garille-igp-cite-de-carcassonne-gris-de-garille-rose-2024\/","og_site_name":"Vavin \u9152\u76d2\u5b50","article_publisher":"https:\/\/www.facebook.com\/vavintw","article_modified_time":"2025-12-25T17:15:24+00:00","og_image":[{"width":400,"height":600,"url":"https:\/\/vavin.tw\/wp-content\/uploads\/2025\/06\/Lorgeril-Cite-de-Carcassonne-Gris-de-Garille-Rose-2024.png","type":"image\/png"}],"twitter_card":"summary_large_image","twitter_misc":{"\u63a8\u5b9a\u8aad\u307f\u53d6\u308a\u6642\u9593":"1\u5206"},"schema":{"@context":"https:\/\/schema.org","@graph":[{"@type":"WebPage","@id":"https:\/\/vavin.tw\/product\/dom-garille-igp-cite-de-carcassonne-gris-de-garille-rose-2024\/","url":"https:\/\/vavin.tw\/product\/dom-garille-igp-cite-de-carcassonne-gris-de-garille-rose-2024\/","name":"Dom Garille IGP Cit\u00e9 de Carcassonne Gris de Garille Ros\u00e9 2024 - Vavin \u9152\u76d2\u5b50","isPartOf":{"@id":"https:\/\/vavin.tw\/#website"},"primaryImageOfPage":{"@id":"https:\/\/vavin.tw\/product\/dom-garille-igp-cite-de-carcassonne-gris-de-garille-rose-2024\/#primaryimage"},"image":{"@id":"https:\/\/vavin.tw\/product\/dom-garille-igp-cite-de-carcassonne-gris-de-garille-rose-2024\/#primaryimage"},"thumbnailUrl":"https:\/\/vavin.tw\/wp-content\/uploads\/2025\/06\/Lorgeril-Cite-de-Carcassonne-Gris-de-Garille-Rose-2024.png","datePublished":"2025-06-02T11:40:53+00:00","dateModified":"2025-12-25T17:15:24+00:00","description":"Discover Domaine de Garille IGP Cit\u00e9 de Carcassonne Gris de Garille Ros\u00e9 2024, a fresh and elegant ros\u00e9 crafted in Languedoc. With delicate fruit aromas and a refined balance, this wine embodies the charm and authenticity of southern France.","breadcrumb":{"@id":"https:\/\/vavin.tw\/product\/dom-garille-igp-cite-de-carcassonne-gris-de-garille-rose-2024\/#breadcrumb"},"inLanguage":"ja","potentialAction":[{"@type":"ReadAction","target":["https:\/\/vavin.tw\/product\/dom-garille-igp-cite-de-carcassonne-gris-de-garille-rose-2024\/"]}]},{"@type":"ImageObject","inLanguage":"ja","@id":"https:\/\/vavin.tw\/product\/dom-garille-igp-cite-de-carcassonne-gris-de-garille-rose-2024\/#primaryimage","url":"https:\/\/vavin.tw\/wp-content\/uploads\/2025\/06\/Lorgeril-Cite-de-Carcassonne-Gris-de-Garille-Rose-2024.png","contentUrl":"https:\/\/vavin.tw\/wp-content\/uploads\/2025\/06\/Lorgeril-Cite-de-Carcassonne-Gris-de-Garille-Rose-2024.png","width":400,"height":600},{"@type":"BreadcrumbList","@id":"https:\/\/vavin.tw\/product\/dom-garille-igp-cite-de-carcassonne-gris-de-garille-rose-2024\/#breadcrumb","itemListElement":[{"@type":"ListItem","position":1,"name":"Home","item":"https:\/\/vavin.tw\/"},{"@type":"ListItem","position":2,"name":"Products","item":"https:\/\/vavin.tw\/shop\/"},{"@type":"ListItem","position":3,"name":"Dom Garille IGP Cit\u00e9 de Carcassonne Gris de Garille Ros\u00e9 2024"}]},{"@type":"WebSite","@id":"https:\/\/vavin.tw\/#website","url":"https:\/\/vavin.tw\/","name":"Vavin","description":"\u30ef\u30a4\u30f3\u306e\u82b8\u8853\u3092\u5473\u308f\u3046","publisher":{"@id":"https:\/\/vavin.tw\/#organization"},"potentialAction":[{"@type":"SearchAction","target":{"@type":"EntryPoint","urlTemplate":"https:\/\/vavin.tw\/?s={search_term_string}"},"query-input":{"@type":"PropertyValueSpecification","valueRequired":true,"valueName":"search_term_string"}}],"inLanguage":"ja"},{"@type":"Organization","@id":"https:\/\/vavin.tw\/#organization","name":"Vavin","url":"https:\/\/vavin.tw\/","logo":{"@type":"ImageObject","inLanguage":"ja","@id":"https:\/\/vavin.tw\/#\/schema\/logo\/image\/","url":"https:\/\/vavin.tw\/wp-content\/uploads\/2023\/03\/cropped-favicon-violet-v1.png","contentUrl":"https:\/\/vavin.tw\/wp-content\/uploads\/2023\/03\/cropped-favicon-violet-v1.png","width":512,"height":512,"caption":"Vavin \u9152\u76d2\u5b50"},"image":{"@id":"https:\/\/vavin.tw\/#\/schema\/logo\/image\/"},"sameAs":["https:\/\/www.facebook.com\/vavintw","https:\/\/www.instagram.com\/vavin_tw"]}]}},"_links":{"self":[{"href":"https:\/\/vavin.tw\/ja\/wp-json\/wp\/v2\/product\/1002875","targetHints":{"allow":["GET"]}}],"collection":[{"href":"https:\/\/vavin.tw\/ja\/wp-json\/wp\/v2\/product"}],"about":[{"href":"https:\/\/vavin.tw\/ja\/wp-json\/wp\/v2\/types\/product"}],"replies":[{"embeddable":true,"href":"https:\/\/vavin.tw\/ja\/wp-json\/wp\/v2\/comments?post=1002875"}],"version-history":[{"count":3,"href":"https:\/\/vavin.tw\/ja\/wp-json\/wp\/v2\/product\/1002875\/revisions"}],"predecessor-version":[{"id":1006018,"href":"https:\/\/vavin.tw\/ja\/wp-json\/wp\/v2\/product\/1002875\/revisions\/1006018"}],"wp:featuredmedia":[{"embeddable":true,"href":"https:\/\/vavin.tw\/ja\/wp-json\/wp\/v2\/media\/1002884"}],"wp:attachment":[{"href":"https:\/\/vavin.tw\/ja\/wp-json\/wp\/v2\/media?parent=1002875"}],"wp:term":[{"taxonomy":"product_brand","embeddable":true,"href":"https:\/\/vavin.tw\/ja\/wp-json\/wp\/v2\/product_brand?post=1002875"},{"taxonomy":"product_cat","embeddable":true,"href":"https:\/\/vavin.tw\/ja\/wp-json\/wp\/v2\/product_cat?post=1002875"},{"taxonomy":"product_tag","embeddable":true,"href":"https:\/\/vavin.tw\/ja\/wp-json\/wp\/v2\/product_tag?post=1002875"}],"curies":[{"name":"wp","href":"https:\/\/api.w.org\/{rel}","templated":true}]}}