{"id":990473,"date":"2023-04-11T17:58:26","date_gmt":"2023-04-11T09:58:26","guid":{"rendered":"https:\/\/v2.vavin.tw\/product\/arbois-ploussard-domaine-lornet-2018\/"},"modified":"2025-11-07T11:51:37","modified_gmt":"2025-11-07T03:51:37","slug":"frederic-lornet-arbois-ploussard-2018","status":"publish","type":"product","link":"https:\/\/vavin.tw\/ja\/product\/frederic-lornet-arbois-ploussard-2018\/","title":{"rendered":"\u30d5\u30ec\u30c7\u30ea\u30c3\u30af\u30fb\u30ed\u30eb\u30cd \u30a2\u30eb\u30dc\u30ef\u30fb\u30d7\u30ea\u30e5\u30b5\u30fc\u30eb 2018"},"content":{"rendered":"<div class=\"vgblk-rw-wrapper limit-wrapper\">\n<div class=\"wine-info\"><strong>\u8272\uff1a<\/strong> \u8d64\u30ef\u30a4\u30f3<br \/>\n<strong>\u30a2\u30eb\u30b3\u30fc\u30eb\u5ea6\u6570\uff1a<\/strong> 12%\u5dfb.<br \/>\n<strong>\u30d6\u30c9\u30a6\u54c1\u7a2e\uff1a<\/strong> 100% Ploussard (Poulsard)<br \/>\n<strong>\u30dc\u30c8\u30eb\u30b5\u30a4\u30ba\uff1a<\/strong> 75 cl<\/div>\n<hr \/>\n<div class=\"wine-section\">\n<h3>\u30c9\u30e1\u30fc\u30cc\u306e\u6b74\u53f2<\/h3>\n<p>\u30b8\u30e5\u30e9\u5730\u65b9\u306e\u30a2\u30eb\u30dc\u30efAOC\u306e\u4e2d\u5fc3\u3001\u30e2\u30f3\u30c6\u30a3\u30cb\u30fc\uff1d\u30ec\uff1d\u30a2\u30eb\u30b7\u30e5\u30fc\u30eb\u306b\u4f4d\u7f6e\u3059\u308b\u30d5\u30ec\u30c7\u30ea\u30c3\u30af\u30fb\u30ed\u30eb\u30cd\u306f\u3001\u4f1d\u7d71\u7684\u304b\u3064\u6301\u7d9a\u53ef\u80fd\u306a\u30d6\u30c9\u30a6\u683d\u57f9\u306b\u53d6\u308a\u7d44\u3080\u540d\u9ad8\u3044\u30ef\u30a4\u30f3\u751f\u7523\u8005\u3067\u3059\u3002\u5f7c\u306e\u30ef\u30a4\u30f3\u306f\u3001\u30b8\u30e5\u30e9\u306e\u30d6\u30c9\u30a6\u54c1\u7a2e\u3068\u30c6\u30ed\u30ef\u30fc\u30eb\u306e\u500b\u6027\u3092\u5fe0\u5b9f\u306b\u8868\u73fe\u3057\u3066\u304a\u308a\u3001\u7dfb\u5bc6\u3055\u3068\u771f\u646f\u3055\u304c\u969b\u7acb\u3061\u307e\u3059\u3002\u300c\u30d7\u30eb\u30b5\u30fc\u30eb 2018\u300d\u306f\u3001\u30b8\u30e5\u30e9\u3092\u4ee3\u8868\u3059\u308b\u8d64\u30d6\u30c9\u30a6\u54c1\u7a2e\u306e\u30d4\u30e5\u30a2\u3067\u7e4a\u7d30\u306a\u8868\u73fe\u3067\u3059\u3002<\/p>\n<hr \/>\n<\/div>\n<div class=\"wine-section\">\n<h3>\u30c6\u30ed\u30ef\u30fc\u30eb<\/h3>\n<p>\u30d6\u30c9\u30a6\u7551\u306f\u3001\u30b8\u30e5\u30e9\u5730\u65b9\u7279\u6709\u306e\u9752\u8272\u306e\u6ce5\u7070\u571f\u3068\u77f3\u7070\u5ca9\u571f\u58cc\u306b\u690d\u3048\u3089\u308c\u3066\u3044\u307e\u3059\u3002\u3053\u308c\u3089\u306e\u30c6\u30ed\u30ef\u30fc\u30eb\u306b\u52a0\u3048\u3001\u51b7\u6dbc\u306a\u5927\u9678\u6027\u6c17\u5019\u304c\u3001\u30d7\u30eb\u30b5\u30fc\u30eb\u7a2e\u306e\u3086\u3063\u304f\u308a\u3068\u3057\u305f\u30d0\u30e9\u30f3\u30b9\u306e\u53d6\u308c\u305f\u6210\u719f\u3092\u4fc3\u3057\u3001\u7e4a\u7d30\u306a\u30a2\u30ed\u30de\u3001\u8efd\u3084\u304b\u306a\u9aa8\u683c\u3001\u305d\u3057\u3066\u751f\u304d\u751f\u304d\u3068\u3057\u305f\u30d5\u30ec\u30c3\u30b7\u30e5\u3055\u3092\u5f15\u304d\u7acb\u3066\u307e\u3059\u3002<\/p>\n<hr \/>\n<\/div>\n<div class=\"wine-section\">\n<h3>\u91b8\u9020\uff08\u3058\u3087\u3046\u305e\u3046\uff09<\/h3>\n<p>\u30d6\u30c9\u30a6\u306f\u624b\u6458\u307f\u3067\u4e01\u5be7\u306b\u53ce\u7a6b\u3055\u308c\u3001\u9078\u679c\u3092\u7d4c\u3066\u4f1d\u7d71\u7684\u306a\u88fd\u6cd5\u3067\u91b8\u9020\u3055\u308c\u307e\u3059\u3002\u30d7\u30eb\u30b5\u30fc\u30eb\u306e\u7e4a\u7d30\u306a\u679c\u76ae\u3092\u5c0a\u91cd\u3057\u3001\u30de\u30bb\u30e9\u30b7\u30aa\u30f3\uff08\u6d78\u6f2c\uff09\u306f\u7a4f\u3084\u304b\u306b\u884c\u308f\u308c\u3001\u512a\u3057\u3044\u8272\u5408\u3044\u3068\u4e0a\u54c1\u306a\u30bf\u30f3\u30cb\u30f3\u3092\u5f15\u304d\u51fa\u3057\u307e\u3059\u3002\u767a\u9175\u306f\u81ea\u7136\u9175\u6bcd\u306b\u3088\u3063\u3066\u9032\u307f\u3001\u305d\u306e\u5f8c\u30b9\u30c6\u30f3\u30ec\u30b9\u30bf\u30f3\u30af\u3067\u719f\u6210\u3055\u308c\u3001\u30d4\u30e5\u30a2\u3055\u3068\u30d5\u30ec\u30c3\u30b7\u30e5\u3055\u3092\u4fdd\u3061\u307e\u3059\u3002\u4ecb\u5165\u306f\u6700\u5c0f\u9650\u306b\u6291\u3048\u3001\u30d6\u30c9\u30a6\u672c\u6765\u306e\u500b\u6027\u3092\u969b\u7acb\u305f\u305b\u3066\u3044\u307e\u3059\u3002<\/p>\n<hr \/>\n<\/div>\n<div class=\"wine-section\">\n<h3>\u30c6\u30a4\u30b9\u30c6\u30a3\u30f3\u30b0\u30ce\u30fc\u30c8<\/h3>\n<p>\u6de1\u3044\u30eb\u30d3\u30fc\u8272\u306b\u30b6\u30af\u30ed\u306e\u3088\u3046\u306a\u8f1d\u304d\u3002\u9999\u308a\u306f\u7e4a\u7d30\u3067\u82b3\u9999\u8c4a\u304b\u3002\u8d64\u30b9\u30b0\u30ea\u3001\u30a4\u30c1\u30b4\u3001\u30af\u30e9\u30f3\u30d9\u30ea\u30fc\u306e\u679c\u5b9f\u9999\u306b\u3001\u30d0\u30e9\u306e\u82b1\u3073\u3089\u3084\u30db\u30ef\u30a4\u30c8\u30da\u30c3\u30d1\u30fc\u306e\u30cb\u30e5\u30a2\u30f3\u30b9\u304c\u91cd\u306a\u308a\u307e\u3059\u3002\u53e3\u5f53\u305f\u308a\u306f\u8efd\u3084\u304b\u3067\u30d5\u30ec\u30c3\u30b7\u30e5\u3001\u30b7\u30eb\u30ad\u30fc\u306a\u8cea\u611f\u304c\u3042\u308a\u3001\u30bf\u30f3\u30cb\u30f3\u306f\u3084\u308f\u3089\u304b\u304f\u3001\u751f\u304d\u751f\u304d\u3068\u3057\u305f\u9178\u304c\u5168\u4f53\u3092\u5f15\u304d\u7de0\u3081\u307e\u3059\u3002\u30df\u30cd\u30e9\u30eb\u611f\u306e\u3042\u308b\u30af\u30ea\u30fc\u30f3\u306a\u4f59\u97fb\u30022018\u5e74\u30f4\u30a3\u30f3\u30c6\u30fc\u30b8\u306f\u3001\u30b8\u30e5\u30e9\u7523\u30d7\u30eb\u30b5\u30fc\u30eb\u3089\u3057\u3044\u30a8\u30ec\u30ac\u30f3\u30b9\u3068\u30a2\u30ed\u30de\u306e\u7cbe\u5bc6\u3055\u3092\u898b\u4e8b\u306b\u8868\u73fe\u3057\u3066\u3044\u307e\u3059\u3002<\/p>\n<p class=\"wine-highlight\">\u7e4a\u7d30\u3067\u30a8\u30ec\u30ac\u30f3\u30c8\u306a\u30b8\u30e5\u30e9\u7523\u8d64\u30ef\u30a4\u30f3\u2500\u2500\u30d5\u30ec\u30c3\u30b7\u30e5\u3067\u30b7\u30eb\u30ad\u30fc\u3001\u82b3\u9187\u306a\u9999\u308a\u304c\u5e83\u304c\u308a\u3001\u30d7\u30eb\u30b5\u30fc\u30eb\u3068\u30a2\u30eb\u30dc\u30ef\u306e\u30c6\u30ed\u30ef\u30fc\u30eb\u306e\u7d14\u7c8b\u306a\u8868\u73fe\u3092\u4f53\u73fe\u3057\u3066\u3044\u307e\u3059\u3002<\/p>\n<hr \/>\n<\/div>\n<div class=\"wine-section\">\n<h3>\u30da\u30a2\u30ea\u30f3\u30b0<\/h3>\n<p>\u30b7\u30e3\u30eb\u30ad\u30e5\u30c8\u30ea\u30fc\u3001\u30ed\u30fc\u30b9\u30c8\u30c1\u30ad\u30f3\u3001\u30b0\u30ea\u30eb\u91ce\u83dc\u3001\u30b3\u30f3\u30c6\u30c1\u30fc\u30ba\u3068\u306e\u76f8\u6027\u304c\u629c\u7fa4\u3067\u3059\u3002<\/p>\n<\/div>\n<\/div>\n<p><!-- .vgblk-rw-wrapper --><\/p>","protected":false},"excerpt":{"rendered":"<p>\u30b8\u30e5\u30e9\u5730\u65b9\u306e\u30a2\u30eb\u30dc\u30efAOC\u306e\u4e2d\u5fc3\u3067\u6d3b\u8e8d\u3059\u308b\u60c5\u71b1\u7684\u306a\u30ef\u30a4\u30f3\u751f\u7523\u8005\u30d5\u30ec\u30c7\u30ea\u30c3\u30af\u30fb\u30ed\u30eb\u30cd\u306f\u3001\u4f1d\u7d71\u3068\u6301\u7d9a\u53ef\u80fd\u306a\u30d6\u30c9\u30a6\u683d\u57f9\u3078\u306e\u3053\u3060\u308f\u308a\u3067\u9ad8\u304f\u8a55\u4fa1\u3055\u308c\u3066\u3044\u307e\u3059\u3002\u5f7c\u306e\u30ef\u30a4\u30f3\u3001\u7279\u306b\u3053\u306e2018\u5e74\u306e\u30d7\u30eb\u30b5\u30fc\u30eb\u306f\u3001\u7cbe\u5bc6\u3055\u3068\u672c\u7269\u5fd7\u5411\u3092\u8ffd\u6c42\u3059\u308b\u59ff\u52e2\u306e\u8a3c\u3067\u3059\u3002\u30d6\u30c9\u30a6\u306f\u30d6\u30eb\u30fc\u30de\u30fc\u30eb\uff08\u9752\u8272\u6ce5\u7070\u571f\uff09\u3068\u77f3\u7070\u5ca9\u571f\u58cc\u3067\u683d\u57f9\u3055\u308c\u3001\u51b7\u6dbc\u306a\u5927\u9678\u6027\u6c17\u5019\u306e\u3082\u3068\u3067\u3086\u3063\u304f\u308a\u3068\u30d0\u30e9\u30f3\u30b9\u3088\u304f\u6210\u719f\u3057\u3001\u82b3\u9999\u306e\u7e4a\u7d30\u3055\u304c\u969b\u7acb\u3061\u307e\u3059\u3002<\/p>\n<p>\u624b\u6458\u307f\u3055\u308c\u305f\u30d7\u30eb\u30b5\u30fc\u30eb\u306f\u512a\u3057\u304f\u91b8\u9020\u3055\u308c\u3001\u4e0d\u92b9\u92fc\u30bf\u30f3\u30af\u3067\u719f\u6210\u3055\u308c\u308b\u3053\u3068\u3067\u3001\u305d\u306e\u30d4\u30e5\u30a2\u3055\u3068\u81ea\u7136\u306a\u8868\u73fe\u3092\u4fdd\u3063\u3066\u3044\u307e\u3059\u3002\u30ef\u30a4\u30f3\u306f\u6de1\u3044\u30eb\u30d3\u30fc\u8272\u3067\u3001\u8d64\u30b9\u30b0\u30ea\u3001\u30a4\u30c1\u30b4\u3001\u30af\u30e9\u30f3\u30d9\u30ea\u30fc\u306e\u7e4a\u7d30\u3067\u30a2\u30ed\u30de\u30c6\u30a3\u30c3\u30af\u306a\u9999\u308a\u306b\u3001\u30d0\u30e9\u306e\u82b1\u3073\u3089\u3084\u30db\u30ef\u30a4\u30c8\u30da\u30c3\u30d1\u30fc\u306e\u307b\u306e\u304b\u306a\u30cb\u30e5\u30a2\u30f3\u30b9\u304c\u52a0\u308f\u308a\u307e\u3059\u3002\u53e3\u5f53\u305f\u308a\u306f\u30e9\u30a4\u30c8\u30dc\u30c7\u30a3\u3067\u30d5\u30ec\u30c3\u30b7\u30e5\u3001\u30b7\u30eb\u30ad\u30fc\u306a\u8cea\u611f\u3092\u6301\u3061\u3001\u67d4\u3089\u304b\u306a\u30bf\u30f3\u30cb\u30f3\u3068\u30df\u30cd\u30e9\u30eb\u611f\u306e\u3042\u308b\u30af\u30ea\u30fc\u30f3\u306a\u4f59\u97fb\u304c\u7279\u5fb4\u3067\u3059\u3002\u30b7\u30e3\u30eb\u30ad\u30e5\u30c8\u30ea\u30fc\u3001\u30ed\u30fc\u30b9\u30c8\u30c1\u30ad\u30f3\u3001\u30b3\u30f3\u30c6\u30c1\u30fc\u30ba\u3068\u306e\u76f8\u6027\u306f\u629c\u7fa4\u3067\u3059\u3002<\/p>","protected":false},"featured_media":993746,"comment_status":"open","ping_status":"closed","template":"","meta":[],"product_brand":[],"product_cat":[387,63],"product_tag":[221],"class_list":{"0":"post-990473","1":"product","2":"type-product","3":"status-publish","4":"has-post-thumbnail","6":"product_cat-jura","7":"product_cat-red","8":"product_tag-ploussard","10":"first","11":"instock","12":"shipping-taxable","13":"product-type-simple"},"yoast_head":"<!-- This site is optimized with the Yoast SEO Premium plugin v27.2 (Yoast SEO v27.3) - https:\/\/yoast.com\/product\/yoast-seo-premium-wordpress\/ -->\n<title>Fr\u00e9d\u00e9ric Lornet Arbois Ploussard 2018 - Vavin \u9152\u76d2\u5b50<\/title>\n<meta name=\"description\" content=\"Fr\u00e9d\u00e9ric Lornet Arbois Ploussard 2018\u2014a light and elegant Jura red with red berry, floral, and peppery notes. Fresh, silky, and precise, expressing the purity of Ploussard and the finesse of Arbois terroir.\" \/>\n<meta name=\"robots\" content=\"index, follow, max-snippet:-1, max-image-preview:large, max-video-preview:-1\" \/>\n<link rel=\"canonical\" href=\"https:\/\/vavin.tw\/ja\/product\/frederic-lornet-arbois-ploussard-2018\/\" \/>\n<meta property=\"og:locale\" content=\"ja_JP\" \/>\n<meta property=\"og:type\" content=\"article\" \/>\n<meta property=\"og:title\" content=\"Fr\u00e9d\u00e9ric Lornet Arbois Ploussard 2018\" \/>\n<meta property=\"og:description\" content=\"Fr\u00e9d\u00e9ric Lornet Arbois Ploussard 2018\u2014a light and elegant Jura red with red berry, floral, and peppery notes. Fresh, silky, and precise, expressing the purity of Ploussard and the finesse of Arbois terroir.\" \/>\n<meta property=\"og:url\" content=\"https:\/\/vavin.tw\/ja\/product\/frederic-lornet-arbois-ploussard-2018\/\" \/>\n<meta property=\"og:site_name\" content=\"Vavin \u9152\u76d2\u5b50\" \/>\n<meta property=\"article:publisher\" content=\"https:\/\/www.facebook.com\/vavintw\" \/>\n<meta property=\"article:modified_time\" content=\"2025-11-07T03:51:37+00:00\" \/>\n<meta property=\"og:image\" content=\"https:\/\/vavin.tw\/wp-content\/uploads\/2023\/04\/Ploussard-Arbois-2018.png\" \/>\n\t<meta property=\"og:image:width\" content=\"400\" \/>\n\t<meta property=\"og:image:height\" content=\"600\" \/>\n\t<meta property=\"og:image:type\" content=\"image\/png\" \/>\n<meta name=\"twitter:card\" content=\"summary_large_image\" \/>\n<meta name=\"twitter:label1\" content=\"\u63a8\u5b9a\u8aad\u307f\u53d6\u308a\u6642\u9593\" \/>\n\t<meta name=\"twitter:data1\" content=\"2\u5206\" \/>\n<script type=\"application\/ld+json\" class=\"yoast-schema-graph\">{\"@context\":\"https:\\\/\\\/schema.org\",\"@graph\":[{\"@type\":\"WebPage\",\"@id\":\"https:\\\/\\\/vavin.tw\\\/product\\\/frederic-lornet-arbois-ploussard-2018\\\/\",\"url\":\"https:\\\/\\\/vavin.tw\\\/product\\\/frederic-lornet-arbois-ploussard-2018\\\/\",\"name\":\"Fr\u00e9d\u00e9ric Lornet Arbois Ploussard 2018 - Vavin \u9152\u76d2\u5b50\",\"isPartOf\":{\"@id\":\"https:\\\/\\\/vavin.tw\\\/#website\"},\"primaryImageOfPage\":{\"@id\":\"https:\\\/\\\/vavin.tw\\\/product\\\/frederic-lornet-arbois-ploussard-2018\\\/#primaryimage\"},\"image\":{\"@id\":\"https:\\\/\\\/vavin.tw\\\/product\\\/frederic-lornet-arbois-ploussard-2018\\\/#primaryimage\"},\"thumbnailUrl\":\"https:\\\/\\\/vavin.tw\\\/wp-content\\\/uploads\\\/2023\\\/04\\\/Ploussard-Arbois-2018.png\",\"datePublished\":\"2023-04-11T09:58:26+00:00\",\"dateModified\":\"2025-11-07T03:51:37+00:00\",\"description\":\"Fr\u00e9d\u00e9ric Lornet Arbois Ploussard 2018\u2014a light and elegant Jura red with red berry, floral, and peppery notes. Fresh, silky, and precise, expressing the purity of Ploussard and the finesse of Arbois terroir.\",\"breadcrumb\":{\"@id\":\"https:\\\/\\\/vavin.tw\\\/product\\\/frederic-lornet-arbois-ploussard-2018\\\/#breadcrumb\"},\"inLanguage\":\"ja\",\"potentialAction\":[{\"@type\":\"ReadAction\",\"target\":[\"https:\\\/\\\/vavin.tw\\\/product\\\/frederic-lornet-arbois-ploussard-2018\\\/\"]}]},{\"@type\":\"ImageObject\",\"inLanguage\":\"ja\",\"@id\":\"https:\\\/\\\/vavin.tw\\\/product\\\/frederic-lornet-arbois-ploussard-2018\\\/#primaryimage\",\"url\":\"https:\\\/\\\/vavin.tw\\\/wp-content\\\/uploads\\\/2023\\\/04\\\/Ploussard-Arbois-2018.png\",\"contentUrl\":\"https:\\\/\\\/vavin.tw\\\/wp-content\\\/uploads\\\/2023\\\/04\\\/Ploussard-Arbois-2018.png\",\"width\":400,\"height\":600},{\"@type\":\"BreadcrumbList\",\"@id\":\"https:\\\/\\\/vavin.tw\\\/product\\\/frederic-lornet-arbois-ploussard-2018\\\/#breadcrumb\",\"itemListElement\":[{\"@type\":\"ListItem\",\"position\":1,\"name\":\"Home\",\"item\":\"https:\\\/\\\/vavin.tw\\\/\"},{\"@type\":\"ListItem\",\"position\":2,\"name\":\"Products\",\"item\":\"https:\\\/\\\/vavin.tw\\\/shop\\\/\"},{\"@type\":\"ListItem\",\"position\":3,\"name\":\"Fr\u00e9d\u00e9ric Lornet Arbois Ploussard 2018\"}]},{\"@type\":\"WebSite\",\"@id\":\"https:\\\/\\\/vavin.tw\\\/#website\",\"url\":\"https:\\\/\\\/vavin.tw\\\/\",\"name\":\"Vavin \u9152\u76d2\u5b50\",\"description\":\"Savor the Art of Wine\",\"publisher\":{\"@id\":\"https:\\\/\\\/vavin.tw\\\/#organization\"},\"potentialAction\":[{\"@type\":\"SearchAction\",\"target\":{\"@type\":\"EntryPoint\",\"urlTemplate\":\"https:\\\/\\\/vavin.tw\\\/?s={search_term_string}\"},\"query-input\":{\"@type\":\"PropertyValueSpecification\",\"valueRequired\":true,\"valueName\":\"search_term_string\"}}],\"inLanguage\":\"ja\"},{\"@type\":\"Organization\",\"@id\":\"https:\\\/\\\/vavin.tw\\\/#organization\",\"name\":\"Vavin \u9152\u76d2\u5b50\",\"url\":\"https:\\\/\\\/vavin.tw\\\/\",\"logo\":{\"@type\":\"ImageObject\",\"inLanguage\":\"ja\",\"@id\":\"https:\\\/\\\/vavin.tw\\\/#\\\/schema\\\/logo\\\/image\\\/\",\"url\":\"https:\\\/\\\/vavin.tw\\\/wp-content\\\/uploads\\\/2023\\\/03\\\/cropped-favicon-violet-v1.png\",\"contentUrl\":\"https:\\\/\\\/vavin.tw\\\/wp-content\\\/uploads\\\/2023\\\/03\\\/cropped-favicon-violet-v1.png\",\"width\":512,\"height\":512,\"caption\":\"Vavin \u9152\u76d2\u5b50\"},\"image\":{\"@id\":\"https:\\\/\\\/vavin.tw\\\/#\\\/schema\\\/logo\\\/image\\\/\"},\"sameAs\":[\"https:\\\/\\\/www.facebook.com\\\/vavintw\",\"https:\\\/\\\/www.instagram.com\\\/vavin_tw\"]}]}<\/script>\n<!-- \/ Yoast SEO Premium plugin. -->","yoast_head_json":{"title":"Fr\u00e9d\u00e9ric Lornet Arbois Ploussard 2018 - Vavin \u9152\u76d2\u5b50","description":"Fr\u00e9d\u00e9ric Lornet Arbois Ploussard 2018\u2014a light and elegant Jura red with red berry, floral, and peppery notes. Fresh, silky, and precise, expressing the purity of Ploussard and the finesse of Arbois terroir.","robots":{"index":"index","follow":"follow","max-snippet":"max-snippet:-1","max-image-preview":"max-image-preview:large","max-video-preview":"max-video-preview:-1"},"canonical":"https:\/\/vavin.tw\/ja\/product\/frederic-lornet-arbois-ploussard-2018\/","og_locale":"ja_JP","og_type":"article","og_title":"Fr\u00e9d\u00e9ric Lornet Arbois Ploussard 2018","og_description":"Fr\u00e9d\u00e9ric Lornet Arbois Ploussard 2018\u2014a light and elegant Jura red with red berry, floral, and peppery notes. Fresh, silky, and precise, expressing the purity of Ploussard and the finesse of Arbois terroir.","og_url":"https:\/\/vavin.tw\/ja\/product\/frederic-lornet-arbois-ploussard-2018\/","og_site_name":"Vavin \u9152\u76d2\u5b50","article_publisher":"https:\/\/www.facebook.com\/vavintw","article_modified_time":"2025-11-07T03:51:37+00:00","og_image":[{"width":400,"height":600,"url":"https:\/\/vavin.tw\/wp-content\/uploads\/2023\/04\/Ploussard-Arbois-2018.png","type":"image\/png"}],"twitter_card":"summary_large_image","twitter_misc":{"\u63a8\u5b9a\u8aad\u307f\u53d6\u308a\u6642\u9593":"2\u5206"},"schema":{"@context":"https:\/\/schema.org","@graph":[{"@type":"WebPage","@id":"https:\/\/vavin.tw\/product\/frederic-lornet-arbois-ploussard-2018\/","url":"https:\/\/vavin.tw\/product\/frederic-lornet-arbois-ploussard-2018\/","name":"Fr\u00e9d\u00e9ric Lornet Arbois Ploussard 2018 - Vavin \u9152\u76d2\u5b50","isPartOf":{"@id":"https:\/\/vavin.tw\/#website"},"primaryImageOfPage":{"@id":"https:\/\/vavin.tw\/product\/frederic-lornet-arbois-ploussard-2018\/#primaryimage"},"image":{"@id":"https:\/\/vavin.tw\/product\/frederic-lornet-arbois-ploussard-2018\/#primaryimage"},"thumbnailUrl":"https:\/\/vavin.tw\/wp-content\/uploads\/2023\/04\/Ploussard-Arbois-2018.png","datePublished":"2023-04-11T09:58:26+00:00","dateModified":"2025-11-07T03:51:37+00:00","description":"Fr\u00e9d\u00e9ric Lornet Arbois Ploussard 2018\u2014a light and elegant Jura red with red berry, floral, and peppery notes. Fresh, silky, and precise, expressing the purity of Ploussard and the finesse of Arbois terroir.","breadcrumb":{"@id":"https:\/\/vavin.tw\/product\/frederic-lornet-arbois-ploussard-2018\/#breadcrumb"},"inLanguage":"ja","potentialAction":[{"@type":"ReadAction","target":["https:\/\/vavin.tw\/product\/frederic-lornet-arbois-ploussard-2018\/"]}]},{"@type":"ImageObject","inLanguage":"ja","@id":"https:\/\/vavin.tw\/product\/frederic-lornet-arbois-ploussard-2018\/#primaryimage","url":"https:\/\/vavin.tw\/wp-content\/uploads\/2023\/04\/Ploussard-Arbois-2018.png","contentUrl":"https:\/\/vavin.tw\/wp-content\/uploads\/2023\/04\/Ploussard-Arbois-2018.png","width":400,"height":600},{"@type":"BreadcrumbList","@id":"https:\/\/vavin.tw\/product\/frederic-lornet-arbois-ploussard-2018\/#breadcrumb","itemListElement":[{"@type":"ListItem","position":1,"name":"Home","item":"https:\/\/vavin.tw\/"},{"@type":"ListItem","position":2,"name":"Products","item":"https:\/\/vavin.tw\/shop\/"},{"@type":"ListItem","position":3,"name":"Fr\u00e9d\u00e9ric Lornet Arbois Ploussard 2018"}]},{"@type":"WebSite","@id":"https:\/\/vavin.tw\/#website","url":"https:\/\/vavin.tw\/","name":"Vavin","description":"\u30ef\u30a4\u30f3\u306e\u82b8\u8853\u3092\u5473\u308f\u3046","publisher":{"@id":"https:\/\/vavin.tw\/#organization"},"potentialAction":[{"@type":"SearchAction","target":{"@type":"EntryPoint","urlTemplate":"https:\/\/vavin.tw\/?s={search_term_string}"},"query-input":{"@type":"PropertyValueSpecification","valueRequired":true,"valueName":"search_term_string"}}],"inLanguage":"ja"},{"@type":"Organization","@id":"https:\/\/vavin.tw\/#organization","name":"Vavin","url":"https:\/\/vavin.tw\/","logo":{"@type":"ImageObject","inLanguage":"ja","@id":"https:\/\/vavin.tw\/#\/schema\/logo\/image\/","url":"https:\/\/vavin.tw\/wp-content\/uploads\/2023\/03\/cropped-favicon-violet-v1.png","contentUrl":"https:\/\/vavin.tw\/wp-content\/uploads\/2023\/03\/cropped-favicon-violet-v1.png","width":512,"height":512,"caption":"Vavin \u9152\u76d2\u5b50"},"image":{"@id":"https:\/\/vavin.tw\/#\/schema\/logo\/image\/"},"sameAs":["https:\/\/www.facebook.com\/vavintw","https:\/\/www.instagram.com\/vavin_tw"]}]}},"_links":{"self":[{"href":"https:\/\/vavin.tw\/ja\/wp-json\/wp\/v2\/product\/990473","targetHints":{"allow":["GET"]}}],"collection":[{"href":"https:\/\/vavin.tw\/ja\/wp-json\/wp\/v2\/product"}],"about":[{"href":"https:\/\/vavin.tw\/ja\/wp-json\/wp\/v2\/types\/product"}],"replies":[{"embeddable":true,"href":"https:\/\/vavin.tw\/ja\/wp-json\/wp\/v2\/comments?post=990473"}],"version-history":[{"count":2,"href":"https:\/\/vavin.tw\/ja\/wp-json\/wp\/v2\/product\/990473\/revisions"}],"predecessor-version":[{"id":1006015,"href":"https:\/\/vavin.tw\/ja\/wp-json\/wp\/v2\/product\/990473\/revisions\/1006015"}],"wp:featuredmedia":[{"embeddable":true,"href":"https:\/\/vavin.tw\/ja\/wp-json\/wp\/v2\/media\/993746"}],"wp:attachment":[{"href":"https:\/\/vavin.tw\/ja\/wp-json\/wp\/v2\/media?parent=990473"}],"wp:term":[{"taxonomy":"product_brand","embeddable":true,"href":"https:\/\/vavin.tw\/ja\/wp-json\/wp\/v2\/product_brand?post=990473"},{"taxonomy":"product_cat","embeddable":true,"href":"https:\/\/vavin.tw\/ja\/wp-json\/wp\/v2\/product_cat?post=990473"},{"taxonomy":"product_tag","embeddable":true,"href":"https:\/\/vavin.tw\/ja\/wp-json\/wp\/v2\/product_tag?post=990473"}],"curies":[{"name":"wp","href":"https:\/\/api.w.org\/{rel}","templated":true}]}}