{"id":990649,"date":"2023-04-11T17:59:48","date_gmt":"2023-04-11T09:59:48","guid":{"rendered":"https:\/\/v2.vavin.tw\/product\/clos-cancaillau-dernier-carre-lionel-osmin-2015\/"},"modified":"2025-04-27T16:08:35","modified_gmt":"2025-04-27T08:08:35","slug":"lionel-osmin-jurancon-clos-cancaillau-dernier-carre-2015","status":"publish","type":"product","link":"https:\/\/vavin.tw\/ja\/product\/lionel-osmin-jurancon-clos-cancaillau-dernier-carre-2015\/","title":{"rendered":"\u30ea\u30aa\u30cd\u30eb\u30fb\u30aa\u30b9\u30df\u30f3 \u30b8\u30e5\u30e9\u30f3\u30bd\u30f3 \u30af\u30ed\u30fb\u30ab\u30f3\u30ab\u30a4\u30e8 \u30c9\u30a5\u30eb\u30cb\u30a8\u30fb\u30ab\u30ec 2015"},"content":{"rendered":"<div class=\"vgblk-rw-wrapper limit-wrapper\">\n<div class=\"wine-info\"><strong>\u8272\uff1a<\/strong> \u767d\uff08\u7518\u53e3\uff09<br \/>\n<strong>\u30a2\u30eb\u30b3\u30fc\u30eb\u5ea6\u6570\uff1a<\/strong> 13.5% \u5dfb.<br \/>\n<strong>\u30d6\u30c9\u30a6\u54c1\u7a2e\uff1a<\/strong> 60% Petit Manseng, 40% Gros Manseng<br \/>\n<strong>\u30dc\u30c8\u30eb\u30b5\u30a4\u30ba\uff1a<\/strong> 75 cl<\/div>\n<hr \/>\n<div class=\"wine-section\">\n<h3>\u30c9\u30e1\u30fc\u30cc\u306e\u6b74\u53f2<\/h3>\n<p>Lionel Osmin &amp; Cie is a passionate ambassador of Southwest France\u2019s diverse terroirs. The Clos Cancaillau vineyard, situated in the Juran\u00e7on appellation, is renowned for its meticulous vineyard management and sustainable practices, resulting in expressive, terroir-driven wines.<\/p>\n<hr \/>\n<\/div>\n<div class=\"wine-section\">\n<h3>\u30c6\u30ed\u30ef\u30fc\u30eb<\/h3>\n<p>The grapes for &#8220;Le Dernier Carr\u00e9&#8221; are sourced from the final parcel harvested in the Clos de la Vierge, characterized by rolled pebbles and amphitheater-like, south-facing terraces. The vineyard&#8217;s unique microclimate, influenced by the Foehn effect, allows for late harvesting of healthy grapes without botrytis, enhancing concentration and aromatic complexity.<\/p>\n<hr \/>\n<\/div>\n<div class=\"wine-section\">\n<h3>\u91b8\u9020\uff08\u3058\u3087\u3046\u305e\u3046\uff09<\/h3>\n<p>Harvested in early November, the grapes undergo gentle pneumatic pressing, followed by fermentation at controlled temperatures. The wine is aged on fine lees, partially in barrels, for 18 months, preserving its aromatic intensity and freshness.<\/p>\n<hr \/>\n<\/div>\n<div class=\"wine-section\">\n<h3>\u30c6\u30a4\u30b9\u30c6\u30a3\u30f3\u30b0\u30ce\u30fc\u30c8<\/h3>\n<p>Brilliant golden hue. The nose reveals expressive aromas of exotic fruits like fresh pineapple and mango, complemented by notes of white truffle and a hint of vanilla. On the palate, it offers a harmonious balance between sweetness and acidity, leading to a fresh, elegant, and lingering finish.<\/p>\n<p class=\"wine-highlight\">A vibrant and refined sweet wine, showcasing the exotic fruit character and freshness typical of Juran\u00e7on.<\/p>\n<hr \/>\n<\/div>\n<div class=\"wine-section\">\n<h3>\u30da\u30a2\u30ea\u30f3\u30b0<\/h3>\n<p>Perfect with foie gras, roasted chicken with pineapple, spicy curries, a variety of cheeses, fruit-based desserts, or as an aperitif.<\/p>\n<\/div>\n<\/div>\n<p><!-- .vgblk-rw-wrapper --><\/p>","protected":false},"excerpt":{"rendered":"<p>Color: White (Sweet) Alcohol: 13.5% vol. Grape Variety: 60% Petit Manseng, 40% Gros Manseng Bottle Size: 75 cl Domaine History Lionel Osmin &amp; Cie is a passionate ambassador of Southwest France\u2019s diverse terroirs. The Clos Cancaillau vineyard, situated in the Juran\u00e7on appellation, is renowned for its meticulous vineyard management and sustainable practices, resulting in expressive, terroir-driven wines. Terroir The grapes for &#8220;Le Dernier Carr\u00e9&#8221; are sourced from the final parcel harvested in the Clos de la Vierge, characterized by rolled pebbles and amphitheater-like, south-facing terraces. The vineyard&#8217;s unique microclimate, influenced by the Foehn effect, allows for late harvesting of healthy grapes without botrytis, enhancing concentration and aromatic complexity. Winemaking Harvested&#8230;<\/p>","protected":false},"featured_media":995127,"comment_status":"open","ping_status":"closed","template":"","meta":[],"product_brand":[],"product_cat":[143,126],"product_tag":[239,359,358],"class_list":{"0":"post-990649","1":"product","2":"type-product","3":"status-publish","4":"has-post-thumbnail","6":"product_cat-france-south-west","7":"product_cat-sweet","8":"product_tag-gros-manseng","9":"product_tag-jurancon","10":"product_tag-petit-manseng","12":"first","13":"instock","14":"shipping-taxable","15":"product-type-simple"},"yoast_head":"<!-- This site is optimized with the Yoast SEO Premium plugin v27.2 (Yoast SEO v27.3) - https:\/\/yoast.com\/product\/yoast-seo-premium-wordpress\/ -->\n<title>Lionel Osmin Juran\u00e7on Clos Cancaillau Dernier Carr\u00e9 2015 - Vavin \u9152\u76d2\u5b50<\/title>\n<meta name=\"description\" content=\"Experience Lionel Osmin Juran\u00e7on Clos Cancaillau Le Dernier Carr\u00e9 2015\u2014a luscious sweet wine with exotic fruit aromas, balanced sweetness, and refreshing acidity. Ideal with foie gras, spicy dishes, or fruit desserts.\" \/>\n<meta name=\"robots\" content=\"index, follow, max-snippet:-1, max-image-preview:large, max-video-preview:-1\" \/>\n<link rel=\"canonical\" href=\"https:\/\/vavin.tw\/ja\/product\/lionel-osmin-jurancon-clos-cancaillau-dernier-carre-2015\/\" \/>\n<meta property=\"og:locale\" content=\"ja_JP\" \/>\n<meta property=\"og:type\" content=\"article\" \/>\n<meta property=\"og:title\" content=\"Lionel Osmin Juran\u00e7on Clos Cancaillau Dernier Carr\u00e9 2015\" \/>\n<meta property=\"og:description\" content=\"Experience Lionel Osmin Juran\u00e7on Clos Cancaillau Le Dernier Carr\u00e9 2015\u2014a luscious sweet wine with exotic fruit aromas, balanced sweetness, and refreshing acidity. Ideal with foie gras, spicy dishes, or fruit desserts.\" \/>\n<meta property=\"og:url\" content=\"https:\/\/vavin.tw\/ja\/product\/lionel-osmin-jurancon-clos-cancaillau-dernier-carre-2015\/\" \/>\n<meta property=\"og:site_name\" content=\"Vavin \u9152\u76d2\u5b50\" \/>\n<meta property=\"article:publisher\" content=\"https:\/\/www.facebook.com\/vavintw\" \/>\n<meta property=\"article:modified_time\" content=\"2025-04-27T08:08:35+00:00\" \/>\n<meta property=\"og:image\" content=\"https:\/\/vavin.tw\/wp-content\/uploads\/2023\/04\/Jurancon-Clos-Cancaillau-Dernier-Carre-Lionel-Osmin-2015.png\" \/>\n\t<meta property=\"og:image:width\" content=\"400\" \/>\n\t<meta property=\"og:image:height\" content=\"600\" \/>\n\t<meta property=\"og:image:type\" content=\"image\/png\" \/>\n<meta name=\"twitter:card\" content=\"summary_large_image\" \/>\n<meta name=\"twitter:label1\" content=\"\u63a8\u5b9a\u8aad\u307f\u53d6\u308a\u6642\u9593\" \/>\n\t<meta name=\"twitter:data1\" content=\"2\u5206\" \/>\n<script type=\"application\/ld+json\" class=\"yoast-schema-graph\">{\"@context\":\"https:\\\/\\\/schema.org\",\"@graph\":[{\"@type\":\"WebPage\",\"@id\":\"https:\\\/\\\/vavin.tw\\\/product\\\/lionel-osmin-jurancon-clos-cancaillau-dernier-carre-2015\\\/\",\"url\":\"https:\\\/\\\/vavin.tw\\\/product\\\/lionel-osmin-jurancon-clos-cancaillau-dernier-carre-2015\\\/\",\"name\":\"Lionel Osmin Juran\u00e7on Clos Cancaillau Dernier Carr\u00e9 2015 - Vavin \u9152\u76d2\u5b50\",\"isPartOf\":{\"@id\":\"https:\\\/\\\/vavin.tw\\\/#website\"},\"primaryImageOfPage\":{\"@id\":\"https:\\\/\\\/vavin.tw\\\/product\\\/lionel-osmin-jurancon-clos-cancaillau-dernier-carre-2015\\\/#primaryimage\"},\"image\":{\"@id\":\"https:\\\/\\\/vavin.tw\\\/product\\\/lionel-osmin-jurancon-clos-cancaillau-dernier-carre-2015\\\/#primaryimage\"},\"thumbnailUrl\":\"https:\\\/\\\/vavin.tw\\\/wp-content\\\/uploads\\\/2023\\\/04\\\/Jurancon-Clos-Cancaillau-Dernier-Carre-Lionel-Osmin-2015.png\",\"datePublished\":\"2023-04-11T09:59:48+00:00\",\"dateModified\":\"2025-04-27T08:08:35+00:00\",\"description\":\"Experience Lionel Osmin Juran\u00e7on Clos Cancaillau Le Dernier Carr\u00e9 2015\u2014a luscious sweet wine with exotic fruit aromas, balanced sweetness, and refreshing acidity. Ideal with foie gras, spicy dishes, or fruit desserts.\",\"breadcrumb\":{\"@id\":\"https:\\\/\\\/vavin.tw\\\/product\\\/lionel-osmin-jurancon-clos-cancaillau-dernier-carre-2015\\\/#breadcrumb\"},\"inLanguage\":\"ja\",\"potentialAction\":[{\"@type\":\"ReadAction\",\"target\":[\"https:\\\/\\\/vavin.tw\\\/product\\\/lionel-osmin-jurancon-clos-cancaillau-dernier-carre-2015\\\/\"]}]},{\"@type\":\"ImageObject\",\"inLanguage\":\"ja\",\"@id\":\"https:\\\/\\\/vavin.tw\\\/product\\\/lionel-osmin-jurancon-clos-cancaillau-dernier-carre-2015\\\/#primaryimage\",\"url\":\"https:\\\/\\\/vavin.tw\\\/wp-content\\\/uploads\\\/2023\\\/04\\\/Jurancon-Clos-Cancaillau-Dernier-Carre-Lionel-Osmin-2015.png\",\"contentUrl\":\"https:\\\/\\\/vavin.tw\\\/wp-content\\\/uploads\\\/2023\\\/04\\\/Jurancon-Clos-Cancaillau-Dernier-Carre-Lionel-Osmin-2015.png\",\"width\":400,\"height\":600},{\"@type\":\"BreadcrumbList\",\"@id\":\"https:\\\/\\\/vavin.tw\\\/product\\\/lionel-osmin-jurancon-clos-cancaillau-dernier-carre-2015\\\/#breadcrumb\",\"itemListElement\":[{\"@type\":\"ListItem\",\"position\":1,\"name\":\"Home\",\"item\":\"https:\\\/\\\/vavin.tw\\\/\"},{\"@type\":\"ListItem\",\"position\":2,\"name\":\"Products\",\"item\":\"https:\\\/\\\/vavin.tw\\\/shop\\\/\"},{\"@type\":\"ListItem\",\"position\":3,\"name\":\"Lionel Osmin Juran\u00e7on Clos Cancaillau Dernier Carr\u00e9 2015\"}]},{\"@type\":\"WebSite\",\"@id\":\"https:\\\/\\\/vavin.tw\\\/#website\",\"url\":\"https:\\\/\\\/vavin.tw\\\/\",\"name\":\"Vavin \u9152\u76d2\u5b50\",\"description\":\"Savor the Art of Wine\",\"publisher\":{\"@id\":\"https:\\\/\\\/vavin.tw\\\/#organization\"},\"potentialAction\":[{\"@type\":\"SearchAction\",\"target\":{\"@type\":\"EntryPoint\",\"urlTemplate\":\"https:\\\/\\\/vavin.tw\\\/?s={search_term_string}\"},\"query-input\":{\"@type\":\"PropertyValueSpecification\",\"valueRequired\":true,\"valueName\":\"search_term_string\"}}],\"inLanguage\":\"ja\"},{\"@type\":\"Organization\",\"@id\":\"https:\\\/\\\/vavin.tw\\\/#organization\",\"name\":\"Vavin \u9152\u76d2\u5b50\",\"url\":\"https:\\\/\\\/vavin.tw\\\/\",\"logo\":{\"@type\":\"ImageObject\",\"inLanguage\":\"ja\",\"@id\":\"https:\\\/\\\/vavin.tw\\\/#\\\/schema\\\/logo\\\/image\\\/\",\"url\":\"https:\\\/\\\/vavin.tw\\\/wp-content\\\/uploads\\\/2023\\\/03\\\/cropped-favicon-violet-v1.png\",\"contentUrl\":\"https:\\\/\\\/vavin.tw\\\/wp-content\\\/uploads\\\/2023\\\/03\\\/cropped-favicon-violet-v1.png\",\"width\":512,\"height\":512,\"caption\":\"Vavin \u9152\u76d2\u5b50\"},\"image\":{\"@id\":\"https:\\\/\\\/vavin.tw\\\/#\\\/schema\\\/logo\\\/image\\\/\"},\"sameAs\":[\"https:\\\/\\\/www.facebook.com\\\/vavintw\",\"https:\\\/\\\/www.instagram.com\\\/vavin_tw\"]}]}<\/script>\n<!-- \/ Yoast SEO Premium plugin. -->","yoast_head_json":{"title":"Lionel Osmin Juran\u00e7on Clos Cancaillau Dernier Carr\u00e9 2015 - Vavin \u9152\u76d2\u5b50","description":"Experience Lionel Osmin Juran\u00e7on Clos Cancaillau Le Dernier Carr\u00e9 2015\u2014a luscious sweet wine with exotic fruit aromas, balanced sweetness, and refreshing acidity. Ideal with foie gras, spicy dishes, or fruit desserts.","robots":{"index":"index","follow":"follow","max-snippet":"max-snippet:-1","max-image-preview":"max-image-preview:large","max-video-preview":"max-video-preview:-1"},"canonical":"https:\/\/vavin.tw\/ja\/product\/lionel-osmin-jurancon-clos-cancaillau-dernier-carre-2015\/","og_locale":"ja_JP","og_type":"article","og_title":"Lionel Osmin Juran\u00e7on Clos Cancaillau Dernier Carr\u00e9 2015","og_description":"Experience Lionel Osmin Juran\u00e7on Clos Cancaillau Le Dernier Carr\u00e9 2015\u2014a luscious sweet wine with exotic fruit aromas, balanced sweetness, and refreshing acidity. Ideal with foie gras, spicy dishes, or fruit desserts.","og_url":"https:\/\/vavin.tw\/ja\/product\/lionel-osmin-jurancon-clos-cancaillau-dernier-carre-2015\/","og_site_name":"Vavin \u9152\u76d2\u5b50","article_publisher":"https:\/\/www.facebook.com\/vavintw","article_modified_time":"2025-04-27T08:08:35+00:00","og_image":[{"width":400,"height":600,"url":"https:\/\/vavin.tw\/wp-content\/uploads\/2023\/04\/Jurancon-Clos-Cancaillau-Dernier-Carre-Lionel-Osmin-2015.png","type":"image\/png"}],"twitter_card":"summary_large_image","twitter_misc":{"\u63a8\u5b9a\u8aad\u307f\u53d6\u308a\u6642\u9593":"2\u5206"},"schema":{"@context":"https:\/\/schema.org","@graph":[{"@type":"WebPage","@id":"https:\/\/vavin.tw\/product\/lionel-osmin-jurancon-clos-cancaillau-dernier-carre-2015\/","url":"https:\/\/vavin.tw\/product\/lionel-osmin-jurancon-clos-cancaillau-dernier-carre-2015\/","name":"Lionel Osmin Juran\u00e7on Clos Cancaillau Dernier Carr\u00e9 2015 - Vavin \u9152\u76d2\u5b50","isPartOf":{"@id":"https:\/\/vavin.tw\/#website"},"primaryImageOfPage":{"@id":"https:\/\/vavin.tw\/product\/lionel-osmin-jurancon-clos-cancaillau-dernier-carre-2015\/#primaryimage"},"image":{"@id":"https:\/\/vavin.tw\/product\/lionel-osmin-jurancon-clos-cancaillau-dernier-carre-2015\/#primaryimage"},"thumbnailUrl":"https:\/\/vavin.tw\/wp-content\/uploads\/2023\/04\/Jurancon-Clos-Cancaillau-Dernier-Carre-Lionel-Osmin-2015.png","datePublished":"2023-04-11T09:59:48+00:00","dateModified":"2025-04-27T08:08:35+00:00","description":"Experience Lionel Osmin Juran\u00e7on Clos Cancaillau Le Dernier Carr\u00e9 2015\u2014a luscious sweet wine with exotic fruit aromas, balanced sweetness, and refreshing acidity. Ideal with foie gras, spicy dishes, or fruit desserts.","breadcrumb":{"@id":"https:\/\/vavin.tw\/product\/lionel-osmin-jurancon-clos-cancaillau-dernier-carre-2015\/#breadcrumb"},"inLanguage":"ja","potentialAction":[{"@type":"ReadAction","target":["https:\/\/vavin.tw\/product\/lionel-osmin-jurancon-clos-cancaillau-dernier-carre-2015\/"]}]},{"@type":"ImageObject","inLanguage":"ja","@id":"https:\/\/vavin.tw\/product\/lionel-osmin-jurancon-clos-cancaillau-dernier-carre-2015\/#primaryimage","url":"https:\/\/vavin.tw\/wp-content\/uploads\/2023\/04\/Jurancon-Clos-Cancaillau-Dernier-Carre-Lionel-Osmin-2015.png","contentUrl":"https:\/\/vavin.tw\/wp-content\/uploads\/2023\/04\/Jurancon-Clos-Cancaillau-Dernier-Carre-Lionel-Osmin-2015.png","width":400,"height":600},{"@type":"BreadcrumbList","@id":"https:\/\/vavin.tw\/product\/lionel-osmin-jurancon-clos-cancaillau-dernier-carre-2015\/#breadcrumb","itemListElement":[{"@type":"ListItem","position":1,"name":"Home","item":"https:\/\/vavin.tw\/"},{"@type":"ListItem","position":2,"name":"Products","item":"https:\/\/vavin.tw\/shop\/"},{"@type":"ListItem","position":3,"name":"Lionel Osmin Juran\u00e7on Clos Cancaillau Dernier Carr\u00e9 2015"}]},{"@type":"WebSite","@id":"https:\/\/vavin.tw\/#website","url":"https:\/\/vavin.tw\/","name":"Vavin","description":"\u30ef\u30a4\u30f3\u306e\u82b8\u8853\u3092\u5473\u308f\u3046","publisher":{"@id":"https:\/\/vavin.tw\/#organization"},"potentialAction":[{"@type":"SearchAction","target":{"@type":"EntryPoint","urlTemplate":"https:\/\/vavin.tw\/?s={search_term_string}"},"query-input":{"@type":"PropertyValueSpecification","valueRequired":true,"valueName":"search_term_string"}}],"inLanguage":"ja"},{"@type":"Organization","@id":"https:\/\/vavin.tw\/#organization","name":"Vavin","url":"https:\/\/vavin.tw\/","logo":{"@type":"ImageObject","inLanguage":"ja","@id":"https:\/\/vavin.tw\/#\/schema\/logo\/image\/","url":"https:\/\/vavin.tw\/wp-content\/uploads\/2023\/03\/cropped-favicon-violet-v1.png","contentUrl":"https:\/\/vavin.tw\/wp-content\/uploads\/2023\/03\/cropped-favicon-violet-v1.png","width":512,"height":512,"caption":"Vavin \u9152\u76d2\u5b50"},"image":{"@id":"https:\/\/vavin.tw\/#\/schema\/logo\/image\/"},"sameAs":["https:\/\/www.facebook.com\/vavintw","https:\/\/www.instagram.com\/vavin_tw"]}]}},"_links":{"self":[{"href":"https:\/\/vavin.tw\/ja\/wp-json\/wp\/v2\/product\/990649","targetHints":{"allow":["GET"]}}],"collection":[{"href":"https:\/\/vavin.tw\/ja\/wp-json\/wp\/v2\/product"}],"about":[{"href":"https:\/\/vavin.tw\/ja\/wp-json\/wp\/v2\/types\/product"}],"replies":[{"embeddable":true,"href":"https:\/\/vavin.tw\/ja\/wp-json\/wp\/v2\/comments?post=990649"}],"version-history":[{"count":0,"href":"https:\/\/vavin.tw\/ja\/wp-json\/wp\/v2\/product\/990649\/revisions"}],"wp:featuredmedia":[{"embeddable":true,"href":"https:\/\/vavin.tw\/ja\/wp-json\/wp\/v2\/media\/995127"}],"wp:attachment":[{"href":"https:\/\/vavin.tw\/ja\/wp-json\/wp\/v2\/media?parent=990649"}],"wp:term":[{"taxonomy":"product_brand","embeddable":true,"href":"https:\/\/vavin.tw\/ja\/wp-json\/wp\/v2\/product_brand?post=990649"},{"taxonomy":"product_cat","embeddable":true,"href":"https:\/\/vavin.tw\/ja\/wp-json\/wp\/v2\/product_cat?post=990649"},{"taxonomy":"product_tag","embeddable":true,"href":"https:\/\/vavin.tw\/ja\/wp-json\/wp\/v2\/product_tag?post=990649"}],"curies":[{"name":"wp","href":"https:\/\/api.w.org\/{rel}","templated":true}]}}