{"id":990884,"date":"2023-04-11T18:01:42","date_gmt":"2023-04-11T10:01:42","guid":{"rendered":"https:\/\/v2.vavin.tw\/product\/pays-doc-grange-des-peres-2011\/"},"modified":"2025-04-27T13:01:04","modified_gmt":"2025-04-27T05:01:04","slug":"%e3%82%b0%e3%83%a9%e3%83%b3%e3%82%b8%e3%83%a5%e3%83%bb%e3%83%87%e3%83%bb%e3%83%9a%e3%83%bc%e3%83%ab%e3%83%bb%e3%83%9a%e3%82%a4%e3%83%89%e3%83%83%e3%82%af2011","status":"publish","type":"product","link":"https:\/\/vavin.tw\/ja\/product\/grange-des-peres-pays-doc-2011\/","title":{"rendered":"\u30b0\u30e9\u30f3\u30b8\u30a7\u30fb\u30c7\u30fb\u30da\u30fc\u30eb\u30fb\u30da\u30a4\u30fb\u30c9\u30c3\u30af 2011"},"content":{"rendered":"<div class=\"vgblk-rw-wrapper limit-wrapper\">\n<div class=\"wine-info\"><strong>\u8272\uff1a<\/strong> \u8d64\u30ef\u30a4\u30f3<br \/>\n<strong>\u30a2\u30eb\u30b3\u30fc\u30eb\u5ea6\u6570\uff1a<\/strong> 14% \u5dfb.<br \/>\n<strong>\u30d6\u30c9\u30a6\u54c1\u7a2e\uff1a<\/strong> \u30b7\u30e9\u30fc\u3001\u30e0\u30fc\u30eb\u30f4\u30a7\u30fc\u30c9\u30eb\u3001\u30ab\u30d9\u30eb\u30cd\u30fb\u30bd\u30fc\u30f4\u30a3\u30cb\u30e8\u30f3\u3001\u30af\u30fc\u30ce\u30ef\u30fc\u30ba<br \/>\n<strong>\u30dc\u30c8\u30eb\u30b5\u30a4\u30ba\uff1a<\/strong> 75 cl<\/div>\n<hr \/>\n<div class=\"wine-section\">\n<h3>\u30ef\u30a4\u30ca\u30ea\u30fc\u306e\u6b74\u53f2<\/h3>\n<p>1990\u5e74\u4ee3\u521d\u982d\u306b\u30ed\u30fc\u30e9\u30f3\u30fb\u30f4\u30a1\u30a4\u30a8\u306b\u3088\u3063\u3066\u8a2d\u7acb\u3055\u308c\u305f\u30c9\u30e1\u30fc\u30cc\u30fb\u30c9\u30fb\u30e9\u30fb\u30b0\u30e9\u30f3\u30b8\u30e5\u30fb\u30c7\u30fb\u30da\u30fc\u30eb\u306f\u3001\u30e9\u30f3\u30b0\u30c9\u30c3\u30af\u306e\u771f\u306e\u30a2\u30a4\u30b3\u30f3\u3068\u3057\u3066\u306e\u5730\u4f4d\u3092\u78ba\u7acb\u3057\u307e\u3057\u305f\u3002\u4f1d\u7d71\u7684\u306a\u624b\u6cd5\u3068\u6b63\u78ba\u3067\u8077\u4eba\u6c17\u8cea\u306a\u30a2\u30d7\u30ed\u30fc\u30c1\u3092\u7d44\u307f\u5408\u308f\u305b\u3001\u3053\u306e\u30a8\u30b9\u30c6\u30fc\u30c8\u306f\u3001\u30c6\u30ed\u30ef\u30fc\u30eb\u306e\u8907\u96d1\u3055\u3068\u7f8e\u3057\u3055\u3092\u53cd\u6620\u3057\u305f\u3001\u9650\u5b9a\u7684\u3067\u975e\u5e38\u306b\u4eba\u6c17\u306e\u9ad8\u3044\u30ef\u30a4\u30f3\u3092\u751f\u7523\u3057\u3066\u3044\u307e\u3059\u3002.<\/p>\n<hr \/>\n<\/div>\n<div class=\"wine-section\">\n<h3>\u30c6\u30ed\u30ef\u30fc\u30eb<\/h3>\n<p>\u30a8\u30ed\u30fc\u5ddd\u6d41\u57df\u306e\u77f3\u7070\u5ca9\u306e\u4e18\u9675\u306b\u4f4d\u7f6e\u3059\u308b\u3053\u306e\u30d6\u30c9\u30a6\u7551\u306f\u3001\u75e9\u305b\u305f\u5ca9\u77f3\u571f\u58cc\u3068\u3001\u6a19\u9ad8\u306b\u3088\u3063\u3066\u548c\u3089\u3052\u3089\u308c\u305f\u5730\u4e2d\u6d77\u6027\u6c17\u5019\u306e\u6069\u6075\u3092\u53d7\u3051\u3066\u3044\u307e\u3059\u3002\u3053\u308c\u3089\u306e\u6761\u4ef6\u306b\u3088\u308a\u3001\u30d6\u30c9\u30a6\u306f\u3086\u3063\u304f\u308a\u3068\u30d0\u30e9\u30f3\u30b9\u826f\u304f\u719f\u3057\u3001\u30ef\u30a4\u30f3\u306b\u6df1\u307f\u3001\u30d5\u30ec\u30c3\u30b7\u30e5\u3055\u3001\u305d\u3057\u3066\u719f\u6210\u80fd\u529b\u3092\u3082\u305f\u3089\u3057\u307e\u3059\u3002.<\/p>\n<hr \/>\n<\/div>\n<div class=\"wine-section\">\n<h3>\u30c6\u30a4\u30b9\u30c6\u30a3\u30f3\u30b0\u30ce\u30fc\u30c8<\/h3>\n<p>\u30ac\u30fc\u30cd\u30c3\u30c8\u306e\u30cf\u30a4\u30e9\u30a4\u30c8\u3092\u4f34\u3046\u6df1\u3044\u30eb\u30d3\u30fc\u30ec\u30c3\u30c9\u3002\u30d6\u30e9\u30c3\u30af\u30c1\u30a7\u30ea\u30fc\u3001\u30ab\u30b7\u30b9\u3001\u30ac\u30ea\u30fc\u30b0\u30cf\u30fc\u30d6\u3001\u30ec\u30b6\u30fc\u3001\u7518\u3044\u30b9\u30d1\u30a4\u30b9\u306e\u30a2\u30ed\u30de\u3092\u63d0\u4f9b\u3059\u308b\u3001\u8907\u96d1\u3067\u719f\u6210\u3057\u305f\u9999\u308a\u3002\u30b7\u30eb\u30ad\u30fc\u3067\u8abf\u548c\u306e\u3068\u308c\u305f\u53e3\u5f53\u305f\u308a\u3067\u3001\u304d\u3081\u7d30\u3084\u304b\u306a\u30bf\u30f3\u30cb\u30f3\u3001\u3088\u304f\u6eb6\u3051\u8fbc\u3093\u3060\u679c\u5b9f\u5473\u3001\u30df\u30cd\u30e9\u30eb\u611f\u3068\u7a4f\u3084\u304b\u306a\u571f\u306e\u30cb\u30e5\u30a2\u30f3\u30b9\u304c\u969b\u7acb\u3064\u6301\u7d9a\u6027\u306e\u3042\u308b\u30d5\u30a3\u30cb\u30c3\u30b7\u30e5\u3002.<\/p>\n<p class=\"wine-highlight\">\u30e9\u30f3\u30b0\u30c9\u30c3\u30af\u5730\u65b9\u306e\u6d17\u7df4\u3055\u308c\u305f\u30a8\u30ec\u30ac\u30f3\u30c8\u306a\u8868\u73fe\u3002\u529b\u5f37\u3055\u3068\u7e4a\u7d30\u3055\u306e\u7f8e\u3057\u3044\u30d0\u30e9\u30f3\u30b9\u300210\u5e74\u4ee5\u4e0a\u306e\u719f\u6210\u3092\u7d4c\u305f\u3001\u30b0\u30eb\u30fc\u30b8\u30e5\u30fb\u30c7\u30fb\u30da\u30fc\u30eb\u306e\u5049\u5927\u3055\u3092\u793a\u3057\u3066\u3044\u307e\u3059\u3002.<\/p>\n<hr \/>\n<\/div>\n<div class=\"wine-section\">\n<h3>\u30da\u30a2\u30ea\u30f3\u30b0<\/h3>\n<p>\u30ed\u30fc\u30b9\u30c8\u3057\u305f\u30e9\u30e0\u8089\u3001\u9d28\u8089\u3001\u9e7f\u8089\u3001\u307e\u305f\u306f\u30b3\u30f3\u30c6\u3084\u30de\u30f3\u30c1\u30a7\u30b4\u306e\u3088\u3046\u306a\u719f\u6210\u30cf\u30fc\u30c9\u30c1\u30fc\u30ba\u3068\u306e\u76f8\u6027\u304c\u629c\u7fa4\u3067\u3059\u3002.<\/p>\n<\/div>\n<\/div>\n<p><!-- .vgblk-rw-wrapper --><\/p>","protected":false},"excerpt":{"rendered":"<p>Color: Red Alcohol: 14% vol. Grape Variety: Syrah, Mourv\u00e8dre, Cabernet Sauvignon, Counoise Bottle Size: 75 cl Estate History Founded by Laurent Vaill\u00e9 in the early 1990s, Domaine de la Grange des P\u00e8res has established itself as a true icon of the Languedoc. Combining traditional methods with a precise, artisanal approach, the estate produces limited, highly sought-after wines that reflect the complexity and beauty of their terroir. Terroir Situated in the limestone hillsides of the H\u00e9rault Valley, the vineyards benefit from poor, rocky soils and a Mediterranean climate softened by altitude. These conditions allow slow, balanced ripening of the grapes, bringing depth, freshness, and aging capacity to the wine. Tasting Notes&#8230;<\/p>","protected":false},"featured_media":988352,"comment_status":"open","ping_status":"closed","template":"","meta":[],"product_brand":[],"product_cat":[138,63],"product_tag":[151,181,174,289,149],"class_list":{"0":"post-990884","1":"product","2":"type-product","3":"status-publish","4":"has-post-thumbnail","6":"product_cat-languedoc","7":"product_cat-red","8":"product_tag-cabernet-sauvignon","9":"product_tag-cournoise","10":"product_tag-mourvedre","11":"product_tag-pays-doc","12":"product_tag-syrah","14":"first","15":"instock","16":"shipping-taxable","17":"product-type-simple"},"yoast_head":"<!-- This site is optimized with the Yoast SEO Premium plugin v27.2 (Yoast SEO v27.3) - https:\/\/yoast.com\/product\/yoast-seo-premium-wordpress\/ -->\n<title>Grange des P\u00e8res Pays d&#039;Oc 2011 - Vavin \u9152\u76d2\u5b50<\/title>\n<meta name=\"description\" content=\"Domaine de la Grange des P\u00e8res Pays d\u2019Oc 2011 \u2014 a mature and elegant Languedoc blend of Syrah, Mourv\u00e8dre, Cabernet Sauvignon, and Counoise. Complex aromas of dark fruit, leather, and spices with silky tannins and great balance. Ideal with lamb, game, or aged cheeses.\" \/>\n<meta name=\"robots\" content=\"index, follow, max-snippet:-1, max-image-preview:large, max-video-preview:-1\" \/>\n<link rel=\"canonical\" href=\"https:\/\/vavin.tw\/ja\/product\/\u30b0\u30e9\u30f3\u30b8\u30e5\u30fb\u30c7\u30fb\u30da\u30fc\u30eb\u30fb\u30da\u30a4\u30c9\u30c3\u30af2011\/\" \/>\n<meta property=\"og:locale\" content=\"ja_JP\" \/>\n<meta property=\"og:type\" content=\"article\" \/>\n<meta property=\"og:title\" content=\"Grange des P\u00e8res Pays d&#039;Oc 2011\" \/>\n<meta property=\"og:description\" content=\"Domaine de la Grange des P\u00e8res Pays d\u2019Oc 2011 \u2014 a mature and elegant Languedoc blend of Syrah, Mourv\u00e8dre, Cabernet Sauvignon, and Counoise. Complex aromas of dark fruit, leather, and spices with silky tannins and great balance. Ideal with lamb, game, or aged cheeses.\" \/>\n<meta property=\"og:url\" content=\"https:\/\/vavin.tw\/ja\/product\/\u30b0\u30e9\u30f3\u30b8\u30e5\u30fb\u30c7\u30fb\u30da\u30fc\u30eb\u30fb\u30da\u30a4\u30c9\u30c3\u30af2011\/\" \/>\n<meta property=\"og:site_name\" content=\"Vavin \u9152\u76d2\u5b50\" \/>\n<meta property=\"article:publisher\" content=\"https:\/\/www.facebook.com\/vavintw\" \/>\n<meta property=\"article:modified_time\" content=\"2025-04-27T05:01:04+00:00\" \/>\n<meta property=\"og:image\" content=\"https:\/\/vavin.tw\/wp-content\/uploads\/2023\/03\/Pays-dOc-Grange-des-pe\u0300res-2017.png\" \/>\n\t<meta property=\"og:image:width\" content=\"400\" \/>\n\t<meta property=\"og:image:height\" content=\"600\" \/>\n\t<meta property=\"og:image:type\" content=\"image\/png\" \/>\n<meta name=\"twitter:card\" content=\"summary_large_image\" \/>\n<meta name=\"twitter:label1\" content=\"\u63a8\u5b9a\u8aad\u307f\u53d6\u308a\u6642\u9593\" \/>\n\t<meta name=\"twitter:data1\" content=\"2\u5206\" \/>\n<script type=\"application\/ld+json\" class=\"yoast-schema-graph\">{\"@context\":\"https:\\\/\\\/schema.org\",\"@graph\":[{\"@type\":\"WebPage\",\"@id\":\"https:\\\/\\\/vavin.tw\\\/product\\\/grange-des-peres-pays-doc-2011\\\/\",\"url\":\"https:\\\/\\\/vavin.tw\\\/product\\\/grange-des-peres-pays-doc-2011\\\/\",\"name\":\"Grange des P\u00e8res Pays d'Oc 2011 - Vavin \u9152\u76d2\u5b50\",\"isPartOf\":{\"@id\":\"https:\\\/\\\/vavin.tw\\\/#website\"},\"primaryImageOfPage\":{\"@id\":\"https:\\\/\\\/vavin.tw\\\/product\\\/grange-des-peres-pays-doc-2011\\\/#primaryimage\"},\"image\":{\"@id\":\"https:\\\/\\\/vavin.tw\\\/product\\\/grange-des-peres-pays-doc-2011\\\/#primaryimage\"},\"thumbnailUrl\":\"https:\\\/\\\/vavin.tw\\\/wp-content\\\/uploads\\\/2023\\\/03\\\/Pays-dOc-Grange-des-pe\u0300res-2017.png\",\"datePublished\":\"2023-04-11T10:01:42+00:00\",\"dateModified\":\"2025-04-27T05:01:04+00:00\",\"description\":\"Domaine de la Grange des P\u00e8res Pays d\u2019Oc 2011 \u2014 a mature and elegant Languedoc blend of Syrah, Mourv\u00e8dre, Cabernet Sauvignon, and Counoise. Complex aromas of dark fruit, leather, and spices with silky tannins and great balance. Ideal with lamb, game, or aged cheeses.\",\"breadcrumb\":{\"@id\":\"https:\\\/\\\/vavin.tw\\\/product\\\/grange-des-peres-pays-doc-2011\\\/#breadcrumb\"},\"inLanguage\":\"ja\",\"potentialAction\":[{\"@type\":\"ReadAction\",\"target\":[\"https:\\\/\\\/vavin.tw\\\/product\\\/grange-des-peres-pays-doc-2011\\\/\"]}]},{\"@type\":\"ImageObject\",\"inLanguage\":\"ja\",\"@id\":\"https:\\\/\\\/vavin.tw\\\/product\\\/grange-des-peres-pays-doc-2011\\\/#primaryimage\",\"url\":\"https:\\\/\\\/vavin.tw\\\/wp-content\\\/uploads\\\/2023\\\/03\\\/Pays-dOc-Grange-des-pe\u0300res-2017.png\",\"contentUrl\":\"https:\\\/\\\/vavin.tw\\\/wp-content\\\/uploads\\\/2023\\\/03\\\/Pays-dOc-Grange-des-pe\u0300res-2017.png\",\"width\":400,\"height\":600},{\"@type\":\"BreadcrumbList\",\"@id\":\"https:\\\/\\\/vavin.tw\\\/product\\\/grange-des-peres-pays-doc-2011\\\/#breadcrumb\",\"itemListElement\":[{\"@type\":\"ListItem\",\"position\":1,\"name\":\"Home\",\"item\":\"https:\\\/\\\/vavin.tw\\\/\"},{\"@type\":\"ListItem\",\"position\":2,\"name\":\"Products\",\"item\":\"https:\\\/\\\/vavin.tw\\\/shop\\\/\"},{\"@type\":\"ListItem\",\"position\":3,\"name\":\"Grange des P\u00e8res Pays d&rsquo;Oc 2011\"}]},{\"@type\":\"WebSite\",\"@id\":\"https:\\\/\\\/vavin.tw\\\/#website\",\"url\":\"https:\\\/\\\/vavin.tw\\\/\",\"name\":\"Vavin \u9152\u76d2\u5b50\",\"description\":\"Savor the Art of Wine\",\"publisher\":{\"@id\":\"https:\\\/\\\/vavin.tw\\\/#organization\"},\"potentialAction\":[{\"@type\":\"SearchAction\",\"target\":{\"@type\":\"EntryPoint\",\"urlTemplate\":\"https:\\\/\\\/vavin.tw\\\/?s={search_term_string}\"},\"query-input\":{\"@type\":\"PropertyValueSpecification\",\"valueRequired\":true,\"valueName\":\"search_term_string\"}}],\"inLanguage\":\"ja\"},{\"@type\":\"Organization\",\"@id\":\"https:\\\/\\\/vavin.tw\\\/#organization\",\"name\":\"Vavin \u9152\u76d2\u5b50\",\"url\":\"https:\\\/\\\/vavin.tw\\\/\",\"logo\":{\"@type\":\"ImageObject\",\"inLanguage\":\"ja\",\"@id\":\"https:\\\/\\\/vavin.tw\\\/#\\\/schema\\\/logo\\\/image\\\/\",\"url\":\"https:\\\/\\\/vavin.tw\\\/wp-content\\\/uploads\\\/2023\\\/03\\\/cropped-favicon-violet-v1.png\",\"contentUrl\":\"https:\\\/\\\/vavin.tw\\\/wp-content\\\/uploads\\\/2023\\\/03\\\/cropped-favicon-violet-v1.png\",\"width\":512,\"height\":512,\"caption\":\"Vavin \u9152\u76d2\u5b50\"},\"image\":{\"@id\":\"https:\\\/\\\/vavin.tw\\\/#\\\/schema\\\/logo\\\/image\\\/\"},\"sameAs\":[\"https:\\\/\\\/www.facebook.com\\\/vavintw\",\"https:\\\/\\\/www.instagram.com\\\/vavin_tw\"]}]}<\/script>\n<!-- \/ Yoast SEO Premium plugin. -->","yoast_head_json":{"title":"\u30b0\u30e9\u30f3\u30b8\u30e5\u30fb\u30c7\u30fb\u30da\u30fc\u30eb\u30fb\u30da\u30a4\u30fb\u30c9\u30c3\u30af 2011 - \u30d0\u30f4\u30a1\u30f3 \u30ef\u30a4\u30f3\u30dc\u30c3\u30af\u30b9","description":"\u30c9\u30e1\u30fc\u30cc\u30fb\u30c9\u30fb\u30e9\u30fb\u30b0\u30e9\u30f3\u30b8\u30e5\u30fb\u30c7\u30fb\u30da\u30fc\u30eb\u30fb\u30da\u30a4\u30fb\u30c9\u30c3\u30af 2011 \u2014 \u30b7\u30e9\u30fc\u3001\u30e0\u30fc\u30eb\u30f4\u30a7\u30fc\u30c9\u30eb\u3001\u30ab\u30d9\u30eb\u30cd\u30fb\u30bd\u30fc\u30f4\u30a3\u30cb\u30e8\u30f3\u3001\u30ab\u30cc\u30fc\u30a2\u30fc\u30ba\u3092\u30d6\u30ec\u30f3\u30c9\u3057\u305f\u3001\u719f\u6210\u611f\u306e\u3042\u308b\u30a8\u30ec\u30ac\u30f3\u30c8\u306a\u30e9\u30f3\u30b0\u30c9\u30c3\u30af\u30ef\u30a4\u30f3\u3002\u30c0\u30fc\u30af\u30d5\u30eb\u30fc\u30c4\u3001\u30ec\u30b6\u30fc\u3001\u30b9\u30d1\u30a4\u30b9\u306e\u8907\u96d1\u306a\u30a2\u30ed\u30de\u3067\u3001\u30b7\u30eb\u30ad\u30fc\u306a\u30bf\u30f3\u30cb\u30f3\u3068\u7d20\u6674\u3089\u3057\u3044\u30d0\u30e9\u30f3\u30b9\u3002\u30e9\u30e0\u8089\u3001\u30b8\u30d3\u30a8\u3001\u719f\u6210\u30c1\u30fc\u30ba\u3068\u7406\u60f3\u7684\u306a\u30da\u30a2\u30ea\u30f3\u30b0\u3002.","robots":{"index":"index","follow":"follow","max-snippet":"max-snippet:-1","max-image-preview":"max-image-preview:large","max-video-preview":"max-video-preview:-1"},"canonical":"https:\/\/vavin.tw\/ja\/product\/\u30b0\u30e9\u30f3\u30b8\u30e5\u30fb\u30c7\u30fb\u30da\u30fc\u30eb\u30fb\u30da\u30a4\u30c9\u30c3\u30af2011\/","og_locale":"ja_JP","og_type":"article","og_title":"Grange des P\u00e8res Pays d'Oc 2011","og_description":"Domaine de la Grange des P\u00e8res Pays d\u2019Oc 2011 \u2014 a mature and elegant Languedoc blend of Syrah, Mourv\u00e8dre, Cabernet Sauvignon, and Counoise. Complex aromas of dark fruit, leather, and spices with silky tannins and great balance. Ideal with lamb, game, or aged cheeses.","og_url":"https:\/\/vavin.tw\/ja\/product\/\u30b0\u30e9\u30f3\u30b8\u30e5\u30fb\u30c7\u30fb\u30da\u30fc\u30eb\u30fb\u30da\u30a4\u30c9\u30c3\u30af2011\/","og_site_name":"Vavin \u9152\u76d2\u5b50","article_publisher":"https:\/\/www.facebook.com\/vavintw","article_modified_time":"2025-04-27T05:01:04+00:00","og_image":[{"width":400,"height":600,"url":"https:\/\/vavin.tw\/wp-content\/uploads\/2023\/03\/Pays-dOc-Grange-des-pe\u0300res-2017.png","type":"image\/png"}],"twitter_card":"summary_large_image","twitter_misc":{"\u63a8\u5b9a\u8aad\u307f\u53d6\u308a\u6642\u9593":"2\u5206"},"schema":{"@context":"https:\/\/schema.org","@graph":[{"@type":"WebPage","@id":"https:\/\/vavin.tw\/product\/grange-des-peres-pays-doc-2011\/","url":"https:\/\/vavin.tw\/product\/grange-des-peres-pays-doc-2011\/","name":"\u30b0\u30e9\u30f3\u30b8\u30e5\u30fb\u30c7\u30fb\u30da\u30fc\u30eb\u30fb\u30da\u30a4\u30fb\u30c9\u30c3\u30af 2011 - \u30d0\u30f4\u30a1\u30f3 \u30ef\u30a4\u30f3\u30dc\u30c3\u30af\u30b9","isPartOf":{"@id":"https:\/\/vavin.tw\/#website"},"primaryImageOfPage":{"@id":"https:\/\/vavin.tw\/product\/grange-des-peres-pays-doc-2011\/#primaryimage"},"image":{"@id":"https:\/\/vavin.tw\/product\/grange-des-peres-pays-doc-2011\/#primaryimage"},"thumbnailUrl":"https:\/\/vavin.tw\/wp-content\/uploads\/2023\/03\/Pays-dOc-Grange-des-pe\u0300res-2017.png","datePublished":"2023-04-11T10:01:42+00:00","dateModified":"2025-04-27T05:01:04+00:00","description":"\u30c9\u30e1\u30fc\u30cc\u30fb\u30c9\u30fb\u30e9\u30fb\u30b0\u30e9\u30f3\u30b8\u30e5\u30fb\u30c7\u30fb\u30da\u30fc\u30eb\u30fb\u30da\u30a4\u30fb\u30c9\u30c3\u30af 2011 \u2014 \u30b7\u30e9\u30fc\u3001\u30e0\u30fc\u30eb\u30f4\u30a7\u30fc\u30c9\u30eb\u3001\u30ab\u30d9\u30eb\u30cd\u30fb\u30bd\u30fc\u30f4\u30a3\u30cb\u30e8\u30f3\u3001\u30ab\u30cc\u30fc\u30a2\u30fc\u30ba\u3092\u30d6\u30ec\u30f3\u30c9\u3057\u305f\u3001\u719f\u6210\u611f\u306e\u3042\u308b\u30a8\u30ec\u30ac\u30f3\u30c8\u306a\u30e9\u30f3\u30b0\u30c9\u30c3\u30af\u30ef\u30a4\u30f3\u3002\u30c0\u30fc\u30af\u30d5\u30eb\u30fc\u30c4\u3001\u30ec\u30b6\u30fc\u3001\u30b9\u30d1\u30a4\u30b9\u306e\u8907\u96d1\u306a\u30a2\u30ed\u30de\u3067\u3001\u30b7\u30eb\u30ad\u30fc\u306a\u30bf\u30f3\u30cb\u30f3\u3068\u7d20\u6674\u3089\u3057\u3044\u30d0\u30e9\u30f3\u30b9\u3002\u30e9\u30e0\u8089\u3001\u30b8\u30d3\u30a8\u3001\u719f\u6210\u30c1\u30fc\u30ba\u3068\u7406\u60f3\u7684\u306a\u30da\u30a2\u30ea\u30f3\u30b0\u3002.","breadcrumb":{"@id":"https:\/\/vavin.tw\/product\/grange-des-peres-pays-doc-2011\/#breadcrumb"},"inLanguage":"ja","potentialAction":[{"@type":"ReadAction","target":["https:\/\/vavin.tw\/product\/grange-des-peres-pays-doc-2011\/"]}]},{"@type":"ImageObject","inLanguage":"ja","@id":"https:\/\/vavin.tw\/product\/grange-des-peres-pays-doc-2011\/#primaryimage","url":"https:\/\/vavin.tw\/wp-content\/uploads\/2023\/03\/Pays-dOc-Grange-des-pe\u0300res-2017.png","contentUrl":"https:\/\/vavin.tw\/wp-content\/uploads\/2023\/03\/Pays-dOc-Grange-des-pe\u0300res-2017.png","width":400,"height":600},{"@type":"BreadcrumbList","@id":"https:\/\/vavin.tw\/product\/grange-des-peres-pays-doc-2011\/#breadcrumb","itemListElement":[{"@type":"ListItem","position":1,"name":"Home","item":"https:\/\/vavin.tw\/"},{"@type":"ListItem","position":2,"name":"Products","item":"https:\/\/vavin.tw\/shop\/"},{"@type":"ListItem","position":3,"name":"Grange des P\u00e8res Pays d&rsquo;Oc 2011"}]},{"@type":"WebSite","@id":"https:\/\/vavin.tw\/#website","url":"https:\/\/vavin.tw\/","name":"Vavin","description":"\u30ef\u30a4\u30f3\u306e\u82b8\u8853\u3092\u5473\u308f\u3046","publisher":{"@id":"https:\/\/vavin.tw\/#organization"},"potentialAction":[{"@type":"SearchAction","target":{"@type":"EntryPoint","urlTemplate":"https:\/\/vavin.tw\/?s={search_term_string}"},"query-input":{"@type":"PropertyValueSpecification","valueRequired":true,"valueName":"search_term_string"}}],"inLanguage":"ja"},{"@type":"Organization","@id":"https:\/\/vavin.tw\/#organization","name":"Vavin","url":"https:\/\/vavin.tw\/","logo":{"@type":"ImageObject","inLanguage":"ja","@id":"https:\/\/vavin.tw\/#\/schema\/logo\/image\/","url":"https:\/\/vavin.tw\/wp-content\/uploads\/2023\/03\/cropped-favicon-violet-v1.png","contentUrl":"https:\/\/vavin.tw\/wp-content\/uploads\/2023\/03\/cropped-favicon-violet-v1.png","width":512,"height":512,"caption":"Vavin \u9152\u76d2\u5b50"},"image":{"@id":"https:\/\/vavin.tw\/#\/schema\/logo\/image\/"},"sameAs":["https:\/\/www.facebook.com\/vavintw","https:\/\/www.instagram.com\/vavin_tw"]}]}},"_links":{"self":[{"href":"https:\/\/vavin.tw\/ja\/wp-json\/wp\/v2\/product\/990884","targetHints":{"allow":["GET"]}}],"collection":[{"href":"https:\/\/vavin.tw\/ja\/wp-json\/wp\/v2\/product"}],"about":[{"href":"https:\/\/vavin.tw\/ja\/wp-json\/wp\/v2\/types\/product"}],"replies":[{"embeddable":true,"href":"https:\/\/vavin.tw\/ja\/wp-json\/wp\/v2\/comments?post=990884"}],"version-history":[{"count":0,"href":"https:\/\/vavin.tw\/ja\/wp-json\/wp\/v2\/product\/990884\/revisions"}],"wp:featuredmedia":[{"embeddable":true,"href":"https:\/\/vavin.tw\/ja\/wp-json\/wp\/v2\/media\/988352"}],"wp:attachment":[{"href":"https:\/\/vavin.tw\/ja\/wp-json\/wp\/v2\/media?parent=990884"}],"wp:term":[{"taxonomy":"product_brand","embeddable":true,"href":"https:\/\/vavin.tw\/ja\/wp-json\/wp\/v2\/product_brand?post=990884"},{"taxonomy":"product_cat","embeddable":true,"href":"https:\/\/vavin.tw\/ja\/wp-json\/wp\/v2\/product_cat?post=990884"},{"taxonomy":"product_tag","embeddable":true,"href":"https:\/\/vavin.tw\/ja\/wp-json\/wp\/v2\/product_tag?post=990884"}],"curies":[{"name":"wp","href":"https:\/\/api.w.org\/{rel}","templated":true}]}}