{"id":994680,"date":"2023-10-31T23:15:11","date_gmt":"2023-10-31T15:15:11","guid":{"rendered":"https:\/\/vavin.tw\/?post_type=product&#038;p=994680"},"modified":"2025-04-26T12:51:45","modified_gmt":"2025-04-26T04:51:45","slug":"le-nid-moulin-a-vent-rochegres-2019","status":"publish","type":"product","link":"https:\/\/vavin.tw\/ja\/product\/le-nid-moulin-a-vent-rochegres-2019\/","title":{"rendered":"Le Nid Moulin \u00e0 Vent Rochegr\u00e8s 2019"},"content":{"rendered":"<div class=\"vgblk-rw-wrapper limit-wrapper\">\n<div class=\"wine-info\"><strong>\u8272\uff1a<\/strong> \u8d64\u30ef\u30a4\u30f3<br \/>\n<strong>\u30a2\u30eb\u30b3\u30fc\u30eb\u5ea6\u6570\uff1a<\/strong> 13.5% \u5dfb.<br \/>\n<strong>\u30d6\u30c9\u30a6\u54c1\u7a2e\uff1a<\/strong> 100% \u30ac\u30e1\u30a4<br \/>\n<strong>\u30dc\u30c8\u30eb\u30b5\u30a4\u30ba\uff1a<\/strong> 75 cl<\/div>\n<hr \/>\n<div class=\"wine-section\">\n<h3>\u30c9\u30e1\u30fc\u30cc\u306e\u6b74\u53f2<\/h3>\n<p>Maison Le Nid is a family-run estate nestled in the heart of Beaujolais. Passionate about their terroir, the family works meticulously on each plot to reveal the identity and elegance of Moulin-\u00e0-Vent. Their approach combines traditional methods with a deep respect for nature and the vine.<\/p>\n<hr \/>\n<\/div>\n<div class=\"wine-section\">\n<h3>\u30c6\u30ed\u30ef\u30fc\u30eb<\/h3>\n<p>The Rochegr\u00e8s climat is one of the most prestigious lieux-dits of Moulin-\u00e0-Vent, with pink granite soils that provide excellent drainage and promote deep root systems. This exceptional terroir brings both structure and finesse to the wines, allowing great aromatic complexity and aging potential.<\/p>\n<hr \/>\n<\/div>\n<div class=\"wine-section\">\n<h3>\u30c6\u30a4\u30b9\u30c6\u30a3\u30f3\u30b0\u30ce\u30fc\u30c8<\/h3>\n<p>Deep ruby red with purple reflections. The nose is intense, marked by black cherry, violet, and delicate spicy notes. On the palate, the wine is powerful yet silky, with fine-grained tannins, vibrant freshness, and a long, mineral finish.<\/p>\n<p class=\"wine-highlight\">An elegant and structured Moulin-\u00e0-Vent, expressing the depth and refinement of the Rochegr\u00e8s terroir \u2014 perfect for aging or immediate enjoyment.<\/p>\n<hr \/>\n<\/div>\n<div class=\"wine-section\">\n<h3>\u30da\u30a2\u30ea\u30f3\u30b0<\/h3>\n<p>Ideal with duck breast, roasted lamb, mushroom risotto, or hard cheeses like Comt\u00e9 or aged Gouda.<\/p>\n<\/div>\n<\/div>\n<p><!-- .vgblk-rw-wrapper --><\/p>","protected":false},"excerpt":{"rendered":"<p>Color: Red Alcohol: 13.5% vol. Grape Variety: 100% Gamay Bottle Size: 75 cl Domaine History Maison Le Nid is a family-run estate nestled in the heart of Beaujolais. Passionate about their terroir, the family works meticulously on each plot to reveal the identity and elegance of Moulin-\u00e0-Vent. Their approach combines traditional methods with a deep respect for nature and the vine. Terroir The Rochegr\u00e8s climat is one of the most prestigious lieux-dits of Moulin-\u00e0-Vent, with pink granite soils that provide excellent drainage and promote deep root systems. This exceptional terroir brings both structure and finesse to the wines, allowing great aromatic complexity and aging potential. Tasting Notes Deep ruby red&#8230;<\/p>","protected":false},"featured_media":991080,"comment_status":"open","ping_status":"closed","template":"","meta":[],"product_brand":[],"product_cat":[169,63],"product_tag":[154,280,265],"class_list":{"0":"post-994680","1":"product","2":"type-product","3":"status-publish","4":"has-post-thumbnail","6":"product_cat-beaujolais","7":"product_cat-red","8":"product_tag-gamay","9":"product_tag-moulin-a-vent","10":"product_tag-nature-wine","12":"first","13":"outofstock","14":"shipping-taxable","15":"product-type-simple"},"yoast_head":"<!-- This site is optimized with the Yoast SEO Premium plugin v27.2 (Yoast SEO v27.5) - https:\/\/yoast.com\/product\/yoast-seo-premium-wordpress\/ -->\n<title>Le Nid Moulin \u00e0 Vent Rochegr\u00e8s 2019 - Vavin \u9152\u76d2\u5b50<\/title>\n<meta name=\"description\" content=\"Maison Le Nid Moulin-\u00e0-Vent Rochegr\u00e8s 2019 \u2014 a structured and elegant Gamay from Beaujolais, offering black cherry, violet, and mineral notes.\" \/>\n<meta name=\"robots\" content=\"index, follow, max-snippet:-1, max-image-preview:large, max-video-preview:-1\" \/>\n<link rel=\"canonical\" href=\"https:\/\/vavin.tw\/ja\/product\/le-nid-moulin-a-vent-rochegres-2019\/\" \/>\n<meta property=\"og:locale\" content=\"ja_JP\" \/>\n<meta property=\"og:type\" content=\"article\" \/>\n<meta property=\"og:title\" content=\"Le Nid Moulin \u00e0 Vent Rochegr\u00e8s 2019\" \/>\n<meta property=\"og:description\" content=\"Maison Le Nid Moulin-\u00e0-Vent Rochegr\u00e8s 2019 \u2014 a structured and elegant Gamay from Beaujolais, offering black cherry, violet, and mineral notes.\" \/>\n<meta property=\"og:url\" content=\"https:\/\/vavin.tw\/ja\/product\/le-nid-moulin-a-vent-rochegres-2019\/\" \/>\n<meta property=\"og:site_name\" content=\"Vavin \u9152\u76d2\u5b50\" \/>\n<meta property=\"article:publisher\" content=\"https:\/\/www.facebook.com\/vavintw\" \/>\n<meta property=\"article:modified_time\" content=\"2025-04-26T04:51:45+00:00\" \/>\n<meta property=\"og:image\" content=\"https:\/\/vavin.tw\/wp-content\/uploads\/2023\/04\/Moulin-a-vent-Rochegres-Maison-Le-NID.png\" \/>\n\t<meta property=\"og:image:width\" content=\"400\" \/>\n\t<meta property=\"og:image:height\" content=\"600\" \/>\n\t<meta property=\"og:image:type\" content=\"image\/png\" \/>\n<meta name=\"twitter:card\" content=\"summary_large_image\" \/>\n<meta name=\"twitter:label1\" content=\"\u63a8\u5b9a\u8aad\u307f\u53d6\u308a\u6642\u9593\" \/>\n\t<meta name=\"twitter:data1\" content=\"1\u5206\" \/>\n<script type=\"application\/ld+json\" class=\"yoast-schema-graph\">{\"@context\":\"https:\\\/\\\/schema.org\",\"@graph\":[{\"@type\":\"WebPage\",\"@id\":\"https:\\\/\\\/vavin.tw\\\/product\\\/le-nid-moulin-a-vent-rochegres-2019\\\/\",\"url\":\"https:\\\/\\\/vavin.tw\\\/product\\\/le-nid-moulin-a-vent-rochegres-2019\\\/\",\"name\":\"Le Nid Moulin \u00e0 Vent Rochegr\u00e8s 2019 - Vavin \u9152\u76d2\u5b50\",\"isPartOf\":{\"@id\":\"https:\\\/\\\/vavin.tw\\\/#website\"},\"primaryImageOfPage\":{\"@id\":\"https:\\\/\\\/vavin.tw\\\/product\\\/le-nid-moulin-a-vent-rochegres-2019\\\/#primaryimage\"},\"image\":{\"@id\":\"https:\\\/\\\/vavin.tw\\\/product\\\/le-nid-moulin-a-vent-rochegres-2019\\\/#primaryimage\"},\"thumbnailUrl\":\"https:\\\/\\\/vavin.tw\\\/wp-content\\\/uploads\\\/2023\\\/04\\\/Moulin-a-vent-Rochegres-Maison-Le-NID.png\",\"datePublished\":\"2023-10-31T15:15:11+00:00\",\"dateModified\":\"2025-04-26T04:51:45+00:00\",\"description\":\"Maison Le Nid Moulin-\u00e0-Vent Rochegr\u00e8s 2019 \u2014 a structured and elegant Gamay from Beaujolais, offering black cherry, violet, and mineral notes.\",\"breadcrumb\":{\"@id\":\"https:\\\/\\\/vavin.tw\\\/product\\\/le-nid-moulin-a-vent-rochegres-2019\\\/#breadcrumb\"},\"inLanguage\":\"ja\",\"potentialAction\":[{\"@type\":\"ReadAction\",\"target\":[\"https:\\\/\\\/vavin.tw\\\/product\\\/le-nid-moulin-a-vent-rochegres-2019\\\/\"]}]},{\"@type\":\"ImageObject\",\"inLanguage\":\"ja\",\"@id\":\"https:\\\/\\\/vavin.tw\\\/product\\\/le-nid-moulin-a-vent-rochegres-2019\\\/#primaryimage\",\"url\":\"https:\\\/\\\/vavin.tw\\\/wp-content\\\/uploads\\\/2023\\\/04\\\/Moulin-a-vent-Rochegres-Maison-Le-NID.png\",\"contentUrl\":\"https:\\\/\\\/vavin.tw\\\/wp-content\\\/uploads\\\/2023\\\/04\\\/Moulin-a-vent-Rochegres-Maison-Le-NID.png\",\"width\":400,\"height\":600},{\"@type\":\"BreadcrumbList\",\"@id\":\"https:\\\/\\\/vavin.tw\\\/product\\\/le-nid-moulin-a-vent-rochegres-2019\\\/#breadcrumb\",\"itemListElement\":[{\"@type\":\"ListItem\",\"position\":1,\"name\":\"Home\",\"item\":\"https:\\\/\\\/vavin.tw\\\/\"},{\"@type\":\"ListItem\",\"position\":2,\"name\":\"Products\",\"item\":\"https:\\\/\\\/vavin.tw\\\/shop\\\/\"},{\"@type\":\"ListItem\",\"position\":3,\"name\":\"Le Nid Moulin \u00e0 Vent Rochegr\u00e8s 2019\"}]},{\"@type\":\"WebSite\",\"@id\":\"https:\\\/\\\/vavin.tw\\\/#website\",\"url\":\"https:\\\/\\\/vavin.tw\\\/\",\"name\":\"Vavin \u9152\u76d2\u5b50\",\"description\":\"Savor the Art of Wine\",\"publisher\":{\"@id\":\"https:\\\/\\\/vavin.tw\\\/#organization\"},\"potentialAction\":[{\"@type\":\"SearchAction\",\"target\":{\"@type\":\"EntryPoint\",\"urlTemplate\":\"https:\\\/\\\/vavin.tw\\\/?s={search_term_string}\"},\"query-input\":{\"@type\":\"PropertyValueSpecification\",\"valueRequired\":true,\"valueName\":\"search_term_string\"}}],\"inLanguage\":\"ja\"},{\"@type\":\"Organization\",\"@id\":\"https:\\\/\\\/vavin.tw\\\/#organization\",\"name\":\"Vavin \u9152\u76d2\u5b50\",\"url\":\"https:\\\/\\\/vavin.tw\\\/\",\"logo\":{\"@type\":\"ImageObject\",\"inLanguage\":\"ja\",\"@id\":\"https:\\\/\\\/vavin.tw\\\/#\\\/schema\\\/logo\\\/image\\\/\",\"url\":\"https:\\\/\\\/vavin.tw\\\/wp-content\\\/uploads\\\/2023\\\/03\\\/cropped-favicon-violet-v1.png\",\"contentUrl\":\"https:\\\/\\\/vavin.tw\\\/wp-content\\\/uploads\\\/2023\\\/03\\\/cropped-favicon-violet-v1.png\",\"width\":512,\"height\":512,\"caption\":\"Vavin \u9152\u76d2\u5b50\"},\"image\":{\"@id\":\"https:\\\/\\\/vavin.tw\\\/#\\\/schema\\\/logo\\\/image\\\/\"},\"sameAs\":[\"https:\\\/\\\/www.facebook.com\\\/vavintw\",\"https:\\\/\\\/www.instagram.com\\\/vavin_tw\"]}]}<\/script>\n<!-- \/ Yoast SEO Premium plugin. -->","yoast_head_json":{"title":"Le Nid Moulin \u00e0 Vent Rochegr\u00e8s 2019 - Vavin \u9152\u76d2\u5b50","description":"Maison Le Nid Moulin-\u00e0-Vent Rochegr\u00e8s 2019 \u2014 a structured and elegant Gamay from Beaujolais, offering black cherry, violet, and mineral notes.","robots":{"index":"index","follow":"follow","max-snippet":"max-snippet:-1","max-image-preview":"max-image-preview:large","max-video-preview":"max-video-preview:-1"},"canonical":"https:\/\/vavin.tw\/ja\/product\/le-nid-moulin-a-vent-rochegres-2019\/","og_locale":"ja_JP","og_type":"article","og_title":"Le Nid Moulin \u00e0 Vent Rochegr\u00e8s 2019","og_description":"Maison Le Nid Moulin-\u00e0-Vent Rochegr\u00e8s 2019 \u2014 a structured and elegant Gamay from Beaujolais, offering black cherry, violet, and mineral notes.","og_url":"https:\/\/vavin.tw\/ja\/product\/le-nid-moulin-a-vent-rochegres-2019\/","og_site_name":"Vavin \u9152\u76d2\u5b50","article_publisher":"https:\/\/www.facebook.com\/vavintw","article_modified_time":"2025-04-26T04:51:45+00:00","og_image":[{"width":400,"height":600,"url":"https:\/\/vavin.tw\/wp-content\/uploads\/2023\/04\/Moulin-a-vent-Rochegres-Maison-Le-NID.png","type":"image\/png"}],"twitter_card":"summary_large_image","twitter_misc":{"\u63a8\u5b9a\u8aad\u307f\u53d6\u308a\u6642\u9593":"1\u5206"},"schema":{"@context":"https:\/\/schema.org","@graph":[{"@type":"WebPage","@id":"https:\/\/vavin.tw\/product\/le-nid-moulin-a-vent-rochegres-2019\/","url":"https:\/\/vavin.tw\/product\/le-nid-moulin-a-vent-rochegres-2019\/","name":"Le Nid Moulin \u00e0 Vent Rochegr\u00e8s 2019 - Vavin \u9152\u76d2\u5b50","isPartOf":{"@id":"https:\/\/vavin.tw\/#website"},"primaryImageOfPage":{"@id":"https:\/\/vavin.tw\/product\/le-nid-moulin-a-vent-rochegres-2019\/#primaryimage"},"image":{"@id":"https:\/\/vavin.tw\/product\/le-nid-moulin-a-vent-rochegres-2019\/#primaryimage"},"thumbnailUrl":"https:\/\/vavin.tw\/wp-content\/uploads\/2023\/04\/Moulin-a-vent-Rochegres-Maison-Le-NID.png","datePublished":"2023-10-31T15:15:11+00:00","dateModified":"2025-04-26T04:51:45+00:00","description":"Maison Le Nid Moulin-\u00e0-Vent Rochegr\u00e8s 2019 \u2014 a structured and elegant Gamay from Beaujolais, offering black cherry, violet, and mineral notes.","breadcrumb":{"@id":"https:\/\/vavin.tw\/product\/le-nid-moulin-a-vent-rochegres-2019\/#breadcrumb"},"inLanguage":"ja","potentialAction":[{"@type":"ReadAction","target":["https:\/\/vavin.tw\/product\/le-nid-moulin-a-vent-rochegres-2019\/"]}]},{"@type":"ImageObject","inLanguage":"ja","@id":"https:\/\/vavin.tw\/product\/le-nid-moulin-a-vent-rochegres-2019\/#primaryimage","url":"https:\/\/vavin.tw\/wp-content\/uploads\/2023\/04\/Moulin-a-vent-Rochegres-Maison-Le-NID.png","contentUrl":"https:\/\/vavin.tw\/wp-content\/uploads\/2023\/04\/Moulin-a-vent-Rochegres-Maison-Le-NID.png","width":400,"height":600},{"@type":"BreadcrumbList","@id":"https:\/\/vavin.tw\/product\/le-nid-moulin-a-vent-rochegres-2019\/#breadcrumb","itemListElement":[{"@type":"ListItem","position":1,"name":"Home","item":"https:\/\/vavin.tw\/"},{"@type":"ListItem","position":2,"name":"Products","item":"https:\/\/vavin.tw\/shop\/"},{"@type":"ListItem","position":3,"name":"Le Nid Moulin \u00e0 Vent Rochegr\u00e8s 2019"}]},{"@type":"WebSite","@id":"https:\/\/vavin.tw\/#website","url":"https:\/\/vavin.tw\/","name":"Vavin","description":"\u30ef\u30a4\u30f3\u306e\u82b8\u8853\u3092\u5473\u308f\u3046","publisher":{"@id":"https:\/\/vavin.tw\/#organization"},"potentialAction":[{"@type":"SearchAction","target":{"@type":"EntryPoint","urlTemplate":"https:\/\/vavin.tw\/?s={search_term_string}"},"query-input":{"@type":"PropertyValueSpecification","valueRequired":true,"valueName":"search_term_string"}}],"inLanguage":"ja"},{"@type":"Organization","@id":"https:\/\/vavin.tw\/#organization","name":"Vavin","url":"https:\/\/vavin.tw\/","logo":{"@type":"ImageObject","inLanguage":"ja","@id":"https:\/\/vavin.tw\/#\/schema\/logo\/image\/","url":"https:\/\/vavin.tw\/wp-content\/uploads\/2023\/03\/cropped-favicon-violet-v1.png","contentUrl":"https:\/\/vavin.tw\/wp-content\/uploads\/2023\/03\/cropped-favicon-violet-v1.png","width":512,"height":512,"caption":"Vavin \u9152\u76d2\u5b50"},"image":{"@id":"https:\/\/vavin.tw\/#\/schema\/logo\/image\/"},"sameAs":["https:\/\/www.facebook.com\/vavintw","https:\/\/www.instagram.com\/vavin_tw"]}]}},"_links":{"self":[{"href":"https:\/\/vavin.tw\/ja\/wp-json\/wp\/v2\/product\/994680","targetHints":{"allow":["GET"]}}],"collection":[{"href":"https:\/\/vavin.tw\/ja\/wp-json\/wp\/v2\/product"}],"about":[{"href":"https:\/\/vavin.tw\/ja\/wp-json\/wp\/v2\/types\/product"}],"replies":[{"embeddable":true,"href":"https:\/\/vavin.tw\/ja\/wp-json\/wp\/v2\/comments?post=994680"}],"version-history":[{"count":0,"href":"https:\/\/vavin.tw\/ja\/wp-json\/wp\/v2\/product\/994680\/revisions"}],"wp:featuredmedia":[{"embeddable":true,"href":"https:\/\/vavin.tw\/ja\/wp-json\/wp\/v2\/media\/991080"}],"wp:attachment":[{"href":"https:\/\/vavin.tw\/ja\/wp-json\/wp\/v2\/media?parent=994680"}],"wp:term":[{"taxonomy":"product_brand","embeddable":true,"href":"https:\/\/vavin.tw\/ja\/wp-json\/wp\/v2\/product_brand?post=994680"},{"taxonomy":"product_cat","embeddable":true,"href":"https:\/\/vavin.tw\/ja\/wp-json\/wp\/v2\/product_cat?post=994680"},{"taxonomy":"product_tag","embeddable":true,"href":"https:\/\/vavin.tw\/ja\/wp-json\/wp\/v2\/product_tag?post=994680"}],"curies":[{"name":"wp","href":"https:\/\/api.w.org\/{rel}","templated":true}]}}