{"id":996129,"date":"2024-03-05T18:57:38","date_gmt":"2024-03-05T10:57:38","guid":{"rendered":"https:\/\/vavin.tw\/?post_type=product&#038;p=996129"},"modified":"2025-04-27T11:39:45","modified_gmt":"2025-04-27T03:39:45","slug":"chateau-poujeaux-moulis-en-medoc-red-magnum-2020","status":"publish","type":"product","link":"https:\/\/vavin.tw\/ja\/product\/chateau-poujeaux-moulis-en-medoc-red-magnum-2020\/","title":{"rendered":"\u30b7\u30e3\u30c8\u30fc\u30fb\u30d7\u30fc\u30b8\u30a7\u30fb\u30e0\u30fc\u30ea\u30b9\u30fb\u30a8\u30fb\u30e1\u30c9\u30c3\u30af \u30de\u30b0\u30ca\u30e0 2020"},"content":{"rendered":"<div class=\"vgblk-rw-wrapper limit-wrapper\">\n<div class=\"wine-info\"><strong>\u8272\uff1a<\/strong> \u8d64\u30ef\u30a4\u30f3<br \/>\n<strong>\u30a2\u30eb\u30b3\u30fc\u30eb\u5ea6\u6570\uff1a<\/strong> 13.5% \u5dfb.<br \/>\n<strong>\u30d6\u30c9\u30a6\u54c1\u7a2e\uff1a<\/strong> \u30ab\u30d9\u30eb\u30cd\u30fb\u30bd\u30fc\u30f4\u30a3\u30cb\u30e8\u30f3\u3001\u30e1\u30eb\u30ed\u30fc\u3001\u30d7\u30c6\u30a3\u30fb\u30f4\u30a7\u30eb\u30c9\u3001\u30ab\u30d9\u30eb\u30cd\u30fb\u30d5\u30e9\u30f3<br \/>\n<strong>\u30dc\u30c8\u30eb\u30b5\u30a4\u30ba\uff1a<\/strong> 150 cl\uff08\u30de\u30b0\u30ca\u30e0\uff09<\/div>\n<hr \/>\n<div class=\"wine-section\">\n<h3>\u30c9\u30e1\u30fc\u30cc\u306e\u6b74\u53f2<\/h3>\n<p>Ch\u00e2teau Poujeaux, located in the Moulis-en-M\u00e9doc appellation, has been renowned for centuries for its consistent quality and classic M\u00e9doc style. Owned by the Cuvelier family since 2008 (also owners of Clos Fourtet in Saint-\u00c9milion), the estate combines modern precision with traditional know-how. The second wine of the ch\u00e2teau, produced with the same care as the Grand Vin, delivers structure, elegance, and aging potential \u2014 particularly enhanced by the Magnum format.<\/p>\n<hr \/>\n<\/div>\n<div class=\"wine-section\">\n<h3>\u30c6\u30ed\u30ef\u30fc\u30eb<\/h3>\n<p>The estate&#8217;s vineyards are planted on G\u00fcnz gravel soils over clay-limestone subsoils. This well-drained terroir is perfectly suited to Cabernet Sauvignon and Merlot, ensuring optimal ripening and contributing to the wine\u2019s balance, aromatic complexity, and refined tannic structure.<\/p>\n<hr \/>\n<\/div>\n<div class=\"wine-section\">\n<h3>\u30c6\u30a4\u30b9\u30c6\u30a3\u30f3\u30b0\u30ce\u30fc\u30c8<\/h3>\n<p>Deep ruby red color. The nose reveals aromas of blackcurrant, blackberry, plum, cedar, and subtle floral notes. On the palate, the wine is well-structured and elegant, with polished tannins, ripe dark fruit, fresh acidity, and a long, harmonious finish with notes of graphite and spice.<\/p>\n<p class=\"wine-highlight\">A classic Left Bank Bordeaux in Magnum format, offering power, elegance, and balance \u2014 crafted for aging while remaining accessible in its youth.<\/p>\n<hr \/>\n<\/div>\n<div class=\"wine-section\">\n<h3>\u91b8\u9020\u3068\u719f\u6210<\/h3>\n<p>Manual harvest with careful grape selection. Vinification in stainless steel vats, followed by aging in French oak barrels (about 30% new oak) for 12 to 18 months. This approach enhances the wine\u2019s complexity while respecting the purity of the fruit.<\/p>\n<hr \/>\n<\/div>\n<div class=\"wine-section\">\n<h3>\u30da\u30a2\u30ea\u30f3\u30b0<\/h3>\n<p>Perfect with grilled ribeye, roast lamb, duck confit, or aged cheeses like Comt\u00e9 and Gruy\u00e8re.<\/p>\n<p>&nbsp;<\/p>\n<\/div>\n<hr \/>\n<p>&nbsp;<\/p>\n<p><iframe title=\"YouTube\u52d5\u753b\u30d7\u30ec\u30a4\u30e4\u30fc\" src=\"https:\/\/www.youtube.com\/embed\/2Kg62dOft_Y?si=e-MwTyyIOzp6U6kz\" width=\"560\" height=\"315\" frameborder=\"0\" allowfullscreen=\"allowfullscreen\"><\/iframe><\/div>\n<p><!-- .vgblk-rw-wrapper --><\/p>","protected":false},"excerpt":{"rendered":"<p>Color: Red Alcohol: 13.5% vol. Grape Variety: Cabernet Sauvignon, Merlot, Petit Verdot, Cabernet Franc Bottle Size: 150 cl (Magnum) Domaine History Ch\u00e2teau Poujeaux, located in the Moulis-en-M\u00e9doc appellation, has been renowned for centuries for its consistent quality and classic M\u00e9doc style. Owned by the Cuvelier family since 2008 (also owners of Clos Fourtet in Saint-\u00c9milion), the estate combines modern precision with traditional know-how. The second wine of the ch\u00e2teau, produced with the same care as the Grand Vin, delivers structure, elegance, and aging potential \u2014 particularly enhanced by the Magnum format. Terroir The estate&#8217;s vineyards are planted on G\u00fcnz gravel soils over clay-limestone subsoils. This well-drained terroir is perfectly suited&#8230;<\/p>","protected":false},"featured_media":996131,"comment_status":"open","ping_status":"closed","template":"","meta":[],"product_brand":[],"product_cat":[139,63],"product_tag":[150,151,157,305,218],"class_list":{"0":"post-996129","1":"product","2":"type-product","3":"status-publish","4":"has-post-thumbnail","6":"product_cat-bordeaux","7":"product_cat-red","8":"product_tag-cabernet-franc","9":"product_tag-cabernet-sauvignon","10":"product_tag-merlot","11":"product_tag-moulis-en-medoc","12":"product_tag-petit-verdot","14":"first","15":"instock","16":"shipping-taxable","17":"product-type-simple"},"yoast_head":"<!-- This site is optimized with the Yoast SEO Premium plugin v27.2 (Yoast SEO v27.3) - https:\/\/yoast.com\/product\/yoast-seo-premium-wordpress\/ -->\n<title>Ch\u00e2teau POUJEAUX Moulis-En-Medoc Magnum 2020 - Vavin \u9152\u76d2\u5b50<\/title>\n<meta name=\"description\" content=\"Refined Bordeaux from Ch\u00e2teau Poujeaux 2020, Moulis-en-M\u00e9doc, Magnum format. Cabernet blend with ripe dark fruit, silky tannins, and elegant structure\" \/>\n<meta name=\"robots\" content=\"index, follow, max-snippet:-1, max-image-preview:large, max-video-preview:-1\" \/>\n<link rel=\"canonical\" href=\"https:\/\/vavin.tw\/ja\/product\/chateau-poujeaux-moulis-en-medoc-red-magnum-2020\/\" \/>\n<meta property=\"og:locale\" content=\"ja_JP\" \/>\n<meta property=\"og:type\" content=\"article\" \/>\n<meta property=\"og:title\" content=\"Ch\u00e2teau POUJEAUX Moulis-En-Medoc Magnum 2020\" \/>\n<meta property=\"og:description\" content=\"Refined Bordeaux from Ch\u00e2teau Poujeaux 2020, Moulis-en-M\u00e9doc, Magnum format. Cabernet blend with ripe dark fruit, silky tannins, and elegant structure\" \/>\n<meta property=\"og:url\" content=\"https:\/\/vavin.tw\/ja\/product\/chateau-poujeaux-moulis-en-medoc-red-magnum-2020\/\" \/>\n<meta property=\"og:site_name\" content=\"Vavin \u9152\u76d2\u5b50\" \/>\n<meta property=\"article:publisher\" content=\"https:\/\/www.facebook.com\/vavintw\" \/>\n<meta property=\"article:modified_time\" content=\"2025-04-27T03:39:45+00:00\" \/>\n<meta property=\"og:image\" content=\"https:\/\/vavin.tw\/wp-content\/uploads\/2024\/03\/2-1.png\" \/>\n\t<meta property=\"og:image:width\" content=\"400\" \/>\n\t<meta property=\"og:image:height\" content=\"600\" \/>\n\t<meta property=\"og:image:type\" content=\"image\/png\" \/>\n<meta name=\"twitter:card\" content=\"summary_large_image\" \/>\n<meta name=\"twitter:label1\" content=\"\u63a8\u5b9a\u8aad\u307f\u53d6\u308a\u6642\u9593\" \/>\n\t<meta name=\"twitter:data1\" content=\"2\u5206\" \/>\n<script type=\"application\/ld+json\" class=\"yoast-schema-graph\">{\"@context\":\"https:\\\/\\\/schema.org\",\"@graph\":[{\"@type\":\"WebPage\",\"@id\":\"https:\\\/\\\/vavin.tw\\\/product\\\/chateau-poujeaux-moulis-en-medoc-red-magnum-2020\\\/\",\"url\":\"https:\\\/\\\/vavin.tw\\\/product\\\/chateau-poujeaux-moulis-en-medoc-red-magnum-2020\\\/\",\"name\":\"Ch\u00e2teau POUJEAUX Moulis-En-Medoc Magnum 2020 - Vavin \u9152\u76d2\u5b50\",\"isPartOf\":{\"@id\":\"https:\\\/\\\/vavin.tw\\\/#website\"},\"primaryImageOfPage\":{\"@id\":\"https:\\\/\\\/vavin.tw\\\/product\\\/chateau-poujeaux-moulis-en-medoc-red-magnum-2020\\\/#primaryimage\"},\"image\":{\"@id\":\"https:\\\/\\\/vavin.tw\\\/product\\\/chateau-poujeaux-moulis-en-medoc-red-magnum-2020\\\/#primaryimage\"},\"thumbnailUrl\":\"https:\\\/\\\/vavin.tw\\\/wp-content\\\/uploads\\\/2024\\\/03\\\/2-1.png\",\"datePublished\":\"2024-03-05T10:57:38+00:00\",\"dateModified\":\"2025-04-27T03:39:45+00:00\",\"description\":\"Refined Bordeaux from Ch\u00e2teau Poujeaux 2020, Moulis-en-M\u00e9doc, Magnum format. Cabernet blend with ripe dark fruit, silky tannins, and elegant structure\",\"breadcrumb\":{\"@id\":\"https:\\\/\\\/vavin.tw\\\/product\\\/chateau-poujeaux-moulis-en-medoc-red-magnum-2020\\\/#breadcrumb\"},\"inLanguage\":\"ja\",\"potentialAction\":[{\"@type\":\"ReadAction\",\"target\":[\"https:\\\/\\\/vavin.tw\\\/product\\\/chateau-poujeaux-moulis-en-medoc-red-magnum-2020\\\/\"]}]},{\"@type\":\"ImageObject\",\"inLanguage\":\"ja\",\"@id\":\"https:\\\/\\\/vavin.tw\\\/product\\\/chateau-poujeaux-moulis-en-medoc-red-magnum-2020\\\/#primaryimage\",\"url\":\"https:\\\/\\\/vavin.tw\\\/wp-content\\\/uploads\\\/2024\\\/03\\\/2-1.png\",\"contentUrl\":\"https:\\\/\\\/vavin.tw\\\/wp-content\\\/uploads\\\/2024\\\/03\\\/2-1.png\",\"width\":400,\"height\":600},{\"@type\":\"BreadcrumbList\",\"@id\":\"https:\\\/\\\/vavin.tw\\\/product\\\/chateau-poujeaux-moulis-en-medoc-red-magnum-2020\\\/#breadcrumb\",\"itemListElement\":[{\"@type\":\"ListItem\",\"position\":1,\"name\":\"Home\",\"item\":\"https:\\\/\\\/vavin.tw\\\/\"},{\"@type\":\"ListItem\",\"position\":2,\"name\":\"Products\",\"item\":\"https:\\\/\\\/vavin.tw\\\/shop\\\/\"},{\"@type\":\"ListItem\",\"position\":3,\"name\":\"Ch\u00e2teau POUJEAUX Moulis-En-Medoc Magnum 2020\"}]},{\"@type\":\"WebSite\",\"@id\":\"https:\\\/\\\/vavin.tw\\\/#website\",\"url\":\"https:\\\/\\\/vavin.tw\\\/\",\"name\":\"Vavin \u9152\u76d2\u5b50\",\"description\":\"Savor the Art of Wine\",\"publisher\":{\"@id\":\"https:\\\/\\\/vavin.tw\\\/#organization\"},\"potentialAction\":[{\"@type\":\"SearchAction\",\"target\":{\"@type\":\"EntryPoint\",\"urlTemplate\":\"https:\\\/\\\/vavin.tw\\\/?s={search_term_string}\"},\"query-input\":{\"@type\":\"PropertyValueSpecification\",\"valueRequired\":true,\"valueName\":\"search_term_string\"}}],\"inLanguage\":\"ja\"},{\"@type\":\"Organization\",\"@id\":\"https:\\\/\\\/vavin.tw\\\/#organization\",\"name\":\"Vavin \u9152\u76d2\u5b50\",\"url\":\"https:\\\/\\\/vavin.tw\\\/\",\"logo\":{\"@type\":\"ImageObject\",\"inLanguage\":\"ja\",\"@id\":\"https:\\\/\\\/vavin.tw\\\/#\\\/schema\\\/logo\\\/image\\\/\",\"url\":\"https:\\\/\\\/vavin.tw\\\/wp-content\\\/uploads\\\/2023\\\/03\\\/cropped-favicon-violet-v1.png\",\"contentUrl\":\"https:\\\/\\\/vavin.tw\\\/wp-content\\\/uploads\\\/2023\\\/03\\\/cropped-favicon-violet-v1.png\",\"width\":512,\"height\":512,\"caption\":\"Vavin \u9152\u76d2\u5b50\"},\"image\":{\"@id\":\"https:\\\/\\\/vavin.tw\\\/#\\\/schema\\\/logo\\\/image\\\/\"},\"sameAs\":[\"https:\\\/\\\/www.facebook.com\\\/vavintw\",\"https:\\\/\\\/www.instagram.com\\\/vavin_tw\"]}]}<\/script>\n<!-- \/ Yoast SEO Premium plugin. -->","yoast_head_json":{"title":"Ch\u00e2teau POUJEAUX Moulis-En-Medoc Magnum 2020 - Vavin \u9152\u76d2\u5b50","description":"Refined Bordeaux from Ch\u00e2teau Poujeaux 2020, Moulis-en-M\u00e9doc, Magnum format. Cabernet blend with ripe dark fruit, silky tannins, and elegant structure","robots":{"index":"index","follow":"follow","max-snippet":"max-snippet:-1","max-image-preview":"max-image-preview:large","max-video-preview":"max-video-preview:-1"},"canonical":"https:\/\/vavin.tw\/ja\/product\/chateau-poujeaux-moulis-en-medoc-red-magnum-2020\/","og_locale":"ja_JP","og_type":"article","og_title":"Ch\u00e2teau POUJEAUX Moulis-En-Medoc Magnum 2020","og_description":"Refined Bordeaux from Ch\u00e2teau Poujeaux 2020, Moulis-en-M\u00e9doc, Magnum format. Cabernet blend with ripe dark fruit, silky tannins, and elegant structure","og_url":"https:\/\/vavin.tw\/ja\/product\/chateau-poujeaux-moulis-en-medoc-red-magnum-2020\/","og_site_name":"Vavin \u9152\u76d2\u5b50","article_publisher":"https:\/\/www.facebook.com\/vavintw","article_modified_time":"2025-04-27T03:39:45+00:00","og_image":[{"width":400,"height":600,"url":"https:\/\/vavin.tw\/wp-content\/uploads\/2024\/03\/2-1.png","type":"image\/png"}],"twitter_card":"summary_large_image","twitter_misc":{"\u63a8\u5b9a\u8aad\u307f\u53d6\u308a\u6642\u9593":"2\u5206"},"schema":{"@context":"https:\/\/schema.org","@graph":[{"@type":"WebPage","@id":"https:\/\/vavin.tw\/product\/chateau-poujeaux-moulis-en-medoc-red-magnum-2020\/","url":"https:\/\/vavin.tw\/product\/chateau-poujeaux-moulis-en-medoc-red-magnum-2020\/","name":"Ch\u00e2teau POUJEAUX Moulis-En-Medoc Magnum 2020 - Vavin \u9152\u76d2\u5b50","isPartOf":{"@id":"https:\/\/vavin.tw\/#website"},"primaryImageOfPage":{"@id":"https:\/\/vavin.tw\/product\/chateau-poujeaux-moulis-en-medoc-red-magnum-2020\/#primaryimage"},"image":{"@id":"https:\/\/vavin.tw\/product\/chateau-poujeaux-moulis-en-medoc-red-magnum-2020\/#primaryimage"},"thumbnailUrl":"https:\/\/vavin.tw\/wp-content\/uploads\/2024\/03\/2-1.png","datePublished":"2024-03-05T10:57:38+00:00","dateModified":"2025-04-27T03:39:45+00:00","description":"Refined Bordeaux from Ch\u00e2teau Poujeaux 2020, Moulis-en-M\u00e9doc, Magnum format. Cabernet blend with ripe dark fruit, silky tannins, and elegant structure","breadcrumb":{"@id":"https:\/\/vavin.tw\/product\/chateau-poujeaux-moulis-en-medoc-red-magnum-2020\/#breadcrumb"},"inLanguage":"ja","potentialAction":[{"@type":"ReadAction","target":["https:\/\/vavin.tw\/product\/chateau-poujeaux-moulis-en-medoc-red-magnum-2020\/"]}]},{"@type":"ImageObject","inLanguage":"ja","@id":"https:\/\/vavin.tw\/product\/chateau-poujeaux-moulis-en-medoc-red-magnum-2020\/#primaryimage","url":"https:\/\/vavin.tw\/wp-content\/uploads\/2024\/03\/2-1.png","contentUrl":"https:\/\/vavin.tw\/wp-content\/uploads\/2024\/03\/2-1.png","width":400,"height":600},{"@type":"BreadcrumbList","@id":"https:\/\/vavin.tw\/product\/chateau-poujeaux-moulis-en-medoc-red-magnum-2020\/#breadcrumb","itemListElement":[{"@type":"ListItem","position":1,"name":"Home","item":"https:\/\/vavin.tw\/"},{"@type":"ListItem","position":2,"name":"Products","item":"https:\/\/vavin.tw\/shop\/"},{"@type":"ListItem","position":3,"name":"Ch\u00e2teau POUJEAUX Moulis-En-Medoc Magnum 2020"}]},{"@type":"WebSite","@id":"https:\/\/vavin.tw\/#website","url":"https:\/\/vavin.tw\/","name":"Vavin","description":"\u30ef\u30a4\u30f3\u306e\u82b8\u8853\u3092\u5473\u308f\u3046","publisher":{"@id":"https:\/\/vavin.tw\/#organization"},"potentialAction":[{"@type":"SearchAction","target":{"@type":"EntryPoint","urlTemplate":"https:\/\/vavin.tw\/?s={search_term_string}"},"query-input":{"@type":"PropertyValueSpecification","valueRequired":true,"valueName":"search_term_string"}}],"inLanguage":"ja"},{"@type":"Organization","@id":"https:\/\/vavin.tw\/#organization","name":"Vavin","url":"https:\/\/vavin.tw\/","logo":{"@type":"ImageObject","inLanguage":"ja","@id":"https:\/\/vavin.tw\/#\/schema\/logo\/image\/","url":"https:\/\/vavin.tw\/wp-content\/uploads\/2023\/03\/cropped-favicon-violet-v1.png","contentUrl":"https:\/\/vavin.tw\/wp-content\/uploads\/2023\/03\/cropped-favicon-violet-v1.png","width":512,"height":512,"caption":"Vavin \u9152\u76d2\u5b50"},"image":{"@id":"https:\/\/vavin.tw\/#\/schema\/logo\/image\/"},"sameAs":["https:\/\/www.facebook.com\/vavintw","https:\/\/www.instagram.com\/vavin_tw"]}]}},"_links":{"self":[{"href":"https:\/\/vavin.tw\/ja\/wp-json\/wp\/v2\/product\/996129","targetHints":{"allow":["GET"]}}],"collection":[{"href":"https:\/\/vavin.tw\/ja\/wp-json\/wp\/v2\/product"}],"about":[{"href":"https:\/\/vavin.tw\/ja\/wp-json\/wp\/v2\/types\/product"}],"replies":[{"embeddable":true,"href":"https:\/\/vavin.tw\/ja\/wp-json\/wp\/v2\/comments?post=996129"}],"version-history":[{"count":0,"href":"https:\/\/vavin.tw\/ja\/wp-json\/wp\/v2\/product\/996129\/revisions"}],"wp:featuredmedia":[{"embeddable":true,"href":"https:\/\/vavin.tw\/ja\/wp-json\/wp\/v2\/media\/996131"}],"wp:attachment":[{"href":"https:\/\/vavin.tw\/ja\/wp-json\/wp\/v2\/media?parent=996129"}],"wp:term":[{"taxonomy":"product_brand","embeddable":true,"href":"https:\/\/vavin.tw\/ja\/wp-json\/wp\/v2\/product_brand?post=996129"},{"taxonomy":"product_cat","embeddable":true,"href":"https:\/\/vavin.tw\/ja\/wp-json\/wp\/v2\/product_cat?post=996129"},{"taxonomy":"product_tag","embeddable":true,"href":"https:\/\/vavin.tw\/ja\/wp-json\/wp\/v2\/product_tag?post=996129"}],"curies":[{"name":"wp","href":"https:\/\/api.w.org\/{rel}","templated":true}]}}