{"id":998940,"date":"2025-02-09T01:11:52","date_gmt":"2025-02-08T17:11:52","guid":{"rendered":"https:\/\/vavin.tw\/?post_type=product&#038;p=998940"},"modified":"2026-01-01T01:21:47","modified_gmt":"2025-12-31T17:21:47","slug":"maison-le-nid-moulin-a-vent-rochegres-2022","status":"publish","type":"product","link":"https:\/\/vavin.tw\/ja\/product\/maison-le-nid-moulin-a-vent-rochegres-2022\/","title":{"rendered":"\u30e1\u30be\u30f3\u30fb\u30eb\u30fb\u30cb\u30fb\u30e0\u30fc\u30e9\u30f3\u30fb\u30a2\u30fb\u30f4\u30a1\u30f3\u30fb\u30ed\u30b7\u30e5\u30b0\u30ed 2022"},"content":{"rendered":"<div class=\"vgblk-rw-wrapper limit-wrapper\">\n<div class=\"wine-info\"><strong>\u8272\uff1a<\/strong> \u8d64\u30ef\u30a4\u30f3<br \/>\n<strong>\u30a2\u30eb\u30b3\u30fc\u30eb\u5ea6\u6570\uff1a<\/strong> 13% \u5dfb.<br \/>\n<strong>\u30d6\u30c9\u30a6\u54c1\u7a2e\uff1a<\/strong> 100% \u30ac\u30e1\u30a4<br \/>\n<strong>\u30dc\u30c8\u30eb\u30b5\u30a4\u30ba\uff1a<\/strong> 75 cl<\/div>\n<hr \/>\n<div class=\"wine-section\">\n<h3>\u30c9\u30e1\u30fc\u30cc\u306e\u6b74\u53f2<\/h3>\n<p>\u30ed\u30de\u30cd\u30fc\u30b7\u30e5\uff1d\u30c8\u30e9\u30f3\uff08Roman\u00e8che-Thorins\uff09\u306b\u62e0\u70b9\u3092\u7f6e\u304f Maison Le NID \u306f\u3001\u30dc\u30b8\u30e7\u30ec\u30fc\uff08Beaujolais\uff09\u306e\u30c6\u30ed\u30ef\u30fc\u30eb\u3092\u5c0a\u91cd\u3057\u3001\u7cbe\u5bc6\u306a\u30ef\u30a4\u30f3\u9020\u308a\u3092\u884c\u3063\u3066\u3044\u307e\u3059\u3002\u53ce\u91cf\u3092\u6291\u3048\u3001\u4f1d\u7d71\u7684\u306a\u91b8\u9020\u6cd5\u306b\u3053\u3060\u308f\u308a\u3001\u305d\u308c\u305e\u308c\u306e\u533a\u753b\u306e\u500b\u6027\u3092\u969b\u7acb\u305f\u305b\u3066\u3044\u307e\u3059\u3002\u4e2d\u3067\u3082\u30e0\u30fc\u30e9\u30f3\uff1d\u30ca\uff1d\u30f4\u30a1\u30f3\uff08Moulin-\u00e0-Vent\uff09\u306e\u540d\u9ad8\u3044\u30af\u30ea\u30de\u300cRochegr\u00e8s\u300d\u304c\u4ee3\u8868\u7684\u3067\u3059\u3002<\/p>\n<hr \/>\n<\/div>\n<div class=\"wine-section\">\n<h3>\u30c6\u30ed\u30ef\u30fc\u30eb<\/h3>\n<p>Rochegr\u00e8s \u306f\u30e0\u30fc\u30e9\u30f3\uff1d\u30ca\uff1d\u30f4\u30a1\u30f3\uff08Moulin-\u00e0-Vent\uff09\u3092\u4ee3\u8868\u3059\u308b\u8457\u540d\u306a\u30af\u30ea\u30de\u306e\u4e00\u3064\u3067\u3001\u30de\u30f3\u30ac\u30f3\u3092\u8c4a\u5bcc\u306b\u542b\u3080\u82b1\u5d17\u5ca9\u571f\u58cc\u304c\u7279\u5fb4\u3067\u3059\u3002\u3053\u306e\u30c6\u30ed\u30ef\u30fc\u30eb\u304c\u30ef\u30a4\u30f3\u306b\u69cb\u9020\u3068\u8907\u96d1\u3055\u3001\u305d\u3057\u3066\u512a\u308c\u305f\u719f\u6210\u30dd\u30c6\u30f3\u30b7\u30e3\u30eb\u3092\u4e0e\u3048\u3064\u3064\u3001\u30d5\u30ec\u30c3\u30b7\u30e5\u3055\u3068\u82b3\u9999\u306e\u5f37\u3055\u3092\u4fdd\u305f\u305b\u307e\u3059\u3002<\/p>\n<hr \/>\n<\/div>\n<div class=\"wine-section\">\n<h3>\u30c6\u30a4\u30b9\u30c6\u30a3\u30f3\u30b0\u30ce\u30fc\u30c8<\/h3>\n<p>\u6df1\u3044\u30ac\u30fc\u30cd\u30c3\u30c8\u8272\u306b\u7d2b\u306e\u8f1d\u304d\u3092\u5e2f\u3073\u3066\u3044\u307e\u3059\u3002\u9999\u308a\u306f\u30d6\u30e9\u30c3\u30af\u30c1\u30a7\u30ea\u30fc\u3001\u30d7\u30e9\u30e0\u3001\u30d4\u30aa\u30cb\u30fc\u3001\u305d\u3057\u3066\u7e4a\u7d30\u306a\u30b9\u30d1\u30a4\u30b9\u306e\u30cb\u30e5\u30a2\u30f3\u30b9\u304c\u5e83\u304c\u308a\u307e\u3059\u3002\u53e3\u306b\u542b\u3080\u3068\u529b\u5f37\u3055\u3068\u30a8\u30ec\u30ac\u30f3\u30b9\u3092\u517c\u306d\u5099\u3048\u3001\u30b7\u30eb\u30ad\u30fc\u306a\u30bf\u30f3\u30cb\u30f3\u3068\u751f\u304d\u751f\u304d\u3068\u3057\u305f\u679c\u5b9f\u5473\u304c\u611f\u3058\u3089\u308c\u3001\u30df\u30cd\u30e9\u30eb\u611f\u306e\u3042\u308b\u9577\u3044\u4f59\u97fb\u304c\u7d9a\u304d\u307e\u3059\u3002<\/p>\n<p class=\"wine-highlight\">Rochegr\u00e8s \u306e\u30af\u30ea\u30de\u304b\u3089\u751f\u307e\u308c\u305f\u30e0\u30fc\u30e9\u30f3\uff1d\u30ca\uff1d\u30f4\u30a1\u30f3\uff08Moulin-\u00e0-Vent\uff09\u3002\u30a8\u30ec\u30ac\u30f3\u30b9\u3068\u51dd\u7e2e\u611f\u3092\u517c\u306d\u5099\u3048\u3001\u5965\u884c\u304d\u3068\u7e4a\u7d30\u3055\u3092\u898b\u4e8b\u306b\u8868\u73fe\u3057\u3066\u3044\u307e\u3059\u3002\u4eca\u3059\u3050\u697d\u3057\u3093\u3067\u3082\u3001\u719f\u6210\u3055\u305b\u3066\u3082\u9b45\u529b\u3092\u653e\u3064\u4e00\u672c\u3067\u3059\u3002<\/p>\n<hr \/>\n<\/div>\n<div class=\"wine-section\">\n<h3>\u30da\u30a2\u30ea\u30f3\u30b0<\/h3>\n<p>\u30b8\u30d3\u30a8\u3001\u30ed\u30fc\u30b9\u30c8\u3057\u305f\u8089\u6599\u7406\u3001\u9d28\u306e\u30b3\u30f3\u30d5\u30a3\u3001\u719f\u6210\u30c1\u30fc\u30ba\u3068\u306e\u76f8\u6027\u304c\u629c\u7fa4\u3067\u3059\u3002<\/p>\n<\/div>\n<\/div>\n<p><!-- .vgblk-rw-wrapper --><\/p>","protected":false},"excerpt":{"rendered":"<p class=\"p2\">Maison Le NID Moulin-\u00e0-Vent \u201cRochegr\u00e8s\u201d 2022 is a distinguished expression of Gamay from one of the appellation\u2019s most celebrated climats. The \u201cRochegr\u00e8s\u201d vineyard, perched on granite soils rich in manganese, imparts remarkable structure, depth, and minerality to the wine. This unique terroir yields a Moulin-\u00e0-Vent that balances power and elegance, with the potential to evolve beautifully over time. In the glass, it shows a deep garnet hue and an expressive bouquet of black cherry, ripe plum, peony, and a hint of spice. The palate is full-bodied yet refined, with silky tannins, vibrant fruit, and a long, mineral-driven finish that reflects its stony origins. Perfect alongside game birds, roasted meats, duck confit, or mature cheeses, this wine offers a superb harmony of richness, freshness, and terroir-driven character \u2014 a true testament to the craftsmanship of Maison Le NID.<\/p>","protected":false},"featured_media":1005992,"comment_status":"open","ping_status":"closed","template":"","meta":[],"product_brand":[],"product_cat":[169,63],"product_tag":[154,280,265],"class_list":{"0":"post-998940","1":"product","2":"type-product","3":"status-publish","4":"has-post-thumbnail","6":"product_cat-beaujolais","7":"product_cat-red","8":"product_tag-gamay","9":"product_tag-moulin-a-vent","10":"product_tag-nature-wine","12":"first","13":"instock","14":"shipping-taxable","15":"product-type-simple"},"yoast_head":"<!-- This site is optimized with the Yoast SEO Premium plugin v27.2 (Yoast SEO v27.3) - https:\/\/yoast.com\/product\/yoast-seo-premium-wordpress\/ -->\n<title>Maison Le NID Moulin \u00e0 Vent Rochegres 2022 - Vavin \u9152\u76d2\u5b50<\/title>\n<meta name=\"description\" content=\"Powerful and elegant Moulin-\u00e0-Vent Rochegr\u00e8s from Maison Le NID, 100% Gamay. Dark fruit, floral notes, silky tannins, and mineral finish\" \/>\n<meta name=\"robots\" content=\"index, follow, max-snippet:-1, max-image-preview:large, max-video-preview:-1\" \/>\n<link rel=\"canonical\" href=\"https:\/\/vavin.tw\/ja\/product\/maison-le-nid-moulin-a-vent-rochegres-2022\/\" \/>\n<meta property=\"og:locale\" content=\"ja_JP\" \/>\n<meta property=\"og:type\" content=\"article\" \/>\n<meta property=\"og:title\" content=\"Maison Le NID Moulin \u00e0 Vent Rochegres 2022\" \/>\n<meta property=\"og:description\" content=\"Powerful and elegant Moulin-\u00e0-Vent Rochegr\u00e8s from Maison Le NID, 100% Gamay. Dark fruit, floral notes, silky tannins, and mineral finish\" \/>\n<meta property=\"og:url\" content=\"https:\/\/vavin.tw\/ja\/product\/maison-le-nid-moulin-a-vent-rochegres-2022\/\" \/>\n<meta property=\"og:site_name\" content=\"Vavin \u9152\u76d2\u5b50\" \/>\n<meta property=\"article:publisher\" content=\"https:\/\/www.facebook.com\/vavintw\" \/>\n<meta property=\"article:modified_time\" content=\"2025-12-31T17:21:47+00:00\" \/>\n<meta property=\"og:image\" content=\"https:\/\/vavin.tw\/wp-content\/uploads\/2025\/02\/Maison-Le-NID-Moulin-a-Vent-Rochegres-2022_.png\" \/>\n\t<meta property=\"og:image:width\" content=\"400\" \/>\n\t<meta property=\"og:image:height\" content=\"600\" \/>\n\t<meta property=\"og:image:type\" content=\"image\/png\" \/>\n<meta name=\"twitter:card\" content=\"summary_large_image\" \/>\n<meta name=\"twitter:label1\" content=\"\u63a8\u5b9a\u8aad\u307f\u53d6\u308a\u6642\u9593\" \/>\n\t<meta name=\"twitter:data1\" content=\"1\u5206\" \/>\n<script type=\"application\/ld+json\" class=\"yoast-schema-graph\">{\"@context\":\"https:\\\/\\\/schema.org\",\"@graph\":[{\"@type\":\"WebPage\",\"@id\":\"https:\\\/\\\/vavin.tw\\\/product\\\/maison-le-nid-moulin-a-vent-rochegres-2022\\\/\",\"url\":\"https:\\\/\\\/vavin.tw\\\/product\\\/maison-le-nid-moulin-a-vent-rochegres-2022\\\/\",\"name\":\"Maison Le NID Moulin \u00e0 Vent Rochegres 2022 - Vavin \u9152\u76d2\u5b50\",\"isPartOf\":{\"@id\":\"https:\\\/\\\/vavin.tw\\\/#website\"},\"primaryImageOfPage\":{\"@id\":\"https:\\\/\\\/vavin.tw\\\/product\\\/maison-le-nid-moulin-a-vent-rochegres-2022\\\/#primaryimage\"},\"image\":{\"@id\":\"https:\\\/\\\/vavin.tw\\\/product\\\/maison-le-nid-moulin-a-vent-rochegres-2022\\\/#primaryimage\"},\"thumbnailUrl\":\"https:\\\/\\\/vavin.tw\\\/wp-content\\\/uploads\\\/2025\\\/02\\\/Maison-Le-NID-Moulin-a-Vent-Rochegres-2022_.png\",\"datePublished\":\"2025-02-08T17:11:52+00:00\",\"dateModified\":\"2025-12-31T17:21:47+00:00\",\"description\":\"Powerful and elegant Moulin-\u00e0-Vent Rochegr\u00e8s from Maison Le NID, 100% Gamay. Dark fruit, floral notes, silky tannins, and mineral finish\",\"breadcrumb\":{\"@id\":\"https:\\\/\\\/vavin.tw\\\/product\\\/maison-le-nid-moulin-a-vent-rochegres-2022\\\/#breadcrumb\"},\"inLanguage\":\"ja\",\"potentialAction\":[{\"@type\":\"ReadAction\",\"target\":[\"https:\\\/\\\/vavin.tw\\\/product\\\/maison-le-nid-moulin-a-vent-rochegres-2022\\\/\"]}]},{\"@type\":\"ImageObject\",\"inLanguage\":\"ja\",\"@id\":\"https:\\\/\\\/vavin.tw\\\/product\\\/maison-le-nid-moulin-a-vent-rochegres-2022\\\/#primaryimage\",\"url\":\"https:\\\/\\\/vavin.tw\\\/wp-content\\\/uploads\\\/2025\\\/02\\\/Maison-Le-NID-Moulin-a-Vent-Rochegres-2022_.png\",\"contentUrl\":\"https:\\\/\\\/vavin.tw\\\/wp-content\\\/uploads\\\/2025\\\/02\\\/Maison-Le-NID-Moulin-a-Vent-Rochegres-2022_.png\",\"width\":400,\"height\":600},{\"@type\":\"BreadcrumbList\",\"@id\":\"https:\\\/\\\/vavin.tw\\\/product\\\/maison-le-nid-moulin-a-vent-rochegres-2022\\\/#breadcrumb\",\"itemListElement\":[{\"@type\":\"ListItem\",\"position\":1,\"name\":\"Home\",\"item\":\"https:\\\/\\\/vavin.tw\\\/\"},{\"@type\":\"ListItem\",\"position\":2,\"name\":\"Products\",\"item\":\"https:\\\/\\\/vavin.tw\\\/shop\\\/\"},{\"@type\":\"ListItem\",\"position\":3,\"name\":\"Maison Le NID Moulin \u00e0 Vent Rochegres 2022\"}]},{\"@type\":\"WebSite\",\"@id\":\"https:\\\/\\\/vavin.tw\\\/#website\",\"url\":\"https:\\\/\\\/vavin.tw\\\/\",\"name\":\"Vavin \u9152\u76d2\u5b50\",\"description\":\"Savor the Art of Wine\",\"publisher\":{\"@id\":\"https:\\\/\\\/vavin.tw\\\/#organization\"},\"potentialAction\":[{\"@type\":\"SearchAction\",\"target\":{\"@type\":\"EntryPoint\",\"urlTemplate\":\"https:\\\/\\\/vavin.tw\\\/?s={search_term_string}\"},\"query-input\":{\"@type\":\"PropertyValueSpecification\",\"valueRequired\":true,\"valueName\":\"search_term_string\"}}],\"inLanguage\":\"ja\"},{\"@type\":\"Organization\",\"@id\":\"https:\\\/\\\/vavin.tw\\\/#organization\",\"name\":\"Vavin \u9152\u76d2\u5b50\",\"url\":\"https:\\\/\\\/vavin.tw\\\/\",\"logo\":{\"@type\":\"ImageObject\",\"inLanguage\":\"ja\",\"@id\":\"https:\\\/\\\/vavin.tw\\\/#\\\/schema\\\/logo\\\/image\\\/\",\"url\":\"https:\\\/\\\/vavin.tw\\\/wp-content\\\/uploads\\\/2023\\\/03\\\/cropped-favicon-violet-v1.png\",\"contentUrl\":\"https:\\\/\\\/vavin.tw\\\/wp-content\\\/uploads\\\/2023\\\/03\\\/cropped-favicon-violet-v1.png\",\"width\":512,\"height\":512,\"caption\":\"Vavin \u9152\u76d2\u5b50\"},\"image\":{\"@id\":\"https:\\\/\\\/vavin.tw\\\/#\\\/schema\\\/logo\\\/image\\\/\"},\"sameAs\":[\"https:\\\/\\\/www.facebook.com\\\/vavintw\",\"https:\\\/\\\/www.instagram.com\\\/vavin_tw\"]}]}<\/script>\n<!-- \/ Yoast SEO Premium plugin. -->","yoast_head_json":{"title":"Maison Le NID Moulin \u00e0 Vent Rochegres 2022 - Vavin \u9152\u76d2\u5b50","description":"Powerful and elegant Moulin-\u00e0-Vent Rochegr\u00e8s from Maison Le NID, 100% Gamay. Dark fruit, floral notes, silky tannins, and mineral finish","robots":{"index":"index","follow":"follow","max-snippet":"max-snippet:-1","max-image-preview":"max-image-preview:large","max-video-preview":"max-video-preview:-1"},"canonical":"https:\/\/vavin.tw\/ja\/product\/maison-le-nid-moulin-a-vent-rochegres-2022\/","og_locale":"ja_JP","og_type":"article","og_title":"Maison Le NID Moulin \u00e0 Vent Rochegres 2022","og_description":"Powerful and elegant Moulin-\u00e0-Vent Rochegr\u00e8s from Maison Le NID, 100% Gamay. Dark fruit, floral notes, silky tannins, and mineral finish","og_url":"https:\/\/vavin.tw\/ja\/product\/maison-le-nid-moulin-a-vent-rochegres-2022\/","og_site_name":"Vavin \u9152\u76d2\u5b50","article_publisher":"https:\/\/www.facebook.com\/vavintw","article_modified_time":"2025-12-31T17:21:47+00:00","og_image":[{"width":400,"height":600,"url":"https:\/\/vavin.tw\/wp-content\/uploads\/2025\/02\/Maison-Le-NID-Moulin-a-Vent-Rochegres-2022_.png","type":"image\/png"}],"twitter_card":"summary_large_image","twitter_misc":{"\u63a8\u5b9a\u8aad\u307f\u53d6\u308a\u6642\u9593":"1\u5206"},"schema":{"@context":"https:\/\/schema.org","@graph":[{"@type":"WebPage","@id":"https:\/\/vavin.tw\/product\/maison-le-nid-moulin-a-vent-rochegres-2022\/","url":"https:\/\/vavin.tw\/product\/maison-le-nid-moulin-a-vent-rochegres-2022\/","name":"Maison Le NID Moulin \u00e0 Vent Rochegres 2022 - Vavin \u9152\u76d2\u5b50","isPartOf":{"@id":"https:\/\/vavin.tw\/#website"},"primaryImageOfPage":{"@id":"https:\/\/vavin.tw\/product\/maison-le-nid-moulin-a-vent-rochegres-2022\/#primaryimage"},"image":{"@id":"https:\/\/vavin.tw\/product\/maison-le-nid-moulin-a-vent-rochegres-2022\/#primaryimage"},"thumbnailUrl":"https:\/\/vavin.tw\/wp-content\/uploads\/2025\/02\/Maison-Le-NID-Moulin-a-Vent-Rochegres-2022_.png","datePublished":"2025-02-08T17:11:52+00:00","dateModified":"2025-12-31T17:21:47+00:00","description":"Powerful and elegant Moulin-\u00e0-Vent Rochegr\u00e8s from Maison Le NID, 100% Gamay. Dark fruit, floral notes, silky tannins, and mineral finish","breadcrumb":{"@id":"https:\/\/vavin.tw\/product\/maison-le-nid-moulin-a-vent-rochegres-2022\/#breadcrumb"},"inLanguage":"ja","potentialAction":[{"@type":"ReadAction","target":["https:\/\/vavin.tw\/product\/maison-le-nid-moulin-a-vent-rochegres-2022\/"]}]},{"@type":"ImageObject","inLanguage":"ja","@id":"https:\/\/vavin.tw\/product\/maison-le-nid-moulin-a-vent-rochegres-2022\/#primaryimage","url":"https:\/\/vavin.tw\/wp-content\/uploads\/2025\/02\/Maison-Le-NID-Moulin-a-Vent-Rochegres-2022_.png","contentUrl":"https:\/\/vavin.tw\/wp-content\/uploads\/2025\/02\/Maison-Le-NID-Moulin-a-Vent-Rochegres-2022_.png","width":400,"height":600},{"@type":"BreadcrumbList","@id":"https:\/\/vavin.tw\/product\/maison-le-nid-moulin-a-vent-rochegres-2022\/#breadcrumb","itemListElement":[{"@type":"ListItem","position":1,"name":"Home","item":"https:\/\/vavin.tw\/"},{"@type":"ListItem","position":2,"name":"Products","item":"https:\/\/vavin.tw\/shop\/"},{"@type":"ListItem","position":3,"name":"Maison Le NID Moulin \u00e0 Vent Rochegres 2022"}]},{"@type":"WebSite","@id":"https:\/\/vavin.tw\/#website","url":"https:\/\/vavin.tw\/","name":"Vavin","description":"\u30ef\u30a4\u30f3\u306e\u82b8\u8853\u3092\u5473\u308f\u3046","publisher":{"@id":"https:\/\/vavin.tw\/#organization"},"potentialAction":[{"@type":"SearchAction","target":{"@type":"EntryPoint","urlTemplate":"https:\/\/vavin.tw\/?s={search_term_string}"},"query-input":{"@type":"PropertyValueSpecification","valueRequired":true,"valueName":"search_term_string"}}],"inLanguage":"ja"},{"@type":"Organization","@id":"https:\/\/vavin.tw\/#organization","name":"Vavin","url":"https:\/\/vavin.tw\/","logo":{"@type":"ImageObject","inLanguage":"ja","@id":"https:\/\/vavin.tw\/#\/schema\/logo\/image\/","url":"https:\/\/vavin.tw\/wp-content\/uploads\/2023\/03\/cropped-favicon-violet-v1.png","contentUrl":"https:\/\/vavin.tw\/wp-content\/uploads\/2023\/03\/cropped-favicon-violet-v1.png","width":512,"height":512,"caption":"Vavin \u9152\u76d2\u5b50"},"image":{"@id":"https:\/\/vavin.tw\/#\/schema\/logo\/image\/"},"sameAs":["https:\/\/www.facebook.com\/vavintw","https:\/\/www.instagram.com\/vavin_tw"]}]}},"_links":{"self":[{"href":"https:\/\/vavin.tw\/ja\/wp-json\/wp\/v2\/product\/998940","targetHints":{"allow":["GET"]}}],"collection":[{"href":"https:\/\/vavin.tw\/ja\/wp-json\/wp\/v2\/product"}],"about":[{"href":"https:\/\/vavin.tw\/ja\/wp-json\/wp\/v2\/types\/product"}],"replies":[{"embeddable":true,"href":"https:\/\/vavin.tw\/ja\/wp-json\/wp\/v2\/comments?post=998940"}],"version-history":[{"count":2,"href":"https:\/\/vavin.tw\/ja\/wp-json\/wp\/v2\/product\/998940\/revisions"}],"predecessor-version":[{"id":1006049,"href":"https:\/\/vavin.tw\/ja\/wp-json\/wp\/v2\/product\/998940\/revisions\/1006049"}],"wp:featuredmedia":[{"embeddable":true,"href":"https:\/\/vavin.tw\/ja\/wp-json\/wp\/v2\/media\/1005992"}],"wp:attachment":[{"href":"https:\/\/vavin.tw\/ja\/wp-json\/wp\/v2\/media?parent=998940"}],"wp:term":[{"taxonomy":"product_brand","embeddable":true,"href":"https:\/\/vavin.tw\/ja\/wp-json\/wp\/v2\/product_brand?post=998940"},{"taxonomy":"product_cat","embeddable":true,"href":"https:\/\/vavin.tw\/ja\/wp-json\/wp\/v2\/product_cat?post=998940"},{"taxonomy":"product_tag","embeddable":true,"href":"https:\/\/vavin.tw\/ja\/wp-json\/wp\/v2\/product_tag?post=998940"}],"curies":[{"name":"wp","href":"https:\/\/api.w.org\/{rel}","templated":true}]}}