{"id":999235,"date":"2025-03-15T21:55:56","date_gmt":"2025-03-15T13:55:56","guid":{"rendered":"https:\/\/vavin.tw\/?post_type=product&#038;p=999235"},"modified":"2025-04-27T11:34:25","modified_gmt":"2025-04-27T03:34:25","slug":"yves-cuilleron-condrieu-petite-cote-white-2023","status":"publish","type":"product","link":"https:\/\/vavin.tw\/ja\/product\/yves-cuilleron-condrieu-petite-cote-white-2023\/","title":{"rendered":"\u30a4\u30f4\u30fb\u30ad\u30e5\u30a4\u30e6\u30ed\u30f3 \u30b3\u30f3\u30c9\u30ea\u30e5\u30fc \u30d7\u30c6\u30a3\u30c3\u30c8\u30fb\u30b3\u30fc\u30c8 2023"},"content":{"rendered":"<div class=\"vgblk-rw-wrapper limit-wrapper\">\n<div class=\"wine-info\"><strong>\u8272\uff1a<\/strong> \u767d\u30ef\u30a4\u30f3<br \/>\n<strong>\u30a2\u30eb\u30b3\u30fc\u30eb\u5ea6\u6570\uff1a<\/strong> 13% \u5dfb.<br \/>\n<strong>\u30d6\u30c9\u30a6\u54c1\u7a2e\uff1a<\/strong> 100% \u30f4\u30a3\u30aa\u30cb\u30a8<br \/>\n<strong>\u30dc\u30c8\u30eb\u30b5\u30a4\u30ba\uff1a<\/strong> 75 cl<\/div>\n<hr \/>\n<div class=\"wine-section\">\n<h3>\u30c9\u30e1\u30fc\u30cc\u306e\u6b74\u53f2<\/h3>\n<p>Yves Cuilleron, a benchmark winemaker of the Northern Rh\u00f4ne Valley, took over the family estate in 1987 and quickly became one of the key figures of the region. His philosophy is centered on meticulous vineyard work, respect for terroir, and natural vinification using indigenous yeasts.<\/p>\n<hr \/>\n<\/div>\n<div class=\"wine-section\">\n<h3>\u30c6\u30ed\u30ef\u30fc\u30eb<\/h3>\n<p>The vines are planted on steep, terraced hillsides with granite soils, typical of the Condrieu appellation. This exceptional terroir allows the Viognier grape to fully develop its aromatic intensity while preserving freshness and elegance.<\/p>\n<hr \/>\n<\/div>\n<div class=\"wine-section\">\n<h3>\u30c6\u30a4\u30b9\u30c6\u30a3\u30f3\u30b0\u30ce\u30fc\u30c8<\/h3>\n<p>Bright pale yellow with golden highlights. The nose is intensely aromatic with notes of apricot, peach, white flowers, and a hint of honey. On the palate, the wine is rich and silky, balanced by a refreshing minerality and a long, aromatic finish.<\/p>\n<p class=\"wine-highlight\">A refined and expressive Condrieu, showcasing the pure elegance of Viognier.<\/p>\n<hr \/>\n<\/div>\n<div class=\"wine-section\">\n<h3>\u30da\u30a2\u30ea\u30f3\u30b0<\/h3>\n<p>Perfect with lobster, scallops, creamy poultry dishes, or aromatic cheeses such as blue cheese or aged goat cheese.<\/p>\n<\/div>\n<\/div>\n<p><!-- .vgblk-rw-wrapper --><\/p>","protected":false},"excerpt":{"rendered":"<p>Color: White Alcohol: 13% vol. Grape Variety: 100% Viognier Bottle Size: 75 cl Domaine History Yves Cuilleron, a benchmark winemaker of the Northern Rh\u00f4ne Valley, took over the family estate in 1987 and quickly became one of the key figures of the region. His philosophy is centered on meticulous vineyard work, respect for terroir, and natural vinification using indigenous yeasts. Terroir The vines are planted on steep, terraced hillsides with granite soils, typical of the Condrieu appellation. This exceptional terroir allows the Viognier grape to fully develop its aromatic intensity while preserving freshness and elegance. Tasting Notes Bright pale yellow with golden highlights. The nose is intensely aromatic with notes&#8230;<\/p>","protected":false},"featured_media":1000267,"comment_status":"open","ping_status":"closed","template":"","meta":[],"product_brand":[],"product_cat":[137,90],"product_tag":[259,161],"class_list":{"0":"post-999235","1":"product","2":"type-product","3":"status-publish","4":"has-post-thumbnail","6":"product_cat-rhone-valley","7":"product_cat-white","8":"product_tag-condrieu","9":"product_tag-viognier","11":"first","12":"instock","13":"shipping-taxable","14":"product-type-simple"},"yoast_head":"<!-- This site is optimized with the Yoast SEO Premium plugin v27.2 (Yoast SEO v27.3) - https:\/\/yoast.com\/product\/yoast-seo-premium-wordpress\/ -->\n<title>Yves Cuilleron Condrieu Petite C\u00f4te 2023 - Vavin \u9152\u76d2\u5b50<\/title>\n<meta name=\"description\" content=\"Condrieu Petite C\u00f4te 2023 by Yves Cuilleron, a rich and elegant Rh\u00f4ne white with apricot, peach, and floral notes.Smooth and expressive.\" \/>\n<meta name=\"robots\" content=\"index, follow, max-snippet:-1, max-image-preview:large, max-video-preview:-1\" \/>\n<link rel=\"canonical\" href=\"https:\/\/vavin.tw\/ja\/product\/yves-cuilleron-condrieu-petite-cote-white-2023\/\" \/>\n<meta property=\"og:locale\" content=\"ja_JP\" \/>\n<meta property=\"og:type\" content=\"article\" \/>\n<meta property=\"og:title\" content=\"Yves Cuilleron Condrieu Petite C\u00f4te 2023\" \/>\n<meta property=\"og:description\" content=\"Condrieu Petite C\u00f4te 2023 by Yves Cuilleron, a rich and elegant Rh\u00f4ne white with apricot, peach, and floral notes.Smooth and expressive.\" \/>\n<meta property=\"og:url\" content=\"https:\/\/vavin.tw\/ja\/product\/yves-cuilleron-condrieu-petite-cote-white-2023\/\" \/>\n<meta property=\"og:site_name\" content=\"Vavin \u9152\u76d2\u5b50\" \/>\n<meta property=\"article:publisher\" content=\"https:\/\/www.facebook.com\/vavintw\" \/>\n<meta property=\"article:modified_time\" content=\"2025-04-27T03:34:25+00:00\" \/>\n<meta property=\"og:image\" content=\"https:\/\/vavin.tw\/wp-content\/uploads\/2025\/03\/CONDRIEU-La-Petite-Cote.png\" \/>\n\t<meta property=\"og:image:width\" content=\"400\" \/>\n\t<meta property=\"og:image:height\" content=\"600\" \/>\n\t<meta property=\"og:image:type\" content=\"image\/png\" \/>\n<meta name=\"twitter:card\" content=\"summary_large_image\" \/>\n<meta name=\"twitter:label1\" content=\"\u63a8\u5b9a\u8aad\u307f\u53d6\u308a\u6642\u9593\" \/>\n\t<meta name=\"twitter:data1\" content=\"1\u5206\" \/>\n<script type=\"application\/ld+json\" class=\"yoast-schema-graph\">{\"@context\":\"https:\\\/\\\/schema.org\",\"@graph\":[{\"@type\":\"WebPage\",\"@id\":\"https:\\\/\\\/vavin.tw\\\/product\\\/yves-cuilleron-condrieu-petite-cote-white-2023\\\/\",\"url\":\"https:\\\/\\\/vavin.tw\\\/product\\\/yves-cuilleron-condrieu-petite-cote-white-2023\\\/\",\"name\":\"Yves Cuilleron Condrieu Petite C\u00f4te 2023 - Vavin \u9152\u76d2\u5b50\",\"isPartOf\":{\"@id\":\"https:\\\/\\\/vavin.tw\\\/#website\"},\"primaryImageOfPage\":{\"@id\":\"https:\\\/\\\/vavin.tw\\\/product\\\/yves-cuilleron-condrieu-petite-cote-white-2023\\\/#primaryimage\"},\"image\":{\"@id\":\"https:\\\/\\\/vavin.tw\\\/product\\\/yves-cuilleron-condrieu-petite-cote-white-2023\\\/#primaryimage\"},\"thumbnailUrl\":\"https:\\\/\\\/vavin.tw\\\/wp-content\\\/uploads\\\/2025\\\/03\\\/CONDRIEU-La-Petite-Cote.png\",\"datePublished\":\"2025-03-15T13:55:56+00:00\",\"dateModified\":\"2025-04-27T03:34:25+00:00\",\"description\":\"Condrieu Petite C\u00f4te 2023 by Yves Cuilleron, a rich and elegant Rh\u00f4ne white with apricot, peach, and floral notes.Smooth and expressive.\",\"breadcrumb\":{\"@id\":\"https:\\\/\\\/vavin.tw\\\/product\\\/yves-cuilleron-condrieu-petite-cote-white-2023\\\/#breadcrumb\"},\"inLanguage\":\"ja\",\"potentialAction\":[{\"@type\":\"ReadAction\",\"target\":[\"https:\\\/\\\/vavin.tw\\\/product\\\/yves-cuilleron-condrieu-petite-cote-white-2023\\\/\"]}]},{\"@type\":\"ImageObject\",\"inLanguage\":\"ja\",\"@id\":\"https:\\\/\\\/vavin.tw\\\/product\\\/yves-cuilleron-condrieu-petite-cote-white-2023\\\/#primaryimage\",\"url\":\"https:\\\/\\\/vavin.tw\\\/wp-content\\\/uploads\\\/2025\\\/03\\\/CONDRIEU-La-Petite-Cote.png\",\"contentUrl\":\"https:\\\/\\\/vavin.tw\\\/wp-content\\\/uploads\\\/2025\\\/03\\\/CONDRIEU-La-Petite-Cote.png\",\"width\":400,\"height\":600},{\"@type\":\"BreadcrumbList\",\"@id\":\"https:\\\/\\\/vavin.tw\\\/product\\\/yves-cuilleron-condrieu-petite-cote-white-2023\\\/#breadcrumb\",\"itemListElement\":[{\"@type\":\"ListItem\",\"position\":1,\"name\":\"Home\",\"item\":\"https:\\\/\\\/vavin.tw\\\/\"},{\"@type\":\"ListItem\",\"position\":2,\"name\":\"Products\",\"item\":\"https:\\\/\\\/vavin.tw\\\/shop\\\/\"},{\"@type\":\"ListItem\",\"position\":3,\"name\":\"Yves Cuilleron Condrieu Petite C\u00f4te 2023\"}]},{\"@type\":\"WebSite\",\"@id\":\"https:\\\/\\\/vavin.tw\\\/#website\",\"url\":\"https:\\\/\\\/vavin.tw\\\/\",\"name\":\"Vavin \u9152\u76d2\u5b50\",\"description\":\"Savor the Art of Wine\",\"publisher\":{\"@id\":\"https:\\\/\\\/vavin.tw\\\/#organization\"},\"potentialAction\":[{\"@type\":\"SearchAction\",\"target\":{\"@type\":\"EntryPoint\",\"urlTemplate\":\"https:\\\/\\\/vavin.tw\\\/?s={search_term_string}\"},\"query-input\":{\"@type\":\"PropertyValueSpecification\",\"valueRequired\":true,\"valueName\":\"search_term_string\"}}],\"inLanguage\":\"ja\"},{\"@type\":\"Organization\",\"@id\":\"https:\\\/\\\/vavin.tw\\\/#organization\",\"name\":\"Vavin \u9152\u76d2\u5b50\",\"url\":\"https:\\\/\\\/vavin.tw\\\/\",\"logo\":{\"@type\":\"ImageObject\",\"inLanguage\":\"ja\",\"@id\":\"https:\\\/\\\/vavin.tw\\\/#\\\/schema\\\/logo\\\/image\\\/\",\"url\":\"https:\\\/\\\/vavin.tw\\\/wp-content\\\/uploads\\\/2023\\\/03\\\/cropped-favicon-violet-v1.png\",\"contentUrl\":\"https:\\\/\\\/vavin.tw\\\/wp-content\\\/uploads\\\/2023\\\/03\\\/cropped-favicon-violet-v1.png\",\"width\":512,\"height\":512,\"caption\":\"Vavin \u9152\u76d2\u5b50\"},\"image\":{\"@id\":\"https:\\\/\\\/vavin.tw\\\/#\\\/schema\\\/logo\\\/image\\\/\"},\"sameAs\":[\"https:\\\/\\\/www.facebook.com\\\/vavintw\",\"https:\\\/\\\/www.instagram.com\\\/vavin_tw\"]}]}<\/script>\n<!-- \/ Yoast SEO Premium plugin. -->","yoast_head_json":{"title":"Yves Cuilleron Condrieu Petite C\u00f4te 2023 - Vavin \u9152\u76d2\u5b50","description":"Condrieu Petite C\u00f4te 2023 by Yves Cuilleron, a rich and elegant Rh\u00f4ne white with apricot, peach, and floral notes.Smooth and expressive.","robots":{"index":"index","follow":"follow","max-snippet":"max-snippet:-1","max-image-preview":"max-image-preview:large","max-video-preview":"max-video-preview:-1"},"canonical":"https:\/\/vavin.tw\/ja\/product\/yves-cuilleron-condrieu-petite-cote-white-2023\/","og_locale":"ja_JP","og_type":"article","og_title":"Yves Cuilleron Condrieu Petite C\u00f4te 2023","og_description":"Condrieu Petite C\u00f4te 2023 by Yves Cuilleron, a rich and elegant Rh\u00f4ne white with apricot, peach, and floral notes.Smooth and expressive.","og_url":"https:\/\/vavin.tw\/ja\/product\/yves-cuilleron-condrieu-petite-cote-white-2023\/","og_site_name":"Vavin \u9152\u76d2\u5b50","article_publisher":"https:\/\/www.facebook.com\/vavintw","article_modified_time":"2025-04-27T03:34:25+00:00","og_image":[{"width":400,"height":600,"url":"https:\/\/vavin.tw\/wp-content\/uploads\/2025\/03\/CONDRIEU-La-Petite-Cote.png","type":"image\/png"}],"twitter_card":"summary_large_image","twitter_misc":{"\u63a8\u5b9a\u8aad\u307f\u53d6\u308a\u6642\u9593":"1\u5206"},"schema":{"@context":"https:\/\/schema.org","@graph":[{"@type":"WebPage","@id":"https:\/\/vavin.tw\/product\/yves-cuilleron-condrieu-petite-cote-white-2023\/","url":"https:\/\/vavin.tw\/product\/yves-cuilleron-condrieu-petite-cote-white-2023\/","name":"Yves Cuilleron Condrieu Petite C\u00f4te 2023 - Vavin \u9152\u76d2\u5b50","isPartOf":{"@id":"https:\/\/vavin.tw\/#website"},"primaryImageOfPage":{"@id":"https:\/\/vavin.tw\/product\/yves-cuilleron-condrieu-petite-cote-white-2023\/#primaryimage"},"image":{"@id":"https:\/\/vavin.tw\/product\/yves-cuilleron-condrieu-petite-cote-white-2023\/#primaryimage"},"thumbnailUrl":"https:\/\/vavin.tw\/wp-content\/uploads\/2025\/03\/CONDRIEU-La-Petite-Cote.png","datePublished":"2025-03-15T13:55:56+00:00","dateModified":"2025-04-27T03:34:25+00:00","description":"Condrieu Petite C\u00f4te 2023 by Yves Cuilleron, a rich and elegant Rh\u00f4ne white with apricot, peach, and floral notes.Smooth and expressive.","breadcrumb":{"@id":"https:\/\/vavin.tw\/product\/yves-cuilleron-condrieu-petite-cote-white-2023\/#breadcrumb"},"inLanguage":"ja","potentialAction":[{"@type":"ReadAction","target":["https:\/\/vavin.tw\/product\/yves-cuilleron-condrieu-petite-cote-white-2023\/"]}]},{"@type":"ImageObject","inLanguage":"ja","@id":"https:\/\/vavin.tw\/product\/yves-cuilleron-condrieu-petite-cote-white-2023\/#primaryimage","url":"https:\/\/vavin.tw\/wp-content\/uploads\/2025\/03\/CONDRIEU-La-Petite-Cote.png","contentUrl":"https:\/\/vavin.tw\/wp-content\/uploads\/2025\/03\/CONDRIEU-La-Petite-Cote.png","width":400,"height":600},{"@type":"BreadcrumbList","@id":"https:\/\/vavin.tw\/product\/yves-cuilleron-condrieu-petite-cote-white-2023\/#breadcrumb","itemListElement":[{"@type":"ListItem","position":1,"name":"Home","item":"https:\/\/vavin.tw\/"},{"@type":"ListItem","position":2,"name":"Products","item":"https:\/\/vavin.tw\/shop\/"},{"@type":"ListItem","position":3,"name":"Yves Cuilleron Condrieu Petite C\u00f4te 2023"}]},{"@type":"WebSite","@id":"https:\/\/vavin.tw\/#website","url":"https:\/\/vavin.tw\/","name":"Vavin","description":"\u30ef\u30a4\u30f3\u306e\u82b8\u8853\u3092\u5473\u308f\u3046","publisher":{"@id":"https:\/\/vavin.tw\/#organization"},"potentialAction":[{"@type":"SearchAction","target":{"@type":"EntryPoint","urlTemplate":"https:\/\/vavin.tw\/?s={search_term_string}"},"query-input":{"@type":"PropertyValueSpecification","valueRequired":true,"valueName":"search_term_string"}}],"inLanguage":"ja"},{"@type":"Organization","@id":"https:\/\/vavin.tw\/#organization","name":"Vavin","url":"https:\/\/vavin.tw\/","logo":{"@type":"ImageObject","inLanguage":"ja","@id":"https:\/\/vavin.tw\/#\/schema\/logo\/image\/","url":"https:\/\/vavin.tw\/wp-content\/uploads\/2023\/03\/cropped-favicon-violet-v1.png","contentUrl":"https:\/\/vavin.tw\/wp-content\/uploads\/2023\/03\/cropped-favicon-violet-v1.png","width":512,"height":512,"caption":"Vavin \u9152\u76d2\u5b50"},"image":{"@id":"https:\/\/vavin.tw\/#\/schema\/logo\/image\/"},"sameAs":["https:\/\/www.facebook.com\/vavintw","https:\/\/www.instagram.com\/vavin_tw"]}]}},"_links":{"self":[{"href":"https:\/\/vavin.tw\/ja\/wp-json\/wp\/v2\/product\/999235","targetHints":{"allow":["GET"]}}],"collection":[{"href":"https:\/\/vavin.tw\/ja\/wp-json\/wp\/v2\/product"}],"about":[{"href":"https:\/\/vavin.tw\/ja\/wp-json\/wp\/v2\/types\/product"}],"replies":[{"embeddable":true,"href":"https:\/\/vavin.tw\/ja\/wp-json\/wp\/v2\/comments?post=999235"}],"version-history":[{"count":0,"href":"https:\/\/vavin.tw\/ja\/wp-json\/wp\/v2\/product\/999235\/revisions"}],"wp:featuredmedia":[{"embeddable":true,"href":"https:\/\/vavin.tw\/ja\/wp-json\/wp\/v2\/media\/1000267"}],"wp:attachment":[{"href":"https:\/\/vavin.tw\/ja\/wp-json\/wp\/v2\/media?parent=999235"}],"wp:term":[{"taxonomy":"product_brand","embeddable":true,"href":"https:\/\/vavin.tw\/ja\/wp-json\/wp\/v2\/product_brand?post=999235"},{"taxonomy":"product_cat","embeddable":true,"href":"https:\/\/vavin.tw\/ja\/wp-json\/wp\/v2\/product_cat?post=999235"},{"taxonomy":"product_tag","embeddable":true,"href":"https:\/\/vavin.tw\/ja\/wp-json\/wp\/v2\/product_tag?post=999235"}],"curies":[{"name":"wp","href":"https:\/\/api.w.org\/{rel}","templated":true}]}}