{"id":999238,"date":"2025-03-15T22:05:46","date_gmt":"2025-03-15T14:05:46","guid":{"rendered":"https:\/\/vavin.tw\/?post_type=product&#038;p=999238"},"modified":"2025-04-27T11:34:16","modified_gmt":"2025-04-27T03:34:16","slug":"%e3%82%b7%e3%83%a3%e3%83%88%e3%83%bc%e3%83%bb%e3%83%a9%e3%82%b0%e3%83%a9%e3%83%b3%e3%82%b8%e3%83%a5%e3%83%bb%e3%82%aa%e3%83%bc%e3%83%bb%e3%83%a1%e3%83%89%e3%83%83%e3%82%af%e3%83%bb%e3%83%ab%e3%83%bb","status":"publish","type":"product","link":"https:\/\/vavin.tw\/ja\/product\/chateau-lagrange-haut-medoc-le-haut-medoc-red-2014\/","title":{"rendered":"\u30b7\u30e3\u30c8\u30fc\u30fb\u30e9\u30b0\u30e9\u30f3\u30b8\u30e5 \u30aa\u30fc\u30fb\u30e1\u30c9\u30c3\u30af \u30eb\u30fb\u30aa\u30fc\u30fb\u30e1\u30c9\u30c3\u30af 2014"},"content":{"rendered":"<div class=\"vgblk-rw-wrapper limit-wrapper\">\n<div class=\"wine-info\"><strong>\u8272\uff1a<\/strong> \u8d64\u30ef\u30a4\u30f3<br \/>\n<strong>\u30a2\u30eb\u30b3\u30fc\u30eb\u5ea6\u6570\uff1a<\/strong> 13% \u5dfb.<br \/>\n<strong>\u30d6\u30c9\u30a6\u54c1\u7a2e\uff1a<\/strong> \u30ab\u30d9\u30eb\u30cd\u30fb\u30bd\u30fc\u30f4\u30a3\u30cb\u30e8\u30f3\u3001\u30e1\u30eb\u30ed\u30fc<br \/>\n<strong>\u30dc\u30c8\u30eb\u30b5\u30a4\u30ba\uff1a<\/strong> 75 cl<\/div>\n<hr \/>\n<div class=\"wine-section\">\n<h3>\u30c9\u30e1\u30fc\u30cc\u306e\u6b74\u53f2<\/h3>\n<p>1855\u5e74\u306b\u30b5\u30fc\u30c9\u30fb\u30b0\u30ed\uff08\u7b2c\u4e09\u7d1a\u683c\u4ed8\u3051\uff09\u306b\u5206\u985e\u3055\u308c\u305f\u30b7\u30e3\u30c8\u30fc\u30fb\u30e9\u30b0\u30e9\u30f3\u30b8\u30e5\u306f\u3001\u30dc\u30eb\u30c9\u30fc\u306e\u30b5\u30f3\u30fb\u30b8\u30e5\u30ea\u30a2\u30f3\u5730\u533a\u306b\u3042\u308b\u8457\u540d\u306a\u30b7\u30e3\u30c8\u30fc\u3067\u3059\u3002 \u300c\u30eb\u30fb\u30aa\u30fc\u30fb\u30e1\u30c9\u30c3\u30af\u30fb\u30c9\u30fb\u30e9\u30b0\u30e9\u30f3\u30b8\u30e5\u300d\u306f\u3001\u683c\u4ed8\u3051\u30b7\u30e3\u30c8\u30fc\u30ef\u30a4\u30f3\u3068\u540c\u3058\u7d30\u5fc3\u306e\u6ce8\u610f\u3068\u5c02\u9580\u77e5\u8b58\u3092\u3082\u3063\u3066\u9020\u3089\u308c\u305f\u3001\u96a3\u63a5\u3059\u308b\u30aa\u30fc\u30fb\u30e1\u30c9\u30c3\u30af\u5730\u533a\u306e\u30ef\u30a4\u30f3\u3067\u3059\u3002.<\/p>\n<hr \/>\n<\/div>\n<div class=\"wine-section\">\n<h3>\u30c6\u30ed\u30ef\u30fc\u30eb<\/h3>\n<p>\u3053\u306e\u30ad\u30e5\u30f4\u30a7\u306e\u7551\u306f\u3001\u30ab\u30d9\u30eb\u30cd\u30fb\u30bd\u30fc\u30f4\u30a3\u30cb\u30e8\u30f3\u3068\u30e1\u30eb\u30ed\u306b\u7406\u60f3\u7684\u306a\u3001\u7c98\u571f\u77f3\u7070\u8cea\u306e\u4e0b\u5c64\u571f\u3092\u6301\u3064\u7802\u5229\u8cea\u306e\u571f\u58cc\u306b\u3042\u308b\u3002\u6c34\u306f\u3051\u306e\u826f\u3044\u3053\u306e\u533a\u753b\u306f\u3001\u30ef\u30a4\u30f3\u306e\u9aa8\u683c\u3001\u30a8\u30ec\u30ac\u30f3\u30b9\u3001\u719f\u6210\u80fd\u529b\u3092\u9ad8\u3081\u3066\u3044\u308b\u3002.<\/p>\n<hr \/>\n<\/div>\n<div class=\"wine-section\">\n<h3>\u30c6\u30a4\u30b9\u30c6\u30a3\u30f3\u30b0\u30ce\u30fc\u30c8<\/h3>\n<p>\u30ac\u30fc\u30cd\u30c3\u30c8\u306e\u53cd\u5c04\u3092\u4f34\u3046\u6df1\u3044\u30eb\u30d3\u30fc\u8272\u3002\u30d6\u30e9\u30c3\u30af\u30c1\u30a7\u30ea\u30fc\u3001\u30ab\u30b7\u30b9\u3001\u30bf\u30d0\u30b3\u3001\u7e4a\u7d30\u306a\u30aa\u30fc\u30af\u306e\u30b9\u30d1\u30a4\u30b9\u306e\u9999\u308a\u304c\u73fe\u308c\u307e\u3059\u3002\u53e3\u5f53\u305f\u308a\u306f\u6ed1\u3089\u304b\u3067\u30d0\u30e9\u30f3\u30b9\u304c\u826f\u304f\u3001\u304d\u3081\u7d30\u3084\u304b\u306a\u30bf\u30f3\u30cb\u30f3\u3068\u30d5\u30ec\u30c3\u30b7\u30e5\u3067\u9577\u304f\u7d9a\u304f\u4f59\u97fb\u304c\u3042\u308a\u307e\u3059\u3002.<\/p>\n<p class=\"wine-highlight\">\u30a8\u30ec\u30ac\u30f3\u30c8\u3067\u89aa\u3057\u307f\u3084\u3059\u304f\u3001\u30e1\u30c9\u30c3\u30af\u5730\u65b9\u306e\u6d17\u7df4\u3055\u308c\u305f\u7279\u5fb4\u3068\u3001\u679c\u5b9f\u5473\u3068\u9aa8\u683c\u306e\u8abf\u548c\u306e\u3068\u308c\u305f\u30d6\u30ec\u30f3\u30c9\u304c\u969b\u7acb\u3063\u3066\u3044\u307e\u3059\u3002.<\/p>\n<hr \/>\n<\/div>\n<div class=\"wine-section\">\n<h3>\u30da\u30a2\u30ea\u30f3\u30b0<\/h3>\n<p>\u713c\u304d\u8089\u3001\u30ed\u30fc\u30b9\u30c8\u30d3\u30fc\u30d5\u3001\u9d28\u306e\u30b3\u30f3\u30d5\u30a3\u3001\u307e\u305f\u306f\u30c8\u30e1\u30fb\u30c7\u30fb\u30b5\u30f4\u30a9\u30ef\u3084\u719f\u6210\u30c1\u30a7\u30c0\u30fc\u3068\u3044\u3063\u305f\u719f\u6210\u30c1\u30fc\u30ba\u3068\u4e00\u7dd2\u306b\u304a\u697d\u3057\u307f\u3044\u305f\u3060\u304f\u306e\u304c\u6700\u9069\u3067\u3059\u3002.<\/p>\n<p>&nbsp;<\/p>\n<\/div>\n<hr \/>\n<p>&nbsp;<\/p>\n<p><iframe title=\"YouTube\u52d5\u753b\u30d7\u30ec\u30a4\u30e4\u30fc\" src=\"https:\/\/www.youtube.com\/embed\/ADH6g_XxIEQ?si=aF7GrKQMLsIvFUa7\" width=\"560\" height=\"315\" frameborder=\"0\" allowfullscreen=\"allowfullscreen\"><\/iframe><\/div>\n<p><!-- .vgblk-rw-wrapper --><\/p>","protected":false},"excerpt":{"rendered":"<p>Color: Red Alcohol: 13% vol. Grape Variety: Cabernet Sauvignon, Merlot Bottle Size: 75 cl Domaine History Ch\u00e2teau Lagrange, classified as a Third Growth in 1855, is a prestigious estate located in Saint-Julien, Bordeaux. &#8220;Le Haut-M\u00e9doc de Lagrange&#8221; is the ch\u00e2teau\u2019s expression of the neighboring Haut-M\u00e9doc appellation, crafted with the same care and expertise as their classified growth wines. Terroir The vineyards for this cuv\u00e9e are situated on gravelly soils with clay-limestone subsoils, ideal for Cabernet Sauvignon and Merlot. These well-drained plots contribute to the wine\u2019s structure, elegance, and aging capacity. Tasting Notes Deep ruby color with garnet reflections. The bouquet reveals aromas of black cherry, cassis, tobacco, and delicate oak&#8230;<\/p>","protected":false},"featured_media":999342,"comment_status":"open","ping_status":"closed","template":"","meta":[],"product_brand":[],"product_cat":[139,63],"product_tag":[258,151,157],"class_list":{"0":"post-999238","1":"product","2":"type-product","3":"status-publish","4":"has-post-thumbnail","6":"product_cat-bordeaux","7":"product_cat-red","8":"product_tag-bordeaux","9":"product_tag-cabernet-sauvignon","10":"product_tag-merlot","12":"first","13":"instock","14":"shipping-taxable","15":"product-type-simple"},"yoast_head":"<!-- This site is optimized with the Yoast SEO Premium plugin v27.2 (Yoast SEO v27.3) - https:\/\/yoast.com\/product\/yoast-seo-premium-wordpress\/ -->\n<title>Ch\u00e2teau Lagrange Haut Medoc Le Haut-Medoc 2014 - Vavin \u9152\u76d2\u5b50<\/title>\n<meta name=\"description\" content=\"Ch\u00e2teau Lagrange Haut-M\u00e9doc 2014, a structured Bordeaux with blackcurrant, cedar, and subtle spice notes.Elegant and balanced\" \/>\n<meta name=\"robots\" content=\"index, follow, max-snippet:-1, max-image-preview:large, max-video-preview:-1\" \/>\n<link rel=\"canonical\" href=\"https:\/\/vavin.tw\/ja\/product\/\u30b7\u30e3\u30c8\u30fc\u30fb\u30e9\u30b0\u30e9\u30f3\u30b8\u30e5\u30fb\u30aa\u30fc\u30fb\u30e1\u30c9\u30c3\u30af\u30fb\u30eb\u30fb\/\" \/>\n<meta property=\"og:locale\" content=\"ja_JP\" \/>\n<meta property=\"og:type\" content=\"article\" \/>\n<meta property=\"og:title\" content=\"Ch\u00e2teau Lagrange Haut Medoc Le Haut-Medoc 2014\" \/>\n<meta property=\"og:description\" content=\"Ch\u00e2teau Lagrange Haut-M\u00e9doc 2014, a structured Bordeaux with blackcurrant, cedar, and subtle spice notes.Elegant and balanced\" \/>\n<meta property=\"og:url\" content=\"https:\/\/vavin.tw\/ja\/product\/\u30b7\u30e3\u30c8\u30fc\u30fb\u30e9\u30b0\u30e9\u30f3\u30b8\u30e5\u30fb\u30aa\u30fc\u30fb\u30e1\u30c9\u30c3\u30af\u30fb\u30eb\u30fb\/\" \/>\n<meta property=\"og:site_name\" content=\"Vavin \u9152\u76d2\u5b50\" \/>\n<meta property=\"article:publisher\" content=\"https:\/\/www.facebook.com\/vavintw\" \/>\n<meta property=\"article:modified_time\" content=\"2025-04-27T03:34:16+00:00\" \/>\n<meta property=\"og:image\" content=\"https:\/\/vavin.tw\/wp-content\/uploads\/2025\/03\/Le-Haut-Medoc-de-Lagrange.png\" \/>\n\t<meta property=\"og:image:width\" content=\"464\" \/>\n\t<meta property=\"og:image:height\" content=\"600\" \/>\n\t<meta property=\"og:image:type\" content=\"image\/png\" \/>\n<meta name=\"twitter:card\" content=\"summary_large_image\" \/>\n<meta name=\"twitter:label1\" content=\"\u63a8\u5b9a\u8aad\u307f\u53d6\u308a\u6642\u9593\" \/>\n\t<meta name=\"twitter:data1\" content=\"1\u5206\" \/>\n<script type=\"application\/ld+json\" class=\"yoast-schema-graph\">{\"@context\":\"https:\\\/\\\/schema.org\",\"@graph\":[{\"@type\":\"WebPage\",\"@id\":\"https:\\\/\\\/vavin.tw\\\/product\\\/chateau-lagrange-haut-medoc-le-haut-medoc-red-2014\\\/\",\"url\":\"https:\\\/\\\/vavin.tw\\\/product\\\/chateau-lagrange-haut-medoc-le-haut-medoc-red-2014\\\/\",\"name\":\"Ch\u00e2teau Lagrange Haut Medoc Le Haut-Medoc 2014 - Vavin \u9152\u76d2\u5b50\",\"isPartOf\":{\"@id\":\"https:\\\/\\\/vavin.tw\\\/#website\"},\"primaryImageOfPage\":{\"@id\":\"https:\\\/\\\/vavin.tw\\\/product\\\/chateau-lagrange-haut-medoc-le-haut-medoc-red-2014\\\/#primaryimage\"},\"image\":{\"@id\":\"https:\\\/\\\/vavin.tw\\\/product\\\/chateau-lagrange-haut-medoc-le-haut-medoc-red-2014\\\/#primaryimage\"},\"thumbnailUrl\":\"https:\\\/\\\/vavin.tw\\\/wp-content\\\/uploads\\\/2025\\\/03\\\/Le-Haut-Medoc-de-Lagrange.png\",\"datePublished\":\"2025-03-15T14:05:46+00:00\",\"dateModified\":\"2025-04-27T03:34:16+00:00\",\"description\":\"Ch\u00e2teau Lagrange Haut-M\u00e9doc 2014, a structured Bordeaux with blackcurrant, cedar, and subtle spice notes.Elegant and balanced\",\"breadcrumb\":{\"@id\":\"https:\\\/\\\/vavin.tw\\\/product\\\/chateau-lagrange-haut-medoc-le-haut-medoc-red-2014\\\/#breadcrumb\"},\"inLanguage\":\"ja\",\"potentialAction\":[{\"@type\":\"ReadAction\",\"target\":[\"https:\\\/\\\/vavin.tw\\\/product\\\/chateau-lagrange-haut-medoc-le-haut-medoc-red-2014\\\/\"]}]},{\"@type\":\"ImageObject\",\"inLanguage\":\"ja\",\"@id\":\"https:\\\/\\\/vavin.tw\\\/product\\\/chateau-lagrange-haut-medoc-le-haut-medoc-red-2014\\\/#primaryimage\",\"url\":\"https:\\\/\\\/vavin.tw\\\/wp-content\\\/uploads\\\/2025\\\/03\\\/Le-Haut-Medoc-de-Lagrange.png\",\"contentUrl\":\"https:\\\/\\\/vavin.tw\\\/wp-content\\\/uploads\\\/2025\\\/03\\\/Le-Haut-Medoc-de-Lagrange.png\",\"width\":464,\"height\":600},{\"@type\":\"BreadcrumbList\",\"@id\":\"https:\\\/\\\/vavin.tw\\\/product\\\/chateau-lagrange-haut-medoc-le-haut-medoc-red-2014\\\/#breadcrumb\",\"itemListElement\":[{\"@type\":\"ListItem\",\"position\":1,\"name\":\"Home\",\"item\":\"https:\\\/\\\/vavin.tw\\\/\"},{\"@type\":\"ListItem\",\"position\":2,\"name\":\"Products\",\"item\":\"https:\\\/\\\/vavin.tw\\\/shop\\\/\"},{\"@type\":\"ListItem\",\"position\":3,\"name\":\"Ch\u00e2teau Lagrange Haut Medoc Le Haut-Medoc 2014\"}]},{\"@type\":\"WebSite\",\"@id\":\"https:\\\/\\\/vavin.tw\\\/#website\",\"url\":\"https:\\\/\\\/vavin.tw\\\/\",\"name\":\"Vavin \u9152\u76d2\u5b50\",\"description\":\"Savor the Art of Wine\",\"publisher\":{\"@id\":\"https:\\\/\\\/vavin.tw\\\/#organization\"},\"potentialAction\":[{\"@type\":\"SearchAction\",\"target\":{\"@type\":\"EntryPoint\",\"urlTemplate\":\"https:\\\/\\\/vavin.tw\\\/?s={search_term_string}\"},\"query-input\":{\"@type\":\"PropertyValueSpecification\",\"valueRequired\":true,\"valueName\":\"search_term_string\"}}],\"inLanguage\":\"ja\"},{\"@type\":\"Organization\",\"@id\":\"https:\\\/\\\/vavin.tw\\\/#organization\",\"name\":\"Vavin \u9152\u76d2\u5b50\",\"url\":\"https:\\\/\\\/vavin.tw\\\/\",\"logo\":{\"@type\":\"ImageObject\",\"inLanguage\":\"ja\",\"@id\":\"https:\\\/\\\/vavin.tw\\\/#\\\/schema\\\/logo\\\/image\\\/\",\"url\":\"https:\\\/\\\/vavin.tw\\\/wp-content\\\/uploads\\\/2023\\\/03\\\/cropped-favicon-violet-v1.png\",\"contentUrl\":\"https:\\\/\\\/vavin.tw\\\/wp-content\\\/uploads\\\/2023\\\/03\\\/cropped-favicon-violet-v1.png\",\"width\":512,\"height\":512,\"caption\":\"Vavin \u9152\u76d2\u5b50\"},\"image\":{\"@id\":\"https:\\\/\\\/vavin.tw\\\/#\\\/schema\\\/logo\\\/image\\\/\"},\"sameAs\":[\"https:\\\/\\\/www.facebook.com\\\/vavintw\",\"https:\\\/\\\/www.instagram.com\\\/vavin_tw\"]}]}<\/script>\n<!-- \/ Yoast SEO Premium plugin. -->","yoast_head_json":{"title":"\u30b7\u30e3\u30c8\u30fc\u30fb\u30e9\u30b0\u30e9\u30f3\u30b8\u30e5 \u30aa\u30fc\u30fb\u30e1\u30c9\u30c3\u30af \u30eb\u30fb\u30aa\u30fc\u30fb\u30e1\u30c9\u30c3\u30af 2014 - \u30f4\u30a1\u30f4\u30a1\u30f3 \u9152\u30dc\u30c3\u30af\u30b9","description":"\u30b7\u30e3\u30c8\u30fc\u30fb\u30e9\u30b0\u30e9\u30f3\u30b8\u30e5 \u30aa\u30fc\u30fb\u30e1\u30c9\u30c3\u30af 2014\u3002\u30ab\u30b7\u30b9\u3001\u6749\u3001\u307b\u306e\u304b\u306a\u30b9\u30d1\u30a4\u30b9\u306e\u98a8\u5473\u304c\u611f\u3058\u3089\u308c\u308b\u3001\u3057\u3063\u304b\u308a\u3068\u3057\u305f\u30dc\u30eb\u30c9\u30fc\u30ef\u30a4\u30f3\u3002\u30a8\u30ec\u30ac\u30f3\u30c8\u3067\u30d0\u30e9\u30f3\u30b9\u306e\u53d6\u308c\u305f\u5473\u308f\u3044\u3067\u3059\u3002","robots":{"index":"index","follow":"follow","max-snippet":"max-snippet:-1","max-image-preview":"max-image-preview:large","max-video-preview":"max-video-preview:-1"},"canonical":"https:\/\/vavin.tw\/ja\/product\/\u30b7\u30e3\u30c8\u30fc\u30fb\u30e9\u30b0\u30e9\u30f3\u30b8\u30e5\u30fb\u30aa\u30fc\u30fb\u30e1\u30c9\u30c3\u30af\u30fb\u30eb\u30fb\/","og_locale":"ja_JP","og_type":"article","og_title":"Ch\u00e2teau Lagrange Haut Medoc Le Haut-Medoc 2014","og_description":"Ch\u00e2teau Lagrange Haut-M\u00e9doc 2014, a structured Bordeaux with blackcurrant, cedar, and subtle spice notes.Elegant and balanced","og_url":"https:\/\/vavin.tw\/ja\/product\/\u30b7\u30e3\u30c8\u30fc\u30fb\u30e9\u30b0\u30e9\u30f3\u30b8\u30e5\u30fb\u30aa\u30fc\u30fb\u30e1\u30c9\u30c3\u30af\u30fb\u30eb\u30fb\/","og_site_name":"Vavin \u9152\u76d2\u5b50","article_publisher":"https:\/\/www.facebook.com\/vavintw","article_modified_time":"2025-04-27T03:34:16+00:00","og_image":[{"width":464,"height":600,"url":"https:\/\/vavin.tw\/wp-content\/uploads\/2025\/03\/Le-Haut-Medoc-de-Lagrange.png","type":"image\/png"}],"twitter_card":"summary_large_image","twitter_misc":{"\u63a8\u5b9a\u8aad\u307f\u53d6\u308a\u6642\u9593":"1\u5206"},"schema":{"@context":"https:\/\/schema.org","@graph":[{"@type":"WebPage","@id":"https:\/\/vavin.tw\/product\/chateau-lagrange-haut-medoc-le-haut-medoc-red-2014\/","url":"https:\/\/vavin.tw\/product\/chateau-lagrange-haut-medoc-le-haut-medoc-red-2014\/","name":"\u30b7\u30e3\u30c8\u30fc\u30fb\u30e9\u30b0\u30e9\u30f3\u30b8\u30e5 \u30aa\u30fc\u30fb\u30e1\u30c9\u30c3\u30af \u30eb\u30fb\u30aa\u30fc\u30fb\u30e1\u30c9\u30c3\u30af 2014 - \u30f4\u30a1\u30f4\u30a1\u30f3 \u9152\u30dc\u30c3\u30af\u30b9","isPartOf":{"@id":"https:\/\/vavin.tw\/#website"},"primaryImageOfPage":{"@id":"https:\/\/vavin.tw\/product\/chateau-lagrange-haut-medoc-le-haut-medoc-red-2014\/#primaryimage"},"image":{"@id":"https:\/\/vavin.tw\/product\/chateau-lagrange-haut-medoc-le-haut-medoc-red-2014\/#primaryimage"},"thumbnailUrl":"https:\/\/vavin.tw\/wp-content\/uploads\/2025\/03\/Le-Haut-Medoc-de-Lagrange.png","datePublished":"2025-03-15T14:05:46+00:00","dateModified":"2025-04-27T03:34:16+00:00","description":"\u30b7\u30e3\u30c8\u30fc\u30fb\u30e9\u30b0\u30e9\u30f3\u30b8\u30e5 \u30aa\u30fc\u30fb\u30e1\u30c9\u30c3\u30af 2014\u3002\u30ab\u30b7\u30b9\u3001\u6749\u3001\u307b\u306e\u304b\u306a\u30b9\u30d1\u30a4\u30b9\u306e\u98a8\u5473\u304c\u611f\u3058\u3089\u308c\u308b\u3001\u3057\u3063\u304b\u308a\u3068\u3057\u305f\u30dc\u30eb\u30c9\u30fc\u30ef\u30a4\u30f3\u3002\u30a8\u30ec\u30ac\u30f3\u30c8\u3067\u30d0\u30e9\u30f3\u30b9\u306e\u53d6\u308c\u305f\u5473\u308f\u3044\u3067\u3059\u3002","breadcrumb":{"@id":"https:\/\/vavin.tw\/product\/chateau-lagrange-haut-medoc-le-haut-medoc-red-2014\/#breadcrumb"},"inLanguage":"ja","potentialAction":[{"@type":"ReadAction","target":["https:\/\/vavin.tw\/product\/chateau-lagrange-haut-medoc-le-haut-medoc-red-2014\/"]}]},{"@type":"ImageObject","inLanguage":"ja","@id":"https:\/\/vavin.tw\/product\/chateau-lagrange-haut-medoc-le-haut-medoc-red-2014\/#primaryimage","url":"https:\/\/vavin.tw\/wp-content\/uploads\/2025\/03\/Le-Haut-Medoc-de-Lagrange.png","contentUrl":"https:\/\/vavin.tw\/wp-content\/uploads\/2025\/03\/Le-Haut-Medoc-de-Lagrange.png","width":464,"height":600},{"@type":"BreadcrumbList","@id":"https:\/\/vavin.tw\/product\/chateau-lagrange-haut-medoc-le-haut-medoc-red-2014\/#breadcrumb","itemListElement":[{"@type":"ListItem","position":1,"name":"Home","item":"https:\/\/vavin.tw\/"},{"@type":"ListItem","position":2,"name":"Products","item":"https:\/\/vavin.tw\/shop\/"},{"@type":"ListItem","position":3,"name":"Ch\u00e2teau Lagrange Haut Medoc Le Haut-Medoc 2014"}]},{"@type":"WebSite","@id":"https:\/\/vavin.tw\/#website","url":"https:\/\/vavin.tw\/","name":"Vavin","description":"\u30ef\u30a4\u30f3\u306e\u82b8\u8853\u3092\u5473\u308f\u3046","publisher":{"@id":"https:\/\/vavin.tw\/#organization"},"potentialAction":[{"@type":"SearchAction","target":{"@type":"EntryPoint","urlTemplate":"https:\/\/vavin.tw\/?s={search_term_string}"},"query-input":{"@type":"PropertyValueSpecification","valueRequired":true,"valueName":"search_term_string"}}],"inLanguage":"ja"},{"@type":"Organization","@id":"https:\/\/vavin.tw\/#organization","name":"Vavin","url":"https:\/\/vavin.tw\/","logo":{"@type":"ImageObject","inLanguage":"ja","@id":"https:\/\/vavin.tw\/#\/schema\/logo\/image\/","url":"https:\/\/vavin.tw\/wp-content\/uploads\/2023\/03\/cropped-favicon-violet-v1.png","contentUrl":"https:\/\/vavin.tw\/wp-content\/uploads\/2023\/03\/cropped-favicon-violet-v1.png","width":512,"height":512,"caption":"Vavin \u9152\u76d2\u5b50"},"image":{"@id":"https:\/\/vavin.tw\/#\/schema\/logo\/image\/"},"sameAs":["https:\/\/www.facebook.com\/vavintw","https:\/\/www.instagram.com\/vavin_tw"]}]}},"_links":{"self":[{"href":"https:\/\/vavin.tw\/ja\/wp-json\/wp\/v2\/product\/999238","targetHints":{"allow":["GET"]}}],"collection":[{"href":"https:\/\/vavin.tw\/ja\/wp-json\/wp\/v2\/product"}],"about":[{"href":"https:\/\/vavin.tw\/ja\/wp-json\/wp\/v2\/types\/product"}],"replies":[{"embeddable":true,"href":"https:\/\/vavin.tw\/ja\/wp-json\/wp\/v2\/comments?post=999238"}],"version-history":[{"count":0,"href":"https:\/\/vavin.tw\/ja\/wp-json\/wp\/v2\/product\/999238\/revisions"}],"wp:featuredmedia":[{"embeddable":true,"href":"https:\/\/vavin.tw\/ja\/wp-json\/wp\/v2\/media\/999342"}],"wp:attachment":[{"href":"https:\/\/vavin.tw\/ja\/wp-json\/wp\/v2\/media?parent=999238"}],"wp:term":[{"taxonomy":"product_brand","embeddable":true,"href":"https:\/\/vavin.tw\/ja\/wp-json\/wp\/v2\/product_brand?post=999238"},{"taxonomy":"product_cat","embeddable":true,"href":"https:\/\/vavin.tw\/ja\/wp-json\/wp\/v2\/product_cat?post=999238"},{"taxonomy":"product_tag","embeddable":true,"href":"https:\/\/vavin.tw\/ja\/wp-json\/wp\/v2\/product_tag?post=999238"}],"curies":[{"name":"wp","href":"https:\/\/api.w.org\/{rel}","templated":true}]}}