{"id":1002875,"date":"2025-06-02T19:40:53","date_gmt":"2025-06-02T11:40:53","guid":{"rendered":"https:\/\/vavin.tw\/?post_type=product&#038;p=1002875"},"modified":"2025-12-26T01:15:24","modified_gmt":"2025-12-25T17:15:24","slug":"dom-garille-igp-cite-de-carcassonne-gris-de-garille-rose-2024","status":"publish","type":"product","link":"https:\/\/vavin.tw\/ko\/product\/dom-garille-igp-cite-de-carcassonne-gris-de-garille-rose-2024\/","title":{"rendered":"Dom Garille IGP Cit\u00e9 de Carcassonne Gris de Garille Ros\u00e9 2024"},"content":{"rendered":"<div class=\"vgblk-rw-wrapper limit-wrapper\">\n<div class=\"wine-info\"><strong>\uc0c9\uc0c1:<\/strong> \ub85c\uc81c<br \/>\n<strong>\ub3c4\uc218:<\/strong> 12.5% \uad8c.<br \/>\n<strong>\ud3ec\ub3c4 \ud488\uc885:<\/strong> 55% Cinsault, 30% Grenache, 15% Merlot<br \/>\n<strong>\ubcd1 \uc6a9\ub7c9:<\/strong> 75\ud074<\/div>\n<hr \/>\n<div class=\"wine-section\">\n<h3>\ub3c4\uba58 \uc5ed\uc0ac<\/h3>\n<p>\ub3c4\uba58 \ub4dc \uac00\ub9ac\uc720 (Domaine de Garille) \ub294 1620\ub144\ubd80\ud130 \ub791\uadf8\ub3c5(Languedoc)\uc5d0 \ubfcc\ub9ac\ub97c \ub0b4\ub9b0 \uc720\uc11c \uae4a\uc740 \ub85c\ub974\uc81c\ub9b4(Lorgeril) \uac00\ubb38 \uc18c\uc720\uc758 \uc77c\ubd80\uc785\ub2c8\ub2e4. \uce74\ub974\uce74\uc190(Carcassonne) \uadfc\ucc98\uc5d0 \uc704\uce58\ud55c \uc774 \ub3c4\uba58\uc740 \uc9c0\uc911\ud574\uc758 \ud2b9\uc131\uc5d0 \uc2e0\uc120\ud568\uacfc \uc815\ubc00\ud568\uc744 \uacb0\ud569\ud55c \uc640\uc778\uc744 \uc0dd\uc0b0\ud558\uba70, \ud0c1\uc6d4\ud55c \uc804\ud1b5\uc744 \ubc18\uc601\ud569\ub2c8\ub2e4.<\/p>\n<hr \/>\n<\/div>\n<div class=\"wine-section\">\n<h3>\ub5bc\ub8e8\uc544<\/h3>\n<p>\ud3ec\ub3c4\ubc2d\uc740 \ub204\uc544\ub974 \uc0b0\ub9e5 (Montagne Noire)\uacfc \ud53c\ub808\ub124 \uc0b0\ub9e5(Pyrenees) \uc0ac\uc774\uc5d0 \uc704\uce58\ud558\uba70, \uc11d\ud68c\uc554-\uc810\ud1a0 \ud1a0\uc591\uacfc \uc9c0\uc911\ud574 \ubc0f \ub300\uc11c\uc591 \uc0b0\ub4e4\ubc14\ub78c\uc758 \uc601\ud5a5\uc744 \ubc1b\ub294 \uae30\ud6c4\uc758 \ud61c\ud0dd\uc744 \ub204\ub9bd\ub2c8\ub2e4. \uc774 \ub3c5\ud2b9\ud55c \uc704\uce58\ub294 \ud3ec\ub3c4\uc758 \ub290\ub9b0 \uc219\uc131, \uade0\ud615, \uadf8\ub9ac\uace0 \uc544\ub85c\ub9c8\uc758 \uc12c\uc138\ud568\uc744 \ubcf4\uc7a5\ud569\ub2c8\ub2e4.<\/p>\n<hr \/>\n<\/div>\n<div class=\"wine-section\">\n<h3>\ud14c\uc774\uc2a4\ud305 \ub178\ud2b8<\/h3>\n<p>\uc0c9\uc0c1\uc740 \uc605\uc740 \uc5f0\uc5b4\uc0c9 \ubd84\ud64d\ube5b\uc5d0 \uc740\ube5b \ud558\uc774\ub77c\uc774\ud2b8\ub97c \ub771\ub2c8\ub2e4. \uc544\ub85c\ub9c8\ub294 \uc12c\uc138\ud558\uba70, \ubd89\uc740 \ubca0\ub9ac, \ubc31\ub3c4, \uadf8\ub9ac\uace0 \uac10\uade4\ub958 \uaecd\uc9c8\uc758 \ub178\ud2b8\uac00 \ub4dc\ub7ec\ub0a9\ub2c8\ub2e4. \uc785\uc548\uc5d0\uc11c\ub294 \uc640\uc778\uc774 \uccad\ub7c9\ud558\uace0 \uc0c1\ucf8c\ud558\uba70, \uc2e4\ud06c \uac19\uc740 \uc9c8\uac10\uacfc \uc624\ub798 \uc9c0\uc18d\ub418\ub294, \ud65c\uae30\ucc2c \uc5ec\uc6b4\uc744 \ub0a8\uae41\ub2c8\ub2e4.<\/p>\n<hr \/>\n<\/div>\n<div class=\"wine-section\">\n<h3>\ud398\uc5b4\ub9c1<\/h3>\n<p>\ud574\uc0b0\ubb3c, \uc5ec\ub984 \uc0d0\ub7ec\ub4dc, \ucd08\ubc25(\uc2a4\uc2dc) \uacfc \ud6cc\ub96d\ud558\uac8c \uc5b4\uc6b8\ub9ac\uba70, \ub2e8\uc21c\ud788\uc2dd\uc804\uc8fc (\uc544\ud398\ub9ac\ud2f0\ud504) \ub85c \uc990\uae30\uae30\uc5d0\ub3c4 \uc88b\uc2b5\ub2c8\ub2e4.<\/p>\n<\/div>\n<hr \/>\n<p>&nbsp;<\/p>\n<div style=\"padding: 56.25% 0 0 0; position: relative;\"><iframe style=\"position: absolute; top: 0; left: 0; width: 100%; height: 100%;\" title=\"\uba54\uc885 \ub85c\ub974\uc81c\ub9b4 - 2025\ub144 \uae30\uad00 \ud544\ub984\" src=\"https:\/\/player.vimeo.com\/video\/1045742242?badge=0&amp;autopause=0&amp;player_id=0&amp;app_id=58479\" frameborder=\"0\"><\/iframe><\/div>\n<p><script src=\"https:\/\/player.vimeo.com\/api\/player.js\"><\/script><\/div>\n<p><!-- .vgblk-rw-wrapper --><\/p>","protected":false},"excerpt":{"rendered":"<p>Domaine de Garille\uc758 \uc774 \ub85c\uc81c \uc640\uc778\uc740 \ube5b\ub098\uace0 \uc138\ub828\ub418\uba70, \ub791\uadf8\ub3c5\uc758 \ud587\uc0b4 \uac00\ub4dd\ud55c \ub9e4\ub825\uc744 \uc6b0\uc544\ud558\uac8c \ub2f4\uc544\ub0c5\ub2c8\ub2e4. Cinsault\uc640 Grenache\ub85c \ub9cc\ub4e4\uc5b4\uc84c\uc73c\uba70, \uc5f0\ud55c \uc5f0\uc5b4\ube5b \ud551\ud06c\ub85c \ube5b\ub098\uba70, \uc12c\uc138\ud55c \uc0c9\uac10\uc774 \uc548\uc5d0 \ub2f4\uae34 \uc6b0\uc544\ud568\uc744 \uc608\uace0\ud569\ub2c8\ub2e4. \uc544\ub85c\ub9c8\ub294 \ubd80\ub4dc\ub7fd\uace0, \ubd89\uc740 \ubca0\ub9ac, \ubc31\ub3c4, \uac10\uade4\ub958 \uc81c\uc2a4\ud2b8\uac00 \uc740\uc740\ud558\uac8c \ud37c\uc9d1\ub2c8\ub2e4. \ub9db\uc740 \uc0b0\ub73b\ud558\uba74\uc11c\ub3c4 \ubd80\ub4dc\ub7fd\uace0, \uae54\ub054\ud55c \ud65c\ub825\uc774 \uade0\ud615 \uc7a1\ud78c \ud53c\ub2c8\uc2dc\uae4c\uc9c0 \uc774\uc5b4\uc9d1\ub2c8\ub2e4. \uc11d\ud68c\uc9c8-\uc810\ud1a0 \ud1a0\uc591\uc5d0\uc11c \uc7ac\ubc30\ub418\uc5c8\uc73c\uba70, \uc0b0\uacfc \ubc14\ub2e4 \ubc14\ub78c\uc758 \uc601\ud5a5\uc744 \ubc1b\uc544 \uc774 \ub85c\uc81c\ub294 \uc9c0\uc5ed \ud2b9\uc131\uc744 \uc21c\uc218\ud558\uac8c \ud45c\ud604\ud569\ub2c8\ub2e4. \ud574\uc0b0\ubb3c, \uc5ec\ub984 \uc0d0\ub7ec\ub4dc, \uc2a4\uc2dc\uc640 \ud568\uaed8 \uc990\uae30\uac70\ub098, \ub2e8\ub3c5\uc73c\ub85c \uc544\ud398\ub9ac\ud2f0\ud504\uc6a9\uc73c\ub85c\ub3c4 \uc644\ubcbd\ud55c \ub2e4\uc7ac\ub2e4\ub2a5\ud558\uace0 \uc6b0\uc544\ud55c \uc640\uc778\uc785\ub2c8\ub2e4.<\/p>","protected":false},"featured_media":1002884,"comment_status":"open","ping_status":"closed","template":"","meta":[],"product_brand":[],"product_cat":[138,109],"product_tag":[156,149],"class_list":{"0":"post-1002875","1":"product","2":"type-product","3":"status-publish","4":"has-post-thumbnail","6":"product_cat-languedoc","7":"product_cat-rose","8":"product_tag-grenache","9":"product_tag-syrah","11":"first","12":"instock","13":"shipping-taxable","14":"product-type-simple"},"yoast_head":"<!-- This site is optimized with the Yoast SEO Premium plugin v27.2 (Yoast SEO v27.6) - https:\/\/yoast.com\/product\/yoast-seo-premium-wordpress\/ -->\n<title>Dom Garille IGP Cit\u00e9 de Carcassonne Gris de Garille Ros\u00e9 2024 - Vavin \u9152\u76d2\u5b50<\/title>\n<meta name=\"description\" content=\"Discover Domaine de Garille IGP Cit\u00e9 de Carcassonne Gris de Garille Ros\u00e9 2024, a fresh and elegant ros\u00e9 crafted in Languedoc. With delicate fruit aromas and a refined balance, this wine embodies the charm and authenticity of southern France.\" \/>\n<meta name=\"robots\" content=\"index, follow, max-snippet:-1, max-image-preview:large, max-video-preview:-1\" \/>\n<link rel=\"canonical\" href=\"https:\/\/vavin.tw\/ko\/product\/dom-garille-igp-cite-de-carcassonne-gris-de-garille-rose-2024\/\" \/>\n<meta property=\"og:locale\" content=\"ko_KR\" \/>\n<meta property=\"og:type\" content=\"article\" \/>\n<meta property=\"og:title\" content=\"Dom Garille IGP Cit\u00e9 de Carcassonne Gris de Garille Ros\u00e9 2024\" \/>\n<meta property=\"og:description\" content=\"Discover Domaine de Garille IGP Cit\u00e9 de Carcassonne Gris de Garille Ros\u00e9 2024, a fresh and elegant ros\u00e9 crafted in Languedoc. With delicate fruit aromas and a refined balance, this wine embodies the charm and authenticity of southern France.\" \/>\n<meta property=\"og:url\" content=\"https:\/\/vavin.tw\/ko\/product\/dom-garille-igp-cite-de-carcassonne-gris-de-garille-rose-2024\/\" \/>\n<meta property=\"og:site_name\" content=\"Vavin \u9152\u76d2\u5b50\" \/>\n<meta property=\"article:publisher\" content=\"https:\/\/www.facebook.com\/vavintw\" \/>\n<meta property=\"article:modified_time\" content=\"2025-12-25T17:15:24+00:00\" \/>\n<meta property=\"og:image\" content=\"https:\/\/vavin.tw\/wp-content\/uploads\/2025\/06\/Lorgeril-Cite-de-Carcassonne-Gris-de-Garille-Rose-2024.png\" \/>\n\t<meta property=\"og:image:width\" content=\"400\" \/>\n\t<meta property=\"og:image:height\" content=\"600\" \/>\n\t<meta property=\"og:image:type\" content=\"image\/png\" \/>\n<meta name=\"twitter:card\" content=\"summary_large_image\" \/>\n<meta name=\"twitter:label1\" content=\"\uc608\uc0c1 \ub418\ub294 \ud310\ub3c5 \uc2dc\uac04\" \/>\n\t<meta name=\"twitter:data1\" content=\"1\ubd84\" \/>\n<script type=\"application\/ld+json\" class=\"yoast-schema-graph\">{\"@context\":\"https:\\\/\\\/schema.org\",\"@graph\":[{\"@type\":\"WebPage\",\"@id\":\"https:\\\/\\\/vavin.tw\\\/product\\\/dom-garille-igp-cite-de-carcassonne-gris-de-garille-rose-2024\\\/\",\"url\":\"https:\\\/\\\/vavin.tw\\\/product\\\/dom-garille-igp-cite-de-carcassonne-gris-de-garille-rose-2024\\\/\",\"name\":\"Dom Garille IGP Cit\u00e9 de Carcassonne Gris de Garille Ros\u00e9 2024 - Vavin \u9152\u76d2\u5b50\",\"isPartOf\":{\"@id\":\"https:\\\/\\\/vavin.tw\\\/#website\"},\"primaryImageOfPage\":{\"@id\":\"https:\\\/\\\/vavin.tw\\\/product\\\/dom-garille-igp-cite-de-carcassonne-gris-de-garille-rose-2024\\\/#primaryimage\"},\"image\":{\"@id\":\"https:\\\/\\\/vavin.tw\\\/product\\\/dom-garille-igp-cite-de-carcassonne-gris-de-garille-rose-2024\\\/#primaryimage\"},\"thumbnailUrl\":\"https:\\\/\\\/vavin.tw\\\/wp-content\\\/uploads\\\/2025\\\/06\\\/Lorgeril-Cite-de-Carcassonne-Gris-de-Garille-Rose-2024.png\",\"datePublished\":\"2025-06-02T11:40:53+00:00\",\"dateModified\":\"2025-12-25T17:15:24+00:00\",\"description\":\"Discover Domaine de Garille IGP Cit\u00e9 de Carcassonne Gris de Garille Ros\u00e9 2024, a fresh and elegant ros\u00e9 crafted in Languedoc. With delicate fruit aromas and a refined balance, this wine embodies the charm and authenticity of southern France.\",\"breadcrumb\":{\"@id\":\"https:\\\/\\\/vavin.tw\\\/product\\\/dom-garille-igp-cite-de-carcassonne-gris-de-garille-rose-2024\\\/#breadcrumb\"},\"inLanguage\":\"ko-KR\",\"potentialAction\":[{\"@type\":\"ReadAction\",\"target\":[\"https:\\\/\\\/vavin.tw\\\/product\\\/dom-garille-igp-cite-de-carcassonne-gris-de-garille-rose-2024\\\/\"]}]},{\"@type\":\"ImageObject\",\"inLanguage\":\"ko-KR\",\"@id\":\"https:\\\/\\\/vavin.tw\\\/product\\\/dom-garille-igp-cite-de-carcassonne-gris-de-garille-rose-2024\\\/#primaryimage\",\"url\":\"https:\\\/\\\/vavin.tw\\\/wp-content\\\/uploads\\\/2025\\\/06\\\/Lorgeril-Cite-de-Carcassonne-Gris-de-Garille-Rose-2024.png\",\"contentUrl\":\"https:\\\/\\\/vavin.tw\\\/wp-content\\\/uploads\\\/2025\\\/06\\\/Lorgeril-Cite-de-Carcassonne-Gris-de-Garille-Rose-2024.png\",\"width\":400,\"height\":600},{\"@type\":\"BreadcrumbList\",\"@id\":\"https:\\\/\\\/vavin.tw\\\/product\\\/dom-garille-igp-cite-de-carcassonne-gris-de-garille-rose-2024\\\/#breadcrumb\",\"itemListElement\":[{\"@type\":\"ListItem\",\"position\":1,\"name\":\"Home\",\"item\":\"https:\\\/\\\/vavin.tw\\\/\"},{\"@type\":\"ListItem\",\"position\":2,\"name\":\"Products\",\"item\":\"https:\\\/\\\/vavin.tw\\\/shop\\\/\"},{\"@type\":\"ListItem\",\"position\":3,\"name\":\"Dom Garille IGP Cit\u00e9 de Carcassonne Gris de Garille Ros\u00e9 2024\"}]},{\"@type\":\"WebSite\",\"@id\":\"https:\\\/\\\/vavin.tw\\\/#website\",\"url\":\"https:\\\/\\\/vavin.tw\\\/\",\"name\":\"Vavin \u9152\u76d2\u5b50\",\"description\":\"Savor the Art of Wine\",\"publisher\":{\"@id\":\"https:\\\/\\\/vavin.tw\\\/#organization\"},\"potentialAction\":[{\"@type\":\"SearchAction\",\"target\":{\"@type\":\"EntryPoint\",\"urlTemplate\":\"https:\\\/\\\/vavin.tw\\\/?s={search_term_string}\"},\"query-input\":{\"@type\":\"PropertyValueSpecification\",\"valueRequired\":true,\"valueName\":\"search_term_string\"}}],\"inLanguage\":\"ko-KR\"},{\"@type\":\"Organization\",\"@id\":\"https:\\\/\\\/vavin.tw\\\/#organization\",\"name\":\"Vavin \u9152\u76d2\u5b50\",\"url\":\"https:\\\/\\\/vavin.tw\\\/\",\"logo\":{\"@type\":\"ImageObject\",\"inLanguage\":\"ko-KR\",\"@id\":\"https:\\\/\\\/vavin.tw\\\/#\\\/schema\\\/logo\\\/image\\\/\",\"url\":\"https:\\\/\\\/vavin.tw\\\/wp-content\\\/uploads\\\/2023\\\/03\\\/cropped-favicon-violet-v1.png\",\"contentUrl\":\"https:\\\/\\\/vavin.tw\\\/wp-content\\\/uploads\\\/2023\\\/03\\\/cropped-favicon-violet-v1.png\",\"width\":512,\"height\":512,\"caption\":\"Vavin \u9152\u76d2\u5b50\"},\"image\":{\"@id\":\"https:\\\/\\\/vavin.tw\\\/#\\\/schema\\\/logo\\\/image\\\/\"},\"sameAs\":[\"https:\\\/\\\/www.facebook.com\\\/vavintw\",\"https:\\\/\\\/www.instagram.com\\\/vavin_tw\"]}]}<\/script>\n<!-- \/ Yoast SEO Premium plugin. -->","yoast_head_json":{"title":"Dom Garille IGP Cit\u00e9 de Carcassonne Gris de Garille Ros\u00e9 2024 - Vavin \u9152\u76d2\u5b50","description":"Discover Domaine de Garille IGP Cit\u00e9 de Carcassonne Gris de Garille Ros\u00e9 2024, a fresh and elegant ros\u00e9 crafted in Languedoc. With delicate fruit aromas and a refined balance, this wine embodies the charm and authenticity of southern France.","robots":{"index":"index","follow":"follow","max-snippet":"max-snippet:-1","max-image-preview":"max-image-preview:large","max-video-preview":"max-video-preview:-1"},"canonical":"https:\/\/vavin.tw\/ko\/product\/dom-garille-igp-cite-de-carcassonne-gris-de-garille-rose-2024\/","og_locale":"ko_KR","og_type":"article","og_title":"Dom Garille IGP Cit\u00e9 de Carcassonne Gris de Garille Ros\u00e9 2024","og_description":"Discover Domaine de Garille IGP Cit\u00e9 de Carcassonne Gris de Garille Ros\u00e9 2024, a fresh and elegant ros\u00e9 crafted in Languedoc. With delicate fruit aromas and a refined balance, this wine embodies the charm and authenticity of southern France.","og_url":"https:\/\/vavin.tw\/ko\/product\/dom-garille-igp-cite-de-carcassonne-gris-de-garille-rose-2024\/","og_site_name":"Vavin \u9152\u76d2\u5b50","article_publisher":"https:\/\/www.facebook.com\/vavintw","article_modified_time":"2025-12-25T17:15:24+00:00","og_image":[{"width":400,"height":600,"url":"https:\/\/vavin.tw\/wp-content\/uploads\/2025\/06\/Lorgeril-Cite-de-Carcassonne-Gris-de-Garille-Rose-2024.png","type":"image\/png"}],"twitter_card":"summary_large_image","twitter_misc":{"\uc608\uc0c1 \ub418\ub294 \ud310\ub3c5 \uc2dc\uac04":"1\ubd84"},"schema":{"@context":"https:\/\/schema.org","@graph":[{"@type":"WebPage","@id":"https:\/\/vavin.tw\/product\/dom-garille-igp-cite-de-carcassonne-gris-de-garille-rose-2024\/","url":"https:\/\/vavin.tw\/product\/dom-garille-igp-cite-de-carcassonne-gris-de-garille-rose-2024\/","name":"Dom Garille IGP Cit\u00e9 de Carcassonne Gris de Garille Ros\u00e9 2024 - Vavin \u9152\u76d2\u5b50","isPartOf":{"@id":"https:\/\/vavin.tw\/#website"},"primaryImageOfPage":{"@id":"https:\/\/vavin.tw\/product\/dom-garille-igp-cite-de-carcassonne-gris-de-garille-rose-2024\/#primaryimage"},"image":{"@id":"https:\/\/vavin.tw\/product\/dom-garille-igp-cite-de-carcassonne-gris-de-garille-rose-2024\/#primaryimage"},"thumbnailUrl":"https:\/\/vavin.tw\/wp-content\/uploads\/2025\/06\/Lorgeril-Cite-de-Carcassonne-Gris-de-Garille-Rose-2024.png","datePublished":"2025-06-02T11:40:53+00:00","dateModified":"2025-12-25T17:15:24+00:00","description":"Discover Domaine de Garille IGP Cit\u00e9 de Carcassonne Gris de Garille Ros\u00e9 2024, a fresh and elegant ros\u00e9 crafted in Languedoc. With delicate fruit aromas and a refined balance, this wine embodies the charm and authenticity of southern France.","breadcrumb":{"@id":"https:\/\/vavin.tw\/product\/dom-garille-igp-cite-de-carcassonne-gris-de-garille-rose-2024\/#breadcrumb"},"inLanguage":"ko-KR","potentialAction":[{"@type":"ReadAction","target":["https:\/\/vavin.tw\/product\/dom-garille-igp-cite-de-carcassonne-gris-de-garille-rose-2024\/"]}]},{"@type":"ImageObject","inLanguage":"ko-KR","@id":"https:\/\/vavin.tw\/product\/dom-garille-igp-cite-de-carcassonne-gris-de-garille-rose-2024\/#primaryimage","url":"https:\/\/vavin.tw\/wp-content\/uploads\/2025\/06\/Lorgeril-Cite-de-Carcassonne-Gris-de-Garille-Rose-2024.png","contentUrl":"https:\/\/vavin.tw\/wp-content\/uploads\/2025\/06\/Lorgeril-Cite-de-Carcassonne-Gris-de-Garille-Rose-2024.png","width":400,"height":600},{"@type":"BreadcrumbList","@id":"https:\/\/vavin.tw\/product\/dom-garille-igp-cite-de-carcassonne-gris-de-garille-rose-2024\/#breadcrumb","itemListElement":[{"@type":"ListItem","position":1,"name":"Home","item":"https:\/\/vavin.tw\/"},{"@type":"ListItem","position":2,"name":"Products","item":"https:\/\/vavin.tw\/shop\/"},{"@type":"ListItem","position":3,"name":"Dom Garille IGP Cit\u00e9 de Carcassonne Gris de Garille Ros\u00e9 2024"}]},{"@type":"WebSite","@id":"https:\/\/vavin.tw\/#website","url":"https:\/\/vavin.tw\/","name":"Vavin","description":"\uc640\uc778\uc758 \uc608\uc220\uc744 \uc74c\ubbf8\ud558\ub2e4","publisher":{"@id":"https:\/\/vavin.tw\/#organization"},"potentialAction":[{"@type":"SearchAction","target":{"@type":"EntryPoint","urlTemplate":"https:\/\/vavin.tw\/?s={search_term_string}"},"query-input":{"@type":"PropertyValueSpecification","valueRequired":true,"valueName":"search_term_string"}}],"inLanguage":"ko-KR"},{"@type":"Organization","@id":"https:\/\/vavin.tw\/#organization","name":"Vavin","url":"https:\/\/vavin.tw\/","logo":{"@type":"ImageObject","inLanguage":"ko-KR","@id":"https:\/\/vavin.tw\/#\/schema\/logo\/image\/","url":"https:\/\/vavin.tw\/wp-content\/uploads\/2023\/03\/cropped-favicon-violet-v1.png","contentUrl":"https:\/\/vavin.tw\/wp-content\/uploads\/2023\/03\/cropped-favicon-violet-v1.png","width":512,"height":512,"caption":"Vavin \u9152\u76d2\u5b50"},"image":{"@id":"https:\/\/vavin.tw\/#\/schema\/logo\/image\/"},"sameAs":["https:\/\/www.facebook.com\/vavintw","https:\/\/www.instagram.com\/vavin_tw"]}]}},"_links":{"self":[{"href":"https:\/\/vavin.tw\/ko\/wp-json\/wp\/v2\/product\/1002875","targetHints":{"allow":["GET"]}}],"collection":[{"href":"https:\/\/vavin.tw\/ko\/wp-json\/wp\/v2\/product"}],"about":[{"href":"https:\/\/vavin.tw\/ko\/wp-json\/wp\/v2\/types\/product"}],"replies":[{"embeddable":true,"href":"https:\/\/vavin.tw\/ko\/wp-json\/wp\/v2\/comments?post=1002875"}],"version-history":[{"count":3,"href":"https:\/\/vavin.tw\/ko\/wp-json\/wp\/v2\/product\/1002875\/revisions"}],"predecessor-version":[{"id":1006018,"href":"https:\/\/vavin.tw\/ko\/wp-json\/wp\/v2\/product\/1002875\/revisions\/1006018"}],"wp:featuredmedia":[{"embeddable":true,"href":"https:\/\/vavin.tw\/ko\/wp-json\/wp\/v2\/media\/1002884"}],"wp:attachment":[{"href":"https:\/\/vavin.tw\/ko\/wp-json\/wp\/v2\/media?parent=1002875"}],"wp:term":[{"taxonomy":"product_brand","embeddable":true,"href":"https:\/\/vavin.tw\/ko\/wp-json\/wp\/v2\/product_brand?post=1002875"},{"taxonomy":"product_cat","embeddable":true,"href":"https:\/\/vavin.tw\/ko\/wp-json\/wp\/v2\/product_cat?post=1002875"},{"taxonomy":"product_tag","embeddable":true,"href":"https:\/\/vavin.tw\/ko\/wp-json\/wp\/v2\/product_tag?post=1002875"}],"curies":[{"name":"wp","href":"https:\/\/api.w.org\/{rel}","templated":true}]}}