{"id":1002886,"date":"2025-06-02T19:59:51","date_gmt":"2025-06-02T11:59:51","guid":{"rendered":"https:\/\/vavin.tw\/?post_type=product&#038;p=1002886"},"modified":"2025-09-22T18:25:28","modified_gmt":"2025-09-22T10:25:28","slug":"%ec%83%a4%ed%86%a0-%eb%93%9c-%ec%8b%9c%ed%94%84%eb%a5%b4-%ed%8f%ac%ec%a0%9c%eb%a5%b4-%ea%b7%b8%eb%9e%91-%eb%b9%88-%eb%a0%88%eb%93%9c-2017","status":"publish","type":"product","link":"https:\/\/vavin.tw\/ko\/product\/chateau-de-ciffre-faugeres-grand-vin-red-2017\/","title":{"rendered":"\uc0e4\ud1a0 \ub4dc \uc2dc\ud504\ub974 \ubcf4\uc81c\ub974 \uadf8\ub791 \ube48 \ub808\ub4dc 2017"},"content":{"rendered":"<div class=\"vgblk-rw-wrapper limit-wrapper\">\n<div class=\"wine-info\"><strong>\uc0c9\uc0c1:<\/strong> \ub808\ub4dc \uc640\uc778<br \/>\n<strong>\ub3c4\uc218:<\/strong> 14% \uad8c.<br \/>\n<strong>\ud3ec\ub3c4 \ud488\uc885:<\/strong> 50% Syrah, 40% Grenache, 10% Mourv\u00e8dre<br \/>\n<strong>\ubcd1 \uc6a9\ub7c9:<\/strong> 75\ud074<\/div>\n<hr \/>\n<div class=\"wine-section\">\n<h3>\ub3c4\uba58 \uc5ed\uc0ac<\/h3>\n<p>\u30b7\u30e3\u30c8\u30fc\u30fb\u30c9\u30fb\u30b7\u30d5\u30eb (Ch\u00e2teau de Ciffre) \u306f\u3001\u30e9\u30f3\u30b0\u30c9\u30c3\u30af\u306b\u3042\u308b\u9ad8\u6a19\u9ad8\u306e\u30ef\u30a4\u30ca\u30ea\u30fc\u3067\u3001\u30ed\u30eb\u30b8\u30a7\u30ea\u30eb\u5bb6\u304c\u904b\u55b6\u3057\u3066\u3044\u307e\u3059\u3002\u30aa\u30fc\u30ac\u30cb\u30c3\u30af\u304a\u3088\u3073\u518d\u751f\u8fb2\u696d\u306b\u30b3\u30df\u30c3\u30c8\u3057\u3001\u30a8\u30ec\u30ac\u30f3\u30c8\u3067\u30c6\u30ed\u30ef\u30fc\u30eb\u91cd\u8996\u306e\u30ef\u30a4\u30f3\u3092\u751f\u7523\u3057\u3066\u3044\u307e\u3059\u3002\u3053\u306e Grand Vin Faug\u00e8res \u306f\u3001\u6700\u3082\u9ad8\u5730\u306b\u3042\u308b\u53e4\u6728\u306e\u533a\u753b\u304b\u3089\u9020\u3089\u308c\u3001\u3053\u306e\u683c\u5225\u306a\u7247\u5ca9\uff08\u30b7\u30b9\u30c8\uff09\u306e\u30c6\u30ed\u30ef\u30fc\u30eb\u306e\u6df1\u307f\u3068\u7e4a\u7d30\u3055\u3092\u53cd\u6620\u3057\u3066\u3044\u307e\u3059\u3002<\/p>\n<hr \/>\n<\/div>\n<div class=\"wine-section\">\n<h3>\ub5bc\ub8e8\uc544<\/h3>\n<p>\uc774 \uc624\ub798\ub41c \ud3ec\ub3c4\ub098\ubb34\ub4e4\uc740 380\ubbf8\ud130 \ub192\uc774\uc758\uac08\uc0c9 \ud3b8\uc554 (schist) \uacfc \ud3b8\ub9c8\uc554(gneiss) \ud1a0\uc591\uc5d0 \ubfcc\ub9ac\ub97c \ub0b4\ub9ac\uace0 \uc788\uc73c\uba70, \uc774\ub294 \ud3ec\uc81c\ub974(Faug\u00e8res) AOC\uc5d0\uc11c \uac00\uc7a5 \ub192\uc740 \ud3ec\ub3c4\ubc2d \uad6c\ud68d\uc785\ub2c8\ub2e4. \uc9c0\uc911\ud574\uc131 \uae30\ud6c4\ub294 \uadfc\ucc98\ud53c\ud06c \ub4dc \ub77c \ucf54\ud0a4\uc57c\ub4dc (Pic de la Coquillade) \uc5d0\uc11c \ubd88\uc5b4\uc624\ub294 \uc2dc\uc6d0\ud55c \uacf5\uae30\uc5d0 \uc758\ud574 \uc870\uc808\ub418\uc5b4 \ud3ec\ub3c4\uc758 \uc2e0\uc120\ud568\uacfc \uade0\ud615\uc744 \ubcf4\uc874\ud569\ub2c8\ub2e4.<\/p>\n<hr \/>\n<\/div>\n<div class=\"wine-section\">\n<h3>\ud14c\uc774\uc2a4\ud305 \ub178\ud2b8<\/h3>\n<p>\uc0c9\uc0c1\uc740 \ud654\ub824\ud55c \ub8e8\ube44\uc0c9\uc785\ub2c8\ub2e4. \uc544\ub85c\ub9c8\ub294 \uac15\ub82c\ud558\uace0 \ub2e4\uce35\uc801\uc774\uba70, \uac80\uc740 \uacfc\uc77c, \ud2b8\ub7ec\ud50c, \ubc31\ud6c4\ucd94, \uadf8\ub9ac\uace0 \uc815\ud5a5\uc758 \ud5a5\uc744 \uc120\uc0ac\ud569\ub2c8\ub2e4. \uc785\uc548\uc5d0\uc11c\ub294 \uc640\uc778\uc774 \ud48d\ub9cc\ud558\uace0 \uc721\uc999\uc774 \ud48d\ubd80\ud558\uba70, \uc2e4\ud06c \uac19\uc740 \ud0c4\ub2cc\uacfc \uc870\ud654\ub85c\uc6b4 \uade0\ud615\uc744 \ubcf4\uc5ec\uc90d\ub2c8\ub2e4. \ub6f0\uc5b4\ub09c \uae4a\uc774, \uc2e0\uc120\ud568, \ubcf5\ud569\uc131\uc744 \uc9c0\ub2cc \uc640\uc778\uc785\ub2c8\ub2e4.<\/p>\n<p class=\"wine-highlight\">\uc6b0\uc544\ud558\uba74\uc11c\ub3c4 \uac15\ub825\ud55c \ud3ec\uc81c\ub974(Faug\u00e8res) \uc640\uc778\uc73c\ub85c, \uc12c\uc138\ud568, \uc219\uc131\ub41c \ubcf5\ud569\uc131, \uadf8\ub9ac\uace0 \uc815\uc81c\ub41c \ubbf8\ub124\ub784 \ud53c\ub2c8\uc2dc\ub97c \uac16\ucd94\uace0 \uc788\uc2b5\ub2c8\ub2e4 \u2014 \uc140\ub7ec \ubcf4\uad00\uc5d0 \uc774\uc0c1\uc801\uc785\ub2c8\ub2e4.<\/p>\n<hr \/>\n<\/div>\n<div class=\"wine-section\">\n<h3>\ud398\uc5b4\ub9c1<\/h3>\n<p>\uad6c\uc6b4 \ub9bd\uc544\uc774 \uc2a4\ud14c\uc774\ud06c\uc640 \ubca0\uc544\ub974\ub124\uc988 \uc18c\uc2a4, \ub85c\uc2a4\ud2b8 \uace0\uae30, \ub610\ub294 \uc219\uc131 \uce58\uc988\uc640 \uc644\ubcbd\ud558\uac8c \uc5b4\uc6b8\ub9bd\ub2c8\ub2e4.<\/p>\n<\/div>\n<p>&nbsp;<\/p>\n<hr \/>\n<p>&nbsp;<\/p>\n<div style=\"padding: 56.25% 0 0 0; position: relative;\"><iframe style=\"position: absolute; top: 0; left: 0; width: 100%; height: 100%;\" title=\"\uba54\uc885 \ub85c\ub974\uc81c\ub9b4 - 2025\ub144 \uae30\uad00 \ud544\ub984\" src=\"https:\/\/player.vimeo.com\/video\/1045742242?badge=0&amp;autopause=0&amp;player_id=0&amp;app_id=58479\" frameborder=\"0\"><\/iframe><\/div>\n<p><script src=\"https:\/\/player.vimeo.com\/api\/player.js\"><\/script><\/div>\n<p><!-- .vgblk-rw-wrapper --><\/p>","protected":false},"excerpt":{"rendered":"<p>Color: Red Alcohol: 14% vol. Grape Variety: 50% Syrah, 40% Grenache, 10% Mourv\u00e8dre Bottle Size: 75 cl Domaine History Ch\u00e2teau de Ciffre is a high-altitude estate in Languedoc, managed by the Lorgeril family. Committed to organic and regenerative agriculture, the estate produces elegant, terroir-driven wines. The Grand Vin Faug\u00e8res is crafted from the highest old-vine&#8230;<\/p>","protected":false},"featured_media":1002887,"comment_status":"open","ping_status":"closed","template":"","meta":[],"product_brand":[],"product_cat":[138,63],"product_tag":[156,174,149],"class_list":{"0":"post-1002886","1":"product","2":"type-product","3":"status-publish","4":"has-post-thumbnail","6":"product_cat-languedoc","7":"product_cat-red","8":"product_tag-grenache","9":"product_tag-mourvedre","10":"product_tag-syrah","12":"first","13":"instock","14":"shipping-taxable","15":"product-type-simple"},"yoast_head":"<!-- This site is optimized with the Yoast SEO Premium plugin v27.2 (Yoast SEO v27.3) - https:\/\/yoast.com\/product\/yoast-seo-premium-wordpress\/ -->\n<title>Ch\u00e2teau de Ciffre Faug\u00e8res Grand Vin Red 2017 - Vavin \u9152\u76d2\u5b50<\/title>\n<meta name=\"description\" content=\"Ch\u00e2teau de Ciffre Grand Vin Faug\u00e8res 2017 is an old-vine blend of Syrah and Grenache grown on high-altitude schist soils. Organic and elegant, it delivers depth, spice, and aging potential from Languedoc&#039;s finest terroirs.\" \/>\n<meta name=\"robots\" content=\"index, follow, max-snippet:-1, max-image-preview:large, max-video-preview:-1\" \/>\n<link rel=\"canonical\" href=\"https:\/\/vavin.tw\/ko\/product\/\uc0e4\ud1a0-\ub4dc-\uc2dc\ud504\ub974-\ud3ec\uc81c\ub974-\uadf8\ub791-\ube48-\ub808\ub4dc-2017\/\" \/>\n<meta property=\"og:locale\" content=\"ko_KR\" \/>\n<meta property=\"og:type\" content=\"article\" \/>\n<meta property=\"og:title\" content=\"Ch\u00e2teau de Ciffre Faug\u00e8res Grand Vin Red 2017\" \/>\n<meta property=\"og:description\" content=\"Ch\u00e2teau de Ciffre Grand Vin Faug\u00e8res 2017 is an old-vine blend of Syrah and Grenache grown on high-altitude schist soils. Organic and elegant, it delivers depth, spice, and aging potential from Languedoc&#039;s finest terroirs.\" \/>\n<meta property=\"og:url\" content=\"https:\/\/vavin.tw\/ko\/product\/\uc0e4\ud1a0-\ub4dc-\uc2dc\ud504\ub974-\ud3ec\uc81c\ub974-\uadf8\ub791-\ube48-\ub808\ub4dc-2017\/\" \/>\n<meta property=\"og:site_name\" content=\"Vavin \u9152\u76d2\u5b50\" \/>\n<meta property=\"article:publisher\" content=\"https:\/\/www.facebook.com\/vavintw\" \/>\n<meta property=\"article:modified_time\" content=\"2025-09-22T10:25:28+00:00\" \/>\n<meta property=\"og:image\" content=\"https:\/\/vavin.tw\/wp-content\/uploads\/2025\/06\/Chateau-de-Ciffre-Faugeres-Grand-Vin-Red-2017.png\" \/>\n\t<meta property=\"og:image:width\" content=\"400\" \/>\n\t<meta property=\"og:image:height\" content=\"600\" \/>\n\t<meta property=\"og:image:type\" content=\"image\/png\" \/>\n<meta name=\"twitter:card\" content=\"summary_large_image\" \/>\n<meta name=\"twitter:label1\" content=\"\uc608\uc0c1 \ub418\ub294 \ud310\ub3c5 \uc2dc\uac04\" \/>\n\t<meta name=\"twitter:data1\" content=\"1\ubd84\" \/>\n<script type=\"application\/ld+json\" class=\"yoast-schema-graph\">{\"@context\":\"https:\\\/\\\/schema.org\",\"@graph\":[{\"@type\":\"WebPage\",\"@id\":\"https:\\\/\\\/vavin.tw\\\/product\\\/chateau-de-ciffre-faugeres-grand-vin-red-2017\\\/\",\"url\":\"https:\\\/\\\/vavin.tw\\\/product\\\/chateau-de-ciffre-faugeres-grand-vin-red-2017\\\/\",\"name\":\"Ch\u00e2teau de Ciffre Faug\u00e8res Grand Vin Red 2017 - Vavin \u9152\u76d2\u5b50\",\"isPartOf\":{\"@id\":\"https:\\\/\\\/vavin.tw\\\/#website\"},\"primaryImageOfPage\":{\"@id\":\"https:\\\/\\\/vavin.tw\\\/product\\\/chateau-de-ciffre-faugeres-grand-vin-red-2017\\\/#primaryimage\"},\"image\":{\"@id\":\"https:\\\/\\\/vavin.tw\\\/product\\\/chateau-de-ciffre-faugeres-grand-vin-red-2017\\\/#primaryimage\"},\"thumbnailUrl\":\"https:\\\/\\\/vavin.tw\\\/wp-content\\\/uploads\\\/2025\\\/06\\\/Chateau-de-Ciffre-Faugeres-Grand-Vin-Red-2017.png\",\"datePublished\":\"2025-06-02T11:59:51+00:00\",\"dateModified\":\"2025-09-22T10:25:28+00:00\",\"description\":\"Ch\u00e2teau de Ciffre Grand Vin Faug\u00e8res 2017 is an old-vine blend of Syrah and Grenache grown on high-altitude schist soils. Organic and elegant, it delivers depth, spice, and aging potential from Languedoc's finest terroirs.\",\"breadcrumb\":{\"@id\":\"https:\\\/\\\/vavin.tw\\\/product\\\/chateau-de-ciffre-faugeres-grand-vin-red-2017\\\/#breadcrumb\"},\"inLanguage\":\"ko-KR\",\"potentialAction\":[{\"@type\":\"ReadAction\",\"target\":[\"https:\\\/\\\/vavin.tw\\\/product\\\/chateau-de-ciffre-faugeres-grand-vin-red-2017\\\/\"]}]},{\"@type\":\"ImageObject\",\"inLanguage\":\"ko-KR\",\"@id\":\"https:\\\/\\\/vavin.tw\\\/product\\\/chateau-de-ciffre-faugeres-grand-vin-red-2017\\\/#primaryimage\",\"url\":\"https:\\\/\\\/vavin.tw\\\/wp-content\\\/uploads\\\/2025\\\/06\\\/Chateau-de-Ciffre-Faugeres-Grand-Vin-Red-2017.png\",\"contentUrl\":\"https:\\\/\\\/vavin.tw\\\/wp-content\\\/uploads\\\/2025\\\/06\\\/Chateau-de-Ciffre-Faugeres-Grand-Vin-Red-2017.png\",\"width\":400,\"height\":600},{\"@type\":\"BreadcrumbList\",\"@id\":\"https:\\\/\\\/vavin.tw\\\/product\\\/chateau-de-ciffre-faugeres-grand-vin-red-2017\\\/#breadcrumb\",\"itemListElement\":[{\"@type\":\"ListItem\",\"position\":1,\"name\":\"Home\",\"item\":\"https:\\\/\\\/vavin.tw\\\/\"},{\"@type\":\"ListItem\",\"position\":2,\"name\":\"Products\",\"item\":\"https:\\\/\\\/vavin.tw\\\/shop\\\/\"},{\"@type\":\"ListItem\",\"position\":3,\"name\":\"Ch\u00e2teau de Ciffre Faug\u00e8res Grand Vin Red 2017\"}]},{\"@type\":\"WebSite\",\"@id\":\"https:\\\/\\\/vavin.tw\\\/#website\",\"url\":\"https:\\\/\\\/vavin.tw\\\/\",\"name\":\"Vavin \u9152\u76d2\u5b50\",\"description\":\"Savor the Art of Wine\",\"publisher\":{\"@id\":\"https:\\\/\\\/vavin.tw\\\/#organization\"},\"potentialAction\":[{\"@type\":\"SearchAction\",\"target\":{\"@type\":\"EntryPoint\",\"urlTemplate\":\"https:\\\/\\\/vavin.tw\\\/?s={search_term_string}\"},\"query-input\":{\"@type\":\"PropertyValueSpecification\",\"valueRequired\":true,\"valueName\":\"search_term_string\"}}],\"inLanguage\":\"ko-KR\"},{\"@type\":\"Organization\",\"@id\":\"https:\\\/\\\/vavin.tw\\\/#organization\",\"name\":\"Vavin \u9152\u76d2\u5b50\",\"url\":\"https:\\\/\\\/vavin.tw\\\/\",\"logo\":{\"@type\":\"ImageObject\",\"inLanguage\":\"ko-KR\",\"@id\":\"https:\\\/\\\/vavin.tw\\\/#\\\/schema\\\/logo\\\/image\\\/\",\"url\":\"https:\\\/\\\/vavin.tw\\\/wp-content\\\/uploads\\\/2023\\\/03\\\/cropped-favicon-violet-v1.png\",\"contentUrl\":\"https:\\\/\\\/vavin.tw\\\/wp-content\\\/uploads\\\/2023\\\/03\\\/cropped-favicon-violet-v1.png\",\"width\":512,\"height\":512,\"caption\":\"Vavin \u9152\u76d2\u5b50\"},\"image\":{\"@id\":\"https:\\\/\\\/vavin.tw\\\/#\\\/schema\\\/logo\\\/image\\\/\"},\"sameAs\":[\"https:\\\/\\\/www.facebook.com\\\/vavintw\",\"https:\\\/\\\/www.instagram.com\\\/vavin_tw\"]}]}<\/script>\n<!-- \/ Yoast SEO Premium plugin. -->","yoast_head_json":{"title":"\uc0e4","description":"\uc0e4\ud1a0 \ub4dc \uc2dc\ud504\ub974 \uadf8\ub791 \ubc45 \ud3ec\uc81c\ub974 2017\uc740 \uace0\uc9c0\ub300 \uc810\ud310\uc554 \ud1a0\uc591\uc5d0\uc11c \uc7ac\ubc30\ub41c \uc2dc\ub77c\uc640 \uadf8\ub974\ub098\uc288\uc758 \uc62c\ub4dc \ubc14\uc778 \ube14\ub80c\ub4dc\uc785\ub2c8\ub2e4. \uc720\uae30\ub18d\uc774\uba70 \uc6b0\uc544\ud55c \uc774 \uc640\uc778\uc740 \ub791\uadf8\ub3c5 \ucd5c\uace0\uc758 \ud14c\ub8e8\uc544\uc5d0\uc11c \ube44\ub86f\ub41c \uae4a\uc774\uac10, \ud5a5\uc2e0\ub8cc, \uc219\uc131 \uc7a0\uc7ac\ub825\uc744 \uc120\uc0ac\ud569\ub2c8\ub2e4.","robots":{"index":"index","follow":"follow","max-snippet":"max-snippet:-1","max-image-preview":"max-image-preview:large","max-video-preview":"max-video-preview:-1"},"canonical":"https:\/\/vavin.tw\/ko\/product\/\uc0e4\ud1a0-\ub4dc-\uc2dc\ud504\ub974-\ud3ec\uc81c\ub974-\uadf8\ub791-\ube48-\ub808\ub4dc-2017\/","og_locale":"ko_KR","og_type":"article","og_title":"Ch\u00e2teau de Ciffre Faug\u00e8res Grand Vin Red 2017","og_description":"Ch\u00e2teau de Ciffre Grand Vin Faug\u00e8res 2017 is an old-vine blend of Syrah and Grenache grown on high-altitude schist soils. Organic and elegant, it delivers depth, spice, and aging potential from Languedoc's finest terroirs.","og_url":"https:\/\/vavin.tw\/ko\/product\/\uc0e4\ud1a0-\ub4dc-\uc2dc\ud504\ub974-\ud3ec\uc81c\ub974-\uadf8\ub791-\ube48-\ub808\ub4dc-2017\/","og_site_name":"Vavin \u9152\u76d2\u5b50","article_publisher":"https:\/\/www.facebook.com\/vavintw","article_modified_time":"2025-09-22T10:25:28+00:00","og_image":[{"width":400,"height":600,"url":"https:\/\/vavin.tw\/wp-content\/uploads\/2025\/06\/Chateau-de-Ciffre-Faugeres-Grand-Vin-Red-2017.png","type":"image\/png"}],"twitter_card":"summary_large_image","twitter_misc":{"\uc608\uc0c1 \ub418\ub294 \ud310\ub3c5 \uc2dc\uac04":"1\ubd84"},"schema":{"@context":"https:\/\/schema.org","@graph":[{"@type":"WebPage","@id":"https:\/\/vavin.tw\/product\/chateau-de-ciffre-faugeres-grand-vin-red-2017\/","url":"https:\/\/vavin.tw\/product\/chateau-de-ciffre-faugeres-grand-vin-red-2017\/","name":"\uc0e4","isPartOf":{"@id":"https:\/\/vavin.tw\/#website"},"primaryImageOfPage":{"@id":"https:\/\/vavin.tw\/product\/chateau-de-ciffre-faugeres-grand-vin-red-2017\/#primaryimage"},"image":{"@id":"https:\/\/vavin.tw\/product\/chateau-de-ciffre-faugeres-grand-vin-red-2017\/#primaryimage"},"thumbnailUrl":"https:\/\/vavin.tw\/wp-content\/uploads\/2025\/06\/Chateau-de-Ciffre-Faugeres-Grand-Vin-Red-2017.png","datePublished":"2025-06-02T11:59:51+00:00","dateModified":"2025-09-22T10:25:28+00:00","description":"\uc0e4\ud1a0 \ub4dc \uc2dc\ud504\ub974 \uadf8\ub791 \ubc45 \ud3ec\uc81c\ub974 2017\uc740 \uace0\uc9c0\ub300 \uc810\ud310\uc554 \ud1a0\uc591\uc5d0\uc11c \uc7ac\ubc30\ub41c \uc2dc\ub77c\uc640 \uadf8\ub974\ub098\uc288\uc758 \uc62c\ub4dc \ubc14\uc778 \ube14\ub80c\ub4dc\uc785\ub2c8\ub2e4. \uc720\uae30\ub18d\uc774\uba70 \uc6b0\uc544\ud55c \uc774 \uc640\uc778\uc740 \ub791\uadf8\ub3c5 \ucd5c\uace0\uc758 \ud14c\ub8e8\uc544\uc5d0\uc11c \ube44\ub86f\ub41c \uae4a\uc774\uac10, \ud5a5\uc2e0\ub8cc, \uc219\uc131 \uc7a0\uc7ac\ub825\uc744 \uc120\uc0ac\ud569\ub2c8\ub2e4.","breadcrumb":{"@id":"https:\/\/vavin.tw\/product\/chateau-de-ciffre-faugeres-grand-vin-red-2017\/#breadcrumb"},"inLanguage":"ko-KR","potentialAction":[{"@type":"ReadAction","target":["https:\/\/vavin.tw\/product\/chateau-de-ciffre-faugeres-grand-vin-red-2017\/"]}]},{"@type":"ImageObject","inLanguage":"ko-KR","@id":"https:\/\/vavin.tw\/product\/chateau-de-ciffre-faugeres-grand-vin-red-2017\/#primaryimage","url":"https:\/\/vavin.tw\/wp-content\/uploads\/2025\/06\/Chateau-de-Ciffre-Faugeres-Grand-Vin-Red-2017.png","contentUrl":"https:\/\/vavin.tw\/wp-content\/uploads\/2025\/06\/Chateau-de-Ciffre-Faugeres-Grand-Vin-Red-2017.png","width":400,"height":600},{"@type":"BreadcrumbList","@id":"https:\/\/vavin.tw\/product\/chateau-de-ciffre-faugeres-grand-vin-red-2017\/#breadcrumb","itemListElement":[{"@type":"ListItem","position":1,"name":"Home","item":"https:\/\/vavin.tw\/"},{"@type":"ListItem","position":2,"name":"Products","item":"https:\/\/vavin.tw\/shop\/"},{"@type":"ListItem","position":3,"name":"Ch\u00e2teau de Ciffre Faug\u00e8res Grand Vin Red 2017"}]},{"@type":"WebSite","@id":"https:\/\/vavin.tw\/#website","url":"https:\/\/vavin.tw\/","name":"Vavin","description":"\uc640\uc778\uc758 \uc608\uc220\uc744 \uc74c\ubbf8\ud558\ub2e4","publisher":{"@id":"https:\/\/vavin.tw\/#organization"},"potentialAction":[{"@type":"SearchAction","target":{"@type":"EntryPoint","urlTemplate":"https:\/\/vavin.tw\/?s={search_term_string}"},"query-input":{"@type":"PropertyValueSpecification","valueRequired":true,"valueName":"search_term_string"}}],"inLanguage":"ko-KR"},{"@type":"Organization","@id":"https:\/\/vavin.tw\/#organization","name":"Vavin","url":"https:\/\/vavin.tw\/","logo":{"@type":"ImageObject","inLanguage":"ko-KR","@id":"https:\/\/vavin.tw\/#\/schema\/logo\/image\/","url":"https:\/\/vavin.tw\/wp-content\/uploads\/2023\/03\/cropped-favicon-violet-v1.png","contentUrl":"https:\/\/vavin.tw\/wp-content\/uploads\/2023\/03\/cropped-favicon-violet-v1.png","width":512,"height":512,"caption":"Vavin \u9152\u76d2\u5b50"},"image":{"@id":"https:\/\/vavin.tw\/#\/schema\/logo\/image\/"},"sameAs":["https:\/\/www.facebook.com\/vavintw","https:\/\/www.instagram.com\/vavin_tw"]}]}},"_links":{"self":[{"href":"https:\/\/vavin.tw\/ko\/wp-json\/wp\/v2\/product\/1002886","targetHints":{"allow":["GET"]}}],"collection":[{"href":"https:\/\/vavin.tw\/ko\/wp-json\/wp\/v2\/product"}],"about":[{"href":"https:\/\/vavin.tw\/ko\/wp-json\/wp\/v2\/types\/product"}],"replies":[{"embeddable":true,"href":"https:\/\/vavin.tw\/ko\/wp-json\/wp\/v2\/comments?post=1002886"}],"version-history":[{"count":3,"href":"https:\/\/vavin.tw\/ko\/wp-json\/wp\/v2\/product\/1002886\/revisions"}],"predecessor-version":[{"id":1005251,"href":"https:\/\/vavin.tw\/ko\/wp-json\/wp\/v2\/product\/1002886\/revisions\/1005251"}],"wp:featuredmedia":[{"embeddable":true,"href":"https:\/\/vavin.tw\/ko\/wp-json\/wp\/v2\/media\/1002887"}],"wp:attachment":[{"href":"https:\/\/vavin.tw\/ko\/wp-json\/wp\/v2\/media?parent=1002886"}],"wp:term":[{"taxonomy":"product_brand","embeddable":true,"href":"https:\/\/vavin.tw\/ko\/wp-json\/wp\/v2\/product_brand?post=1002886"},{"taxonomy":"product_cat","embeddable":true,"href":"https:\/\/vavin.tw\/ko\/wp-json\/wp\/v2\/product_cat?post=1002886"},{"taxonomy":"product_tag","embeddable":true,"href":"https:\/\/vavin.tw\/ko\/wp-json\/wp\/v2\/product_tag?post=1002886"}],"curies":[{"name":"wp","href":"https:\/\/api.w.org\/{rel}","templated":true}]}}