{"id":990498,"date":"2023-04-11T17:58:38","date_gmt":"2023-04-11T09:58:38","guid":{"rendered":"https:\/\/v2.vavin.tw\/product\/bordeaux-superieur-cht-port-du-roy-quinsac-2016\/"},"modified":"2025-12-26T01:15:24","modified_gmt":"2025-12-25T17:15:24","slug":"bordeaux-superieur-cht-port-du-roy-quinsac-2016","status":"publish","type":"product","link":"https:\/\/vavin.tw\/ko\/product\/bordeaux-superieur-cht-port-du-roy-quinsac-2016\/","title":{"rendered":"\uc0e4\ud1a0 \ud3ec\ub974 \ub4a4 \ub8e8\uc544 \ucea5\uc0ad AOC \ubcf4\ub974\ub3c4 \uc26c\ud398\ub9ac\uc678 2016"},"content":{"rendered":"<div class=\"vgblk-rw-wrapper limit-wrapper\">\n<div class=\"wine-info\"><strong>\uc0c9\uc0c1:<\/strong> \ub808\ub4dc \uc640\uc778<br \/>\n<strong>\ub3c4\uc218:<\/strong> 13.2% vol.<br \/>\n<strong>\ud3ec\ub3c4 \ud488\uc885:<\/strong> Merlot, Cabernet Sauvignon, Cabernet Franc<br \/>\n<strong>\ubcd1 \uc6a9\ub7c9:<\/strong> 75\ud074<\/div>\n<hr \/>\n<div class=\"wine-section\">\n<h3>\uc640\uc774\ub108\ub9ac \uc5ed\uc0ac<\/h3>\n<p data-start=\"320\" data-end=\"672\">\uc0e4\ud1a0 \ud3ec\ub974 \ub4a4 \ub8e8\uc544\ub294 \ubcf4\ub974\ub3c4 \uc26c\ud398\ub9ac\uc678\ub974 AOP \uc9c0\uc5ed\uc758 \ud0a8\uc0ad(commune of Quinsac)\uc5d0 \uc704\uce58\ud55c \uac00\uc871 \uc18c\uc720\uc758 \uc640\uc774\ub108\ub9ac\uc785\ub2c8\ub2e4. \uc804\ud1b5\uacfc \uc790\uc5f0\uc5d0 \ub300\ud55c \uc874\uc911\uc744 \ubc14\ud0d5\uc73c\ub85c, \uc624\ub978\ucabd \uac15\ubcc0 \ud14c\ub8e8\uc544\ub974\uc758 \uc6b0\uc544\ud568\uacfc \uae4a\uc774\ub97c \ubc18\uc601\ud55c \ud074\ub798\uc2dd\ud55c \ubcf4\ub974\ub3c4 \ub808\ub4dc \uc640\uc778\uc744 \uc0dd\uc0b0\ud569\ub2c8\ub2e4. 2016\ub144 \ube48\ud2f0\uc9c0\ub294 \uc774 \uc640\uc774\ub108\ub9ac\uac00 \ud488\uc9c8\uacfc \uade0\ud615\uc5d0 \ud5cc\uc2e0\ud558\uace0 \uc788\uc74c\uc744 \uc798 \ubcf4\uc5ec\uc90d\ub2c8\ub2e4.<\/p>\n<hr \/>\n<\/div>\n<div class=\"wine-section\">\n<h3>\ub5bc\ub8e8\uc544<\/h3>\n<p>\ud0a8\uc0ad\uc758 \ud3ec\ub3c4\ubc2d\uc740 \uac00\ub860 \uac15\uc744 \ub0b4\ub824\ub2e4\ubcf4\ub294 \uace0\uc6d0 \uc9c0\ub300\uc5d0 \uc704\uce58\ud558\uace0 \uc788\uc73c\uba70, \uc810\ud1a0\uc640 \uc11d\ud68c\uc554 \ud1a0\uc591\uc740 \ud3ec\ub3c4 \uc7ac\ubc30\uc5d0 \uc774\uc0c1\uc801\uc778 \uc870\uac74\uc744 \uc81c\uacf5\ud569\ub2c8\ub2e4. \uc774 \ub3c5\ud2b9\ud55c \ud14c\ub8e8\uc544\ub974\ub294 \uc628\ud654\ud55c \uae30\ud6c4\uc640 \uacb0\ud569\ub418\uc5b4 \ud3ec\ub3c4\uc54c\uc774 \ucc9c\ucc9c\ud788 \uadf8\ub9ac\uace0 \uace0\ub974\uac8c \uc775\ub3c4\ub85d \ud558\uc5ec, \uad6c\uc870\uac10\uc774 \ub6f0\uc5b4\ub098\uace0 \ubcf5\ud569\ubbf8\uc640 \uc6b0\uc544\ud55c \ud0c4\ub2cc\uc744 \uc9c0\ub2cc \uc640\uc778\uc744 \ub9cc\ub4e4\uc5b4\ub0c5\ub2c8\ub2e4.<\/p>\n<hr \/>\n<\/div>\n<div class=\"wine-section\">\n<h3>\ud14c\uc774\uc2a4\ud305 \ub178\ud2b8<\/h3>\n<p data-start=\"1009\" data-end=\"1323\">\uc11d\ub958\uc11d \ubc18\uc0ac\uad11\uc744 \ub764 \uc9c4\ud55c \ub8e8\ube44\uc0c9\uc744 \uc9c0\ub2c8\uace0 \uc788\uc2b5\ub2c8\ub2e4. \ud5a5\uc5d0\uc11c\ub294 \ube14\ub799\ucee4\ub7f0\ud2b8, \uc790\ub450, \ubc14\uc774\uc62c\ub81b\uc758 \ub9e4\ud639\uc801\uc778 \uc544\ub85c\ub9c8\uac00 \ud3bc\uccd0\uc9c0\uba70, \uc740\uc740\ud55c \uc0bc\ub098\ubb34\uc640 \ud5a5\uc2e0\ub8cc\uc758 \ub178\ud2b8\uac00 \uc774\ub97c \ubcf4\uc644\ud569\ub2c8\ub2e4. \uc785 \uc548\uc5d0\uc11c\ub294 \ud480\ubc14\ub514\uc774\uba74\uc11c\ub3c4 \uc870\ud654\ub86d\uace0, \ubd80\ub4dc\ub7ec\uc6b4 \ud0c4\ub2cc\uacfc \uc9c4\ud55c \uac80\uc740 \uacfc\uc77c \ud48d\ubbf8\uac00 \uc778\uc0c1\uc801\uc785\ub2c8\ub2e4. \uc5ec\uc6b4\uc740 \uae38\uace0, \ub2f4\ubc30\uc640 \ud751\uc5f0\uc758 \ub258\uc559\uc2a4\ub97c \uc740\uc740\ud558\uac8c \ub0a8\uae41\ub2c8\ub2e4. \uad6c\uc870\uac10\uc774 \ub6f0\uc5b4\ub098\uace0 \uc6b0\uc544\ud558\uba70, \ud6cc\ub96d\ud55c \uc219\uc131 \uc7a0\uc7ac\ub825\uc744 \uc9c0\ub2cc \uc815\uc81c\ub418\uace0 \ud45c\ud604\ub825 \uc788\ub294 \ubcf4\ub974\ub3c4 \uc26c\ud398\ub9ac\uc678\ub974\uc785\ub2c8\ub2e4.<\/p>\n<hr \/>\n<\/div>\n<div class=\"wine-section\">\n<h3>\ud398\uc5b4\ub9c1<\/h3>\n<p>\uad6c\uc6b4 \ubd89\uc740 \uc721\ub958, \uc624\ub9ac \uad6c\uc774, \ubc84\uc12f \uc694\ub9ac \ub610\ub294 \uc219\uc131 \uccb4\ub2e4 \uce58\uc988\ub098 \uace0\ub2e4\uc640 \uac19\uc740 \ub2e8\ub2e8\ud55c \uce58\uc988\uc640 \ud6cc\ub96d\ud558\uac8c \uc5b4\uc6b8\ub9bd\ub2c8\ub2e4.<\/p>\n<\/div>\n<\/div>\n<p><!-- .vgblk-rw-wrapper --><\/p>","protected":false},"excerpt":{"rendered":"<p class=\"p1\">\uc0e4\ud1a0 \ud3ec\ub974 \ub4a4 \ub8e8\uc544(Ch\u00e2teau Port du Roy)\ub294 \ubcf4\ub974\ub3c4 \uc26c\ud398\ub9ac\uc678\ub974 AOP \uc9c0\uc5ed\uc5d0 \uc18d\ud55c \ud0a8\uc0ad(Quinsac) \ub9c8\uc744\uc5d0 \uc704\uce58\ud55c \uac00\uc871 \uc6b4\uc601 \uc640\uc774\ub108\ub9ac\uc785\ub2c8\ub2e4. \ud3ec\ub3c4\ubc2d\uc740 \uac00\ub860 \uac15\uc744 \ub0b4\ub824\ub2e4\ubcf4\ub294 \uace0\uc6d0\uc5d0 \uc790\ub9ac\ud558\uace0 \uc788\uc73c\uba70, \uc810\ud1a0-\uc11d\ud68c\uc554 \ud1a0\uc591\uacfc \uc628\ud654\ud55c \uae30\ud6c4\ub294 \ud3ec\ub3c4 \uc7ac\ubc30\uc5d0 \uc774\uc0c1\uc801\uc778 \ud658\uacbd\uc744 \uc81c\uacf5\ud569\ub2c8\ub2e4. \uc774 \ub3c5\ud2b9\ud55c \ub5bc\ub8e8\uc544\uc5d0\uc11c\ub294 \ud3ec\ub3c4\uac00 \ucc9c\ucc9c\ud788 \uace0\ub974\uac8c \uc775\uc73c\uba70, \uc815\uc81c\ub41c \uad6c\uc870\uac10\uacfc \ud48d\ubd80\ud55c \ud5a5, \ubd80\ub4dc\ub7ec\uc6b4 \ud0c4\ub2cc\uc744 \uc9c0\ub2cc \uc640\uc778\uc774 \ud0c4\uc0dd\ud569\ub2c8\ub2e4.<\/p>\n<p class=\"p2\">\uc774 \ube48\ud2f0\uc9c0\ub294 \uac00\ub137 \ube5b\uc744 \ub764 \uc9d9\uc740 \ub8e8\ube44\uc0c9\uc744 \ubcf4\uc5ec\uc90d\ub2c8\ub2e4. \ud5a5\uc5d0\uc11c\ub294 \uce74\uc2dc\uc2a4, \uc790\ub450, \uc81c\ube44\uaf43\uc758 \ud48d\ubd80\ud55c \uc544\ub85c\ub9c8\uac00 \ud45c\ud604\ub418\uba70, \uc0bc\ub098\ubb34\uc640 \ud5a5\uc2e0\ub8cc\uc758 \ub258\uc559\uc2a4\ub85c \ub354\uc6b1 \ub3cb\ubcf4\uc785\ub2c8\ub2e4. \uc785 \uc548\uc5d0\uc11c\ub294 \ud480\ubc14\ub514\uc774\uba74\uc11c\ub3c4 \ubd80\ub4dc\ub7fd\uace0, \uc9c4\ud55c \uac80\uc740 \uacfc\uc77c \ud48d\ubbf8\uc640 \uc798 \ud1b5\ud569\ub41c \ud0c4\ub2cc\uc774 \ud2b9\uc9d5\uc785\ub2c8\ub2e4. \uc5ec\uc6b4\uc740 \uae38\uace0, \ub2f4\ubc30\uc640 \ud751\uc5f0\uc758 \ub258\uc559\uc2a4\uac00 \ub290\uaef4\uc838 \ubcf5\ud569\uc801\uc778 \uad6c\uc870\ub97c \uc644\uc131\ud569\ub2c8\ub2e4. \uad6c\uc6b4 \ubd89\uc740 \uc721\ub958, \uc624\ub9ac\uad6c\uc774, \ubc84\uc12f \uc694\ub9ac, \ub610\ub294 \uc219\uc131 \uccb4\ub354\ub098 \uace0\ub2e4 \uac19\uc740 \ub2e8\ub2e8\ud55c \uce58\uc988\uc640 \uc798 \uc5b4\uc6b8\ub9bd\ub2c8\ub2e4.<\/p>","protected":false},"featured_media":988221,"comment_status":"open","ping_status":"closed","template":"","meta":[],"product_brand":[],"product_cat":[139,63],"product_tag":[150,151,157],"class_list":{"0":"post-990498","1":"product","2":"type-product","3":"status-publish","4":"has-post-thumbnail","6":"product_cat-bordeaux","7":"product_cat-red","8":"product_tag-cabernet-franc","9":"product_tag-cabernet-sauvignon","10":"product_tag-merlot","12":"first","13":"instock","14":"shipping-taxable","15":"product-type-simple"},"yoast_head":"<!-- This site is optimized with the Yoast SEO Premium plugin v27.2 (Yoast SEO v27.3) - https:\/\/yoast.com\/product\/yoast-seo-premium-wordpress\/ -->\n<title>Ch\u00e2teau Port du Roy Quinsac AOP Bordeaux Sup\u00e9rieur 2016 - Vavin \u9152\u76d2\u5b50<\/title>\n<meta name=\"robots\" content=\"index, follow, max-snippet:-1, max-image-preview:large, max-video-preview:-1\" \/>\n<link rel=\"canonical\" href=\"https:\/\/vavin.tw\/ko\/product\/bordeaux-superieur-cht-port-du-roy-quinsac-2016\/\" \/>\n<meta property=\"og:locale\" content=\"ko_KR\" \/>\n<meta property=\"og:type\" content=\"article\" \/>\n<meta property=\"og:title\" content=\"Ch\u00e2teau Port du Roy Quinsac AOP Bordeaux Sup\u00e9rieur 2016\" \/>\n<meta property=\"og:description\" content=\"Ch\u00e2teau Port du Roy is a family-run estate nestled in the commune of Quinsac, within the Bordeaux Sup\u00e9rieur AOP. The vineyards lie on a plateau overlooking the Garonne River, where clay-limestone soils and a temperate climate provide ideal conditions for viticulture. Slow and even ripening in this unique terroir produces wines with refined structure, aromatic depth, and supple tannins. This vintage displays a deep ruby color with garnet hues. On the nose, it reveals expressive notes of blackcurrant, plum, and violet, enhanced by nuances of cedar and spice. The palate is full-bodied and smooth, with rich dark fruit flavors and well-integrated tannins. A persistent finish brings hints of tobacco and graphite, adding to its layered complexity. Ideal with grilled red meats, roast duck, mushroom-based dishes, or hard cheeses like aged cheddar or gouda.\" \/>\n<meta property=\"og:url\" content=\"https:\/\/vavin.tw\/ko\/product\/bordeaux-superieur-cht-port-du-roy-quinsac-2016\/\" \/>\n<meta property=\"og:site_name\" content=\"Vavin \u9152\u76d2\u5b50\" \/>\n<meta property=\"article:publisher\" content=\"https:\/\/www.facebook.com\/vavintw\" \/>\n<meta property=\"article:modified_time\" content=\"2025-12-25T17:15:24+00:00\" \/>\n<meta property=\"og:image\" content=\"https:\/\/vavin.tw\/wp-content\/uploads\/2023\/03\/port-du-roy-quinsac.png\" \/>\n\t<meta property=\"og:image:width\" content=\"400\" \/>\n\t<meta property=\"og:image:height\" content=\"600\" \/>\n\t<meta property=\"og:image:type\" content=\"image\/png\" \/>\n<meta name=\"twitter:card\" content=\"summary_large_image\" \/>\n<meta name=\"twitter:label1\" content=\"\uc608\uc0c1 \ub418\ub294 \ud310\ub3c5 \uc2dc\uac04\" \/>\n\t<meta name=\"twitter:data1\" content=\"2\ubd84\" \/>\n<script type=\"application\/ld+json\" class=\"yoast-schema-graph\">{\"@context\":\"https:\\\/\\\/schema.org\",\"@graph\":[{\"@type\":\"WebPage\",\"@id\":\"https:\\\/\\\/vavin.tw\\\/product\\\/bordeaux-superieur-cht-port-du-roy-quinsac-2016\\\/\",\"url\":\"https:\\\/\\\/vavin.tw\\\/product\\\/bordeaux-superieur-cht-port-du-roy-quinsac-2016\\\/\",\"name\":\"Ch\u00e2teau Port du Roy Quinsac AOP Bordeaux Sup\u00e9rieur 2016 - Vavin \u9152\u76d2\u5b50\",\"isPartOf\":{\"@id\":\"https:\\\/\\\/vavin.tw\\\/#website\"},\"primaryImageOfPage\":{\"@id\":\"https:\\\/\\\/vavin.tw\\\/product\\\/bordeaux-superieur-cht-port-du-roy-quinsac-2016\\\/#primaryimage\"},\"image\":{\"@id\":\"https:\\\/\\\/vavin.tw\\\/product\\\/bordeaux-superieur-cht-port-du-roy-quinsac-2016\\\/#primaryimage\"},\"thumbnailUrl\":\"https:\\\/\\\/vavin.tw\\\/wp-content\\\/uploads\\\/2023\\\/03\\\/port-du-roy-quinsac.png\",\"datePublished\":\"2023-04-11T09:58:38+00:00\",\"dateModified\":\"2025-12-25T17:15:24+00:00\",\"breadcrumb\":{\"@id\":\"https:\\\/\\\/vavin.tw\\\/product\\\/bordeaux-superieur-cht-port-du-roy-quinsac-2016\\\/#breadcrumb\"},\"inLanguage\":\"ko-KR\",\"potentialAction\":[{\"@type\":\"ReadAction\",\"target\":[\"https:\\\/\\\/vavin.tw\\\/product\\\/bordeaux-superieur-cht-port-du-roy-quinsac-2016\\\/\"]}]},{\"@type\":\"ImageObject\",\"inLanguage\":\"ko-KR\",\"@id\":\"https:\\\/\\\/vavin.tw\\\/product\\\/bordeaux-superieur-cht-port-du-roy-quinsac-2016\\\/#primaryimage\",\"url\":\"https:\\\/\\\/vavin.tw\\\/wp-content\\\/uploads\\\/2023\\\/03\\\/port-du-roy-quinsac.png\",\"contentUrl\":\"https:\\\/\\\/vavin.tw\\\/wp-content\\\/uploads\\\/2023\\\/03\\\/port-du-roy-quinsac.png\",\"width\":400,\"height\":600},{\"@type\":\"BreadcrumbList\",\"@id\":\"https:\\\/\\\/vavin.tw\\\/product\\\/bordeaux-superieur-cht-port-du-roy-quinsac-2016\\\/#breadcrumb\",\"itemListElement\":[{\"@type\":\"ListItem\",\"position\":1,\"name\":\"Home\",\"item\":\"https:\\\/\\\/vavin.tw\\\/\"},{\"@type\":\"ListItem\",\"position\":2,\"name\":\"Products\",\"item\":\"https:\\\/\\\/vavin.tw\\\/shop\\\/\"},{\"@type\":\"ListItem\",\"position\":3,\"name\":\"Ch\u00e2teau Port du Roy Quinsac AOP Bordeaux Sup\u00e9rieur 2016\"}]},{\"@type\":\"WebSite\",\"@id\":\"https:\\\/\\\/vavin.tw\\\/#website\",\"url\":\"https:\\\/\\\/vavin.tw\\\/\",\"name\":\"Vavin \u9152\u76d2\u5b50\",\"description\":\"Savor the Art of Wine\",\"publisher\":{\"@id\":\"https:\\\/\\\/vavin.tw\\\/#organization\"},\"potentialAction\":[{\"@type\":\"SearchAction\",\"target\":{\"@type\":\"EntryPoint\",\"urlTemplate\":\"https:\\\/\\\/vavin.tw\\\/?s={search_term_string}\"},\"query-input\":{\"@type\":\"PropertyValueSpecification\",\"valueRequired\":true,\"valueName\":\"search_term_string\"}}],\"inLanguage\":\"ko-KR\"},{\"@type\":\"Organization\",\"@id\":\"https:\\\/\\\/vavin.tw\\\/#organization\",\"name\":\"Vavin \u9152\u76d2\u5b50\",\"url\":\"https:\\\/\\\/vavin.tw\\\/\",\"logo\":{\"@type\":\"ImageObject\",\"inLanguage\":\"ko-KR\",\"@id\":\"https:\\\/\\\/vavin.tw\\\/#\\\/schema\\\/logo\\\/image\\\/\",\"url\":\"https:\\\/\\\/vavin.tw\\\/wp-content\\\/uploads\\\/2023\\\/03\\\/cropped-favicon-violet-v1.png\",\"contentUrl\":\"https:\\\/\\\/vavin.tw\\\/wp-content\\\/uploads\\\/2023\\\/03\\\/cropped-favicon-violet-v1.png\",\"width\":512,\"height\":512,\"caption\":\"Vavin \u9152\u76d2\u5b50\"},\"image\":{\"@id\":\"https:\\\/\\\/vavin.tw\\\/#\\\/schema\\\/logo\\\/image\\\/\"},\"sameAs\":[\"https:\\\/\\\/www.facebook.com\\\/vavintw\",\"https:\\\/\\\/www.instagram.com\\\/vavin_tw\"]}]}<\/script>\n<!-- \/ Yoast SEO Premium plugin. -->","yoast_head_json":{"title":"Ch\u00e2teau Port du Roy Quinsac AOP Bordeaux Sup\u00e9rieur 2016 - Vavin \u9152\u76d2\u5b50","robots":{"index":"index","follow":"follow","max-snippet":"max-snippet:-1","max-image-preview":"max-image-preview:large","max-video-preview":"max-video-preview:-1"},"canonical":"https:\/\/vavin.tw\/ko\/product\/bordeaux-superieur-cht-port-du-roy-quinsac-2016\/","og_locale":"ko_KR","og_type":"article","og_title":"Ch\u00e2teau Port du Roy Quinsac AOP Bordeaux Sup\u00e9rieur 2016","og_description":"Ch\u00e2teau Port du Roy is a family-run estate nestled in the commune of Quinsac, within the Bordeaux Sup\u00e9rieur AOP. The vineyards lie on a plateau overlooking the Garonne River, where clay-limestone soils and a temperate climate provide ideal conditions for viticulture. Slow and even ripening in this unique terroir produces wines with refined structure, aromatic depth, and supple tannins. This vintage displays a deep ruby color with garnet hues. On the nose, it reveals expressive notes of blackcurrant, plum, and violet, enhanced by nuances of cedar and spice. The palate is full-bodied and smooth, with rich dark fruit flavors and well-integrated tannins. A persistent finish brings hints of tobacco and graphite, adding to its layered complexity. Ideal with grilled red meats, roast duck, mushroom-based dishes, or hard cheeses like aged cheddar or gouda.","og_url":"https:\/\/vavin.tw\/ko\/product\/bordeaux-superieur-cht-port-du-roy-quinsac-2016\/","og_site_name":"Vavin \u9152\u76d2\u5b50","article_publisher":"https:\/\/www.facebook.com\/vavintw","article_modified_time":"2025-12-25T17:15:24+00:00","og_image":[{"width":400,"height":600,"url":"https:\/\/vavin.tw\/wp-content\/uploads\/2023\/03\/port-du-roy-quinsac.png","type":"image\/png"}],"twitter_card":"summary_large_image","twitter_misc":{"\uc608\uc0c1 \ub418\ub294 \ud310\ub3c5 \uc2dc\uac04":"2\ubd84"},"schema":{"@context":"https:\/\/schema.org","@graph":[{"@type":"WebPage","@id":"https:\/\/vavin.tw\/product\/bordeaux-superieur-cht-port-du-roy-quinsac-2016\/","url":"https:\/\/vavin.tw\/product\/bordeaux-superieur-cht-port-du-roy-quinsac-2016\/","name":"Ch\u00e2teau Port du Roy Quinsac AOP Bordeaux Sup\u00e9rieur 2016 - Vavin \u9152\u76d2\u5b50","isPartOf":{"@id":"https:\/\/vavin.tw\/#website"},"primaryImageOfPage":{"@id":"https:\/\/vavin.tw\/product\/bordeaux-superieur-cht-port-du-roy-quinsac-2016\/#primaryimage"},"image":{"@id":"https:\/\/vavin.tw\/product\/bordeaux-superieur-cht-port-du-roy-quinsac-2016\/#primaryimage"},"thumbnailUrl":"https:\/\/vavin.tw\/wp-content\/uploads\/2023\/03\/port-du-roy-quinsac.png","datePublished":"2023-04-11T09:58:38+00:00","dateModified":"2025-12-25T17:15:24+00:00","breadcrumb":{"@id":"https:\/\/vavin.tw\/product\/bordeaux-superieur-cht-port-du-roy-quinsac-2016\/#breadcrumb"},"inLanguage":"ko-KR","potentialAction":[{"@type":"ReadAction","target":["https:\/\/vavin.tw\/product\/bordeaux-superieur-cht-port-du-roy-quinsac-2016\/"]}]},{"@type":"ImageObject","inLanguage":"ko-KR","@id":"https:\/\/vavin.tw\/product\/bordeaux-superieur-cht-port-du-roy-quinsac-2016\/#primaryimage","url":"https:\/\/vavin.tw\/wp-content\/uploads\/2023\/03\/port-du-roy-quinsac.png","contentUrl":"https:\/\/vavin.tw\/wp-content\/uploads\/2023\/03\/port-du-roy-quinsac.png","width":400,"height":600},{"@type":"BreadcrumbList","@id":"https:\/\/vavin.tw\/product\/bordeaux-superieur-cht-port-du-roy-quinsac-2016\/#breadcrumb","itemListElement":[{"@type":"ListItem","position":1,"name":"Home","item":"https:\/\/vavin.tw\/"},{"@type":"ListItem","position":2,"name":"Products","item":"https:\/\/vavin.tw\/shop\/"},{"@type":"ListItem","position":3,"name":"Ch\u00e2teau Port du Roy Quinsac AOP Bordeaux Sup\u00e9rieur 2016"}]},{"@type":"WebSite","@id":"https:\/\/vavin.tw\/#website","url":"https:\/\/vavin.tw\/","name":"Vavin","description":"\uc640\uc778\uc758 \uc608\uc220\uc744 \uc74c\ubbf8\ud558\ub2e4","publisher":{"@id":"https:\/\/vavin.tw\/#organization"},"potentialAction":[{"@type":"SearchAction","target":{"@type":"EntryPoint","urlTemplate":"https:\/\/vavin.tw\/?s={search_term_string}"},"query-input":{"@type":"PropertyValueSpecification","valueRequired":true,"valueName":"search_term_string"}}],"inLanguage":"ko-KR"},{"@type":"Organization","@id":"https:\/\/vavin.tw\/#organization","name":"Vavin","url":"https:\/\/vavin.tw\/","logo":{"@type":"ImageObject","inLanguage":"ko-KR","@id":"https:\/\/vavin.tw\/#\/schema\/logo\/image\/","url":"https:\/\/vavin.tw\/wp-content\/uploads\/2023\/03\/cropped-favicon-violet-v1.png","contentUrl":"https:\/\/vavin.tw\/wp-content\/uploads\/2023\/03\/cropped-favicon-violet-v1.png","width":512,"height":512,"caption":"Vavin \u9152\u76d2\u5b50"},"image":{"@id":"https:\/\/vavin.tw\/#\/schema\/logo\/image\/"},"sameAs":["https:\/\/www.facebook.com\/vavintw","https:\/\/www.instagram.com\/vavin_tw"]}]}},"_links":{"self":[{"href":"https:\/\/vavin.tw\/ko\/wp-json\/wp\/v2\/product\/990498","targetHints":{"allow":["GET"]}}],"collection":[{"href":"https:\/\/vavin.tw\/ko\/wp-json\/wp\/v2\/product"}],"about":[{"href":"https:\/\/vavin.tw\/ko\/wp-json\/wp\/v2\/types\/product"}],"replies":[{"embeddable":true,"href":"https:\/\/vavin.tw\/ko\/wp-json\/wp\/v2\/comments?post=990498"}],"version-history":[{"count":1,"href":"https:\/\/vavin.tw\/ko\/wp-json\/wp\/v2\/product\/990498\/revisions"}],"predecessor-version":[{"id":1006128,"href":"https:\/\/vavin.tw\/ko\/wp-json\/wp\/v2\/product\/990498\/revisions\/1006128"}],"wp:featuredmedia":[{"embeddable":true,"href":"https:\/\/vavin.tw\/ko\/wp-json\/wp\/v2\/media\/988221"}],"wp:attachment":[{"href":"https:\/\/vavin.tw\/ko\/wp-json\/wp\/v2\/media?parent=990498"}],"wp:term":[{"taxonomy":"product_brand","embeddable":true,"href":"https:\/\/vavin.tw\/ko\/wp-json\/wp\/v2\/product_brand?post=990498"},{"taxonomy":"product_cat","embeddable":true,"href":"https:\/\/vavin.tw\/ko\/wp-json\/wp\/v2\/product_cat?post=990498"},{"taxonomy":"product_tag","embeddable":true,"href":"https:\/\/vavin.tw\/ko\/wp-json\/wp\/v2\/product_tag?post=990498"}],"curies":[{"name":"wp","href":"https:\/\/api.w.org\/{rel}","templated":true}]}}