{"id":990510,"date":"2023-04-11T17:58:44","date_gmt":"2023-04-11T09:58:44","guid":{"rendered":"https:\/\/v2.vavin.tw\/product\/cht-dyquem-sauternes-2003\/"},"modified":"2025-04-28T13:46:57","modified_gmt":"2025-04-28T05:46:57","slug":"%ec%83%a4%ed%86%a0-%eb%94%94%ec%bc%90-%ec%86%8c%ed%85%8c%eb%a5%b8-2003","status":"publish","type":"product","link":"https:\/\/vavin.tw\/ko\/product\/chateau-dyquem-sauternes-2003\/","title":{"rendered":"\uc0e4\ud1a0 \ub514\ucf10 \uc18c\ud14c\ub978 2003"},"content":{"rendered":"<div class=\"vgblk-rw-wrapper limit-wrapper\">\n<div class=\"wine-info\"><strong>\uc0c9\uc0c1:<\/strong> \ud558\uc580 (\ub2ec\ucf64\ud55c)<br \/>\n<strong>\ub3c4\uc218:<\/strong> 13.5% \uad8c.<br \/>\n<strong>\ud3ec\ub3c4 \ud488\uc885:<\/strong> 80% \uc138\ubbf8\uc6a9, 20% \uc18c\ube44\ub1fd \ube14\ub791<br \/>\n<strong>\ubcd1 \uc6a9\ub7c9:<\/strong> 75\ud074<\/div>\n<hr \/>\n<div class=\"wine-section\">\n<h3>\uc0e4\ud1a0 \uc5ed\uc0ac<\/h3>\n<p>1855\ub144\ubd80\ud130 \uc18c\ud14c\ub978 \ucd5c\uace0\uc758 \ud504\ub9ac\ubbf8\uc5d0 \ud06c\ub93c \uc26c\ud398\ub9ac\uc678\ub974\ub85c \uc778\uc815\ubc1b\ub294 **\uc0e4\ud1a0 \ub514\ucf10**\uc740 \uc138\uacc4 \ucd5c\uace0 \ud488\uc9c8\uc758 \uc2a4\uc704\ud2b8 \uc640\uc778\uc744 \ub9cc\ub4dc\ub294 \uac83\uc73c\ub85c \uc720\uba85\ud55c \uc804\uc124\uc801\uc778 \uc640\uc774\ub108\ub9ac\uc785\ub2c8\ub2e4. \uc18c\ud14c\ub978 \uc911\uc2ec\ubd80\uc5d0 \uc704\uce58\ud55c \uc774 \uc0e4\ud1a0\ub294 4\uc138\uae30 \uc774\uc0c1 \uc774\uc5b4\uc838 \uc628 \uc5ed\uc0ac\uc640 \ubcc0\ud568\uc5c6\ub294 \ud0c1\uc6d4\ud568\uc5d0 \ub300\ud55c \ud5cc\uc2e0\uc744 \uc790\ub791\ud569\ub2c8\ub2e4. \ubaa8\ub4e0 \ubcd1\uc740 \uc138\uc2ec\ud55c \ud3ec\ub3c4\ubc2d \uad00\ub9ac, \uc778\ub0b4\uc2ec \uc788\ub294 \uc218\ud655, \uc815\ubc00\ud55c \uc591\uc870 \uae30\uc220\uc758 \uacb0\uacfc\ubb3c\ub85c, \ud0c1\uc6d4\ud55c \uc21c\uc218\ud568, \uade0\ud615\uac10, \uc219\uc131 \uc7a0\uc7ac\ub825\uc744 \uc120\uc0ac\ud569\ub2c8\ub2e4.<\/p>\n<hr \/>\n<\/div>\n<div class=\"wine-section\">\n<h3>\ub5bc\ub8e8\uc544<\/h3>\n<p>\uc0e4\ud1a0 \ub514\ucf10\uc758 \ud3ec\ub3c4\ubc2d\uc740 \uc9c4\ud759\uc9c8 \uc810\ud1a0\uce35 \uc704\uc758 \ud76c\uadc0\ud55c \uc790\uac08\ud1a0\uc591 \uc870\ud569 \uc704\uc5d0 \uc790\ub9ac \uc7a1\uace0 \uc788\uc5b4 \ubc30\uc218\uac00 \ub6f0\uc5b4\ub098\uace0 \uc5f4 \ubcf4\uc874\uc131\uc774 \uc88b\uc2b5\ub2c8\ub2e4. \uac00\ub860 \uac15\uacfc \uc2dc\ub871 \uac15\uacfc\uc758 \uadfc\uc811\uc131\uc740 \ud3ec\ub3c4\uc758 \ub2f9\ubd84\uc744 \ub18d\ucd95\ud558\uace0 \ud5a5\uc758 \ubcf5\uc7a1\uc131\uc744 \ud5a5\uc0c1\uc2dc\ud0a4\ub294 **\uadc0\ubd80\ubcd1(Botrytis cinerea)** \ubc1c\ub2ec\uc5d0 \ud544\uc218\uc801\uc778 \uc544\uce68 \uc548\uac1c\ub97c \ub9cc\ub4e4\uc5b4\ub0c5\ub2c8\ub2e4.<\/p>\n<hr \/>\n<\/div>\n<div class=\"wine-section\">\n<h3>\uc591\uc870 \uacfc\uc815<\/h3>\n<p>\ud3ec\ub3c4\ub294 \uc644\ubcbd\ud558\uac8c \uc7bf\ube5b\uacf0\ud321\uc774\uac00 \ud540 \ubca0\ub9ac\ub9cc\uc744 \uc120\ud0dd\uc801\uc73c\ub85c \uc218\ud655\ud558\uae30 \uc704\ud574 **\uc5ec\ub7ec \ubc88\uc758 \uc120\ud0dd\uc801 \uc218\ud655\uc744 \ud1b5\ud574 \uc190\uc73c\ub85c \uc218\ud655**\ub429\ub2c8\ub2e4. \ubc1c\ud6a8\ub294 \uc0c8 \ud504\ub791\uc2a4\uc0b0 \uc624\ud06c\ud1b5\uc5d0\uc11c \uc9c4\ud589\ub418\uba70, \uc640\uc778\uc774 \ubcf5\uc7a1\uc131\uacfc \uad6c\uc870\ub97c \uc644\ubcbd\ud558\uac8c \ubc1c\ub2ec\uc2dc\ud0ac \uc218 \uc788\ub3c4\ub85d **30\uac1c\uc6d4 \ub3d9\uc548 \uc624\ud06c\ud1b5\uc5d0\uc11c \uc219\uc131**\ub429\ub2c8\ub2e4. \uc804\ud1b5\uacfc \uc815\ubc00\ud568\uc5d0 \ub530\ub77c \uc591\uc870 \uacfc\uc815\uc774 \uc9c4\ud589\ub418\uc5b4 \ub180\ub77c\uc6b4 \uae4a\uc774\uc640 \uc7a5\uc218\uc131\uc744 \uac00\uc9c4 \uc640\uc778\uc774 \ud0c4\uc0dd\ud569\ub2c8\ub2e4.<\/p>\n<hr \/>\n<\/div>\n<div class=\"wine-section\">\n<h3>\ud14c\uc774\uc2a4\ud305 \ub178\ud2b8<\/h3>\n<p>\ube5b\ub098\ub294 \ud669\uae08\ube5b \ud638\ubc15\uc0c9\uc744 \ub760\uace0 \uc788\uc2b5\ub2c8\ub2e4. \ubd80\ucf00\ub294 \ud48d\uc131\ud558\uace0 \ubcf5\ud569\uc801\uc774\uba70, **\uc124\ud0d5 \uc808\uc778 \uc0b4\uad6c, \uafc0, \uc624\ub80c\uc9c0 \ub9c8\uba40\ub808\uc774\ub4dc, \ud30c\uc778\uc560\ud50c**\uc758 \uac15\ub82c\ud55c \ud5a5\uacfc **\uc0ac\ud504\ub780, \ubc14\ub2d0\ub77c**\uc758 \uc12c\uc138\ud55c \ub178\ud2b8\uac00 \uc788\uc2b5\ub2c8\ub2e4. \uc785\uc548\uc5d0\uc11c\ub294 **\ud48d\ubd80\ud558\uace0, \ub2ec\ucf64\ud558\uba70, \uac15\ub82c\ud55c** \uc640\uc778\uc774\uc9c0\ub9cc \uc0dd\ub3d9\uac10 \uc788\ub294 \uc0b0\ubbf8\ub85c \uc644\ubcbd\ud558\uac8c \uade0\ud615\uc744 \uc774\ub8f9\ub2c8\ub2e4. \uc9c8\uac10\uc740 \ube44\ub2e8 \uac19\uace0, \ud53c\ub2c8\uc2dc\uac00 \ub9e4\uc6b0 \uae38\uac8c \uc774\uc5b4\uc9c0\uba70 \uc774\uad6d\uc801\uc778 \uacfc\uc77c, \ud5a5\uc2e0\ub8cc, \uad6c\uc6b4 \uc544\ubaac\ub4dc\uc758 \ud48d\ubbf8\uac00 \uc624\ub798\ub3c4\ub85d \ub0a8\uc2b5\ub2c8\ub2e4. **2003 \ube48\ud2f0\uc9c0**\ub294 \ud48d\ubd80\ud568, \uc544\ub85c\ub9c8\uc758 \uac15\ub82c\ud568, \uadf8\ub9ac\uace0 \ud6cc\ub96d\ud55c \uc219\uc131 \uc7a0\uc7ac\ub825\uc73c\ub85c \ub3cb\ubcf4\uc785\ub2c8\ub2e4.<\/p>\n<p class=\"wine-highlight\">\uc804\uc124\uc801\uc778 \uc18c\ud14c\ub978 \uc640\uc778\u2014\uc0e4\ud1a0 \ub514\ucf10\uc758 \uba85\uc131\uacfc 2003 \ube48\ud2f0\uc9c0\uc758 \ud2b9\ubcc4\ud55c \uac1c\uc131\uc744 \ubcf4\uc5ec\uc8fc\ub294 \ud48d\ubd80\ud558\uace0 \ubcf5\ud569\uc801\uc774\uba70 \uc644\ubcbd\ud558\uac8c \uade0\ud615 \uc7a1\ud78c \uc640\uc778\uc785\ub2c8\ub2e4.<\/p>\n<hr \/>\n<\/div>\n<div class=\"wine-section\">\n<h3>\ud398\uc5b4\ub9c1<\/h3>\n<p>\ub514\uc800\ud2b8 \uc640\uc778\uc73c\ub85c \uc990\uae30\uac70\ub098 \ube14\ub8e8 \uce58\uc988, \ud478\uc544\uadf8\ub77c, \ub610\ub294 \uc5f4\ub300 \uacfc\uc77c \uae30\ubc18 \uc694\ub9ac\uc640 \ud568\uaed8 \uc990\uae30\uc2ed\uc2dc\uc624.<\/p>\n<\/div>\n<\/div>\n<p><!-- .vgblk-rw-wrapper --><\/p>","protected":false},"excerpt":{"rendered":"<p>Color: White (Sweet) Alcohol: 13.5% vol. Grape Variety: 80% S\u00e9millon, 20% Sauvignon Blanc Bottle Size: 75 cl Ch\u00e2teau History Recognized as the only **Premier Cru Sup\u00e9rieur** in Sauternes since 1855, **Ch\u00e2teau d&#8217;Yquem** is a legendary estate known for crafting some of the world\u2019s finest sweet wines. Located in the heart of Sauternes, the ch\u00e2teau&#8217;s history&#8230;<\/p>","protected":false},"featured_media":988322,"comment_status":"open","ping_status":"closed","template":"","meta":[],"product_brand":[],"product_cat":[139,126,90],"product_tag":[222,375,317],"class_list":{"0":"post-990510","1":"product","2":"type-product","3":"status-publish","4":"has-post-thumbnail","6":"product_cat-bordeaux","7":"product_cat-sweet","8":"product_cat-white","9":"product_tag-semillon","10":"product_tag-sauvignon","11":"product_tag-sweet-wine","13":"first","14":"instock","15":"shipping-taxable","16":"product-type-simple"},"yoast_head":"<!-- This site is optimized with the Yoast SEO Premium plugin v27.2 (Yoast SEO v27.3) - https:\/\/yoast.com\/product\/yoast-seo-premium-wordpress\/ -->\n<title>Ch\u00e2teau d&#039;Yquem Sauternes 2003 - Vavin \u9152\u76d2\u5b50<\/title>\n<meta name=\"description\" content=\"Ch\u00e2teau d&#039;Yquem Sauternes 2003\u2014an exceptional Premier Cru Sup\u00e9rieur with aromas of honey, candied fruits, and spices. Rich, complex, and perfectly balanced, offering remarkable depth and legendary aging potential.\" \/>\n<meta name=\"robots\" content=\"index, follow, max-snippet:-1, max-image-preview:large, max-video-preview:-1\" \/>\n<link rel=\"canonical\" href=\"https:\/\/vavin.tw\/ko\/product\/\uc0e4\ud1a0-\ub514\ucf10-\uc18c\ud14c\ub978-2003\/\" \/>\n<meta property=\"og:locale\" content=\"ko_KR\" \/>\n<meta property=\"og:type\" content=\"article\" \/>\n<meta property=\"og:title\" content=\"Ch\u00e2teau d&#039;Yquem Sauternes 2003\" \/>\n<meta property=\"og:description\" content=\"Ch\u00e2teau d&#039;Yquem Sauternes 2003\u2014an exceptional Premier Cru Sup\u00e9rieur with aromas of honey, candied fruits, and spices. Rich, complex, and perfectly balanced, offering remarkable depth and legendary aging potential.\" \/>\n<meta property=\"og:url\" content=\"https:\/\/vavin.tw\/ko\/product\/\uc0e4\ud1a0-\ub514\ucf10-\uc18c\ud14c\ub978-2003\/\" \/>\n<meta property=\"og:site_name\" content=\"Vavin \u9152\u76d2\u5b50\" \/>\n<meta property=\"article:publisher\" content=\"https:\/\/www.facebook.com\/vavintw\" \/>\n<meta property=\"article:modified_time\" content=\"2025-04-28T05:46:57+00:00\" \/>\n<meta property=\"og:image\" content=\"https:\/\/vavin.tw\/wp-content\/uploads\/2023\/03\/Cha\u0302teau-dYquem-Sauternes-2003.png\" \/>\n\t<meta property=\"og:image:width\" content=\"400\" \/>\n\t<meta property=\"og:image:height\" content=\"600\" \/>\n\t<meta property=\"og:image:type\" content=\"image\/png\" \/>\n<meta name=\"twitter:card\" content=\"summary_large_image\" \/>\n<meta name=\"twitter:label1\" content=\"\uc608\uc0c1 \ub418\ub294 \ud310\ub3c5 \uc2dc\uac04\" \/>\n\t<meta name=\"twitter:data1\" content=\"2\ubd84\" \/>\n<script type=\"application\/ld+json\" class=\"yoast-schema-graph\">{\"@context\":\"https:\\\/\\\/schema.org\",\"@graph\":[{\"@type\":\"WebPage\",\"@id\":\"https:\\\/\\\/vavin.tw\\\/product\\\/chateau-dyquem-sauternes-2003\\\/\",\"url\":\"https:\\\/\\\/vavin.tw\\\/product\\\/chateau-dyquem-sauternes-2003\\\/\",\"name\":\"Ch\u00e2teau d'Yquem Sauternes 2003 - Vavin \u9152\u76d2\u5b50\",\"isPartOf\":{\"@id\":\"https:\\\/\\\/vavin.tw\\\/#website\"},\"primaryImageOfPage\":{\"@id\":\"https:\\\/\\\/vavin.tw\\\/product\\\/chateau-dyquem-sauternes-2003\\\/#primaryimage\"},\"image\":{\"@id\":\"https:\\\/\\\/vavin.tw\\\/product\\\/chateau-dyquem-sauternes-2003\\\/#primaryimage\"},\"thumbnailUrl\":\"https:\\\/\\\/vavin.tw\\\/wp-content\\\/uploads\\\/2023\\\/03\\\/Cha\u0302teau-dYquem-Sauternes-2003.png\",\"datePublished\":\"2023-04-11T09:58:44+00:00\",\"dateModified\":\"2025-04-28T05:46:57+00:00\",\"description\":\"Ch\u00e2teau d'Yquem Sauternes 2003\u2014an exceptional Premier Cru Sup\u00e9rieur with aromas of honey, candied fruits, and spices. Rich, complex, and perfectly balanced, offering remarkable depth and legendary aging potential.\",\"breadcrumb\":{\"@id\":\"https:\\\/\\\/vavin.tw\\\/product\\\/chateau-dyquem-sauternes-2003\\\/#breadcrumb\"},\"inLanguage\":\"ko-KR\",\"potentialAction\":[{\"@type\":\"ReadAction\",\"target\":[\"https:\\\/\\\/vavin.tw\\\/product\\\/chateau-dyquem-sauternes-2003\\\/\"]}]},{\"@type\":\"ImageObject\",\"inLanguage\":\"ko-KR\",\"@id\":\"https:\\\/\\\/vavin.tw\\\/product\\\/chateau-dyquem-sauternes-2003\\\/#primaryimage\",\"url\":\"https:\\\/\\\/vavin.tw\\\/wp-content\\\/uploads\\\/2023\\\/03\\\/Cha\u0302teau-dYquem-Sauternes-2003.png\",\"contentUrl\":\"https:\\\/\\\/vavin.tw\\\/wp-content\\\/uploads\\\/2023\\\/03\\\/Cha\u0302teau-dYquem-Sauternes-2003.png\",\"width\":400,\"height\":600},{\"@type\":\"BreadcrumbList\",\"@id\":\"https:\\\/\\\/vavin.tw\\\/product\\\/chateau-dyquem-sauternes-2003\\\/#breadcrumb\",\"itemListElement\":[{\"@type\":\"ListItem\",\"position\":1,\"name\":\"Home\",\"item\":\"https:\\\/\\\/vavin.tw\\\/\"},{\"@type\":\"ListItem\",\"position\":2,\"name\":\"Products\",\"item\":\"https:\\\/\\\/vavin.tw\\\/shop\\\/\"},{\"@type\":\"ListItem\",\"position\":3,\"name\":\"Ch\u00e2teau d&rsquo;Yquem Sauternes 2003\"}]},{\"@type\":\"WebSite\",\"@id\":\"https:\\\/\\\/vavin.tw\\\/#website\",\"url\":\"https:\\\/\\\/vavin.tw\\\/\",\"name\":\"Vavin \u9152\u76d2\u5b50\",\"description\":\"Savor the Art of Wine\",\"publisher\":{\"@id\":\"https:\\\/\\\/vavin.tw\\\/#organization\"},\"potentialAction\":[{\"@type\":\"SearchAction\",\"target\":{\"@type\":\"EntryPoint\",\"urlTemplate\":\"https:\\\/\\\/vavin.tw\\\/?s={search_term_string}\"},\"query-input\":{\"@type\":\"PropertyValueSpecification\",\"valueRequired\":true,\"valueName\":\"search_term_string\"}}],\"inLanguage\":\"ko-KR\"},{\"@type\":\"Organization\",\"@id\":\"https:\\\/\\\/vavin.tw\\\/#organization\",\"name\":\"Vavin \u9152\u76d2\u5b50\",\"url\":\"https:\\\/\\\/vavin.tw\\\/\",\"logo\":{\"@type\":\"ImageObject\",\"inLanguage\":\"ko-KR\",\"@id\":\"https:\\\/\\\/vavin.tw\\\/#\\\/schema\\\/logo\\\/image\\\/\",\"url\":\"https:\\\/\\\/vavin.tw\\\/wp-content\\\/uploads\\\/2023\\\/03\\\/cropped-favicon-violet-v1.png\",\"contentUrl\":\"https:\\\/\\\/vavin.tw\\\/wp-content\\\/uploads\\\/2023\\\/03\\\/cropped-favicon-violet-v1.png\",\"width\":512,\"height\":512,\"caption\":\"Vavin \u9152\u76d2\u5b50\"},\"image\":{\"@id\":\"https:\\\/\\\/vavin.tw\\\/#\\\/schema\\\/logo\\\/image\\\/\"},\"sameAs\":[\"https:\\\/\\\/www.facebook.com\\\/vavintw\",\"https:\\\/\\\/www.instagram.com\\\/vavin_tw\"]}]}<\/script>\n<!-- \/ Yoast SEO Premium plugin. -->","yoast_head_json":{"title":"\uc0e4\ud1a0 \ub514\ucf10 \uc18c\ud14c\ub978 2003 - \ubc14\ubc45 \uc640\uc778 \uc0c1\uc790","description":"\uc0e4\ud1a0 \ub514\ucf10 \uc18c\ud14c\ub978 2003 - \uafc0, \uc124\ud0d5\uc5d0 \uc808\uc778 \uacfc\uc77c, \uc2a4\ud30c\uc774\uc2a4 \ud5a5\uc774 \ub098\ub294 \ud2b9\ubcc4\ud55c \ud504\ub9ac\ubbf8\uc5d0 \ud06c\ub93c \uc26c\ud398\ub9ac\uc678. \ud48d\ubd80\ud558\uace0 \ubcf5\ud569\uc801\uc774\uba70 \uc644\ubcbd\ud558\uac8c \uade0\ud615 \uc7a1\ud600 \ub180\ub77c\uc6b4 \uae4a\uc774\uc640 \uc804\uc124\uc801\uc778 \uc219\uc131 \uc7a0\uc7ac\ub825\uc744 \uc81c\uacf5\ud569\ub2c8\ub2e4.","robots":{"index":"index","follow":"follow","max-snippet":"max-snippet:-1","max-image-preview":"max-image-preview:large","max-video-preview":"max-video-preview:-1"},"canonical":"https:\/\/vavin.tw\/ko\/product\/\uc0e4\ud1a0-\ub514\ucf10-\uc18c\ud14c\ub978-2003\/","og_locale":"ko_KR","og_type":"article","og_title":"Ch\u00e2teau d'Yquem Sauternes 2003","og_description":"Ch\u00e2teau d'Yquem Sauternes 2003\u2014an exceptional Premier Cru Sup\u00e9rieur with aromas of honey, candied fruits, and spices. Rich, complex, and perfectly balanced, offering remarkable depth and legendary aging potential.","og_url":"https:\/\/vavin.tw\/ko\/product\/\uc0e4\ud1a0-\ub514\ucf10-\uc18c\ud14c\ub978-2003\/","og_site_name":"Vavin \u9152\u76d2\u5b50","article_publisher":"https:\/\/www.facebook.com\/vavintw","article_modified_time":"2025-04-28T05:46:57+00:00","og_image":[{"width":400,"height":600,"url":"https:\/\/vavin.tw\/wp-content\/uploads\/2023\/03\/Cha\u0302teau-dYquem-Sauternes-2003.png","type":"image\/png"}],"twitter_card":"summary_large_image","twitter_misc":{"\uc608\uc0c1 \ub418\ub294 \ud310\ub3c5 \uc2dc\uac04":"2\ubd84"},"schema":{"@context":"https:\/\/schema.org","@graph":[{"@type":"WebPage","@id":"https:\/\/vavin.tw\/product\/chateau-dyquem-sauternes-2003\/","url":"https:\/\/vavin.tw\/product\/chateau-dyquem-sauternes-2003\/","name":"\uc0e4\ud1a0 \ub514\ucf10 \uc18c\ud14c\ub978 2003 - \ubc14\ubc45 \uc640\uc778 \uc0c1\uc790","isPartOf":{"@id":"https:\/\/vavin.tw\/#website"},"primaryImageOfPage":{"@id":"https:\/\/vavin.tw\/product\/chateau-dyquem-sauternes-2003\/#primaryimage"},"image":{"@id":"https:\/\/vavin.tw\/product\/chateau-dyquem-sauternes-2003\/#primaryimage"},"thumbnailUrl":"https:\/\/vavin.tw\/wp-content\/uploads\/2023\/03\/Cha\u0302teau-dYquem-Sauternes-2003.png","datePublished":"2023-04-11T09:58:44+00:00","dateModified":"2025-04-28T05:46:57+00:00","description":"\uc0e4\ud1a0 \ub514\ucf10 \uc18c\ud14c\ub978 2003 - \uafc0, \uc124\ud0d5\uc5d0 \uc808\uc778 \uacfc\uc77c, \uc2a4\ud30c\uc774\uc2a4 \ud5a5\uc774 \ub098\ub294 \ud2b9\ubcc4\ud55c \ud504\ub9ac\ubbf8\uc5d0 \ud06c\ub93c \uc26c\ud398\ub9ac\uc678. \ud48d\ubd80\ud558\uace0 \ubcf5\ud569\uc801\uc774\uba70 \uc644\ubcbd\ud558\uac8c \uade0\ud615 \uc7a1\ud600 \ub180\ub77c\uc6b4 \uae4a\uc774\uc640 \uc804\uc124\uc801\uc778 \uc219\uc131 \uc7a0\uc7ac\ub825\uc744 \uc81c\uacf5\ud569\ub2c8\ub2e4.","breadcrumb":{"@id":"https:\/\/vavin.tw\/product\/chateau-dyquem-sauternes-2003\/#breadcrumb"},"inLanguage":"ko-KR","potentialAction":[{"@type":"ReadAction","target":["https:\/\/vavin.tw\/product\/chateau-dyquem-sauternes-2003\/"]}]},{"@type":"ImageObject","inLanguage":"ko-KR","@id":"https:\/\/vavin.tw\/product\/chateau-dyquem-sauternes-2003\/#primaryimage","url":"https:\/\/vavin.tw\/wp-content\/uploads\/2023\/03\/Cha\u0302teau-dYquem-Sauternes-2003.png","contentUrl":"https:\/\/vavin.tw\/wp-content\/uploads\/2023\/03\/Cha\u0302teau-dYquem-Sauternes-2003.png","width":400,"height":600},{"@type":"BreadcrumbList","@id":"https:\/\/vavin.tw\/product\/chateau-dyquem-sauternes-2003\/#breadcrumb","itemListElement":[{"@type":"ListItem","position":1,"name":"Home","item":"https:\/\/vavin.tw\/"},{"@type":"ListItem","position":2,"name":"Products","item":"https:\/\/vavin.tw\/shop\/"},{"@type":"ListItem","position":3,"name":"Ch\u00e2teau d&rsquo;Yquem Sauternes 2003"}]},{"@type":"WebSite","@id":"https:\/\/vavin.tw\/#website","url":"https:\/\/vavin.tw\/","name":"Vavin","description":"\uc640\uc778\uc758 \uc608\uc220\uc744 \uc74c\ubbf8\ud558\ub2e4","publisher":{"@id":"https:\/\/vavin.tw\/#organization"},"potentialAction":[{"@type":"SearchAction","target":{"@type":"EntryPoint","urlTemplate":"https:\/\/vavin.tw\/?s={search_term_string}"},"query-input":{"@type":"PropertyValueSpecification","valueRequired":true,"valueName":"search_term_string"}}],"inLanguage":"ko-KR"},{"@type":"Organization","@id":"https:\/\/vavin.tw\/#organization","name":"Vavin","url":"https:\/\/vavin.tw\/","logo":{"@type":"ImageObject","inLanguage":"ko-KR","@id":"https:\/\/vavin.tw\/#\/schema\/logo\/image\/","url":"https:\/\/vavin.tw\/wp-content\/uploads\/2023\/03\/cropped-favicon-violet-v1.png","contentUrl":"https:\/\/vavin.tw\/wp-content\/uploads\/2023\/03\/cropped-favicon-violet-v1.png","width":512,"height":512,"caption":"Vavin \u9152\u76d2\u5b50"},"image":{"@id":"https:\/\/vavin.tw\/#\/schema\/logo\/image\/"},"sameAs":["https:\/\/www.facebook.com\/vavintw","https:\/\/www.instagram.com\/vavin_tw"]}]}},"_links":{"self":[{"href":"https:\/\/vavin.tw\/ko\/wp-json\/wp\/v2\/product\/990510","targetHints":{"allow":["GET"]}}],"collection":[{"href":"https:\/\/vavin.tw\/ko\/wp-json\/wp\/v2\/product"}],"about":[{"href":"https:\/\/vavin.tw\/ko\/wp-json\/wp\/v2\/types\/product"}],"replies":[{"embeddable":true,"href":"https:\/\/vavin.tw\/ko\/wp-json\/wp\/v2\/comments?post=990510"}],"version-history":[{"count":0,"href":"https:\/\/vavin.tw\/ko\/wp-json\/wp\/v2\/product\/990510\/revisions"}],"wp:featuredmedia":[{"embeddable":true,"href":"https:\/\/vavin.tw\/ko\/wp-json\/wp\/v2\/media\/988322"}],"wp:attachment":[{"href":"https:\/\/vavin.tw\/ko\/wp-json\/wp\/v2\/media?parent=990510"}],"wp:term":[{"taxonomy":"product_brand","embeddable":true,"href":"https:\/\/vavin.tw\/ko\/wp-json\/wp\/v2\/product_brand?post=990510"},{"taxonomy":"product_cat","embeddable":true,"href":"https:\/\/vavin.tw\/ko\/wp-json\/wp\/v2\/product_cat?post=990510"},{"taxonomy":"product_tag","embeddable":true,"href":"https:\/\/vavin.tw\/ko\/wp-json\/wp\/v2\/product_tag?post=990510"}],"curies":[{"name":"wp","href":"https:\/\/api.w.org\/{rel}","templated":true}]}}