{"id":990547,"date":"2023-04-11T17:59:01","date_gmt":"2023-04-11T09:59:01","guid":{"rendered":"https:\/\/v2.vavin.tw\/product\/ice-rose-demi-sec-francois-montand\/"},"modified":"2026-01-22T22:01:01","modified_gmt":"2026-01-22T14:01:01","slug":"ice-rose-demi-sec-francois-montand","status":"publish","type":"product","link":"https:\/\/vavin.tw\/ko\/product\/ice-rose-demi-sec-francois-montand\/","title":{"rendered":"\ud504\ub791\uc218\uc544 \ubabd\ub545 \uc544\uc774\uc2a4 \ud2b8\ub808\ub514\uc154\ub110 \uba54\uc18c\ub4dc \ub85c\uc81c \ub4dc\ubbf8\uc139"},"content":{"rendered":"<div class=\"vgblk-rw-wrapper limit-wrapper\">\n<div class=\"wine-info\"><strong>\uc0c9\uc0c1:<\/strong> Ros\u00e9 (Sparkling)<br \/>\n<strong>\ub3c4\uc218:<\/strong> 11% \uad8c.<br \/>\n<strong>\ud3ec\ub3c4 \ud488\uc885:<\/strong> \ud53c\ub178 \ub204\uc544<br \/>\n<strong>\ubcd1 \uc6a9\ub7c9:<\/strong> 75\ud074<\/div>\n<hr \/>\n<div class=\"wine-section\">\n<h3>\ub3c4\uba58 \uc5ed\uc0ac<\/h3>\n<p>\uc804\ud1b5 \ubc29\uc2dd\uc73c\ub85c \uace0\ud488\uc9c8 \uc2a4\ud30c\ud074\ub9c1 \uc640\uc778\uc744 \uc0dd\uc0b0\ud558\ub294 \uac83\uc73c\ub85c \uc798 \uc54c\ub824\uc9c4 Fran\u00e7ois Montand\ub294 \ud504\ub791\uc2a4 \uc950\ub77c \uc9c0\uc5ed\uc5d0\uc11c \ub9cc\ub4e0 ICE \ub85c\uc81c \ub4dc\ubbf8 \uc139\uc744 \uc120\ubcf4\uc785\ub2c8\ub2e4. \uc774 \uc640\uc778\uc740 \uc5bc\uc74c\uc744 \ub123\uc5b4 \ub9c8\uc2dc\ub3c4\ub85d \uc124\uacc4\ub418\uc5b4 \uc2dc\uc6d0\ud558\uace0 \ud48d\uc131\ud55c \uacbd\ud5d8\uc744 \uc120\uc0ac\ud569\ub2c8\ub2e4. \ub3c4\uba58\uc740 \uc804\ud1b5\uc801\uc778 \uc591\uc870 \uae30\uc220\uacfc \ud604\ub300\uc801\uc778 \ud601\uc2e0\uc744 \uacb0\ud569\ud574 \uc6b0\uc544\ud558\uba74\uc11c\ub3c4 \uce5c\uadfc\ud55c \uc640\uc778\uc744 \ub9cc\ub4e4\uc5b4\ub0c5\ub2c8\ub2e4.<\/p>\n<hr \/>\n<\/div>\n<div class=\"wine-section\">\n<h3>\ub5bc\ub8e8\uc544<\/h3>\n<p>\ud3ec\ub3c4\ub294 \ud504\ub791\uc2a4 \uc950\ub77c \uc9c0\uc5ed\uc758 \ud3ec\ub3c4\ubc2d\uc5d0\uc11c \uc7ac\ubc30\ub418\uba70, \uc774 \uc9c0\uc5ed\uc740 \ubc24\ub0ae \uae30\uc628 \ucc28\uac00 \ud070 \ub300\ub959\uc131 \uae30\ud6c4\ub97c \ud2b9\uc9d5\uc73c\ub85c \ud558\uc5ec \ud5a5\uc758 \ub18d\ub3c4\uc640 \uc2e0\uc120\ud568\uc744 \ub192\uc5ec\uc90d\ub2c8\ub2e4. \ud53c\ub178 \ub204\uc544\ub294 \uc774 \uae30\ud6c4\uc5d0\uc11c \uc798 \uc790\ub77c\uba70, \uc640\uc778\uc5d0 \uc0dd\ub3d9\uac10 \uc788\ub294 \uac1c\uc131\uacfc \uc12c\uc138\ud55c \uad6c\uc870\uac10\uc744 \ubd80\uc5ec\ud569\ub2c8\ub2e4.<\/p>\n<hr \/>\n<\/div>\n<div class=\"wine-section\">\n<h3>\uc591\uc870 \uacfc\uc815<\/h3>\n<p>\uc774 \uc640\uc778\uc740 \ubcd1 \ub0b4 2\ucc28 \ubc1c\ud6a8\ub97c \ud3ec\ud568\ud55c \uc804\ud1b5 \ubc29\uc2dd\uc73c\ub85c \uc591\uc870\ub418\uba70, \ud6a8\ubaa8 \ucc0c\uaebc\uae30\uc640 \ud568\uaed8 9\uac1c\uc6d4 \uc219\uc131\ub418\uc5b4 \uc12c\uc138\ud55c \uae30\ud3ec\uc640 \ud06c\ub9ac\ubbf8\ud55c \uc9c8\uac10\uc744 \uac16\ucd94\uac8c \ub429\ub2c8\ub2e4. \ub4dc\ubbf8 \uc139(Demi-Sec) \ub3c4\uc0ac\uc8fc\ub294 \ubd80\ub4dc\ub7ec\uc6b4 \ub2e8\ub9db\uc744 \ub354\ud574 \uacfc\uc77c \ud5a5\uc744 \ud55c\uce35 \uac15\uc870\ud558\uba70, \ucc28\uac8c \ud558\uac70\ub098 \uc5bc\uc74c\uc744 \ub123\uc5b4 \ub9c8\uc2dc\uae30\uc5d0 \uc644\ubcbd\ud569\ub2c8\ub2e4.<\/p>\n<hr \/>\n<\/div>\n<div class=\"wine-section\">\n<h3>\ud14c\uc774\uc2a4\ud305 \ub178\ud2b8<\/h3>\n<p>\ubc1d\uc740 \ud551\ud06c\ube5b \uceec\ub7ec. \ud5a5\uc740 \ubcf5\ud569\uc801\uc774\uba74\uc11c\ub3c4 \uc0b0\ub73b\ud558\uace0 \uacfc\uc77c \ud5a5\uc774 \ud48d\ubd80\ud558\uba70, \ubd89\uc740 \ubca0\ub9ac\ub958\uc640 \uc740\uc740\ud55c \uaf43 \ud5a5\uae30\ub97c \ub4dc\ub7ec\ub0c5\ub2c8\ub2e4. \uc785\uc548\uc5d0\uc11c\ub294 \uc0c1\ud07c\ud568\uacfc \ub2ec\ucf64\ud568\uc774 \uc870\ud654\ub97c \uc774\ub8e8\uba70 \uade0\ud615 \uc7a1\ud78c \uacfc\uc77c \ud48d\ubbf8\uac00 \ub3cb\ubcf4\uc785\ub2c8\ub2e4. \ud53c\ub2c8\uc2dc\ub294 \ubd80\ub4dc\ub7fd\uace0 \uc624\ub798 \uc9c0\uc18d\ub418\uc5b4 \ucd95\ud558\uc758 \uc21c\uac04\uc5d0 \uc774\uc0c1\uc801\uc778 \uc120\ud0dd\uc785\ub2c8\ub2e4.<\/p>\n<p class=\"wine-highlight\">\uc0c1\ucf8c\ud558\uace0 \uc6b0\uc544\ud55c \uc2a4\ud30c\ud074\ub9c1 \ub85c\uc81c \uc640\uc778 \u2014 \uc0dd\ub3d9\uac10 \ub118\uce58\ub294 \uacfc\uc77c \ud48d\ubbf8\uc640 \uc12c\uc138\ud55c \ub2e8\ub9db\uc774 \uc870\ud654\ub97c \uc774\ub8e8\uba70, \uc5bc\uc74c\uc744 \ub123\uc5b4 \uc990\uae30\uae30\uc5d0 \ucd5c\uc801\ud654\ub418\uc5b4 \uc788\uc2b5\ub2c8\ub2e4.<\/p>\n<hr \/>\n<\/div>\n<div class=\"wine-section\">\n<h3>\ud398\uc5b4\ub9c1<\/h3>\n<p>\uc2dd\uc804\uc8fc\ub85c \ub610\ub294 \ub514\uc800\ud2b8\uc640 \ud568\uaed8 \uc990\uae30\uae30\uc5d0 \uc644\ubcbd\ud569\ub2c8\ub2e4.<\/p>\n<\/div>\n<\/div>\n<p><!-- .vgblk-rw-wrapper --><\/p>","protected":false},"excerpt":{"rendered":"<p class=\"p1\">\ud504\ub791\uc2a4 \uc950\ub77c \uc9c0\uc5ed \ucd9c\uc2e0\uc758 Fran\u00e7ois Montand\ub294 \uc804\ud1b5 \ubc29\uc2dd\uc758 \uc2a4\ud30c\ud074\ub9c1 \uc640\uc778 \uc0dd\uc0b0\uc790\ub85c \uc798 \uc54c\ub824\uc838 \uc788\uc2b5\ub2c8\ub2e4. \uadf8\ub4e4\uc758 ICE \ub85c\uc81c \ub4dc\ubbf8\uc139\uc740 \uace0\uc804\uc801\uc778 \uc640\uc778 \uc81c\uc870 \ubc29\uc2dd\uc5d0 \ud604\ub300\uc801\uc778 \uac10\uac01\uc744 \ub354\ud55c \ud601\uc2e0\uc801\uc778 \uc815\uc2e0\uc744 \uc798 \ubcf4\uc5ec\uc8fc\ub294 \uc608\uc785\ub2c8\ub2e4. \ub300\ub959\uc131 \uae30\ud6c4\uc5d0\uc11c \uc7ac\ubc30\ub41c \ud53c\ub178 \ub204\uc544 \ud3ec\ub3c4\ub85c \uc591\uc870\ub418\uc5b4 \uc0dd\ub3d9\uac10 \uc788\ub294 \uc544\ub85c\ub9c8\uc640 \uc2e0\uc120\ud568\uc744 \uc790\ub791\ud569\ub2c8\ub2e4.<\/p>\n<p class=\"p1\">\ubcd1 \ub0b4 2\ucc28 \ubc1c\ud6a8\uc640 9\uac1c\uc6d4\uac04\uc758 \ud6a8\ubaa8 \uc219\uc131\uc744 \uac70\uccd0, \uc774 \uc640\uc778\uc740 \uc12c\uc138\ud55c \uae30\ud3ec\uc640 \ud06c\ub9ac\ubbf8\ud55c \uc9c8\uac10\uc744 \uac16\ucd94\uac8c \ub429\ub2c8\ub2e4. \uc774 \ub4dc\ubbf8\uc139 \ud050\ubca0\ub294 \uc5bc\uc74c\uacfc \ud568\uaed8 \uc990\uae30\ub3c4\ub85d \ud2b9\ubcc4\ud788 \uc124\uacc4\ub418\uc5b4, \uc0c1\ucf8c\ud558\uace0 \uacfc\uc77c \ud5a5\uc774 \ud48d\ubd80\ud558\uba70 \uc740\uc740\ud55c \ub2e8\ub9db\uc758 \uac1c\uc131\uc744 \ub354\uc6b1 \ub3cb\ubcf4\uc774\uac8c \ud569\ub2c8\ub2e4. \uc120\uba85\ud55c \ud551\ud06c\ube5b\uacfc \ubcf5\ud569\uc801\uc778 \ubd89\uc740 \ubca0\ub9ac \ud5a5\uc740 \uade0\ud615 \uc7a1\ud788\uace0 \ubd80\ub4dc\ub7ec\uc6b0\uba70 \uc5ec\uc6b4\uc774 \uae34 \ub9c8\ubb34\ub9ac\ub85c \uc774\uc5b4\uc9d1\ub2c8\ub2e4. \uc2dd\uc804\uc8fc, \ub514\uc800\ud2b8, \ub610\ub294 \ucd95\ud558 \uc790\ub9ac\uc5d0 \uc774\uc0c1\uc801\uc778 \uc2a4\ud30c\ud074\ub9c1 \ub85c\uc81c\uc785\ub2c8\ub2e4.<\/p>","protected":false},"featured_media":988467,"comment_status":"open","ping_status":"closed","template":"","meta":[],"product_brand":[],"product_cat":[109,99],"product_tag":[146,317],"class_list":{"0":"post-990547","1":"product","2":"type-product","3":"status-publish","4":"has-post-thumbnail","6":"product_cat-rose","7":"product_cat-sparkling","8":"product_tag-pinot-noir","9":"product_tag-sweet-wine","11":"first","12":"instock","13":"shipping-taxable","14":"product-type-simple"},"yoast_head":"<!-- This site is optimized with the Yoast SEO Premium plugin v27.2 (Yoast SEO v27.3) - https:\/\/yoast.com\/product\/yoast-seo-premium-wordpress\/ -->\n<title>Fran\u00e7ois Montand ICE Traditional Method Ros\u00e9 Demi-Sec - Vavin \u9152\u76d2\u5b50<\/title>\n<meta name=\"description\" content=\"Fran\u00e7ois Montand M\u00e9thode Traditionnelle ICE Ros\u00e9 Demi-Sec\u2014a refreshing sparkling ros\u00e9 with red berry aromas, fine bubbles, and a touch of sweetness. Crafted from Pinot Noir in the Jura region, perfect over ice for festive occasions.\" \/>\n<meta name=\"robots\" content=\"index, follow, max-snippet:-1, max-image-preview:large, max-video-preview:-1\" \/>\n<link rel=\"canonical\" href=\"https:\/\/vavin.tw\/ko\/product\/ice-rose-demi-sec-francois-montand\/\" \/>\n<meta property=\"og:locale\" content=\"ko_KR\" \/>\n<meta property=\"og:type\" content=\"article\" \/>\n<meta property=\"og:title\" content=\"Fran\u00e7ois Montand ICE Traditional Method Ros\u00e9 Demi-Sec\" \/>\n<meta property=\"og:description\" content=\"Fran\u00e7ois Montand M\u00e9thode Traditionnelle ICE Ros\u00e9 Demi-Sec\u2014a refreshing sparkling ros\u00e9 with red berry aromas, fine bubbles, and a touch of sweetness. Crafted from Pinot Noir in the Jura region, perfect over ice for festive occasions.\" \/>\n<meta property=\"og:url\" content=\"https:\/\/vavin.tw\/ko\/product\/ice-rose-demi-sec-francois-montand\/\" \/>\n<meta property=\"og:site_name\" content=\"Vavin \u9152\u76d2\u5b50\" \/>\n<meta property=\"article:publisher\" content=\"https:\/\/www.facebook.com\/vavintw\" \/>\n<meta property=\"article:modified_time\" content=\"2026-01-22T14:01:01+00:00\" \/>\n<meta property=\"og:image\" content=\"https:\/\/vavin.tw\/wp-content\/uploads\/2023\/03\/ice-rose-demi-sec-franc\u0327ois-montand.png\" \/>\n\t<meta property=\"og:image:width\" content=\"400\" \/>\n\t<meta property=\"og:image:height\" content=\"600\" \/>\n\t<meta property=\"og:image:type\" content=\"image\/png\" \/>\n<meta name=\"twitter:card\" content=\"summary_large_image\" \/>\n<meta name=\"twitter:label1\" content=\"\uc608\uc0c1 \ub418\ub294 \ud310\ub3c5 \uc2dc\uac04\" \/>\n\t<meta name=\"twitter:data1\" content=\"2\ubd84\" \/>\n<script type=\"application\/ld+json\" class=\"yoast-schema-graph\">{\"@context\":\"https:\\\/\\\/schema.org\",\"@graph\":[{\"@type\":\"WebPage\",\"@id\":\"https:\\\/\\\/vavin.tw\\\/product\\\/ice-rose-demi-sec-francois-montand\\\/\",\"url\":\"https:\\\/\\\/vavin.tw\\\/product\\\/ice-rose-demi-sec-francois-montand\\\/\",\"name\":\"Fran\u00e7ois Montand ICE Traditional Method Ros\u00e9 Demi-Sec - Vavin \u9152\u76d2\u5b50\",\"isPartOf\":{\"@id\":\"https:\\\/\\\/vavin.tw\\\/#website\"},\"primaryImageOfPage\":{\"@id\":\"https:\\\/\\\/vavin.tw\\\/product\\\/ice-rose-demi-sec-francois-montand\\\/#primaryimage\"},\"image\":{\"@id\":\"https:\\\/\\\/vavin.tw\\\/product\\\/ice-rose-demi-sec-francois-montand\\\/#primaryimage\"},\"thumbnailUrl\":\"https:\\\/\\\/vavin.tw\\\/wp-content\\\/uploads\\\/2023\\\/03\\\/ice-rose-demi-sec-franc\u0327ois-montand.png\",\"datePublished\":\"2023-04-11T09:59:01+00:00\",\"dateModified\":\"2026-01-22T14:01:01+00:00\",\"description\":\"Fran\u00e7ois Montand M\u00e9thode Traditionnelle ICE Ros\u00e9 Demi-Sec\u2014a refreshing sparkling ros\u00e9 with red berry aromas, fine bubbles, and a touch of sweetness. Crafted from Pinot Noir in the Jura region, perfect over ice for festive occasions.\",\"breadcrumb\":{\"@id\":\"https:\\\/\\\/vavin.tw\\\/product\\\/ice-rose-demi-sec-francois-montand\\\/#breadcrumb\"},\"inLanguage\":\"ko-KR\",\"potentialAction\":[{\"@type\":\"ReadAction\",\"target\":[\"https:\\\/\\\/vavin.tw\\\/product\\\/ice-rose-demi-sec-francois-montand\\\/\"]}]},{\"@type\":\"ImageObject\",\"inLanguage\":\"ko-KR\",\"@id\":\"https:\\\/\\\/vavin.tw\\\/product\\\/ice-rose-demi-sec-francois-montand\\\/#primaryimage\",\"url\":\"https:\\\/\\\/vavin.tw\\\/wp-content\\\/uploads\\\/2023\\\/03\\\/ice-rose-demi-sec-franc\u0327ois-montand.png\",\"contentUrl\":\"https:\\\/\\\/vavin.tw\\\/wp-content\\\/uploads\\\/2023\\\/03\\\/ice-rose-demi-sec-franc\u0327ois-montand.png\",\"width\":400,\"height\":600},{\"@type\":\"BreadcrumbList\",\"@id\":\"https:\\\/\\\/vavin.tw\\\/product\\\/ice-rose-demi-sec-francois-montand\\\/#breadcrumb\",\"itemListElement\":[{\"@type\":\"ListItem\",\"position\":1,\"name\":\"Home\",\"item\":\"https:\\\/\\\/vavin.tw\\\/\"},{\"@type\":\"ListItem\",\"position\":2,\"name\":\"Products\",\"item\":\"https:\\\/\\\/vavin.tw\\\/shop\\\/\"},{\"@type\":\"ListItem\",\"position\":3,\"name\":\"Fran\u00e7ois Montand ICE Traditional Method Ros\u00e9 Demi-Sec\"}]},{\"@type\":\"WebSite\",\"@id\":\"https:\\\/\\\/vavin.tw\\\/#website\",\"url\":\"https:\\\/\\\/vavin.tw\\\/\",\"name\":\"Vavin \u9152\u76d2\u5b50\",\"description\":\"Savor the Art of Wine\",\"publisher\":{\"@id\":\"https:\\\/\\\/vavin.tw\\\/#organization\"},\"potentialAction\":[{\"@type\":\"SearchAction\",\"target\":{\"@type\":\"EntryPoint\",\"urlTemplate\":\"https:\\\/\\\/vavin.tw\\\/?s={search_term_string}\"},\"query-input\":{\"@type\":\"PropertyValueSpecification\",\"valueRequired\":true,\"valueName\":\"search_term_string\"}}],\"inLanguage\":\"ko-KR\"},{\"@type\":\"Organization\",\"@id\":\"https:\\\/\\\/vavin.tw\\\/#organization\",\"name\":\"Vavin \u9152\u76d2\u5b50\",\"url\":\"https:\\\/\\\/vavin.tw\\\/\",\"logo\":{\"@type\":\"ImageObject\",\"inLanguage\":\"ko-KR\",\"@id\":\"https:\\\/\\\/vavin.tw\\\/#\\\/schema\\\/logo\\\/image\\\/\",\"url\":\"https:\\\/\\\/vavin.tw\\\/wp-content\\\/uploads\\\/2023\\\/03\\\/cropped-favicon-violet-v1.png\",\"contentUrl\":\"https:\\\/\\\/vavin.tw\\\/wp-content\\\/uploads\\\/2023\\\/03\\\/cropped-favicon-violet-v1.png\",\"width\":512,\"height\":512,\"caption\":\"Vavin \u9152\u76d2\u5b50\"},\"image\":{\"@id\":\"https:\\\/\\\/vavin.tw\\\/#\\\/schema\\\/logo\\\/image\\\/\"},\"sameAs\":[\"https:\\\/\\\/www.facebook.com\\\/vavintw\",\"https:\\\/\\\/www.instagram.com\\\/vavin_tw\"]}]}<\/script>\n<!-- \/ Yoast SEO Premium plugin. -->","yoast_head_json":{"title":"Fran\u00e7ois Montand ICE Traditional Method Ros\u00e9 Demi-Sec - Vavin \u9152\u76d2\u5b50","description":"Fran\u00e7ois Montand \uc804\ud1b5 \ubc29\uc2dd ICE \ub85c\uc81c \ub4dc\ubbf8\uc139 \u2014\u2014 \ubd89\uc740 \ubca0\ub9ac \ud5a5, \uc12c\uc138\ud55c \uae30\ud3ec, \uc740\uc740\ud55c \ub2e8\ub9db\uc774 \uc5b4\uc6b0\ub7ec\uc9c4 \uc0c1\ucf8c\ud55c \uc2a4\ud30c\ud074\ub9c1 \ub85c\uc81c \uc640\uc778\uc785\ub2c8\ub2e4. \uc950\ub77c \uc9c0\uc5ed\uc758 \ud53c\ub178 \ub204\uc544\ub85c \uc591\uc870\ub418\uc5c8\uc73c\uba70, \uc5bc\uc74c\uacfc \ud568\uaed8 \uc990\uae30\uae30\uc5d0 \uc644\ubcbd\ud55c \ucd95\uc81c\uc6a9 \uc640\uc778\uc785\ub2c8\ub2e4.","robots":{"index":"index","follow":"follow","max-snippet":"max-snippet:-1","max-image-preview":"max-image-preview:large","max-video-preview":"max-video-preview:-1"},"canonical":"https:\/\/vavin.tw\/ko\/product\/ice-rose-demi-sec-francois-montand\/","og_locale":"ko_KR","og_type":"article","og_title":"Fran\u00e7ois Montand ICE Traditional Method Ros\u00e9 Demi-Sec","og_description":"Fran\u00e7ois Montand M\u00e9thode Traditionnelle ICE Ros\u00e9 Demi-Sec\u2014a refreshing sparkling ros\u00e9 with red berry aromas, fine bubbles, and a touch of sweetness. Crafted from Pinot Noir in the Jura region, perfect over ice for festive occasions.","og_url":"https:\/\/vavin.tw\/ko\/product\/ice-rose-demi-sec-francois-montand\/","og_site_name":"Vavin \u9152\u76d2\u5b50","article_publisher":"https:\/\/www.facebook.com\/vavintw","article_modified_time":"2026-01-22T14:01:01+00:00","og_image":[{"width":400,"height":600,"url":"https:\/\/vavin.tw\/wp-content\/uploads\/2023\/03\/ice-rose-demi-sec-franc\u0327ois-montand.png","type":"image\/png"}],"twitter_card":"summary_large_image","twitter_misc":{"\uc608\uc0c1 \ub418\ub294 \ud310\ub3c5 \uc2dc\uac04":"2\ubd84"},"schema":{"@context":"https:\/\/schema.org","@graph":[{"@type":"WebPage","@id":"https:\/\/vavin.tw\/product\/ice-rose-demi-sec-francois-montand\/","url":"https:\/\/vavin.tw\/product\/ice-rose-demi-sec-francois-montand\/","name":"Fran\u00e7ois Montand ICE Traditional Method Ros\u00e9 Demi-Sec - Vavin \u9152\u76d2\u5b50","isPartOf":{"@id":"https:\/\/vavin.tw\/#website"},"primaryImageOfPage":{"@id":"https:\/\/vavin.tw\/product\/ice-rose-demi-sec-francois-montand\/#primaryimage"},"image":{"@id":"https:\/\/vavin.tw\/product\/ice-rose-demi-sec-francois-montand\/#primaryimage"},"thumbnailUrl":"https:\/\/vavin.tw\/wp-content\/uploads\/2023\/03\/ice-rose-demi-sec-franc\u0327ois-montand.png","datePublished":"2023-04-11T09:59:01+00:00","dateModified":"2026-01-22T14:01:01+00:00","description":"Fran\u00e7ois Montand \uc804\ud1b5 \ubc29\uc2dd ICE \ub85c\uc81c \ub4dc\ubbf8\uc139 \u2014\u2014 \ubd89\uc740 \ubca0\ub9ac \ud5a5, \uc12c\uc138\ud55c \uae30\ud3ec, \uc740\uc740\ud55c \ub2e8\ub9db\uc774 \uc5b4\uc6b0\ub7ec\uc9c4 \uc0c1\ucf8c\ud55c \uc2a4\ud30c\ud074\ub9c1 \ub85c\uc81c \uc640\uc778\uc785\ub2c8\ub2e4. \uc950\ub77c \uc9c0\uc5ed\uc758 \ud53c\ub178 \ub204\uc544\ub85c \uc591\uc870\ub418\uc5c8\uc73c\uba70, \uc5bc\uc74c\uacfc \ud568\uaed8 \uc990\uae30\uae30\uc5d0 \uc644\ubcbd\ud55c \ucd95\uc81c\uc6a9 \uc640\uc778\uc785\ub2c8\ub2e4.","breadcrumb":{"@id":"https:\/\/vavin.tw\/product\/ice-rose-demi-sec-francois-montand\/#breadcrumb"},"inLanguage":"ko-KR","potentialAction":[{"@type":"ReadAction","target":["https:\/\/vavin.tw\/product\/ice-rose-demi-sec-francois-montand\/"]}]},{"@type":"ImageObject","inLanguage":"ko-KR","@id":"https:\/\/vavin.tw\/product\/ice-rose-demi-sec-francois-montand\/#primaryimage","url":"https:\/\/vavin.tw\/wp-content\/uploads\/2023\/03\/ice-rose-demi-sec-franc\u0327ois-montand.png","contentUrl":"https:\/\/vavin.tw\/wp-content\/uploads\/2023\/03\/ice-rose-demi-sec-franc\u0327ois-montand.png","width":400,"height":600},{"@type":"BreadcrumbList","@id":"https:\/\/vavin.tw\/product\/ice-rose-demi-sec-francois-montand\/#breadcrumb","itemListElement":[{"@type":"ListItem","position":1,"name":"Home","item":"https:\/\/vavin.tw\/"},{"@type":"ListItem","position":2,"name":"Products","item":"https:\/\/vavin.tw\/shop\/"},{"@type":"ListItem","position":3,"name":"Fran\u00e7ois Montand ICE Traditional Method Ros\u00e9 Demi-Sec"}]},{"@type":"WebSite","@id":"https:\/\/vavin.tw\/#website","url":"https:\/\/vavin.tw\/","name":"Vavin","description":"\uc640\uc778\uc758 \uc608\uc220\uc744 \uc74c\ubbf8\ud558\ub2e4","publisher":{"@id":"https:\/\/vavin.tw\/#organization"},"potentialAction":[{"@type":"SearchAction","target":{"@type":"EntryPoint","urlTemplate":"https:\/\/vavin.tw\/?s={search_term_string}"},"query-input":{"@type":"PropertyValueSpecification","valueRequired":true,"valueName":"search_term_string"}}],"inLanguage":"ko-KR"},{"@type":"Organization","@id":"https:\/\/vavin.tw\/#organization","name":"Vavin","url":"https:\/\/vavin.tw\/","logo":{"@type":"ImageObject","inLanguage":"ko-KR","@id":"https:\/\/vavin.tw\/#\/schema\/logo\/image\/","url":"https:\/\/vavin.tw\/wp-content\/uploads\/2023\/03\/cropped-favicon-violet-v1.png","contentUrl":"https:\/\/vavin.tw\/wp-content\/uploads\/2023\/03\/cropped-favicon-violet-v1.png","width":512,"height":512,"caption":"Vavin \u9152\u76d2\u5b50"},"image":{"@id":"https:\/\/vavin.tw\/#\/schema\/logo\/image\/"},"sameAs":["https:\/\/www.facebook.com\/vavintw","https:\/\/www.instagram.com\/vavin_tw"]}]}},"_links":{"self":[{"href":"https:\/\/vavin.tw\/ko\/wp-json\/wp\/v2\/product\/990547","targetHints":{"allow":["GET"]}}],"collection":[{"href":"https:\/\/vavin.tw\/ko\/wp-json\/wp\/v2\/product"}],"about":[{"href":"https:\/\/vavin.tw\/ko\/wp-json\/wp\/v2\/types\/product"}],"replies":[{"embeddable":true,"href":"https:\/\/vavin.tw\/ko\/wp-json\/wp\/v2\/comments?post=990547"}],"version-history":[{"count":1,"href":"https:\/\/vavin.tw\/ko\/wp-json\/wp\/v2\/product\/990547\/revisions"}],"predecessor-version":[{"id":1005891,"href":"https:\/\/vavin.tw\/ko\/wp-json\/wp\/v2\/product\/990547\/revisions\/1005891"}],"wp:featuredmedia":[{"embeddable":true,"href":"https:\/\/vavin.tw\/ko\/wp-json\/wp\/v2\/media\/988467"}],"wp:attachment":[{"href":"https:\/\/vavin.tw\/ko\/wp-json\/wp\/v2\/media?parent=990547"}],"wp:term":[{"taxonomy":"product_brand","embeddable":true,"href":"https:\/\/vavin.tw\/ko\/wp-json\/wp\/v2\/product_brand?post=990547"},{"taxonomy":"product_cat","embeddable":true,"href":"https:\/\/vavin.tw\/ko\/wp-json\/wp\/v2\/product_cat?post=990547"},{"taxonomy":"product_tag","embeddable":true,"href":"https:\/\/vavin.tw\/ko\/wp-json\/wp\/v2\/product_tag?post=990547"}],"curies":[{"name":"wp","href":"https:\/\/api.w.org\/{rel}","templated":true}]}}