{"id":990577,"date":"2023-04-11T17:59:15","date_gmt":"2023-04-11T09:59:15","guid":{"rendered":"https:\/\/v2.vavin.tw\/product\/pomerol-cht-le-gay-2008\/"},"modified":"2025-04-27T21:01:18","modified_gmt":"2025-04-27T13:01:18","slug":"%ec%83%a4%ed%86%a0-%eb%a5%b4-%ea%b2%8c%ec%9d%b4-%eb%bd%80%eb%af%80%eb%a1%a4-2008","status":"publish","type":"product","link":"https:\/\/vavin.tw\/ko\/product\/chateau-le-gay-pomerol-2008\/","title":{"rendered":"\uc0e4\ud1a0 \ub974 \uac8c\uc774 \ubf40\ubbc0\ub864 2008"},"content":{"rendered":"<div class=\"vgblk-rw-wrapper limit-wrapper\">\n<div class=\"wine-info\"><strong>\uc0c9\uc0c1:<\/strong> \ub808\ub4dc \uc640\uc778<br \/>\n<strong>\ub3c4\uc218:<\/strong> 13.5% \uad8c.<br \/>\n<strong>\ud3ec\ub3c4 \ud488\uc885:<\/strong> \uba54\ub97c\ub85c, \uae4c\ubca0\ub974\ub124 \ud504\ub791<br \/>\n<strong>\ubcd1 \uc6a9\ub7c9:<\/strong> 75\ud074<\/div>\n<hr \/>\n<div class=\"wine-section\">\n<h3>\ub3c4\uba58 \uc5ed\uc0ac<\/h3>\n<p>**\ud3ec\uba54\ub864**\uc758 \uba85\ub9dd \ub192\uc740 \uace0\uc6d0\uc5d0 \uc704\uce58\ud55c **\uc0e4\ud1a0 \ub974 \uac8c\uc774**\ub294 \uc9c4\ud558\uace0 \ud30c\uc6cc\ud480\ud558\uba70 \uc6b0\uc544\ud55c \uc640\uc778\uc744 \uc0dd\uc0b0\ud558\ub294 \uac83\uc73c\ub85c \uc624\ub79c \uba85\uc131\uc744 \uc790\ub791\ud569\ub2c8\ub2e4. \uace0(\u6545) \uce74\ud2b8\ub9b0 \ud398\ub808-\ubca0\ub974\uc81c\uc758 \uc9c0\ub3c4 \uc544\ub798, \uc0e4\ud1a0\ub294 \ud3ec\ub3c4\ubc2d \uad00\ub9ac\uc640 \uc640\uc778 \uc81c\uc870 \ubaa8\ub450\uc5d0\uc11c \uc0c1\ub2f9\ud55c \uac1c\uc120\uc744 \uc774\ub8e8\uc5b4\ub0b4\uba70 \ud574\ub2f9 \uc9c0\uc5ed\uc758 \ub5a0\uc624\ub974\ub294 \ubcc4 \uc911 \ud558\ub098\ub85c\uc11c\uc758 \uc785\uc9c0\ub97c \ud655\uace0\ud788 \ud588\uc2b5\ub2c8\ub2e4. \ub0ae\uc740 \uc0dd\uc0b0\ub7c9, \uc624\ub798\ub41c \ud3ec\ub3c4\ub098\ubb34, \uaf3c\uaf3c\ud55c \uc120\ubcc4\ub85c \uc720\uba85\ud55c \ub974 \uac8c\uc774\ub294 \uae4a\uc774, \ubcf5\ud569\uc131, \uc219\uc131 \uc7a0\uc7ac\ub825\uc744 \uc9c0\ub2cc \uc640\uc778\uc744 \uc0dd\uc0b0\ud569\ub2c8\ub2e4.<\/p>\n<hr \/>\n<\/div>\n<div class=\"wine-section\">\n<h3>\ub5bc\ub8e8\uc544<\/h3>\n<p>\uc774 \uc640\uc774\ub108\ub9ac\uc758 \ud3ec\ub3c4\ubc2d\uc740 \ud3ec\uba54\ub864\uc758 \uc720\uba85\ud55c \uc810\ud1a0\uc640 \uc790\uac08 \ud1a0\uc591\uc5d0 \uc2ec\uc5b4\uc838 \uc788\uc73c\uba70, \uc774\ub294 \uba54\ub97c\ub85c\uc640 \uae4c\ubca0\ub974\ub124 \ud504\ub791\uc5d0 \uc774\uc0c1\uc801\uc785\ub2c8\ub2e4. \uc774 \ud1a0\uc591\uc740 \uc218\ubd84\uc744 \ubcf4\uc720\ud558\uba74\uc11c\ub3c4 \ubc30\uc218\uac00 \ub6f0\uc5b4\ub098 \ud3ec\ub3c4\uac00 \ucc9c\ucc9c\ud788 \uace0\ub974\uac8c \uc775\uc744 \uc218 \uc788\uac8c \ud558\uc5ec \uc640\uc778\uc758 \uad6c\uc870\uac10\uacfc \ud48d\ubd80\ud568\uc744 \ub354\ud574\uc90d\ub2c8\ub2e4. 40\ub144 \uc774\uc0c1 \ub41c \uc62c\ub4dc \ubc14\uc778\uc740 \uc790\uc5f0\uc801\uc73c\ub85c \uc218\ud655\ub7c9\uc774 \uc801\uc5b4 \ud48d\ubbf8\uc640 \ud5a5\uc758 \uac15\ub3c4\ub97c \ub18d\ucd95\uc2dc\ud0b5\ub2c8\ub2e4.<\/p>\n<hr \/>\n<\/div>\n<div class=\"wine-section\">\n<h3>\uc591\uc870 \uacfc\uc815<\/h3>\n<p>\ud3ec\ub3c4 \uc218\ud655\uc740 \uc190\uc73c\ub85c \uc774\ub8e8\uc5b4\uc9c0\uba70, \ud3ec\ub3c4 \uc120\ubcc4\uc774 \uaf3c\uaf3c\ud558\uac8c \uc9c4\ud589\ub429\ub2c8\ub2e4. \uc12d\uc528 \uc870\uc808 \uc2a4\ud14c\uc778\ub9ac\uc2a4 \uc2a4\ud2f8 \ud0f1\ud06c\uc5d0\uc11c \ubc1c\ud6a8\uac00 \uc774\ub8e8\uc5b4\uc9c0\uace0, \uadf8 \ud6c4 \ud504\ub791\uc2a4 \uc624\ud06c\ud1b5(\uc57d 80% \uc0c8 \uc624\ud06c\ud1b5)\uc5d0\uc11c 18~24\uac1c\uc6d4\uac04 \uc219\uc131\ub429\ub2c8\ub2e4. \uc774\ub7ec\ud55c \uc815\ubc00\ud55c \uc591\uc870 \ubc29\uc2dd\uc740 \uacfc\uc77c\uacfc \ud14c\ub8e8\uc544\uc758 \ud2b9\uc131\uc744 \uc874\uc911\ud558\uba74\uc11c\ub3c4 \uad6c\uc870\uac10, \uae4a\uc774, \uc138\ub828\ub428\uc744 \ubcf4\uc7a5\ud569\ub2c8\ub2e4.<\/p>\n<hr \/>\n<\/div>\n<div class=\"wine-section\">\n<h3>\ud14c\uc774\uc2a4\ud305 \ub178\ud2b8<\/h3>\n<p>\uc0e4\ud1a0 \ub974 \uac8c\uc774 2008 \ube48\ud2f0\uc9c0\ub294 \ubcf4\ub77c\uc0c9 \uae30\uc6b4\uc774 \uac10\ub3c4\ub294 \uae4a\uc740 \uac00\ub137 \uc0c9\uc0c1\uc744 \ub760\uace0 \uc788\uc2b5\ub2c8\ub2e4. \ucf54\ub85c\ub294 \uc798 \uc775\uc740 \ube14\ub799 \uccb4\ub9ac, \uc790\ub450, \uc81c\ube44\uaf43, \ud751\uc5f0 \ud5a5\uc774 \uc12c\uc138\ud558\uace0 \ud48d\ubd80\ud558\uac8c \ub290\uaef4\uc9c0\uba70, \ub2ec\ucf64\ud55c \uc2a4\ud30c\uc774\uc2a4, \ucf54\ucf54\uc544, \uc740\uc740\ud55c \ud2b8\ub7ec\ud50c \ud5a5\uc774 \ub4b7\ubc1b\uce68\ub429\ub2c8\ub2e4. \uc785\uc548\uc5d0\uc11c\ub294 \ud480 \ubc14\ub514\uc5d0 \uad6c\uc870\uac10\uc774 \uc88b\uc73c\uba70, \uc2e4\ud0a4\ud558\uba74\uc11c\ub3c4 \ub2e8\ub2e8\ud55c \ud0c0\ub2cc, \uc0dd\uae30 \ub118\uce58\ub294 \uc0b0\ub3c4, \ud6cc\ub96d\ud55c \uade0\ud615\uac10\uc744 \uc790\ub791\ud569\ub2c8\ub2e4. \ud53c\ub2c8\uc2dc\ub294 \uae38\uace0 \uc9c0\uc18d\uc801\uc774\uba70, \ub2e4\ud06c \ud504\ub8e8\ud2b8, \ud759 \ub0b4\uc74c, \ud1a0\uc2a4\ud2f0\ud55c \uc624\ud06c \ud5a5\uc774 \uc0b4\uc9dd \ub290\uaef4\uc9d1\ub2c8\ub2e4. \uc11c\ub298\ud55c \ube48\ud2f0\uc9c0\uc5d0\uc11c \ub9cc\ub4e4\uc5b4\uc9c4 \ud074\ub798\uc2dd\ud558\uace0 \uc6b0\uc544\ud55c \ud3ec\ubbc0\ub864\ub85c, \uc9c0\uae08\uc774 \ucd5c\uc801\uc758 \uc74c\uc6a9 \uc2dc\uae30\uc774\uba70 \ucd94\uac00 \uc219\uc131 \uc7a0\uc7ac\ub825\ub3c4 \uac00\uc9c0\uace0 \uc788\uc2b5\ub2c8\ub2e4.<\/p>\n<p class=\"wine-highlight\">\uac15\ub82c\ud558\uba74\uc11c\ub3c4 \uc12c\uc138\ud55c \ud3ec\ubbc0\ub864 \uc640\uc778\u2014\ud48d\ubd80\ud558\uace0 \uad6c\uc870\uac10\uc774 \uc788\uc73c\uba70 \uc6b0\uc544\ud558\uace0, \ubcf5\ud569\uc131, \uc2e0\uc120\ud568, \uc219\uc131 \uc7a0\uc7ac\ub825\uc744 \uc81c\uacf5\ud569\ub2c8\ub2e4.<\/p>\n<hr \/>\n<\/div>\n<div class=\"wine-section\">\n<h3>\ud398\uc5b4\ub9c1<\/h3>\n<p>\ub85c\uc2a4\ud2b8 \ub7a8, \ub355 \ube0c\ub808\uc2a4\ud2b8, \ube44\ud504 \ud544\ub808, \uc0ac\uc2b4 \uace0\uae30 \ub610\ub294 \ucf69\ud14c, \uc624\uc18c-\uc774\ub798\ud2f0\uc640 \uac19\uc740 \uc219\uc131 \uce58\uc988\uc640 \uc798 \uc5b4\uc6b8\ub9bd\ub2c8\ub2e4.<\/p>\n<\/div>\n<\/div>\n<p><!-- .vgblk-rw-wrapper --><\/p>","protected":false},"excerpt":{"rendered":"<p>Color: Red Alcohol: 13.5% vol. Grape Variety: Merlot, Cabernet Franc Bottle Size: 75 cl Domaine History Located on the prestigious plateau of **Pomerol**, **Ch\u00e2teau Le Gay** has a long-standing reputation for producing dense, powerful, and elegant wines. Under the guidance of the late Catherine P\u00e9r\u00e9-Verg\u00e9, the ch\u00e2teau underwent significant improvements in both vineyard management and&#8230;<\/p>","protected":false},"featured_media":988572,"comment_status":"open","ping_status":"closed","template":"","meta":[],"product_brand":[],"product_cat":[139,63],"product_tag":[150,157,257],"class_list":{"0":"post-990577","1":"product","2":"type-product","3":"status-publish","4":"has-post-thumbnail","6":"product_cat-bordeaux","7":"product_cat-red","8":"product_tag-cabernet-franc","9":"product_tag-merlot","10":"product_tag-pomerol","12":"first","13":"instock","14":"shipping-taxable","15":"product-type-simple"},"yoast_head":"<!-- This site is optimized with the Yoast SEO Premium plugin v27.2 (Yoast SEO v27.3) - https:\/\/yoast.com\/product\/yoast-seo-premium-wordpress\/ -->\n<title>Ch\u00e2teau Le Gay Pomerol 2008 - Vavin \u9152\u76d2\u5b50<\/title>\n<meta name=\"description\" content=\"Discover Ch\u00e2teau Le Gay Pomerol 2008\u2014a rich and elegant Bordeaux with black fruit, floral notes, and silky tannins. A structured, complex Pomerol with beautiful balance and aging potential. Perfect with lamb, duck, or aged cheeses.\" \/>\n<meta name=\"robots\" content=\"index, follow, max-snippet:-1, max-image-preview:large, max-video-preview:-1\" \/>\n<link rel=\"canonical\" href=\"https:\/\/vavin.tw\/ko\/product\/\uc0e4\ud1a0-\ub974-\uac8c\uc774-\ubf40\ubbc0\ub864-2008\/\" \/>\n<meta property=\"og:locale\" content=\"ko_KR\" \/>\n<meta property=\"og:type\" content=\"article\" \/>\n<meta property=\"og:title\" content=\"Ch\u00e2teau Le Gay Pomerol 2008\" \/>\n<meta property=\"og:description\" content=\"Discover Ch\u00e2teau Le Gay Pomerol 2008\u2014a rich and elegant Bordeaux with black fruit, floral notes, and silky tannins. A structured, complex Pomerol with beautiful balance and aging potential. Perfect with lamb, duck, or aged cheeses.\" \/>\n<meta property=\"og:url\" content=\"https:\/\/vavin.tw\/ko\/product\/\uc0e4\ud1a0-\ub974-\uac8c\uc774-\ubf40\ubbc0\ub864-2008\/\" \/>\n<meta property=\"og:site_name\" content=\"Vavin \u9152\u76d2\u5b50\" \/>\n<meta property=\"article:publisher\" content=\"https:\/\/www.facebook.com\/vavintw\" \/>\n<meta property=\"article:modified_time\" content=\"2025-04-27T13:01:18+00:00\" \/>\n<meta property=\"og:image\" content=\"https:\/\/vavin.tw\/wp-content\/uploads\/2023\/03\/Pomerol-Chateau-Le-Gay-2008.png\" \/>\n\t<meta property=\"og:image:width\" content=\"400\" \/>\n\t<meta property=\"og:image:height\" content=\"600\" \/>\n\t<meta property=\"og:image:type\" content=\"image\/png\" \/>\n<meta name=\"twitter:card\" content=\"summary_large_image\" \/>\n<meta name=\"twitter:label1\" content=\"\uc608\uc0c1 \ub418\ub294 \ud310\ub3c5 \uc2dc\uac04\" \/>\n\t<meta name=\"twitter:data1\" content=\"2\ubd84\" \/>\n<script type=\"application\/ld+json\" class=\"yoast-schema-graph\">{\"@context\":\"https:\\\/\\\/schema.org\",\"@graph\":[{\"@type\":\"WebPage\",\"@id\":\"https:\\\/\\\/vavin.tw\\\/product\\\/chateau-le-gay-pomerol-2008\\\/\",\"url\":\"https:\\\/\\\/vavin.tw\\\/product\\\/chateau-le-gay-pomerol-2008\\\/\",\"name\":\"Ch\u00e2teau Le Gay Pomerol 2008 - Vavin \u9152\u76d2\u5b50\",\"isPartOf\":{\"@id\":\"https:\\\/\\\/vavin.tw\\\/#website\"},\"primaryImageOfPage\":{\"@id\":\"https:\\\/\\\/vavin.tw\\\/product\\\/chateau-le-gay-pomerol-2008\\\/#primaryimage\"},\"image\":{\"@id\":\"https:\\\/\\\/vavin.tw\\\/product\\\/chateau-le-gay-pomerol-2008\\\/#primaryimage\"},\"thumbnailUrl\":\"https:\\\/\\\/vavin.tw\\\/wp-content\\\/uploads\\\/2023\\\/03\\\/Pomerol-Chateau-Le-Gay-2008.png\",\"datePublished\":\"2023-04-11T09:59:15+00:00\",\"dateModified\":\"2025-04-27T13:01:18+00:00\",\"description\":\"Discover Ch\u00e2teau Le Gay Pomerol 2008\u2014a rich and elegant Bordeaux with black fruit, floral notes, and silky tannins. A structured, complex Pomerol with beautiful balance and aging potential. Perfect with lamb, duck, or aged cheeses.\",\"breadcrumb\":{\"@id\":\"https:\\\/\\\/vavin.tw\\\/product\\\/chateau-le-gay-pomerol-2008\\\/#breadcrumb\"},\"inLanguage\":\"ko-KR\",\"potentialAction\":[{\"@type\":\"ReadAction\",\"target\":[\"https:\\\/\\\/vavin.tw\\\/product\\\/chateau-le-gay-pomerol-2008\\\/\"]}]},{\"@type\":\"ImageObject\",\"inLanguage\":\"ko-KR\",\"@id\":\"https:\\\/\\\/vavin.tw\\\/product\\\/chateau-le-gay-pomerol-2008\\\/#primaryimage\",\"url\":\"https:\\\/\\\/vavin.tw\\\/wp-content\\\/uploads\\\/2023\\\/03\\\/Pomerol-Chateau-Le-Gay-2008.png\",\"contentUrl\":\"https:\\\/\\\/vavin.tw\\\/wp-content\\\/uploads\\\/2023\\\/03\\\/Pomerol-Chateau-Le-Gay-2008.png\",\"width\":400,\"height\":600},{\"@type\":\"BreadcrumbList\",\"@id\":\"https:\\\/\\\/vavin.tw\\\/product\\\/chateau-le-gay-pomerol-2008\\\/#breadcrumb\",\"itemListElement\":[{\"@type\":\"ListItem\",\"position\":1,\"name\":\"Home\",\"item\":\"https:\\\/\\\/vavin.tw\\\/\"},{\"@type\":\"ListItem\",\"position\":2,\"name\":\"Products\",\"item\":\"https:\\\/\\\/vavin.tw\\\/shop\\\/\"},{\"@type\":\"ListItem\",\"position\":3,\"name\":\"Ch\u00e2teau Le Gay Pomerol 2008\"}]},{\"@type\":\"WebSite\",\"@id\":\"https:\\\/\\\/vavin.tw\\\/#website\",\"url\":\"https:\\\/\\\/vavin.tw\\\/\",\"name\":\"Vavin \u9152\u76d2\u5b50\",\"description\":\"Savor the Art of Wine\",\"publisher\":{\"@id\":\"https:\\\/\\\/vavin.tw\\\/#organization\"},\"potentialAction\":[{\"@type\":\"SearchAction\",\"target\":{\"@type\":\"EntryPoint\",\"urlTemplate\":\"https:\\\/\\\/vavin.tw\\\/?s={search_term_string}\"},\"query-input\":{\"@type\":\"PropertyValueSpecification\",\"valueRequired\":true,\"valueName\":\"search_term_string\"}}],\"inLanguage\":\"ko-KR\"},{\"@type\":\"Organization\",\"@id\":\"https:\\\/\\\/vavin.tw\\\/#organization\",\"name\":\"Vavin \u9152\u76d2\u5b50\",\"url\":\"https:\\\/\\\/vavin.tw\\\/\",\"logo\":{\"@type\":\"ImageObject\",\"inLanguage\":\"ko-KR\",\"@id\":\"https:\\\/\\\/vavin.tw\\\/#\\\/schema\\\/logo\\\/image\\\/\",\"url\":\"https:\\\/\\\/vavin.tw\\\/wp-content\\\/uploads\\\/2023\\\/03\\\/cropped-favicon-violet-v1.png\",\"contentUrl\":\"https:\\\/\\\/vavin.tw\\\/wp-content\\\/uploads\\\/2023\\\/03\\\/cropped-favicon-violet-v1.png\",\"width\":512,\"height\":512,\"caption\":\"Vavin \u9152\u76d2\u5b50\"},\"image\":{\"@id\":\"https:\\\/\\\/vavin.tw\\\/#\\\/schema\\\/logo\\\/image\\\/\"},\"sameAs\":[\"https:\\\/\\\/www.facebook.com\\\/vavintw\",\"https:\\\/\\\/www.instagram.com\\\/vavin_tw\"]}]}<\/script>\n<!-- \/ Yoast SEO Premium plugin. -->","yoast_head_json":{"title":"\uc0e4\ub610 \ub974 \uac8c\uc774 \ubf40\ubbc0\ub864 2008 - \ubc14\ubc45 \uc640\uc778 \ubc15\uc2a4","description":"2008\ub144 \uc0e4\ud1a0 \ub974 \uac8c\uc774 \ubf40\ubbc0\ub864\uc744 \ub9cc\ub098\ubcf4\uc138\uc694. \ube14\ub799 \ud504\ub8e8\ud2b8, \uaf43 \ud5a5, \uc2e4\ud0a4\ud55c \ud0c0\ub2cc\uc774 \uc5b4\uc6b0\ub7ec\uc9c4 \ud48d\ubd80\ud558\uace0 \uc6b0\uc544\ud55c \ubcf4\ub974\ub3c4 \uc640\uc778\uc785\ub2c8\ub2e4. \uc544\ub984\ub2e4\uc6b4 \uade0\ud615\uac10\uacfc \uc219\uc131 \uc7a0\uc7ac\ub825\uc744 \uc9c0\ub2cc \uad6c\uc870\uac10\uc774 \ub6f0\uc5b4\ub098\uace0 \ubcf5\ud569\uc801\uc778 \ubf40\ubbc0\ub864\uc785\ub2c8\ub2e4. \uc591\uace0\uae30, \uc624\ub9ac, \uc219\uc131 \uce58\uc988\uc640 \uc644\ubcbd\ud55c \uc870\ud654\ub97c \uc774\ub8f9\ub2c8\ub2e4.","robots":{"index":"index","follow":"follow","max-snippet":"max-snippet:-1","max-image-preview":"max-image-preview:large","max-video-preview":"max-video-preview:-1"},"canonical":"https:\/\/vavin.tw\/ko\/product\/\uc0e4\ud1a0-\ub974-\uac8c\uc774-\ubf40\ubbc0\ub864-2008\/","og_locale":"ko_KR","og_type":"article","og_title":"Ch\u00e2teau Le Gay Pomerol 2008","og_description":"Discover Ch\u00e2teau Le Gay Pomerol 2008\u2014a rich and elegant Bordeaux with black fruit, floral notes, and silky tannins. A structured, complex Pomerol with beautiful balance and aging potential. Perfect with lamb, duck, or aged cheeses.","og_url":"https:\/\/vavin.tw\/ko\/product\/\uc0e4\ud1a0-\ub974-\uac8c\uc774-\ubf40\ubbc0\ub864-2008\/","og_site_name":"Vavin \u9152\u76d2\u5b50","article_publisher":"https:\/\/www.facebook.com\/vavintw","article_modified_time":"2025-04-27T13:01:18+00:00","og_image":[{"width":400,"height":600,"url":"https:\/\/vavin.tw\/wp-content\/uploads\/2023\/03\/Pomerol-Chateau-Le-Gay-2008.png","type":"image\/png"}],"twitter_card":"summary_large_image","twitter_misc":{"\uc608\uc0c1 \ub418\ub294 \ud310\ub3c5 \uc2dc\uac04":"2\ubd84"},"schema":{"@context":"https:\/\/schema.org","@graph":[{"@type":"WebPage","@id":"https:\/\/vavin.tw\/product\/chateau-le-gay-pomerol-2008\/","url":"https:\/\/vavin.tw\/product\/chateau-le-gay-pomerol-2008\/","name":"\uc0e4\ub610 \ub974 \uac8c\uc774 \ubf40\ubbc0\ub864 2008 - \ubc14\ubc45 \uc640\uc778 \ubc15\uc2a4","isPartOf":{"@id":"https:\/\/vavin.tw\/#website"},"primaryImageOfPage":{"@id":"https:\/\/vavin.tw\/product\/chateau-le-gay-pomerol-2008\/#primaryimage"},"image":{"@id":"https:\/\/vavin.tw\/product\/chateau-le-gay-pomerol-2008\/#primaryimage"},"thumbnailUrl":"https:\/\/vavin.tw\/wp-content\/uploads\/2023\/03\/Pomerol-Chateau-Le-Gay-2008.png","datePublished":"2023-04-11T09:59:15+00:00","dateModified":"2025-04-27T13:01:18+00:00","description":"2008\ub144 \uc0e4\ud1a0 \ub974 \uac8c\uc774 \ubf40\ubbc0\ub864\uc744 \ub9cc\ub098\ubcf4\uc138\uc694. \ube14\ub799 \ud504\ub8e8\ud2b8, \uaf43 \ud5a5, \uc2e4\ud0a4\ud55c \ud0c0\ub2cc\uc774 \uc5b4\uc6b0\ub7ec\uc9c4 \ud48d\ubd80\ud558\uace0 \uc6b0\uc544\ud55c \ubcf4\ub974\ub3c4 \uc640\uc778\uc785\ub2c8\ub2e4. \uc544\ub984\ub2e4\uc6b4 \uade0\ud615\uac10\uacfc \uc219\uc131 \uc7a0\uc7ac\ub825\uc744 \uc9c0\ub2cc \uad6c\uc870\uac10\uc774 \ub6f0\uc5b4\ub098\uace0 \ubcf5\ud569\uc801\uc778 \ubf40\ubbc0\ub864\uc785\ub2c8\ub2e4. \uc591\uace0\uae30, \uc624\ub9ac, \uc219\uc131 \uce58\uc988\uc640 \uc644\ubcbd\ud55c \uc870\ud654\ub97c \uc774\ub8f9\ub2c8\ub2e4.","breadcrumb":{"@id":"https:\/\/vavin.tw\/product\/chateau-le-gay-pomerol-2008\/#breadcrumb"},"inLanguage":"ko-KR","potentialAction":[{"@type":"ReadAction","target":["https:\/\/vavin.tw\/product\/chateau-le-gay-pomerol-2008\/"]}]},{"@type":"ImageObject","inLanguage":"ko-KR","@id":"https:\/\/vavin.tw\/product\/chateau-le-gay-pomerol-2008\/#primaryimage","url":"https:\/\/vavin.tw\/wp-content\/uploads\/2023\/03\/Pomerol-Chateau-Le-Gay-2008.png","contentUrl":"https:\/\/vavin.tw\/wp-content\/uploads\/2023\/03\/Pomerol-Chateau-Le-Gay-2008.png","width":400,"height":600},{"@type":"BreadcrumbList","@id":"https:\/\/vavin.tw\/product\/chateau-le-gay-pomerol-2008\/#breadcrumb","itemListElement":[{"@type":"ListItem","position":1,"name":"Home","item":"https:\/\/vavin.tw\/"},{"@type":"ListItem","position":2,"name":"Products","item":"https:\/\/vavin.tw\/shop\/"},{"@type":"ListItem","position":3,"name":"Ch\u00e2teau Le Gay Pomerol 2008"}]},{"@type":"WebSite","@id":"https:\/\/vavin.tw\/#website","url":"https:\/\/vavin.tw\/","name":"Vavin","description":"\uc640\uc778\uc758 \uc608\uc220\uc744 \uc74c\ubbf8\ud558\ub2e4","publisher":{"@id":"https:\/\/vavin.tw\/#organization"},"potentialAction":[{"@type":"SearchAction","target":{"@type":"EntryPoint","urlTemplate":"https:\/\/vavin.tw\/?s={search_term_string}"},"query-input":{"@type":"PropertyValueSpecification","valueRequired":true,"valueName":"search_term_string"}}],"inLanguage":"ko-KR"},{"@type":"Organization","@id":"https:\/\/vavin.tw\/#organization","name":"Vavin","url":"https:\/\/vavin.tw\/","logo":{"@type":"ImageObject","inLanguage":"ko-KR","@id":"https:\/\/vavin.tw\/#\/schema\/logo\/image\/","url":"https:\/\/vavin.tw\/wp-content\/uploads\/2023\/03\/cropped-favicon-violet-v1.png","contentUrl":"https:\/\/vavin.tw\/wp-content\/uploads\/2023\/03\/cropped-favicon-violet-v1.png","width":512,"height":512,"caption":"Vavin \u9152\u76d2\u5b50"},"image":{"@id":"https:\/\/vavin.tw\/#\/schema\/logo\/image\/"},"sameAs":["https:\/\/www.facebook.com\/vavintw","https:\/\/www.instagram.com\/vavin_tw"]}]}},"_links":{"self":[{"href":"https:\/\/vavin.tw\/ko\/wp-json\/wp\/v2\/product\/990577","targetHints":{"allow":["GET"]}}],"collection":[{"href":"https:\/\/vavin.tw\/ko\/wp-json\/wp\/v2\/product"}],"about":[{"href":"https:\/\/vavin.tw\/ko\/wp-json\/wp\/v2\/types\/product"}],"replies":[{"embeddable":true,"href":"https:\/\/vavin.tw\/ko\/wp-json\/wp\/v2\/comments?post=990577"}],"version-history":[{"count":0,"href":"https:\/\/vavin.tw\/ko\/wp-json\/wp\/v2\/product\/990577\/revisions"}],"wp:featuredmedia":[{"embeddable":true,"href":"https:\/\/vavin.tw\/ko\/wp-json\/wp\/v2\/media\/988572"}],"wp:attachment":[{"href":"https:\/\/vavin.tw\/ko\/wp-json\/wp\/v2\/media?parent=990577"}],"wp:term":[{"taxonomy":"product_brand","embeddable":true,"href":"https:\/\/vavin.tw\/ko\/wp-json\/wp\/v2\/product_brand?post=990577"},{"taxonomy":"product_cat","embeddable":true,"href":"https:\/\/vavin.tw\/ko\/wp-json\/wp\/v2\/product_cat?post=990577"},{"taxonomy":"product_tag","embeddable":true,"href":"https:\/\/vavin.tw\/ko\/wp-json\/wp\/v2\/product_tag?post=990577"}],"curies":[{"name":"wp","href":"https:\/\/api.w.org\/{rel}","templated":true}]}}