{"id":990581,"date":"2023-04-11T17:59:17","date_gmt":"2023-04-11T09:59:17","guid":{"rendered":"https:\/\/v2.vavin.tw\/product\/jeroboam-puisseguin-st-emilion-cht-soleil-2010\/"},"modified":"2025-04-27T20:54:13","modified_gmt":"2025-04-27T12:54:13","slug":"%ec%83%a4%ed%86%a0-%ec%86%94%eb%a0%88-%ed%91%b8%ec%9d%b4%ec%83%9d-%ec%83%9d%ed%85%8c%eb%b0%80%eb%a6%ac%ec%98%b9-2010-%ec%a0%9c%eb%a1%9c%eb%b3%b4%ec%95%94","status":"publish","type":"product","link":"https:\/\/vavin.tw\/ko\/product\/chateau-soleil-puisseguin-saint-emilion-2010-jeroboam\/","title":{"rendered":"\uc0e4\ud1a0 \uc194\ub808\uc774 \ud478\uc774\uc138\uaca1 \uc0dd\ud14c\ubc00\ub9ac\uc639 2010 \uc81c\ub85c\ubcf4\uc554"},"content":{"rendered":"<div class=\"vgblk-rw-wrapper limit-wrapper\">\n<div class=\"wine-info\"><strong>\uc0c9\uc0c1:<\/strong> \ub808\ub4dc \uc640\uc778<br \/>\n<strong>\ub3c4\uc218:<\/strong> 14.5% \uad8c.<br \/>\n<strong>\ud3ec\ub3c4 \ud488\uc885:<\/strong> 80% \uba54\ub97c\ub85c, 10% \uce74\ubca0\ub974\ub124 \ud504\ub791, 10% \uce74\ubca0\ub974\ub124 \uc18c\ube44\ub1fd<br \/>\n<strong>\ubcd1 \uc6a9\ub7c9:<\/strong> 300\ubc00\ub9ac\ub9ac\ud130 (\uc870\ub85c\ubcf4\uc554)<\/div>\n<hr \/>\n<div class=\"wine-section\">\n<h3>\ub3c4\uba58 \uc5ed\uc0ac<\/h3>\n<p>\uc0dd\ud14c\ubc00\ub9ac\uc639\uc758 \uc704\uc131 \uc9c0\uc5ed\uc778 **\ud478\uc774\uc138\uac31 \uc0dd\ud14c\ubc00\ub9ac\uc639(Puisseguin Saint-\u00c9milion)**\uc5d0 \uc704\uce58\ud55c **\uc0e4\ud1a0 \uc194\ub808\uc774(Ch\u00e2teau Soleil)**\ub294 \ud074\ub798\uc2dd\ud55c \uc6b0\uc548(Right Bank) \uc2a4\ud0c0\uc77c\uc758 \uc6b0\uc544\ud558\uace0 \uc798 \uad6c\uc870\ud654\ub41c \uc640\uc778 \uc0dd\uc0b0\uc73c\ub85c \uc778\uc815\uc744 \ubc1b\uace0 \uc788\uc2b5\ub2c8\ub2e4. \uc0e4\ud1a0 \ubc14\ud0c0\uc720(Ch\u00e2teau Batailley)\uc640 \ud2b8\ub85c\ud2b8 \ube44\uc5d0\uc720(Trotte Vieille)\uc758 \uc18c\uc720\uc8fc\uc778 \uce74\uc2a4\ud14c\uc790(Cast\u00e9ja) \uac00\ubb38\uc774 \uc774 \uc9c0\uc5ed\uc744 \uc778\uc218\ud55c \uc774\ud6c4, \ud3ec\ub3c4\ubc2d \uad00\ub9ac\uc640 \uc640\uc778 \uc81c\uc870\uc5d0 \uc0c1\ub2f9\ud55c \ud22c\uc790\uac00 \uc774\ub8e8\uc5b4\uc84c\uc73c\uba70, \uc774\ub294 \ube48\ud2f0\uc9c0\ub97c \uac70\ub4ed\ud558\uba70 \uc77c\uad00\ub41c \ud488\uc9c8\uacfc \uc138\ub828\ub428\uc744 \ubcf4\uc7a5\ud558\uace0 \uc788\uc2b5\ub2c8\ub2e4.<\/p>\n<hr \/>\n<\/div>\n<div class=\"wine-section\">\n<h3>\ub5bc\ub8e8\uc544<\/h3>\n<p>\uc0e4\ud1a0 \uc194\ub808\uc758 \ud3ec\ub3c4\ubc2d\uc740 \uc810\ud1a0 \uc11d\ud68c\uc9c8 \ud1a0\uc591\uc5d0 \uc2ec\uc5b4\uc838 \uc788\uc73c\uba70, \ub6f0\uc5b4\ub09c \ud587\ubcd5 \ub178\ucd9c(\u201cSoleil\u201d\uc740 \ud504\ub791\uc2a4\uc5b4\ub85c \u201c\ud0dc\uc591\u201d\uc744 \uc758\ubbf8) \ub355\ubd84\uc5d0 \uba54\ub97c\ub85c\uac00 \uc8fc\ub97c \uc774\ub8e8\ub294 \ube14\ub80c\ub4dc\uc758 \uc219\uc131\uc744 \ud5a5\uc0c1\uc2dc\ud0b5\ub2c8\ub2e4. \uc790\uc5f0\uc2a4\ub7ec\uc6b4 \ubc30\uc218\uc640 \ubbf8\ub124\ub784\uc774 \ud48d\ubd80\ud55c \ud14c\ub8e8\uc544\ub294 \uc640\uc778\uc758 \uade0\ud615\uac10, \uc2e0\uc120\ud568, \uadf8\ub9ac\uace0 \uc544\ub85c\ub9c8 \ud45c\ud604\uc5d0 \uae30\uc5ec\ud569\ub2c8\ub2e4.<\/p>\n<hr \/>\n<\/div>\n<div class=\"wine-section\">\n<h3>\uc591\uc870 \uacfc\uc815<\/h3>\n<p>\ud3ec\ub3c4\ub294 \uc190\uc73c\ub85c \uc218\ud655\ud558\uc5ec \uc628\ub3c4 \uc870\uc808 \uc2a4\ud14c\uc778\ub9ac\uc2a4 \uc2a4\ud2f8 \ud0f1\ud06c\uc5d0\uc11c \uc219\uc131\ud558\uae30 \uc804\uc5d0 \uc2e0\uc911\ud558\uac8c \uc120\ubcc4\ub429\ub2c8\ub2e4. \uc640\uc778\uc740 12~18\uac1c\uc6d4 \ub3d9\uc548 \ud504\ub791\uc2a4\uc0b0 \uc624\ud06c\ud1b5\uc5d0\uc11c \uc219\uc131\ub418\uba70, \uc77c\ubd80\ub294 \uc0c8 \uc624\ud06c\ud1b5\uc744 \uc0ac\uc6a9\ud558\uc5ec \uacfc\uc77c\uc758 \ud65c\ub825\uc744 \uc720\uc9c0\ud558\uba74\uc11c \uad6c\uc870\uac10, \uc9c8\uac10, \ud5a5\uc758 \ubcf5\ud569\uc131\uc744 \ud5a5\uc0c1\uc2dc\ud0b5\ub2c8\ub2e4.<\/p>\n<hr \/>\n<\/div>\n<div class=\"wine-section\">\n<h3>\ud14c\uc774\uc2a4\ud305 \ub178\ud2b8<\/h3>\n<p>\ud37c\ud50c\ube5b\uc774 \ub3c4\ub294 \uc9d9\uc740 \ub8e8\ube44 \ub808\ub4dc\uc0c9. \ube14\ub799 \uccb4\ub9ac, \uc790\ub450, \ucee4\ub7f0\ud2b8, \uc81c\ube44\uaf43 \ud5a5\uc774 \ud48d\ubd80\ud558\uac8c \ub290\uaef4\uc9c0\uba70, \uac10\ucd08, \uc2a4\ud30c\uc774\uc2a4, \uc740\uc740\ud55c \uc624\ud06c \ud5a5\uc774 \ub4b7\ubc1b\uce68\ub41c\ub2e4. \uc785 \uc548\uc5d0\uc11c\ub294 \ubd80\ub4dc\ub7fd\uace0 \ud48d\uc131\ud558\uba70, \uc798 \uc775\uc740 \ud0c0\ub2cc\uacfc \uade0\ud615 \uc7a1\ud78c \uc0b0\ub3c4, \uadf8\ub9ac\uace0 \ub2e4\ud06c \ud504\ub8e8\ud2b8, \ubaa8\uce74, \ub2ec\ucf64\ud55c \uc2a4\ud30c\uc774\uc2a4 \ud48d\ubbf8\uac00 \ub290\uaef4\uc9c4\ub2e4. \ud53c\ub2c8\uc26c\ub294 \uae38\uace0 \ubca8\ubcb3 \uac19\uc73c\uba70 \uc6b0\uc544\ud558\uba70, **2010 \ube48\ud2f0\uc9c0**\uc758 \ud6cc\ub96d\ud55c \ud488\uc9c8\uc744 \ubc18\uc601\ud55c\ub2e4.<\/p>\n<p class=\"wine-highlight\">\ud6cc\ub96d\ud55c \ube48\ud2f0\uc9c0\uc758 \uc544\ub984\ub2f5\uac8c \uad6c\uc870\ud654\ub41c \uc88c\uc548 \ubcf4\ub974\ub3c4 \uc640\uc778\uc73c\ub85c, \ud48d\ubd80\ud558\uace0 \uc6b0\uc544\ud558\uba70 \ud2b9\ubcc4\ud55c \ub0a0\uc744 \uc704\ud55c \uc81c\ub85c\ubcf4\uc554 \ubcd1\uc5d0 \ub2f4\uaca8 \uc219\uc131\ud558\uae30\uc5d0 \uc774\uc0c1\uc801\uc785\ub2c8\ub2e4.<\/p>\n<hr \/>\n<\/div>\n<div class=\"wine-section\">\n<h3>\ud398\uc5b4\ub9c1<\/h3>\n<p>\uad6c\uc6b4 \uc591\uace0\uae30, \uc624\ub9ac \uac00\uc2b4\uc0b4, \uc18c \uc548\uc2ec \ub610\ub294 \uc0dd \ud14c\ub124\ub974, \ucf69\ud14c\uc640 \uac19\uc740 \uc219\uc131 \uce58\uc988\uc640 \uc644\ubcbd\ud558\uac8c \uc5b4\uc6b8\ub9bd\ub2c8\ub2e4.<\/p>\n<\/div>\n<\/div>\n<p><!-- .vgblk-rw-wrapper --><\/p>","protected":false},"excerpt":{"rendered":"<p>Color: Red Alcohol: 14.5% vol. Grape Variety: 80% Merlot, 10% Cabernet Franc, 10% Cabernet Sauvignon Bottle Size: 300 cl (Jeroboam) Domaine History Located in **Puisseguin Saint-\u00c9milion**, a satellite appellation of Saint-\u00c9milion, **Ch\u00e2teau Soleil** has gained recognition for crafting elegant and well-structured wines with the classic Right Bank profile. Since its acquisition by the Cast\u00e9ja family&#8230;<\/p>","protected":false},"featured_media":988580,"comment_status":"open","ping_status":"closed","template":"","meta":[],"product_brand":[],"product_cat":[139,63],"product_tag":[150,151,157,367],"class_list":{"0":"post-990581","1":"product","2":"type-product","3":"status-publish","4":"has-post-thumbnail","6":"product_cat-bordeaux","7":"product_cat-red","8":"product_tag-cabernet-franc","9":"product_tag-cabernet-sauvignon","10":"product_tag-merlot","11":"product_tag-puissegin-saint-emilion","13":"first","14":"instock","15":"shipping-taxable","16":"product-type-simple"},"yoast_head":"<!-- This site is optimized with the Yoast SEO Premium plugin v27.2 (Yoast SEO v27.3) - https:\/\/yoast.com\/product\/yoast-seo-premium-wordpress\/ -->\n<title>Ch\u00e2teau Soleil Puisseguin Saint-Emilion 2010 Jeroboam - Vavin \u9152\u76d2\u5b50<\/title>\n<meta name=\"description\" content=\"Discover Ch\u00e2teau Soleil Puisseguin Saint-\u00c9milion 2010 Jeroboam\u2014a Merlot-driven Bordeaux with rich dark fruit, silky tannins, and elegant structure. From an exceptional vintage, ideal for aging and perfect for special occasions.\" \/>\n<meta name=\"robots\" content=\"index, follow, max-snippet:-1, max-image-preview:large, max-video-preview:-1\" \/>\n<link rel=\"canonical\" href=\"https:\/\/vavin.tw\/ko\/product\/\uc0e4\ud1a0-\uc194\ub808-\ud478\uc774\uc0dd-\uc0dd\ud14c\ubc00\ub9ac\uc639-2010-\uc81c\ub85c\ubcf4\uc554\/\" \/>\n<meta property=\"og:locale\" content=\"ko_KR\" \/>\n<meta property=\"og:type\" content=\"article\" \/>\n<meta property=\"og:title\" content=\"Ch\u00e2teau Soleil Puisseguin Saint-Emilion 2010 Jeroboam\" \/>\n<meta property=\"og:description\" content=\"Discover Ch\u00e2teau Soleil Puisseguin Saint-\u00c9milion 2010 Jeroboam\u2014a Merlot-driven Bordeaux with rich dark fruit, silky tannins, and elegant structure. From an exceptional vintage, ideal for aging and perfect for special occasions.\" \/>\n<meta property=\"og:url\" content=\"https:\/\/vavin.tw\/ko\/product\/\uc0e4\ud1a0-\uc194\ub808-\ud478\uc774\uc0dd-\uc0dd\ud14c\ubc00\ub9ac\uc639-2010-\uc81c\ub85c\ubcf4\uc554\/\" \/>\n<meta property=\"og:site_name\" content=\"Vavin \u9152\u76d2\u5b50\" \/>\n<meta property=\"article:publisher\" content=\"https:\/\/www.facebook.com\/vavintw\" \/>\n<meta property=\"article:modified_time\" content=\"2025-04-27T12:54:13+00:00\" \/>\n<meta property=\"og:image\" content=\"https:\/\/vavin.tw\/wp-content\/uploads\/2023\/03\/Puisseguin-St-Emilion-Chateau-Soleil-2010.png\" \/>\n\t<meta property=\"og:image:width\" content=\"400\" \/>\n\t<meta property=\"og:image:height\" content=\"600\" \/>\n\t<meta property=\"og:image:type\" content=\"image\/png\" \/>\n<meta name=\"twitter:card\" content=\"summary_large_image\" \/>\n<meta name=\"twitter:label1\" content=\"\uc608\uc0c1 \ub418\ub294 \ud310\ub3c5 \uc2dc\uac04\" \/>\n\t<meta name=\"twitter:data1\" content=\"2\ubd84\" \/>\n<script type=\"application\/ld+json\" class=\"yoast-schema-graph\">{\"@context\":\"https:\\\/\\\/schema.org\",\"@graph\":[{\"@type\":\"WebPage\",\"@id\":\"https:\\\/\\\/vavin.tw\\\/product\\\/chateau-soleil-puisseguin-saint-emilion-2010-jeroboam\\\/\",\"url\":\"https:\\\/\\\/vavin.tw\\\/product\\\/chateau-soleil-puisseguin-saint-emilion-2010-jeroboam\\\/\",\"name\":\"Ch\u00e2teau Soleil Puisseguin Saint-Emilion 2010 Jeroboam - Vavin \u9152\u76d2\u5b50\",\"isPartOf\":{\"@id\":\"https:\\\/\\\/vavin.tw\\\/#website\"},\"primaryImageOfPage\":{\"@id\":\"https:\\\/\\\/vavin.tw\\\/product\\\/chateau-soleil-puisseguin-saint-emilion-2010-jeroboam\\\/#primaryimage\"},\"image\":{\"@id\":\"https:\\\/\\\/vavin.tw\\\/product\\\/chateau-soleil-puisseguin-saint-emilion-2010-jeroboam\\\/#primaryimage\"},\"thumbnailUrl\":\"https:\\\/\\\/vavin.tw\\\/wp-content\\\/uploads\\\/2023\\\/03\\\/Puisseguin-St-Emilion-Chateau-Soleil-2010.png\",\"datePublished\":\"2023-04-11T09:59:17+00:00\",\"dateModified\":\"2025-04-27T12:54:13+00:00\",\"description\":\"Discover Ch\u00e2teau Soleil Puisseguin Saint-\u00c9milion 2010 Jeroboam\u2014a Merlot-driven Bordeaux with rich dark fruit, silky tannins, and elegant structure. From an exceptional vintage, ideal for aging and perfect for special occasions.\",\"breadcrumb\":{\"@id\":\"https:\\\/\\\/vavin.tw\\\/product\\\/chateau-soleil-puisseguin-saint-emilion-2010-jeroboam\\\/#breadcrumb\"},\"inLanguage\":\"ko-KR\",\"potentialAction\":[{\"@type\":\"ReadAction\",\"target\":[\"https:\\\/\\\/vavin.tw\\\/product\\\/chateau-soleil-puisseguin-saint-emilion-2010-jeroboam\\\/\"]}]},{\"@type\":\"ImageObject\",\"inLanguage\":\"ko-KR\",\"@id\":\"https:\\\/\\\/vavin.tw\\\/product\\\/chateau-soleil-puisseguin-saint-emilion-2010-jeroboam\\\/#primaryimage\",\"url\":\"https:\\\/\\\/vavin.tw\\\/wp-content\\\/uploads\\\/2023\\\/03\\\/Puisseguin-St-Emilion-Chateau-Soleil-2010.png\",\"contentUrl\":\"https:\\\/\\\/vavin.tw\\\/wp-content\\\/uploads\\\/2023\\\/03\\\/Puisseguin-St-Emilion-Chateau-Soleil-2010.png\",\"width\":400,\"height\":600},{\"@type\":\"BreadcrumbList\",\"@id\":\"https:\\\/\\\/vavin.tw\\\/product\\\/chateau-soleil-puisseguin-saint-emilion-2010-jeroboam\\\/#breadcrumb\",\"itemListElement\":[{\"@type\":\"ListItem\",\"position\":1,\"name\":\"Home\",\"item\":\"https:\\\/\\\/vavin.tw\\\/\"},{\"@type\":\"ListItem\",\"position\":2,\"name\":\"Products\",\"item\":\"https:\\\/\\\/vavin.tw\\\/shop\\\/\"},{\"@type\":\"ListItem\",\"position\":3,\"name\":\"Ch\u00e2teau Soleil Puisseguin Saint-Emilion 2010 Jeroboam\"}]},{\"@type\":\"WebSite\",\"@id\":\"https:\\\/\\\/vavin.tw\\\/#website\",\"url\":\"https:\\\/\\\/vavin.tw\\\/\",\"name\":\"Vavin \u9152\u76d2\u5b50\",\"description\":\"Savor the Art of Wine\",\"publisher\":{\"@id\":\"https:\\\/\\\/vavin.tw\\\/#organization\"},\"potentialAction\":[{\"@type\":\"SearchAction\",\"target\":{\"@type\":\"EntryPoint\",\"urlTemplate\":\"https:\\\/\\\/vavin.tw\\\/?s={search_term_string}\"},\"query-input\":{\"@type\":\"PropertyValueSpecification\",\"valueRequired\":true,\"valueName\":\"search_term_string\"}}],\"inLanguage\":\"ko-KR\"},{\"@type\":\"Organization\",\"@id\":\"https:\\\/\\\/vavin.tw\\\/#organization\",\"name\":\"Vavin \u9152\u76d2\u5b50\",\"url\":\"https:\\\/\\\/vavin.tw\\\/\",\"logo\":{\"@type\":\"ImageObject\",\"inLanguage\":\"ko-KR\",\"@id\":\"https:\\\/\\\/vavin.tw\\\/#\\\/schema\\\/logo\\\/image\\\/\",\"url\":\"https:\\\/\\\/vavin.tw\\\/wp-content\\\/uploads\\\/2023\\\/03\\\/cropped-favicon-violet-v1.png\",\"contentUrl\":\"https:\\\/\\\/vavin.tw\\\/wp-content\\\/uploads\\\/2023\\\/03\\\/cropped-favicon-violet-v1.png\",\"width\":512,\"height\":512,\"caption\":\"Vavin \u9152\u76d2\u5b50\"},\"image\":{\"@id\":\"https:\\\/\\\/vavin.tw\\\/#\\\/schema\\\/logo\\\/image\\\/\"},\"sameAs\":[\"https:\\\/\\\/www.facebook.com\\\/vavintw\",\"https:\\\/\\\/www.instagram.com\\\/vavin_tw\"]}]}<\/script>\n<!-- \/ Yoast SEO Premium plugin. -->","yoast_head_json":{"title":"\uc0e4\ud1a0 \uc194\ub808\uc774 \ud478\uc774\uc138\uac31 \uc0dd\ud14c\ubc00\ub9ac\uc639 2010 \uc81c\ub85c\ubcf4\uc554 - \ubc14\ubc45 \uc220 \uc0c1\uc790","description":"\ud0c1\uc6d4\ud55c \ube48\ud2f0\uc9c0, \uc219\uc131\uc5d0\ub3c4 \uc774\uc0c1\uc801\uc774\uba70 \ud2b9\ubcc4\ud55c \ub0a0\uc5d0 \uc644\ubcbd\ud55c, \uba54\ub97c\ub85c \uc911\uc2ec\uc758 \ubd80\ub4dc\ub7ec\uc6b4 \ud0c0\ub2cc\uacfc \uc6b0\uc544\ud55c \uad6c\uc870\ub97c \uac00\uc9c4 \ubcf4\ub974\ub3c4 \uc640\uc778, 2010 \uc0e4\ud1a0 \uc194\ub808\uc774 \ud478\uc774\uc138\uac31 \uc0dd\ud14c\ubc00\ub9ac\uc639 \uc81c\ub85c\ubcf4\uc554\uc744 \ub9cc\ub098\ubcf4\uc138\uc694.","robots":{"index":"index","follow":"follow","max-snippet":"max-snippet:-1","max-image-preview":"max-image-preview:large","max-video-preview":"max-video-preview:-1"},"canonical":"https:\/\/vavin.tw\/ko\/product\/\uc0e4\ud1a0-\uc194\ub808-\ud478\uc774\uc0dd-\uc0dd\ud14c\ubc00\ub9ac\uc639-2010-\uc81c\ub85c\ubcf4\uc554\/","og_locale":"ko_KR","og_type":"article","og_title":"Ch\u00e2teau Soleil Puisseguin Saint-Emilion 2010 Jeroboam","og_description":"Discover Ch\u00e2teau Soleil Puisseguin Saint-\u00c9milion 2010 Jeroboam\u2014a Merlot-driven Bordeaux with rich dark fruit, silky tannins, and elegant structure. From an exceptional vintage, ideal for aging and perfect for special occasions.","og_url":"https:\/\/vavin.tw\/ko\/product\/\uc0e4\ud1a0-\uc194\ub808-\ud478\uc774\uc0dd-\uc0dd\ud14c\ubc00\ub9ac\uc639-2010-\uc81c\ub85c\ubcf4\uc554\/","og_site_name":"Vavin \u9152\u76d2\u5b50","article_publisher":"https:\/\/www.facebook.com\/vavintw","article_modified_time":"2025-04-27T12:54:13+00:00","og_image":[{"width":400,"height":600,"url":"https:\/\/vavin.tw\/wp-content\/uploads\/2023\/03\/Puisseguin-St-Emilion-Chateau-Soleil-2010.png","type":"image\/png"}],"twitter_card":"summary_large_image","twitter_misc":{"\uc608\uc0c1 \ub418\ub294 \ud310\ub3c5 \uc2dc\uac04":"2\ubd84"},"schema":{"@context":"https:\/\/schema.org","@graph":[{"@type":"WebPage","@id":"https:\/\/vavin.tw\/product\/chateau-soleil-puisseguin-saint-emilion-2010-jeroboam\/","url":"https:\/\/vavin.tw\/product\/chateau-soleil-puisseguin-saint-emilion-2010-jeroboam\/","name":"\uc0e4\ud1a0 \uc194\ub808\uc774 \ud478\uc774\uc138\uac31 \uc0dd\ud14c\ubc00\ub9ac\uc639 2010 \uc81c\ub85c\ubcf4\uc554 - \ubc14\ubc45 \uc220 \uc0c1\uc790","isPartOf":{"@id":"https:\/\/vavin.tw\/#website"},"primaryImageOfPage":{"@id":"https:\/\/vavin.tw\/product\/chateau-soleil-puisseguin-saint-emilion-2010-jeroboam\/#primaryimage"},"image":{"@id":"https:\/\/vavin.tw\/product\/chateau-soleil-puisseguin-saint-emilion-2010-jeroboam\/#primaryimage"},"thumbnailUrl":"https:\/\/vavin.tw\/wp-content\/uploads\/2023\/03\/Puisseguin-St-Emilion-Chateau-Soleil-2010.png","datePublished":"2023-04-11T09:59:17+00:00","dateModified":"2025-04-27T12:54:13+00:00","description":"\ud0c1\uc6d4\ud55c \ube48\ud2f0\uc9c0, \uc219\uc131\uc5d0\ub3c4 \uc774\uc0c1\uc801\uc774\uba70 \ud2b9\ubcc4\ud55c \ub0a0\uc5d0 \uc644\ubcbd\ud55c, \uba54\ub97c\ub85c \uc911\uc2ec\uc758 \ubd80\ub4dc\ub7ec\uc6b4 \ud0c0\ub2cc\uacfc \uc6b0\uc544\ud55c \uad6c\uc870\ub97c \uac00\uc9c4 \ubcf4\ub974\ub3c4 \uc640\uc778, 2010 \uc0e4\ud1a0 \uc194\ub808\uc774 \ud478\uc774\uc138\uac31 \uc0dd\ud14c\ubc00\ub9ac\uc639 \uc81c\ub85c\ubcf4\uc554\uc744 \ub9cc\ub098\ubcf4\uc138\uc694.","breadcrumb":{"@id":"https:\/\/vavin.tw\/product\/chateau-soleil-puisseguin-saint-emilion-2010-jeroboam\/#breadcrumb"},"inLanguage":"ko-KR","potentialAction":[{"@type":"ReadAction","target":["https:\/\/vavin.tw\/product\/chateau-soleil-puisseguin-saint-emilion-2010-jeroboam\/"]}]},{"@type":"ImageObject","inLanguage":"ko-KR","@id":"https:\/\/vavin.tw\/product\/chateau-soleil-puisseguin-saint-emilion-2010-jeroboam\/#primaryimage","url":"https:\/\/vavin.tw\/wp-content\/uploads\/2023\/03\/Puisseguin-St-Emilion-Chateau-Soleil-2010.png","contentUrl":"https:\/\/vavin.tw\/wp-content\/uploads\/2023\/03\/Puisseguin-St-Emilion-Chateau-Soleil-2010.png","width":400,"height":600},{"@type":"BreadcrumbList","@id":"https:\/\/vavin.tw\/product\/chateau-soleil-puisseguin-saint-emilion-2010-jeroboam\/#breadcrumb","itemListElement":[{"@type":"ListItem","position":1,"name":"Home","item":"https:\/\/vavin.tw\/"},{"@type":"ListItem","position":2,"name":"Products","item":"https:\/\/vavin.tw\/shop\/"},{"@type":"ListItem","position":3,"name":"Ch\u00e2teau Soleil Puisseguin Saint-Emilion 2010 Jeroboam"}]},{"@type":"WebSite","@id":"https:\/\/vavin.tw\/#website","url":"https:\/\/vavin.tw\/","name":"Vavin","description":"\uc640\uc778\uc758 \uc608\uc220\uc744 \uc74c\ubbf8\ud558\ub2e4","publisher":{"@id":"https:\/\/vavin.tw\/#organization"},"potentialAction":[{"@type":"SearchAction","target":{"@type":"EntryPoint","urlTemplate":"https:\/\/vavin.tw\/?s={search_term_string}"},"query-input":{"@type":"PropertyValueSpecification","valueRequired":true,"valueName":"search_term_string"}}],"inLanguage":"ko-KR"},{"@type":"Organization","@id":"https:\/\/vavin.tw\/#organization","name":"Vavin","url":"https:\/\/vavin.tw\/","logo":{"@type":"ImageObject","inLanguage":"ko-KR","@id":"https:\/\/vavin.tw\/#\/schema\/logo\/image\/","url":"https:\/\/vavin.tw\/wp-content\/uploads\/2023\/03\/cropped-favicon-violet-v1.png","contentUrl":"https:\/\/vavin.tw\/wp-content\/uploads\/2023\/03\/cropped-favicon-violet-v1.png","width":512,"height":512,"caption":"Vavin \u9152\u76d2\u5b50"},"image":{"@id":"https:\/\/vavin.tw\/#\/schema\/logo\/image\/"},"sameAs":["https:\/\/www.facebook.com\/vavintw","https:\/\/www.instagram.com\/vavin_tw"]}]}},"_links":{"self":[{"href":"https:\/\/vavin.tw\/ko\/wp-json\/wp\/v2\/product\/990581","targetHints":{"allow":["GET"]}}],"collection":[{"href":"https:\/\/vavin.tw\/ko\/wp-json\/wp\/v2\/product"}],"about":[{"href":"https:\/\/vavin.tw\/ko\/wp-json\/wp\/v2\/types\/product"}],"replies":[{"embeddable":true,"href":"https:\/\/vavin.tw\/ko\/wp-json\/wp\/v2\/comments?post=990581"}],"version-history":[{"count":0,"href":"https:\/\/vavin.tw\/ko\/wp-json\/wp\/v2\/product\/990581\/revisions"}],"wp:featuredmedia":[{"embeddable":true,"href":"https:\/\/vavin.tw\/ko\/wp-json\/wp\/v2\/media\/988580"}],"wp:attachment":[{"href":"https:\/\/vavin.tw\/ko\/wp-json\/wp\/v2\/media?parent=990581"}],"wp:term":[{"taxonomy":"product_brand","embeddable":true,"href":"https:\/\/vavin.tw\/ko\/wp-json\/wp\/v2\/product_brand?post=990581"},{"taxonomy":"product_cat","embeddable":true,"href":"https:\/\/vavin.tw\/ko\/wp-json\/wp\/v2\/product_cat?post=990581"},{"taxonomy":"product_tag","embeddable":true,"href":"https:\/\/vavin.tw\/ko\/wp-json\/wp\/v2\/product_tag?post=990581"}],"curies":[{"name":"wp","href":"https:\/\/api.w.org\/{rel}","templated":true}]}}