{"id":990647,"date":"2023-04-11T17:59:46","date_gmt":"2023-04-11T09:59:46","guid":{"rendered":"https:\/\/v2.vavin.tw\/product\/odysse-domaine-duseigneur-2020\/"},"modified":"2026-01-01T01:21:47","modified_gmt":"2025-12-31T17:21:47","slug":"cote-du-rhone-village-odysse-domaine-duseigneur-2020","status":"publish","type":"product","link":"https:\/\/vavin.tw\/ko\/product\/cote-du-rhone-village-odysse-domaine-duseigneur-2020\/","title":{"rendered":"\ub4a4\uc138\ub274\ub974 \uaf2c\ub728 \ub4a4 \ub860 \ube4c\ub9ac\uc9c0 \ub85c\ub514\uc138 2020"},"content":{"rendered":"<div class=\"vgblk-rw-wrapper limit-wrapper\">\n<div class=\"wine-info\"><strong>\uc0c9\uc0c1:<\/strong> \ub808\ub4dc \uc640\uc778<br \/>\n<strong>\ub3c4\uc218:<\/strong> 14.5% \uad8c.<br \/>\n<strong>\ud3ec\ub3c4 \ud488\uc885:<\/strong> \uadf8\ub974\ub098\uc288, \uc2dc\ub77c<br \/>\n<strong>\ubcd1 \uc6a9\ub7c9:<\/strong> 75\ud074<\/div>\n<hr \/>\n<div class=\"wine-section\">\n<h3>\ub3c4\uba58 \uc5ed\uc0ac<\/h3>\n<p>Domaine Duseigneur\ub294 \ub860 \uac15 \uc6b0\uc548\uc5d0 \uc704\uce58\ud55c \uc640\uc774\ub108\ub9ac\ub85c, \ubc14\uc774\uc624\ub2e4\uc774\ub0b4\ubbf9 \ub18d\ubc95\uacfc \ud1a0\uc9c0\uc5d0 \ub300\ud55c \uc874\uc911\uc73c\ub85c \uc798 \uc54c\ub824\uc838 \uc788\uc2b5\ub2c8\ub2e4. \ubca0\ub974\ub098\ub974 \ub4a4\uc138\ub1cc\ub974(Bernard Duseigneur)\uc758 \uc9c0\ud718 \uc544\ub798, \uc774 \ub3c4\uba58\uc740 \ub860 \ud14c\ub8e8\uc544\uc758 \uc21c\uc218\ud568\uc744 \ud45c\ud604\ud558\uba70 \uade0\ud615, \uc6b0\uc544\ud568, \ud658\uacbd \uc870\ud654\ub97c \uc911\uc2ec \uac00\uce58\ub85c \uc0bc\uace0 \uc788\uc2b5\ub2c8\ub2e4.<\/p>\n<hr \/>\n<\/div>\n<div class=\"wine-section\">\n<h3>\ub5bc\ub8e8\uc544<\/h3>\n<p>\ud3ec\ub3c4\ubc2d\uc740 \uc790\uac08\uc774 \ud769\uc5b4\uc9c4 \uc810\ud1a0-\uc11d\ud68c\uc554 \ud1a0\uc591 \uc704\uc5d0 \uc790\ub9ac\uc7a1\uace0 \uc788\uc73c\uba70, \uc9c0\uc911\ud574 \ud587\uc0b4\uacfc \uc2dc\uc6d0\ud55c \ubbf8\uc2a4\ud2b8\ub784 \ubc14\ub78c\uc758 \uc601\ud5a5\uc744 \ubc1b\uc2b5\ub2c8\ub2e4. \uc774 \ud14c\ub8e8\uc544\ub294 \ud3ec\ub3c4\uc758 \ucd5c\uc801 \uc219\uc131\uc744 \ucd09\uc9c4\ud558\uba70, \uc2e0\uc120\ud568\uacfc \ud5a5\uc758 \uac15\ub3c4\ub97c \uc720\uc9c0\uc2dc\ucf1c \uc90d\ub2c8\ub2e4.<\/p>\n<hr \/>\n<\/div>\n<div class=\"wine-section\">\n<h3>\ud14c\uc774\uc2a4\ud305 \ub178\ud2b8<\/h3>\n<p>\uc9d9\uc740 \uac00\ub137 \uc0c9\uc0c1\uc5d0 \ubcf4\ub78f\ube5b \ubc18\uc0ac\uad11\uc774 \uac10\ub3d5\ub2c8\ub2e4. \ube14\ub799\uccb4\ub9ac, \uc790\ub450, \uc9c0\uc911\ud574 \ud5c8\ube0c, \uc740\uc740\ud55c \ud5a5\uc2e0\ub8cc\uc758 \ud5a5\uc774 \ud53c\uc5b4\ub0a9\ub2c8\ub2e4. \uc785\uc548\uc5d0\uc11c\ub294 \ubd80\ub4dc\ub7fd\uace0 \ud48d\uc131\ud558\uba70, \uc2e4\ud0a4\ud55c \ud0c4\ub2cc\uacfc \uade0\ud615 \uc7a1\ud78c \uc0b0\ub3c4, \uae38\uace0 \uc6b0\uc544\ud55c \ud53c\ub2c8\uc2dc\ub97c \uc790\ub791\ud569\ub2c8\ub2e4.<\/p>\n<p class=\"wine-highlight\">\uc798 \uc775\uc740 \uacfc\uc77c \ud48d\ubbf8\uc640 \uc2e4\ud0a4\ud55c \uc9c8\uac10, \uc9c0\uc911\ud574 \ud5a5\uc2e0\ub8cc\uc758 \ud130\uce58\ub97c \uac16\ucd98 \uc12c\uc138\ud55c \ubc14\uc774\uc624\ub2e4\uc774\ub0b4\ubbf9 \ub860 \uc640\uc778\uc785\ub2c8\ub2e4.<\/p>\n<hr \/>\n<\/div>\n<div class=\"wine-section\">\n<h3>\ud398\uc5b4\ub9c1<\/h3>\n<p>\uadf8\ub9b4\uc5d0 \uad6c\uc6b4 \uc591\uace0\uae30, \uc624\ub9ac \uac00\uc2b4\uc0b4, \ub77c\ub530\ub69c\uc774 \ub610\ub294 \uc219\uc131 \uce58\uc988\uc640 \uc798 \uc5b4\uc6b8\ub9bd\ub2c8\ub2e4.<\/p>\n<\/div>\n<\/div>\n<p><!-- .vgblk-rw-wrapper --><\/p>","protected":false},"excerpt":{"rendered":"<p class=\"p1\">Duseigneur C\u00f4te du Rh\u00f4ne Villages L\u2019Odyss\u00e9e 2020\uc740 \uc815\uad50\ud558\uace0 \ud45c\ud604\ub825\uc774 \ud48d\ubd80\ud55c \ub808\ub4dc \uc640\uc778\uc73c\ub85c, \ub3c4\uba58 \ub4c0\uc138\ub2c8\uc5d0\ub974\uc758 \ubc14\uc774\uc624\ub2e4\uc774\ub0b4\ubbf9 \ucca0\ud559\uc744 \ubc18\uc601\ud569\ub2c8\ub2e4. \ub85c\ub290 \uac15 \uc624\ub978\ucabd \uae30\uc2ad\uc5d0 \uc704\uce58\ud55c \uc774 \uc640\uc774\ub108\ub9ac\ub294 \ubca0\ub974\ub098\ub974 \ub4c0\uc138\ub2c8\uc5d0\ub974\uac00 \uc774\ub04c\uba70, \uc9c0\uc18d \uac00\ub2a5\ud55c \ud3ec\ub3c4 \uc7ac\ubc30\uc640 \uade0\ud615, \uc6b0\uc544\ud568, \uc9c0\uc5ed \ud2b9\uc0c9\uc744 \uac15\uc870\ud55c \uc640\uc778 \uc0dd\uc0b0\uc5d0 \uc804\ub150\ud558\uace0 \uc788\uc2b5\ub2c8\ub2e4. \uc774 \ud050\ubca0\ub294 \ub85c\ub290\ub97c \ub300\ud45c\ud558\ub294 \ub450 \ud488\uc885\uc778 \uadf8\ub974\ub098\uc288\uc640 \uc2dc\ub77c\ub97c \ube14\ub80c\ub529\ud558\uc5ec \ud48d\ubd80\ud568\uacfc \uad6c\uc870\uac10\uc744 \uc0c1\ud638 \ubcf4\uc644\ud569\ub2c8\ub2e4.<\/p>\n<p class=\"p1\">\ud3ec\ub3c4\ubc2d\uc740 \uc790\uac08\uc774 \ud769\uc5b4\uc9c4 \uc810\ud1a0-\uc11d\ud68c\uc554 \ud1a0\uc591\uc5d0 \uc2ec\uc5b4\uc838 \uc788\uc73c\uba70, \ud48d\ubd80\ud55c \uc9c0\uc911\ud574 \ud587\ube5b\uacfc \ubbf8\uc2a4\ud2b8\ub784 \ubc14\ub78c\uc758 \uc11c\ub298\ud55c \uc601\ud5a5\uc744 \ubc1b\uc2b5\ub2c8\ub2e4. \uc774\ub7ec\ud55c \uc870\uac74 \ub355\ubd84\uc5d0 \ud3ec\ub3c4\ub294 \uc644\uc804\ud788 \uc775\uc73c\uba74\uc11c\ub3c4 \uc2e0\uc120\ud568\uacfc \ud5a5\uc758 \uc12c\uc138\ud568\uc744 \uc720\uc9c0\ud560 \uc218 \uc788\uc2b5\ub2c8\ub2e4. \uc794\uc5d0 \ub530\ub974\uba74 \uc9d9\uc740 \uc11d\ub958\ube5b\uc5d0 \ubcf4\ub77c\uc0c9 \ube5b\uc774 \uac10\ub3d5\ub2c8\ub2e4. \ud5a5\uc740 \ud45c\ud604\ub825\uc774 \ud48d\ubd80\ud558\uba70, \ube14\ub799\uccb4\ub9ac, \uc798 \uc775\uc740 \uc790\ub450, \uac00\ub9ac\uadf8 \ud5c8\ube0c, \uc740\uc740\ud55c \ud5a5\uc2e0\ub8cc\uc758 \uc544\ub85c\ub9c8\uac00 \ub290\uaef4\uc9d1\ub2c8\ub2e4. \ub9db\uc740 \ubd80\ub4dc\ub7fd\uace0 \ud48d\uc131\ud558\uba70, \uc2e4\ud0a4\ud55c \ud0c4\ub2cc\uacfc \uc798 \uc5b4\uc6b0\ub7ec\uc9c4 \uc2e0\uc120\ud568\uc774 \uae38\uace0 \uc6b0\uc544\ud55c \ud53c\ub2c8\uc2dc\ub97c \ub9cc\ub4e4\uc5b4 \uc90d\ub2c8\ub2e4. L\u2019Odyss\u00e9e\ub294 \uad6c\uc6b4 \uc591\uace0\uae30, \uc624\ub9ac \uac00\uc2b4\uc0b4, \ub77c\ud0c0\ud22c\uc774 \ub610\ub294 \uc219\uc131 \uce58\uc988\uc640 \ud6cc\ub96d\ud558\uac8c \uc5b4\uc6b8\ub9ac\uba70, \ub2e4\uc6a9\ub3c4\uc774\uba74\uc11c \uac1c\uc131 \uc788\ub294 \ub860 \ube4c\ub9ac\uc9c0 \uc640\uc778\uc785\ub2c8\ub2e4.<\/p>","protected":false},"featured_media":995128,"comment_status":"open","ping_status":"closed","template":"","meta":[],"product_brand":[],"product_cat":[63,137],"product_tag":[361,156,149],"class_list":{"0":"post-990647","1":"product","2":"type-product","3":"status-publish","4":"has-post-thumbnail","6":"product_cat-red","7":"product_cat-rhone-valley","8":"product_tag-cote-du-rhone","9":"product_tag-grenache","10":"product_tag-syrah","12":"first","13":"instock","14":"shipping-taxable","15":"product-type-simple"},"yoast_head":"<!-- This site is optimized with the Yoast SEO Premium plugin v27.2 (Yoast SEO v27.3) - https:\/\/yoast.com\/product\/yoast-seo-premium-wordpress\/ -->\n<title>Duseigneur C\u00f4te du Rhone Village L&#039;Odyss\u00e9 2020 - Vavin \u9152\u76d2\u5b50<\/title>\n<meta name=\"description\" content=\"\u200bDomaine Duseigneur Odyss\u00e9e is a refined C\u00f4tes-du-Rh\u00f4ne blend of Grenache and Syrah, exhibiting vibrant red fruit, floral notes, and silky tannins.\" \/>\n<meta name=\"robots\" content=\"index, follow, max-snippet:-1, max-image-preview:large, max-video-preview:-1\" \/>\n<link rel=\"canonical\" href=\"https:\/\/vavin.tw\/ko\/product\/cote-du-rhone-village-odysse-domaine-duseigneur-2020\/\" \/>\n<meta property=\"og:locale\" content=\"ko_KR\" \/>\n<meta property=\"og:type\" content=\"article\" \/>\n<meta property=\"og:title\" content=\"Duseigneur C\u00f4te du Rhone Village L&#039;Odyss\u00e9 2020\" \/>\n<meta property=\"og:description\" content=\"\u200bDomaine Duseigneur Odyss\u00e9e is a refined C\u00f4tes-du-Rh\u00f4ne blend of Grenache and Syrah, exhibiting vibrant red fruit, floral notes, and silky tannins.\" \/>\n<meta property=\"og:url\" content=\"https:\/\/vavin.tw\/ko\/product\/cote-du-rhone-village-odysse-domaine-duseigneur-2020\/\" \/>\n<meta property=\"og:site_name\" content=\"Vavin \u9152\u76d2\u5b50\" \/>\n<meta property=\"article:publisher\" content=\"https:\/\/www.facebook.com\/vavintw\" \/>\n<meta property=\"article:modified_time\" content=\"2025-12-31T17:21:47+00:00\" \/>\n<meta property=\"og:image\" content=\"https:\/\/vavin.tw\/wp-content\/uploads\/2023\/04\/Cote-du-Rhone-Village-LOdysse-Domaine-Duseigneur-2020.png\" \/>\n\t<meta property=\"og:image:width\" content=\"400\" \/>\n\t<meta property=\"og:image:height\" content=\"600\" \/>\n\t<meta property=\"og:image:type\" content=\"image\/png\" \/>\n<meta name=\"twitter:card\" content=\"summary_large_image\" \/>\n<meta name=\"twitter:label1\" content=\"\uc608\uc0c1 \ub418\ub294 \ud310\ub3c5 \uc2dc\uac04\" \/>\n\t<meta name=\"twitter:data1\" content=\"1\ubd84\" \/>\n<script type=\"application\/ld+json\" class=\"yoast-schema-graph\">{\"@context\":\"https:\\\/\\\/schema.org\",\"@graph\":[{\"@type\":\"WebPage\",\"@id\":\"https:\\\/\\\/vavin.tw\\\/product\\\/cote-du-rhone-village-odysse-domaine-duseigneur-2020\\\/\",\"url\":\"https:\\\/\\\/vavin.tw\\\/product\\\/cote-du-rhone-village-odysse-domaine-duseigneur-2020\\\/\",\"name\":\"Duseigneur C\u00f4te du Rhone Village L'Odyss\u00e9 2020 - Vavin \u9152\u76d2\u5b50\",\"isPartOf\":{\"@id\":\"https:\\\/\\\/vavin.tw\\\/#website\"},\"primaryImageOfPage\":{\"@id\":\"https:\\\/\\\/vavin.tw\\\/product\\\/cote-du-rhone-village-odysse-domaine-duseigneur-2020\\\/#primaryimage\"},\"image\":{\"@id\":\"https:\\\/\\\/vavin.tw\\\/product\\\/cote-du-rhone-village-odysse-domaine-duseigneur-2020\\\/#primaryimage\"},\"thumbnailUrl\":\"https:\\\/\\\/vavin.tw\\\/wp-content\\\/uploads\\\/2023\\\/04\\\/Cote-du-Rhone-Village-LOdysse-Domaine-Duseigneur-2020.png\",\"datePublished\":\"2023-04-11T09:59:46+00:00\",\"dateModified\":\"2025-12-31T17:21:47+00:00\",\"description\":\"\u200bDomaine Duseigneur Odyss\u00e9e is a refined C\u00f4tes-du-Rh\u00f4ne blend of Grenache and Syrah, exhibiting vibrant red fruit, floral notes, and silky tannins.\",\"breadcrumb\":{\"@id\":\"https:\\\/\\\/vavin.tw\\\/product\\\/cote-du-rhone-village-odysse-domaine-duseigneur-2020\\\/#breadcrumb\"},\"inLanguage\":\"ko-KR\",\"potentialAction\":[{\"@type\":\"ReadAction\",\"target\":[\"https:\\\/\\\/vavin.tw\\\/product\\\/cote-du-rhone-village-odysse-domaine-duseigneur-2020\\\/\"]}]},{\"@type\":\"ImageObject\",\"inLanguage\":\"ko-KR\",\"@id\":\"https:\\\/\\\/vavin.tw\\\/product\\\/cote-du-rhone-village-odysse-domaine-duseigneur-2020\\\/#primaryimage\",\"url\":\"https:\\\/\\\/vavin.tw\\\/wp-content\\\/uploads\\\/2023\\\/04\\\/Cote-du-Rhone-Village-LOdysse-Domaine-Duseigneur-2020.png\",\"contentUrl\":\"https:\\\/\\\/vavin.tw\\\/wp-content\\\/uploads\\\/2023\\\/04\\\/Cote-du-Rhone-Village-LOdysse-Domaine-Duseigneur-2020.png\",\"width\":400,\"height\":600},{\"@type\":\"BreadcrumbList\",\"@id\":\"https:\\\/\\\/vavin.tw\\\/product\\\/cote-du-rhone-village-odysse-domaine-duseigneur-2020\\\/#breadcrumb\",\"itemListElement\":[{\"@type\":\"ListItem\",\"position\":1,\"name\":\"Home\",\"item\":\"https:\\\/\\\/vavin.tw\\\/\"},{\"@type\":\"ListItem\",\"position\":2,\"name\":\"Products\",\"item\":\"https:\\\/\\\/vavin.tw\\\/shop\\\/\"},{\"@type\":\"ListItem\",\"position\":3,\"name\":\"Duseigneur C\u00f4te du Rhone Village L&#8217;Odyss\u00e9 2020\"}]},{\"@type\":\"WebSite\",\"@id\":\"https:\\\/\\\/vavin.tw\\\/#website\",\"url\":\"https:\\\/\\\/vavin.tw\\\/\",\"name\":\"Vavin \u9152\u76d2\u5b50\",\"description\":\"Savor the Art of Wine\",\"publisher\":{\"@id\":\"https:\\\/\\\/vavin.tw\\\/#organization\"},\"potentialAction\":[{\"@type\":\"SearchAction\",\"target\":{\"@type\":\"EntryPoint\",\"urlTemplate\":\"https:\\\/\\\/vavin.tw\\\/?s={search_term_string}\"},\"query-input\":{\"@type\":\"PropertyValueSpecification\",\"valueRequired\":true,\"valueName\":\"search_term_string\"}}],\"inLanguage\":\"ko-KR\"},{\"@type\":\"Organization\",\"@id\":\"https:\\\/\\\/vavin.tw\\\/#organization\",\"name\":\"Vavin \u9152\u76d2\u5b50\",\"url\":\"https:\\\/\\\/vavin.tw\\\/\",\"logo\":{\"@type\":\"ImageObject\",\"inLanguage\":\"ko-KR\",\"@id\":\"https:\\\/\\\/vavin.tw\\\/#\\\/schema\\\/logo\\\/image\\\/\",\"url\":\"https:\\\/\\\/vavin.tw\\\/wp-content\\\/uploads\\\/2023\\\/03\\\/cropped-favicon-violet-v1.png\",\"contentUrl\":\"https:\\\/\\\/vavin.tw\\\/wp-content\\\/uploads\\\/2023\\\/03\\\/cropped-favicon-violet-v1.png\",\"width\":512,\"height\":512,\"caption\":\"Vavin \u9152\u76d2\u5b50\"},\"image\":{\"@id\":\"https:\\\/\\\/vavin.tw\\\/#\\\/schema\\\/logo\\\/image\\\/\"},\"sameAs\":[\"https:\\\/\\\/www.facebook.com\\\/vavintw\",\"https:\\\/\\\/www.instagram.com\\\/vavin_tw\"]}]}<\/script>\n<!-- \/ Yoast SEO Premium plugin. -->","yoast_head_json":{"title":"Duseigneur C\u00f4te du Rhone Village L'Odyss\u00e9 2020 - Vavin \u9152\u76d2\u5b50","description":"\u200bDomaine Duseigneur Odyss\u00e9e is a refined C\u00f4tes-du-Rh\u00f4ne blend of Grenache and Syrah, exhibiting vibrant red fruit, floral notes, and silky tannins.","robots":{"index":"index","follow":"follow","max-snippet":"max-snippet:-1","max-image-preview":"max-image-preview:large","max-video-preview":"max-video-preview:-1"},"canonical":"https:\/\/vavin.tw\/ko\/product\/cote-du-rhone-village-odysse-domaine-duseigneur-2020\/","og_locale":"ko_KR","og_type":"article","og_title":"Duseigneur C\u00f4te du Rhone Village L'Odyss\u00e9 2020","og_description":"\u200bDomaine Duseigneur Odyss\u00e9e is a refined C\u00f4tes-du-Rh\u00f4ne blend of Grenache and Syrah, exhibiting vibrant red fruit, floral notes, and silky tannins.","og_url":"https:\/\/vavin.tw\/ko\/product\/cote-du-rhone-village-odysse-domaine-duseigneur-2020\/","og_site_name":"Vavin \u9152\u76d2\u5b50","article_publisher":"https:\/\/www.facebook.com\/vavintw","article_modified_time":"2025-12-31T17:21:47+00:00","og_image":[{"width":400,"height":600,"url":"https:\/\/vavin.tw\/wp-content\/uploads\/2023\/04\/Cote-du-Rhone-Village-LOdysse-Domaine-Duseigneur-2020.png","type":"image\/png"}],"twitter_card":"summary_large_image","twitter_misc":{"\uc608\uc0c1 \ub418\ub294 \ud310\ub3c5 \uc2dc\uac04":"1\ubd84"},"schema":{"@context":"https:\/\/schema.org","@graph":[{"@type":"WebPage","@id":"https:\/\/vavin.tw\/product\/cote-du-rhone-village-odysse-domaine-duseigneur-2020\/","url":"https:\/\/vavin.tw\/product\/cote-du-rhone-village-odysse-domaine-duseigneur-2020\/","name":"Duseigneur C\u00f4te du Rhone Village L'Odyss\u00e9 2020 - Vavin \u9152\u76d2\u5b50","isPartOf":{"@id":"https:\/\/vavin.tw\/#website"},"primaryImageOfPage":{"@id":"https:\/\/vavin.tw\/product\/cote-du-rhone-village-odysse-domaine-duseigneur-2020\/#primaryimage"},"image":{"@id":"https:\/\/vavin.tw\/product\/cote-du-rhone-village-odysse-domaine-duseigneur-2020\/#primaryimage"},"thumbnailUrl":"https:\/\/vavin.tw\/wp-content\/uploads\/2023\/04\/Cote-du-Rhone-Village-LOdysse-Domaine-Duseigneur-2020.png","datePublished":"2023-04-11T09:59:46+00:00","dateModified":"2025-12-31T17:21:47+00:00","description":"\u200bDomaine Duseigneur Odyss\u00e9e is a refined C\u00f4tes-du-Rh\u00f4ne blend of Grenache and Syrah, exhibiting vibrant red fruit, floral notes, and silky tannins.","breadcrumb":{"@id":"https:\/\/vavin.tw\/product\/cote-du-rhone-village-odysse-domaine-duseigneur-2020\/#breadcrumb"},"inLanguage":"ko-KR","potentialAction":[{"@type":"ReadAction","target":["https:\/\/vavin.tw\/product\/cote-du-rhone-village-odysse-domaine-duseigneur-2020\/"]}]},{"@type":"ImageObject","inLanguage":"ko-KR","@id":"https:\/\/vavin.tw\/product\/cote-du-rhone-village-odysse-domaine-duseigneur-2020\/#primaryimage","url":"https:\/\/vavin.tw\/wp-content\/uploads\/2023\/04\/Cote-du-Rhone-Village-LOdysse-Domaine-Duseigneur-2020.png","contentUrl":"https:\/\/vavin.tw\/wp-content\/uploads\/2023\/04\/Cote-du-Rhone-Village-LOdysse-Domaine-Duseigneur-2020.png","width":400,"height":600},{"@type":"BreadcrumbList","@id":"https:\/\/vavin.tw\/product\/cote-du-rhone-village-odysse-domaine-duseigneur-2020\/#breadcrumb","itemListElement":[{"@type":"ListItem","position":1,"name":"Home","item":"https:\/\/vavin.tw\/"},{"@type":"ListItem","position":2,"name":"Products","item":"https:\/\/vavin.tw\/shop\/"},{"@type":"ListItem","position":3,"name":"Duseigneur C\u00f4te du Rhone Village L&#8217;Odyss\u00e9 2020"}]},{"@type":"WebSite","@id":"https:\/\/vavin.tw\/#website","url":"https:\/\/vavin.tw\/","name":"Vavin","description":"\uc640\uc778\uc758 \uc608\uc220\uc744 \uc74c\ubbf8\ud558\ub2e4","publisher":{"@id":"https:\/\/vavin.tw\/#organization"},"potentialAction":[{"@type":"SearchAction","target":{"@type":"EntryPoint","urlTemplate":"https:\/\/vavin.tw\/?s={search_term_string}"},"query-input":{"@type":"PropertyValueSpecification","valueRequired":true,"valueName":"search_term_string"}}],"inLanguage":"ko-KR"},{"@type":"Organization","@id":"https:\/\/vavin.tw\/#organization","name":"Vavin","url":"https:\/\/vavin.tw\/","logo":{"@type":"ImageObject","inLanguage":"ko-KR","@id":"https:\/\/vavin.tw\/#\/schema\/logo\/image\/","url":"https:\/\/vavin.tw\/wp-content\/uploads\/2023\/03\/cropped-favicon-violet-v1.png","contentUrl":"https:\/\/vavin.tw\/wp-content\/uploads\/2023\/03\/cropped-favicon-violet-v1.png","width":512,"height":512,"caption":"Vavin \u9152\u76d2\u5b50"},"image":{"@id":"https:\/\/vavin.tw\/#\/schema\/logo\/image\/"},"sameAs":["https:\/\/www.facebook.com\/vavintw","https:\/\/www.instagram.com\/vavin_tw"]}]}},"_links":{"self":[{"href":"https:\/\/vavin.tw\/ko\/wp-json\/wp\/v2\/product\/990647","targetHints":{"allow":["GET"]}}],"collection":[{"href":"https:\/\/vavin.tw\/ko\/wp-json\/wp\/v2\/product"}],"about":[{"href":"https:\/\/vavin.tw\/ko\/wp-json\/wp\/v2\/types\/product"}],"replies":[{"embeddable":true,"href":"https:\/\/vavin.tw\/ko\/wp-json\/wp\/v2\/comments?post=990647"}],"version-history":[{"count":1,"href":"https:\/\/vavin.tw\/ko\/wp-json\/wp\/v2\/product\/990647\/revisions"}],"predecessor-version":[{"id":1006310,"href":"https:\/\/vavin.tw\/ko\/wp-json\/wp\/v2\/product\/990647\/revisions\/1006310"}],"wp:featuredmedia":[{"embeddable":true,"href":"https:\/\/vavin.tw\/ko\/wp-json\/wp\/v2\/media\/995128"}],"wp:attachment":[{"href":"https:\/\/vavin.tw\/ko\/wp-json\/wp\/v2\/media?parent=990647"}],"wp:term":[{"taxonomy":"product_brand","embeddable":true,"href":"https:\/\/vavin.tw\/ko\/wp-json\/wp\/v2\/product_brand?post=990647"},{"taxonomy":"product_cat","embeddable":true,"href":"https:\/\/vavin.tw\/ko\/wp-json\/wp\/v2\/product_cat?post=990647"},{"taxonomy":"product_tag","embeddable":true,"href":"https:\/\/vavin.tw\/ko\/wp-json\/wp\/v2\/product_tag?post=990647"}],"curies":[{"name":"wp","href":"https:\/\/api.w.org\/{rel}","templated":true}]}}