{"id":990712,"date":"2023-04-11T18:00:16","date_gmt":"2023-04-11T10:00:16","guid":{"rendered":"https:\/\/v2.vavin.tw\/product\/terrasses-du-larzac-aubert-mathieu-2018\/"},"modified":"2025-04-27T13:57:45","modified_gmt":"2025-04-27T05:57:45","slug":"domaine-de-montcalmes-aop-terrasses-du-larzac-2018","status":"publish","type":"product","link":"https:\/\/vavin.tw\/ko\/product\/domaine-de-montcalmes-aop-terrasses-du-larzac-2018\/","title":{"rendered":"\ub3c4\uba58 \ub4dc \ubabd\uce7c\ub984 \ud14c\ub77c\uc2a4 \ub4a4 \ub77c\ub974\uc791 2018"},"content":{"rendered":"<div class=\"vgblk-rw-wrapper limit-wrapper\">\n<div class=\"wine-info\"><strong>\uc0c9\uc0c1:<\/strong> \ub808\ub4dc \uc640\uc778<br \/>\n<strong>\ub3c4\uc218:<\/strong> 14.5% \uad8c.<br \/>\n<strong>\ud3ec\ub3c4 \ud488\uc885:<\/strong> 60% Syrah, 20% Grenache, 20% Mourv\u00e8dre<br \/>\n<strong>\ubcd1 \uc6a9\ub7c9:<\/strong> 75\ud074<\/div>\n<hr \/>\n<div class=\"wine-section\">\n<h3>\uc640\uc774\ub108\ub9ac \uc5ed\uc0ac<\/h3>\n<p>Founded by Fr\u00e9d\u00e9ric Pourtali\u00e9, **Domaine de Montcalm\u00e8s** is now recognized as one of the leading estates of the Languedoc. Located in Pu\u00e9chabon, near Montpellier, the domaine has been practicing organic farming since 2015, focusing on small yields and respecting the natural balance of the vineyard. This cuv\u00e9e reflects the identity of **Terrasses du Larzac**, combining power, elegance, and Mediterranean character.<\/p>\n<hr \/>\n<\/div>\n<div class=\"wine-section\">\n<h3>\ub5bc\ub8e8\uc544<\/h3>\n<p>The vines are planted on clay-limestone slopes with a stony surface that retains heat and promotes good drainage. Benefiting from large temperature differences between day and night, the grapes achieve slow and balanced ripening, enhancing aromatic purity, freshness, and structure.<\/p>\n<hr \/>\n<\/div>\n<div class=\"wine-section\">\n<h3>\ud14c\uc774\uc2a4\ud305 \ub178\ud2b8<\/h3>\n<p>Deep ruby color. The nose reveals intense aromas of black fruits, plum, licorice, and Mediterranean herbs (garrigue), complemented by floral notes of violet and hints of sweet spices. On the palate, the wine is rich and silky, with polished tannins, bright acidity, and a long, mineral-driven finish.<\/p>\n<p class=\"wine-highlight\">A powerful yet elegant Terrasses du Larzac \u2014 offering aromatic depth, freshness, and superb balance with excellent aging potential.<\/p>\n<hr \/>\n<\/div>\n<div class=\"wine-section\">\n<h3>\ud398\uc5b4\ub9c1<\/h3>\n<p>Ideal with roasted lamb, grilled ribeye, duck breast, or Mediterranean dishes featuring herbs and olive oil.<\/p>\n<\/div>\n<\/div>\n<p><!-- .vgblk-rw-wrapper --><\/p>","protected":false},"excerpt":{"rendered":"<p>Color: Red Alcohol: 14.5% vol. Grape Variety: 60% Syrah, 20% Grenache, 20% Mourv\u00e8dre Bottle Size: 75 cl Estate History Founded by Fr\u00e9d\u00e9ric Pourtali\u00e9, **Domaine de Montcalm\u00e8s** is now recognized as one of the leading estates of the Languedoc. Located in Pu\u00e9chabon, near Montpellier, the domaine has been practicing organic farming since 2015, focusing on small&#8230;<\/p>","protected":false},"featured_media":994677,"comment_status":"open","ping_status":"closed","template":"","meta":[],"product_brand":[],"product_cat":[138,63],"product_tag":[156,174,149,298],"class_list":{"0":"post-990712","1":"product","2":"type-product","3":"status-publish","4":"has-post-thumbnail","6":"product_cat-languedoc","7":"product_cat-red","8":"product_tag-grenache","9":"product_tag-mourvedre","10":"product_tag-syrah","11":"product_tag-terrasses-du-larzac","13":"first","14":"instock","15":"shipping-taxable","16":"product-type-simple"},"yoast_head":"<!-- This site is optimized with the Yoast SEO Premium plugin v27.2 (Yoast SEO v27.3) - https:\/\/yoast.com\/product\/yoast-seo-premium-wordpress\/ -->\n<title>Domaine de Montcalm\u00e8s Terrasses du Larzac 2018 - Vavin \u9152\u76d2\u5b50<\/title>\n<meta name=\"description\" content=\"Domaine de Montcalm\u00e8s Terrasses du Larzac 2018 \u2014 a powerful yet elegant Languedoc red with black fruits, licorice, garrigue, and spice notes. Silky tannins, fresh acidity, and long finish. Perfect with lamb, duck, or Mediterranean cuisine.\" \/>\n<meta name=\"robots\" content=\"index, follow, max-snippet:-1, max-image-preview:large, max-video-preview:-1\" \/>\n<link rel=\"canonical\" href=\"https:\/\/vavin.tw\/ko\/product\/domaine-de-montcalmes-aop-terrasses-du-larzac-2018\/\" \/>\n<meta property=\"og:locale\" content=\"ko_KR\" \/>\n<meta property=\"og:type\" content=\"article\" \/>\n<meta property=\"og:title\" content=\"Domaine de Montcalm\u00e8s Terrasses du Larzac 2018\" \/>\n<meta property=\"og:description\" content=\"Domaine de Montcalm\u00e8s Terrasses du Larzac 2018 \u2014 a powerful yet elegant Languedoc red with black fruits, licorice, garrigue, and spice notes. Silky tannins, fresh acidity, and long finish. Perfect with lamb, duck, or Mediterranean cuisine.\" \/>\n<meta property=\"og:url\" content=\"https:\/\/vavin.tw\/ko\/product\/domaine-de-montcalmes-aop-terrasses-du-larzac-2018\/\" \/>\n<meta property=\"og:site_name\" content=\"Vavin \u9152\u76d2\u5b50\" \/>\n<meta property=\"article:publisher\" content=\"https:\/\/www.facebook.com\/vavintw\" \/>\n<meta property=\"article:modified_time\" content=\"2025-04-27T05:57:45+00:00\" \/>\n<meta property=\"og:image\" content=\"https:\/\/vavin.tw\/wp-content\/uploads\/2023\/04\/montcalmes.png\" \/>\n\t<meta property=\"og:image:width\" content=\"400\" \/>\n\t<meta property=\"og:image:height\" content=\"600\" \/>\n\t<meta property=\"og:image:type\" content=\"image\/png\" \/>\n<meta name=\"twitter:card\" content=\"summary_large_image\" \/>\n<meta name=\"twitter:label1\" content=\"\uc608\uc0c1 \ub418\ub294 \ud310\ub3c5 \uc2dc\uac04\" \/>\n\t<meta name=\"twitter:data1\" content=\"2\ubd84\" \/>\n<script type=\"application\/ld+json\" class=\"yoast-schema-graph\">{\"@context\":\"https:\\\/\\\/schema.org\",\"@graph\":[{\"@type\":\"WebPage\",\"@id\":\"https:\\\/\\\/vavin.tw\\\/product\\\/domaine-de-montcalmes-aop-terrasses-du-larzac-2018\\\/\",\"url\":\"https:\\\/\\\/vavin.tw\\\/product\\\/domaine-de-montcalmes-aop-terrasses-du-larzac-2018\\\/\",\"name\":\"Domaine de Montcalm\u00e8s Terrasses du Larzac 2018 - Vavin \u9152\u76d2\u5b50\",\"isPartOf\":{\"@id\":\"https:\\\/\\\/vavin.tw\\\/#website\"},\"primaryImageOfPage\":{\"@id\":\"https:\\\/\\\/vavin.tw\\\/product\\\/domaine-de-montcalmes-aop-terrasses-du-larzac-2018\\\/#primaryimage\"},\"image\":{\"@id\":\"https:\\\/\\\/vavin.tw\\\/product\\\/domaine-de-montcalmes-aop-terrasses-du-larzac-2018\\\/#primaryimage\"},\"thumbnailUrl\":\"https:\\\/\\\/vavin.tw\\\/wp-content\\\/uploads\\\/2023\\\/04\\\/montcalmes.png\",\"datePublished\":\"2023-04-11T10:00:16+00:00\",\"dateModified\":\"2025-04-27T05:57:45+00:00\",\"description\":\"Domaine de Montcalm\u00e8s Terrasses du Larzac 2018 \u2014 a powerful yet elegant Languedoc red with black fruits, licorice, garrigue, and spice notes. Silky tannins, fresh acidity, and long finish. Perfect with lamb, duck, or Mediterranean cuisine.\",\"breadcrumb\":{\"@id\":\"https:\\\/\\\/vavin.tw\\\/product\\\/domaine-de-montcalmes-aop-terrasses-du-larzac-2018\\\/#breadcrumb\"},\"inLanguage\":\"ko-KR\",\"potentialAction\":[{\"@type\":\"ReadAction\",\"target\":[\"https:\\\/\\\/vavin.tw\\\/product\\\/domaine-de-montcalmes-aop-terrasses-du-larzac-2018\\\/\"]}]},{\"@type\":\"ImageObject\",\"inLanguage\":\"ko-KR\",\"@id\":\"https:\\\/\\\/vavin.tw\\\/product\\\/domaine-de-montcalmes-aop-terrasses-du-larzac-2018\\\/#primaryimage\",\"url\":\"https:\\\/\\\/vavin.tw\\\/wp-content\\\/uploads\\\/2023\\\/04\\\/montcalmes.png\",\"contentUrl\":\"https:\\\/\\\/vavin.tw\\\/wp-content\\\/uploads\\\/2023\\\/04\\\/montcalmes.png\",\"width\":400,\"height\":600},{\"@type\":\"BreadcrumbList\",\"@id\":\"https:\\\/\\\/vavin.tw\\\/product\\\/domaine-de-montcalmes-aop-terrasses-du-larzac-2018\\\/#breadcrumb\",\"itemListElement\":[{\"@type\":\"ListItem\",\"position\":1,\"name\":\"Home\",\"item\":\"https:\\\/\\\/vavin.tw\\\/\"},{\"@type\":\"ListItem\",\"position\":2,\"name\":\"Products\",\"item\":\"https:\\\/\\\/vavin.tw\\\/shop\\\/\"},{\"@type\":\"ListItem\",\"position\":3,\"name\":\"Domaine de Montcalm\u00e8s Terrasses du Larzac 2018\"}]},{\"@type\":\"WebSite\",\"@id\":\"https:\\\/\\\/vavin.tw\\\/#website\",\"url\":\"https:\\\/\\\/vavin.tw\\\/\",\"name\":\"Vavin \u9152\u76d2\u5b50\",\"description\":\"Savor the Art of Wine\",\"publisher\":{\"@id\":\"https:\\\/\\\/vavin.tw\\\/#organization\"},\"potentialAction\":[{\"@type\":\"SearchAction\",\"target\":{\"@type\":\"EntryPoint\",\"urlTemplate\":\"https:\\\/\\\/vavin.tw\\\/?s={search_term_string}\"},\"query-input\":{\"@type\":\"PropertyValueSpecification\",\"valueRequired\":true,\"valueName\":\"search_term_string\"}}],\"inLanguage\":\"ko-KR\"},{\"@type\":\"Organization\",\"@id\":\"https:\\\/\\\/vavin.tw\\\/#organization\",\"name\":\"Vavin \u9152\u76d2\u5b50\",\"url\":\"https:\\\/\\\/vavin.tw\\\/\",\"logo\":{\"@type\":\"ImageObject\",\"inLanguage\":\"ko-KR\",\"@id\":\"https:\\\/\\\/vavin.tw\\\/#\\\/schema\\\/logo\\\/image\\\/\",\"url\":\"https:\\\/\\\/vavin.tw\\\/wp-content\\\/uploads\\\/2023\\\/03\\\/cropped-favicon-violet-v1.png\",\"contentUrl\":\"https:\\\/\\\/vavin.tw\\\/wp-content\\\/uploads\\\/2023\\\/03\\\/cropped-favicon-violet-v1.png\",\"width\":512,\"height\":512,\"caption\":\"Vavin \u9152\u76d2\u5b50\"},\"image\":{\"@id\":\"https:\\\/\\\/vavin.tw\\\/#\\\/schema\\\/logo\\\/image\\\/\"},\"sameAs\":[\"https:\\\/\\\/www.facebook.com\\\/vavintw\",\"https:\\\/\\\/www.instagram.com\\\/vavin_tw\"]}]}<\/script>\n<!-- \/ Yoast SEO Premium plugin. -->","yoast_head_json":{"title":"Domaine de Montcalm\u00e8s Terrasses du Larzac 2018 - Vavin \u9152\u76d2\u5b50","description":"Domaine de Montcalm\u00e8s Terrasses du Larzac 2018 \u2014 a powerful yet elegant Languedoc red with black fruits, licorice, garrigue, and spice notes. Silky tannins, fresh acidity, and long finish. Perfect with lamb, duck, or Mediterranean cuisine.","robots":{"index":"index","follow":"follow","max-snippet":"max-snippet:-1","max-image-preview":"max-image-preview:large","max-video-preview":"max-video-preview:-1"},"canonical":"https:\/\/vavin.tw\/ko\/product\/domaine-de-montcalmes-aop-terrasses-du-larzac-2018\/","og_locale":"ko_KR","og_type":"article","og_title":"Domaine de Montcalm\u00e8s Terrasses du Larzac 2018","og_description":"Domaine de Montcalm\u00e8s Terrasses du Larzac 2018 \u2014 a powerful yet elegant Languedoc red with black fruits, licorice, garrigue, and spice notes. Silky tannins, fresh acidity, and long finish. Perfect with lamb, duck, or Mediterranean cuisine.","og_url":"https:\/\/vavin.tw\/ko\/product\/domaine-de-montcalmes-aop-terrasses-du-larzac-2018\/","og_site_name":"Vavin \u9152\u76d2\u5b50","article_publisher":"https:\/\/www.facebook.com\/vavintw","article_modified_time":"2025-04-27T05:57:45+00:00","og_image":[{"width":400,"height":600,"url":"https:\/\/vavin.tw\/wp-content\/uploads\/2023\/04\/montcalmes.png","type":"image\/png"}],"twitter_card":"summary_large_image","twitter_misc":{"\uc608\uc0c1 \ub418\ub294 \ud310\ub3c5 \uc2dc\uac04":"2\ubd84"},"schema":{"@context":"https:\/\/schema.org","@graph":[{"@type":"WebPage","@id":"https:\/\/vavin.tw\/product\/domaine-de-montcalmes-aop-terrasses-du-larzac-2018\/","url":"https:\/\/vavin.tw\/product\/domaine-de-montcalmes-aop-terrasses-du-larzac-2018\/","name":"Domaine de Montcalm\u00e8s Terrasses du Larzac 2018 - Vavin \u9152\u76d2\u5b50","isPartOf":{"@id":"https:\/\/vavin.tw\/#website"},"primaryImageOfPage":{"@id":"https:\/\/vavin.tw\/product\/domaine-de-montcalmes-aop-terrasses-du-larzac-2018\/#primaryimage"},"image":{"@id":"https:\/\/vavin.tw\/product\/domaine-de-montcalmes-aop-terrasses-du-larzac-2018\/#primaryimage"},"thumbnailUrl":"https:\/\/vavin.tw\/wp-content\/uploads\/2023\/04\/montcalmes.png","datePublished":"2023-04-11T10:00:16+00:00","dateModified":"2025-04-27T05:57:45+00:00","description":"Domaine de Montcalm\u00e8s Terrasses du Larzac 2018 \u2014 a powerful yet elegant Languedoc red with black fruits, licorice, garrigue, and spice notes. Silky tannins, fresh acidity, and long finish. Perfect with lamb, duck, or Mediterranean cuisine.","breadcrumb":{"@id":"https:\/\/vavin.tw\/product\/domaine-de-montcalmes-aop-terrasses-du-larzac-2018\/#breadcrumb"},"inLanguage":"ko-KR","potentialAction":[{"@type":"ReadAction","target":["https:\/\/vavin.tw\/product\/domaine-de-montcalmes-aop-terrasses-du-larzac-2018\/"]}]},{"@type":"ImageObject","inLanguage":"ko-KR","@id":"https:\/\/vavin.tw\/product\/domaine-de-montcalmes-aop-terrasses-du-larzac-2018\/#primaryimage","url":"https:\/\/vavin.tw\/wp-content\/uploads\/2023\/04\/montcalmes.png","contentUrl":"https:\/\/vavin.tw\/wp-content\/uploads\/2023\/04\/montcalmes.png","width":400,"height":600},{"@type":"BreadcrumbList","@id":"https:\/\/vavin.tw\/product\/domaine-de-montcalmes-aop-terrasses-du-larzac-2018\/#breadcrumb","itemListElement":[{"@type":"ListItem","position":1,"name":"Home","item":"https:\/\/vavin.tw\/"},{"@type":"ListItem","position":2,"name":"Products","item":"https:\/\/vavin.tw\/shop\/"},{"@type":"ListItem","position":3,"name":"Domaine de Montcalm\u00e8s Terrasses du Larzac 2018"}]},{"@type":"WebSite","@id":"https:\/\/vavin.tw\/#website","url":"https:\/\/vavin.tw\/","name":"Vavin","description":"\uc640\uc778\uc758 \uc608\uc220\uc744 \uc74c\ubbf8\ud558\ub2e4","publisher":{"@id":"https:\/\/vavin.tw\/#organization"},"potentialAction":[{"@type":"SearchAction","target":{"@type":"EntryPoint","urlTemplate":"https:\/\/vavin.tw\/?s={search_term_string}"},"query-input":{"@type":"PropertyValueSpecification","valueRequired":true,"valueName":"search_term_string"}}],"inLanguage":"ko-KR"},{"@type":"Organization","@id":"https:\/\/vavin.tw\/#organization","name":"Vavin","url":"https:\/\/vavin.tw\/","logo":{"@type":"ImageObject","inLanguage":"ko-KR","@id":"https:\/\/vavin.tw\/#\/schema\/logo\/image\/","url":"https:\/\/vavin.tw\/wp-content\/uploads\/2023\/03\/cropped-favicon-violet-v1.png","contentUrl":"https:\/\/vavin.tw\/wp-content\/uploads\/2023\/03\/cropped-favicon-violet-v1.png","width":512,"height":512,"caption":"Vavin \u9152\u76d2\u5b50"},"image":{"@id":"https:\/\/vavin.tw\/#\/schema\/logo\/image\/"},"sameAs":["https:\/\/www.facebook.com\/vavintw","https:\/\/www.instagram.com\/vavin_tw"]}]}},"_links":{"self":[{"href":"https:\/\/vavin.tw\/ko\/wp-json\/wp\/v2\/product\/990712","targetHints":{"allow":["GET"]}}],"collection":[{"href":"https:\/\/vavin.tw\/ko\/wp-json\/wp\/v2\/product"}],"about":[{"href":"https:\/\/vavin.tw\/ko\/wp-json\/wp\/v2\/types\/product"}],"replies":[{"embeddable":true,"href":"https:\/\/vavin.tw\/ko\/wp-json\/wp\/v2\/comments?post=990712"}],"version-history":[{"count":0,"href":"https:\/\/vavin.tw\/ko\/wp-json\/wp\/v2\/product\/990712\/revisions"}],"wp:featuredmedia":[{"embeddable":true,"href":"https:\/\/vavin.tw\/ko\/wp-json\/wp\/v2\/media\/994677"}],"wp:attachment":[{"href":"https:\/\/vavin.tw\/ko\/wp-json\/wp\/v2\/media?parent=990712"}],"wp:term":[{"taxonomy":"product_brand","embeddable":true,"href":"https:\/\/vavin.tw\/ko\/wp-json\/wp\/v2\/product_brand?post=990712"},{"taxonomy":"product_cat","embeddable":true,"href":"https:\/\/vavin.tw\/ko\/wp-json\/wp\/v2\/product_cat?post=990712"},{"taxonomy":"product_tag","embeddable":true,"href":"https:\/\/vavin.tw\/ko\/wp-json\/wp\/v2\/product_tag?post=990712"}],"curies":[{"name":"wp","href":"https:\/\/api.w.org\/{rel}","templated":true}]}}