{"id":990787,"date":"2023-04-11T18:00:54","date_gmt":"2023-04-11T10:00:54","guid":{"rendered":"https:\/\/v2.vavin.tw\/product\/champagne-blanc-de-blancs-frerejean-freres\/"},"modified":"2025-04-27T01:26:37","modified_gmt":"2025-04-26T17:26:37","slug":"%ed%94%84%eb%a0%88%eb%a5%b4%ec%9e%a5-%ed%94%84%eb%a0%88%eb%a5%b4-%eb%b8%94%eb%9e%91-%eb%93%9c-%eb%b8%94%eb%9e%91-%eb%b8%8c%eb%a4%bc-%ec%83%b9%ed%8c%8c%eb%89%b4-%ed%94%84%eb%a6%ac%eb%af%b8%ec%97%90","status":"publish","type":"product","link":"https:\/\/vavin.tw\/ko\/product\/frerejean-freres-blanc-de-blancs-brut-champagne-premier-cru\/","title":{"rendered":"\ud504\ub808\ub974\uc7a5 \ud504\ub808\ub974 \ube14\ub791 \ub4dc \ube14\ub791 \ube0c\ub93c \uc0f4\ud398\uc778 \ud504\ub9ac\ubbf8\uc5d0 \ud06c\ub93c"},"content":{"rendered":"<div class=\"vgblk-rw-wrapper limit-wrapper\">\n<div class=\"wine-info\"><strong>\uc0c9\uc0c1:<\/strong> \uc2a4\ud30c\ud074\ub9c1 \ud654\uc774\ud2b8 (\uc0f4\ud398\uc778)<br \/>\n<strong>\ub3c4\uc218:<\/strong> 12% \uad8c.<br \/>\n<strong>\ud3ec\ub3c4 \ud488\uc885:<\/strong> \uc0e4\ub974\ub3c4\ub124 100%<br \/>\n<strong>\ubcd1 \uc6a9\ub7c9:<\/strong> 75\ud074<\/div>\n<hr \/>\n<div class=\"wine-section\">\n<h3>\uc640\uc774\ub108\ub9ac \uc5ed\uc0ac<\/h3>\n<p>\ud504\ub808\ub974\uc7a5 \ud504\ub808\ub974\ub294 \ud504\ub9ac\ubbf8\uc5d0 \ubc0f \uadf8\ub791 \ud06c\ub93c \ud3ec\ub3c4\ubc2d\uc5d0\uc11c \uc18c\uaddc\ubaa8 \uc7a5\uc778 \uc0dd\uc0b0\uc5d0 \uc8fc\ub825\ud558\ub294 \uac00\uc871 \uc18c\uc720 \uc0f4\ud398\uc778 \ud558\uc6b0\uc2a4\uc785\ub2c8\ub2e4. \uc804\ud1b5, \uae34 \uc219\uc131, \uc815\ubc00\ud568\uc744 \uacb0\ud569\ud558\uc5ec, \uc774 \uc640\uc774\ub108\ub9ac\ub294 \ud14c\ub8e8\uc544\uc758 \uc21c\uc218\ud568\uc744 \uac15\uc870\ud558\ub294 \uc6b0\uc544\ud55c \ub00c\ubca0\ub97c \ub9cc\ub4ed\ub2c8\ub2e4. **\ube14\ub791 \ub4dc \ube14\ub791 \ube0c\ub93c \ud504\ub9ac\ubbf8\uc5d0 \ud06c\ub93c**\ub294 \uc0e4\ub974\ub3c4\ub124\ub9cc\uc73c\ub85c \ub9cc\ub4e4\uc5b4\uc84c\uc73c\uba70, \uc12c\uc138\ud568, \ubbf8\ub124\ub784\ub9ac\ud2f0, \uc0dd\uae30 \ub118\uce58\ub294 \uc2e0\uc120\ud568\uc744 \uc81c\uacf5\ud558\uba70, \uaf2c\ub728 \ub370 \ube14\ub791\uc758 \uc9c4\uc815\ud55c \ud45c\ud604\uc785\ub2c8\ub2e4.<\/p>\n<hr \/>\n<\/div>\n<div class=\"wine-section\">\n<h3>\ub5bc\ub8e8\uc544<\/h3>\n<p>\uc8fc\uc694 \uc0b0\uc9c0\ub294 \uaf2c\ub728 \ub370 \ube14\ub791\uc758 \ud504\ub9ac\ubbf8\uc5d0 \ud06c\ub93c \ub4f1\uae09 \ud3ec\ub3c4\ubc2d\uc5d0\uc11c \uacf5\uae09\ub418\uba70, \uc11d\ud68c\uc9c8 \ud1a0\uc591\uc740 \uc0e4\ub974\ub3c4\ub124 \ud2b9\uc720\uc758 \ubbf8\ub124\ub784\ub9ac\ud2f0\uc640 \ud150\uc158\uc744 \ubd80\uc5ec\ud569\ub2c8\ub2e4. \uc11c\ub298\ud55c \uc0f9\ud30c\ub274 \uae30\ud6c4\ub294 \ub290\ub9b0 \uc219\uc131\uc744 \ubcf4\uc7a5\ud558\uc5ec \uc0b0\ub3c4\uc640 \uc544\ub85c\ub9c8\uc758 \uc815\uad50\ud568\uc744 \ud5a5\uc0c1\uc2dc\ud0b5\ub2c8\ub2e4.<\/p>\n<hr \/>\n<\/div>\n<div class=\"wine-section\">\n<h3>\ud14c\uc774\uc2a4\ud305 \ub178\ud2b8<\/h3>\n<p>\ubc1d\uc740 \ud669\uae08\ube5b \uc0c9\uc0c1\uc5d0 \uc12c\uc138\ud558\uace0 \uc9c0\uc18d\uc801\uc778 \uae30\ud3ec\uac00 \uc788\uc2b5\ub2c8\ub2e4. \ucf54\uc5d0\uc11c\ub294 \ud770 \uaf43, \ub808\ubaac \uaecd\uc9c8, \uccad\uc0ac\uacfc, \uadf8\ub9ac\uace0 \uc57d\uac04\uc758 \uc544\ubaac\ub4dc\uc640 \ube0c\ub9ac\uc624\uc288 \ud5a5\uc774 \uc2e0\uc120\ud558\uace0 \uc6b0\uc544\ud558\uac8c \ub4dc\ub7ec\ub0a9\ub2c8\ub2e4. \uc785\uc548\uc5d0\uc11c\ub294 \uc640\uc778\uc774 \uc0c1\ud07c\ud558\uace0 \uade0\ud615\uc774 \uc798 \uc7a1\ud600 \uc788\uc73c\uba70, \ud65c\uae30\ucc2c \uc0b0\ub3c4, \ud06c\ub9ac\ubbf8\ud55c \uc9c8\uac10, \uadf8\ub9ac\uace0 \uae38\uace0 \ubbf8\ub124\ub784\ud558\uba70 \uc0c1\ucf8c\ud55c \ud53c\ub2c8\uc26c\ub97c \uc120\uc0ac\ud569\ub2c8\ub2e4.<\/p>\n<p class=\"wine-highlight\">\uc815\uc81c\ub41c \ube14\ub791 \ub4dc \ube14\ub791 \uc0f4\ud398\uc778 \u2014 \uc21c\uc218\ud558\uace0 \uc6b0\uc544\ud558\uba70 \uc0dd\uae30 \ub118\uce58\uba70, \ud504\ub9ac\ubbf8\uc5d0 \ud06c\ub93c \uc0e4\ub974\ub3c4\ub124\uc758 \uc12c\uc138\ud568\uacfc \ub6f0\uc5b4\ub09c \uc219\uc131 \uc7a0\uc7ac\ub825\uc744 \ubcf4\uc5ec\uc90d\ub2c8\ub2e4.<\/p>\n<hr \/>\n<\/div>\n<div class=\"wine-section\">\n<h3>\ud398\uc5b4\ub9c1<\/h3>\n<p>\uc2dd\uc804\uc8fc\ub85c \uc644\ubcbd\ud558\uac70\ub098 \uad74, \ud68c, \uad6c\uc6b4 \uc0dd\uc120, \ub78d\uc2a4\ud130 \ub610\ub294 \ucf69\ud14c\uc640 \uac19\uc740 \uc219\uc131 \uce58\uc988\uc640 \uc798 \uc5b4\uc6b8\ub9bd\ub2c8\ub2e4.<\/p>\n<\/div>\n<\/div>\n<p><!-- .vgblk-rw-wrapper --><\/p>","protected":false},"excerpt":{"rendered":"<p>Color: Sparkling White (Champagne) Alcohol: 12% vol. Grape Variety: 100% Chardonnay Bottle Size: 75 cl Estate History Fr\u00e8rejean Fr\u00e8res is a family-owned Champagne house that focuses on small-scale, artisanal production from Premier and Grand Cru vineyards. Combining tradition, long aging, and precision, the estate crafts elegant cuv\u00e9es that highlight the purity of their terroirs. The&#8230;<\/p>","protected":false},"featured_media":993970,"comment_status":"open","ping_status":"closed","template":"","meta":[],"product_brand":[],"product_cat":[94,99],"product_tag":[147],"class_list":{"0":"post-990787","1":"product","2":"type-product","3":"status-publish","4":"has-post-thumbnail","6":"product_cat-champagne","7":"product_cat-sparkling","8":"product_tag-chardonnay","10":"first","11":"instock","12":"shipping-taxable","13":"product-type-simple"},"yoast_head":"<!-- This site is optimized with the Yoast SEO Premium plugin v27.2 (Yoast SEO v27.3) - https:\/\/yoast.com\/product\/yoast-seo-premium-wordpress\/ -->\n<title>Fr\u00e8rejean Fr\u00e8res Blanc de Blancs Brut Champagne Premier Cru - Vavin \u9152\u76d2\u5b50<\/title>\n<meta name=\"description\" content=\"Fr\u00e8rejean Fr\u00e8res Blanc de Blancs Brut Champagne Premier Cru \u2014 an elegant 100% Chardonnay Champagne with lemon, green apple, almond, and brioche notes. Fresh, vibrant, and mineral-driven with fine bubbles. Ideal as an aperitif or with seafood and fine dishes.\" \/>\n<meta name=\"robots\" content=\"index, follow, max-snippet:-1, max-image-preview:large, max-video-preview:-1\" \/>\n<link rel=\"canonical\" href=\"https:\/\/vavin.tw\/ko\/product\/\ud504\ub808\ub974\uc7a5-\ud504\ub808\ub974-\ube14\ub791-\ub4dc-\ube14\ub791-\ube0c\ub93c-\uc0f9\ud30c\ub274-\ud504\ub9ac\ubbf8\uc5d0\/\" \/>\n<meta property=\"og:locale\" content=\"ko_KR\" \/>\n<meta property=\"og:type\" content=\"article\" \/>\n<meta property=\"og:title\" content=\"Fr\u00e8rejean Fr\u00e8res Blanc de Blancs Brut Champagne Premier Cru\" \/>\n<meta property=\"og:description\" content=\"Fr\u00e8rejean Fr\u00e8res Blanc de Blancs Brut Champagne Premier Cru \u2014 an elegant 100% Chardonnay Champagne with lemon, green apple, almond, and brioche notes. Fresh, vibrant, and mineral-driven with fine bubbles. Ideal as an aperitif or with seafood and fine dishes.\" \/>\n<meta property=\"og:url\" content=\"https:\/\/vavin.tw\/ko\/product\/\ud504\ub808\ub974\uc7a5-\ud504\ub808\ub974-\ube14\ub791-\ub4dc-\ube14\ub791-\ube0c\ub93c-\uc0f9\ud30c\ub274-\ud504\ub9ac\ubbf8\uc5d0\/\" \/>\n<meta property=\"og:site_name\" content=\"Vavin \u9152\u76d2\u5b50\" \/>\n<meta property=\"article:publisher\" content=\"https:\/\/www.facebook.com\/vavintw\" \/>\n<meta property=\"article:modified_time\" content=\"2025-04-26T17:26:37+00:00\" \/>\n<meta property=\"og:image\" content=\"https:\/\/vavin.tw\/wp-content\/uploads\/2023\/04\/bdb.png\" \/>\n\t<meta property=\"og:image:width\" content=\"400\" \/>\n\t<meta property=\"og:image:height\" content=\"600\" \/>\n\t<meta property=\"og:image:type\" content=\"image\/png\" \/>\n<meta name=\"twitter:card\" content=\"summary_large_image\" \/>\n<meta name=\"twitter:label1\" content=\"\uc608\uc0c1 \ub418\ub294 \ud310\ub3c5 \uc2dc\uac04\" \/>\n\t<meta name=\"twitter:data1\" content=\"2\ubd84\" \/>\n<script type=\"application\/ld+json\" class=\"yoast-schema-graph\">{\"@context\":\"https:\\\/\\\/schema.org\",\"@graph\":[{\"@type\":\"WebPage\",\"@id\":\"https:\\\/\\\/vavin.tw\\\/product\\\/frerejean-freres-blanc-de-blancs-brut-champagne-premier-cru\\\/\",\"url\":\"https:\\\/\\\/vavin.tw\\\/product\\\/frerejean-freres-blanc-de-blancs-brut-champagne-premier-cru\\\/\",\"name\":\"Fr\u00e8rejean Fr\u00e8res Blanc de Blancs Brut Champagne Premier Cru - Vavin \u9152\u76d2\u5b50\",\"isPartOf\":{\"@id\":\"https:\\\/\\\/vavin.tw\\\/#website\"},\"primaryImageOfPage\":{\"@id\":\"https:\\\/\\\/vavin.tw\\\/product\\\/frerejean-freres-blanc-de-blancs-brut-champagne-premier-cru\\\/#primaryimage\"},\"image\":{\"@id\":\"https:\\\/\\\/vavin.tw\\\/product\\\/frerejean-freres-blanc-de-blancs-brut-champagne-premier-cru\\\/#primaryimage\"},\"thumbnailUrl\":\"https:\\\/\\\/vavin.tw\\\/wp-content\\\/uploads\\\/2023\\\/04\\\/bdb.png\",\"datePublished\":\"2023-04-11T10:00:54+00:00\",\"dateModified\":\"2025-04-26T17:26:37+00:00\",\"description\":\"Fr\u00e8rejean Fr\u00e8res Blanc de Blancs Brut Champagne Premier Cru \u2014 an elegant 100% Chardonnay Champagne with lemon, green apple, almond, and brioche notes. Fresh, vibrant, and mineral-driven with fine bubbles. Ideal as an aperitif or with seafood and fine dishes.\",\"breadcrumb\":{\"@id\":\"https:\\\/\\\/vavin.tw\\\/product\\\/frerejean-freres-blanc-de-blancs-brut-champagne-premier-cru\\\/#breadcrumb\"},\"inLanguage\":\"ko-KR\",\"potentialAction\":[{\"@type\":\"ReadAction\",\"target\":[\"https:\\\/\\\/vavin.tw\\\/product\\\/frerejean-freres-blanc-de-blancs-brut-champagne-premier-cru\\\/\"]}]},{\"@type\":\"ImageObject\",\"inLanguage\":\"ko-KR\",\"@id\":\"https:\\\/\\\/vavin.tw\\\/product\\\/frerejean-freres-blanc-de-blancs-brut-champagne-premier-cru\\\/#primaryimage\",\"url\":\"https:\\\/\\\/vavin.tw\\\/wp-content\\\/uploads\\\/2023\\\/04\\\/bdb.png\",\"contentUrl\":\"https:\\\/\\\/vavin.tw\\\/wp-content\\\/uploads\\\/2023\\\/04\\\/bdb.png\",\"width\":400,\"height\":600},{\"@type\":\"BreadcrumbList\",\"@id\":\"https:\\\/\\\/vavin.tw\\\/product\\\/frerejean-freres-blanc-de-blancs-brut-champagne-premier-cru\\\/#breadcrumb\",\"itemListElement\":[{\"@type\":\"ListItem\",\"position\":1,\"name\":\"Home\",\"item\":\"https:\\\/\\\/vavin.tw\\\/\"},{\"@type\":\"ListItem\",\"position\":2,\"name\":\"Products\",\"item\":\"https:\\\/\\\/vavin.tw\\\/shop\\\/\"},{\"@type\":\"ListItem\",\"position\":3,\"name\":\"Fr\u00e8rejean Fr\u00e8res Blanc de Blancs Brut Champagne Premier Cru\"}]},{\"@type\":\"WebSite\",\"@id\":\"https:\\\/\\\/vavin.tw\\\/#website\",\"url\":\"https:\\\/\\\/vavin.tw\\\/\",\"name\":\"Vavin \u9152\u76d2\u5b50\",\"description\":\"Savor the Art of Wine\",\"publisher\":{\"@id\":\"https:\\\/\\\/vavin.tw\\\/#organization\"},\"potentialAction\":[{\"@type\":\"SearchAction\",\"target\":{\"@type\":\"EntryPoint\",\"urlTemplate\":\"https:\\\/\\\/vavin.tw\\\/?s={search_term_string}\"},\"query-input\":{\"@type\":\"PropertyValueSpecification\",\"valueRequired\":true,\"valueName\":\"search_term_string\"}}],\"inLanguage\":\"ko-KR\"},{\"@type\":\"Organization\",\"@id\":\"https:\\\/\\\/vavin.tw\\\/#organization\",\"name\":\"Vavin \u9152\u76d2\u5b50\",\"url\":\"https:\\\/\\\/vavin.tw\\\/\",\"logo\":{\"@type\":\"ImageObject\",\"inLanguage\":\"ko-KR\",\"@id\":\"https:\\\/\\\/vavin.tw\\\/#\\\/schema\\\/logo\\\/image\\\/\",\"url\":\"https:\\\/\\\/vavin.tw\\\/wp-content\\\/uploads\\\/2023\\\/03\\\/cropped-favicon-violet-v1.png\",\"contentUrl\":\"https:\\\/\\\/vavin.tw\\\/wp-content\\\/uploads\\\/2023\\\/03\\\/cropped-favicon-violet-v1.png\",\"width\":512,\"height\":512,\"caption\":\"Vavin \u9152\u76d2\u5b50\"},\"image\":{\"@id\":\"https:\\\/\\\/vavin.tw\\\/#\\\/schema\\\/logo\\\/image\\\/\"},\"sameAs\":[\"https:\\\/\\\/www.facebook.com\\\/vavintw\",\"https:\\\/\\\/www.instagram.com\\\/vavin_tw\"]}]}<\/script>\n<!-- \/ Yoast SEO Premium plugin. -->","yoast_head_json":{"title":"\ube0c\ub77c\uc7a5 \ube0c\ub77c\uc988 \ube14\ub791 \ub4dc \ube14\ub791 \ube0c\ub93c \uc0f4\ud398\uc778 \ud504\ub9ac\ubbf8\uc5d0 \ud06c\ub93c - \ubc14\ubc45 \uc8fc\ud638\uccb4","description":"\ud504\ub808\ub974\uc7a5 \ud504\ub808\ub974 \ube14\ub791 \ub4dc \ube14\ub791 \ube0c\ub93c \uc0f4\ud398\uc778 \ud504\ub9ac\ubbf8\uc5d0 \ud06c\ub93c \u2014 \ub808\ubaac, \uccad\uc0ac\uacfc, \uc544\ubaac\ub4dc, \ube0c\ub9ac\uc624\uc288 \ud5a5\uc774 \ub098\ub294 \uc6b0\uc544\ud55c 100%% \uc0e4\ub974\ub3c4\ub124 \uc0f4\ud398\uc778\uc785\ub2c8\ub2e4. \uc2e0\uc120\ud558\uace0 \uc0dd\uae30 \ub118\uce58\uba70 \ubbf8\ub124\ub784 \ud48d\ubbf8\uac00 \ud48d\ubd80\ud558\uace0 \uae30\ud3ec\uac00 \uacf1\uc2b5\ub2c8\ub2e4. \uc544\ud398\ub9ac\ud2f0\ud504\ub85c\ub098 \ud574\uc0b0\ubb3c, \uace0\uae09 \uc694\ub9ac\uc640 \uc798 \uc5b4\uc6b8\ub9bd\ub2c8\ub2e4.","robots":{"index":"index","follow":"follow","max-snippet":"max-snippet:-1","max-image-preview":"max-image-preview:large","max-video-preview":"max-video-preview:-1"},"canonical":"https:\/\/vavin.tw\/ko\/product\/\ud504\ub808\ub974\uc7a5-\ud504\ub808\ub974-\ube14\ub791-\ub4dc-\ube14\ub791-\ube0c\ub93c-\uc0f9\ud30c\ub274-\ud504\ub9ac\ubbf8\uc5d0\/","og_locale":"ko_KR","og_type":"article","og_title":"Fr\u00e8rejean Fr\u00e8res Blanc de Blancs Brut Champagne Premier Cru","og_description":"Fr\u00e8rejean Fr\u00e8res Blanc de Blancs Brut Champagne Premier Cru \u2014 an elegant 100% Chardonnay Champagne with lemon, green apple, almond, and brioche notes. Fresh, vibrant, and mineral-driven with fine bubbles. Ideal as an aperitif or with seafood and fine dishes.","og_url":"https:\/\/vavin.tw\/ko\/product\/\ud504\ub808\ub974\uc7a5-\ud504\ub808\ub974-\ube14\ub791-\ub4dc-\ube14\ub791-\ube0c\ub93c-\uc0f9\ud30c\ub274-\ud504\ub9ac\ubbf8\uc5d0\/","og_site_name":"Vavin \u9152\u76d2\u5b50","article_publisher":"https:\/\/www.facebook.com\/vavintw","article_modified_time":"2025-04-26T17:26:37+00:00","og_image":[{"width":400,"height":600,"url":"https:\/\/vavin.tw\/wp-content\/uploads\/2023\/04\/bdb.png","type":"image\/png"}],"twitter_card":"summary_large_image","twitter_misc":{"\uc608\uc0c1 \ub418\ub294 \ud310\ub3c5 \uc2dc\uac04":"2\ubd84"},"schema":{"@context":"https:\/\/schema.org","@graph":[{"@type":"WebPage","@id":"https:\/\/vavin.tw\/product\/frerejean-freres-blanc-de-blancs-brut-champagne-premier-cru\/","url":"https:\/\/vavin.tw\/product\/frerejean-freres-blanc-de-blancs-brut-champagne-premier-cru\/","name":"\ube0c\ub77c\uc7a5 \ube0c\ub77c\uc988 \ube14\ub791 \ub4dc \ube14\ub791 \ube0c\ub93c \uc0f4\ud398\uc778 \ud504\ub9ac\ubbf8\uc5d0 \ud06c\ub93c - \ubc14\ubc45 \uc8fc\ud638\uccb4","isPartOf":{"@id":"https:\/\/vavin.tw\/#website"},"primaryImageOfPage":{"@id":"https:\/\/vavin.tw\/product\/frerejean-freres-blanc-de-blancs-brut-champagne-premier-cru\/#primaryimage"},"image":{"@id":"https:\/\/vavin.tw\/product\/frerejean-freres-blanc-de-blancs-brut-champagne-premier-cru\/#primaryimage"},"thumbnailUrl":"https:\/\/vavin.tw\/wp-content\/uploads\/2023\/04\/bdb.png","datePublished":"2023-04-11T10:00:54+00:00","dateModified":"2025-04-26T17:26:37+00:00","description":"\ud504\ub808\ub974\uc7a5 \ud504\ub808\ub974 \ube14\ub791 \ub4dc \ube14\ub791 \ube0c\ub93c \uc0f4\ud398\uc778 \ud504\ub9ac\ubbf8\uc5d0 \ud06c\ub93c \u2014 \ub808\ubaac, \uccad\uc0ac\uacfc, \uc544\ubaac\ub4dc, \ube0c\ub9ac\uc624\uc288 \ud5a5\uc774 \ub098\ub294 \uc6b0\uc544\ud55c 100%% \uc0e4\ub974\ub3c4\ub124 \uc0f4\ud398\uc778\uc785\ub2c8\ub2e4. \uc2e0\uc120\ud558\uace0 \uc0dd\uae30 \ub118\uce58\uba70 \ubbf8\ub124\ub784 \ud48d\ubbf8\uac00 \ud48d\ubd80\ud558\uace0 \uae30\ud3ec\uac00 \uacf1\uc2b5\ub2c8\ub2e4. \uc544\ud398\ub9ac\ud2f0\ud504\ub85c\ub098 \ud574\uc0b0\ubb3c, \uace0\uae09 \uc694\ub9ac\uc640 \uc798 \uc5b4\uc6b8\ub9bd\ub2c8\ub2e4.","breadcrumb":{"@id":"https:\/\/vavin.tw\/product\/frerejean-freres-blanc-de-blancs-brut-champagne-premier-cru\/#breadcrumb"},"inLanguage":"ko-KR","potentialAction":[{"@type":"ReadAction","target":["https:\/\/vavin.tw\/product\/frerejean-freres-blanc-de-blancs-brut-champagne-premier-cru\/"]}]},{"@type":"ImageObject","inLanguage":"ko-KR","@id":"https:\/\/vavin.tw\/product\/frerejean-freres-blanc-de-blancs-brut-champagne-premier-cru\/#primaryimage","url":"https:\/\/vavin.tw\/wp-content\/uploads\/2023\/04\/bdb.png","contentUrl":"https:\/\/vavin.tw\/wp-content\/uploads\/2023\/04\/bdb.png","width":400,"height":600},{"@type":"BreadcrumbList","@id":"https:\/\/vavin.tw\/product\/frerejean-freres-blanc-de-blancs-brut-champagne-premier-cru\/#breadcrumb","itemListElement":[{"@type":"ListItem","position":1,"name":"Home","item":"https:\/\/vavin.tw\/"},{"@type":"ListItem","position":2,"name":"Products","item":"https:\/\/vavin.tw\/shop\/"},{"@type":"ListItem","position":3,"name":"Fr\u00e8rejean Fr\u00e8res Blanc de Blancs Brut Champagne Premier Cru"}]},{"@type":"WebSite","@id":"https:\/\/vavin.tw\/#website","url":"https:\/\/vavin.tw\/","name":"Vavin","description":"\uc640\uc778\uc758 \uc608\uc220\uc744 \uc74c\ubbf8\ud558\ub2e4","publisher":{"@id":"https:\/\/vavin.tw\/#organization"},"potentialAction":[{"@type":"SearchAction","target":{"@type":"EntryPoint","urlTemplate":"https:\/\/vavin.tw\/?s={search_term_string}"},"query-input":{"@type":"PropertyValueSpecification","valueRequired":true,"valueName":"search_term_string"}}],"inLanguage":"ko-KR"},{"@type":"Organization","@id":"https:\/\/vavin.tw\/#organization","name":"Vavin","url":"https:\/\/vavin.tw\/","logo":{"@type":"ImageObject","inLanguage":"ko-KR","@id":"https:\/\/vavin.tw\/#\/schema\/logo\/image\/","url":"https:\/\/vavin.tw\/wp-content\/uploads\/2023\/03\/cropped-favicon-violet-v1.png","contentUrl":"https:\/\/vavin.tw\/wp-content\/uploads\/2023\/03\/cropped-favicon-violet-v1.png","width":512,"height":512,"caption":"Vavin \u9152\u76d2\u5b50"},"image":{"@id":"https:\/\/vavin.tw\/#\/schema\/logo\/image\/"},"sameAs":["https:\/\/www.facebook.com\/vavintw","https:\/\/www.instagram.com\/vavin_tw"]}]}},"_links":{"self":[{"href":"https:\/\/vavin.tw\/ko\/wp-json\/wp\/v2\/product\/990787","targetHints":{"allow":["GET"]}}],"collection":[{"href":"https:\/\/vavin.tw\/ko\/wp-json\/wp\/v2\/product"}],"about":[{"href":"https:\/\/vavin.tw\/ko\/wp-json\/wp\/v2\/types\/product"}],"replies":[{"embeddable":true,"href":"https:\/\/vavin.tw\/ko\/wp-json\/wp\/v2\/comments?post=990787"}],"version-history":[{"count":0,"href":"https:\/\/vavin.tw\/ko\/wp-json\/wp\/v2\/product\/990787\/revisions"}],"wp:featuredmedia":[{"embeddable":true,"href":"https:\/\/vavin.tw\/ko\/wp-json\/wp\/v2\/media\/993970"}],"wp:attachment":[{"href":"https:\/\/vavin.tw\/ko\/wp-json\/wp\/v2\/media?parent=990787"}],"wp:term":[{"taxonomy":"product_brand","embeddable":true,"href":"https:\/\/vavin.tw\/ko\/wp-json\/wp\/v2\/product_brand?post=990787"},{"taxonomy":"product_cat","embeddable":true,"href":"https:\/\/vavin.tw\/ko\/wp-json\/wp\/v2\/product_cat?post=990787"},{"taxonomy":"product_tag","embeddable":true,"href":"https:\/\/vavin.tw\/ko\/wp-json\/wp\/v2\/product_tag?post=990787"}],"curies":[{"name":"wp","href":"https:\/\/api.w.org\/{rel}","templated":true}]}}