{"id":990842,"date":"2023-04-11T18:01:22","date_gmt":"2023-04-11T10:01:22","guid":{"rendered":"https:\/\/v2.vavin.tw\/product\/vallee-du-paradis-pech-de-rozies-domaine-balansa-2020\/"},"modified":"2026-01-01T01:21:47","modified_gmt":"2025-12-31T17:21:47","slug":"balansa-vallee-du-paradis-pech-de-rozies-rose-2020","status":"publish","type":"product","link":"https:\/\/vavin.tw\/ko\/product\/balansa-vallee-du-paradis-pech-de-rozies-rose-2020\/","title":{"rendered":"Balansa Vall\u00e9e du Paradis Pech de Rozies Rose 2020"},"content":{"rendered":"<div class=\"vgblk-rw-wrapper limit-wrapper\">\n<div class=\"wine-info\"><strong>\uc0c9\uc0c1:<\/strong> \ub85c\uc81c<br \/>\n<strong>\ub3c4\uc218:<\/strong> 13% \uad8c.<br \/>\n<strong>\ud3ec\ub3c4 \ud488\uc885:<\/strong> \uadf8\ub974\ub098\uc288, \uc2dc\ub77c<br \/>\n<strong>\ubcd1 \uc6a9\ub7c9:<\/strong> 75\ud074<\/div>\n<hr \/>\n<div class=\"wine-section\">\n<h3>\uc640\uc774\ub108\ub9ac \uc5ed\uc0ac<\/h3>\n<p>Balansa\ub294 \ub791\uadf8\ub3c5 \uc911\uc2ec\ubd80\uc5d0 \uc704\uce58\ud55c '\ub099\uc6d0\uc758 \uacc4\uace1(Vall\u00e9e du Paradis)'\uc5d0 \uc790\ub9ac\ud55c \uac00\uc871 \uc6b4\uc601 \uc640\uc774\ub108\ub9ac\uc785\ub2c8\ub2e4. \uc720\uae30\ub18d \ubc0f \ubc14\uc774\uc624\ub2e4\uc774\ub0b4\ubbf9 \ub18d\ubc95\uc5d0 \uc9d1\uc911\ud558\uba70, \uc218\ud655\ub7c9\uc744 \uc81c\ud55c\ud558\uace0 \uc218\ud655\uc740 \uc218\uc791\uc5c5\uc73c\ub85c \uc9c4\ud589\ud558\uc5ec, \uc790\uc5f0\uacfc \uc804\ud1b5\uc744 \uc874\uc911\ud558\ub294 \ub5bc\ub8e8\uc544 \uc911\uc2ec\uc758 \uc640\uc778\uc744 \ube5a\uc5b4\ub0c5\ub2c8\ub2e4.<\/p>\n<hr \/>\n<\/div>\n<div class=\"wine-section\">\n<h3>\ub5bc\ub8e8\uc544<\/h3>\n<p>Vall\u00e9e du Paradis\uc5d0 \uc704\uce58\ud55c \ud3ec\ub3c4\ubc2d\uc740 \uc11d\ud68c\uc554\uacfc \ud3b8\uc554 \ud1a0\uc591 \uc704\uc5d0 \uc790\ub9ac\ud558\uace0 \uc788\uc73c\uba70, \uc9c0\uc911\ud574\uc758 \ud587\uc0b4\uacfc \ubc14\ub2e4\uc5d0\uc11c \ubd88\uc5b4\uc624\ub294 \uc2dc\uc6d0\ud55c \ubc14\ub78c\uc758 \uc601\ud5a5\uc744 \ubc1b\uc2b5\ub2c8\ub2e4. \uc774\ub7ec\ud55c \uc774\uc0c1\uc801\uc778 \uc870\uac74\uc740 \uc219\uc131\ub3c4, \uc2e0\uc120\ub3c4, \uc544\ub85c\ub9c8 \ud45c\ud604 \uc0ac\uc774\uc5d0 \ud6cc\ub96d\ud55c \uade0\ud615\uc744 \uc774\ub8e8\uba70, \ud2b9\ud788 \ub85c\uc81c \uc640\uc778 \uc0dd\uc0b0\uc5d0 \uc801\ud569\ud569\ub2c8\ub2e4.<\/p>\n<hr \/>\n<\/div>\n<div class=\"wine-section\">\n<h3>\ud14c\uc774\uc2a4\ud305 \ub178\ud2b8<\/h3>\n<p>\uc5f0\ud55c \uc5f0\uc5b4\ube5b \ud551\ud06c \uceec\ub7ec. \ud5a5\uc740 \uc2e0\uc120\ud558\uace0 \ub9e4\ud639\uc801\uc774\uba70, \uc57c\uc0dd \ub538\uae30, \ubc31\ub3c4, \uac10\uade4 \uc81c\uc2a4\ud2b8, \uc740\uc740\ud55c \uaf43 \ud5a5\uae30\uac00 \ub290\uaef4\uc9d1\ub2c8\ub2e4. \uc785\uc548\uc5d0\uc11c\ub294 \uc0dd\ub3d9\uac10 \uc788\uace0 \uc0c1\ucf8c\ud558\uba70, \uacfc\uc999 \uac00\ub4dd\ud55c \ubd89\uc740 \uacfc\uc77c, \ubc1d\uc740 \uc0b0\ub3c4, \uadf8\ub9ac\uace0 \uae54\ub054\ud558\uace0 \ubbf8\ub124\ub784\ud55c \ud53c\ub2c8\uc2dc\ub85c \ub9c8\ubb34\ub9ac\ub429\ub2c8\ub2e4.<\/p>\n<p class=\"wine-highlight\">Vall\u00e9e du Paradis\uc5d0\uc11c \uc628 \uc0dd\uae30 \uc788\uace0 \uc6b0\uc544\ud55c \ub85c\uc81c \uc640\uc778 \u2014 \uc2e0\uc120\ud558\uace0 \uacfc\uc77c \ud48d\ubbf8\uac00 \ud48d\ubd80\ud558\uba70, \ud587\uc0b4 \uac00\ub4dd\ud55c \uc21c\uac04\uc5d0 \uc644\ubcbd\ud55c \uc120\ud0dd\uc785\ub2c8\ub2e4.<\/p>\n<hr \/>\n<\/div>\n<div class=\"wine-section\">\n<h3>\ud398\uc5b4\ub9c1<\/h3>\n<p>\uc2dd\uc804\uc8fc\ub85c\ub3c4 \ud6cc\ub96d\ud558\uba70, \uc0dd\uc120\uad6c\uc774, \uc9c0\uc911\ud574\ud48d \uc0d0\ub7ec\ub4dc, \uc2a4\uc2dc, \uc5fc\uc18c \uce58\uc988\uc640 \uc798 \uc5b4\uc6b8\ub9bd\ub2c8\ub2e4.<\/p>\n<\/div>\n<\/div>\n<p><!-- .vgblk-rw-wrapper --><\/p>","protected":false},"excerpt":{"rendered":"<p>Balansa Ros\u00e9\ub294 \ub791\uadf8\ub3c4\ud06c\uc758 \ud30c\ub77c\ub514 \uacc4\uace1(Vall\u00e9e du Paradis)\uc5d0\uc11c \uc720\uae30\ub18d \ubc0f \ubc14\uc774\uc624\ub2e4\uc774\ub098\ubbf9 \ub18d\ubc95\uc744 \uc2e4\ucc9c\ud558\ub294 \uac00\uc871 \uc6b4\uc601 \uc640\uc774\ub108\ub9ac\uc5d0\uc11c \ub9cc\ub4e0 \uc0dd\uae30 \uc788\uace0 \uc6b0\uc544\ud55c \ub85c\uc81c \uc640\uc778\uc785\ub2c8\ub2e4. \uc11d\ud68c\uc554\uacfc \ud3b8\uc554 \ud1a0\uc591\uc5d0\uc11c \uc7ac\ubc30\ub41c \ud3ec\ub3c4\ub294 \uc9c0\uc911\ud574\uc758 \ud587\uc0b4\uacfc \uc2dc\uc6d0\ud55c \ubc14\ub2f7\ubc14\ub78c\uc758 \uc601\ud5a5\uc744 \ubc1b\uc544 \uc2e0\uc120\ud558\uace0 \uacfc\uc77c \ud5a5\uc774 \uc911\uc2ec\uc774 \ub418\ub294 \uc2a4\ud0c0\uc77c\uc744 \uc644\uc131\ud569\ub2c8\ub2e4.<br \/>\n\uc544\ub984\ub2e4\uc6b4 \uc605\uc740 \uc0b4\ubaac \ud551\ud06c\uc0c9\uc744 \ub760\ub294 \uc774 \uc640\uc778\uc740 \uc57c\uc0dd \ub538\uae30, \ubc31\ub3c4, \uac10\uade4 \uaecd\uc9c8, \uc12c\uc138\ud55c \uaf43 \ud5a5\uc758 \uc2e0\uc120\ud558\uace0 \ub9e4\ub825\uc801\uc778 \ud5a5\uc744 \uc120\uc0ac\ud569\ub2c8\ub2e4. \uc785\uc548\uc5d0\uc11c\ub294 \uc0dd\uae30 \uc788\uace0 \uc0c1\ucf8c\ud558\uba70, \uc96c\uc2dc\ud55c \ubd89\uc740 \uacfc\uc77c \ud48d\ubbf8\uc640 \ubc1d\uc740 \uc0b0\ubbf8\ub97c \uc81c\uacf5\ud558\uace0, \uae68\ub057\ud558\uace0 \ubbf8\ub124\ub784\ub9ac\ud2f0\uac00 \ub290\uaef4\uc9c0\ub294 \ud53c\ub2c8\uc2dc\ub85c \ub9c8\ubb34\ub9ac\ub429\ub2c8\ub2e4. \uc774 \uc6b0\uc544\ud558\uace0 \uacfc\uc77c \ud48d\ubbf8\uac00 \ub118\uce58\ub294 \ub85c\uc81c \uc640\uc778\uc740 \ud654\ucc3d\ud55c \uc21c\uac04\uc5d0 \uc644\ubcbd\ud558\uba70, \uad6c\uc6b4 \uc0dd\uc120, \uc2a4\uc2dc \ub610\ub294 \uc5fc\uc18c \uce58\uc988\uc640 \ud6cc\ub96d\ud558\uac8c \uc5b4\uc6b8\ub9bd\ub2c8\ub2e4.<\/p>","protected":false},"featured_media":993366,"comment_status":"open","ping_status":"closed","template":"","meta":[],"product_brand":[],"product_cat":[138,109],"product_tag":[156,149],"class_list":{"0":"post-990842","1":"product","2":"type-product","3":"status-publish","4":"has-post-thumbnail","6":"product_cat-languedoc","7":"product_cat-rose","8":"product_tag-grenache","9":"product_tag-syrah","11":"first","12":"instock","13":"shipping-taxable","14":"product-type-simple"},"yoast_head":"<!-- This site is optimized with the Yoast SEO Premium plugin v27.2 (Yoast SEO v27.6) - https:\/\/yoast.com\/product\/yoast-seo-premium-wordpress\/ -->\n<title>Balansa Vall\u00e9e du Paradis Pech de Rozies Rose 2020 - Vavin \u9152\u76d2\u5b50<\/title>\n<meta name=\"description\" content=\"A fresh and natural ros\u00e9 from Vall\u00e9e du Paradis, Balansa Pech de Rozies 2020 offers wild strawberry, citrus, and mineral notes. A pure Grenache expression with vibrant elegance.\" \/>\n<meta name=\"robots\" content=\"index, follow, max-snippet:-1, max-image-preview:large, max-video-preview:-1\" \/>\n<link rel=\"canonical\" href=\"https:\/\/vavin.tw\/ko\/product\/balansa-vallee-du-paradis-pech-de-rozies-rose-2020\/\" \/>\n<meta property=\"og:locale\" content=\"ko_KR\" \/>\n<meta property=\"og:type\" content=\"article\" \/>\n<meta property=\"og:title\" content=\"Balansa Vall\u00e9e du Paradis Pech de Rozies Rose 2020\" \/>\n<meta property=\"og:description\" content=\"A fresh and natural ros\u00e9 from Vall\u00e9e du Paradis, Balansa Pech de Rozies 2020 offers wild strawberry, citrus, and mineral notes. A pure Grenache expression with vibrant elegance.\" \/>\n<meta property=\"og:url\" content=\"https:\/\/vavin.tw\/ko\/product\/balansa-vallee-du-paradis-pech-de-rozies-rose-2020\/\" \/>\n<meta property=\"og:site_name\" content=\"Vavin \u9152\u76d2\u5b50\" \/>\n<meta property=\"article:publisher\" content=\"https:\/\/www.facebook.com\/vavintw\" \/>\n<meta property=\"article:modified_time\" content=\"2025-12-31T17:21:47+00:00\" \/>\n<meta property=\"og:image\" content=\"https:\/\/vavin.tw\/wp-content\/uploads\/2023\/04\/vallee-du-paradis-pech-de-rozies-domaine-balansa-2020.png\" \/>\n\t<meta property=\"og:image:width\" content=\"400\" \/>\n\t<meta property=\"og:image:height\" content=\"600\" \/>\n\t<meta property=\"og:image:type\" content=\"image\/png\" \/>\n<meta name=\"twitter:card\" content=\"summary_large_image\" \/>\n<meta name=\"twitter:label1\" content=\"\uc608\uc0c1 \ub418\ub294 \ud310\ub3c5 \uc2dc\uac04\" \/>\n\t<meta name=\"twitter:data1\" content=\"1\ubd84\" \/>\n<script type=\"application\/ld+json\" class=\"yoast-schema-graph\">{\"@context\":\"https:\\\/\\\/schema.org\",\"@graph\":[{\"@type\":\"WebPage\",\"@id\":\"https:\\\/\\\/vavin.tw\\\/product\\\/balansa-vallee-du-paradis-pech-de-rozies-rose-2020\\\/\",\"url\":\"https:\\\/\\\/vavin.tw\\\/product\\\/balansa-vallee-du-paradis-pech-de-rozies-rose-2020\\\/\",\"name\":\"Balansa Vall\u00e9e du Paradis Pech de Rozies Rose 2020 - Vavin \u9152\u76d2\u5b50\",\"isPartOf\":{\"@id\":\"https:\\\/\\\/vavin.tw\\\/#website\"},\"primaryImageOfPage\":{\"@id\":\"https:\\\/\\\/vavin.tw\\\/product\\\/balansa-vallee-du-paradis-pech-de-rozies-rose-2020\\\/#primaryimage\"},\"image\":{\"@id\":\"https:\\\/\\\/vavin.tw\\\/product\\\/balansa-vallee-du-paradis-pech-de-rozies-rose-2020\\\/#primaryimage\"},\"thumbnailUrl\":\"https:\\\/\\\/vavin.tw\\\/wp-content\\\/uploads\\\/2023\\\/04\\\/vallee-du-paradis-pech-de-rozies-domaine-balansa-2020.png\",\"datePublished\":\"2023-04-11T10:01:22+00:00\",\"dateModified\":\"2025-12-31T17:21:47+00:00\",\"description\":\"A fresh and natural ros\u00e9 from Vall\u00e9e du Paradis, Balansa Pech de Rozies 2020 offers wild strawberry, citrus, and mineral notes. A pure Grenache expression with vibrant elegance.\",\"breadcrumb\":{\"@id\":\"https:\\\/\\\/vavin.tw\\\/product\\\/balansa-vallee-du-paradis-pech-de-rozies-rose-2020\\\/#breadcrumb\"},\"inLanguage\":\"ko-KR\",\"potentialAction\":[{\"@type\":\"ReadAction\",\"target\":[\"https:\\\/\\\/vavin.tw\\\/product\\\/balansa-vallee-du-paradis-pech-de-rozies-rose-2020\\\/\"]}]},{\"@type\":\"ImageObject\",\"inLanguage\":\"ko-KR\",\"@id\":\"https:\\\/\\\/vavin.tw\\\/product\\\/balansa-vallee-du-paradis-pech-de-rozies-rose-2020\\\/#primaryimage\",\"url\":\"https:\\\/\\\/vavin.tw\\\/wp-content\\\/uploads\\\/2023\\\/04\\\/vallee-du-paradis-pech-de-rozies-domaine-balansa-2020.png\",\"contentUrl\":\"https:\\\/\\\/vavin.tw\\\/wp-content\\\/uploads\\\/2023\\\/04\\\/vallee-du-paradis-pech-de-rozies-domaine-balansa-2020.png\",\"width\":400,\"height\":600},{\"@type\":\"BreadcrumbList\",\"@id\":\"https:\\\/\\\/vavin.tw\\\/product\\\/balansa-vallee-du-paradis-pech-de-rozies-rose-2020\\\/#breadcrumb\",\"itemListElement\":[{\"@type\":\"ListItem\",\"position\":1,\"name\":\"Home\",\"item\":\"https:\\\/\\\/vavin.tw\\\/\"},{\"@type\":\"ListItem\",\"position\":2,\"name\":\"Products\",\"item\":\"https:\\\/\\\/vavin.tw\\\/shop\\\/\"},{\"@type\":\"ListItem\",\"position\":3,\"name\":\"Balansa Vall\u00e9e du Paradis Pech de Rozies Rose 2020\"}]},{\"@type\":\"WebSite\",\"@id\":\"https:\\\/\\\/vavin.tw\\\/#website\",\"url\":\"https:\\\/\\\/vavin.tw\\\/\",\"name\":\"Vavin \u9152\u76d2\u5b50\",\"description\":\"Savor the Art of Wine\",\"publisher\":{\"@id\":\"https:\\\/\\\/vavin.tw\\\/#organization\"},\"potentialAction\":[{\"@type\":\"SearchAction\",\"target\":{\"@type\":\"EntryPoint\",\"urlTemplate\":\"https:\\\/\\\/vavin.tw\\\/?s={search_term_string}\"},\"query-input\":{\"@type\":\"PropertyValueSpecification\",\"valueRequired\":true,\"valueName\":\"search_term_string\"}}],\"inLanguage\":\"ko-KR\"},{\"@type\":\"Organization\",\"@id\":\"https:\\\/\\\/vavin.tw\\\/#organization\",\"name\":\"Vavin \u9152\u76d2\u5b50\",\"url\":\"https:\\\/\\\/vavin.tw\\\/\",\"logo\":{\"@type\":\"ImageObject\",\"inLanguage\":\"ko-KR\",\"@id\":\"https:\\\/\\\/vavin.tw\\\/#\\\/schema\\\/logo\\\/image\\\/\",\"url\":\"https:\\\/\\\/vavin.tw\\\/wp-content\\\/uploads\\\/2023\\\/03\\\/cropped-favicon-violet-v1.png\",\"contentUrl\":\"https:\\\/\\\/vavin.tw\\\/wp-content\\\/uploads\\\/2023\\\/03\\\/cropped-favicon-violet-v1.png\",\"width\":512,\"height\":512,\"caption\":\"Vavin \u9152\u76d2\u5b50\"},\"image\":{\"@id\":\"https:\\\/\\\/vavin.tw\\\/#\\\/schema\\\/logo\\\/image\\\/\"},\"sameAs\":[\"https:\\\/\\\/www.facebook.com\\\/vavintw\",\"https:\\\/\\\/www.instagram.com\\\/vavin_tw\"]}]}<\/script>\n<!-- \/ Yoast SEO Premium plugin. -->","yoast_head_json":{"title":"Balansa Vall\u00e9e du Paradis Pech de Rozies Rose 2020 - Vavin \u9152\u76d2\u5b50","description":"\ubc1c\ub808 \ub4a4 \ud30c\ub77c\ub514(Vall\u00e9e du Paradis)\uc5d0\uc11c \uc628 \uc0c1\ucf8c\ud558\uace0 \ub0b4\ucd94\ub7f4\ud55c \ub85c\uc81c \uc640\uc778, Balansa Pech de Rozies 2020\uc740 \uc57c\uc0dd \ub538\uae30, \uc2dc\ud2b8\ub7ec\uc2a4, \ubbf8\ub124\ub784 \ub178\ud2b8\ub97c \uc120\uc0ac\ud569\ub2c8\ub2e4. \uadf8\ub974\ub098\uc288\uc758 \uc21c\uc218\ud55c \ud45c\ud604\uc73c\ub85c, \uc0dd\ub3d9\uac10 \uc788\uace0 \uc6b0\uc544\ud55c \ub9e4\ub825\uc744 \uc9c0\ub2cc \uc640\uc778\uc785\ub2c8\ub2e4.","robots":{"index":"index","follow":"follow","max-snippet":"max-snippet:-1","max-image-preview":"max-image-preview:large","max-video-preview":"max-video-preview:-1"},"canonical":"https:\/\/vavin.tw\/ko\/product\/balansa-vallee-du-paradis-pech-de-rozies-rose-2020\/","og_locale":"ko_KR","og_type":"article","og_title":"Balansa Vall\u00e9e du Paradis Pech de Rozies Rose 2020","og_description":"A fresh and natural ros\u00e9 from Vall\u00e9e du Paradis, Balansa Pech de Rozies 2020 offers wild strawberry, citrus, and mineral notes. A pure Grenache expression with vibrant elegance.","og_url":"https:\/\/vavin.tw\/ko\/product\/balansa-vallee-du-paradis-pech-de-rozies-rose-2020\/","og_site_name":"Vavin \u9152\u76d2\u5b50","article_publisher":"https:\/\/www.facebook.com\/vavintw","article_modified_time":"2025-12-31T17:21:47+00:00","og_image":[{"width":400,"height":600,"url":"https:\/\/vavin.tw\/wp-content\/uploads\/2023\/04\/vallee-du-paradis-pech-de-rozies-domaine-balansa-2020.png","type":"image\/png"}],"twitter_card":"summary_large_image","twitter_misc":{"\uc608\uc0c1 \ub418\ub294 \ud310\ub3c5 \uc2dc\uac04":"1\ubd84"},"schema":{"@context":"https:\/\/schema.org","@graph":[{"@type":"WebPage","@id":"https:\/\/vavin.tw\/product\/balansa-vallee-du-paradis-pech-de-rozies-rose-2020\/","url":"https:\/\/vavin.tw\/product\/balansa-vallee-du-paradis-pech-de-rozies-rose-2020\/","name":"Balansa Vall\u00e9e du Paradis Pech de Rozies Rose 2020 - Vavin \u9152\u76d2\u5b50","isPartOf":{"@id":"https:\/\/vavin.tw\/#website"},"primaryImageOfPage":{"@id":"https:\/\/vavin.tw\/product\/balansa-vallee-du-paradis-pech-de-rozies-rose-2020\/#primaryimage"},"image":{"@id":"https:\/\/vavin.tw\/product\/balansa-vallee-du-paradis-pech-de-rozies-rose-2020\/#primaryimage"},"thumbnailUrl":"https:\/\/vavin.tw\/wp-content\/uploads\/2023\/04\/vallee-du-paradis-pech-de-rozies-domaine-balansa-2020.png","datePublished":"2023-04-11T10:01:22+00:00","dateModified":"2025-12-31T17:21:47+00:00","description":"\ubc1c\ub808 \ub4a4 \ud30c\ub77c\ub514(Vall\u00e9e du Paradis)\uc5d0\uc11c \uc628 \uc0c1\ucf8c\ud558\uace0 \ub0b4\ucd94\ub7f4\ud55c \ub85c\uc81c \uc640\uc778, Balansa Pech de Rozies 2020\uc740 \uc57c\uc0dd \ub538\uae30, \uc2dc\ud2b8\ub7ec\uc2a4, \ubbf8\ub124\ub784 \ub178\ud2b8\ub97c \uc120\uc0ac\ud569\ub2c8\ub2e4. \uadf8\ub974\ub098\uc288\uc758 \uc21c\uc218\ud55c \ud45c\ud604\uc73c\ub85c, \uc0dd\ub3d9\uac10 \uc788\uace0 \uc6b0\uc544\ud55c \ub9e4\ub825\uc744 \uc9c0\ub2cc \uc640\uc778\uc785\ub2c8\ub2e4.","breadcrumb":{"@id":"https:\/\/vavin.tw\/product\/balansa-vallee-du-paradis-pech-de-rozies-rose-2020\/#breadcrumb"},"inLanguage":"ko-KR","potentialAction":[{"@type":"ReadAction","target":["https:\/\/vavin.tw\/product\/balansa-vallee-du-paradis-pech-de-rozies-rose-2020\/"]}]},{"@type":"ImageObject","inLanguage":"ko-KR","@id":"https:\/\/vavin.tw\/product\/balansa-vallee-du-paradis-pech-de-rozies-rose-2020\/#primaryimage","url":"https:\/\/vavin.tw\/wp-content\/uploads\/2023\/04\/vallee-du-paradis-pech-de-rozies-domaine-balansa-2020.png","contentUrl":"https:\/\/vavin.tw\/wp-content\/uploads\/2023\/04\/vallee-du-paradis-pech-de-rozies-domaine-balansa-2020.png","width":400,"height":600},{"@type":"BreadcrumbList","@id":"https:\/\/vavin.tw\/product\/balansa-vallee-du-paradis-pech-de-rozies-rose-2020\/#breadcrumb","itemListElement":[{"@type":"ListItem","position":1,"name":"Home","item":"https:\/\/vavin.tw\/"},{"@type":"ListItem","position":2,"name":"Products","item":"https:\/\/vavin.tw\/shop\/"},{"@type":"ListItem","position":3,"name":"Balansa Vall\u00e9e du Paradis Pech de Rozies Rose 2020"}]},{"@type":"WebSite","@id":"https:\/\/vavin.tw\/#website","url":"https:\/\/vavin.tw\/","name":"Vavin","description":"\uc640\uc778\uc758 \uc608\uc220\uc744 \uc74c\ubbf8\ud558\ub2e4","publisher":{"@id":"https:\/\/vavin.tw\/#organization"},"potentialAction":[{"@type":"SearchAction","target":{"@type":"EntryPoint","urlTemplate":"https:\/\/vavin.tw\/?s={search_term_string}"},"query-input":{"@type":"PropertyValueSpecification","valueRequired":true,"valueName":"search_term_string"}}],"inLanguage":"ko-KR"},{"@type":"Organization","@id":"https:\/\/vavin.tw\/#organization","name":"Vavin","url":"https:\/\/vavin.tw\/","logo":{"@type":"ImageObject","inLanguage":"ko-KR","@id":"https:\/\/vavin.tw\/#\/schema\/logo\/image\/","url":"https:\/\/vavin.tw\/wp-content\/uploads\/2023\/03\/cropped-favicon-violet-v1.png","contentUrl":"https:\/\/vavin.tw\/wp-content\/uploads\/2023\/03\/cropped-favicon-violet-v1.png","width":512,"height":512,"caption":"Vavin \u9152\u76d2\u5b50"},"image":{"@id":"https:\/\/vavin.tw\/#\/schema\/logo\/image\/"},"sameAs":["https:\/\/www.facebook.com\/vavintw","https:\/\/www.instagram.com\/vavin_tw"]}]}},"_links":{"self":[{"href":"https:\/\/vavin.tw\/ko\/wp-json\/wp\/v2\/product\/990842","targetHints":{"allow":["GET"]}}],"collection":[{"href":"https:\/\/vavin.tw\/ko\/wp-json\/wp\/v2\/product"}],"about":[{"href":"https:\/\/vavin.tw\/ko\/wp-json\/wp\/v2\/types\/product"}],"replies":[{"embeddable":true,"href":"https:\/\/vavin.tw\/ko\/wp-json\/wp\/v2\/comments?post=990842"}],"version-history":[{"count":1,"href":"https:\/\/vavin.tw\/ko\/wp-json\/wp\/v2\/product\/990842\/revisions"}],"predecessor-version":[{"id":1006315,"href":"https:\/\/vavin.tw\/ko\/wp-json\/wp\/v2\/product\/990842\/revisions\/1006315"}],"wp:featuredmedia":[{"embeddable":true,"href":"https:\/\/vavin.tw\/ko\/wp-json\/wp\/v2\/media\/993366"}],"wp:attachment":[{"href":"https:\/\/vavin.tw\/ko\/wp-json\/wp\/v2\/media?parent=990842"}],"wp:term":[{"taxonomy":"product_brand","embeddable":true,"href":"https:\/\/vavin.tw\/ko\/wp-json\/wp\/v2\/product_brand?post=990842"},{"taxonomy":"product_cat","embeddable":true,"href":"https:\/\/vavin.tw\/ko\/wp-json\/wp\/v2\/product_cat?post=990842"},{"taxonomy":"product_tag","embeddable":true,"href":"https:\/\/vavin.tw\/ko\/wp-json\/wp\/v2\/product_tag?post=990842"}],"curies":[{"name":"wp","href":"https:\/\/api.w.org\/{rel}","templated":true}]}}