{"id":990891,"date":"2023-04-11T18:01:45","date_gmt":"2023-04-11T10:01:45","guid":{"rendered":"https:\/\/v2.vavin.tw\/product\/cahors-rouge-le-cedre-cht-du-cedre-2016\/"},"modified":"2025-04-27T13:00:43","modified_gmt":"2025-04-27T05:00:43","slug":"%ec%83%a4%ed%86%a0-%eb%92%a4-%ec%84%b8%eb%93%9c%eb%a5%b4-%ec%b9%b4%ec%98%a4%eb%a5%b4-%eb%a5%b4-%ec%84%b8%eb%93%9c%eb%a5%b4-%eb%a0%88%eb%93%9c-2016","status":"publish","type":"product","link":"https:\/\/vavin.tw\/ko\/product\/chateau-du-cedre-cahors-le-cedre-red-2016\/","title":{"rendered":"\uc0e4\ud1a0 \ub4a4 \uc138\ub4dc\ub974 \uce74\uc624\ub974 \ub974 \uc138\ub4dc\ub974 2016"},"content":{"rendered":"<div class=\"vgblk-rw-wrapper limit-wrapper\">\n<div class=\"wine-info\"><strong>\uc0c9\uc0c1:<\/strong> \ub808\ub4dc \uc640\uc778<br \/>\n<strong>\ub3c4\uc218:<\/strong> 14.5% \uad8c.<br \/>\n<strong>\ud3ec\ub3c4 \ud488\uc885:<\/strong> 100% \ub9d0\ubca1<br \/>\n<strong>\ubcd1 \uc6a9\ub7c9:<\/strong> 75\ud074<\/div>\n<hr \/>\n<div class=\"wine-section\">\n<h3>\ub3c4\uba58 \uc5ed\uc0ac<\/h3>\n<p>\uce74\uc624\ub974\uc5d0 \uc704\uce58\ud55c \uc0e4\ub610 \ub4a4 \uc138\ub4dc\ub974\ub294 \uc774 \uc9c0\uc5ed \uc720\uae30\ub18d \ud3ec\ub3c4 \uc7ac\ubc30\uc758 \uc120\uad6c\uc790\uc778 \ubca0\ub974\ud5e4 \uac00\ubb38\uc774 \uc6b4\uc601\ud558\ub294 \ub300\ud45c \uc640\uc774\ub108\ub9ac\uc785\ub2c8\ub2e4. \uc21c\uc218\ud568, \uc6b0\uc544\ud568, \ud14c\ub8e8\uc544\uc5d0 \ub300\ud55c \uc874\uc911\uc744 \uc911\uc2dc\ud558\ub294 \uc774 \ub3c4\uba58\uc740 \ub9d0\ubca1\uc758 \uae4a\uc774\uc640 \ubcf5\ud569\uc131\uc744 \ubcf4\uc5ec\uc8fc\ub294 \uc640\uc778\uc744 \uc0dd\uc0b0\ud569\ub2c8\ub2e4.<\/p>\n<hr \/>\n<\/div>\n<div class=\"wine-section\">\n<h3>\ub5bc\ub8e8\uc544<\/h3>\n<p>\u201c\ub974 \uc138\ub4dc\ub974\u201d\ub294 \uae4c\uc624\ub974\uc758 \uac00\uc7a5 \ub192\uc740 \ud14c\ub77c\uc2a4\uc5d0 \uc2dd\uc7ac\ub41c \ub18d\uc7a5 \ucd5c\uace0\uc758 \uc624\ub798\ub41c \ud3ec\ub3c4\ub098\ubb34\uc5d0\uc11c \uc0dd\uc0b0\ub418\uba70, \uc11d\ud68c\uc9c8\uacfc \uc810\ud1a0\ub85c \uc774\ub8e8\uc5b4\uc9c4 \ube44\uc625\ud55c \ud1a0\uc591\uc5d0\uc11c \uc7ac\ubc30\ub429\ub2c8\ub2e4. \uc774\ub7ec\ud55c \ud2b9\ubcc4\ud55c \ud14c\ub8e8\uc544\ub294 \ub0ae\uc740 \uc218\ud655\ub7c9\uacfc \ub290\ub9b0 \uc219\uc131\uc744 \uac00\ub2a5\ud558\uac8c \ud558\uc5ec \uc640\uc778\uc5d0 \ud6cc\ub96d\ud55c \uad6c\uc870\uac10, \ubbf8\ub124\ub784\ub9ac\ud2f0, \uadf8\ub9ac\uace0 \ub180\ub77c\uc6b4 \uc219\uc131 \uc7a0\uc7ac\ub825\uc744 \ubd80\uc5ec\ud569\ub2c8\ub2e4.<\/p>\n<hr \/>\n<\/div>\n<div class=\"wine-section\">\n<h3>\ud14c\uc774\uc2a4\ud305 \ub178\ud2b8<\/h3>\n<p>\uc9d9\uace0 \uac15\ub82c\ud55c \uac00\ub137 \uc0c9\uc0c1. \ucf54\uc5d0\uc11c\ub294 \ube14\ub799\ubca0\ub9ac, \ucee4\ub7f0\ud2b8, \uc81c\ube44\uaf43, \uac10\ucd08 \ud5a5\uc774 \uce35\uce35\uc774 \ub290\uaef4\uc9c0\uba70, \ud76c\ubbf8\ud558\uac8c \ub2f4\ubc30\uc640 \ucf54\ucf54\uc544 \ud5a5\ub3c4 \uac10\ub3d5\ub2c8\ub2e4. \uc785\uc548\uc5d0\uc11c\ub294 \ud798\ucc28\uace0 \ubca8\ubcb3 \uac19\uc740 \uc9c8\uac10\uc774 \ub290\uaef4\uc9c0\uba70, \ubd80\ub4dc\ub7ec\uc6b4 \ud0c0\ub2cc, \ud48d\ubd80\ud55c \ub2e4\ud06c \ud504\ub8e8\ud2b8, \uadf8\ub9ac\uace0 \uae38\uace0 \uc6b0\uc544\ud558\uba70 \ubbf8\ub124\ub784\uc774 \ub290\uaef4\uc9c0\ub294 \ud53c\ub2c8\uc2dc\uac00 \ud2b9\uc9d5\uc785\ub2c8\ub2e4.<\/p>\n<p class=\"wine-highlight\">\uae4c\uc624\ub974 \uc9c0\ubc29\uc758 \uc704\uc5c4 \uc788\ub294 \ub9d0\ubca1\uc73c\ub85c, \ub18d\ucd95\uac10, \uc138\ub828\ubbf8, \ub6f0\uc5b4\ub09c \uc219\uc131 \uc7a0\uc7ac\ub825\uc744 \uc81c\uacf5\ud558\ub294 \uc0e4\ud1a0 \ub4a4 \uc138\ub4dc\ub974\uc758 \ub300\ud45c \ub00c\ubca0\uc785\ub2c8\ub2e4.<\/p>\n<hr \/>\n<\/div>\n<div class=\"wine-section\">\n<h3>\ud398\uc5b4\ub9c1<\/h3>\n<p>\uc591\uace0\uae30 \uc2a4\ud29c, \uc0ac\uc2b4 \uace0\uae30, \uc624\ub9ac \uac00\uc2b4\uc0b4 \ub610\ub294 \ud2b8\ub7ec\ud50c \uc694\ub9ac\uc640 \ud658\uc0c1\uc801\uc778 \uc870\ud654\ub97c \uc774\ub8f9\ub2c8\ub2e4.<\/p>\n<\/div>\n<\/div>\n<p><!-- .vgblk-rw-wrapper --><\/p>","protected":false},"excerpt":{"rendered":"<p>Color: Red Alcohol: 14.5% vol. Grape Variety: 100% Malbec Bottle Size: 75 cl Domaine History Ch\u00e2teau du C\u00e8dre, located in Cahors, is a reference estate run by the Verhaeghe family, pioneers of organic viticulture in the region. With a focus on purity, elegance, and respect for the terroir, the domaine crafts wines that showcase the&#8230;<\/p>","protected":false},"featured_media":990979,"comment_status":"open","ping_status":"closed","template":"","meta":[],"product_brand":[],"product_cat":[63,143],"product_tag":[302,166],"class_list":{"0":"post-990891","1":"product","2":"type-product","3":"status-publish","4":"has-post-thumbnail","6":"product_cat-red","7":"product_cat-france-south-west","8":"product_tag-cahors","9":"product_tag-malbec","11":"first","12":"instock","13":"shipping-taxable","14":"product-type-simple"},"yoast_head":"<!-- This site is optimized with the Yoast SEO Premium plugin v27.2 (Yoast SEO v27.3) - https:\/\/yoast.com\/product\/yoast-seo-premium-wordpress\/ -->\n<title>Chateau du C\u00e8dre Cahors Le C\u00e8dre 2016 - Vavin \u9152\u76d2\u5b50<\/title>\n<meta name=\"description\" content=\"Ch\u00e2teau du C\u00e8dre Cahors &quot;Le C\u00e8dre&quot; 2016 \u2014 the flagship Malbec of the estate, with intense black fruit, spice, and silky tannins. A powerful yet elegant Cahors with superb aging potential, perfect for lamb, game, and gourmet dishes.\" \/>\n<meta name=\"robots\" content=\"index, follow, max-snippet:-1, max-image-preview:large, max-video-preview:-1\" \/>\n<link rel=\"canonical\" href=\"https:\/\/vavin.tw\/ko\/product\/\uc0e4\ud1a0-\ub4a4-\uc138\ub4dc\ub974-\uce74\uc624\ub974-\ub974-\uc138\ub4dc\ub974-\ub808\ub4dc-2016\/\" \/>\n<meta property=\"og:locale\" content=\"ko_KR\" \/>\n<meta property=\"og:type\" content=\"article\" \/>\n<meta property=\"og:title\" content=\"Chateau du C\u00e8dre Cahors Le C\u00e8dre 2016\" \/>\n<meta property=\"og:description\" content=\"Ch\u00e2teau du C\u00e8dre Cahors &quot;Le C\u00e8dre&quot; 2016 \u2014 the flagship Malbec of the estate, with intense black fruit, spice, and silky tannins. A powerful yet elegant Cahors with superb aging potential, perfect for lamb, game, and gourmet dishes.\" \/>\n<meta property=\"og:url\" content=\"https:\/\/vavin.tw\/ko\/product\/\uc0e4\ud1a0-\ub4a4-\uc138\ub4dc\ub974-\uce74\uc624\ub974-\ub974-\uc138\ub4dc\ub974-\ub808\ub4dc-2016\/\" \/>\n<meta property=\"og:site_name\" content=\"Vavin \u9152\u76d2\u5b50\" \/>\n<meta property=\"article:publisher\" content=\"https:\/\/www.facebook.com\/vavintw\" \/>\n<meta property=\"article:modified_time\" content=\"2025-04-27T05:00:43+00:00\" \/>\n<meta property=\"og:image\" content=\"https:\/\/vavin.tw\/wp-content\/uploads\/2023\/04\/Cahors-Rouge-Le-Cedre-Cht-du-Cedre.png\" \/>\n\t<meta property=\"og:image:width\" content=\"400\" \/>\n\t<meta property=\"og:image:height\" content=\"600\" \/>\n\t<meta property=\"og:image:type\" content=\"image\/png\" \/>\n<meta name=\"twitter:card\" content=\"summary_large_image\" \/>\n<meta name=\"twitter:label1\" content=\"\uc608\uc0c1 \ub418\ub294 \ud310\ub3c5 \uc2dc\uac04\" \/>\n\t<meta name=\"twitter:data1\" content=\"1\ubd84\" \/>\n<script type=\"application\/ld+json\" class=\"yoast-schema-graph\">{\"@context\":\"https:\\\/\\\/schema.org\",\"@graph\":[{\"@type\":\"WebPage\",\"@id\":\"https:\\\/\\\/vavin.tw\\\/product\\\/chateau-du-cedre-cahors-le-cedre-red-2016\\\/\",\"url\":\"https:\\\/\\\/vavin.tw\\\/product\\\/chateau-du-cedre-cahors-le-cedre-red-2016\\\/\",\"name\":\"Chateau du C\u00e8dre Cahors Le C\u00e8dre 2016 - Vavin \u9152\u76d2\u5b50\",\"isPartOf\":{\"@id\":\"https:\\\/\\\/vavin.tw\\\/#website\"},\"primaryImageOfPage\":{\"@id\":\"https:\\\/\\\/vavin.tw\\\/product\\\/chateau-du-cedre-cahors-le-cedre-red-2016\\\/#primaryimage\"},\"image\":{\"@id\":\"https:\\\/\\\/vavin.tw\\\/product\\\/chateau-du-cedre-cahors-le-cedre-red-2016\\\/#primaryimage\"},\"thumbnailUrl\":\"https:\\\/\\\/vavin.tw\\\/wp-content\\\/uploads\\\/2023\\\/04\\\/Cahors-Rouge-Le-Cedre-Cht-du-Cedre.png\",\"datePublished\":\"2023-04-11T10:01:45+00:00\",\"dateModified\":\"2025-04-27T05:00:43+00:00\",\"description\":\"Ch\u00e2teau du C\u00e8dre Cahors \\\"Le C\u00e8dre\\\" 2016 \u2014 the flagship Malbec of the estate, with intense black fruit, spice, and silky tannins. A powerful yet elegant Cahors with superb aging potential, perfect for lamb, game, and gourmet dishes.\",\"breadcrumb\":{\"@id\":\"https:\\\/\\\/vavin.tw\\\/product\\\/chateau-du-cedre-cahors-le-cedre-red-2016\\\/#breadcrumb\"},\"inLanguage\":\"ko-KR\",\"potentialAction\":[{\"@type\":\"ReadAction\",\"target\":[\"https:\\\/\\\/vavin.tw\\\/product\\\/chateau-du-cedre-cahors-le-cedre-red-2016\\\/\"]}]},{\"@type\":\"ImageObject\",\"inLanguage\":\"ko-KR\",\"@id\":\"https:\\\/\\\/vavin.tw\\\/product\\\/chateau-du-cedre-cahors-le-cedre-red-2016\\\/#primaryimage\",\"url\":\"https:\\\/\\\/vavin.tw\\\/wp-content\\\/uploads\\\/2023\\\/04\\\/Cahors-Rouge-Le-Cedre-Cht-du-Cedre.png\",\"contentUrl\":\"https:\\\/\\\/vavin.tw\\\/wp-content\\\/uploads\\\/2023\\\/04\\\/Cahors-Rouge-Le-Cedre-Cht-du-Cedre.png\",\"width\":400,\"height\":600},{\"@type\":\"BreadcrumbList\",\"@id\":\"https:\\\/\\\/vavin.tw\\\/product\\\/chateau-du-cedre-cahors-le-cedre-red-2016\\\/#breadcrumb\",\"itemListElement\":[{\"@type\":\"ListItem\",\"position\":1,\"name\":\"Home\",\"item\":\"https:\\\/\\\/vavin.tw\\\/\"},{\"@type\":\"ListItem\",\"position\":2,\"name\":\"Products\",\"item\":\"https:\\\/\\\/vavin.tw\\\/shop\\\/\"},{\"@type\":\"ListItem\",\"position\":3,\"name\":\"Chateau du C\u00e8dre Cahors Le C\u00e8dre 2016\"}]},{\"@type\":\"WebSite\",\"@id\":\"https:\\\/\\\/vavin.tw\\\/#website\",\"url\":\"https:\\\/\\\/vavin.tw\\\/\",\"name\":\"Vavin \u9152\u76d2\u5b50\",\"description\":\"Savor the Art of Wine\",\"publisher\":{\"@id\":\"https:\\\/\\\/vavin.tw\\\/#organization\"},\"potentialAction\":[{\"@type\":\"SearchAction\",\"target\":{\"@type\":\"EntryPoint\",\"urlTemplate\":\"https:\\\/\\\/vavin.tw\\\/?s={search_term_string}\"},\"query-input\":{\"@type\":\"PropertyValueSpecification\",\"valueRequired\":true,\"valueName\":\"search_term_string\"}}],\"inLanguage\":\"ko-KR\"},{\"@type\":\"Organization\",\"@id\":\"https:\\\/\\\/vavin.tw\\\/#organization\",\"name\":\"Vavin \u9152\u76d2\u5b50\",\"url\":\"https:\\\/\\\/vavin.tw\\\/\",\"logo\":{\"@type\":\"ImageObject\",\"inLanguage\":\"ko-KR\",\"@id\":\"https:\\\/\\\/vavin.tw\\\/#\\\/schema\\\/logo\\\/image\\\/\",\"url\":\"https:\\\/\\\/vavin.tw\\\/wp-content\\\/uploads\\\/2023\\\/03\\\/cropped-favicon-violet-v1.png\",\"contentUrl\":\"https:\\\/\\\/vavin.tw\\\/wp-content\\\/uploads\\\/2023\\\/03\\\/cropped-favicon-violet-v1.png\",\"width\":512,\"height\":512,\"caption\":\"Vavin \u9152\u76d2\u5b50\"},\"image\":{\"@id\":\"https:\\\/\\\/vavin.tw\\\/#\\\/schema\\\/logo\\\/image\\\/\"},\"sameAs\":[\"https:\\\/\\\/www.facebook.com\\\/vavintw\",\"https:\\\/\\\/www.instagram.com\\\/vavin_tw\"]}]}<\/script>\n<!-- \/ Yoast SEO Premium plugin. -->","yoast_head_json":{"title":"\uc0e4\ud1a0 \ub4a4 \uc138\ub4dc\ub974 \uce74\uc624\ub974 \ub974 \uc138\ub4dc\ub974 2016 - \ubc14\ubc45 \uc8fc\ud638\ucbd4","description":"\uc0e4\ud1a0 \ub4a4 \uc138\ub4dc\ub974 \uce74\uc624\ub974 \"\ub974 \uc138\ub4dc\ub974\" 2016 \u2014 \uc640\uc774\ub108\ub9ac\uc758 \ub300\ud45c \ub9d0\ubca1\uc73c\ub85c, \uac15\ub82c\ud55c \ube14\ub799\ubca0\ub9ac, \ud5a5\uc2e0\ub8cc, \ubca8\ubcb3 \uac19\uc740 \ud0c0\ub2cc\uc774 \ud2b9\uc9d5\uc785\ub2c8\ub2e4. \ud6cc\ub96d\ud55c \uc219\uc131 \uc7a0\uc7ac\ub825\uc744 \uc9c0\ub2cc \uac15\ub825\ud558\uba74\uc11c\ub3c4 \uc6b0\uc544\ud55c \uce74\uc624\ub974 \uc640\uc778\uc73c\ub85c, \uc591\uace0\uae30, \uc0ac\ub0e5\uac10, \ubbf8\uc2dd \uc694\ub9ac\uc640 \uc644\ubcbd\ud558\uac8c \uc5b4\uc6b8\ub9bd\ub2c8\ub2e4.","robots":{"index":"index","follow":"follow","max-snippet":"max-snippet:-1","max-image-preview":"max-image-preview:large","max-video-preview":"max-video-preview:-1"},"canonical":"https:\/\/vavin.tw\/ko\/product\/\uc0e4\ud1a0-\ub4a4-\uc138\ub4dc\ub974-\uce74\uc624\ub974-\ub974-\uc138\ub4dc\ub974-\ub808\ub4dc-2016\/","og_locale":"ko_KR","og_type":"article","og_title":"Chateau du C\u00e8dre Cahors Le C\u00e8dre 2016","og_description":"Ch\u00e2teau du C\u00e8dre Cahors \"Le C\u00e8dre\" 2016 \u2014 the flagship Malbec of the estate, with intense black fruit, spice, and silky tannins. A powerful yet elegant Cahors with superb aging potential, perfect for lamb, game, and gourmet dishes.","og_url":"https:\/\/vavin.tw\/ko\/product\/\uc0e4\ud1a0-\ub4a4-\uc138\ub4dc\ub974-\uce74\uc624\ub974-\ub974-\uc138\ub4dc\ub974-\ub808\ub4dc-2016\/","og_site_name":"Vavin \u9152\u76d2\u5b50","article_publisher":"https:\/\/www.facebook.com\/vavintw","article_modified_time":"2025-04-27T05:00:43+00:00","og_image":[{"width":400,"height":600,"url":"https:\/\/vavin.tw\/wp-content\/uploads\/2023\/04\/Cahors-Rouge-Le-Cedre-Cht-du-Cedre.png","type":"image\/png"}],"twitter_card":"summary_large_image","twitter_misc":{"\uc608\uc0c1 \ub418\ub294 \ud310\ub3c5 \uc2dc\uac04":"1\ubd84"},"schema":{"@context":"https:\/\/schema.org","@graph":[{"@type":"WebPage","@id":"https:\/\/vavin.tw\/product\/chateau-du-cedre-cahors-le-cedre-red-2016\/","url":"https:\/\/vavin.tw\/product\/chateau-du-cedre-cahors-le-cedre-red-2016\/","name":"\uc0e4\ud1a0 \ub4a4 \uc138\ub4dc\ub974 \uce74\uc624\ub974 \ub974 \uc138\ub4dc\ub974 2016 - \ubc14\ubc45 \uc8fc\ud638\ucbd4","isPartOf":{"@id":"https:\/\/vavin.tw\/#website"},"primaryImageOfPage":{"@id":"https:\/\/vavin.tw\/product\/chateau-du-cedre-cahors-le-cedre-red-2016\/#primaryimage"},"image":{"@id":"https:\/\/vavin.tw\/product\/chateau-du-cedre-cahors-le-cedre-red-2016\/#primaryimage"},"thumbnailUrl":"https:\/\/vavin.tw\/wp-content\/uploads\/2023\/04\/Cahors-Rouge-Le-Cedre-Cht-du-Cedre.png","datePublished":"2023-04-11T10:01:45+00:00","dateModified":"2025-04-27T05:00:43+00:00","description":"\uc0e4\ud1a0 \ub4a4 \uc138\ub4dc\ub974 \uce74\uc624\ub974 \"\ub974 \uc138\ub4dc\ub974\" 2016 \u2014 \uc640\uc774\ub108\ub9ac\uc758 \ub300\ud45c \ub9d0\ubca1\uc73c\ub85c, \uac15\ub82c\ud55c \ube14\ub799\ubca0\ub9ac, \ud5a5\uc2e0\ub8cc, \ubca8\ubcb3 \uac19\uc740 \ud0c0\ub2cc\uc774 \ud2b9\uc9d5\uc785\ub2c8\ub2e4. \ud6cc\ub96d\ud55c \uc219\uc131 \uc7a0\uc7ac\ub825\uc744 \uc9c0\ub2cc \uac15\ub825\ud558\uba74\uc11c\ub3c4 \uc6b0\uc544\ud55c \uce74\uc624\ub974 \uc640\uc778\uc73c\ub85c, \uc591\uace0\uae30, \uc0ac\ub0e5\uac10, \ubbf8\uc2dd \uc694\ub9ac\uc640 \uc644\ubcbd\ud558\uac8c \uc5b4\uc6b8\ub9bd\ub2c8\ub2e4.","breadcrumb":{"@id":"https:\/\/vavin.tw\/product\/chateau-du-cedre-cahors-le-cedre-red-2016\/#breadcrumb"},"inLanguage":"ko-KR","potentialAction":[{"@type":"ReadAction","target":["https:\/\/vavin.tw\/product\/chateau-du-cedre-cahors-le-cedre-red-2016\/"]}]},{"@type":"ImageObject","inLanguage":"ko-KR","@id":"https:\/\/vavin.tw\/product\/chateau-du-cedre-cahors-le-cedre-red-2016\/#primaryimage","url":"https:\/\/vavin.tw\/wp-content\/uploads\/2023\/04\/Cahors-Rouge-Le-Cedre-Cht-du-Cedre.png","contentUrl":"https:\/\/vavin.tw\/wp-content\/uploads\/2023\/04\/Cahors-Rouge-Le-Cedre-Cht-du-Cedre.png","width":400,"height":600},{"@type":"BreadcrumbList","@id":"https:\/\/vavin.tw\/product\/chateau-du-cedre-cahors-le-cedre-red-2016\/#breadcrumb","itemListElement":[{"@type":"ListItem","position":1,"name":"Home","item":"https:\/\/vavin.tw\/"},{"@type":"ListItem","position":2,"name":"Products","item":"https:\/\/vavin.tw\/shop\/"},{"@type":"ListItem","position":3,"name":"Chateau du C\u00e8dre Cahors Le C\u00e8dre 2016"}]},{"@type":"WebSite","@id":"https:\/\/vavin.tw\/#website","url":"https:\/\/vavin.tw\/","name":"Vavin","description":"\uc640\uc778\uc758 \uc608\uc220\uc744 \uc74c\ubbf8\ud558\ub2e4","publisher":{"@id":"https:\/\/vavin.tw\/#organization"},"potentialAction":[{"@type":"SearchAction","target":{"@type":"EntryPoint","urlTemplate":"https:\/\/vavin.tw\/?s={search_term_string}"},"query-input":{"@type":"PropertyValueSpecification","valueRequired":true,"valueName":"search_term_string"}}],"inLanguage":"ko-KR"},{"@type":"Organization","@id":"https:\/\/vavin.tw\/#organization","name":"Vavin","url":"https:\/\/vavin.tw\/","logo":{"@type":"ImageObject","inLanguage":"ko-KR","@id":"https:\/\/vavin.tw\/#\/schema\/logo\/image\/","url":"https:\/\/vavin.tw\/wp-content\/uploads\/2023\/03\/cropped-favicon-violet-v1.png","contentUrl":"https:\/\/vavin.tw\/wp-content\/uploads\/2023\/03\/cropped-favicon-violet-v1.png","width":512,"height":512,"caption":"Vavin \u9152\u76d2\u5b50"},"image":{"@id":"https:\/\/vavin.tw\/#\/schema\/logo\/image\/"},"sameAs":["https:\/\/www.facebook.com\/vavintw","https:\/\/www.instagram.com\/vavin_tw"]}]}},"_links":{"self":[{"href":"https:\/\/vavin.tw\/ko\/wp-json\/wp\/v2\/product\/990891","targetHints":{"allow":["GET"]}}],"collection":[{"href":"https:\/\/vavin.tw\/ko\/wp-json\/wp\/v2\/product"}],"about":[{"href":"https:\/\/vavin.tw\/ko\/wp-json\/wp\/v2\/types\/product"}],"replies":[{"embeddable":true,"href":"https:\/\/vavin.tw\/ko\/wp-json\/wp\/v2\/comments?post=990891"}],"version-history":[{"count":0,"href":"https:\/\/vavin.tw\/ko\/wp-json\/wp\/v2\/product\/990891\/revisions"}],"wp:featuredmedia":[{"embeddable":true,"href":"https:\/\/vavin.tw\/ko\/wp-json\/wp\/v2\/media\/990979"}],"wp:attachment":[{"href":"https:\/\/vavin.tw\/ko\/wp-json\/wp\/v2\/media?parent=990891"}],"wp:term":[{"taxonomy":"product_brand","embeddable":true,"href":"https:\/\/vavin.tw\/ko\/wp-json\/wp\/v2\/product_brand?post=990891"},{"taxonomy":"product_cat","embeddable":true,"href":"https:\/\/vavin.tw\/ko\/wp-json\/wp\/v2\/product_cat?post=990891"},{"taxonomy":"product_tag","embeddable":true,"href":"https:\/\/vavin.tw\/ko\/wp-json\/wp\/v2\/product_tag?post=990891"}],"curies":[{"name":"wp","href":"https:\/\/api.w.org\/{rel}","templated":true}]}}