{"id":993777,"date":"2023-09-13T23:17:26","date_gmt":"2023-09-13T15:17:26","guid":{"rendered":"https:\/\/vavin.tw\/?post_type=product&#038;p=993777"},"modified":"2025-04-26T13:49:20","modified_gmt":"2025-04-26T05:49:20","slug":"frerejean-freres-champagne-1er-cru-brut-nv","status":"publish","type":"product","link":"https:\/\/vavin.tw\/ko\/product\/frerejean-freres-champagne-1er-cru-brut-nv\/","title":{"rendered":"\ud504\ub808\ub974\uc7a5 \ud504\ub808\ub974 \uc0f9\ud30c\ub274 \ud504\ub9ac\ubbf8\uc5d0 \ud06c\ub93c \ube0c\ub93c NV"},"content":{"rendered":"<div class=\"vgblk-rw-wrapper limit-wrapper\">\n<div class=\"wine-info\"><strong>\uc0c9\uc0c1:<\/strong> \uc2a4\ud30c\ud074\ub9c1 \ud654\uc774\ud2b8<br \/>\n<strong>\ub3c4\uc218:<\/strong> 12% \uad8c.<br \/>\n<strong>\ud3ec\ub3c4 \ud488\uc885:<\/strong> \uc0e4\ub974\ub3c4\ub124, \ud53c\ub178 \ub204\uc544, \ud53c\ub178 \ubafc\ub2c8\uc5d0<br \/>\n<strong>\ubcd1 \uc6a9\ub7c9:<\/strong> 75\ud074<\/div>\n<hr \/>\n<div class=\"wine-section\">\n<h3>\ub3c4\uba58 \uc5ed\uc0ac<\/h3>\n<p>Fr\u00e8reJean Fr\u00e8re is a Champagne house that values tradition and excellence, crafting refined cuv\u00e9es from Premier Cru vineyards. With a focus on quality and precision, the house produces elegant Champagnes that highlight the unique expression of their terroirs.<\/p>\n<hr \/>\n<\/div>\n<div class=\"wine-section\">\n<h3>\ub5bc\ub8e8\uc544<\/h3>\n<p>The grapes are sourced from Premier Cru classified vineyards in the Champagne region, planted on chalky and limestone soils. This terroir brings finesse, minerality, and freshness, essential to the balance and complexity of great Champagne.<\/p>\n<hr \/>\n<\/div>\n<div class=\"wine-section\">\n<h3>\ud14c\uc774\uc2a4\ud305 \ub178\ud2b8<\/h3>\n<p>Pale gold with fine, persistent bubbles. The nose is elegant and fresh, revealing aromas of white flowers, citrus, and brioche. On the palate, the wine is crisp and vibrant, with delicate fruit, creamy texture, and a long, mineral finish.<\/p>\n<p class=\"wine-highlight\">A refined and expressive Premier Cru Champagne, combining freshness, finesse, and balance \u2014 perfect for celebrations or aperitifs.<\/p>\n<hr \/>\n<\/div>\n<div class=\"wine-section\">\n<h3>\ud398\uc5b4\ub9c1<\/h3>\n<p>Ideal as an aperitif, or paired with oysters, seafood, sushi, or soft cheeses like Brie and Chaource.<\/p>\n<\/div>\n<\/div>\n<p><!-- .vgblk-rw-wrapper --><\/p>","protected":false},"excerpt":{"rendered":"<p>Color: Sparkling White Alcohol: 12% vol. Grape Variety: Chardonnay, Pinot Noir, Pinot Meunier Bottle Size: 75 cl Domaine History Fr\u00e8reJean Fr\u00e8re is a Champagne house that values tradition and excellence, crafting refined cuv\u00e9es from Premier Cru vineyards. With a focus on quality and precision, the house produces elegant Champagnes that highlight the unique expression of&#8230;<\/p>","protected":false},"featured_media":993778,"comment_status":"open","ping_status":"closed","template":"","meta":[],"product_brand":[],"product_cat":[94,99],"product_tag":[147,204,146],"class_list":{"0":"post-993777","1":"product","2":"type-product","3":"status-publish","4":"has-post-thumbnail","6":"product_cat-champagne","7":"product_cat-sparkling","8":"product_tag-chardonnay","9":"product_tag-pinot-meunier","10":"product_tag-pinot-noir","12":"first","13":"instock","14":"shipping-taxable","15":"product-type-simple"},"yoast_head":"<!-- This site is optimized with the Yoast SEO Premium plugin v27.2 (Yoast SEO v27.3) - https:\/\/yoast.com\/product\/yoast-seo-premium-wordpress\/ -->\n<title>FrereJean Fr\u00e8res Champagne 1er Cru Brut NV - Vavin \u9152\u76d2\u5b50<\/title>\n<meta name=\"description\" content=\"Fr\u00e8reJean Fr\u00e8re Champagne Brut Premier Cru \u2014 an elegant Champagne blending Chardonnay, Pinot Noir, and Pinot Meunier. Fine bubbles, citrus, floral notes, and a creamy finish. Perfect for aperitifs and festive occasions.\" \/>\n<meta name=\"robots\" content=\"index, follow, max-snippet:-1, max-image-preview:large, max-video-preview:-1\" \/>\n<link rel=\"canonical\" href=\"https:\/\/vavin.tw\/ko\/product\/frerejean-freres-champagne-1er-cru-brut-nv\/\" \/>\n<meta property=\"og:locale\" content=\"ko_KR\" \/>\n<meta property=\"og:type\" content=\"article\" \/>\n<meta property=\"og:title\" content=\"FrereJean Fr\u00e8res Champagne 1er Cru Brut NV\" \/>\n<meta property=\"og:description\" content=\"Fr\u00e8reJean Fr\u00e8re Champagne Brut Premier Cru \u2014 an elegant Champagne blending Chardonnay, Pinot Noir, and Pinot Meunier. Fine bubbles, citrus, floral notes, and a creamy finish. Perfect for aperitifs and festive occasions.\" \/>\n<meta property=\"og:url\" content=\"https:\/\/vavin.tw\/ko\/product\/frerejean-freres-champagne-1er-cru-brut-nv\/\" \/>\n<meta property=\"og:site_name\" content=\"Vavin \u9152\u76d2\u5b50\" \/>\n<meta property=\"article:publisher\" content=\"https:\/\/www.facebook.com\/vavintw\" \/>\n<meta property=\"article:modified_time\" content=\"2025-04-26T05:49:20+00:00\" \/>\n<meta property=\"og:image\" content=\"https:\/\/vavin.tw\/wp-content\/uploads\/2023\/09\/frerejean.png\" \/>\n\t<meta property=\"og:image:width\" content=\"400\" \/>\n\t<meta property=\"og:image:height\" content=\"600\" \/>\n\t<meta property=\"og:image:type\" content=\"image\/png\" \/>\n<meta name=\"twitter:card\" content=\"summary_large_image\" \/>\n<meta name=\"twitter:label1\" content=\"\uc608\uc0c1 \ub418\ub294 \ud310\ub3c5 \uc2dc\uac04\" \/>\n\t<meta name=\"twitter:data1\" content=\"1\ubd84\" \/>\n<script type=\"application\/ld+json\" class=\"yoast-schema-graph\">{\"@context\":\"https:\\\/\\\/schema.org\",\"@graph\":[{\"@type\":\"WebPage\",\"@id\":\"https:\\\/\\\/vavin.tw\\\/product\\\/frerejean-freres-champagne-1er-cru-brut-nv\\\/\",\"url\":\"https:\\\/\\\/vavin.tw\\\/product\\\/frerejean-freres-champagne-1er-cru-brut-nv\\\/\",\"name\":\"FrereJean Fr\u00e8res Champagne 1er Cru Brut NV - Vavin \u9152\u76d2\u5b50\",\"isPartOf\":{\"@id\":\"https:\\\/\\\/vavin.tw\\\/#website\"},\"primaryImageOfPage\":{\"@id\":\"https:\\\/\\\/vavin.tw\\\/product\\\/frerejean-freres-champagne-1er-cru-brut-nv\\\/#primaryimage\"},\"image\":{\"@id\":\"https:\\\/\\\/vavin.tw\\\/product\\\/frerejean-freres-champagne-1er-cru-brut-nv\\\/#primaryimage\"},\"thumbnailUrl\":\"https:\\\/\\\/vavin.tw\\\/wp-content\\\/uploads\\\/2023\\\/09\\\/frerejean.png\",\"datePublished\":\"2023-09-13T15:17:26+00:00\",\"dateModified\":\"2025-04-26T05:49:20+00:00\",\"description\":\"Fr\u00e8reJean Fr\u00e8re Champagne Brut Premier Cru \u2014 an elegant Champagne blending Chardonnay, Pinot Noir, and Pinot Meunier. Fine bubbles, citrus, floral notes, and a creamy finish. Perfect for aperitifs and festive occasions.\",\"breadcrumb\":{\"@id\":\"https:\\\/\\\/vavin.tw\\\/product\\\/frerejean-freres-champagne-1er-cru-brut-nv\\\/#breadcrumb\"},\"inLanguage\":\"ko-KR\",\"potentialAction\":[{\"@type\":\"ReadAction\",\"target\":[\"https:\\\/\\\/vavin.tw\\\/product\\\/frerejean-freres-champagne-1er-cru-brut-nv\\\/\"]}]},{\"@type\":\"ImageObject\",\"inLanguage\":\"ko-KR\",\"@id\":\"https:\\\/\\\/vavin.tw\\\/product\\\/frerejean-freres-champagne-1er-cru-brut-nv\\\/#primaryimage\",\"url\":\"https:\\\/\\\/vavin.tw\\\/wp-content\\\/uploads\\\/2023\\\/09\\\/frerejean.png\",\"contentUrl\":\"https:\\\/\\\/vavin.tw\\\/wp-content\\\/uploads\\\/2023\\\/09\\\/frerejean.png\",\"width\":400,\"height\":600},{\"@type\":\"BreadcrumbList\",\"@id\":\"https:\\\/\\\/vavin.tw\\\/product\\\/frerejean-freres-champagne-1er-cru-brut-nv\\\/#breadcrumb\",\"itemListElement\":[{\"@type\":\"ListItem\",\"position\":1,\"name\":\"Home\",\"item\":\"https:\\\/\\\/vavin.tw\\\/\"},{\"@type\":\"ListItem\",\"position\":2,\"name\":\"Products\",\"item\":\"https:\\\/\\\/vavin.tw\\\/shop\\\/\"},{\"@type\":\"ListItem\",\"position\":3,\"name\":\"FrereJean Fr\u00e8res Champagne 1er Cru Brut NV\"}]},{\"@type\":\"WebSite\",\"@id\":\"https:\\\/\\\/vavin.tw\\\/#website\",\"url\":\"https:\\\/\\\/vavin.tw\\\/\",\"name\":\"Vavin \u9152\u76d2\u5b50\",\"description\":\"Savor the Art of Wine\",\"publisher\":{\"@id\":\"https:\\\/\\\/vavin.tw\\\/#organization\"},\"potentialAction\":[{\"@type\":\"SearchAction\",\"target\":{\"@type\":\"EntryPoint\",\"urlTemplate\":\"https:\\\/\\\/vavin.tw\\\/?s={search_term_string}\"},\"query-input\":{\"@type\":\"PropertyValueSpecification\",\"valueRequired\":true,\"valueName\":\"search_term_string\"}}],\"inLanguage\":\"ko-KR\"},{\"@type\":\"Organization\",\"@id\":\"https:\\\/\\\/vavin.tw\\\/#organization\",\"name\":\"Vavin \u9152\u76d2\u5b50\",\"url\":\"https:\\\/\\\/vavin.tw\\\/\",\"logo\":{\"@type\":\"ImageObject\",\"inLanguage\":\"ko-KR\",\"@id\":\"https:\\\/\\\/vavin.tw\\\/#\\\/schema\\\/logo\\\/image\\\/\",\"url\":\"https:\\\/\\\/vavin.tw\\\/wp-content\\\/uploads\\\/2023\\\/03\\\/cropped-favicon-violet-v1.png\",\"contentUrl\":\"https:\\\/\\\/vavin.tw\\\/wp-content\\\/uploads\\\/2023\\\/03\\\/cropped-favicon-violet-v1.png\",\"width\":512,\"height\":512,\"caption\":\"Vavin \u9152\u76d2\u5b50\"},\"image\":{\"@id\":\"https:\\\/\\\/vavin.tw\\\/#\\\/schema\\\/logo\\\/image\\\/\"},\"sameAs\":[\"https:\\\/\\\/www.facebook.com\\\/vavintw\",\"https:\\\/\\\/www.instagram.com\\\/vavin_tw\"]}]}<\/script>\n<!-- \/ Yoast SEO Premium plugin. -->","yoast_head_json":{"title":"FrereJean Fr\u00e8res Champagne 1er Cru Brut NV - Vavin \u9152\u76d2\u5b50","description":"Fr\u00e8reJean Fr\u00e8re Champagne Brut Premier Cru \u2014 an elegant Champagne blending Chardonnay, Pinot Noir, and Pinot Meunier. Fine bubbles, citrus, floral notes, and a creamy finish. Perfect for aperitifs and festive occasions.","robots":{"index":"index","follow":"follow","max-snippet":"max-snippet:-1","max-image-preview":"max-image-preview:large","max-video-preview":"max-video-preview:-1"},"canonical":"https:\/\/vavin.tw\/ko\/product\/frerejean-freres-champagne-1er-cru-brut-nv\/","og_locale":"ko_KR","og_type":"article","og_title":"FrereJean Fr\u00e8res Champagne 1er Cru Brut NV","og_description":"Fr\u00e8reJean Fr\u00e8re Champagne Brut Premier Cru \u2014 an elegant Champagne blending Chardonnay, Pinot Noir, and Pinot Meunier. Fine bubbles, citrus, floral notes, and a creamy finish. Perfect for aperitifs and festive occasions.","og_url":"https:\/\/vavin.tw\/ko\/product\/frerejean-freres-champagne-1er-cru-brut-nv\/","og_site_name":"Vavin \u9152\u76d2\u5b50","article_publisher":"https:\/\/www.facebook.com\/vavintw","article_modified_time":"2025-04-26T05:49:20+00:00","og_image":[{"width":400,"height":600,"url":"https:\/\/vavin.tw\/wp-content\/uploads\/2023\/09\/frerejean.png","type":"image\/png"}],"twitter_card":"summary_large_image","twitter_misc":{"\uc608\uc0c1 \ub418\ub294 \ud310\ub3c5 \uc2dc\uac04":"1\ubd84"},"schema":{"@context":"https:\/\/schema.org","@graph":[{"@type":"WebPage","@id":"https:\/\/vavin.tw\/product\/frerejean-freres-champagne-1er-cru-brut-nv\/","url":"https:\/\/vavin.tw\/product\/frerejean-freres-champagne-1er-cru-brut-nv\/","name":"FrereJean Fr\u00e8res Champagne 1er Cru Brut NV - Vavin \u9152\u76d2\u5b50","isPartOf":{"@id":"https:\/\/vavin.tw\/#website"},"primaryImageOfPage":{"@id":"https:\/\/vavin.tw\/product\/frerejean-freres-champagne-1er-cru-brut-nv\/#primaryimage"},"image":{"@id":"https:\/\/vavin.tw\/product\/frerejean-freres-champagne-1er-cru-brut-nv\/#primaryimage"},"thumbnailUrl":"https:\/\/vavin.tw\/wp-content\/uploads\/2023\/09\/frerejean.png","datePublished":"2023-09-13T15:17:26+00:00","dateModified":"2025-04-26T05:49:20+00:00","description":"Fr\u00e8reJean Fr\u00e8re Champagne Brut Premier Cru \u2014 an elegant Champagne blending Chardonnay, Pinot Noir, and Pinot Meunier. Fine bubbles, citrus, floral notes, and a creamy finish. Perfect for aperitifs and festive occasions.","breadcrumb":{"@id":"https:\/\/vavin.tw\/product\/frerejean-freres-champagne-1er-cru-brut-nv\/#breadcrumb"},"inLanguage":"ko-KR","potentialAction":[{"@type":"ReadAction","target":["https:\/\/vavin.tw\/product\/frerejean-freres-champagne-1er-cru-brut-nv\/"]}]},{"@type":"ImageObject","inLanguage":"ko-KR","@id":"https:\/\/vavin.tw\/product\/frerejean-freres-champagne-1er-cru-brut-nv\/#primaryimage","url":"https:\/\/vavin.tw\/wp-content\/uploads\/2023\/09\/frerejean.png","contentUrl":"https:\/\/vavin.tw\/wp-content\/uploads\/2023\/09\/frerejean.png","width":400,"height":600},{"@type":"BreadcrumbList","@id":"https:\/\/vavin.tw\/product\/frerejean-freres-champagne-1er-cru-brut-nv\/#breadcrumb","itemListElement":[{"@type":"ListItem","position":1,"name":"Home","item":"https:\/\/vavin.tw\/"},{"@type":"ListItem","position":2,"name":"Products","item":"https:\/\/vavin.tw\/shop\/"},{"@type":"ListItem","position":3,"name":"FrereJean Fr\u00e8res Champagne 1er Cru Brut NV"}]},{"@type":"WebSite","@id":"https:\/\/vavin.tw\/#website","url":"https:\/\/vavin.tw\/","name":"Vavin","description":"\uc640\uc778\uc758 \uc608\uc220\uc744 \uc74c\ubbf8\ud558\ub2e4","publisher":{"@id":"https:\/\/vavin.tw\/#organization"},"potentialAction":[{"@type":"SearchAction","target":{"@type":"EntryPoint","urlTemplate":"https:\/\/vavin.tw\/?s={search_term_string}"},"query-input":{"@type":"PropertyValueSpecification","valueRequired":true,"valueName":"search_term_string"}}],"inLanguage":"ko-KR"},{"@type":"Organization","@id":"https:\/\/vavin.tw\/#organization","name":"Vavin","url":"https:\/\/vavin.tw\/","logo":{"@type":"ImageObject","inLanguage":"ko-KR","@id":"https:\/\/vavin.tw\/#\/schema\/logo\/image\/","url":"https:\/\/vavin.tw\/wp-content\/uploads\/2023\/03\/cropped-favicon-violet-v1.png","contentUrl":"https:\/\/vavin.tw\/wp-content\/uploads\/2023\/03\/cropped-favicon-violet-v1.png","width":512,"height":512,"caption":"Vavin \u9152\u76d2\u5b50"},"image":{"@id":"https:\/\/vavin.tw\/#\/schema\/logo\/image\/"},"sameAs":["https:\/\/www.facebook.com\/vavintw","https:\/\/www.instagram.com\/vavin_tw"]}]}},"_links":{"self":[{"href":"https:\/\/vavin.tw\/ko\/wp-json\/wp\/v2\/product\/993777","targetHints":{"allow":["GET"]}}],"collection":[{"href":"https:\/\/vavin.tw\/ko\/wp-json\/wp\/v2\/product"}],"about":[{"href":"https:\/\/vavin.tw\/ko\/wp-json\/wp\/v2\/types\/product"}],"replies":[{"embeddable":true,"href":"https:\/\/vavin.tw\/ko\/wp-json\/wp\/v2\/comments?post=993777"}],"version-history":[{"count":0,"href":"https:\/\/vavin.tw\/ko\/wp-json\/wp\/v2\/product\/993777\/revisions"}],"wp:featuredmedia":[{"embeddable":true,"href":"https:\/\/vavin.tw\/ko\/wp-json\/wp\/v2\/media\/993778"}],"wp:attachment":[{"href":"https:\/\/vavin.tw\/ko\/wp-json\/wp\/v2\/media?parent=993777"}],"wp:term":[{"taxonomy":"product_brand","embeddable":true,"href":"https:\/\/vavin.tw\/ko\/wp-json\/wp\/v2\/product_brand?post=993777"},{"taxonomy":"product_cat","embeddable":true,"href":"https:\/\/vavin.tw\/ko\/wp-json\/wp\/v2\/product_cat?post=993777"},{"taxonomy":"product_tag","embeddable":true,"href":"https:\/\/vavin.tw\/ko\/wp-json\/wp\/v2\/product_tag?post=993777"}],"curies":[{"name":"wp","href":"https:\/\/api.w.org\/{rel}","templated":true}]}}