{"id":998951,"date":"2025-02-09T01:21:55","date_gmt":"2025-02-08T17:21:55","guid":{"rendered":"https:\/\/vavin.tw\/?post_type=product&#038;p=998951"},"modified":"2025-07-16T12:30:51","modified_gmt":"2025-07-16T04:30:51","slug":"%ec%83%a4%ed%86%a0-%eb%aa%bd-%eb%a0%88%eb%8f%99-%eb%a6%ac%eb%9d%bd-%eb%a0%88%eb%93%9c-2022","status":"publish","type":"product","link":"https:\/\/vavin.tw\/ko\/product\/chateau-mont-redon-lirac-red-2022\/","title":{"rendered":"\uc0e4\ud1a0 \ubabd-\ub808\ub3d9 \ub9ac\ub77d 2022"},"content":{"rendered":"<div class=\"vgblk-rw-wrapper limit-wrapper\">\n<div class=\"wine-info\"><strong>\uc0c9\uc0c1:<\/strong> \ub808\ub4dc \uc640\uc778<br \/>\n<strong>\ub3c4\uc218:<\/strong> 14% \uad8c.<br \/>\n<strong>\ud3ec\ub3c4 \ud488\uc885:<\/strong> \uadf8\ub974\ub098\uc288, \uc2dc\ub77c, \ubb34\ub974\ubca0\ub4dc\ub974<br \/>\n<strong>\ubcd1 \uc6a9\ub7c9:<\/strong> 75\ud074<\/div>\n<hr \/>\n<div class=\"wine-section\">\n<h3>\ub3c4\uba58 \uc5ed\uc0ac<\/h3>\n<p>1344\ub144\uc5d0 \uc124\ub9bd\ub41c Ch\u00e2teau Mont-Redon\uc740 \uc0e4\ud1a0\ub1cc\ud504-\ub4a4-\ud30c\ud504\ub85c \uc720\uba85\ud558\uba70, \ub9ac\ub77c\ud06c(Lirac) \uc9c0\uc5ed\uc5d0\uc11c\ub3c4 \ud6cc\ub96d\ud55c \uc640\uc778\uc744 \uc0dd\uc0b0\ud569\ub2c8\ub2e4. \uc218\uc138\ub300\uc5d0 \uac78\uce5c \uc804\ubb38\uc131\uacfc \uc9c0\uc18d \uac00\ub2a5\ud55c \ud3ec\ub3c4 \uc7ac\ubc30\uc5d0 \ub300\ud55c \ud5cc\uc2e0\uc73c\ub85c, \ub860 \ubc38\ub9ac \ud14c\ub8e8\uc544\uc758 \ud48d\ubd80\ud568\uacfc \uade0\ud615\ubbf8\ub97c \uc798 \ubcf4\uc5ec\uc8fc\ub294 \uc640\uc778\uc744 \ub9cc\ub4e4\uc5b4\ub0c5\ub2c8\ub2e4.<\/p>\n<hr \/>\n<\/div>\n<div class=\"wine-section\">\n<h3>\ub5bc\ub8e8\uc544<\/h3>\n<p>\ub9ac\ub77c\ud06c \uc9c0\uc5ed\uc758 \ud3ec\ub3c4\ubc2d\uc740 \uc790\uac08\uacfc \ubd89\uc740 \uc810\ud1a0\ub85c \uc774\ub8e8\uc5b4\uc9c4 \ud14c\ub77c\uc2a4 \uc9c0\ud615\uc5d0 \uc790\ub9ac \uc7a1\uace0 \uc788\uc73c\uba70, \uc774\ub294 \uc0e4\ud1a0\ub1cc\ud504 \ub4a4 \ud30c\ud504\uc640 \uc720\uc0ac\ud569\ub2c8\ub2e4. \uc774\ucc98\ub7fc \ubc30\uc218\uac00 \uc798 \ub418\ub294 \ud1a0\uc591, \uc9c0\uc911\ud574\uc758 \ud587\ube5b, \uadf8\ub9ac\uace0 \ubbf8\uc2a4\ud2b8\ub784 \ubc14\ub78c\uc774 \uc5b4\uc6b0\ub7ec\uc838 \ud3ec\ub3c4\uac00 \uc644\ubcbd\ud558\uac8c \uc219\uc131\ub418\uace0 \ub6f0\uc5b4\ub09c \ud5a5\uc744 \ubc1c\ud604\ud560 \uc218 \uc788\uac8c \ud569\ub2c8\ub2e4.<\/p>\n<hr \/>\n<\/div>\n<div class=\"wine-section\">\n<h3>\ud14c\uc774\uc2a4\ud305 \ub178\ud2b8<\/h3>\n<p>\uc9d9\uc740 \ub8e8\ube44\uc0c9. \uc798 \uc775\uc740 \ube14\ub799\ubca0\ub9ac, \uccb4\ub9ac, \uac00\ub9ac\uadf8 \ud5c8\ube0c\uc758 \ud5a5\uae30\uc640 \uc57d\uac04\uc758 \ud5a5\uc2e0\ub8cc \ub178\ud2b8\uac00 \uc5b4\uc6b0\ub7ec\uc9c4 \uc544\ub85c\ub9c8. \uc785\uc548\uc5d0\uc11c\ub294 \ud48d\ubd80\ud558\uace0 \uc2e4\ud0a4\ud558\uba70, \ubd80\ub4dc\ub7ec\uc6b4 \ud0c4\ub2cc\uacfc \ud48d\uc131\ud55c \uacfc\uc77c \ub9db, \uadf8\ub9ac\uace0 \uc2e0\uc120\ud558\uace0 \uade0\ud615 \uc7a1\ud78c \ud53c\ub2c8\uc2dc\uac00 \uc778\uc0c1\uc801\uc785\ub2c8\ub2e4.<\/p>\n<p class=\"wine-highlight\">\ud48d\ubd80\ud568, \uc6b0\uc544\ud568, \uadf8\ub9ac\uace0 \uc9c0\uc911\ud574 \ud2b9\uc720\uc758 \uac1c\uc131\uc774 \uc870\ud654\ub97c \uc774\ub8e8\ub294 \ub860 \ube14\ub80c\ub4dc\uc785\ub2c8\ub2e4.<\/p>\n<hr \/>\n<\/div>\n<div class=\"wine-section\">\n<h3>\ud398\uc5b4\ub9c1<\/h3>\n<p>\uc591\uace0\uae30 \uad6c\uc774, \uc18c\uace0\uae30 \uc2a4\ud29c, \ub77c\ub530\ub69c\uc774, \uc219\uc131 \uce58\uc988\uc640 \uc798 \uc5b4\uc6b8\ub9bd\ub2c8\ub2e4.<\/p>\n<p>&nbsp;<\/p>\n<\/div>\n<hr \/>\n<p>&nbsp;<\/p>\n<p><iframe title=\"\uc720\ud29c\ube0c \ub3d9\uc601\uc0c1 \ud50c\ub808\uc774\uc5b4\" src=\"https:\/\/www.youtube.com\/embed\/M5PEV3bkJPI?si=mHH-lWEixhiKNZKu\" width=\"560\" height=\"315\" frameborder=\"0\" allowfullscreen=\"allowfullscreen\"><\/iframe><\/div>\n<p><!-- .vgblk-rw-wrapper --><\/p>","protected":false},"excerpt":{"rendered":"<p>\uc0e4\ud1a0 \ubabd \ub808\ub3d9\uc758 \ub9ac\ub77c\ud06c \ub808\ub4dc \uc640\uc778. \uadf8\ub974\ub098\uc288, \uc2dc\ub77c, \ubb34\ub974\ubca0\ub4dc\ub974\uac00 \ube14\ub80c\ub529\ub418\uc5b4 \uc798 \uc775\uc740 \uacfc\uc77c \ud5a5, \uc2e4\ud0a4\ud55c \ud0c4\ub2cc, \uc2e0\uc120\ud55c \ud53c\ub2c8\uc2dc\ub97c \uc790\ub791\ud569\ub2c8\ub2e4. \ud48d\ubd80\ud558\uba74\uc11c\ub3c4 \uc6b0\uc544\ud55c \uc2a4\ud0c0\uc77c\uc785\ub2c8\ub2e4.<\/p>","protected":false},"featured_media":998952,"comment_status":"open","ping_status":"closed","template":"","meta":[],"product_brand":[],"product_cat":[63,137],"product_tag":[156,174,149],"class_list":{"0":"post-998951","1":"product","2":"type-product","3":"status-publish","4":"has-post-thumbnail","6":"product_cat-red","7":"product_cat-rhone-valley","8":"product_tag-grenache","9":"product_tag-mourvedre","10":"product_tag-syrah","12":"first","13":"instock","14":"shipping-taxable","15":"product-type-simple"},"yoast_head":"<!-- This site is optimized with the Yoast SEO Premium plugin v27.2 (Yoast SEO v27.3) - https:\/\/yoast.com\/product\/yoast-seo-premium-wordpress\/ -->\n<title>Ch\u00e2teau Mont-Redon Lirac 2022 - Vavin \u9152\u76d2\u5b50<\/title>\n<meta name=\"description\" content=\"Rich and elegant Lirac Red by Ch\u00e2teau Mont-Redon, blending Grenache, Syrah, and Mourv\u00e8dre. Ripe fruit, silky tannins, and fresh finish.\" \/>\n<meta name=\"robots\" content=\"index, follow, max-snippet:-1, max-image-preview:large, max-video-preview:-1\" \/>\n<link rel=\"canonical\" href=\"https:\/\/vavin.tw\/ko\/product\/\uc0e4\ud1a0-\ubabd-\ub808\ub3d9-\ub9ac\ub77d-\ub808\ub4dc-2022\/\" \/>\n<meta property=\"og:locale\" content=\"ko_KR\" \/>\n<meta property=\"og:type\" content=\"article\" \/>\n<meta property=\"og:title\" content=\"Ch\u00e2teau Mont-Redon Lirac 2022\" \/>\n<meta property=\"og:description\" content=\"Rich and elegant Lirac Red by Ch\u00e2teau Mont-Redon, blending Grenache, Syrah, and Mourv\u00e8dre. Ripe fruit, silky tannins, and fresh finish.\" \/>\n<meta property=\"og:url\" content=\"https:\/\/vavin.tw\/ko\/product\/\uc0e4\ud1a0-\ubabd-\ub808\ub3d9-\ub9ac\ub77d-\ub808\ub4dc-2022\/\" \/>\n<meta property=\"og:site_name\" content=\"Vavin \u9152\u76d2\u5b50\" \/>\n<meta property=\"article:publisher\" content=\"https:\/\/www.facebook.com\/vavintw\" \/>\n<meta property=\"article:modified_time\" content=\"2025-07-16T04:30:51+00:00\" \/>\n<meta property=\"og:image\" content=\"https:\/\/vavin.tw\/wp-content\/uploads\/2025\/02\/lirac.png\" \/>\n\t<meta property=\"og:image:width\" content=\"400\" \/>\n\t<meta property=\"og:image:height\" content=\"600\" \/>\n\t<meta property=\"og:image:type\" content=\"image\/png\" \/>\n<meta name=\"twitter:card\" content=\"summary_large_image\" \/>\n<meta name=\"twitter:label1\" content=\"\uc608\uc0c1 \ub418\ub294 \ud310\ub3c5 \uc2dc\uac04\" \/>\n\t<meta name=\"twitter:data1\" content=\"1\ubd84\" \/>\n<script type=\"application\/ld+json\" class=\"yoast-schema-graph\">{\"@context\":\"https:\\\/\\\/schema.org\",\"@graph\":[{\"@type\":\"WebPage\",\"@id\":\"https:\\\/\\\/vavin.tw\\\/product\\\/chateau-mont-redon-lirac-red-2022\\\/\",\"url\":\"https:\\\/\\\/vavin.tw\\\/product\\\/chateau-mont-redon-lirac-red-2022\\\/\",\"name\":\"Ch\u00e2teau Mont-Redon Lirac 2022 - Vavin \u9152\u76d2\u5b50\",\"isPartOf\":{\"@id\":\"https:\\\/\\\/vavin.tw\\\/#website\"},\"primaryImageOfPage\":{\"@id\":\"https:\\\/\\\/vavin.tw\\\/product\\\/chateau-mont-redon-lirac-red-2022\\\/#primaryimage\"},\"image\":{\"@id\":\"https:\\\/\\\/vavin.tw\\\/product\\\/chateau-mont-redon-lirac-red-2022\\\/#primaryimage\"},\"thumbnailUrl\":\"https:\\\/\\\/vavin.tw\\\/wp-content\\\/uploads\\\/2025\\\/02\\\/lirac.png\",\"datePublished\":\"2025-02-08T17:21:55+00:00\",\"dateModified\":\"2025-07-16T04:30:51+00:00\",\"description\":\"Rich and elegant Lirac Red by Ch\u00e2teau Mont-Redon, blending Grenache, Syrah, and Mourv\u00e8dre. Ripe fruit, silky tannins, and fresh finish.\",\"breadcrumb\":{\"@id\":\"https:\\\/\\\/vavin.tw\\\/product\\\/chateau-mont-redon-lirac-red-2022\\\/#breadcrumb\"},\"inLanguage\":\"ko-KR\",\"potentialAction\":[{\"@type\":\"ReadAction\",\"target\":[\"https:\\\/\\\/vavin.tw\\\/product\\\/chateau-mont-redon-lirac-red-2022\\\/\"]}]},{\"@type\":\"ImageObject\",\"inLanguage\":\"ko-KR\",\"@id\":\"https:\\\/\\\/vavin.tw\\\/product\\\/chateau-mont-redon-lirac-red-2022\\\/#primaryimage\",\"url\":\"https:\\\/\\\/vavin.tw\\\/wp-content\\\/uploads\\\/2025\\\/02\\\/lirac.png\",\"contentUrl\":\"https:\\\/\\\/vavin.tw\\\/wp-content\\\/uploads\\\/2025\\\/02\\\/lirac.png\",\"width\":400,\"height\":600},{\"@type\":\"BreadcrumbList\",\"@id\":\"https:\\\/\\\/vavin.tw\\\/product\\\/chateau-mont-redon-lirac-red-2022\\\/#breadcrumb\",\"itemListElement\":[{\"@type\":\"ListItem\",\"position\":1,\"name\":\"Home\",\"item\":\"https:\\\/\\\/vavin.tw\\\/\"},{\"@type\":\"ListItem\",\"position\":2,\"name\":\"Products\",\"item\":\"https:\\\/\\\/vavin.tw\\\/shop\\\/\"},{\"@type\":\"ListItem\",\"position\":3,\"name\":\"Ch\u00e2teau Mont-Redon Lirac 2022\"}]},{\"@type\":\"WebSite\",\"@id\":\"https:\\\/\\\/vavin.tw\\\/#website\",\"url\":\"https:\\\/\\\/vavin.tw\\\/\",\"name\":\"Vavin \u9152\u76d2\u5b50\",\"description\":\"Savor the Art of Wine\",\"publisher\":{\"@id\":\"https:\\\/\\\/vavin.tw\\\/#organization\"},\"potentialAction\":[{\"@type\":\"SearchAction\",\"target\":{\"@type\":\"EntryPoint\",\"urlTemplate\":\"https:\\\/\\\/vavin.tw\\\/?s={search_term_string}\"},\"query-input\":{\"@type\":\"PropertyValueSpecification\",\"valueRequired\":true,\"valueName\":\"search_term_string\"}}],\"inLanguage\":\"ko-KR\"},{\"@type\":\"Organization\",\"@id\":\"https:\\\/\\\/vavin.tw\\\/#organization\",\"name\":\"Vavin \u9152\u76d2\u5b50\",\"url\":\"https:\\\/\\\/vavin.tw\\\/\",\"logo\":{\"@type\":\"ImageObject\",\"inLanguage\":\"ko-KR\",\"@id\":\"https:\\\/\\\/vavin.tw\\\/#\\\/schema\\\/logo\\\/image\\\/\",\"url\":\"https:\\\/\\\/vavin.tw\\\/wp-content\\\/uploads\\\/2023\\\/03\\\/cropped-favicon-violet-v1.png\",\"contentUrl\":\"https:\\\/\\\/vavin.tw\\\/wp-content\\\/uploads\\\/2023\\\/03\\\/cropped-favicon-violet-v1.png\",\"width\":512,\"height\":512,\"caption\":\"Vavin \u9152\u76d2\u5b50\"},\"image\":{\"@id\":\"https:\\\/\\\/vavin.tw\\\/#\\\/schema\\\/logo\\\/image\\\/\"},\"sameAs\":[\"https:\\\/\\\/www.facebook.com\\\/vavintw\",\"https:\\\/\\\/www.instagram.com\\\/vavin_tw\"]}]}<\/script>\n<!-- \/ Yoast SEO Premium plugin. -->","yoast_head_json":{"title":"\uc0e4\ud1a0 \ubabd-\ub808\ub3d9 \ub9ac\ub77d 2022 - \ubc14\ubc45 \uc220 \uc0c1\uc790","description":"\uc0e4\ud1a0 \ubabd \ub808\ub3d9\uc758 \ub9ac\ub77c\ud06c \ub808\ub4dc \uc640\uc778. \uadf8\ub974\ub098\uc288, \uc2dc\ub77c, \ubb34\ub974\ubca0\ub4dc\ub974\uac00 \ube14\ub80c\ub529\ub418\uc5b4 \uc798 \uc775\uc740 \uacfc\uc77c \ud5a5, \uc2e4\ud0a4\ud55c \ud0c4\ub2cc, \uc2e0\uc120\ud55c \ud53c\ub2c8\uc2dc\ub97c \uc790\ub791\ud569\ub2c8\ub2e4. \ud48d\ubd80\ud558\uba74\uc11c\ub3c4 \uc6b0\uc544\ud55c \uc2a4\ud0c0\uc77c\uc785\ub2c8\ub2e4.","robots":{"index":"index","follow":"follow","max-snippet":"max-snippet:-1","max-image-preview":"max-image-preview:large","max-video-preview":"max-video-preview:-1"},"canonical":"https:\/\/vavin.tw\/ko\/product\/\uc0e4\ud1a0-\ubabd-\ub808\ub3d9-\ub9ac\ub77d-\ub808\ub4dc-2022\/","og_locale":"ko_KR","og_type":"article","og_title":"Ch\u00e2teau Mont-Redon Lirac 2022","og_description":"Rich and elegant Lirac Red by Ch\u00e2teau Mont-Redon, blending Grenache, Syrah, and Mourv\u00e8dre. Ripe fruit, silky tannins, and fresh finish.","og_url":"https:\/\/vavin.tw\/ko\/product\/\uc0e4\ud1a0-\ubabd-\ub808\ub3d9-\ub9ac\ub77d-\ub808\ub4dc-2022\/","og_site_name":"Vavin \u9152\u76d2\u5b50","article_publisher":"https:\/\/www.facebook.com\/vavintw","article_modified_time":"2025-07-16T04:30:51+00:00","og_image":[{"width":400,"height":600,"url":"https:\/\/vavin.tw\/wp-content\/uploads\/2025\/02\/lirac.png","type":"image\/png"}],"twitter_card":"summary_large_image","twitter_misc":{"\uc608\uc0c1 \ub418\ub294 \ud310\ub3c5 \uc2dc\uac04":"1\ubd84"},"schema":{"@context":"https:\/\/schema.org","@graph":[{"@type":"WebPage","@id":"https:\/\/vavin.tw\/product\/chateau-mont-redon-lirac-red-2022\/","url":"https:\/\/vavin.tw\/product\/chateau-mont-redon-lirac-red-2022\/","name":"\uc0e4\ud1a0 \ubabd-\ub808\ub3d9 \ub9ac\ub77d 2022 - \ubc14\ubc45 \uc220 \uc0c1\uc790","isPartOf":{"@id":"https:\/\/vavin.tw\/#website"},"primaryImageOfPage":{"@id":"https:\/\/vavin.tw\/product\/chateau-mont-redon-lirac-red-2022\/#primaryimage"},"image":{"@id":"https:\/\/vavin.tw\/product\/chateau-mont-redon-lirac-red-2022\/#primaryimage"},"thumbnailUrl":"https:\/\/vavin.tw\/wp-content\/uploads\/2025\/02\/lirac.png","datePublished":"2025-02-08T17:21:55+00:00","dateModified":"2025-07-16T04:30:51+00:00","description":"\uc0e4\ud1a0 \ubabd \ub808\ub3d9\uc758 \ub9ac\ub77c\ud06c \ub808\ub4dc \uc640\uc778. \uadf8\ub974\ub098\uc288, \uc2dc\ub77c, \ubb34\ub974\ubca0\ub4dc\ub974\uac00 \ube14\ub80c\ub529\ub418\uc5b4 \uc798 \uc775\uc740 \uacfc\uc77c \ud5a5, \uc2e4\ud0a4\ud55c \ud0c4\ub2cc, \uc2e0\uc120\ud55c \ud53c\ub2c8\uc2dc\ub97c \uc790\ub791\ud569\ub2c8\ub2e4. \ud48d\ubd80\ud558\uba74\uc11c\ub3c4 \uc6b0\uc544\ud55c \uc2a4\ud0c0\uc77c\uc785\ub2c8\ub2e4.","breadcrumb":{"@id":"https:\/\/vavin.tw\/product\/chateau-mont-redon-lirac-red-2022\/#breadcrumb"},"inLanguage":"ko-KR","potentialAction":[{"@type":"ReadAction","target":["https:\/\/vavin.tw\/product\/chateau-mont-redon-lirac-red-2022\/"]}]},{"@type":"ImageObject","inLanguage":"ko-KR","@id":"https:\/\/vavin.tw\/product\/chateau-mont-redon-lirac-red-2022\/#primaryimage","url":"https:\/\/vavin.tw\/wp-content\/uploads\/2025\/02\/lirac.png","contentUrl":"https:\/\/vavin.tw\/wp-content\/uploads\/2025\/02\/lirac.png","width":400,"height":600},{"@type":"BreadcrumbList","@id":"https:\/\/vavin.tw\/product\/chateau-mont-redon-lirac-red-2022\/#breadcrumb","itemListElement":[{"@type":"ListItem","position":1,"name":"Home","item":"https:\/\/vavin.tw\/"},{"@type":"ListItem","position":2,"name":"Products","item":"https:\/\/vavin.tw\/shop\/"},{"@type":"ListItem","position":3,"name":"Ch\u00e2teau Mont-Redon Lirac 2022"}]},{"@type":"WebSite","@id":"https:\/\/vavin.tw\/#website","url":"https:\/\/vavin.tw\/","name":"Vavin","description":"\uc640\uc778\uc758 \uc608\uc220\uc744 \uc74c\ubbf8\ud558\ub2e4","publisher":{"@id":"https:\/\/vavin.tw\/#organization"},"potentialAction":[{"@type":"SearchAction","target":{"@type":"EntryPoint","urlTemplate":"https:\/\/vavin.tw\/?s={search_term_string}"},"query-input":{"@type":"PropertyValueSpecification","valueRequired":true,"valueName":"search_term_string"}}],"inLanguage":"ko-KR"},{"@type":"Organization","@id":"https:\/\/vavin.tw\/#organization","name":"Vavin","url":"https:\/\/vavin.tw\/","logo":{"@type":"ImageObject","inLanguage":"ko-KR","@id":"https:\/\/vavin.tw\/#\/schema\/logo\/image\/","url":"https:\/\/vavin.tw\/wp-content\/uploads\/2023\/03\/cropped-favicon-violet-v1.png","contentUrl":"https:\/\/vavin.tw\/wp-content\/uploads\/2023\/03\/cropped-favicon-violet-v1.png","width":512,"height":512,"caption":"Vavin \u9152\u76d2\u5b50"},"image":{"@id":"https:\/\/vavin.tw\/#\/schema\/logo\/image\/"},"sameAs":["https:\/\/www.facebook.com\/vavintw","https:\/\/www.instagram.com\/vavin_tw"]}]}},"_links":{"self":[{"href":"https:\/\/vavin.tw\/ko\/wp-json\/wp\/v2\/product\/998951","targetHints":{"allow":["GET"]}}],"collection":[{"href":"https:\/\/vavin.tw\/ko\/wp-json\/wp\/v2\/product"}],"about":[{"href":"https:\/\/vavin.tw\/ko\/wp-json\/wp\/v2\/types\/product"}],"replies":[{"embeddable":true,"href":"https:\/\/vavin.tw\/ko\/wp-json\/wp\/v2\/comments?post=998951"}],"version-history":[{"count":0,"href":"https:\/\/vavin.tw\/ko\/wp-json\/wp\/v2\/product\/998951\/revisions"}],"wp:featuredmedia":[{"embeddable":true,"href":"https:\/\/vavin.tw\/ko\/wp-json\/wp\/v2\/media\/998952"}],"wp:attachment":[{"href":"https:\/\/vavin.tw\/ko\/wp-json\/wp\/v2\/media?parent=998951"}],"wp:term":[{"taxonomy":"product_brand","embeddable":true,"href":"https:\/\/vavin.tw\/ko\/wp-json\/wp\/v2\/product_brand?post=998951"},{"taxonomy":"product_cat","embeddable":true,"href":"https:\/\/vavin.tw\/ko\/wp-json\/wp\/v2\/product_cat?post=998951"},{"taxonomy":"product_tag","embeddable":true,"href":"https:\/\/vavin.tw\/ko\/wp-json\/wp\/v2\/product_tag?post=998951"}],"curies":[{"name":"wp","href":"https:\/\/api.w.org\/{rel}","templated":true}]}}