{"id":999238,"date":"2025-03-15T22:05:46","date_gmt":"2025-03-15T14:05:46","guid":{"rendered":"https:\/\/vavin.tw\/?post_type=product&#038;p=999238"},"modified":"2025-04-27T11:34:16","modified_gmt":"2025-04-27T03:34:16","slug":"%ec%83%a4%ed%86%a0-%eb%9d%bc%ea%b7%b8%eb%9e%91-%ec%98%a4-%eb%a9%94%eb%8f%85-%eb%a5%b4-%ec%98%a4-%eb%a9%94%eb%8f%85-%eb%a0%88%eb%93%9c-2014","status":"publish","type":"product","link":"https:\/\/vavin.tw\/ko\/product\/chateau-lagrange-haut-medoc-le-haut-medoc-red-2014\/","title":{"rendered":"\uc0e4\ud1a0 \ub77c\uadf8\ub791\uc8fc \uc624 \uba54\ub3c5 \ub974 \uc624-\uba54\ub3c5 2014"},"content":{"rendered":"<div class=\"vgblk-rw-wrapper limit-wrapper\">\n<div class=\"wine-info\"><strong>\uc0c9\uc0c1:<\/strong> \ub808\ub4dc \uc640\uc778<br \/>\n<strong>\ub3c4\uc218:<\/strong> 13% \uad8c.<br \/>\n<strong>\ud3ec\ub3c4 \ud488\uc885:<\/strong> \uae4c\ubca0\ub974\ub124 \uc18c\ube44\ub1fd, \uba54\ub97c\ub85c<br \/>\n<strong>\ubcd1 \uc6a9\ub7c9:<\/strong> 75\ud074<\/div>\n<hr \/>\n<div class=\"wine-section\">\n<h3>\ub3c4\uba58 \uc5ed\uc0ac<\/h3>\n<p>1855\ub144 3\ub4f1\uae09\uc73c\ub85c \ubd84\ub958\ub41c \uc0e4\ud1a0 \ub77c\uadf8\ub791\uc8fc\ub294 \ubcf4\ub974\ub3c4 \uc0dd \uc904\ub9ac\uc559 \uc9c0\uc5ed\uc5d0 \uc704\uce58\ud55c \uba85\uc131 \ub192\uc740 \uc640\uc774\ub108\ub9ac\uc785\ub2c8\ub2e4. \u201c\ub974 \uc624 \uba54\ub3c5 \ub4dc \ub77c\uadf8\ub791\uc8fc\u201d\ub294 \ud574\ub2f9 \uc0e4\ud1a0\uac00 \uc774\uc6c3\ud55c \uc624 \uba54\ub3c5 \uc9c0\uc5ed\uc758 \ud2b9\uc131\uc744 \ub2f4\uc544\ub0b8 \uc640\uc778\uc73c\ub85c, 1\ub4f1\uae09 \uc640\uc778\uacfc \ub3d9\uc77c\ud55c \uc815\uc131\uacfc \uc804\ubb38\uc131\uc73c\ub85c \uc591\uc870\ub429\ub2c8\ub2e4.<\/p>\n<hr \/>\n<\/div>\n<div class=\"wine-section\">\n<h3>\ub5bc\ub8e8\uc544<\/h3>\n<p>\uc774 \ub00c\ubca0\uc758 \ud3ec\ub3c4\ubc2d\uc740 \uc790\uac08 \ud1a0\uc591\uacfc \uc810\ud1a0 \uc11d\ud68c\uc554 \uc9c0\ud558 \ud1a0\uc591\uc5d0 \uc704\uce58\ud574 \uc788\uc73c\uba70, \uc774\ub294 \uce74\ubca0\ub974\ub124 \uc18c\ube44\ub1fd\uacfc \uba54\ub97c\ub85c\uc5d0 \uc774\uc0c1\uc801\uc785\ub2c8\ub2e4. \ubc30\uc218\uac00 \uc798 \ub418\ub294 \uc774 \ud1a0\uc9c0\ub294 \uc640\uc778\uc758 \uad6c\uc870\uac10, \uc6b0\uc544\ud568, \uc219\uc131 \uc7a0\uc7ac\ub825\uc5d0 \uae30\uc5ec\ud569\ub2c8\ub2e4.<\/p>\n<hr \/>\n<\/div>\n<div class=\"wine-section\">\n<h3>\ud14c\uc774\uc2a4\ud305 \ub178\ud2b8<\/h3>\n<p>\uc9c4\ud55c \ub8e8\ube44 \uc0c9\uc0c1\uc5d0 \uc11d\ub958 \ube5b\uc774 \uac10\ub3d5\ub2c8\ub2e4. \ubd80\ucf00\uc5d0\uc11c\ub294 \ube14\ub799 \uccb4\ub9ac, \ucee4\ub7f0\ud2b8, \ub2f4\ubc30, \uc12c\uc138\ud55c \uc624\ud06c \ud5a5\uc2e0\ub8cc \ud5a5\uc774 \ub4dc\ub7ec\ub0a9\ub2c8\ub2e4. \uc785 \uc548\uc5d0\uc11c\ub294 \ubd80\ub4dc\ub7fd\uace0 \uade0\ud615 \uc7a1\ud78c \ub290\ub08c\uc774\uba70, \uc12c\uc138\ud55c \ud0c4\ub2cc\uacfc \uc2e0\uc120\ud558\uace0 \uc624\ub798 \uc9c0\uc18d\ub418\ub294 \ud53c\ub2c8\uc2dc\uac00 \ud2b9\uc9d5\uc785\ub2c8\ub2e4.<\/p>\n<p class=\"wine-highlight\">\uc6b0\uc544\ud558\uace0 \uc811\uadfc\uc131\uc774 \uc88b\uc73c\uba70, \uba54\ub3c5\uc758 \uc12c\uc138\ud568\uc744 \uacfc\uc77c\uacfc \uad6c\uc870\uac10\uc758 \uc870\ud654\ub85c\uc6b4 \ube14\ub80c\ub4dc\ub85c \ubcf4\uc5ec\uc90d\ub2c8\ub2e4.<\/p>\n<hr \/>\n<\/div>\n<div class=\"wine-section\">\n<h3>\ud398\uc5b4\ub9c1<\/h3>\n<p>\uad6c\uc6b4 \uace0\uae30, \ub85c\uc2a4\ud2b8 \ube44\ud504, \ub355 \ucf69\ud53c \ub610\ub294 \ud1a0\ubbf8 \ub4dc \uc0ac\ubd80\uc544\ub098 \uc219\uc131 \uccb4\ub2e4\uc640 \uac19\uc740 \uc219\uc131 \uce58\uc988\uc640 \ud568\uaed8 \uc990\uae30\uba74 \uac00\uc7a5 \ub9db\uc788\uc2b5\ub2c8\ub2e4.<\/p>\n<p>&nbsp;<\/p>\n<\/div>\n<hr \/>\n<p>&nbsp;<\/p>\n<p><iframe title=\"\uc720\ud29c\ube0c \ub3d9\uc601\uc0c1 \ud50c\ub808\uc774\uc5b4\" src=\"https:\/\/www.youtube.com\/embed\/ADH6g_XxIEQ?si=aF7GrKQMLsIvFUa7\" width=\"560\" height=\"315\" frameborder=\"0\" allowfullscreen=\"allowfullscreen\"><\/iframe><\/div>\n<p><!-- .vgblk-rw-wrapper --><\/p>","protected":false},"excerpt":{"rendered":"<p>Color: Red Alcohol: 13% vol. Grape Variety: Cabernet Sauvignon, Merlot Bottle Size: 75 cl Domaine History Ch\u00e2teau Lagrange, classified as a Third Growth in 1855, is a prestigious estate located in Saint-Julien, Bordeaux. &#8220;Le Haut-M\u00e9doc de Lagrange&#8221; is the ch\u00e2teau\u2019s expression of the neighboring Haut-M\u00e9doc appellation, crafted with the same care and expertise as their&#8230;<\/p>","protected":false},"featured_media":999342,"comment_status":"open","ping_status":"closed","template":"","meta":[],"product_brand":[],"product_cat":[139,63],"product_tag":[258,151,157],"class_list":{"0":"post-999238","1":"product","2":"type-product","3":"status-publish","4":"has-post-thumbnail","6":"product_cat-bordeaux","7":"product_cat-red","8":"product_tag-bordeaux","9":"product_tag-cabernet-sauvignon","10":"product_tag-merlot","12":"first","13":"instock","14":"shipping-taxable","15":"product-type-simple"},"yoast_head":"<!-- This site is optimized with the Yoast SEO Premium plugin v27.2 (Yoast SEO v27.3) - https:\/\/yoast.com\/product\/yoast-seo-premium-wordpress\/ -->\n<title>Ch\u00e2teau Lagrange Haut Medoc Le Haut-Medoc 2014 - Vavin \u9152\u76d2\u5b50<\/title>\n<meta name=\"description\" content=\"Ch\u00e2teau Lagrange Haut-M\u00e9doc 2014, a structured Bordeaux with blackcurrant, cedar, and subtle spice notes.Elegant and balanced\" \/>\n<meta name=\"robots\" content=\"index, follow, max-snippet:-1, max-image-preview:large, max-video-preview:-1\" \/>\n<link rel=\"canonical\" href=\"https:\/\/vavin.tw\/ko\/product\/\uc0e4\ud1a0-\ub77c\uadf8\ub791-\uc624-\uba54\ub3c5-\ub974-\uc624-\uba54\ub3c5-\ub808\ub4dc-2014\/\" \/>\n<meta property=\"og:locale\" content=\"ko_KR\" \/>\n<meta property=\"og:type\" content=\"article\" \/>\n<meta property=\"og:title\" content=\"Ch\u00e2teau Lagrange Haut Medoc Le Haut-Medoc 2014\" \/>\n<meta property=\"og:description\" content=\"Ch\u00e2teau Lagrange Haut-M\u00e9doc 2014, a structured Bordeaux with blackcurrant, cedar, and subtle spice notes.Elegant and balanced\" \/>\n<meta property=\"og:url\" content=\"https:\/\/vavin.tw\/ko\/product\/\uc0e4\ud1a0-\ub77c\uadf8\ub791-\uc624-\uba54\ub3c5-\ub974-\uc624-\uba54\ub3c5-\ub808\ub4dc-2014\/\" \/>\n<meta property=\"og:site_name\" content=\"Vavin \u9152\u76d2\u5b50\" \/>\n<meta property=\"article:publisher\" content=\"https:\/\/www.facebook.com\/vavintw\" \/>\n<meta property=\"article:modified_time\" content=\"2025-04-27T03:34:16+00:00\" \/>\n<meta property=\"og:image\" content=\"https:\/\/vavin.tw\/wp-content\/uploads\/2025\/03\/Le-Haut-Medoc-de-Lagrange.png\" \/>\n\t<meta property=\"og:image:width\" content=\"464\" \/>\n\t<meta property=\"og:image:height\" content=\"600\" \/>\n\t<meta property=\"og:image:type\" content=\"image\/png\" \/>\n<meta name=\"twitter:card\" content=\"summary_large_image\" \/>\n<meta name=\"twitter:label1\" content=\"\uc608\uc0c1 \ub418\ub294 \ud310\ub3c5 \uc2dc\uac04\" \/>\n\t<meta name=\"twitter:data1\" content=\"1\ubd84\" \/>\n<script type=\"application\/ld+json\" class=\"yoast-schema-graph\">{\"@context\":\"https:\\\/\\\/schema.org\",\"@graph\":[{\"@type\":\"WebPage\",\"@id\":\"https:\\\/\\\/vavin.tw\\\/product\\\/chateau-lagrange-haut-medoc-le-haut-medoc-red-2014\\\/\",\"url\":\"https:\\\/\\\/vavin.tw\\\/product\\\/chateau-lagrange-haut-medoc-le-haut-medoc-red-2014\\\/\",\"name\":\"Ch\u00e2teau Lagrange Haut Medoc Le Haut-Medoc 2014 - Vavin \u9152\u76d2\u5b50\",\"isPartOf\":{\"@id\":\"https:\\\/\\\/vavin.tw\\\/#website\"},\"primaryImageOfPage\":{\"@id\":\"https:\\\/\\\/vavin.tw\\\/product\\\/chateau-lagrange-haut-medoc-le-haut-medoc-red-2014\\\/#primaryimage\"},\"image\":{\"@id\":\"https:\\\/\\\/vavin.tw\\\/product\\\/chateau-lagrange-haut-medoc-le-haut-medoc-red-2014\\\/#primaryimage\"},\"thumbnailUrl\":\"https:\\\/\\\/vavin.tw\\\/wp-content\\\/uploads\\\/2025\\\/03\\\/Le-Haut-Medoc-de-Lagrange.png\",\"datePublished\":\"2025-03-15T14:05:46+00:00\",\"dateModified\":\"2025-04-27T03:34:16+00:00\",\"description\":\"Ch\u00e2teau Lagrange Haut-M\u00e9doc 2014, a structured Bordeaux with blackcurrant, cedar, and subtle spice notes.Elegant and balanced\",\"breadcrumb\":{\"@id\":\"https:\\\/\\\/vavin.tw\\\/product\\\/chateau-lagrange-haut-medoc-le-haut-medoc-red-2014\\\/#breadcrumb\"},\"inLanguage\":\"ko-KR\",\"potentialAction\":[{\"@type\":\"ReadAction\",\"target\":[\"https:\\\/\\\/vavin.tw\\\/product\\\/chateau-lagrange-haut-medoc-le-haut-medoc-red-2014\\\/\"]}]},{\"@type\":\"ImageObject\",\"inLanguage\":\"ko-KR\",\"@id\":\"https:\\\/\\\/vavin.tw\\\/product\\\/chateau-lagrange-haut-medoc-le-haut-medoc-red-2014\\\/#primaryimage\",\"url\":\"https:\\\/\\\/vavin.tw\\\/wp-content\\\/uploads\\\/2025\\\/03\\\/Le-Haut-Medoc-de-Lagrange.png\",\"contentUrl\":\"https:\\\/\\\/vavin.tw\\\/wp-content\\\/uploads\\\/2025\\\/03\\\/Le-Haut-Medoc-de-Lagrange.png\",\"width\":464,\"height\":600},{\"@type\":\"BreadcrumbList\",\"@id\":\"https:\\\/\\\/vavin.tw\\\/product\\\/chateau-lagrange-haut-medoc-le-haut-medoc-red-2014\\\/#breadcrumb\",\"itemListElement\":[{\"@type\":\"ListItem\",\"position\":1,\"name\":\"Home\",\"item\":\"https:\\\/\\\/vavin.tw\\\/\"},{\"@type\":\"ListItem\",\"position\":2,\"name\":\"Products\",\"item\":\"https:\\\/\\\/vavin.tw\\\/shop\\\/\"},{\"@type\":\"ListItem\",\"position\":3,\"name\":\"Ch\u00e2teau Lagrange Haut Medoc Le Haut-Medoc 2014\"}]},{\"@type\":\"WebSite\",\"@id\":\"https:\\\/\\\/vavin.tw\\\/#website\",\"url\":\"https:\\\/\\\/vavin.tw\\\/\",\"name\":\"Vavin \u9152\u76d2\u5b50\",\"description\":\"Savor the Art of Wine\",\"publisher\":{\"@id\":\"https:\\\/\\\/vavin.tw\\\/#organization\"},\"potentialAction\":[{\"@type\":\"SearchAction\",\"target\":{\"@type\":\"EntryPoint\",\"urlTemplate\":\"https:\\\/\\\/vavin.tw\\\/?s={search_term_string}\"},\"query-input\":{\"@type\":\"PropertyValueSpecification\",\"valueRequired\":true,\"valueName\":\"search_term_string\"}}],\"inLanguage\":\"ko-KR\"},{\"@type\":\"Organization\",\"@id\":\"https:\\\/\\\/vavin.tw\\\/#organization\",\"name\":\"Vavin \u9152\u76d2\u5b50\",\"url\":\"https:\\\/\\\/vavin.tw\\\/\",\"logo\":{\"@type\":\"ImageObject\",\"inLanguage\":\"ko-KR\",\"@id\":\"https:\\\/\\\/vavin.tw\\\/#\\\/schema\\\/logo\\\/image\\\/\",\"url\":\"https:\\\/\\\/vavin.tw\\\/wp-content\\\/uploads\\\/2023\\\/03\\\/cropped-favicon-violet-v1.png\",\"contentUrl\":\"https:\\\/\\\/vavin.tw\\\/wp-content\\\/uploads\\\/2023\\\/03\\\/cropped-favicon-violet-v1.png\",\"width\":512,\"height\":512,\"caption\":\"Vavin \u9152\u76d2\u5b50\"},\"image\":{\"@id\":\"https:\\\/\\\/vavin.tw\\\/#\\\/schema\\\/logo\\\/image\\\/\"},\"sameAs\":[\"https:\\\/\\\/www.facebook.com\\\/vavintw\",\"https:\\\/\\\/www.instagram.com\\\/vavin_tw\"]}]}<\/script>\n<!-- \/ Yoast SEO Premium plugin. -->","yoast_head_json":{"title":"\uc0e4\ud1a0 \ub77c\uadf8\ub791\uc8fc \uc624 \uba54\ub3c5 \ub974 \uc624-\uba54\ub3c5 2014 - \ubc14\ubc29 \uc220 \uc0c1\uc790","description":"\uc0e4\ud1a0 \ub77c\uadf8\ub791\uc8fc \uc624 \uba54\ub3c5 2014, \ube14\ub799\ucee4\ub7f0\ud2b8, \uc2dc\ub354, \uc740\uc740\ud55c \uc2a4\ud30c\uc774\uc2dc \ub178\ud2b8\uac00 \ub290\uaef4\uc9c0\ub294 \uad6c\uc870\uac10 \uc788\ub294 \ubcf4\ub974\ub3c4 \uc640\uc778. \uc6b0\uc544\ud558\uace0 \uade0\ud615 \uc7a1\ud78c","robots":{"index":"index","follow":"follow","max-snippet":"max-snippet:-1","max-image-preview":"max-image-preview:large","max-video-preview":"max-video-preview:-1"},"canonical":"https:\/\/vavin.tw\/ko\/product\/\uc0e4\ud1a0-\ub77c\uadf8\ub791-\uc624-\uba54\ub3c5-\ub974-\uc624-\uba54\ub3c5-\ub808\ub4dc-2014\/","og_locale":"ko_KR","og_type":"article","og_title":"Ch\u00e2teau Lagrange Haut Medoc Le Haut-Medoc 2014","og_description":"Ch\u00e2teau Lagrange Haut-M\u00e9doc 2014, a structured Bordeaux with blackcurrant, cedar, and subtle spice notes.Elegant and balanced","og_url":"https:\/\/vavin.tw\/ko\/product\/\uc0e4\ud1a0-\ub77c\uadf8\ub791-\uc624-\uba54\ub3c5-\ub974-\uc624-\uba54\ub3c5-\ub808\ub4dc-2014\/","og_site_name":"Vavin \u9152\u76d2\u5b50","article_publisher":"https:\/\/www.facebook.com\/vavintw","article_modified_time":"2025-04-27T03:34:16+00:00","og_image":[{"width":464,"height":600,"url":"https:\/\/vavin.tw\/wp-content\/uploads\/2025\/03\/Le-Haut-Medoc-de-Lagrange.png","type":"image\/png"}],"twitter_card":"summary_large_image","twitter_misc":{"\uc608\uc0c1 \ub418\ub294 \ud310\ub3c5 \uc2dc\uac04":"1\ubd84"},"schema":{"@context":"https:\/\/schema.org","@graph":[{"@type":"WebPage","@id":"https:\/\/vavin.tw\/product\/chateau-lagrange-haut-medoc-le-haut-medoc-red-2014\/","url":"https:\/\/vavin.tw\/product\/chateau-lagrange-haut-medoc-le-haut-medoc-red-2014\/","name":"\uc0e4\ud1a0 \ub77c\uadf8\ub791\uc8fc \uc624 \uba54\ub3c5 \ub974 \uc624-\uba54\ub3c5 2014 - \ubc14\ubc29 \uc220 \uc0c1\uc790","isPartOf":{"@id":"https:\/\/vavin.tw\/#website"},"primaryImageOfPage":{"@id":"https:\/\/vavin.tw\/product\/chateau-lagrange-haut-medoc-le-haut-medoc-red-2014\/#primaryimage"},"image":{"@id":"https:\/\/vavin.tw\/product\/chateau-lagrange-haut-medoc-le-haut-medoc-red-2014\/#primaryimage"},"thumbnailUrl":"https:\/\/vavin.tw\/wp-content\/uploads\/2025\/03\/Le-Haut-Medoc-de-Lagrange.png","datePublished":"2025-03-15T14:05:46+00:00","dateModified":"2025-04-27T03:34:16+00:00","description":"\uc0e4\ud1a0 \ub77c\uadf8\ub791\uc8fc \uc624 \uba54\ub3c5 2014, \ube14\ub799\ucee4\ub7f0\ud2b8, \uc2dc\ub354, \uc740\uc740\ud55c \uc2a4\ud30c\uc774\uc2dc \ub178\ud2b8\uac00 \ub290\uaef4\uc9c0\ub294 \uad6c\uc870\uac10 \uc788\ub294 \ubcf4\ub974\ub3c4 \uc640\uc778. \uc6b0\uc544\ud558\uace0 \uade0\ud615 \uc7a1\ud78c","breadcrumb":{"@id":"https:\/\/vavin.tw\/product\/chateau-lagrange-haut-medoc-le-haut-medoc-red-2014\/#breadcrumb"},"inLanguage":"ko-KR","potentialAction":[{"@type":"ReadAction","target":["https:\/\/vavin.tw\/product\/chateau-lagrange-haut-medoc-le-haut-medoc-red-2014\/"]}]},{"@type":"ImageObject","inLanguage":"ko-KR","@id":"https:\/\/vavin.tw\/product\/chateau-lagrange-haut-medoc-le-haut-medoc-red-2014\/#primaryimage","url":"https:\/\/vavin.tw\/wp-content\/uploads\/2025\/03\/Le-Haut-Medoc-de-Lagrange.png","contentUrl":"https:\/\/vavin.tw\/wp-content\/uploads\/2025\/03\/Le-Haut-Medoc-de-Lagrange.png","width":464,"height":600},{"@type":"BreadcrumbList","@id":"https:\/\/vavin.tw\/product\/chateau-lagrange-haut-medoc-le-haut-medoc-red-2014\/#breadcrumb","itemListElement":[{"@type":"ListItem","position":1,"name":"Home","item":"https:\/\/vavin.tw\/"},{"@type":"ListItem","position":2,"name":"Products","item":"https:\/\/vavin.tw\/shop\/"},{"@type":"ListItem","position":3,"name":"Ch\u00e2teau Lagrange Haut Medoc Le Haut-Medoc 2014"}]},{"@type":"WebSite","@id":"https:\/\/vavin.tw\/#website","url":"https:\/\/vavin.tw\/","name":"Vavin","description":"\uc640\uc778\uc758 \uc608\uc220\uc744 \uc74c\ubbf8\ud558\ub2e4","publisher":{"@id":"https:\/\/vavin.tw\/#organization"},"potentialAction":[{"@type":"SearchAction","target":{"@type":"EntryPoint","urlTemplate":"https:\/\/vavin.tw\/?s={search_term_string}"},"query-input":{"@type":"PropertyValueSpecification","valueRequired":true,"valueName":"search_term_string"}}],"inLanguage":"ko-KR"},{"@type":"Organization","@id":"https:\/\/vavin.tw\/#organization","name":"Vavin","url":"https:\/\/vavin.tw\/","logo":{"@type":"ImageObject","inLanguage":"ko-KR","@id":"https:\/\/vavin.tw\/#\/schema\/logo\/image\/","url":"https:\/\/vavin.tw\/wp-content\/uploads\/2023\/03\/cropped-favicon-violet-v1.png","contentUrl":"https:\/\/vavin.tw\/wp-content\/uploads\/2023\/03\/cropped-favicon-violet-v1.png","width":512,"height":512,"caption":"Vavin \u9152\u76d2\u5b50"},"image":{"@id":"https:\/\/vavin.tw\/#\/schema\/logo\/image\/"},"sameAs":["https:\/\/www.facebook.com\/vavintw","https:\/\/www.instagram.com\/vavin_tw"]}]}},"_links":{"self":[{"href":"https:\/\/vavin.tw\/ko\/wp-json\/wp\/v2\/product\/999238","targetHints":{"allow":["GET"]}}],"collection":[{"href":"https:\/\/vavin.tw\/ko\/wp-json\/wp\/v2\/product"}],"about":[{"href":"https:\/\/vavin.tw\/ko\/wp-json\/wp\/v2\/types\/product"}],"replies":[{"embeddable":true,"href":"https:\/\/vavin.tw\/ko\/wp-json\/wp\/v2\/comments?post=999238"}],"version-history":[{"count":0,"href":"https:\/\/vavin.tw\/ko\/wp-json\/wp\/v2\/product\/999238\/revisions"}],"wp:featuredmedia":[{"embeddable":true,"href":"https:\/\/vavin.tw\/ko\/wp-json\/wp\/v2\/media\/999342"}],"wp:attachment":[{"href":"https:\/\/vavin.tw\/ko\/wp-json\/wp\/v2\/media?parent=999238"}],"wp:term":[{"taxonomy":"product_brand","embeddable":true,"href":"https:\/\/vavin.tw\/ko\/wp-json\/wp\/v2\/product_brand?post=999238"},{"taxonomy":"product_cat","embeddable":true,"href":"https:\/\/vavin.tw\/ko\/wp-json\/wp\/v2\/product_cat?post=999238"},{"taxonomy":"product_tag","embeddable":true,"href":"https:\/\/vavin.tw\/ko\/wp-json\/wp\/v2\/product_tag?post=999238"}],"curies":[{"name":"wp","href":"https:\/\/api.w.org\/{rel}","templated":true}]}}