{"id":990710,"date":"2023-04-11T18:00:15","date_gmt":"2023-04-11T10:00:15","guid":{"rendered":"https:\/\/v2.vavin.tw\/product\/macon-solutre-jean-pierre-seve-2018\/"},"modified":"2025-04-25T23:40:40","modified_gmt":"2025-04-25T15:40:40","slug":"macon-solutre-jean-pierre-seve-2018","status":"publish","type":"product","link":"https:\/\/vavin.tw\/pt\/product\/macon-solutre-jean-pierre-seve-2018\/","title":{"rendered":"M\u00e2con Solutr\u00e9 Jean-Pierre S\u00e8ve 2018"},"content":{"rendered":"<div class=\"vgblk-rw-wrapper limit-wrapper\"><span data-sheets-value=\"{&quot;1&quot;:2,&quot;2&quot;:&quot;As this wine is very close to AOP Pouilly-Fuiss\u00e9 parcel (that recently upgraded to 1er Cru level) it has a similar soil composition (limestone-clay): it\u2019s less concentrated but it has a higher fruitiness and is very easy to enjoy. From the nose you can easily catch the aromas of lemon peel and grapefruit zest, tropical fruits like pineapple and passionfruit, still dominated by fruit scent. While you taste the wine you can feel a concentration of tropical fruits flavors with good acidity and medium, round body; the finishing taste shows a hint of salinity. &quot;}\" data-sheets-userformat=\"{&quot;2&quot;:961,&quot;3&quot;:{&quot;1&quot;:0},&quot;9&quot;:1,&quot;10&quot;:1,&quot;11&quot;:4,&quot;12&quot;:0}\">Como este vinho \u00e9 muito pr\u00f3ximo da parcela AOP Pouilly-Fuiss\u00e9 (que foi recentemente promovida a 1er Cru), possui uma composi\u00e7\u00e3o de solo semelhante (calc\u00e1rio-argiloso): \u00e9 menos concentrado, mas tem mais frutado e \u00e9 muito f\u00e1cil de apreciar. Do aroma, podem detetar-se facilmente os aromas de casca de lim\u00e3o e raspas de toranja, frutos tropicais como anan\u00e1s e maracuj\u00e1, ainda dominado pelo aroma frutado. Ao provar o vinho, sentir\u00e1 uma concentra\u00e7\u00e3o de sabores de frutos tropicais com boa acidez e um corpo m\u00e9dio, arredondado; o sabor final revela uma pitada de salinidade. <\/span><\/div>\n<p><!-- .vgblk-rw-wrapper --><\/p>","protected":false},"excerpt":{"rendered":"<p>As this wine is very close to AOP Pouilly-Fuiss\u00e9 parcel (that recently upgraded to 1er Cru level) it has a similar soil composition (limestone-clay): it\u2019s less concentrated but it has a higher fruitiness and is very easy to enjoy. From the nose you can easily catch the aromas of lemon peel and grapefruit zest, tropical&#8230;<\/p>","protected":false},"featured_media":993277,"comment_status":"open","ping_status":"closed","template":"","meta":[],"product_brand":[],"product_cat":[135,90],"product_tag":[147],"class_list":{"0":"post-990710","1":"product","2":"type-product","3":"status-publish","4":"has-post-thumbnail","6":"product_cat-burgundy","7":"product_cat-white","8":"product_tag-chardonnay","10":"first","11":"outofstock","12":"shipping-taxable","13":"product-type-simple"},"yoast_head":"<!-- This site is optimized with the Yoast SEO Premium plugin v27.2 (Yoast SEO v27.3) - https:\/\/yoast.com\/product\/yoast-seo-premium-wordpress\/ -->\n<title>M\u00e2con Solutr\u00e9 Jean-Pierre S\u00e8ve 2018 - Vavin \u9152\u76d2\u5b50<\/title>\n<meta name=\"robots\" content=\"index, follow, max-snippet:-1, max-image-preview:large, max-video-preview:-1\" \/>\n<link rel=\"canonical\" href=\"https:\/\/vavin.tw\/pt\/product\/macon-solutre-jean-pierre-seve-2018\/\" \/>\n<meta property=\"og:locale\" content=\"pt_PT\" \/>\n<meta property=\"og:type\" content=\"article\" \/>\n<meta property=\"og:title\" content=\"M\u00e2con Solutr\u00e9 Jean-Pierre S\u00e8ve 2018\" \/>\n<meta property=\"og:description\" content=\"As this wine is very close to AOP Pouilly-Fuiss\u00e9 parcel (that recently upgraded to 1er Cru level) it has a similar soil composition (limestone-clay): it\u2019s less concentrated but it has a higher fruitiness and is very easy to enjoy. From the nose you can easily catch the aromas of lemon peel and grapefruit zest, tropical...\" \/>\n<meta property=\"og:url\" content=\"https:\/\/vavin.tw\/pt\/product\/macon-solutre-jean-pierre-seve-2018\/\" \/>\n<meta property=\"og:site_name\" content=\"Vavin \u9152\u76d2\u5b50\" \/>\n<meta property=\"article:publisher\" content=\"https:\/\/www.facebook.com\/vavintw\" \/>\n<meta property=\"article:modified_time\" content=\"2025-04-25T15:40:40+00:00\" \/>\n<meta property=\"og:image\" content=\"https:\/\/vavin.tw\/wp-content\/uploads\/2023\/07\/macon-solutre-jean-pierre-seve.png\" \/>\n\t<meta property=\"og:image:width\" content=\"400\" \/>\n\t<meta property=\"og:image:height\" content=\"600\" \/>\n\t<meta property=\"og:image:type\" content=\"image\/png\" \/>\n<meta name=\"twitter:card\" content=\"summary_large_image\" \/>\n<script type=\"application\/ld+json\" class=\"yoast-schema-graph\">{\"@context\":\"https:\\\/\\\/schema.org\",\"@graph\":[{\"@type\":\"WebPage\",\"@id\":\"https:\\\/\\\/vavin.tw\\\/product\\\/macon-solutre-jean-pierre-seve-2018\\\/\",\"url\":\"https:\\\/\\\/vavin.tw\\\/product\\\/macon-solutre-jean-pierre-seve-2018\\\/\",\"name\":\"M\u00e2con Solutr\u00e9 Jean-Pierre S\u00e8ve 2018 - Vavin \u9152\u76d2\u5b50\",\"isPartOf\":{\"@id\":\"https:\\\/\\\/vavin.tw\\\/#website\"},\"primaryImageOfPage\":{\"@id\":\"https:\\\/\\\/vavin.tw\\\/product\\\/macon-solutre-jean-pierre-seve-2018\\\/#primaryimage\"},\"image\":{\"@id\":\"https:\\\/\\\/vavin.tw\\\/product\\\/macon-solutre-jean-pierre-seve-2018\\\/#primaryimage\"},\"thumbnailUrl\":\"https:\\\/\\\/vavin.tw\\\/wp-content\\\/uploads\\\/2023\\\/07\\\/macon-solutre-jean-pierre-seve.png\",\"datePublished\":\"2023-04-11T10:00:15+00:00\",\"dateModified\":\"2025-04-25T15:40:40+00:00\",\"breadcrumb\":{\"@id\":\"https:\\\/\\\/vavin.tw\\\/product\\\/macon-solutre-jean-pierre-seve-2018\\\/#breadcrumb\"},\"inLanguage\":\"pt-PT\",\"potentialAction\":[{\"@type\":\"ReadAction\",\"target\":[\"https:\\\/\\\/vavin.tw\\\/product\\\/macon-solutre-jean-pierre-seve-2018\\\/\"]}]},{\"@type\":\"ImageObject\",\"inLanguage\":\"pt-PT\",\"@id\":\"https:\\\/\\\/vavin.tw\\\/product\\\/macon-solutre-jean-pierre-seve-2018\\\/#primaryimage\",\"url\":\"https:\\\/\\\/vavin.tw\\\/wp-content\\\/uploads\\\/2023\\\/07\\\/macon-solutre-jean-pierre-seve.png\",\"contentUrl\":\"https:\\\/\\\/vavin.tw\\\/wp-content\\\/uploads\\\/2023\\\/07\\\/macon-solutre-jean-pierre-seve.png\",\"width\":400,\"height\":600},{\"@type\":\"BreadcrumbList\",\"@id\":\"https:\\\/\\\/vavin.tw\\\/product\\\/macon-solutre-jean-pierre-seve-2018\\\/#breadcrumb\",\"itemListElement\":[{\"@type\":\"ListItem\",\"position\":1,\"name\":\"Home\",\"item\":\"https:\\\/\\\/vavin.tw\\\/\"},{\"@type\":\"ListItem\",\"position\":2,\"name\":\"Products\",\"item\":\"https:\\\/\\\/vavin.tw\\\/shop\\\/\"},{\"@type\":\"ListItem\",\"position\":3,\"name\":\"M\u00e2con Solutr\u00e9 Jean-Pierre S\u00e8ve 2018\"}]},{\"@type\":\"WebSite\",\"@id\":\"https:\\\/\\\/vavin.tw\\\/#website\",\"url\":\"https:\\\/\\\/vavin.tw\\\/\",\"name\":\"Vavin \u9152\u76d2\u5b50\",\"description\":\"Savor the Art of Wine\",\"publisher\":{\"@id\":\"https:\\\/\\\/vavin.tw\\\/#organization\"},\"potentialAction\":[{\"@type\":\"SearchAction\",\"target\":{\"@type\":\"EntryPoint\",\"urlTemplate\":\"https:\\\/\\\/vavin.tw\\\/?s={search_term_string}\"},\"query-input\":{\"@type\":\"PropertyValueSpecification\",\"valueRequired\":true,\"valueName\":\"search_term_string\"}}],\"inLanguage\":\"pt-PT\"},{\"@type\":\"Organization\",\"@id\":\"https:\\\/\\\/vavin.tw\\\/#organization\",\"name\":\"Vavin \u9152\u76d2\u5b50\",\"url\":\"https:\\\/\\\/vavin.tw\\\/\",\"logo\":{\"@type\":\"ImageObject\",\"inLanguage\":\"pt-PT\",\"@id\":\"https:\\\/\\\/vavin.tw\\\/#\\\/schema\\\/logo\\\/image\\\/\",\"url\":\"https:\\\/\\\/vavin.tw\\\/wp-content\\\/uploads\\\/2023\\\/03\\\/cropped-favicon-violet-v1.png\",\"contentUrl\":\"https:\\\/\\\/vavin.tw\\\/wp-content\\\/uploads\\\/2023\\\/03\\\/cropped-favicon-violet-v1.png\",\"width\":512,\"height\":512,\"caption\":\"Vavin \u9152\u76d2\u5b50\"},\"image\":{\"@id\":\"https:\\\/\\\/vavin.tw\\\/#\\\/schema\\\/logo\\\/image\\\/\"},\"sameAs\":[\"https:\\\/\\\/www.facebook.com\\\/vavintw\",\"https:\\\/\\\/www.instagram.com\\\/vavin_tw\"]}]}<\/script>\n<!-- \/ Yoast SEO Premium plugin. -->","yoast_head_json":{"title":"M\u00e2con Solutr\u00e9 Jean-Pierre S\u00e8ve 2018 - A caixa de vinho Vavin","robots":{"index":"index","follow":"follow","max-snippet":"max-snippet:-1","max-image-preview":"max-image-preview:large","max-video-preview":"max-video-preview:-1"},"canonical":"https:\/\/vavin.tw\/pt\/product\/macon-solutre-jean-pierre-seve-2018\/","og_locale":"pt_PT","og_type":"article","og_title":"M\u00e2con Solutr\u00e9 Jean-Pierre S\u00e8ve 2018","og_description":"As this wine is very close to AOP Pouilly-Fuiss\u00e9 parcel (that recently upgraded to 1er Cru level) it has a similar soil composition (limestone-clay): it\u2019s less concentrated but it has a higher fruitiness and is very easy to enjoy. From the nose you can easily catch the aromas of lemon peel and grapefruit zest, tropical...","og_url":"https:\/\/vavin.tw\/pt\/product\/macon-solutre-jean-pierre-seve-2018\/","og_site_name":"Vavin \u9152\u76d2\u5b50","article_publisher":"https:\/\/www.facebook.com\/vavintw","article_modified_time":"2025-04-25T15:40:40+00:00","og_image":[{"width":400,"height":600,"url":"https:\/\/vavin.tw\/wp-content\/uploads\/2023\/07\/macon-solutre-jean-pierre-seve.png","type":"image\/png"}],"twitter_card":"summary_large_image","schema":{"@context":"https:\/\/schema.org","@graph":[{"@type":"WebPage","@id":"https:\/\/vavin.tw\/product\/macon-solutre-jean-pierre-seve-2018\/","url":"https:\/\/vavin.tw\/product\/macon-solutre-jean-pierre-seve-2018\/","name":"M\u00e2con Solutr\u00e9 Jean-Pierre S\u00e8ve 2018 - A caixa de vinho Vavin","isPartOf":{"@id":"https:\/\/vavin.tw\/#website"},"primaryImageOfPage":{"@id":"https:\/\/vavin.tw\/product\/macon-solutre-jean-pierre-seve-2018\/#primaryimage"},"image":{"@id":"https:\/\/vavin.tw\/product\/macon-solutre-jean-pierre-seve-2018\/#primaryimage"},"thumbnailUrl":"https:\/\/vavin.tw\/wp-content\/uploads\/2023\/07\/macon-solutre-jean-pierre-seve.png","datePublished":"2023-04-11T10:00:15+00:00","dateModified":"2025-04-25T15:40:40+00:00","breadcrumb":{"@id":"https:\/\/vavin.tw\/product\/macon-solutre-jean-pierre-seve-2018\/#breadcrumb"},"inLanguage":"pt-PT","potentialAction":[{"@type":"ReadAction","target":["https:\/\/vavin.tw\/product\/macon-solutre-jean-pierre-seve-2018\/"]}]},{"@type":"ImageObject","inLanguage":"pt-PT","@id":"https:\/\/vavin.tw\/product\/macon-solutre-jean-pierre-seve-2018\/#primaryimage","url":"https:\/\/vavin.tw\/wp-content\/uploads\/2023\/07\/macon-solutre-jean-pierre-seve.png","contentUrl":"https:\/\/vavin.tw\/wp-content\/uploads\/2023\/07\/macon-solutre-jean-pierre-seve.png","width":400,"height":600},{"@type":"BreadcrumbList","@id":"https:\/\/vavin.tw\/product\/macon-solutre-jean-pierre-seve-2018\/#breadcrumb","itemListElement":[{"@type":"ListItem","position":1,"name":"Home","item":"https:\/\/vavin.tw\/"},{"@type":"ListItem","position":2,"name":"Products","item":"https:\/\/vavin.tw\/shop\/"},{"@type":"ListItem","position":3,"name":"M\u00e2con Solutr\u00e9 Jean-Pierre S\u00e8ve 2018"}]},{"@type":"WebSite","@id":"https:\/\/vavin.tw\/#website","url":"https:\/\/vavin.tw\/","name":"Vavin","description":"Saboreie a arte do vinho","publisher":{"@id":"https:\/\/vavin.tw\/#organization"},"potentialAction":[{"@type":"SearchAction","target":{"@type":"EntryPoint","urlTemplate":"https:\/\/vavin.tw\/?s={search_term_string}"},"query-input":{"@type":"PropertyValueSpecification","valueRequired":true,"valueName":"search_term_string"}}],"inLanguage":"pt-PT"},{"@type":"Organization","@id":"https:\/\/vavin.tw\/#organization","name":"Vavin","url":"https:\/\/vavin.tw\/","logo":{"@type":"ImageObject","inLanguage":"pt-PT","@id":"https:\/\/vavin.tw\/#\/schema\/logo\/image\/","url":"https:\/\/vavin.tw\/wp-content\/uploads\/2023\/03\/cropped-favicon-violet-v1.png","contentUrl":"https:\/\/vavin.tw\/wp-content\/uploads\/2023\/03\/cropped-favicon-violet-v1.png","width":512,"height":512,"caption":"Vavin \u9152\u76d2\u5b50"},"image":{"@id":"https:\/\/vavin.tw\/#\/schema\/logo\/image\/"},"sameAs":["https:\/\/www.facebook.com\/vavintw","https:\/\/www.instagram.com\/vavin_tw"]}]}},"_links":{"self":[{"href":"https:\/\/vavin.tw\/pt\/wp-json\/wp\/v2\/product\/990710","targetHints":{"allow":["GET"]}}],"collection":[{"href":"https:\/\/vavin.tw\/pt\/wp-json\/wp\/v2\/product"}],"about":[{"href":"https:\/\/vavin.tw\/pt\/wp-json\/wp\/v2\/types\/product"}],"replies":[{"embeddable":true,"href":"https:\/\/vavin.tw\/pt\/wp-json\/wp\/v2\/comments?post=990710"}],"version-history":[{"count":0,"href":"https:\/\/vavin.tw\/pt\/wp-json\/wp\/v2\/product\/990710\/revisions"}],"wp:featuredmedia":[{"embeddable":true,"href":"https:\/\/vavin.tw\/pt\/wp-json\/wp\/v2\/media\/993277"}],"wp:attachment":[{"href":"https:\/\/vavin.tw\/pt\/wp-json\/wp\/v2\/media?parent=990710"}],"wp:term":[{"taxonomy":"product_brand","embeddable":true,"href":"https:\/\/vavin.tw\/pt\/wp-json\/wp\/v2\/product_brand?post=990710"},{"taxonomy":"product_cat","embeddable":true,"href":"https:\/\/vavin.tw\/pt\/wp-json\/wp\/v2\/product_cat?post=990710"},{"taxonomy":"product_tag","embeddable":true,"href":"https:\/\/vavin.tw\/pt\/wp-json\/wp\/v2\/product_tag?post=990710"}],"curies":[{"name":"wp","href":"https:\/\/api.w.org\/{rel}","templated":true}]}}