{"id":997837,"date":"2024-12-03T18:16:28","date_gmt":"2024-12-03T10:16:28","guid":{"rendered":"https:\/\/vavin.tw\/?post_type=product&#038;p=997837"},"modified":"2025-12-04T18:46:28","modified_gmt":"2025-12-04T10:46:28","slug":"paga-doc-les-creisses-2022","status":"publish","type":"product","link":"https:\/\/vavin.tw\/pt\/product\/pays-doc-les-creisses-2022\/","title":{"rendered":"Les Creisses 2022 IGP Pays d\u2019H\u00e9rault"},"content":{"rendered":"<div class=\"vgblk-rw-wrapper limit-wrapper\">\n<div class=\"wine-info\"><strong>Cor:<\/strong> Tinto<br \/>\n<strong>Teor alco\u00f3lico:<\/strong> 14.5% vol.<br \/>\n<strong>Casta:<\/strong> 30% Syrah, 30% Cabernet Sauvignon, 25% Grenache, 5% Carignan, 5% Mourv\u00e8dre, 5% Marselan<br \/>\n<strong>Tamanho da garrafa:<\/strong> 75 cl<\/div>\n<hr \/>\n<div class=\"wine-section\">\n<h3>Hist\u00f3ria da vin\u00edcola<\/h3>\n<p>Fundada em 1904 no cora\u00e7\u00e3o do Languedoc, a Domaine Les Creisses \u00e9 uma propriedade familiar hist\u00f3rica liderada por Philippe Chesnelong, com a experi\u00eancia de Louis Mitjavile. A herdade \u00e9 reconhecida pela elabora\u00e7\u00e3o de vinhos estruturados e generosos, moldados pelas influ\u00eancias mediterr\u00e2nicas e por um cuidado atento nas vinhas.<\/p>\n<hr \/>\n<\/div>\n<div class=\"wine-section\">\n<h3>Terroir<\/h3>\n<p>As vinhas est\u00e3o plantadas num mosaico de solos argilo-calc\u00e1rios pedregosos e vulc\u00e2nicos em Valros, perto de P\u00e9zenas. O clima mediterr\u00e2neo, com brisas mar\u00edtimas refrescantes e uma varia\u00e7\u00e3o significativa de temperatura entre o dia e a noite, melhora a matura\u00e7\u00e3o, mantendo o equil\u00edbrio e a frescura.<\/p>\n<hr \/>\n<\/div>\n<div class=\"wine-section\">\n<h3>Notas de degusta\u00e7\u00e3o<\/h3>\n<p>Cor rubi profunda. O nariz revela aromas intensos de amora, cereja preta, ervas de garrigue e especiarias subtis. Na boca, o vinho \u00e9 rico e encorpado, oferecendo taninos sedosos, fruta generosa e um final longo, elegante e harmonioso.<\/p>\n<p class=\"wine-highlight\">Um blend complexo e potente do Languedoc, que mostra tanto o calor mediterr\u00e2nico como um equil\u00edbrio refinado \u2014 uma cuv\u00e9e de assinatura da Domaine Les Creisses.<\/p>\n<hr \/>\n<\/div>\n<div class=\"wine-section\">\n<h3>Harmoniza\u00e7\u00e3o<\/h3>\n<p>Perfeito com carnes vermelhas grelhadas, tagine de borrego, confit de pato ou vegetais mediterr\u00e2nicos assados.<\/p>\n<\/div>\n<\/div>\n<p><!-- .vgblk-rw-wrapper --><\/p>","protected":false},"excerpt":{"rendered":"<article class=\"text-token-text-primary w-full focus:outline-none [--shadow-height:45px] has-data-writing-block:pointer-events-none has-data-writing-block:-mt-(--shadow-height) has-data-writing-block:pt-(--shadow-height) [&amp;:has([data-writing-block])&gt;*]:pointer-events-auto [content-visibility:auto] supports-[content-visibility:auto]:[contain-intrinsic-size:auto_100lvh] scroll-mt-[calc(var(--header-height)+min(200px,max(70px,20svh)))]\" dir=\"auto\" tabindex=\"-1\" data-turn-id=\"request-WEB:a55817d2-707d-4a59-94b0-d4377ea88d1f-0\" data-testid=\"conversation-turn-2\" data-scroll-anchor=\"true\" data-turn=\"assistant\">\n<div class=\"text-base my-auto mx-auto pb-10 [--thread-content-margin:--spacing(4)] thread-sm:[--thread-content-margin:--spacing(6)] thread-lg:[--thread-content-margin:--spacing(16)] px-(--thread-content-margin)\">\n<div class=\"[--thread-content-max-width:40rem] thread-lg:[--thread-content-max-width:48rem] mx-auto max-w-(--thread-content-max-width) flex-1 group\/turn-messages focus-visible:outline-hidden relative flex w-full min-w-0 flex-col agent-turn\" tabindex=\"-1\">\n<div class=\"flex max-w-full flex-col grow\">\n<div class=\"min-h-8 text-message relative flex w-full flex-col items-end gap-2 text-start break-words whitespace-normal [.text-message+&amp;]:mt-1\" dir=\"auto\" data-message-author-role=\"assistant\" data-message-id=\"de97fa1f-f763-4389-a4a9-8038b5b31a41\" data-message-model-slug=\"gpt-5-1\">\n<div class=\"flex w-full flex-col gap-1 empty:hidden first:pt-[1px]\">\n<div class=\"markdown prose dark:prose-invert w-full break-words dark markdown-new-styling\">\n<p data-start=\"0\" data-end=\"647\" data-is-last-node=\"\" data-is-only-node=\"\">Les Creisses 2022 IGP Pays d&#8217;H\u00e9rault is a powerful yet refined Languedoc blend crafted from stony clay-limestone and volcanic soils in Valros, where Mediterranean sunshine and cooling breezes shape its vibrant character. This cuv\u00e9e marries Syrah, Cabernet Sauvignon, Grenache, and old regional varieties to deliver deep blackberry and black-cherry aromas lifted by garrigue herbs and subtle spice. Rich and full-bodied on the palate, it offers silky tannins, generous fruit, and an elegant, lingering finish. Versatile at the table, it pairs beautifully with grilled red meats, lamb tagine, duck confit, and Mediterranean-style roasted vegetables.<\/p>\n<\/div>\n<\/div>\n<\/div>\n<\/div>\n<\/div>\n<\/div>\n<\/article>\n<div class=\"pointer-events-none h-px w-px\" aria-hidden=\"true\" data-edge=\"true\"><\/div>\n","protected":false},"featured_media":988359,"comment_status":"open","ping_status":"closed","template":"","meta":[],"product_brand":[],"product_cat":[138,63],"product_tag":[151,152,156,262,174,290,149],"class_list":{"0":"post-997837","1":"product","2":"type-product","3":"status-publish","4":"has-post-thumbnail","6":"product_cat-languedoc","7":"product_cat-red","8":"product_tag-cabernet-sauvignon","9":"product_tag-carignan","10":"product_tag-grenache","11":"product_tag-marselan","12":"product_tag-mourvedre","13":"product_tag-oak","14":"product_tag-syrah","16":"first","17":"instock","18":"shipping-taxable","19":"product-type-simple"},"yoast_head":"<!-- This site is optimized with the Yoast SEO Premium plugin v27.2 (Yoast SEO v27.3) - https:\/\/yoast.com\/product\/yoast-seo-premium-wordpress\/ -->\n<title>Les Creisses 2022 IGP Pays d&#039;H\u00e9rault - Vavin \u9152\u76d2\u5b50<\/title>\n<meta name=\"description\" content=\"Powerful and elegant red blend from Domaine Les Creisses 2022, featuring Syrah, Cabernet Sauvignon, Grenache, Carignan, Mourv\u00e8dre, and Marselan. Dark fruits, silky tannins, and Mediterranean spice \u2014 ideal with grilled meats or lamb.\" \/>\n<meta name=\"robots\" content=\"index, follow, max-snippet:-1, max-image-preview:large, max-video-preview:-1\" \/>\n<link rel=\"canonical\" href=\"https:\/\/vavin.tw\/pt\/product\/paga-doc-les-creisses-2022\/\" \/>\n<meta property=\"og:locale\" content=\"pt_PT\" \/>\n<meta property=\"og:type\" content=\"article\" \/>\n<meta property=\"og:title\" content=\"Les Creisses 2022 IGP Pays d&#039;H\u00e9rault\" \/>\n<meta property=\"og:description\" content=\"Powerful and elegant red blend from Domaine Les Creisses 2022, featuring Syrah, Cabernet Sauvignon, Grenache, Carignan, Mourv\u00e8dre, and Marselan. Dark fruits, silky tannins, and Mediterranean spice \u2014 ideal with grilled meats or lamb.\" \/>\n<meta property=\"og:url\" content=\"https:\/\/vavin.tw\/pt\/product\/paga-doc-les-creisses-2022\/\" \/>\n<meta property=\"og:site_name\" content=\"Vavin \u9152\u76d2\u5b50\" \/>\n<meta property=\"article:publisher\" content=\"https:\/\/www.facebook.com\/vavintw\" \/>\n<meta property=\"article:modified_time\" content=\"2025-12-04T10:46:28+00:00\" \/>\n<meta property=\"og:image\" content=\"https:\/\/vavin.tw\/wp-content\/uploads\/2023\/03\/Pays-dOc-Les-Creisses-2020-1.png\" \/>\n\t<meta property=\"og:image:width\" content=\"400\" \/>\n\t<meta property=\"og:image:height\" content=\"600\" \/>\n\t<meta property=\"og:image:type\" content=\"image\/png\" \/>\n<meta name=\"twitter:card\" content=\"summary_large_image\" \/>\n<meta name=\"twitter:label1\" content=\"Tempo estimado de leitura\" \/>\n\t<meta name=\"twitter:data1\" content=\"1 minuto\" \/>\n<script type=\"application\/ld+json\" class=\"yoast-schema-graph\">{\"@context\":\"https:\\\/\\\/schema.org\",\"@graph\":[{\"@type\":\"WebPage\",\"@id\":\"https:\\\/\\\/vavin.tw\\\/product\\\/pays-doc-les-creisses-2022\\\/\",\"url\":\"https:\\\/\\\/vavin.tw\\\/product\\\/pays-doc-les-creisses-2022\\\/\",\"name\":\"Les Creisses 2022 IGP Pays d'H\u00e9rault - Vavin \u9152\u76d2\u5b50\",\"isPartOf\":{\"@id\":\"https:\\\/\\\/vavin.tw\\\/#website\"},\"primaryImageOfPage\":{\"@id\":\"https:\\\/\\\/vavin.tw\\\/product\\\/pays-doc-les-creisses-2022\\\/#primaryimage\"},\"image\":{\"@id\":\"https:\\\/\\\/vavin.tw\\\/product\\\/pays-doc-les-creisses-2022\\\/#primaryimage\"},\"thumbnailUrl\":\"https:\\\/\\\/vavin.tw\\\/wp-content\\\/uploads\\\/2023\\\/03\\\/Pays-dOc-Les-Creisses-2020-1.png\",\"datePublished\":\"2024-12-03T10:16:28+00:00\",\"dateModified\":\"2025-12-04T10:46:28+00:00\",\"description\":\"Powerful and elegant red blend from Domaine Les Creisses 2022, featuring Syrah, Cabernet Sauvignon, Grenache, Carignan, Mourv\u00e8dre, and Marselan. Dark fruits, silky tannins, and Mediterranean spice \u2014 ideal with grilled meats or lamb.\",\"breadcrumb\":{\"@id\":\"https:\\\/\\\/vavin.tw\\\/product\\\/pays-doc-les-creisses-2022\\\/#breadcrumb\"},\"inLanguage\":\"pt-PT\",\"potentialAction\":[{\"@type\":\"ReadAction\",\"target\":[\"https:\\\/\\\/vavin.tw\\\/product\\\/pays-doc-les-creisses-2022\\\/\"]}]},{\"@type\":\"ImageObject\",\"inLanguage\":\"pt-PT\",\"@id\":\"https:\\\/\\\/vavin.tw\\\/product\\\/pays-doc-les-creisses-2022\\\/#primaryimage\",\"url\":\"https:\\\/\\\/vavin.tw\\\/wp-content\\\/uploads\\\/2023\\\/03\\\/Pays-dOc-Les-Creisses-2020-1.png\",\"contentUrl\":\"https:\\\/\\\/vavin.tw\\\/wp-content\\\/uploads\\\/2023\\\/03\\\/Pays-dOc-Les-Creisses-2020-1.png\",\"width\":400,\"height\":600},{\"@type\":\"BreadcrumbList\",\"@id\":\"https:\\\/\\\/vavin.tw\\\/product\\\/pays-doc-les-creisses-2022\\\/#breadcrumb\",\"itemListElement\":[{\"@type\":\"ListItem\",\"position\":1,\"name\":\"Home\",\"item\":\"https:\\\/\\\/vavin.tw\\\/\"},{\"@type\":\"ListItem\",\"position\":2,\"name\":\"Products\",\"item\":\"https:\\\/\\\/vavin.tw\\\/shop\\\/\"},{\"@type\":\"ListItem\",\"position\":3,\"name\":\"Les Creisses 2022 IGP Pays d&#8217;H\u00e9rault\"}]},{\"@type\":\"WebSite\",\"@id\":\"https:\\\/\\\/vavin.tw\\\/#website\",\"url\":\"https:\\\/\\\/vavin.tw\\\/\",\"name\":\"Vavin \u9152\u76d2\u5b50\",\"description\":\"Savor the Art of Wine\",\"publisher\":{\"@id\":\"https:\\\/\\\/vavin.tw\\\/#organization\"},\"potentialAction\":[{\"@type\":\"SearchAction\",\"target\":{\"@type\":\"EntryPoint\",\"urlTemplate\":\"https:\\\/\\\/vavin.tw\\\/?s={search_term_string}\"},\"query-input\":{\"@type\":\"PropertyValueSpecification\",\"valueRequired\":true,\"valueName\":\"search_term_string\"}}],\"inLanguage\":\"pt-PT\"},{\"@type\":\"Organization\",\"@id\":\"https:\\\/\\\/vavin.tw\\\/#organization\",\"name\":\"Vavin \u9152\u76d2\u5b50\",\"url\":\"https:\\\/\\\/vavin.tw\\\/\",\"logo\":{\"@type\":\"ImageObject\",\"inLanguage\":\"pt-PT\",\"@id\":\"https:\\\/\\\/vavin.tw\\\/#\\\/schema\\\/logo\\\/image\\\/\",\"url\":\"https:\\\/\\\/vavin.tw\\\/wp-content\\\/uploads\\\/2023\\\/03\\\/cropped-favicon-violet-v1.png\",\"contentUrl\":\"https:\\\/\\\/vavin.tw\\\/wp-content\\\/uploads\\\/2023\\\/03\\\/cropped-favicon-violet-v1.png\",\"width\":512,\"height\":512,\"caption\":\"Vavin \u9152\u76d2\u5b50\"},\"image\":{\"@id\":\"https:\\\/\\\/vavin.tw\\\/#\\\/schema\\\/logo\\\/image\\\/\"},\"sameAs\":[\"https:\\\/\\\/www.facebook.com\\\/vavintw\",\"https:\\\/\\\/www.instagram.com\\\/vavin_tw\"]}]}<\/script>\n<!-- \/ Yoast SEO Premium plugin. -->","yoast_head_json":{"title":"Les Creisses 2022 IGP Pays d'H\u00e9rault - Caixa de Vinho Vavin","description":"Vinho tinto potente e elegante da Domaine Les Creisses 2022, com Syrah, Cabernet Sauvignon, Grenache, Carignan, Mourv\u00e8dre e Marselan. Frutas escuras, taninos sedosos e especiarias mediterr\u00e2nicas \u2014 ideal com carnes grelhadas ou borrego.","robots":{"index":"index","follow":"follow","max-snippet":"max-snippet:-1","max-image-preview":"max-image-preview:large","max-video-preview":"max-video-preview:-1"},"canonical":"https:\/\/vavin.tw\/pt\/product\/paga-doc-les-creisses-2022\/","og_locale":"pt_PT","og_type":"article","og_title":"Les Creisses 2022 IGP Pays d'H\u00e9rault","og_description":"Powerful and elegant red blend from Domaine Les Creisses 2022, featuring Syrah, Cabernet Sauvignon, Grenache, Carignan, Mourv\u00e8dre, and Marselan. Dark fruits, silky tannins, and Mediterranean spice \u2014 ideal with grilled meats or lamb.","og_url":"https:\/\/vavin.tw\/pt\/product\/paga-doc-les-creisses-2022\/","og_site_name":"Vavin \u9152\u76d2\u5b50","article_publisher":"https:\/\/www.facebook.com\/vavintw","article_modified_time":"2025-12-04T10:46:28+00:00","og_image":[{"width":400,"height":600,"url":"https:\/\/vavin.tw\/wp-content\/uploads\/2023\/03\/Pays-dOc-Les-Creisses-2020-1.png","type":"image\/png"}],"twitter_card":"summary_large_image","twitter_misc":{"Tempo estimado de leitura":"1 minuto"},"schema":{"@context":"https:\/\/schema.org","@graph":[{"@type":"WebPage","@id":"https:\/\/vavin.tw\/product\/pays-doc-les-creisses-2022\/","url":"https:\/\/vavin.tw\/product\/pays-doc-les-creisses-2022\/","name":"Les Creisses 2022 IGP Pays d'H\u00e9rault - Caixa de Vinho Vavin","isPartOf":{"@id":"https:\/\/vavin.tw\/#website"},"primaryImageOfPage":{"@id":"https:\/\/vavin.tw\/product\/pays-doc-les-creisses-2022\/#primaryimage"},"image":{"@id":"https:\/\/vavin.tw\/product\/pays-doc-les-creisses-2022\/#primaryimage"},"thumbnailUrl":"https:\/\/vavin.tw\/wp-content\/uploads\/2023\/03\/Pays-dOc-Les-Creisses-2020-1.png","datePublished":"2024-12-03T10:16:28+00:00","dateModified":"2025-12-04T10:46:28+00:00","description":"Vinho tinto potente e elegante da Domaine Les Creisses 2022, com Syrah, Cabernet Sauvignon, Grenache, Carignan, Mourv\u00e8dre e Marselan. Frutas escuras, taninos sedosos e especiarias mediterr\u00e2nicas \u2014 ideal com carnes grelhadas ou borrego.","breadcrumb":{"@id":"https:\/\/vavin.tw\/product\/pays-doc-les-creisses-2022\/#breadcrumb"},"inLanguage":"pt-PT","potentialAction":[{"@type":"ReadAction","target":["https:\/\/vavin.tw\/product\/pays-doc-les-creisses-2022\/"]}]},{"@type":"ImageObject","inLanguage":"pt-PT","@id":"https:\/\/vavin.tw\/product\/pays-doc-les-creisses-2022\/#primaryimage","url":"https:\/\/vavin.tw\/wp-content\/uploads\/2023\/03\/Pays-dOc-Les-Creisses-2020-1.png","contentUrl":"https:\/\/vavin.tw\/wp-content\/uploads\/2023\/03\/Pays-dOc-Les-Creisses-2020-1.png","width":400,"height":600},{"@type":"BreadcrumbList","@id":"https:\/\/vavin.tw\/product\/pays-doc-les-creisses-2022\/#breadcrumb","itemListElement":[{"@type":"ListItem","position":1,"name":"Home","item":"https:\/\/vavin.tw\/"},{"@type":"ListItem","position":2,"name":"Products","item":"https:\/\/vavin.tw\/shop\/"},{"@type":"ListItem","position":3,"name":"Les Creisses 2022 IGP Pays d&#8217;H\u00e9rault"}]},{"@type":"WebSite","@id":"https:\/\/vavin.tw\/#website","url":"https:\/\/vavin.tw\/","name":"Vavin","description":"Saboreie a arte do vinho","publisher":{"@id":"https:\/\/vavin.tw\/#organization"},"potentialAction":[{"@type":"SearchAction","target":{"@type":"EntryPoint","urlTemplate":"https:\/\/vavin.tw\/?s={search_term_string}"},"query-input":{"@type":"PropertyValueSpecification","valueRequired":true,"valueName":"search_term_string"}}],"inLanguage":"pt-PT"},{"@type":"Organization","@id":"https:\/\/vavin.tw\/#organization","name":"Vavin","url":"https:\/\/vavin.tw\/","logo":{"@type":"ImageObject","inLanguage":"pt-PT","@id":"https:\/\/vavin.tw\/#\/schema\/logo\/image\/","url":"https:\/\/vavin.tw\/wp-content\/uploads\/2023\/03\/cropped-favicon-violet-v1.png","contentUrl":"https:\/\/vavin.tw\/wp-content\/uploads\/2023\/03\/cropped-favicon-violet-v1.png","width":512,"height":512,"caption":"Vavin \u9152\u76d2\u5b50"},"image":{"@id":"https:\/\/vavin.tw\/#\/schema\/logo\/image\/"},"sameAs":["https:\/\/www.facebook.com\/vavintw","https:\/\/www.instagram.com\/vavin_tw"]}]}},"_links":{"self":[{"href":"https:\/\/vavin.tw\/pt\/wp-json\/wp\/v2\/product\/997837","targetHints":{"allow":["GET"]}}],"collection":[{"href":"https:\/\/vavin.tw\/pt\/wp-json\/wp\/v2\/product"}],"about":[{"href":"https:\/\/vavin.tw\/pt\/wp-json\/wp\/v2\/types\/product"}],"replies":[{"embeddable":true,"href":"https:\/\/vavin.tw\/pt\/wp-json\/wp\/v2\/comments?post=997837"}],"version-history":[{"count":1,"href":"https:\/\/vavin.tw\/pt\/wp-json\/wp\/v2\/product\/997837\/revisions"}],"predecessor-version":[{"id":1006187,"href":"https:\/\/vavin.tw\/pt\/wp-json\/wp\/v2\/product\/997837\/revisions\/1006187"}],"wp:featuredmedia":[{"embeddable":true,"href":"https:\/\/vavin.tw\/pt\/wp-json\/wp\/v2\/media\/988359"}],"wp:attachment":[{"href":"https:\/\/vavin.tw\/pt\/wp-json\/wp\/v2\/media?parent=997837"}],"wp:term":[{"taxonomy":"product_brand","embeddable":true,"href":"https:\/\/vavin.tw\/pt\/wp-json\/wp\/v2\/product_brand?post=997837"},{"taxonomy":"product_cat","embeddable":true,"href":"https:\/\/vavin.tw\/pt\/wp-json\/wp\/v2\/product_cat?post=997837"},{"taxonomy":"product_tag","embeddable":true,"href":"https:\/\/vavin.tw\/pt\/wp-json\/wp\/v2\/product_tag?post=997837"}],"curies":[{"name":"wp","href":"https:\/\/api.w.org\/{rel}","templated":true}]}}